{"id":666,"date":"2019-07-08T06:38:28","date_gmt":"2019-07-08T04:38:28","guid":{"rendered":"http:\/\/www.oio.pl\/?page_id=666"},"modified":"2019-07-09T20:14:36","modified_gmt":"2019-07-09T18:14:36","slug":"vratky-a-reklamace","status":"publish","type":"page","link":"https:\/\/www.oio.pl\/cs\/zwroty-i-reklamacje\/","title":{"rendered":"N\u00e1vrat a reklamace"},"content":{"rendered":"<p><strong>1. Formul\u00e1\u0159 pro vr\u00e1cen\u00ed\/reklamaci<\/strong><\/p>\n\n\n\n<p>Vypl\u0148te formul\u00e1\u0159 pro vr\u00e1cen\u00ed\/reklamaci (vzor n\u00ed\u017ee) a p\u0159ilo\u017ete jej k z\u00e1silce. Doklad by m\u011bl obsahovat tyto \u00fadaje: jm\u00e9no a p\u0159\u00edjmen\u00ed, e-mailovou nebo koresponden\u010dn\u00ed adresu, telefonn\u00ed \u010d\u00edslo, uveden\u00ed \u010d\u00edsla v\u00fdrobku a d\u016fvodu reklamace, datum n\u00e1kupu a v\u00fdskyt vady.<\/p>\n\n\n\n<p><strong>2. Vr\u00e1cen\u00ed produktu<\/strong><\/p>\n\n\n\n<p>P\u0159i uplatn\u011bn\u00ed reklamace vra\u0165te v\u00fdrobek spolu s ve\u0161ker\u00fdm p\u0159\u00edslu\u0161enstv\u00edm a dokladem o koupi. V p\u0159\u00edpad\u011b pot\u0159eby vr\u00e1cen\u00ed pen\u011b\u017en\u00edch prost\u0159edk\u016f za transakci provedenou z\u00e1kazn\u00edkem platebn\u00ed kartou, vr\u00e1t\u00ed prod\u00e1vaj\u00edc\u00ed \u010d\u00e1stku na bankovn\u00ed \u00fa\u010det p\u0159i\u0159azen\u00fd k platebn\u00ed kart\u011b Objednatele.<\/p>\n\n\n\n<p><strong>3. Doprava<\/strong><\/p>\n\n\n\n<p>Reklamovan\u00fd produkt za\u0161lete na n\u00e1sleduj\u00edc\u00ed adresu:<br>PASLAND<br>Warszawska 93<br>05-092 \u0141omianki <\/p>\n\n\n\n<p><strong>4. Vr\u00e1cen\u00ed zbo\u017e\u00ed<\/strong><\/p>\n\n\n\n<p>V souladu s platnou legislativou m\u00e1te 14 dn\u00ed na vr\u00e1cen\u00ed zbo\u017e\u00ed. Chcete-li odstoupit od smlouvy a vr\u00e1tit produkt zakoupen\u00fd u n\u00e1s, vypl\u0148te pot\u0159ebn\u00e9 prohl\u00e1\u0161en\u00ed a za\u0161lete jej na na\u0161i adresu spolu s vr\u00e1cen\u00fdm produktem:<br>PASLAND<br>Warszawska 93<br>05-092 \u0141omianki  <\/p>\n\n\n\n<p>Do bal\u00ed\u010dku s prohl\u00e1\u0161en\u00edm a vr\u00e1cen\u00fdm produktem (v\u00fdrobky) p\u0159ilo\u017ete tak\u00e9 ve\u0161ker\u00e9 p\u0159\u00edslu\u0161enstv\u00ed, kter\u00e9 jste obdr\u017eeli s prohl\u00e1\u0161en\u00edm a vr\u00e1cen\u00fdm produktem(y) a dokument potvrzuj\u00edc\u00ed n\u00e1kup.<\/p>\n\n\n\n<p><strong>KOMENT\u00c1\u0158E:<\/strong><\/p>\n\n\n\n<p>Spot\u0159ebitel nen\u00ed opr\u00e1vn\u011bn odstoupit od smlouvy bez ud\u00e1n\u00ed d\u016fvodu, pokud kupuj\u00edc\u00ed otev\u0159el uzav\u0159en\u00fd obal zvukov\u00e9ho, obrazov\u00e9ho nebo po\u010d\u00edta\u010dov\u00e9ho programu (<a rel=\"noreferrer noopener\" href=\"https:\/\/pomoc.allegro.pl\/info\/nagrania_dzwiekowe_lub_wizualne\" target=\"_blank\">ustanoven\u00ed ze z\u00e1kona<\/a>).Dodate\u010dn\u00e9 informace<\/p>\n\n\n\n<p>Informace o pr\u00e1vu na odstoupen\u00ed od kupn\u00ed smlouvy dle \u010dl. 27 z\u00e1kona ze dne 30. kv\u011btna 2014 o pr\u00e1vech spot\u0159ebitele (sb\u00edrka z\u00e1kon\u016f z roku 2014, pol. 827), m\u016f\u017ee spot\u0159ebitel, kter\u00fd uzav\u0159el smlouvu na d\u00e1lku, od n\u00ed odstoupit p\u00edsemn\u011b bez ud\u00e1n\u00ed d\u016fvodu a bez vynalo\u017een\u00ed jak\u00fdchkoli n\u00e1klad\u016f, s v\u00fdjimkou n\u00e1klad\u016f uveden\u00e9 v \u010dl. 33, \u010dl. 34 sekce 2 a um\u011bn\u00ed. 35. Od smlouvy je mo\u017en\u00e9 odstoupit do 14 dn\u016f ode dne dod\u00e1n\u00ed zbo\u017e\u00ed. Prohl\u00e1\u0161en\u00ed o odstoupen\u00ed od smlouvy za\u0161lete po\u0161tou na adresu s\u00eddla PASLAND ul. Warszawska 93, 05-092 \u0141omianki nebo elektronicky na e-mailovou adresu: pasland@pasland.pl. Lh\u016fta 14 dn\u016f se po\u010d\u00edt\u00e1 ode dne dod\u00e1n\u00ed zbo\u017e\u00ed, \u010d\u00edm\u017e se rozum\u00ed p\u0159evzet\u00ed zbo\u017e\u00ed spot\u0159ebitelem nebo t\u0159et\u00ed stranou jinou ne\u017e dopravcem, kterou spot\u0159ebitel uvedl. Zbo\u017e\u00ed mus\u00ed b\u00fdt vr\u00e1ceno neprodlen\u011b po pod\u00e1n\u00ed prohl\u00e1\u0161en\u00ed o odstoupen\u00ed od smlouvy, nejpozd\u011bji do 14 dn\u016f, v nezm\u011bn\u011bn\u00e9m stavu. V p\u0159\u00edpad\u011b odstoupen\u00ed od kupn\u00ed smlouvy na zbo\u017e\u00ed zakoupen\u00e9 v sad\u011b s jin\u00fdm v\u00fdrobkem bude vr\u00e1cena cel\u00e1 sada. Spot\u0159ebitel odpov\u00edd\u00e1 za sn\u00ed\u017een\u00ed hodnoty v\u011bci v d\u016fsledku jej\u00edho pou\u017eit\u00ed zp\u016fsobem, kter\u00fd jde nad r\u00e1mec toho, co je nezbytn\u00e9 ke zji\u0161t\u011bn\u00ed povahy, vlastnost\u00ed a fungov\u00e1n\u00ed v\u011bci. N\u00e1klady na p\u0159\u00edm\u00e9 odesl\u00e1n\u00ed (vr\u00e1cen\u00ed) zbo\u017e\u00ed Prod\u00e1vaj\u00edc\u00edmu v souvislosti s odstoupen\u00edm od smlouvy bez ud\u00e1n\u00ed d\u016fvodu do 14 dn\u016f ode dne doru\u010den\u00ed zbo\u017e\u00ed nese spot\u0159ebitel. Pokud spot\u0159ebitel zvolil jin\u00fd ne\u017e nejlevn\u011bj\u0161\u00ed zp\u016fsob standardn\u00edho dod\u00e1n\u00ed nab\u00edzen\u00fd podnikatelem, nen\u00ed podnikatel povinen vr\u00e1tit spot\u0159ebiteli dodate\u010dn\u00e9 n\u00e1klady, kter\u00e9 t\u00edm vznikly. Spot\u0159ebitel nen\u00ed opr\u00e1vn\u011bn odstoupit od smlouvy uzav\u0159en\u00e9 mimo obchodn\u00ed prostory nebo na d\u00e1lku v souvislosti se smlouvami:&nbsp;<\/p>\n\n\n\n<ol class=\"wp-block-list\"><li>na poskytov\u00e1n\u00ed slu\u017eeb, pokud Prod\u00e1vaj\u00edc\u00ed pln\u011b provedl slu\u017ebu s v\u00fdslovn\u00fdm souhlasem spot\u0159ebitele, kter\u00fd byl p\u0159ed zah\u00e1jen\u00edm poskytov\u00e1n\u00ed slu\u017eby informov\u00e1n, \u017ee pot\u00e9, co Prod\u00e1vaj\u00edc\u00ed slu\u017ebu spln\u00ed, ztrat\u00ed pr\u00e1vo na odstoupen\u00ed od smlouvy. ;&nbsp;<\/li><li>ve kter\u00e9m je p\u0159edm\u011btem slu\u017eby nep\u0159efabrikovan\u00e1 v\u011bc vyroben\u00e1 podle specifikac\u00ed spot\u0159ebitele nebo slou\u017e\u00edc\u00ed k uspokojen\u00ed jeho individu\u00e1ln\u00edch pot\u0159eb;&nbsp;<\/li><li>ve kter\u00e9m jsou p\u0159edm\u011btem slu\u017eby zvukov\u00e9 nebo obrazov\u00e9 z\u00e1znamy nebo po\u010d\u00edta\u010dov\u00e9 programy dod\u00e1van\u00e9 v uzav\u0159en\u00e9m obalu, pokud byl bal\u00ed\u010dek po doru\u010den\u00ed otev\u0159en;&nbsp;<\/li><li>na dod\u00e1vku digit\u00e1ln\u00edho obsahu, kter\u00fd nen\u00ed zaznamen\u00e1n na hmotn\u00e9m nosi\u010di, pokud poskytov\u00e1n\u00ed slu\u017eby za\u010dalo s v\u00fdslovn\u00fdm souhlasem spot\u0159ebitele p\u0159ed uplynut\u00edm lh\u016fty pro odstoupen\u00ed od smlouvy a pot\u00e9, co jej podnikatel informoval o ztr\u00e1t\u011b pr\u00e1va na odstoupen\u00ed od smlouvy. smlouva.&nbsp;<\/li><li>ve kter\u00e9m jsou p\u0159edm\u011btem slu\u017eby zvukov\u00e9 nebo obrazov\u00e9 z\u00e1znamy nebo po\u010d\u00edta\u010dov\u00e9 programy dod\u00e1van\u00e9 v uzav\u0159en\u00e9m obalu, pokud byl bal\u00ed\u010dek po doru\u010den\u00ed otev\u0159en.<\/li><\/ol>\n\n\n\n<p>V p\u0159\u00edpad\u011b odstoupen\u00ed od smlouvy vypl\u0148te pros\u00edm formul\u00e1\u0159 pro vr\u00e1cen\u00ed:&nbsp;<\/p>\n\n\n\n<p>Adres\u00e1t:&nbsp;<\/p>\n\n\n\n<p>PASLAND Stanis\u0142aw Paszcza&nbsp;<\/p>\n\n\n\n<p>ulice Warszawska 93 05-092 \u0141omianki&nbsp;<\/p>\n\n\n\n<p>J\u00e1, n\u00ed\u017ee podepsan\u00fd \u2026\u2026\u2026\u2026\u2026\u2026\u2026\u2026\u2026\u2026\u2026\u2026\u2026.. t\u00edmto informujem o sv\u00e9m odstoupen\u00ed od kupn\u00ed smlouvy na n\u00e1sleduj\u00edc\u00ed polo\u017eky: \u2026\u2026\u2026\u2026\u2026\u2026\u2026\u2026\u2026\u2026\u2026\u2026\u2026\u2026\u2026 v\u00fd\u0161e- uveden\u00e9 zbo\u017e\u00ed bylo zakoupeno v datu: \u2026\u2026\u2026\u2026\u2026\u2026\u2026\u2026\u2026\u2026\u2026\u2026.. Jm\u00e9no a p\u0159\u00edjmen\u00ed: \u2026\u2026\u2026\u2026\u2026\u2026\u2026\u2026\u2026\u2026\u2026\u2026\u2026\u2026\u2026\u2026. Adresa: \u2026\u2026\u2026\u2026\u2026\u2026\u2026\u2026\u2026\u2026\u2026\u2026\u2026\u2026\u2026\u2026\u2026\u2026. \u010c\u00edslo \u00fa\u010dtu pro vr\u00e1cen\u00ed pen\u011bz: \u2026\u2026\u2026\u2026\u2026\u2026\u2026\u2026\u2026\u2026\u2026\u2026\u2026\u2026\u2026\u2026\u2026\u2026.. Datum a podpis \u2026\u2026\u2026\u2026\u2026\u2026\u2026\u2026\u2026\u2026\u2026\u2026\u2026\u2026\u2026\u2026\u2026\u2026\u2026\u2026\u2026\u2026 .\u00a0<\/p>\n\n\n\n<p><strong>D\u016eLE\u017dIT\u00c9<\/strong>:<\/p>\n\n\n\n<ul class=\"wp-block-list\"><li>Vr\u00e1cen\u00ed na dob\u00edrku nep\u0159ij\u00edm\u00e1me.\u00a0<\/li><li>Vr\u00e1cen\u00ed p\u0159ij\u00edm\u00e1me pouze s dokladem o koupi (\u00fa\u010dtenka, faktura) nebo dokladem o zaplacen\u00ed.<\/li><\/ul>\n\n\n\n<p><\/p>","protected":false},"excerpt":{"rendered":"<p>1. Formularz zwrotu\/reklamacji Wype\u0142nij formularz zwrotu\/reklamacji (przyk\u0142adowy wz\u00f3r poni\u017cej) i do\u0142\u0105cz go do przesy\u0142ki. Dokument powinien zawiera\u0107 nast\u0119puj\u0105ce dane: imi\u0119 i nazwisko, adres e-mail lub adres do korespondencji, nr telefonu, wskazanie numeru produktu i przyczyna reklamacji, data zakupu oraz wyst\u0105pienia wady. 2. Odes\u0142anie produktu Sk\u0142adaj\u0105c reklamacj\u0119 prosimy o odes\u0142anie produktu wraz ze wszystkimi jego akcesoriami [&hellip;]<\/p>\n","protected":false},"author":1,"featured_media":0,"parent":0,"menu_order":0,"comment_status":"closed","ping_status":"closed","template":"","meta":{"footnotes":""},"class_list":["post-666","page","type-page","status-publish","czr-hentry"],"yoast_head":"<!-- This site is optimized with the Yoast SEO plugin v27.4 - https:\/\/yoast.com\/product\/yoast-seo-wordpress\/ -->\n<title>Zwrot i reklamacja - Mini PC, Komputery, Laptopy, Translatory<\/title>\n<meta name=\"robots\" content=\"index, follow, max-snippet:-1, max-image-preview:large, max-video-preview:-1\" \/>\n<link rel=\"canonical\" href=\"https:\/\/www.oio.pl\/cs\/vratky-a-reklamace\/\" \/>\n<meta property=\"og:locale\" content=\"cs_CZ\" \/>\n<meta property=\"og:type\" content=\"article\" \/>\n<meta property=\"og:title\" content=\"Zwrot i reklamacja - Mini PC, Komputery, Laptopy, Translatory\" \/>\n<meta property=\"og:description\" content=\"1. Formularz zwrotu\/reklamacji Wype\u0142nij formularz zwrotu\/reklamacji (przyk\u0142adowy wz\u00f3r poni\u017cej) i do\u0142\u0105cz go do przesy\u0142ki. Dokument powinien zawiera\u0107 nast\u0119puj\u0105ce dane: imi\u0119 i nazwisko, adres e-mail lub adres do korespondencji, nr telefonu, wskazanie numeru produktu i przyczyna reklamacji, data zakupu oraz wyst\u0105pienia wady. 2. Odes\u0142anie produktu Sk\u0142adaj\u0105c reklamacj\u0119 prosimy o odes\u0142anie produktu wraz ze wszystkimi jego akcesoriami [&hellip;]\" \/>\n<meta property=\"og:url\" content=\"https:\/\/www.oio.pl\/cs\/vratky-a-reklamace\/\" \/>\n<meta property=\"og:site_name\" content=\"Mini PC, Komputery, Laptopy, Translatory\" \/>\n<meta property=\"article:publisher\" content=\"https:\/\/www.facebook.com\/oiopl\" \/>\n<meta property=\"article:modified_time\" content=\"2019-07-09T18:14:36+00:00\" \/>\n<meta name=\"twitter:card\" content=\"summary_large_image\" \/>\n<meta name=\"twitter:label1\" content=\"Odhadovan\u00e1 doba \u010dten\u00ed\" \/>\n\t<meta name=\"twitter:data1\" content=\"4 minuty\" \/>\n<script type=\"application\/ld+json\" class=\"yoast-schema-graph\">{\"@context\":\"https:\\\/\\\/schema.org\",\"@graph\":[{\"@type\":\"WebPage\",\"@id\":\"https:\\\/\\\/www.oio.pl\\\/zwroty-i-reklamacje\\\/\",\"url\":\"https:\\\/\\\/www.oio.pl\\\/zwroty-i-reklamacje\\\/\",\"name\":\"Zwrot i reklamacja - Mini PC, Komputery, Laptopy, Translatory\",\"isPartOf\":{\"@id\":\"https:\\\/\\\/www.oio.pl\\\/#website\"},\"datePublished\":\"2019-07-08T04:38:28+00:00\",\"dateModified\":\"2019-07-09T18:14:36+00:00\",\"breadcrumb\":{\"@id\":\"https:\\\/\\\/www.oio.pl\\\/zwroty-i-reklamacje\\\/#breadcrumb\"},\"inLanguage\":\"cs\",\"potentialAction\":[{\"@type\":\"ReadAction\",\"target\":[\"https:\\\/\\\/www.oio.pl\\\/zwroty-i-reklamacje\\\/\"]}]},{\"@type\":\"BreadcrumbList\",\"@id\":\"https:\\\/\\\/www.oio.pl\\\/zwroty-i-reklamacje\\\/#breadcrumb\",\"itemListElement\":[{\"@type\":\"ListItem\",\"position\":1,\"name\":\"Strona g\u0142\u00f3wna\",\"item\":\"https:\\\/\\\/www.oio.pl\\\/\"},{\"@type\":\"ListItem\",\"position\":2,\"name\":\"Zwrot i reklamacja\"}]},{\"@type\":\"WebSite\",\"@id\":\"https:\\\/\\\/www.oio.pl\\\/#website\",\"url\":\"https:\\\/\\\/www.oio.pl\\\/\",\"name\":\"OIO.pl \u2013 Tablety przemys\u0142owe, sprz\u0119t IT dla przemys\u0142u i logistyki\",\"description\":\"tablety przemys\u0142owe, rugged tablet, komputer przemys\u0142owy, tablet wytrzyma\u0142y, sprz\u0119t dla przemys\u0142u, tablet z Windows, tablet IP67, laptop dla magazynu, elektronika przemys\u0142owa, komputery przemys\u0142owe, oio.pl, sprz\u0119t dla logistyki, tablet do pracy w terenie, monitor dotykowy przemys\u0142owy\",\"publisher\":{\"@id\":\"https:\\\/\\\/www.oio.pl\\\/#organization\"},\"alternateName\":\"Sklep internetowy dla przemys\u0142u\",\"potentialAction\":[{\"@type\":\"SearchAction\",\"target\":{\"@type\":\"EntryPoint\",\"urlTemplate\":\"https:\\\/\\\/www.oio.pl\\\/?s={search_term_string}\"},\"query-input\":{\"@type\":\"PropertyValueSpecification\",\"valueRequired\":true,\"valueName\":\"search_term_string\"}}],\"inLanguage\":\"cs\"},{\"@type\":\"Organization\",\"@id\":\"https:\\\/\\\/www.oio.pl\\\/#organization\",\"name\":\"OIO\",\"alternateName\":\"Sprz\u0119t komputerowy\",\"url\":\"https:\\\/\\\/www.oio.pl\\\/\",\"logo\":{\"@type\":\"ImageObject\",\"inLanguage\":\"cs\",\"@id\":\"https:\\\/\\\/www.oio.pl\\\/#\\\/schema\\\/logo\\\/image\\\/\",\"url\":\"https:\\\/\\\/www.oio.pl\\\/wp-content\\\/uploads\\\/2023\\\/11\\\/cropped-cropped-oio_120x120.jpg\",\"contentUrl\":\"https:\\\/\\\/www.oio.pl\\\/wp-content\\\/uploads\\\/2023\\\/11\\\/cropped-cropped-oio_120x120.jpg\",\"width\":120,\"height\":48,\"caption\":\"OIO\"},\"image\":{\"@id\":\"https:\\\/\\\/www.oio.pl\\\/#\\\/schema\\\/logo\\\/image\\\/\"},\"sameAs\":[\"https:\\\/\\\/www.facebook.com\\\/oiopl\"]}]}<\/script>\n<!-- \/ Yoast SEO plugin. -->","yoast_head_json":{"title":"Vr\u00e1cen\u00ed zbo\u017e\u00ed a reklamace - Mini PC, Po\u010d\u00edta\u010de, Notebooky, P\u0159eklada\u010de","robots":{"index":"index","follow":"follow","max-snippet":"max-snippet:-1","max-image-preview":"max-image-preview:large","max-video-preview":"max-video-preview:-1"},"canonical":"https:\/\/www.oio.pl\/cs\/vratky-a-reklamace\/","og_locale":"cs_CZ","og_type":"article","og_title":"Zwrot i reklamacja - Mini PC, Komputery, Laptopy, Translatory","og_description":"1. Formularz zwrotu\/reklamacji Wype\u0142nij formularz zwrotu\/reklamacji (przyk\u0142adowy wz\u00f3r poni\u017cej) i do\u0142\u0105cz go do przesy\u0142ki. Dokument powinien zawiera\u0107 nast\u0119puj\u0105ce dane: imi\u0119 i nazwisko, adres e-mail lub adres do korespondencji, nr telefonu, wskazanie numeru produktu i przyczyna reklamacji, data zakupu oraz wyst\u0105pienia wady. 2. Odes\u0142anie produktu Sk\u0142adaj\u0105c reklamacj\u0119 prosimy o odes\u0142anie produktu wraz ze wszystkimi jego akcesoriami [&hellip;]","og_url":"https:\/\/www.oio.pl\/cs\/vratky-a-reklamace\/","og_site_name":"Mini PC, Komputery, Laptopy, Translatory","article_publisher":"https:\/\/www.facebook.com\/oiopl","article_modified_time":"2019-07-09T18:14:36+00:00","twitter_card":"summary_large_image","twitter_misc":{"Odhadovan\u00e1 doba \u010dten\u00ed":"4 minuty"},"schema":{"@context":"https:\/\/schema.org","@graph":[{"@type":"WebPage","@id":"https:\/\/www.oio.pl\/zwroty-i-reklamacje\/","url":"https:\/\/www.oio.pl\/zwroty-i-reklamacje\/","name":"Vr\u00e1cen\u00ed zbo\u017e\u00ed a reklamace - Mini PC, Po\u010d\u00edta\u010de, Notebooky, P\u0159eklada\u010de","isPartOf":{"@id":"https:\/\/www.oio.pl\/#website"},"datePublished":"2019-07-08T04:38:28+00:00","dateModified":"2019-07-09T18:14:36+00:00","breadcrumb":{"@id":"https:\/\/www.oio.pl\/zwroty-i-reklamacje\/#breadcrumb"},"inLanguage":"cs","potentialAction":[{"@type":"ReadAction","target":["https:\/\/www.oio.pl\/zwroty-i-reklamacje\/"]}]},{"@type":"BreadcrumbList","@id":"https:\/\/www.oio.pl\/zwroty-i-reklamacje\/#breadcrumb","itemListElement":[{"@type":"ListItem","position":1,"name":"Strona g\u0142\u00f3wna","item":"https:\/\/www.oio.pl\/"},{"@type":"ListItem","position":2,"name":"Zwrot i reklamacja"}]},{"@type":"WebSite","@id":"https:\/\/www.oio.pl\/#website","url":"https:\/\/www.oio.pl\/","name":"OIO.pl \u2013 Pr\u016fmyslov\u00e9 tablety, IT vybaven\u00ed pro pr\u016fmysl a logistiku","description":"pr\u016fmyslov\u00e9 tablety, robustn\u00ed tablet, pr\u016fmyslov\u00fd po\u010d\u00edta\u010d, odoln\u00fd tablet, vybaven\u00ed pro pr\u016fmysl, tablet s Windows, tablet s IP67, skladov\u00fd notebook, pr\u016fmyslov\u00e1 elektronika, pr\u016fmyslov\u00e9 po\u010d\u00edta\u010de, oio.pl, logistick\u00e9 vybaven\u00ed, tablet pro pr\u00e1ci v ter\u00e9nu, pr\u016fmyslov\u00fd dotykov\u00fd monitor","publisher":{"@id":"https:\/\/www.oio.pl\/#organization"},"alternateName":"Sklep internetowy dla przemys\u0142u","potentialAction":[{"@type":"SearchAction","target":{"@type":"EntryPoint","urlTemplate":"https:\/\/www.oio.pl\/?s={search_term_string}"},"query-input":{"@type":"PropertyValueSpecification","valueRequired":true,"valueName":"search_term_string"}}],"inLanguage":"cs"},{"@type":"Organization","@id":"https:\/\/www.oio.pl\/#organization","name":"OIO","alternateName":"Sprz\u0119t komputerowy","url":"https:\/\/www.oio.pl\/","logo":{"@type":"ImageObject","inLanguage":"cs","@id":"https:\/\/www.oio.pl\/#\/schema\/logo\/image\/","url":"https:\/\/www.oio.pl\/wp-content\/uploads\/2023\/11\/cropped-cropped-oio_120x120.jpg","contentUrl":"https:\/\/www.oio.pl\/wp-content\/uploads\/2023\/11\/cropped-cropped-oio_120x120.jpg","width":120,"height":48,"caption":"OIO"},"image":{"@id":"https:\/\/www.oio.pl\/#\/schema\/logo\/image\/"},"sameAs":["https:\/\/www.facebook.com\/oiopl"]}]}},"_links":{"self":[{"href":"https:\/\/www.oio.pl\/cs\/wp-json\/wp\/v2\/pages\/666","targetHints":{"allow":["GET"]}}],"collection":[{"href":"https:\/\/www.oio.pl\/cs\/wp-json\/wp\/v2\/pages"}],"about":[{"href":"https:\/\/www.oio.pl\/cs\/wp-json\/wp\/v2\/types\/page"}],"author":[{"embeddable":true,"href":"https:\/\/www.oio.pl\/cs\/wp-json\/wp\/v2\/users\/1"}],"replies":[{"embeddable":true,"href":"https:\/\/www.oio.pl\/cs\/wp-json\/wp\/v2\/comments?post=666"}],"version-history":[{"count":3,"href":"https:\/\/www.oio.pl\/cs\/wp-json\/wp\/v2\/pages\/666\/revisions"}],"predecessor-version":[{"id":695,"href":"https:\/\/www.oio.pl\/cs\/wp-json\/wp\/v2\/pages\/666\/revisions\/695"}],"wp:attachment":[{"href":"https:\/\/www.oio.pl\/cs\/wp-json\/wp\/v2\/media?parent=666"}],"curies":[{"name":"wp","href":"https:\/\/api.w.org\/{rel}","templated":true}]}}