{"id":668,"date":"2019-07-08T06:40:57","date_gmt":"2019-07-08T04:40:57","guid":{"rendered":"http:\/\/www.oio.pl\/?page_id=668"},"modified":"2021-11-12T15:03:25","modified_gmt":"2021-11-12T14:03:25","slug":"dodaci-lhuta-a-naklady","status":"publish","type":"page","link":"https:\/\/www.oio.pl\/cs\/czas-i-koszty-dostawy\/","title":{"rendered":"Dodac\u00ed lh\u016fta a cena"},"content":{"rendered":"<p><strong>P\u0158IBLI\u017dN\u00c1 DOBA DOD\u00c1N\u00cd:<\/strong><\/p>\n\n\n\n<ul class=\"wp-block-list\"><li>schr\u00e1nka na bal\u00edky \u2013 2..3 dny,<\/li><li>kur\u00fdr DPD \u2013 1..2 pracovn\u00edch dn\u016f,<\/li><li>bal\u00edk 48 \u2013 2 pracovn\u00ed dny,<\/li><li>po\u0161tovn\u00ed bal\u00edk \u2013 1,5 pracovn\u00edho dne,<\/li><\/ul>\n\n\n\n<p><strong>\u010cAS DOKON\u010cEN\u00cd OBJEDN\u00c1VKY:<\/strong><\/p>\n\n\n\n<ul class=\"wp-block-list\"><li>v p\u0159\u00edpad\u011b platby p\u0159edem na \u00fa\u010det \u2013 24 hodin v pracovn\u00ed dny od okam\u017eiku obdr\u017een\u00ed potvrzen\u00ed\/platby,<\/li><li>na dob\u00edrku \u2013 do 48 hodin v pracovn\u00ed dny od okam\u017eiku uzav\u0159en\u00ed smlouvy,<\/li><li>osobn\u00ed odb\u011br \u2013 ihned \u2013 po p\u0159edchoz\u00edm kontaktu.<\/li><\/ul>\n\n\n\n<p><strong>CENA DORU\u010cEN\u00cd:<\/strong><\/p>\n\n\n\n<ul class=\"wp-block-list\"><li>schr\u00e1nka na bal\u00edky \u2013 13 PLN,<\/li><li>Kur\u00fdr DPD \u2013 17 PLN,<\/li><li>bal\u00ed\u010dek 48 \u2013 16 PLN,<\/li><li>po\u0161tovn\u00ed bal\u00edk \u2013 18 PLN.<\/li><\/ul>\n\n\n\n<p>Sna\u017e\u00edme se, aby z\u00e1silky byly dob\u0159e zabaleny a odesl\u00e1ny co nejd\u0159\u00edve.<br>Neneseme odpov\u011bdnost za v\u010dasnost p\u0159epravc\u016f.<\/p>\n\n\n\n<p><\/p>","protected":false},"excerpt":{"rendered":"<p>ORIENTACYJNY CZAS DOSTAWY: paczkomat &#8211; 2..3 dni, kurier DPD &#8211; 1..2 dni robocze, paczka 48 &#8211; 2 dni robocze, paczka pocztowa &#8211; 1..5 dni roboczych, CZAS REALIZACJI ZAM\u00d3WIENIA: przy przedp\u0142acie na konto &#8211; 24 h w dni robocze od momentu otrzymania potwierdzenia\/p\u0142atno\u015bci, wysy\u0142ka za pobraniem &#8211; do 48 h w dni robocze od momentu zawarcia [&hellip;]<\/p>\n","protected":false},"author":1,"featured_media":0,"parent":0,"menu_order":0,"comment_status":"closed","ping_status":"closed","template":"","meta":{"footnotes":""},"class_list":["post-668","page","type-page","status-publish","czr-hentry"],"yoast_head":"<!-- This site is optimized with the Yoast SEO plugin v27.4 - https:\/\/yoast.com\/product\/yoast-seo-wordpress\/ -->\n<title>Czas i koszt dostawy - Mini PC, Komputery, Laptopy, Translatory<\/title>\n<meta name=\"robots\" content=\"index, follow, max-snippet:-1, max-image-preview:large, max-video-preview:-1\" \/>\n<link rel=\"canonical\" href=\"https:\/\/www.oio.pl\/cs\/dodaci-lhuta-a-naklady\/\" \/>\n<meta property=\"og:locale\" content=\"cs_CZ\" \/>\n<meta property=\"og:type\" content=\"article\" \/>\n<meta property=\"og:title\" content=\"Czas i koszt dostawy - Mini PC, Komputery, Laptopy, Translatory\" \/>\n<meta property=\"og:description\" content=\"ORIENTACYJNY CZAS DOSTAWY: paczkomat &#8211; 2..3 dni, kurier DPD &#8211; 1..2 dni robocze, paczka 48 &#8211; 2 dni robocze, paczka pocztowa &#8211; 1..5 dni roboczych, CZAS REALIZACJI ZAM\u00d3WIENIA: przy przedp\u0142acie na konto &#8211; 24 h w dni robocze od momentu otrzymania potwierdzenia\/p\u0142atno\u015bci, wysy\u0142ka za pobraniem &#8211; do 48 h w dni robocze od momentu zawarcia [&hellip;]\" \/>\n<meta property=\"og:url\" content=\"https:\/\/www.oio.pl\/cs\/dodaci-lhuta-a-naklady\/\" \/>\n<meta property=\"og:site_name\" content=\"Mini PC, Komputery, Laptopy, Translatory\" \/>\n<meta property=\"article:publisher\" content=\"https:\/\/www.facebook.com\/oiopl\" \/>\n<meta property=\"article:modified_time\" content=\"2021-11-12T14:03:25+00:00\" \/>\n<meta name=\"twitter:card\" content=\"summary_large_image\" \/>\n<meta name=\"twitter:label1\" content=\"Odhadovan\u00e1 doba \u010dten\u00ed\" \/>\n\t<meta name=\"twitter:data1\" content=\"1 minuta\" \/>\n<script type=\"application\/ld+json\" class=\"yoast-schema-graph\">{\"@context\":\"https:\\\/\\\/schema.org\",\"@graph\":[{\"@type\":\"WebPage\",\"@id\":\"https:\\\/\\\/www.oio.pl\\\/czas-i-koszty-dostawy\\\/\",\"url\":\"https:\\\/\\\/www.oio.pl\\\/czas-i-koszty-dostawy\\\/\",\"name\":\"Czas i koszt dostawy - Mini PC, Komputery, Laptopy, Translatory\",\"isPartOf\":{\"@id\":\"https:\\\/\\\/www.oio.pl\\\/#website\"},\"datePublished\":\"2019-07-08T04:40:57+00:00\",\"dateModified\":\"2021-11-12T14:03:25+00:00\",\"breadcrumb\":{\"@id\":\"https:\\\/\\\/www.oio.pl\\\/czas-i-koszty-dostawy\\\/#breadcrumb\"},\"inLanguage\":\"cs\",\"potentialAction\":[{\"@type\":\"ReadAction\",\"target\":[\"https:\\\/\\\/www.oio.pl\\\/czas-i-koszty-dostawy\\\/\"]}]},{\"@type\":\"BreadcrumbList\",\"@id\":\"https:\\\/\\\/www.oio.pl\\\/czas-i-koszty-dostawy\\\/#breadcrumb\",\"itemListElement\":[{\"@type\":\"ListItem\",\"position\":1,\"name\":\"Strona g\u0142\u00f3wna\",\"item\":\"https:\\\/\\\/www.oio.pl\\\/\"},{\"@type\":\"ListItem\",\"position\":2,\"name\":\"Czas i koszt dostawy\"}]},{\"@type\":\"WebSite\",\"@id\":\"https:\\\/\\\/www.oio.pl\\\/#website\",\"url\":\"https:\\\/\\\/www.oio.pl\\\/\",\"name\":\"OIO.pl \u2013 Tablety przemys\u0142owe, sprz\u0119t IT dla przemys\u0142u i logistyki\",\"description\":\"tablety przemys\u0142owe, rugged tablet, komputer przemys\u0142owy, tablet wytrzyma\u0142y, sprz\u0119t dla przemys\u0142u, tablet z Windows, tablet IP67, laptop dla magazynu, elektronika przemys\u0142owa, komputery przemys\u0142owe, oio.pl, sprz\u0119t dla logistyki, tablet do pracy w terenie, monitor dotykowy przemys\u0142owy\",\"publisher\":{\"@id\":\"https:\\\/\\\/www.oio.pl\\\/#organization\"},\"alternateName\":\"Sklep internetowy dla przemys\u0142u\",\"potentialAction\":[{\"@type\":\"SearchAction\",\"target\":{\"@type\":\"EntryPoint\",\"urlTemplate\":\"https:\\\/\\\/www.oio.pl\\\/?s={search_term_string}\"},\"query-input\":{\"@type\":\"PropertyValueSpecification\",\"valueRequired\":true,\"valueName\":\"search_term_string\"}}],\"inLanguage\":\"cs\"},{\"@type\":\"Organization\",\"@id\":\"https:\\\/\\\/www.oio.pl\\\/#organization\",\"name\":\"OIO\",\"alternateName\":\"Sprz\u0119t komputerowy\",\"url\":\"https:\\\/\\\/www.oio.pl\\\/\",\"logo\":{\"@type\":\"ImageObject\",\"inLanguage\":\"cs\",\"@id\":\"https:\\\/\\\/www.oio.pl\\\/#\\\/schema\\\/logo\\\/image\\\/\",\"url\":\"https:\\\/\\\/www.oio.pl\\\/wp-content\\\/uploads\\\/2023\\\/11\\\/cropped-cropped-oio_120x120.jpg\",\"contentUrl\":\"https:\\\/\\\/www.oio.pl\\\/wp-content\\\/uploads\\\/2023\\\/11\\\/cropped-cropped-oio_120x120.jpg\",\"width\":120,\"height\":48,\"caption\":\"OIO\"},\"image\":{\"@id\":\"https:\\\/\\\/www.oio.pl\\\/#\\\/schema\\\/logo\\\/image\\\/\"},\"sameAs\":[\"https:\\\/\\\/www.facebook.com\\\/oiopl\"]}]}<\/script>\n<!-- \/ Yoast SEO plugin. -->","yoast_head_json":{"title":"Dodac\u00ed lh\u016fta a cena - Mini PC, Po\u010d\u00edta\u010de, Notebooky, P\u0159eklada\u010de","robots":{"index":"index","follow":"follow","max-snippet":"max-snippet:-1","max-image-preview":"max-image-preview:large","max-video-preview":"max-video-preview:-1"},"canonical":"https:\/\/www.oio.pl\/cs\/dodaci-lhuta-a-naklady\/","og_locale":"cs_CZ","og_type":"article","og_title":"Czas i koszt dostawy - Mini PC, Komputery, Laptopy, Translatory","og_description":"ORIENTACYJNY CZAS DOSTAWY: paczkomat &#8211; 2..3 dni, kurier DPD &#8211; 1..2 dni robocze, paczka 48 &#8211; 2 dni robocze, paczka pocztowa &#8211; 1..5 dni roboczych, CZAS REALIZACJI ZAM\u00d3WIENIA: przy przedp\u0142acie na konto &#8211; 24 h w dni robocze od momentu otrzymania potwierdzenia\/p\u0142atno\u015bci, wysy\u0142ka za pobraniem &#8211; do 48 h w dni robocze od momentu zawarcia [&hellip;]","og_url":"https:\/\/www.oio.pl\/cs\/dodaci-lhuta-a-naklady\/","og_site_name":"Mini PC, Komputery, Laptopy, Translatory","article_publisher":"https:\/\/www.facebook.com\/oiopl","article_modified_time":"2021-11-12T14:03:25+00:00","twitter_card":"summary_large_image","twitter_misc":{"Odhadovan\u00e1 doba \u010dten\u00ed":"1 minuta"},"schema":{"@context":"https:\/\/schema.org","@graph":[{"@type":"WebPage","@id":"https:\/\/www.oio.pl\/czas-i-koszty-dostawy\/","url":"https:\/\/www.oio.pl\/czas-i-koszty-dostawy\/","name":"Dodac\u00ed lh\u016fta a cena - Mini PC, Po\u010d\u00edta\u010de, Notebooky, P\u0159eklada\u010de","isPartOf":{"@id":"https:\/\/www.oio.pl\/#website"},"datePublished":"2019-07-08T04:40:57+00:00","dateModified":"2021-11-12T14:03:25+00:00","breadcrumb":{"@id":"https:\/\/www.oio.pl\/czas-i-koszty-dostawy\/#breadcrumb"},"inLanguage":"cs","potentialAction":[{"@type":"ReadAction","target":["https:\/\/www.oio.pl\/czas-i-koszty-dostawy\/"]}]},{"@type":"BreadcrumbList","@id":"https:\/\/www.oio.pl\/czas-i-koszty-dostawy\/#breadcrumb","itemListElement":[{"@type":"ListItem","position":1,"name":"Strona g\u0142\u00f3wna","item":"https:\/\/www.oio.pl\/"},{"@type":"ListItem","position":2,"name":"Czas i koszt dostawy"}]},{"@type":"WebSite","@id":"https:\/\/www.oio.pl\/#website","url":"https:\/\/www.oio.pl\/","name":"OIO.pl \u2013 Pr\u016fmyslov\u00e9 tablety, IT vybaven\u00ed pro pr\u016fmysl a logistiku","description":"pr\u016fmyslov\u00e9 tablety, robustn\u00ed tablet, pr\u016fmyslov\u00fd po\u010d\u00edta\u010d, odoln\u00fd tablet, vybaven\u00ed pro pr\u016fmysl, tablet s Windows, tablet s IP67, skladov\u00fd notebook, pr\u016fmyslov\u00e1 elektronika, pr\u016fmyslov\u00e9 po\u010d\u00edta\u010de, oio.pl, logistick\u00e9 vybaven\u00ed, tablet pro pr\u00e1ci v ter\u00e9nu, pr\u016fmyslov\u00fd dotykov\u00fd monitor","publisher":{"@id":"https:\/\/www.oio.pl\/#organization"},"alternateName":"Sklep internetowy dla przemys\u0142u","potentialAction":[{"@type":"SearchAction","target":{"@type":"EntryPoint","urlTemplate":"https:\/\/www.oio.pl\/?s={search_term_string}"},"query-input":{"@type":"PropertyValueSpecification","valueRequired":true,"valueName":"search_term_string"}}],"inLanguage":"cs"},{"@type":"Organization","@id":"https:\/\/www.oio.pl\/#organization","name":"OIO","alternateName":"Sprz\u0119t komputerowy","url":"https:\/\/www.oio.pl\/","logo":{"@type":"ImageObject","inLanguage":"cs","@id":"https:\/\/www.oio.pl\/#\/schema\/logo\/image\/","url":"https:\/\/www.oio.pl\/wp-content\/uploads\/2023\/11\/cropped-cropped-oio_120x120.jpg","contentUrl":"https:\/\/www.oio.pl\/wp-content\/uploads\/2023\/11\/cropped-cropped-oio_120x120.jpg","width":120,"height":48,"caption":"OIO"},"image":{"@id":"https:\/\/www.oio.pl\/#\/schema\/logo\/image\/"},"sameAs":["https:\/\/www.facebook.com\/oiopl"]}]}},"_links":{"self":[{"href":"https:\/\/www.oio.pl\/cs\/wp-json\/wp\/v2\/pages\/668","targetHints":{"allow":["GET"]}}],"collection":[{"href":"https:\/\/www.oio.pl\/cs\/wp-json\/wp\/v2\/pages"}],"about":[{"href":"https:\/\/www.oio.pl\/cs\/wp-json\/wp\/v2\/types\/page"}],"author":[{"embeddable":true,"href":"https:\/\/www.oio.pl\/cs\/wp-json\/wp\/v2\/users\/1"}],"replies":[{"embeddable":true,"href":"https:\/\/www.oio.pl\/cs\/wp-json\/wp\/v2\/comments?post=668"}],"version-history":[{"count":6,"href":"https:\/\/www.oio.pl\/cs\/wp-json\/wp\/v2\/pages\/668\/revisions"}],"predecessor-version":[{"id":2816,"href":"https:\/\/www.oio.pl\/cs\/wp-json\/wp\/v2\/pages\/668\/revisions\/2816"}],"wp:attachment":[{"href":"https:\/\/www.oio.pl\/cs\/wp-json\/wp\/v2\/media?parent=668"}],"curies":[{"name":"wp","href":"https:\/\/api.w.org\/{rel}","templated":true}]}}