{"id":3,"date":"2019-06-11T11:58:05","date_gmt":"2019-06-11T09:58:05","guid":{"rendered":"http:\/\/www.oio.pl\/?page_id=3"},"modified":"2025-12-10T12:50:39","modified_gmt":"2025-12-10T11:50:39","slug":"privatlivspolitik","status":"publish","type":"page","link":"https:\/\/www.oio.pl\/da\/polityka-prywatnosci\/","title":{"rendered":"Privatlivspolitik for www.oio.pl-butikken"},"content":{"rendered":"<h2 class=\"wp-block-heading\">Hvem vi er<\/h2>\n\n\n\n<p>Adres naszej strony internetowej to: http:\/\/www.oio.pl.<\/p>\n\n\n\n<p>PASLAND Stanislaw Paszcza<br>05-135 Wieliszew, Modli\u0144ska St. 140\/5<br>NIP: 6761007875<br><\/p>\n\n\n\n<h2 class=\"wp-block-heading\"><strong>1. GENERELLE BESTEMMELSER<\/strong><\/h2>\n\n\n\n<p>1.1. Denne privatlivspolitik for onlinebutikken er kun til orientering, hvilket betyder, at den ikke udg\u00f8r en forpligtelse for servicemodtagere eller kunder i onlinebutikken. <strong>Det pr\u00e6senterede pristilbud er informativt, udg\u00f8r ikke et kommercielt tilbud i henhold til artikel 66, stk. 1, i den borgerlige lovbog og afspejler ikke de aktuelle lagerbeholdninger.<\/strong><\/p>\n\n\n\n<p>1.2. Den dataansvarlige for personoplysninger indsamlet via onlinebutikken er virksomheden PASLAND Stanis\u0142aw Paszcza, der er registreret i Republikken Polens centrale register og information om \u00f8konomisk aktivitet, der drives af ministeren med ansvar for \u00f8konomiske anliggender, med: forretningsadresse og korrespondanceadresse: ul. Warszawska 93, 05-092 \u0141omianki, NIP 6761007875, e-mailadresse: pasland@pasland.pl \u2013 i det f\u00f8lgende ben\u00e6vnt &quot;<em><strong>Administrator<\/strong><\/em>&quot;og er ogs\u00e5 tjenesteudbyderen af onlinebutikken og s\u00e6lgeren.&quot;<\/p>\n\n\n\n<p>1.3. Tjenestemodtagerens og Kundens personoplysninger behandles i overensstemmelse med persondataloven af 29. august 1997 (Lovtidende 1997 nr. 133, punkt 883, med senere \u00e6ndringer) (herefter ben\u00e6vnt persondataloven) og lov om levering af elektroniske tjenester af 18. juli 2002 (Lovtidende 2002 nr. 144, punkt 1204, med senere \u00e6ndringer).<\/p>\n\n\n\n<p>1.4. Administratoren udviser s\u00e6rlig omhu for at beskytte de registreredes interesser og sikrer is\u00e6r, at de data, som han\/hende indsamler, behandles i overensstemmelse med loven; indsamles til specifikke, lovlige form\u00e5l og ikke er genstand for yderligere behandling, der er uforenelig med disse form\u00e5l; er indholdsm\u00e6ssigt korrekte og tilstr\u00e6kkelige i forhold til de form\u00e5l, hvortil de behandles, og opbevares i en form, der tillader identifikation af de registrerede i h\u00f8jst et tidsrum, der er n\u00f8dvendigt for at opn\u00e5 form\u00e5let med behandlingen.<\/p>\n\n\n\n<p>1.5. Alle ord, udtryk og akronymer, der forekommer p\u00e5 denne hjemmeside og starter med et stort bogstav (f.eks. S\u00e6lger, Onlinebutik, Elektronisk Tjeneste), skal forst\u00e5s i overensstemmelse med deres definitioner i Onlinebutiksreglerne, der er tilg\u00e6ngelige p\u00e5 Onlinebutikkens hjemmeside.<\/p>\n\n\n\n<p><strong>2. FORM\u00c5L OG OMFANG AF DATAINDSAMLING<\/strong><\/p>\n\n\n\n<p>2.1. Form\u00e5let, omfanget og modtagerne af data, der behandles af administratoren, afh\u00e6nger hver gang af de handlinger, som tjenestebrugeren eller kunden foretager i onlinebutikken. Hvis kunden f.eks. v\u00e6lger personlig afhentning i stedet for kurerlevering ved afgivelse af en ordre, vil deres personoplysninger blive behandlet med henblik p\u00e5 indg\u00e5else og implementering af salgsaftalen, men de vil ikke l\u00e6ngere blive stillet til r\u00e5dighed for den transport\u00f8r, der udf\u00f8rer forsendelser p\u00e5 vegne af administratoren.<\/p>\n\n\n\n<p>2.2. Mulige form\u00e5l med administratorens indsamling af personoplysninger om tjenestebrugere eller kunder:<\/p>\n\n\n\n<p>2.2.1. indg\u00e5else og opfyldelse af en salgsaftale eller en aftale om levering af en elektronisk tjeneste (f.eks. konto).<\/p>\n\n\n\n<p>2.2.2. direkte markedsf\u00f8ring af administratorens egne produkter eller tjenester.<\/p>\n\n\n\n<p>2.3. Mulige modtagere af personoplysninger fra onlinebutikskunder:<\/p>\n\n\n\n<p>2.3.1. I tilf\u00e6lde af at en kunde bruger elektronisk betaling eller betalingskort i onlinebutikken, videregiver administratoren kundens indsamlede personoplysninger til den valgte enhed, der h\u00e5ndterer ovenst\u00e5ende betalinger i onlinebutikken.<\/p>\n\n\n\n<p>2.4. Administratoren kan behandle f\u00f8lgende personoplysninger for tjenestemodtagere eller kunder, der bruger onlinebutikken: fornavn og efternavn; e-mailadresse.<\/p>\n\n\n\n<p>2.5. Det kan v\u00e6re n\u00f8dvendigt at give de personoplysninger, der er n\u00e6vnt i ovenst\u00e5ende punkt, for at indg\u00e5 og opfylde salgsaftalen eller aftalen om levering af elektroniske tjenester i onlinebutikken. Omfanget af de data, der kr\u00e6ves for at indg\u00e5 aftalen, er angivet p\u00e5 forh\u00e5nd p\u00e5 onlinebutikkens hjemmeside og i onlinebutikkens regler.<\/p>\n\n\n\n<p><strong>3. COOKIES OG DRIFTSOPLYSNINGER<\/strong><\/p>\n\n\n\n<p>3.1. Cookies er sm\u00e5 tekstoplysninger i form af tekstfiler, der sendes af serveren og gemmes hos den person, der bes\u00f8ger onlinebutikkens hjemmeside (f.eks. p\u00e5 harddisken p\u00e5 en computer, b\u00e6rbar computer eller p\u00e5 hukommelseskortet p\u00e5 en smartphone - afh\u00e6ngigt af den enhed, som den bes\u00f8gende bruger i vores onlinebutik). Detaljerede oplysninger om cookies samt historikken for deres oprettelse kan blandt andet findes her:&nbsp;<a href=\"http:\/\/pl.wikipedia.org\/wiki\/Ciasteczko.\">http:\/\/pl.wikipedia.org\/wiki\/Ciasteczko.<\/a><\/p>\n\n\n\n<p>3.2. Administratoren kan behandle data indeholdt i cookies, n\u00e5r bes\u00f8gende bruger onlinebutikkens hjemmeside, til f\u00f8lgende form\u00e5l:<\/p>\n\n\n\n<p>3.2.1. at identificere tjenestebrugere som logget ind i onlinebutikken og vise, at de er logget ind;<\/p>\n\n\n\n<p>3.2.2. huske produkter, der er tilf\u00f8jet til kurven med henblik p\u00e5 at afgive en ordre;<\/p>\n\n\n\n<p>3.2.3. huske data fra udfyldte ordreformularer, unders\u00f8gelser eller logindata til onlinebutikken;<\/p>\n\n\n\n<p>3.2.4. tilpasning af indholdet af onlinebutikkens hjemmeside til tjenestemodtagerens individuelle pr\u00e6ferencer (f.eks. med hensyn til farver, skriftst\u00f8rrelse, sidelayout) og optimering af brugen af onlinebutikkens hjemmesider;<\/p>\n\n\n\n<p>3.2.5. Opbevaring af anonym statistik, der viser, hvordan webshoppens hjemmeside bruges, i administrationspanelet og Google Analytics<\/p>\n\n\n\n<p>3.2.6. oprettelse af remarketinglister baseret p\u00e5 oplysninger om adf\u00e6rd, interesser og demografi og derefter deling af disse lister i AdWords og Facebook Ads.<\/p>\n\n\n\n<p>3.2.7. Brug af demografiske data og interessedata i analyserapportering.<\/p>\n\n\n\n<p>3.2.8. oprettelse af segmenter baseret p\u00e5 demografiske data og interessedata.<\/p>\n\n\n\n<p>3.3. Som standard accepterer de fleste webbrowsere p\u00e5 markedet lagring af cookies. Alle har mulighed for at angive betingelserne for brug af cookies ved hj\u00e6lp af indstillingerne i deres egen webbrowser. Det betyder, at du f.eks. delvist kan begr\u00e6nse (f.eks. midlertidigt) eller helt deaktivere muligheden for at gemme cookies - i sidstn\u00e6vnte tilf\u00e6lde kan dette dog p\u00e5virke nogle af onlinebutikkens funktioner (for eksempel kan det v\u00e6re umuligt at gennemg\u00e5 ordrestien via ordreformularen, fordi produkterne ikke huskes i kurven under de efterf\u00f8lgende trin i ordreafgivelsen).<\/p>\n\n\n\n<p>3.4. Webbrowserens indstillinger vedr\u00f8rende cookies er vigtige med hensyn til samtykke til brugen af cookies i vores onlinebutik - i overensstemmelse med reglerne kan et s\u00e5dant samtykke ogs\u00e5 udtrykkes via webbrowserens indstillinger. I mangel af et s\u00e5dant samtykke skal webbrowserens indstillinger vedr\u00f8rende cookies \u00e6ndres i overensstemmelse hermed.<\/p>\n\n\n\n<p>3.5. M\u00e5der at framelde sig:<\/p>\n\n\n\n<p>3.5.1. Detaljerede oplysninger om \u00e6ndring af indstillinger for cookies og deres uafh\u00e6ngige fjernelse i de mest popul\u00e6re webbrowsere findes i webbrowserens hj\u00e6lpesektion og p\u00e5 de f\u00f8lgende sider (klik blot p\u00e5 det relevante link):<\/p>\n\n\n\n<p>\n&#8211;&nbsp;<a href=\"http:\/\/support.google.com\/chrome\/bin\/answer.py?hl=pl&amp;answer=95647\">i Chrome<\/a><\/p>\n\n\n\n<p>\n&#8211;&nbsp;<a href=\"https:\/\/support.mozilla.org\/pl\/kb\/W\u0142\u0105czanie%20i%20wy\u0142\u0105czanie%20obs\u0142ugi%20ciasteczek\">i Mozilla Firefox<\/a><\/p>\n\n\n\n<p>\n&#8211;&nbsp;<a href=\"http:\/\/windows.microsoft.com\/pl-pl\/windows7\/block-enable-or-allow-cookies\">i Internet Explorer<\/a><\/p>\n\n\n\n<p>\n&#8211;&nbsp;<a href=\"http:\/\/help.opera.com\/Windows\/12.10\/pl\/cookies.html\">i Opera-browseren<\/a><\/p>\n\n\n\n<p>\n&#8211;&nbsp;<a href=\"http:\/\/support.apple.com\/kb\/PH5042\">i Safari-browseren<\/a><\/p>\n\n\n\n<p>3.5.2. For at blokere afsendelse af oplysninger til Google Analytics kan du bruge browsertilf\u00f8jelsen, der blokerer Google Analytics p\u00e5 denne adresse:&nbsp;<a href=\"https:\/\/tools.google.com\/dlpage\/gaoptout\/\">https:\/\/tools.google.com\/dlpage\/gaoptout\/<\/a><\/p>\n\n\n\n<p>3.6. Administratoren behandler ogs\u00e5 anonymiserede driftsdata relateret til brugen af onlinebutikken (s\u00e5kaldte logs - IP-adresse, dom\u00e6ne) for at generere statistikker, der er nyttige til administration af onlinebutikken. Disse data er aggregerede og anonyme, dvs. de indeholder ikke funktioner, der identificerer personer, der bes\u00f8ger onlinebutikkens hjemmeside. Logs videregives ikke til tredjeparter.<\/p>\n\n\n\n<p><strong>4. GRUNDLAG FOR DATABEHANDLING<\/strong><\/p>\n\n\n\n<p>4.1. Det er frivilligt for Servicemodtageren eller Kunden at give personoplysninger. Manglende angivelse af de personoplysninger, der er angivet p\u00e5 Onlinebutikkens hjemmeside og i Onlinebutikkens bestemmelser, og som er n\u00f8dvendige for indg\u00e5else og gennemf\u00f8relse af Salgsaftalen eller aftalen om levering af Elektroniske Tjenester, resulterer i, at det ikke er muligt at indg\u00e5 den n\u00e6vnte aftale.<\/p>\n\n\n\n<p>4.2. Grundlaget for behandling af tjenestemodtagerens eller kundens personoplysninger er behovet for at opfylde den kontrakt, som de er part i, eller for at handle p\u00e5 deres anmodning, inden den indg\u00e5s. I tilf\u00e6lde af databehandling med henblik p\u00e5 direkte markedsf\u00f8ring af administratorens egne produkter eller tjenester er grundlaget for en s\u00e5dan behandling (1) tjenestemodtagerens eller kundens forudg\u00e5ende samtykke eller (2) opfyldelsen af lovligt berettigede form\u00e5l, der er gennemf\u00f8rt af administratoren (i overensstemmelse med art. 23, stk. 4, i persondataloven er et lovligt berettiget form\u00e5l navnlig direkte markedsf\u00f8ring af administratorens egne produkter eller tjenester).<\/p>\n\n\n\n<p><strong>5. RETTEN TIL AT KONTROLLERE, F\u00c5 ADGANG TIL OG BERIGTIGELSE AF DINE DATA<\/strong><\/p>\n\n\n\n<p>5.1. Servicemodtageren eller Kunden har ret til at f\u00e5 adgang til indholdet af sine personoplysninger og til at rette dem.<\/p>\n\n\n\n<p>5.2. Enhver person har ret til at kontrollere behandlingen af data om sig selv, som er indeholdt i administratorens datas\u00e6t, og is\u00e6r retten til at: anmode om supplering, opdatering, berigtigelse af personoplysninger, midlertidig eller permanent suspension af deres behandling eller deres sletning, hvis de er ufuldst\u00e6ndige, for\u00e6ldede, usande eller er blevet indsamlet i strid med loven eller ikke l\u00e6ngere er n\u00f8dvendige for at opn\u00e5 det form\u00e5l, hvortil de blev indsamlet.<\/p>\n\n\n\n<p>5.3. Hvis Servicemodtageren eller Kunden giver samtykke til behandling af data med henblik p\u00e5 direkte markedsf\u00f8ring af Administratorens egne produkter eller tjenester, kan samtykket til enhver tid tr\u00e6kkes tilbage.<\/p>\n\n\n\n<p>5.4. Hvis Administratoren har til hensigt at behandle eller behandler Tjenestemodtagerens eller Kundens data med henblik p\u00e5 direkte markedsf\u00f8ring af Administratorens egne produkter eller tjenester, har den registrerede ogs\u00e5 ret til (1) at indsende en skriftlig, begrundet anmodning om at oph\u00f8re med behandlingen af sine data p\u00e5 grund af sin s\u00e6rlige situation eller til (2) at g\u00f8re indsigelse mod behandlingen af sine data.<\/p>\n\n\n\n<p>5.5. For at ud\u00f8ve de ovenfor n\u00e6vnte rettigheder kan du kontakte administratoren ved at sende en passende besked skriftligt eller via e-mail til administratorens adresse, der er angivet i begyndelsen af denne privatlivspolitik.<\/p>\n\n\n\n<p><strong>6. SLUTBESTEMMELSER<\/strong><\/p>\n\n\n\n<p>6.1. Onlinebutikken kan indeholde links til andre websteder. Administratoren opfordrer dig til at l\u00e6se den deri fastsatte privatlivspolitik efter at have bes\u00f8gt andre websteder. Denne privatlivspolitik g\u00e6lder kun for denne onlinebutik.<\/p>\n\n\n\n<p>6.2. Administratoren anvender tekniske og organisatoriske foranstaltninger for at sikre beskyttelsen af behandlede personoplysninger i passende omfang i forhold til de trusler og kategorier af data, der er omfattet af beskyttelsen, og beskytter is\u00e6r data mod videregivelse til uautoriserede personer, sletning af en uautoriseret person, behandling i strid med g\u00e6ldende regler og \u00e6ndring, tab, beskadigelse eller tilintetg\u00f8relse.<\/p>\n\n\n\n<p>6.3. Administratoren skal tr\u00e6ffe f\u00f8lgende tekniske foranstaltninger for at forhindre uautoriserede personer i at indhente og \u00e6ndre personoplysninger, der sendes elektronisk:<\/p>\n\n\n\n<p>6.3.1. Sikring af datas\u00e6ttet mod uautoriseret adgang.<\/p>\n\n\n\n<p>6.3.2. Adgang til kontoen kun efter angivelse af et individuelt login og en adgangskode.<\/p>","protected":false},"excerpt":{"rendered":"<p>Kim jeste\u015bmy Adres naszej strony internetowej to: http:\/\/www.oio.pl. PASLAND Stanis\u0142aw Paszcza05-135 Wieliszew, ul. Modli\u0144ska 140\/5NIP: 6761007875 1. POSTANOWIENIA OG\u00d3LNE 1.1. Niniejsza polityka prywatno\u015bci Sklepu Internetowego ma charakter informacyjny, co oznacza \u017ce nie jest ona \u017ar\u00f3d\u0142em obowi\u0105zk\u00f3w dla Us\u0142ugobiorc\u00f3w lub Klient\u00f3w Sklepu Internetowego. Przedstawiona oferta cenowa ma charakter informacyjny, nie stanowi oferty handlowej w rozumieniu Art.66 [&hellip;]<\/p>\n","protected":false},"author":1,"featured_media":0,"parent":0,"menu_order":0,"comment_status":"closed","ping_status":"open","template":"","meta":{"footnotes":""},"class_list":["post-3","page","type-page","status-publish","czr-hentry"],"yoast_head":"<!-- This site is optimized with the Yoast SEO plugin v27.4 - https:\/\/yoast.com\/product\/yoast-seo-wordpress\/ -->\n<title>Polityka prywatno\u015bci sklepu www.oio.pl - Mini PC, Komputery, Laptopy, Translatory<\/title>\n<meta name=\"robots\" content=\"index, follow, max-snippet:-1, max-image-preview:large, max-video-preview:-1\" \/>\n<link rel=\"canonical\" href=\"https:\/\/www.oio.pl\/da\/privatlivspolitik\/\" \/>\n<meta property=\"og:locale\" content=\"da_DK\" \/>\n<meta property=\"og:type\" content=\"article\" \/>\n<meta property=\"og:title\" content=\"Polityka prywatno\u015bci sklepu www.oio.pl - Mini PC, Komputery, Laptopy, Translatory\" \/>\n<meta property=\"og:description\" content=\"Kim jeste\u015bmy Adres naszej strony internetowej to: http:\/\/www.oio.pl. PASLAND Stanis\u0142aw Paszcza05-135 Wieliszew, ul. Modli\u0144ska 140\/5NIP: 6761007875 1. POSTANOWIENIA OG\u00d3LNE 1.1. Niniejsza polityka prywatno\u015bci Sklepu Internetowego ma charakter informacyjny, co oznacza \u017ce nie jest ona \u017ar\u00f3d\u0142em obowi\u0105zk\u00f3w dla Us\u0142ugobiorc\u00f3w lub Klient\u00f3w Sklepu Internetowego. Przedstawiona oferta cenowa ma charakter informacyjny, nie stanowi oferty handlowej w rozumieniu Art.66 [&hellip;]\" \/>\n<meta property=\"og:url\" content=\"https:\/\/www.oio.pl\/da\/privatlivspolitik\/\" \/>\n<meta property=\"og:site_name\" content=\"Mini PC, Komputery, Laptopy, Translatory\" \/>\n<meta property=\"article:publisher\" content=\"https:\/\/www.facebook.com\/oiopl\" \/>\n<meta property=\"article:modified_time\" content=\"2025-12-10T11:50:39+00:00\" \/>\n<meta name=\"twitter:card\" content=\"summary_large_image\" \/>\n<meta name=\"twitter:label1\" content=\"Estimeret l\u00e6setid\" \/>\n\t<meta name=\"twitter:data1\" content=\"7 minutter\" \/>\n<script type=\"application\/ld+json\" class=\"yoast-schema-graph\">{\"@context\":\"https:\\\/\\\/schema.org\",\"@graph\":[{\"@type\":\"WebPage\",\"@id\":\"https:\\\/\\\/www.oio.pl\\\/polityka-prywatnosci\\\/\",\"url\":\"https:\\\/\\\/www.oio.pl\\\/polityka-prywatnosci\\\/\",\"name\":\"Polityka prywatno\u015bci sklepu www.oio.pl - Mini PC, Komputery, Laptopy, Translatory\",\"isPartOf\":{\"@id\":\"https:\\\/\\\/www.oio.pl\\\/#website\"},\"datePublished\":\"2019-06-11T09:58:05+00:00\",\"dateModified\":\"2025-12-10T11:50:39+00:00\",\"breadcrumb\":{\"@id\":\"https:\\\/\\\/www.oio.pl\\\/polityka-prywatnosci\\\/#breadcrumb\"},\"inLanguage\":\"da-DK\",\"potentialAction\":[{\"@type\":\"ReadAction\",\"target\":[\"https:\\\/\\\/www.oio.pl\\\/polityka-prywatnosci\\\/\"]}]},{\"@type\":\"BreadcrumbList\",\"@id\":\"https:\\\/\\\/www.oio.pl\\\/polityka-prywatnosci\\\/#breadcrumb\",\"itemListElement\":[{\"@type\":\"ListItem\",\"position\":1,\"name\":\"Strona g\u0142\u00f3wna\",\"item\":\"https:\\\/\\\/www.oio.pl\\\/\"},{\"@type\":\"ListItem\",\"position\":2,\"name\":\"Polityka prywatno\u015bci sklepu www.oio.pl\"}]},{\"@type\":\"WebSite\",\"@id\":\"https:\\\/\\\/www.oio.pl\\\/#website\",\"url\":\"https:\\\/\\\/www.oio.pl\\\/\",\"name\":\"OIO.pl \u2013 Tablety przemys\u0142owe, sprz\u0119t IT dla przemys\u0142u i logistyki\",\"description\":\"tablety przemys\u0142owe, rugged tablet, komputer przemys\u0142owy, tablet wytrzyma\u0142y, sprz\u0119t dla przemys\u0142u, tablet z Windows, tablet IP67, laptop dla magazynu, elektronika przemys\u0142owa, komputery przemys\u0142owe, oio.pl, sprz\u0119t dla logistyki, tablet do pracy w terenie, monitor dotykowy przemys\u0142owy\",\"publisher\":{\"@id\":\"https:\\\/\\\/www.oio.pl\\\/#organization\"},\"alternateName\":\"Sklep internetowy dla przemys\u0142u\",\"potentialAction\":[{\"@type\":\"SearchAction\",\"target\":{\"@type\":\"EntryPoint\",\"urlTemplate\":\"https:\\\/\\\/www.oio.pl\\\/?s={search_term_string}\"},\"query-input\":{\"@type\":\"PropertyValueSpecification\",\"valueRequired\":true,\"valueName\":\"search_term_string\"}}],\"inLanguage\":\"da-DK\"},{\"@type\":\"Organization\",\"@id\":\"https:\\\/\\\/www.oio.pl\\\/#organization\",\"name\":\"OIO\",\"alternateName\":\"Sprz\u0119t komputerowy\",\"url\":\"https:\\\/\\\/www.oio.pl\\\/\",\"logo\":{\"@type\":\"ImageObject\",\"inLanguage\":\"da-DK\",\"@id\":\"https:\\\/\\\/www.oio.pl\\\/#\\\/schema\\\/logo\\\/image\\\/\",\"url\":\"https:\\\/\\\/www.oio.pl\\\/wp-content\\\/uploads\\\/2023\\\/11\\\/cropped-cropped-oio_120x120.jpg\",\"contentUrl\":\"https:\\\/\\\/www.oio.pl\\\/wp-content\\\/uploads\\\/2023\\\/11\\\/cropped-cropped-oio_120x120.jpg\",\"width\":120,\"height\":48,\"caption\":\"OIO\"},\"image\":{\"@id\":\"https:\\\/\\\/www.oio.pl\\\/#\\\/schema\\\/logo\\\/image\\\/\"},\"sameAs\":[\"https:\\\/\\\/www.facebook.com\\\/oiopl\"]}]}<\/script>\n<!-- \/ Yoast SEO plugin. -->","yoast_head_json":{"title":"Privatlivspolitik for www.oio.pl-butikken - Mini-pc&#039;er, computere, b\u00e6rbare computere, overs\u00e6ttere","robots":{"index":"index","follow":"follow","max-snippet":"max-snippet:-1","max-image-preview":"max-image-preview:large","max-video-preview":"max-video-preview:-1"},"canonical":"https:\/\/www.oio.pl\/da\/privatlivspolitik\/","og_locale":"da_DK","og_type":"article","og_title":"Polityka prywatno\u015bci sklepu www.oio.pl - Mini PC, Komputery, Laptopy, Translatory","og_description":"Kim jeste\u015bmy Adres naszej strony internetowej to: http:\/\/www.oio.pl. PASLAND Stanis\u0142aw Paszcza05-135 Wieliszew, ul. Modli\u0144ska 140\/5NIP: 6761007875 1. POSTANOWIENIA OG\u00d3LNE 1.1. Niniejsza polityka prywatno\u015bci Sklepu Internetowego ma charakter informacyjny, co oznacza \u017ce nie jest ona \u017ar\u00f3d\u0142em obowi\u0105zk\u00f3w dla Us\u0142ugobiorc\u00f3w lub Klient\u00f3w Sklepu Internetowego. Przedstawiona oferta cenowa ma charakter informacyjny, nie stanowi oferty handlowej w rozumieniu Art.66 [&hellip;]","og_url":"https:\/\/www.oio.pl\/da\/privatlivspolitik\/","og_site_name":"Mini PC, Komputery, Laptopy, Translatory","article_publisher":"https:\/\/www.facebook.com\/oiopl","article_modified_time":"2025-12-10T11:50:39+00:00","twitter_card":"summary_large_image","twitter_misc":{"Estimeret l\u00e6setid":"7 minutter"},"schema":{"@context":"https:\/\/schema.org","@graph":[{"@type":"WebPage","@id":"https:\/\/www.oio.pl\/polityka-prywatnosci\/","url":"https:\/\/www.oio.pl\/polityka-prywatnosci\/","name":"Privatlivspolitik for www.oio.pl-butikken - Mini-pc&#039;er, computere, b\u00e6rbare computere, overs\u00e6ttere","isPartOf":{"@id":"https:\/\/www.oio.pl\/#website"},"datePublished":"2019-06-11T09:58:05+00:00","dateModified":"2025-12-10T11:50:39+00:00","breadcrumb":{"@id":"https:\/\/www.oio.pl\/polityka-prywatnosci\/#breadcrumb"},"inLanguage":"da-DK","potentialAction":[{"@type":"ReadAction","target":["https:\/\/www.oio.pl\/polityka-prywatnosci\/"]}]},{"@type":"BreadcrumbList","@id":"https:\/\/www.oio.pl\/polityka-prywatnosci\/#breadcrumb","itemListElement":[{"@type":"ListItem","position":1,"name":"Strona g\u0142\u00f3wna","item":"https:\/\/www.oio.pl\/"},{"@type":"ListItem","position":2,"name":"Polityka prywatno\u015bci sklepu www.oio.pl"}]},{"@type":"WebSite","@id":"https:\/\/www.oio.pl\/#website","url":"https:\/\/www.oio.pl\/","name":"OIO.pl \u2013 Industrielle tablets, IT-udstyr til industri og logistik","description":"Industrielle tablets, robust tablet, industriel computer, holdbar tablet, udstyr til industrien, Windows-tablet, IP67-tablet, b\u00e6rbar lager, industriel elektronik, industrielle computere, oio.pl, logistikudstyr, tablet til feltarbejdsbrug, industriel ber\u00f8ringssk\u00e6rm","publisher":{"@id":"https:\/\/www.oio.pl\/#organization"},"alternateName":"Sklep internetowy dla przemys\u0142u","potentialAction":[{"@type":"SearchAction","target":{"@type":"EntryPoint","urlTemplate":"https:\/\/www.oio.pl\/?s={search_term_string}"},"query-input":{"@type":"PropertyValueSpecification","valueRequired":true,"valueName":"search_term_string"}}],"inLanguage":"da-DK"},{"@type":"Organization","@id":"https:\/\/www.oio.pl\/#organization","name":"OIO","alternateName":"Sprz\u0119t komputerowy","url":"https:\/\/www.oio.pl\/","logo":{"@type":"ImageObject","inLanguage":"da-DK","@id":"https:\/\/www.oio.pl\/#\/schema\/logo\/image\/","url":"https:\/\/www.oio.pl\/wp-content\/uploads\/2023\/11\/cropped-cropped-oio_120x120.jpg","contentUrl":"https:\/\/www.oio.pl\/wp-content\/uploads\/2023\/11\/cropped-cropped-oio_120x120.jpg","width":120,"height":48,"caption":"OIO"},"image":{"@id":"https:\/\/www.oio.pl\/#\/schema\/logo\/image\/"},"sameAs":["https:\/\/www.facebook.com\/oiopl"]}]}},"_links":{"self":[{"href":"https:\/\/www.oio.pl\/da\/wp-json\/wp\/v2\/pages\/3","targetHints":{"allow":["GET"]}}],"collection":[{"href":"https:\/\/www.oio.pl\/da\/wp-json\/wp\/v2\/pages"}],"about":[{"href":"https:\/\/www.oio.pl\/da\/wp-json\/wp\/v2\/types\/page"}],"author":[{"embeddable":true,"href":"https:\/\/www.oio.pl\/da\/wp-json\/wp\/v2\/users\/1"}],"replies":[{"embeddable":true,"href":"https:\/\/www.oio.pl\/da\/wp-json\/wp\/v2\/comments?post=3"}],"version-history":[{"count":3,"href":"https:\/\/www.oio.pl\/da\/wp-json\/wp\/v2\/pages\/3\/revisions"}],"predecessor-version":[{"id":5058,"href":"https:\/\/www.oio.pl\/da\/wp-json\/wp\/v2\/pages\/3\/revisions\/5058"}],"wp:attachment":[{"href":"https:\/\/www.oio.pl\/da\/wp-json\/wp\/v2\/media?parent=3"}],"curies":[{"name":"wp","href":"https:\/\/api.w.org\/{rel}","templated":true}]}}