{"id":7580,"date":"2025-06-29T12:29:29","date_gmt":"2025-06-29T10:29:29","guid":{"rendered":"https:\/\/www.oio.pl\/?page_id=7580"},"modified":"2025-06-29T12:29:29","modified_gmt":"2025-06-29T10:29:29","slug":"kontakte","status":"publish","type":"page","link":"https:\/\/www.oio.pl\/da\/kontakt\/","title":{"rendered":"Kontakte"},"content":{"rendered":"<div class=\"forminator-guttenberg\"><div class=\"forminator-ui forminator-custom-form forminator-custom-form-7535 forminator-design--default  forminator_ajax\" data-forminator-render=\"0\" data-form=\"forminator-module-7535\" data-uid=\"69eb5cf25c75f\"><br\/><\/div><form\n\t\t\t\tid=\"forminator-module-7535\"\n\t\t\t\tclass=\"forminator-ui forminator-custom-form forminator-custom-form-7535 forminator-design--default  forminator_ajax\"\n\t\t\t\tmethod=\"post\"\n\t\t\t\tdata-forminator-render=\"0\"\n\t\t\t\tdata-form-id=\"7535\"\n\t\t\t\t data-color-option=\"theme\" data-design=\"default\" data-grid=\"open\" style=\"display: none;\"\n\t\t\t\tdata-uid=\"69eb5cf25c75f\" action=\"\"\n\t\t\t><div role=\"alert\" aria-live=\"polite\" class=\"forminator-response-message forminator-error\" aria-hidden=\"true\"><\/div><div class=\"forminator-row\"><div id=\"name-1\" class=\"forminator-field-name forminator-col forminator-col-12\"><div class=\"forminator-field\"><label for=\"forminator-field-name-1_69eb5cf25c75f\" id=\"forminator-field-name-1_69eb5cf25c75f-label\" class=\"forminator-label\">Navn <span class=\"forminator-required\">*<\/span><\/label><input type=\"text\" name=\"name-1\" value=\"\" placeholder=\"\" id=\"forminator-field-name-1_69eb5cf25c75f\" class=\"forminator-input forminator-name--field\" aria-required=\"true\" autocomplete=\"name\" \/><\/div><\/div><\/div><div class=\"forminator-row\"><div id=\"email-1\" class=\"forminator-field-email forminator-col forminator-col-12\"><div class=\"forminator-field\"><label for=\"forminator-field-email-1_69eb5cf25c75f\" id=\"forminator-field-email-1_69eb5cf25c75f-label\" class=\"forminator-label\">E-mailadresse <span class=\"forminator-required\">*<\/span><\/label><input type=\"email\" name=\"email-1\" value=\"\" placeholder=\"\" id=\"forminator-field-email-1_69eb5cf25c75f\" class=\"forminator-input forminator-email--field\" data-required=\"true\" aria-required=\"true\" autocomplete=\"email\" \/><\/div><\/div><\/div><div class=\"forminator-row\"><div id=\"phone-1\" class=\"forminator-field-phone forminator-col forminator-col-12\"><div class=\"forminator-field\"><label for=\"forminator-field-phone-1_69eb5cf25c75f\" id=\"forminator-field-phone-1_69eb5cf25c75f-label\" class=\"forminator-label\">Telefonnummer <span class=\"forminator-required\">*<\/span><\/label><input type=\"text\" name=\"phone-1\" value=\"\" placeholder=\"\" id=\"forminator-field-phone-1_69eb5cf25c75f\" class=\"forminator-input forminator-field--phone\" data-required=\"1\" aria-required=\"true\" autocomplete=\"off\" \/><\/div><\/div><\/div><div class=\"forminator-row\"><div id=\"textarea-1\" class=\"forminator-field-textarea forminator-col forminator-col-12\"><div class=\"forminator-field\"><label for=\"forminator-field-textarea-1_69eb5cf25c75f\" id=\"forminator-field-textarea-1_69eb5cf25c75f-label\" class=\"forminator-label\">Besked <span class=\"forminator-required\">*<\/span><\/label><span id=\"forminator-field-textarea-1_69eb5cf25c75f-description\" class=\"forminator-description\"><span data-limit=\"180\" data-type=\"characters\" data-editor=\"\">0 \/ 180<\/span><\/span><textarea name=\"textarea-1\" placeholder=\"\" id=\"forminator-field-textarea-1_69eb5cf25c75f\" class=\"forminator-textarea\" rows=\"6\" style=\"--forminator-textarea-min-height:140px;\" maxlength=\"180\" ><\/textarea><\/div><\/div><\/div><div class=\"forminator-row\"><div id=\"captcha-1\" class=\"forminator-field-captcha forminator-col forminator-col-12\"><div class=\"forminator-captcha-center forminator-g-recaptcha recaptcha-invisible\" data-theme=\"light\" data-badge=\"inline\" data-sitekey=\"6LeVUnIrAAAAAA9l_eaRW05vh4MBGvRiQuen8YtS\" data-size=\"invisible\"><\/div> <\/div><\/div><input type=\"hidden\" name=\"referer_url\" value=\"\" \/><div class=\"forminator-row forminator-row-last\"><div class=\"forminator-col\"><div class=\"forminator-field\"><button class=\"forminator-button forminator-button-submit\">Sende<\/button><\/div><\/div><\/div><input type=\"hidden\" id=\"forminator_nonce\" name=\"forminator_nonce\" value=\"1c7d828dc2\" \/><input type=\"hidden\" name=\"_wp_http_referer\" value=\"\/da\/wp-json\/wp\/v2\/pages\/7580\" \/><input type=\"hidden\" name=\"form_id\" value=\"7535\"><input type=\"hidden\" name=\"page_id\" value=\"7580\"><input type=\"hidden\" name=\"form_type\" value=\"default\"><input type=\"hidden\" name=\"current_url\" value=\"https:\/\/www.oio.pl\/da\/kontakt\/\"><input type=\"hidden\" name=\"render_id\" value=\"0\"><input type=\"hidden\" name=\"action\" value=\"forminator_submit_form_custom-forms\"><input type=\"hidden\" name=\"trp-form-language\" value=\"da\"\/><\/form><\/div>","protected":false},"excerpt":{"rendered":"","protected":false},"author":34,"featured_media":0,"parent":0,"menu_order":0,"comment_status":"closed","ping_status":"closed","template":"","meta":{"footnotes":""},"class_list":["post-7580","page","type-page","status-publish","czr-hentry"],"yoast_head":"<!-- This site is optimized with the Yoast SEO plugin v27.4 - https:\/\/yoast.com\/product\/yoast-seo-wordpress\/ -->\n<title>Kontakt - Mini PC, Komputery, Laptopy, Translatory<\/title>\n<meta name=\"robots\" content=\"index, follow, max-snippet:-1, max-image-preview:large, max-video-preview:-1\" \/>\n<link rel=\"canonical\" href=\"https:\/\/www.oio.pl\/da\/kontakte\/\" \/>\n<meta property=\"og:locale\" content=\"da_DK\" \/>\n<meta property=\"og:type\" content=\"article\" \/>\n<meta property=\"og:title\" content=\"Kontakt - Mini PC, Komputery, Laptopy, Translatory\" \/>\n<meta property=\"og:url\" content=\"https:\/\/www.oio.pl\/da\/kontakte\/\" \/>\n<meta property=\"og:site_name\" content=\"Mini PC, Komputery, Laptopy, Translatory\" \/>\n<meta property=\"article:publisher\" content=\"https:\/\/www.facebook.com\/oiopl\" \/>\n<meta name=\"twitter:card\" content=\"summary_large_image\" \/>\n<meta name=\"twitter:label1\" content=\"Estimeret l\u00e6setid\" \/>\n\t<meta name=\"twitter:data1\" content=\"1 minut\" \/>\n<script type=\"application\/ld+json\" class=\"yoast-schema-graph\">{\"@context\":\"https:\\\/\\\/schema.org\",\"@graph\":[{\"@type\":\"WebPage\",\"@id\":\"https:\\\/\\\/www.oio.pl\\\/kontakt\\\/\",\"url\":\"https:\\\/\\\/www.oio.pl\\\/kontakt\\\/\",\"name\":\"Kontakt - Mini PC, Komputery, Laptopy, Translatory\",\"isPartOf\":{\"@id\":\"https:\\\/\\\/www.oio.pl\\\/#website\"},\"datePublished\":\"2025-06-29T10:29:29+00:00\",\"breadcrumb\":{\"@id\":\"https:\\\/\\\/www.oio.pl\\\/kontakt\\\/#breadcrumb\"},\"inLanguage\":\"da-DK\",\"potentialAction\":[{\"@type\":\"ReadAction\",\"target\":[\"https:\\\/\\\/www.oio.pl\\\/kontakt\\\/\"]}]},{\"@type\":\"BreadcrumbList\",\"@id\":\"https:\\\/\\\/www.oio.pl\\\/kontakt\\\/#breadcrumb\",\"itemListElement\":[{\"@type\":\"ListItem\",\"position\":1,\"name\":\"Strona g\u0142\u00f3wna\",\"item\":\"https:\\\/\\\/www.oio.pl\\\/\"},{\"@type\":\"ListItem\",\"position\":2,\"name\":\"Kontakt\"}]},{\"@type\":\"WebSite\",\"@id\":\"https:\\\/\\\/www.oio.pl\\\/#website\",\"url\":\"https:\\\/\\\/www.oio.pl\\\/\",\"name\":\"OIO.pl \u2013 Tablety przemys\u0142owe, sprz\u0119t IT dla przemys\u0142u i logistyki\",\"description\":\"tablety przemys\u0142owe, rugged tablet, komputer przemys\u0142owy, tablet wytrzyma\u0142y, sprz\u0119t dla przemys\u0142u, tablet z Windows, tablet IP67, laptop dla magazynu, elektronika przemys\u0142owa, komputery przemys\u0142owe, oio.pl, sprz\u0119t dla logistyki, tablet do pracy w terenie, monitor dotykowy przemys\u0142owy\",\"publisher\":{\"@id\":\"https:\\\/\\\/www.oio.pl\\\/#organization\"},\"alternateName\":\"Sklep internetowy dla przemys\u0142u\",\"potentialAction\":[{\"@type\":\"SearchAction\",\"target\":{\"@type\":\"EntryPoint\",\"urlTemplate\":\"https:\\\/\\\/www.oio.pl\\\/?s={search_term_string}\"},\"query-input\":{\"@type\":\"PropertyValueSpecification\",\"valueRequired\":true,\"valueName\":\"search_term_string\"}}],\"inLanguage\":\"da-DK\"},{\"@type\":\"Organization\",\"@id\":\"https:\\\/\\\/www.oio.pl\\\/#organization\",\"name\":\"OIO\",\"alternateName\":\"Sprz\u0119t komputerowy\",\"url\":\"https:\\\/\\\/www.oio.pl\\\/\",\"logo\":{\"@type\":\"ImageObject\",\"inLanguage\":\"da-DK\",\"@id\":\"https:\\\/\\\/www.oio.pl\\\/#\\\/schema\\\/logo\\\/image\\\/\",\"url\":\"https:\\\/\\\/www.oio.pl\\\/wp-content\\\/uploads\\\/2023\\\/11\\\/cropped-cropped-oio_120x120.jpg\",\"contentUrl\":\"https:\\\/\\\/www.oio.pl\\\/wp-content\\\/uploads\\\/2023\\\/11\\\/cropped-cropped-oio_120x120.jpg\",\"width\":120,\"height\":48,\"caption\":\"OIO\"},\"image\":{\"@id\":\"https:\\\/\\\/www.oio.pl\\\/#\\\/schema\\\/logo\\\/image\\\/\"},\"sameAs\":[\"https:\\\/\\\/www.facebook.com\\\/oiopl\"]}]}<\/script>\n<!-- \/ Yoast SEO plugin. -->","yoast_head_json":{"title":"Kontakt - Mini-pc&#039;er, computere, b\u00e6rbare computere, overs\u00e6ttere","robots":{"index":"index","follow":"follow","max-snippet":"max-snippet:-1","max-image-preview":"max-image-preview:large","max-video-preview":"max-video-preview:-1"},"canonical":"https:\/\/www.oio.pl\/da\/kontakte\/","og_locale":"da_DK","og_type":"article","og_title":"Kontakt - Mini PC, Komputery, Laptopy, Translatory","og_url":"https:\/\/www.oio.pl\/da\/kontakte\/","og_site_name":"Mini PC, Komputery, Laptopy, Translatory","article_publisher":"https:\/\/www.facebook.com\/oiopl","twitter_card":"summary_large_image","twitter_misc":{"Estimeret l\u00e6setid":"1 minut"},"schema":{"@context":"https:\/\/schema.org","@graph":[{"@type":"WebPage","@id":"https:\/\/www.oio.pl\/kontakt\/","url":"https:\/\/www.oio.pl\/kontakt\/","name":"Kontakt - Mini-pc&#039;er, computere, b\u00e6rbare computere, overs\u00e6ttere","isPartOf":{"@id":"https:\/\/www.oio.pl\/#website"},"datePublished":"2025-06-29T10:29:29+00:00","breadcrumb":{"@id":"https:\/\/www.oio.pl\/kontakt\/#breadcrumb"},"inLanguage":"da-DK","potentialAction":[{"@type":"ReadAction","target":["https:\/\/www.oio.pl\/kontakt\/"]}]},{"@type":"BreadcrumbList","@id":"https:\/\/www.oio.pl\/kontakt\/#breadcrumb","itemListElement":[{"@type":"ListItem","position":1,"name":"Strona g\u0142\u00f3wna","item":"https:\/\/www.oio.pl\/"},{"@type":"ListItem","position":2,"name":"Kontakt"}]},{"@type":"WebSite","@id":"https:\/\/www.oio.pl\/#website","url":"https:\/\/www.oio.pl\/","name":"OIO.pl \u2013 Industrielle tablets, IT-udstyr til industri og logistik","description":"Industrielle tablets, robust tablet, industriel computer, holdbar tablet, udstyr til industrien, Windows-tablet, IP67-tablet, b\u00e6rbar lager, industriel elektronik, industrielle computere, oio.pl, logistikudstyr, tablet til feltarbejdsbrug, industriel ber\u00f8ringssk\u00e6rm","publisher":{"@id":"https:\/\/www.oio.pl\/#organization"},"alternateName":"Sklep internetowy dla przemys\u0142u","potentialAction":[{"@type":"SearchAction","target":{"@type":"EntryPoint","urlTemplate":"https:\/\/www.oio.pl\/?s={search_term_string}"},"query-input":{"@type":"PropertyValueSpecification","valueRequired":true,"valueName":"search_term_string"}}],"inLanguage":"da-DK"},{"@type":"Organization","@id":"https:\/\/www.oio.pl\/#organization","name":"OIO","alternateName":"Sprz\u0119t komputerowy","url":"https:\/\/www.oio.pl\/","logo":{"@type":"ImageObject","inLanguage":"da-DK","@id":"https:\/\/www.oio.pl\/#\/schema\/logo\/image\/","url":"https:\/\/www.oio.pl\/wp-content\/uploads\/2023\/11\/cropped-cropped-oio_120x120.jpg","contentUrl":"https:\/\/www.oio.pl\/wp-content\/uploads\/2023\/11\/cropped-cropped-oio_120x120.jpg","width":120,"height":48,"caption":"OIO"},"image":{"@id":"https:\/\/www.oio.pl\/#\/schema\/logo\/image\/"},"sameAs":["https:\/\/www.facebook.com\/oiopl"]}]}},"_links":{"self":[{"href":"https:\/\/www.oio.pl\/da\/wp-json\/wp\/v2\/pages\/7580","targetHints":{"allow":["GET"]}}],"collection":[{"href":"https:\/\/www.oio.pl\/da\/wp-json\/wp\/v2\/pages"}],"about":[{"href":"https:\/\/www.oio.pl\/da\/wp-json\/wp\/v2\/types\/page"}],"author":[{"embeddable":true,"href":"https:\/\/www.oio.pl\/da\/wp-json\/wp\/v2\/users\/34"}],"replies":[{"embeddable":true,"href":"https:\/\/www.oio.pl\/da\/wp-json\/wp\/v2\/comments?post=7580"}],"version-history":[{"count":1,"href":"https:\/\/www.oio.pl\/da\/wp-json\/wp\/v2\/pages\/7580\/revisions"}],"predecessor-version":[{"id":7583,"href":"https:\/\/www.oio.pl\/da\/wp-json\/wp\/v2\/pages\/7580\/revisions\/7583"}],"wp:attachment":[{"href":"https:\/\/www.oio.pl\/da\/wp-json\/wp\/v2\/media?parent=7580"}],"curies":[{"name":"wp","href":"https:\/\/api.w.org\/{rel}","templated":true}]}}