{"id":12,"date":"2019-06-11T12:05:03","date_gmt":"2019-06-11T10:05:03","guid":{"rendered":"http:\/\/www.oio.pl\/?post_type=product&#038;p=12"},"modified":"2022-01-10T13:42:47","modified_gmt":"2022-01-10T12:42:47","slug":"mx10-mini-2gb-16gb-android-9-0-quad-4k","status":"publish","type":"product","link":"https:\/\/www.oio.pl\/da\/product\/mx10-mini-2gb-16gb-android-9-0-quad-4k\/","title":{"rendered":"TV-boks MX10 Mini 2GB 16GB Android 9.0 Quad 4K"},"content":{"rendered":"<p><strong>Ten TV Box<\/strong> mo\u017cna do dowolnego telewizora ze z\u0142\u0105czam HDMI 2.0. Taka konfiguracja pozwala nam korzysta\u0107 z korzystania ze starego telewizora jak i nowoczesnego ze Smart Tv. Miliony aplikacji ze sklepu Google Play pozwala na personalizacj\u0119 urz\u0105dzenia. Wiadomo\u015bci b\u0142yskawiczne, aplikacje multimedialne i spo\u0142eczno\u015bciowe, gry, gry, w ma\u0142ym i skutecznym wszystko MX10 Mini.<\/p>\n<p>Najnowsze oprogramowanie Android 9.0 zapewnia intuicyjn\u0105 konstrukcj\u0119, nowoczesn\u0105 konstrukcj\u0119 oraz jeszcze szybsz\u0105 wydajniejsz\u0105 prac\u0119 urz\u0105dzenia.<\/p>\n<p>Produktspecifikationer:<\/p>\n<ul>\n<li><strong>Processor:<\/strong> Wydajny 4-rdzeniowy RK3328 64-bitowy Cortex-A53<\/li>\n<li><strong>Grafikkort:<\/strong> 5-rdzeniowy Mali-450 do 750 MHz +<\/li>\n<li><strong>Hukommelse:<\/strong> nowoczesna 2 GB DDR3<\/li>\n<li><strong>Disk:<\/strong> szybki 16 GB EMMC<\/li>\n<li><strong>Wyj\u015bcie graficzne:<\/strong> HDMI 2.0 4K 4096 * 2160<\/li>\n<li><strong>Operativsystem:<\/strong> Android 9.0<\/li>\n<li><strong>Wi-Fi-netv\u00e6rk:<\/strong> 2,4 GHz<\/li>\n<\/ul>\n<p>Sklep Google Play<br \/>\nJ\u0119zyk systemu POLSKI i wiele innych (angielski, niemiecki itp.)<br \/>\nObs\u0142uga wideo Avi\/Ts\/Vob\/Mkv\/Mov\/ISO\/wmv\/asf\/flv\/dat\/mpg\/mpeg<br \/>\nObs\u0142uga d\u017awi\u0119ku MP3\/WMA\/AAC\/WAV\/OGG\/DDP\/HD\/FLAC\/APE<br \/>\nObs\u0142uga zdj\u0119\u0107 w formacie HD JPEG\/BMP\/GIF\/PNG\/TIFF<br \/>\nFunkcje KD 18.0, Neflix, Vudu, rozmowy przez Skype, Picasa, Flicker, Youtube, Facebook, filmy online itp.<br \/>\nDodatkowe funkcje DLNA \/ Miracast \/ AirPlay i nie tylko<br \/>\nObs\u0142uga myszy i technologia USB 2,4 GHz<br \/>\n2 porty USB &#8211; 1xUSB 3.0 i 1xUSB 2.0<br \/>\nTF-kortl\u00e6ser<br \/>\nSie\u0107 LAN 10\/100 RJ45<\/p>","protected":false},"excerpt":{"rendered":"<p><b>Tv Box MX10 Mini\u00a0<\/b>to nowoczesny Tv BOX z rozdzielczo\u015bci\u0105 4K UHD pozwalaj\u0105cy cieszy\u0107 si\u0119 wysok\u0105 jako\u015bci\u0105 wy\u015bwietlanego obrazu. Zastosowanie 4-rdzeniowego procesora RK3228 umo\u017cliwia super p\u0142ynne wy\u015bwietlanie obrazu.<\/p>","protected":false},"featured_media":18,"comment_status":"closed","ping_status":"closed","template":"","meta":[],"product_brand":[],"product_cat":[16],"product_tag":[72,21,20],"class_list":{"0":"post-12","1":"product","2":"type-product","3":"status-publish","4":"has-post-thumbnail","6":"product_cat-tvbox","7":"product_tag-android-tv","8":"product_tag-smart-tv","9":"product_tag-tv-box","11":"first","12":"instock","13":"taxable","14":"shipping-taxable","15":"purchasable","16":"product-type-simple","17":"czr-hentry"},"yoast_head":"<!-- This site is optimized with the Yoast SEO plugin v27.4 - https:\/\/yoast.com\/product\/yoast-seo-wordpress\/ -->\n<title>Tv Box MX10 Mini 2GB 16GB Android 9.0 Quad 4K - Mini PC, Komputery, Laptopy, Translatory<\/title>\n<meta name=\"robots\" content=\"index, follow, max-snippet:-1, max-image-preview:large, max-video-preview:-1\" \/>\n<link rel=\"canonical\" href=\"https:\/\/www.oio.pl\/da\/produkt-2\/mx10-mini-2gb-16gb-android-9-0-quad-4k\/\" \/>\n<meta property=\"og:locale\" content=\"da_DK\" \/>\n<meta property=\"og:type\" content=\"article\" \/>\n<meta property=\"og:title\" content=\"Tv Box MX10 Mini 2GB 16GB Android 9.0 Quad 4K - Mini PC, Komputery, Laptopy, Translatory\" \/>\n<meta property=\"og:description\" content=\"Tv Box MX10 Mini\u00a0to nowoczesny Tv BOX z rozdzielczo\u015bci\u0105 4K UHD pozwalaj\u0105cy cieszy\u0107 si\u0119 wysok\u0105 jako\u015bci\u0105 wy\u015bwietlanego obrazu. Zastosowanie 4-rdzeniowego procesora RK3228 umo\u017cliwia super p\u0142ynne wy\u015bwietlanie obrazu.\" \/>\n<meta property=\"og:url\" content=\"https:\/\/www.oio.pl\/da\/produkt-2\/mx10-mini-2gb-16gb-android-9-0-quad-4k\/\" \/>\n<meta property=\"og:site_name\" content=\"Mini PC, Komputery, Laptopy, Translatory\" \/>\n<meta property=\"article:publisher\" content=\"https:\/\/www.facebook.com\/oiopl\" \/>\n<meta property=\"article:modified_time\" content=\"2022-01-10T12:42:47+00:00\" \/>\n<meta property=\"og:image\" content=\"https:\/\/www.oio.pl\/wp-content\/uploads\/2019\/06\/6.jpg\" \/>\n\t<meta property=\"og:image:width\" content=\"800\" \/>\n\t<meta property=\"og:image:height\" content=\"800\" \/>\n\t<meta property=\"og:image:type\" content=\"image\/jpeg\" \/>\n<meta name=\"twitter:card\" content=\"summary_large_image\" \/>\n<meta name=\"twitter:label1\" content=\"Estimeret l\u00e6setid\" \/>\n\t<meta name=\"twitter:data1\" content=\"1 minut\" \/>\n<script type=\"application\/ld+json\" class=\"yoast-schema-graph\">{\"@context\":\"https:\\\/\\\/schema.org\",\"@graph\":[{\"@type\":\"WebPage\",\"@id\":\"https:\\\/\\\/www.oio.pl\\\/product\\\/mx10-mini-2gb-16gb-android-9-0-quad-4k\\\/\",\"url\":\"https:\\\/\\\/www.oio.pl\\\/product\\\/mx10-mini-2gb-16gb-android-9-0-quad-4k\\\/\",\"name\":\"Tv Box MX10 Mini 2GB 16GB Android 9.0 Quad 4K - Mini PC, Komputery, Laptopy, Translatory\",\"isPartOf\":{\"@id\":\"https:\\\/\\\/www.oio.pl\\\/#website\"},\"primaryImageOfPage\":{\"@id\":\"https:\\\/\\\/www.oio.pl\\\/product\\\/mx10-mini-2gb-16gb-android-9-0-quad-4k\\\/#primaryimage\"},\"image\":{\"@id\":\"https:\\\/\\\/www.oio.pl\\\/product\\\/mx10-mini-2gb-16gb-android-9-0-quad-4k\\\/#primaryimage\"},\"thumbnailUrl\":\"https:\\\/\\\/www.oio.pl\\\/wp-content\\\/uploads\\\/2019\\\/06\\\/6.jpg\",\"datePublished\":\"2019-06-11T10:05:03+00:00\",\"dateModified\":\"2022-01-10T12:42:47+00:00\",\"breadcrumb\":{\"@id\":\"https:\\\/\\\/www.oio.pl\\\/product\\\/mx10-mini-2gb-16gb-android-9-0-quad-4k\\\/#breadcrumb\"},\"inLanguage\":\"da-DK\",\"potentialAction\":[{\"@type\":\"ReadAction\",\"target\":[\"https:\\\/\\\/www.oio.pl\\\/product\\\/mx10-mini-2gb-16gb-android-9-0-quad-4k\\\/\"]}]},{\"@type\":\"ImageObject\",\"inLanguage\":\"da-DK\",\"@id\":\"https:\\\/\\\/www.oio.pl\\\/product\\\/mx10-mini-2gb-16gb-android-9-0-quad-4k\\\/#primaryimage\",\"url\":\"https:\\\/\\\/www.oio.pl\\\/wp-content\\\/uploads\\\/2019\\\/06\\\/6.jpg\",\"contentUrl\":\"https:\\\/\\\/www.oio.pl\\\/wp-content\\\/uploads\\\/2019\\\/06\\\/6.jpg\",\"width\":800,\"height\":800},{\"@type\":\"BreadcrumbList\",\"@id\":\"https:\\\/\\\/www.oio.pl\\\/product\\\/mx10-mini-2gb-16gb-android-9-0-quad-4k\\\/#breadcrumb\",\"itemListElement\":[{\"@type\":\"ListItem\",\"position\":1,\"name\":\"Strona g\u0142\u00f3wna\",\"item\":\"https:\\\/\\\/www.oio.pl\\\/\"},{\"@type\":\"ListItem\",\"position\":2,\"name\":\"Produkty\",\"item\":\"https:\\\/\\\/www.oio.pl\\\/\"},{\"@type\":\"ListItem\",\"position\":3,\"name\":\"Tv Box MX10 Mini 2GB 16GB Android 9.0 Quad 4K\"}]},{\"@type\":\"WebSite\",\"@id\":\"https:\\\/\\\/www.oio.pl\\\/#website\",\"url\":\"https:\\\/\\\/www.oio.pl\\\/\",\"name\":\"OIO.pl \u2013 Tablety przemys\u0142owe, sprz\u0119t IT dla przemys\u0142u i logistyki\",\"description\":\"tablety przemys\u0142owe, rugged tablet, komputer przemys\u0142owy, tablet wytrzyma\u0142y, sprz\u0119t dla przemys\u0142u, tablet z Windows, tablet IP67, laptop dla magazynu, elektronika przemys\u0142owa, komputery przemys\u0142owe, oio.pl, sprz\u0119t dla logistyki, tablet do pracy w terenie, monitor dotykowy przemys\u0142owy\",\"publisher\":{\"@id\":\"https:\\\/\\\/www.oio.pl\\\/#organization\"},\"alternateName\":\"Sklep internetowy dla przemys\u0142u\",\"potentialAction\":[{\"@type\":\"SearchAction\",\"target\":{\"@type\":\"EntryPoint\",\"urlTemplate\":\"https:\\\/\\\/www.oio.pl\\\/?s={search_term_string}\"},\"query-input\":{\"@type\":\"PropertyValueSpecification\",\"valueRequired\":true,\"valueName\":\"search_term_string\"}}],\"inLanguage\":\"da-DK\"},{\"@type\":\"Organization\",\"@id\":\"https:\\\/\\\/www.oio.pl\\\/#organization\",\"name\":\"OIO\",\"alternateName\":\"Sprz\u0119t komputerowy\",\"url\":\"https:\\\/\\\/www.oio.pl\\\/\",\"logo\":{\"@type\":\"ImageObject\",\"inLanguage\":\"da-DK\",\"@id\":\"https:\\\/\\\/www.oio.pl\\\/#\\\/schema\\\/logo\\\/image\\\/\",\"url\":\"https:\\\/\\\/www.oio.pl\\\/wp-content\\\/uploads\\\/2023\\\/11\\\/cropped-cropped-oio_120x120.jpg\",\"contentUrl\":\"https:\\\/\\\/www.oio.pl\\\/wp-content\\\/uploads\\\/2023\\\/11\\\/cropped-cropped-oio_120x120.jpg\",\"width\":120,\"height\":48,\"caption\":\"OIO\"},\"image\":{\"@id\":\"https:\\\/\\\/www.oio.pl\\\/#\\\/schema\\\/logo\\\/image\\\/\"},\"sameAs\":[\"https:\\\/\\\/www.facebook.com\\\/oiopl\"]}]}<\/script>\n<!-- \/ Yoast SEO plugin. -->","yoast_head_json":{"title":"Tv Box MX10 Mini 2GB 16GB Android 9.0 Quad 4K - Mini PC, Komputery, Laptopy, Translatory","robots":{"index":"index","follow":"follow","max-snippet":"max-snippet:-1","max-image-preview":"max-image-preview:large","max-video-preview":"max-video-preview:-1"},"canonical":"https:\/\/www.oio.pl\/da\/produkt-2\/mx10-mini-2gb-16gb-android-9-0-quad-4k\/","og_locale":"da_DK","og_type":"article","og_title":"Tv Box MX10 Mini 2GB 16GB Android 9.0 Quad 4K - Mini PC, Komputery, Laptopy, Translatory","og_description":"Tv Box MX10 Mini\u00a0to nowoczesny Tv BOX z rozdzielczo\u015bci\u0105 4K UHD pozwalaj\u0105cy cieszy\u0107 si\u0119 wysok\u0105 jako\u015bci\u0105 wy\u015bwietlanego obrazu. Zastosowanie 4-rdzeniowego procesora RK3228 umo\u017cliwia super p\u0142ynne wy\u015bwietlanie obrazu.","og_url":"https:\/\/www.oio.pl\/da\/produkt-2\/mx10-mini-2gb-16gb-android-9-0-quad-4k\/","og_site_name":"Mini PC, Komputery, Laptopy, Translatory","article_publisher":"https:\/\/www.facebook.com\/oiopl","article_modified_time":"2022-01-10T12:42:47+00:00","og_image":[{"width":800,"height":800,"url":"https:\/\/www.oio.pl\/wp-content\/uploads\/2019\/06\/6.jpg","type":"image\/jpeg"}],"twitter_card":"summary_large_image","twitter_misc":{"Estimeret l\u00e6setid":"1 minut"},"schema":{"@context":"https:\/\/schema.org","@graph":[{"@type":"WebPage","@id":"https:\/\/www.oio.pl\/product\/mx10-mini-2gb-16gb-android-9-0-quad-4k\/","url":"https:\/\/www.oio.pl\/product\/mx10-mini-2gb-16gb-android-9-0-quad-4k\/","name":"Tv Box MX10 Mini 2GB 16GB Android 9.0 Quad 4K - Mini PC, Komputery, Laptopy, Translatory","isPartOf":{"@id":"https:\/\/www.oio.pl\/#website"},"primaryImageOfPage":{"@id":"https:\/\/www.oio.pl\/product\/mx10-mini-2gb-16gb-android-9-0-quad-4k\/#primaryimage"},"image":{"@id":"https:\/\/www.oio.pl\/product\/mx10-mini-2gb-16gb-android-9-0-quad-4k\/#primaryimage"},"thumbnailUrl":"https:\/\/www.oio.pl\/wp-content\/uploads\/2019\/06\/6.jpg","datePublished":"2019-06-11T10:05:03+00:00","dateModified":"2022-01-10T12:42:47+00:00","breadcrumb":{"@id":"https:\/\/www.oio.pl\/product\/mx10-mini-2gb-16gb-android-9-0-quad-4k\/#breadcrumb"},"inLanguage":"da-DK","potentialAction":[{"@type":"ReadAction","target":["https:\/\/www.oio.pl\/product\/mx10-mini-2gb-16gb-android-9-0-quad-4k\/"]}]},{"@type":"ImageObject","inLanguage":"da-DK","@id":"https:\/\/www.oio.pl\/product\/mx10-mini-2gb-16gb-android-9-0-quad-4k\/#primaryimage","url":"https:\/\/www.oio.pl\/wp-content\/uploads\/2019\/06\/6.jpg","contentUrl":"https:\/\/www.oio.pl\/wp-content\/uploads\/2019\/06\/6.jpg","width":800,"height":800},{"@type":"BreadcrumbList","@id":"https:\/\/www.oio.pl\/product\/mx10-mini-2gb-16gb-android-9-0-quad-4k\/#breadcrumb","itemListElement":[{"@type":"ListItem","position":1,"name":"Strona g\u0142\u00f3wna","item":"https:\/\/www.oio.pl\/"},{"@type":"ListItem","position":2,"name":"Produkty","item":"https:\/\/www.oio.pl\/"},{"@type":"ListItem","position":3,"name":"Tv Box MX10 Mini 2GB 16GB Android 9.0 Quad 4K"}]},{"@type":"WebSite","@id":"https:\/\/www.oio.pl\/#website","url":"https:\/\/www.oio.pl\/","name":"OIO.pl \u2013 Industrielle tablets, IT-udstyr til industri og logistik","description":"Industrielle tablets, robust tablet, industriel computer, holdbar tablet, udstyr til industrien, Windows-tablet, IP67-tablet, b\u00e6rbar lager, industriel elektronik, industrielle computere, oio.pl, logistikudstyr, tablet til feltarbejdsbrug, industriel ber\u00f8ringssk\u00e6rm","publisher":{"@id":"https:\/\/www.oio.pl\/#organization"},"alternateName":"Sklep internetowy dla przemys\u0142u","potentialAction":[{"@type":"SearchAction","target":{"@type":"EntryPoint","urlTemplate":"https:\/\/www.oio.pl\/?s={search_term_string}"},"query-input":{"@type":"PropertyValueSpecification","valueRequired":true,"valueName":"search_term_string"}}],"inLanguage":"da-DK"},{"@type":"Organization","@id":"https:\/\/www.oio.pl\/#organization","name":"OIO","alternateName":"Sprz\u0119t komputerowy","url":"https:\/\/www.oio.pl\/","logo":{"@type":"ImageObject","inLanguage":"da-DK","@id":"https:\/\/www.oio.pl\/#\/schema\/logo\/image\/","url":"https:\/\/www.oio.pl\/wp-content\/uploads\/2023\/11\/cropped-cropped-oio_120x120.jpg","contentUrl":"https:\/\/www.oio.pl\/wp-content\/uploads\/2023\/11\/cropped-cropped-oio_120x120.jpg","width":120,"height":48,"caption":"OIO"},"image":{"@id":"https:\/\/www.oio.pl\/#\/schema\/logo\/image\/"},"sameAs":["https:\/\/www.facebook.com\/oiopl"]}]}},"_links":{"self":[{"href":"https:\/\/www.oio.pl\/da\/wp-json\/wp\/v2\/product\/12","targetHints":{"allow":["GET"]}}],"collection":[{"href":"https:\/\/www.oio.pl\/da\/wp-json\/wp\/v2\/product"}],"about":[{"href":"https:\/\/www.oio.pl\/da\/wp-json\/wp\/v2\/types\/product"}],"replies":[{"embeddable":true,"href":"https:\/\/www.oio.pl\/da\/wp-json\/wp\/v2\/comments?post=12"}],"wp:featuredmedia":[{"embeddable":true,"href":"https:\/\/www.oio.pl\/da\/wp-json\/wp\/v2\/media\/18"}],"wp:attachment":[{"href":"https:\/\/www.oio.pl\/da\/wp-json\/wp\/v2\/media?parent=12"}],"wp:term":[{"taxonomy":"product_brand","embeddable":true,"href":"https:\/\/www.oio.pl\/da\/wp-json\/wp\/v2\/product_brand?post=12"},{"taxonomy":"product_cat","embeddable":true,"href":"https:\/\/www.oio.pl\/da\/wp-json\/wp\/v2\/product_cat?post=12"},{"taxonomy":"product_tag","embeddable":true,"href":"https:\/\/www.oio.pl\/da\/wp-json\/wp\/v2\/product_tag?post=12"}],"curies":[{"name":"wp","href":"https:\/\/api.w.org\/{rel}","templated":true}]}}