{"id":1313,"date":"2020-06-21T12:05:02","date_gmt":"2020-06-21T10:05:02","guid":{"rendered":"https:\/\/www.oio.pl\/?post_type=product&#038;p=1313"},"modified":"2023-11-15T15:43:14","modified_gmt":"2023-11-15T14:43:14","slug":"tradlose-knogleledningshovedtelefoner-f1-bluetooth-ip55","status":"publish","type":"product","link":"https:\/\/www.oio.pl\/da\/product\/sluchawki-bezprzewodowe-kostne-f1-bluetooth-ip55\/","title":{"rendered":"F1 Bluetooth IP55 Bone tr\u00e5dl\u00f8se hovedtelefoner"},"content":{"rendered":"<div class=\"_1voj4 _z9prt _1xzdi _ai5yc _5d6n2 _15lj1\">\n<div class=\"_2d49e_5pK0q\">\n<h1>Vandt\u00e6tte benledningshovedtelefoner med 6 timers spilletid<\/h1>\n<p>De eneste, unikke designede, tr\u00e5dl\u00f8se F1-hovedtelefoner, lette, holdbare og med langvarig musikafspilning.<\/p>\n<p>Lydledningsteknologi leverer musik gennem kindbenene og sikrer, at dine \u00f8rer forbliver helt \u00e5bne for lydene omkring dig uden ubehaget ved tilstoppede \u00f8rer.<\/p>\n<p>Moderne tr\u00e5dl\u00f8se hovedtelefoner med Bluetooth-forbindelse og praktisk parring, der er kompatible med smartphones, tablets og b\u00e6rbare computere, der underst\u00f8tter Bluetooth-forbindelse.<\/p>\n<p>Specielt designet form, letv\u00e6gt p\u00e5 38 gram, holdbarhed med hukommelsesskelet lavet af titanlegering giver komfort ved langvarig brug. Kombineret med lang batterilevetid giver den dig mulighed for at nyde kontinuerlig musik og opkald i op til seks timer.<\/p>\n<\/div>\n<\/div>\n<div class=\"_1voj4 _z9prt _1xzdi _ai5yc _5d6n2 _15lj1\">\n<div class=\"_4lbi0 _6kfrx _ur8qq _u5o1q _1xm8p _1agsg\">\n<div class=\"_18vat _10a7o _1yhvf _7ccvy\">\n<p><b>Tekniske specifikationer:<\/b><\/p>\n<ul>\n<li><b>Farve:\u00a0<\/b>gr\u00e5gr\u00f8n<\/li>\n<li><b>Bluetooth:\u00a0<\/b>\u00a0v5.0<\/li>\n<li><b>Chip:<\/b>\u00a0Bluetooth CRS<\/li>\n<li><b>Modstandsdygtighed:<\/b>\u00a0HFP, HFP, AVRCP, A2DP<\/li>\n<li><b>Maksimal afstand fra sender:<\/b>\u00a0 10m<\/li>\n<li><b>Vandt\u00e6t:<\/b>\u00a0IP55<\/li>\n<li><b>Lydstyrke: 88 +\/- 3db<\/b><\/li>\n<li><b>Frekvensrespons:<\/b>\u00a020 - 20000Hz<\/li>\n<li><b>Batterikapacitet:<\/b>\u00a0180mAh<\/li>\n<li><b>Maksimal arbejdstid:<\/b>\u00a06 timer<\/li>\n<li><b>Opladningstid:<\/b>\u00a02 timer<\/li>\n<li><b>Taletid:<\/b>\u00a06 timer<\/li>\n<li><b>Standby-tid:<\/b>\u00a0 7 dage<\/li>\n<li><b>V\u00e6gten:<\/b>\u00a038 gram<\/li>\n<li><b>Mikro-USB-stik:\u00a0<\/b>5V 1A<\/li>\n<li><b>Stemmeassistent:<\/b>\u00a0adgang til Siri og Google Assistant<\/li>\n<\/ul>\n<p><b>Hvorfor er benledningshovedtelefoner bedre?<\/b><\/p>\n<p>\u2013 musikken h\u00f8res direkte i dit hoved, hvilket giver en endnu st\u00f8rre fornemmelse af studielyd, rumlig lyd,<\/p>\n<p>\u2013 n\u00e5r du bruger hovedtelefoner, kan du h\u00f8re lyde fra omgivelserne, vejen og alt, der kan for\u00e5rsage fare,<\/p>\n<p>\u2013 for at tale med personen ved siden af dig beh\u00f8ver du ikke at hive noget frem,<\/p>\n<p>\u2013 ingen ubehag ved tilstoppede \u00f8rer, intet behov for at v\u00e6lge st\u00f8rrelse p\u00e5 \u00f8regummier,<\/p>\n<p>\u2013 i kombination med Bluetooth-teknologi slipper du for kabler og hygiejneproblemer, du beh\u00f8ver ikke bekymre dig om, at nogen bruger dem \u2013 s\u00e6t dine hovedtelefoner i deres \u00f8rer \ud83d\ude42<\/p>\n<\/div>\n<\/div>\n<\/div>","protected":false},"excerpt":{"rendered":"<p>Wodoodporne s\u0142uchawki kostne z czasem 6 h Jedyne, unikalny design, bezprzewodowe s\u0142uchawki F1, lekkie, wytrzyma\u0142e i z d\u0142ugim z czasem odtwarzanie muzyki. Technologia przewodzenia d\u017awi\u0119ku dostarcza muzyk\u0119 przez ko\u015bci policzkowe, zapewniaj\u0105c, \u017ce uszy pozostaj\u0105 ca\u0142kowicie otwarte na d\u017awi\u0119ki wok\u00f3\u0142 nas bez dyskomfortu zatkanych uszu. Nowoczesne s\u0142uchawki bezprzewodowe z \u0142\u0105czno\u015bci\u0105 Bluetooth i wygodnym parowaniem kompatybilnym ze [&hellip;]<\/p>\n","protected":false},"featured_media":1320,"comment_status":"closed","ping_status":"closed","template":"","meta":[],"product_brand":[],"product_cat":[23],"product_tag":[],"class_list":{"0":"post-1313","1":"product","2":"type-product","3":"status-publish","4":"has-post-thumbnail","6":"product_cat-karaoke","8":"first","9":"instock","10":"taxable","11":"shipping-taxable","12":"purchasable","13":"product-type-simple","14":"czr-hentry"},"yoast_head":"<!-- This site is optimized with the Yoast SEO plugin v27.4 - https:\/\/yoast.com\/product\/yoast-seo-wordpress\/ -->\n<title>S\u0142uchawki bezprzewodowe kostne F1 Bluetooth IP55 - Mini PC, Komputery, Laptopy, Translatory<\/title>\n<meta name=\"robots\" content=\"index, follow, max-snippet:-1, max-image-preview:large, max-video-preview:-1\" \/>\n<link rel=\"canonical\" href=\"https:\/\/www.oio.pl\/da\/produkt-2\/tradlose-knogleledningshovedtelefoner-f1-bluetooth-ip55\/\" \/>\n<meta property=\"og:locale\" content=\"da_DK\" \/>\n<meta property=\"og:type\" content=\"article\" \/>\n<meta property=\"og:title\" content=\"S\u0142uchawki bezprzewodowe kostne F1 Bluetooth IP55 - Mini PC, Komputery, Laptopy, Translatory\" \/>\n<meta property=\"og:description\" content=\"Wodoodporne s\u0142uchawki kostne z czasem 6 h Jedyne, unikalny design, bezprzewodowe s\u0142uchawki F1, lekkie, wytrzyma\u0142e i z d\u0142ugim z czasem odtwarzanie muzyki. Technologia przewodzenia d\u017awi\u0119ku dostarcza muzyk\u0119 przez ko\u015bci policzkowe, zapewniaj\u0105c, \u017ce uszy pozostaj\u0105 ca\u0142kowicie otwarte na d\u017awi\u0119ki wok\u00f3\u0142 nas bez dyskomfortu zatkanych uszu. Nowoczesne s\u0142uchawki bezprzewodowe z \u0142\u0105czno\u015bci\u0105 Bluetooth i wygodnym parowaniem kompatybilnym ze [&hellip;]\" \/>\n<meta property=\"og:url\" content=\"https:\/\/www.oio.pl\/da\/produkt-2\/tradlose-knogleledningshovedtelefoner-f1-bluetooth-ip55\/\" \/>\n<meta property=\"og:site_name\" content=\"Mini PC, Komputery, Laptopy, Translatory\" \/>\n<meta property=\"article:publisher\" content=\"https:\/\/www.facebook.com\/oiopl\" \/>\n<meta property=\"article:modified_time\" content=\"2023-11-15T14:43:14+00:00\" \/>\n<meta property=\"og:image\" content=\"https:\/\/www.oio.pl\/wp-content\/uploads\/2020\/06\/F1_15.jpg\" \/>\n\t<meta property=\"og:image:width\" content=\"1000\" \/>\n\t<meta property=\"og:image:height\" content=\"1000\" \/>\n\t<meta property=\"og:image:type\" content=\"image\/jpeg\" \/>\n<meta name=\"twitter:card\" content=\"summary_large_image\" \/>\n<meta name=\"twitter:label1\" content=\"Estimeret l\u00e6setid\" \/>\n\t<meta name=\"twitter:data1\" content=\"1 minut\" \/>\n<script type=\"application\/ld+json\" class=\"yoast-schema-graph\">{\"@context\":\"https:\\\/\\\/schema.org\",\"@graph\":[{\"@type\":\"WebPage\",\"@id\":\"https:\\\/\\\/www.oio.pl\\\/product\\\/sluchawki-bezprzewodowe-kostne-f1-bluetooth-ip55\\\/\",\"url\":\"https:\\\/\\\/www.oio.pl\\\/product\\\/sluchawki-bezprzewodowe-kostne-f1-bluetooth-ip55\\\/\",\"name\":\"S\u0142uchawki bezprzewodowe kostne F1 Bluetooth IP55 - Mini PC, Komputery, Laptopy, Translatory\",\"isPartOf\":{\"@id\":\"https:\\\/\\\/www.oio.pl\\\/#website\"},\"primaryImageOfPage\":{\"@id\":\"https:\\\/\\\/www.oio.pl\\\/product\\\/sluchawki-bezprzewodowe-kostne-f1-bluetooth-ip55\\\/#primaryimage\"},\"image\":{\"@id\":\"https:\\\/\\\/www.oio.pl\\\/product\\\/sluchawki-bezprzewodowe-kostne-f1-bluetooth-ip55\\\/#primaryimage\"},\"thumbnailUrl\":\"https:\\\/\\\/www.oio.pl\\\/wp-content\\\/uploads\\\/2020\\\/06\\\/F1_15.jpg\",\"datePublished\":\"2020-06-21T10:05:02+00:00\",\"dateModified\":\"2023-11-15T14:43:14+00:00\",\"breadcrumb\":{\"@id\":\"https:\\\/\\\/www.oio.pl\\\/product\\\/sluchawki-bezprzewodowe-kostne-f1-bluetooth-ip55\\\/#breadcrumb\"},\"inLanguage\":\"da-DK\",\"potentialAction\":[{\"@type\":\"ReadAction\",\"target\":[\"https:\\\/\\\/www.oio.pl\\\/product\\\/sluchawki-bezprzewodowe-kostne-f1-bluetooth-ip55\\\/\"]}]},{\"@type\":\"ImageObject\",\"inLanguage\":\"da-DK\",\"@id\":\"https:\\\/\\\/www.oio.pl\\\/product\\\/sluchawki-bezprzewodowe-kostne-f1-bluetooth-ip55\\\/#primaryimage\",\"url\":\"https:\\\/\\\/www.oio.pl\\\/wp-content\\\/uploads\\\/2020\\\/06\\\/F1_15.jpg\",\"contentUrl\":\"https:\\\/\\\/www.oio.pl\\\/wp-content\\\/uploads\\\/2020\\\/06\\\/F1_15.jpg\",\"width\":1000,\"height\":1000},{\"@type\":\"BreadcrumbList\",\"@id\":\"https:\\\/\\\/www.oio.pl\\\/product\\\/sluchawki-bezprzewodowe-kostne-f1-bluetooth-ip55\\\/#breadcrumb\",\"itemListElement\":[{\"@type\":\"ListItem\",\"position\":1,\"name\":\"Strona g\u0142\u00f3wna\",\"item\":\"https:\\\/\\\/www.oio.pl\\\/\"},{\"@type\":\"ListItem\",\"position\":2,\"name\":\"Produkty\",\"item\":\"https:\\\/\\\/www.oio.pl\\\/\"},{\"@type\":\"ListItem\",\"position\":3,\"name\":\"S\u0142uchawki bezprzewodowe kostne F1 Bluetooth IP55\"}]},{\"@type\":\"WebSite\",\"@id\":\"https:\\\/\\\/www.oio.pl\\\/#website\",\"url\":\"https:\\\/\\\/www.oio.pl\\\/\",\"name\":\"OIO.pl \u2013 Tablety przemys\u0142owe, sprz\u0119t IT dla przemys\u0142u i logistyki\",\"description\":\"tablety przemys\u0142owe, rugged tablet, komputer przemys\u0142owy, tablet wytrzyma\u0142y, sprz\u0119t dla przemys\u0142u, tablet z Windows, tablet IP67, laptop dla magazynu, elektronika przemys\u0142owa, komputery przemys\u0142owe, oio.pl, sprz\u0119t dla logistyki, tablet do pracy w terenie, monitor dotykowy przemys\u0142owy\",\"publisher\":{\"@id\":\"https:\\\/\\\/www.oio.pl\\\/#organization\"},\"alternateName\":\"Sklep internetowy dla przemys\u0142u\",\"potentialAction\":[{\"@type\":\"SearchAction\",\"target\":{\"@type\":\"EntryPoint\",\"urlTemplate\":\"https:\\\/\\\/www.oio.pl\\\/?s={search_term_string}\"},\"query-input\":{\"@type\":\"PropertyValueSpecification\",\"valueRequired\":true,\"valueName\":\"search_term_string\"}}],\"inLanguage\":\"da-DK\"},{\"@type\":\"Organization\",\"@id\":\"https:\\\/\\\/www.oio.pl\\\/#organization\",\"name\":\"OIO\",\"alternateName\":\"Sprz\u0119t komputerowy\",\"url\":\"https:\\\/\\\/www.oio.pl\\\/\",\"logo\":{\"@type\":\"ImageObject\",\"inLanguage\":\"da-DK\",\"@id\":\"https:\\\/\\\/www.oio.pl\\\/#\\\/schema\\\/logo\\\/image\\\/\",\"url\":\"https:\\\/\\\/www.oio.pl\\\/wp-content\\\/uploads\\\/2023\\\/11\\\/cropped-cropped-oio_120x120.jpg\",\"contentUrl\":\"https:\\\/\\\/www.oio.pl\\\/wp-content\\\/uploads\\\/2023\\\/11\\\/cropped-cropped-oio_120x120.jpg\",\"width\":120,\"height\":48,\"caption\":\"OIO\"},\"image\":{\"@id\":\"https:\\\/\\\/www.oio.pl\\\/#\\\/schema\\\/logo\\\/image\\\/\"},\"sameAs\":[\"https:\\\/\\\/www.facebook.com\\\/oiopl\"]}]}<\/script>\n<!-- \/ Yoast SEO plugin. -->","yoast_head_json":{"title":"F1 Bluetooth IP55 Tr\u00e5dl\u00f8se Benledningshovedtelefoner - Mini PC, Computere, B\u00e6rbare PC&#039;er, Overs\u00e6ttere","robots":{"index":"index","follow":"follow","max-snippet":"max-snippet:-1","max-image-preview":"max-image-preview:large","max-video-preview":"max-video-preview:-1"},"canonical":"https:\/\/www.oio.pl\/da\/produkt-2\/tradlose-knogleledningshovedtelefoner-f1-bluetooth-ip55\/","og_locale":"da_DK","og_type":"article","og_title":"S\u0142uchawki bezprzewodowe kostne F1 Bluetooth IP55 - Mini PC, Komputery, Laptopy, Translatory","og_description":"Wodoodporne s\u0142uchawki kostne z czasem 6 h Jedyne, unikalny design, bezprzewodowe s\u0142uchawki F1, lekkie, wytrzyma\u0142e i z d\u0142ugim z czasem odtwarzanie muzyki. Technologia przewodzenia d\u017awi\u0119ku dostarcza muzyk\u0119 przez ko\u015bci policzkowe, zapewniaj\u0105c, \u017ce uszy pozostaj\u0105 ca\u0142kowicie otwarte na d\u017awi\u0119ki wok\u00f3\u0142 nas bez dyskomfortu zatkanych uszu. Nowoczesne s\u0142uchawki bezprzewodowe z \u0142\u0105czno\u015bci\u0105 Bluetooth i wygodnym parowaniem kompatybilnym ze [&hellip;]","og_url":"https:\/\/www.oio.pl\/da\/produkt-2\/tradlose-knogleledningshovedtelefoner-f1-bluetooth-ip55\/","og_site_name":"Mini PC, Komputery, Laptopy, Translatory","article_publisher":"https:\/\/www.facebook.com\/oiopl","article_modified_time":"2023-11-15T14:43:14+00:00","og_image":[{"width":1000,"height":1000,"url":"https:\/\/www.oio.pl\/wp-content\/uploads\/2020\/06\/F1_15.jpg","type":"image\/jpeg"}],"twitter_card":"summary_large_image","twitter_misc":{"Estimeret l\u00e6setid":"1 minut"},"schema":{"@context":"https:\/\/schema.org","@graph":[{"@type":"WebPage","@id":"https:\/\/www.oio.pl\/product\/sluchawki-bezprzewodowe-kostne-f1-bluetooth-ip55\/","url":"https:\/\/www.oio.pl\/product\/sluchawki-bezprzewodowe-kostne-f1-bluetooth-ip55\/","name":"F1 Bluetooth IP55 Tr\u00e5dl\u00f8se Benledningshovedtelefoner - Mini PC, Computere, B\u00e6rbare PC&#039;er, Overs\u00e6ttere","isPartOf":{"@id":"https:\/\/www.oio.pl\/#website"},"primaryImageOfPage":{"@id":"https:\/\/www.oio.pl\/product\/sluchawki-bezprzewodowe-kostne-f1-bluetooth-ip55\/#primaryimage"},"image":{"@id":"https:\/\/www.oio.pl\/product\/sluchawki-bezprzewodowe-kostne-f1-bluetooth-ip55\/#primaryimage"},"thumbnailUrl":"https:\/\/www.oio.pl\/wp-content\/uploads\/2020\/06\/F1_15.jpg","datePublished":"2020-06-21T10:05:02+00:00","dateModified":"2023-11-15T14:43:14+00:00","breadcrumb":{"@id":"https:\/\/www.oio.pl\/product\/sluchawki-bezprzewodowe-kostne-f1-bluetooth-ip55\/#breadcrumb"},"inLanguage":"da-DK","potentialAction":[{"@type":"ReadAction","target":["https:\/\/www.oio.pl\/product\/sluchawki-bezprzewodowe-kostne-f1-bluetooth-ip55\/"]}]},{"@type":"ImageObject","inLanguage":"da-DK","@id":"https:\/\/www.oio.pl\/product\/sluchawki-bezprzewodowe-kostne-f1-bluetooth-ip55\/#primaryimage","url":"https:\/\/www.oio.pl\/wp-content\/uploads\/2020\/06\/F1_15.jpg","contentUrl":"https:\/\/www.oio.pl\/wp-content\/uploads\/2020\/06\/F1_15.jpg","width":1000,"height":1000},{"@type":"BreadcrumbList","@id":"https:\/\/www.oio.pl\/product\/sluchawki-bezprzewodowe-kostne-f1-bluetooth-ip55\/#breadcrumb","itemListElement":[{"@type":"ListItem","position":1,"name":"Strona g\u0142\u00f3wna","item":"https:\/\/www.oio.pl\/"},{"@type":"ListItem","position":2,"name":"Produkty","item":"https:\/\/www.oio.pl\/"},{"@type":"ListItem","position":3,"name":"S\u0142uchawki bezprzewodowe kostne F1 Bluetooth IP55"}]},{"@type":"WebSite","@id":"https:\/\/www.oio.pl\/#website","url":"https:\/\/www.oio.pl\/","name":"OIO.pl \u2013 Industrielle tablets, IT-udstyr til industri og logistik","description":"Industrielle tablets, robust tablet, industriel computer, holdbar tablet, udstyr til industrien, Windows-tablet, IP67-tablet, b\u00e6rbar lager, industriel elektronik, industrielle computere, oio.pl, logistikudstyr, tablet til feltarbejdsbrug, industriel ber\u00f8ringssk\u00e6rm","publisher":{"@id":"https:\/\/www.oio.pl\/#organization"},"alternateName":"Sklep internetowy dla przemys\u0142u","potentialAction":[{"@type":"SearchAction","target":{"@type":"EntryPoint","urlTemplate":"https:\/\/www.oio.pl\/?s={search_term_string}"},"query-input":{"@type":"PropertyValueSpecification","valueRequired":true,"valueName":"search_term_string"}}],"inLanguage":"da-DK"},{"@type":"Organization","@id":"https:\/\/www.oio.pl\/#organization","name":"OIO","alternateName":"Sprz\u0119t komputerowy","url":"https:\/\/www.oio.pl\/","logo":{"@type":"ImageObject","inLanguage":"da-DK","@id":"https:\/\/www.oio.pl\/#\/schema\/logo\/image\/","url":"https:\/\/www.oio.pl\/wp-content\/uploads\/2023\/11\/cropped-cropped-oio_120x120.jpg","contentUrl":"https:\/\/www.oio.pl\/wp-content\/uploads\/2023\/11\/cropped-cropped-oio_120x120.jpg","width":120,"height":48,"caption":"OIO"},"image":{"@id":"https:\/\/www.oio.pl\/#\/schema\/logo\/image\/"},"sameAs":["https:\/\/www.facebook.com\/oiopl"]}]}},"_links":{"self":[{"href":"https:\/\/www.oio.pl\/da\/wp-json\/wp\/v2\/product\/1313","targetHints":{"allow":["GET"]}}],"collection":[{"href":"https:\/\/www.oio.pl\/da\/wp-json\/wp\/v2\/product"}],"about":[{"href":"https:\/\/www.oio.pl\/da\/wp-json\/wp\/v2\/types\/product"}],"replies":[{"embeddable":true,"href":"https:\/\/www.oio.pl\/da\/wp-json\/wp\/v2\/comments?post=1313"}],"wp:featuredmedia":[{"embeddable":true,"href":"https:\/\/www.oio.pl\/da\/wp-json\/wp\/v2\/media\/1320"}],"wp:attachment":[{"href":"https:\/\/www.oio.pl\/da\/wp-json\/wp\/v2\/media?parent=1313"}],"wp:term":[{"taxonomy":"product_brand","embeddable":true,"href":"https:\/\/www.oio.pl\/da\/wp-json\/wp\/v2\/product_brand?post=1313"},{"taxonomy":"product_cat","embeddable":true,"href":"https:\/\/www.oio.pl\/da\/wp-json\/wp\/v2\/product_cat?post=1313"},{"taxonomy":"product_tag","embeddable":true,"href":"https:\/\/www.oio.pl\/da\/wp-json\/wp\/v2\/product_tag?post=1313"}],"curies":[{"name":"wp","href":"https:\/\/api.w.org\/{rel}","templated":true}]}}