{"id":1406,"date":"2020-11-17T19:03:54","date_gmt":"2020-11-17T18:03:54","guid":{"rendered":"https:\/\/www.oio.pl\/?post_type=product&#038;p=1406"},"modified":"2025-07-09T09:35:42","modified_gmt":"2025-07-09T07:35:42","slug":"laserplottergravor-15w-laser-til-montering-50-cm-x-40-cm","status":"publish","type":"product","link":"https:\/\/www.oio.pl\/da\/product\/ploter-laserowy-grawer-laser-15w-do-montazu-50-cm-x-40-cm\/","title":{"rendered":"Lasergrav\u00f8r TwoTwindo monteringsplotter 50 x 40 cm"},"content":{"rendered":"<p>En moderne, ny generation laserplotter \u2013 graveringsmaskine \u2013 med en kraftig laser og et stort arbejdsomr\u00e5de p\u00e5 500 mm x 400 mm.<\/p>\n<p>Den store grav\u00f8r giver dig mulighed for at sk\u00e6re flere elementer fra et enkelt panel i \u00e9n arbejdsgang uden at skulle flytte den. Denne model er en moderne kombination af laserteknologi, en printer og en graveringsmaskine.<\/p>\n<p>Afh\u00e6ngigt af laserens effektindstilling kan den gravere og br\u00e6nde en r\u00e6kke forskellige materialer: tr\u00e6, bambus, papir, pap, plastik, gummi, l\u00e6der, lak, malet metal, PCBA, ben og mahogni. Grav\u00f8rens store arbejdsomr\u00e5de muligg\u00f8r effektiv, komfortabel og hurtig betjening uden yderligere indstillinger. GRBL-lasersoftware<\/p>\n<p>Effektiviteten afh\u00e6nger af materialets h\u00e5rdhed (grav\u00e9rer ikke specielt h\u00e6rdede materialer, f.eks. milit\u00e6rst\u00e5l).<\/p>\n<p>Enheden graverer ikke glas eller gennemsigtige genstande.<\/p>\n<p><b>Specifikation:<\/b><\/p>\n<ul>\n<li>model: TwoTwin<\/li>\n<li>graveringsomr\u00e5de: 500 mm x 400 mm<\/li>\n<li>Materiale: plastik (ABS) + aluminium<\/li>\n<li>str\u00f8mforsyning: 12V 2A<\/li>\n<li>arbejdshastighed 200-2000 m\/min<\/li>\n<li>driftstemperatur: 10 \u2013 45 grader<\/li>\n<li>underst\u00f8ttelse af Win XP, 7, 8, 10<\/li>\n<\/ul>\n<p>Indhold:<\/p>\n<ul>\n<li>lasergrav\u00f8r<\/li>\n<li>str\u00f8mforsyning + kabel<\/li>\n<li>samles\u00e6t<\/li>\n<li>Engelsk manual + kort polsk manual<\/li>\n<\/ul>","protected":false},"excerpt":{"rendered":"<p>Nowoczesny ploter laserowy nowej generacji &#8211; maszyna do grawerowania &#8211; z mocnym laserem oraz du\u017cym obszarem roboczym 500 mm x 400 mm. Du\u017cy grawer pozwala wycina\u0107 z jednej p\u0142yty du\u017co element\u00f3w w jednym zadaniu bez przemieszczana. Model ten jest nowoczesnym po\u0142\u0105czeniem technologii laserowej, drukarki oraz grawerki. W zale\u017cno\u015bci od ustawionej mocy lasera pozwala grawerowa\u0107 i [&hellip;]<\/p>\n","protected":false},"featured_media":5839,"comment_status":"closed","ping_status":"closed","template":"","meta":[],"product_brand":[],"product_cat":[25],"product_tag":[3098,3106,94,41,3095,3088,3091,3105,42,3087,93,3093,3104,3096,3090,3086,3092,3099,3102,3094,3101,3097,3089,3100,3107,3108,3103],"class_list":{"0":"post-1406","1":"product","2":"type-product","3":"status-publish","4":"has-post-thumbnail","6":"product_cat-laser-grawer","7":"product_tag-atms-ploter-laserowy-co2","8":"product_tag-cnc-ploter","9":"product_tag-drukarka-laserowa","10":"product_tag-grawer","11":"product_tag-grawer-laserem","12":"product_tag-grawer-laserowy","13":"product_tag-grawer-laserowy-cnc","14":"product_tag-grawer-mdf","15":"product_tag-grawerka","16":"product_tag-grawerka-laserowa","17":"product_tag-laser","18":"product_tag-loter-laserowy","19":"product_tag-najlepsza-grawerka-laserowa","20":"product_tag-ploter","21":"product_tag-ploter-co2","22":"product_tag-ploter-laserowy","23":"product_tag-ploter-laserowy-co2","24":"product_tag-ploter-laserowy-do-pieczatek","25":"product_tag-ploter-laserowy-do-robienia-pieczatek","26":"product_tag-ploter-laserowy-venus","27":"product_tag-ploter-laserowy-z-tuba-szklana","28":"product_tag-ploter-lasrowy","29":"product_tag-plotery-laserowe","30":"product_tag-plotery-laserowe-co2","31":"product_tag-plotter","32":"product_tag-smart-grawer","33":"product_tag-tania-grawerka-laserowa","35":"first","36":"instock","37":"taxable","38":"shipping-taxable","39":"purchasable","40":"product-type-variable","41":"has-default-attributes","42":"czr-hentry"},"yoast_head":"<!-- This site is optimized with the Yoast SEO plugin v27.4 - https:\/\/yoast.com\/product\/yoast-seo-wordpress\/ -->\n<title>Ploter laserowy Grawer TwoTwindo monta\u017cu 50 x 40 cm - Mini PC, Komputery, Laptopy, Translatory<\/title>\n<meta name=\"robots\" content=\"index, follow, max-snippet:-1, max-image-preview:large, max-video-preview:-1\" \/>\n<link rel=\"canonical\" href=\"https:\/\/www.oio.pl\/da\/produkt-2\/laserplottergravor-15w-laser-til-montering-50-cm-x-40-cm\/\" \/>\n<meta property=\"og:locale\" content=\"da_DK\" \/>\n<meta property=\"og:type\" content=\"article\" \/>\n<meta property=\"og:title\" content=\"Ploter laserowy Grawer TwoTwindo monta\u017cu 50 x 40 cm - Mini PC, Komputery, Laptopy, Translatory\" \/>\n<meta property=\"og:description\" content=\"Nowoczesny ploter laserowy nowej generacji &#8211; maszyna do grawerowania &#8211; z mocnym laserem oraz du\u017cym obszarem roboczym 500 mm x 400 mm. Du\u017cy grawer pozwala wycina\u0107 z jednej p\u0142yty du\u017co element\u00f3w w jednym zadaniu bez przemieszczana. Model ten jest nowoczesnym po\u0142\u0105czeniem technologii laserowej, drukarki oraz grawerki. W zale\u017cno\u015bci od ustawionej mocy lasera pozwala grawerowa\u0107 i [&hellip;]\" \/>\n<meta property=\"og:url\" content=\"https:\/\/www.oio.pl\/da\/produkt-2\/laserplottergravor-15w-laser-til-montering-50-cm-x-40-cm\/\" \/>\n<meta property=\"og:site_name\" content=\"Mini PC, Komputery, Laptopy, Translatory\" \/>\n<meta property=\"article:publisher\" content=\"https:\/\/www.facebook.com\/oiopl\" \/>\n<meta property=\"article:modified_time\" content=\"2025-07-09T07:35:42+00:00\" \/>\n<meta property=\"og:image\" content=\"https:\/\/www.oio.pl\/wp-content\/uploads\/2019\/09\/Eng_24.jpg\" \/>\n\t<meta property=\"og:image:width\" content=\"1000\" \/>\n\t<meta property=\"og:image:height\" content=\"1000\" \/>\n\t<meta property=\"og:image:type\" content=\"image\/jpeg\" \/>\n<meta name=\"twitter:card\" content=\"summary_large_image\" \/>\n<meta name=\"twitter:label1\" content=\"Estimeret l\u00e6setid\" \/>\n\t<meta name=\"twitter:data1\" content=\"2 minutter\" \/>\n<script type=\"application\/ld+json\" class=\"yoast-schema-graph\">{\"@context\":\"https:\\\/\\\/schema.org\",\"@graph\":[{\"@type\":\"WebPage\",\"@id\":\"https:\\\/\\\/www.oio.pl\\\/product\\\/ploter-laserowy-grawer-laser-15w-do-montazu-50-cm-x-40-cm\\\/\",\"url\":\"https:\\\/\\\/www.oio.pl\\\/product\\\/ploter-laserowy-grawer-laser-15w-do-montazu-50-cm-x-40-cm\\\/\",\"name\":\"Ploter laserowy Grawer TwoTwindo monta\u017cu 50 x 40 cm - Mini PC, Komputery, Laptopy, Translatory\",\"isPartOf\":{\"@id\":\"https:\\\/\\\/www.oio.pl\\\/#website\"},\"primaryImageOfPage\":{\"@id\":\"https:\\\/\\\/www.oio.pl\\\/product\\\/ploter-laserowy-grawer-laser-15w-do-montazu-50-cm-x-40-cm\\\/#primaryimage\"},\"image\":{\"@id\":\"https:\\\/\\\/www.oio.pl\\\/product\\\/ploter-laserowy-grawer-laser-15w-do-montazu-50-cm-x-40-cm\\\/#primaryimage\"},\"thumbnailUrl\":\"https:\\\/\\\/www.oio.pl\\\/wp-content\\\/uploads\\\/2019\\\/09\\\/Eng_24.jpg\",\"datePublished\":\"2020-11-17T18:03:54+00:00\",\"dateModified\":\"2025-07-09T07:35:42+00:00\",\"breadcrumb\":{\"@id\":\"https:\\\/\\\/www.oio.pl\\\/product\\\/ploter-laserowy-grawer-laser-15w-do-montazu-50-cm-x-40-cm\\\/#breadcrumb\"},\"inLanguage\":\"da-DK\",\"potentialAction\":[{\"@type\":\"ReadAction\",\"target\":[\"https:\\\/\\\/www.oio.pl\\\/product\\\/ploter-laserowy-grawer-laser-15w-do-montazu-50-cm-x-40-cm\\\/\"]}]},{\"@type\":\"ImageObject\",\"inLanguage\":\"da-DK\",\"@id\":\"https:\\\/\\\/www.oio.pl\\\/product\\\/ploter-laserowy-grawer-laser-15w-do-montazu-50-cm-x-40-cm\\\/#primaryimage\",\"url\":\"https:\\\/\\\/www.oio.pl\\\/wp-content\\\/uploads\\\/2019\\\/09\\\/Eng_24.jpg\",\"contentUrl\":\"https:\\\/\\\/www.oio.pl\\\/wp-content\\\/uploads\\\/2019\\\/09\\\/Eng_24.jpg\",\"width\":1000,\"height\":1000},{\"@type\":\"BreadcrumbList\",\"@id\":\"https:\\\/\\\/www.oio.pl\\\/product\\\/ploter-laserowy-grawer-laser-15w-do-montazu-50-cm-x-40-cm\\\/#breadcrumb\",\"itemListElement\":[{\"@type\":\"ListItem\",\"position\":1,\"name\":\"Strona g\u0142\u00f3wna\",\"item\":\"https:\\\/\\\/www.oio.pl\\\/\"},{\"@type\":\"ListItem\",\"position\":2,\"name\":\"Produkty\",\"item\":\"https:\\\/\\\/www.oio.pl\\\/\"},{\"@type\":\"ListItem\",\"position\":3,\"name\":\"Ploter laserowy Grawer TwoTwindo monta\u017cu 50 x 40 cm\"}]},{\"@type\":\"WebSite\",\"@id\":\"https:\\\/\\\/www.oio.pl\\\/#website\",\"url\":\"https:\\\/\\\/www.oio.pl\\\/\",\"name\":\"OIO.pl \u2013 Tablety przemys\u0142owe, sprz\u0119t IT dla przemys\u0142u i logistyki\",\"description\":\"tablety przemys\u0142owe, rugged tablet, komputer przemys\u0142owy, tablet wytrzyma\u0142y, sprz\u0119t dla przemys\u0142u, tablet z Windows, tablet IP67, laptop dla magazynu, elektronika przemys\u0142owa, komputery przemys\u0142owe, oio.pl, sprz\u0119t dla logistyki, tablet do pracy w terenie, monitor dotykowy przemys\u0142owy\",\"publisher\":{\"@id\":\"https:\\\/\\\/www.oio.pl\\\/#organization\"},\"alternateName\":\"Sklep internetowy dla przemys\u0142u\",\"potentialAction\":[{\"@type\":\"SearchAction\",\"target\":{\"@type\":\"EntryPoint\",\"urlTemplate\":\"https:\\\/\\\/www.oio.pl\\\/?s={search_term_string}\"},\"query-input\":{\"@type\":\"PropertyValueSpecification\",\"valueRequired\":true,\"valueName\":\"search_term_string\"}}],\"inLanguage\":\"da-DK\"},{\"@type\":\"Organization\",\"@id\":\"https:\\\/\\\/www.oio.pl\\\/#organization\",\"name\":\"OIO\",\"alternateName\":\"Sprz\u0119t komputerowy\",\"url\":\"https:\\\/\\\/www.oio.pl\\\/\",\"logo\":{\"@type\":\"ImageObject\",\"inLanguage\":\"da-DK\",\"@id\":\"https:\\\/\\\/www.oio.pl\\\/#\\\/schema\\\/logo\\\/image\\\/\",\"url\":\"https:\\\/\\\/www.oio.pl\\\/wp-content\\\/uploads\\\/2023\\\/11\\\/cropped-cropped-oio_120x120.jpg\",\"contentUrl\":\"https:\\\/\\\/www.oio.pl\\\/wp-content\\\/uploads\\\/2023\\\/11\\\/cropped-cropped-oio_120x120.jpg\",\"width\":120,\"height\":48,\"caption\":\"OIO\"},\"image\":{\"@id\":\"https:\\\/\\\/www.oio.pl\\\/#\\\/schema\\\/logo\\\/image\\\/\"},\"sameAs\":[\"https:\\\/\\\/www.facebook.com\\\/oiopl\"]}]}<\/script>\n<!-- \/ Yoast SEO plugin. -->","yoast_head_json":{"title":"Lasergrav\u00f8r TwoTwind til montering 50 x 40 cm - Mini-pc&#039;er, computere, b\u00e6rbare computere, overs\u00e6ttere","robots":{"index":"index","follow":"follow","max-snippet":"max-snippet:-1","max-image-preview":"max-image-preview:large","max-video-preview":"max-video-preview:-1"},"canonical":"https:\/\/www.oio.pl\/da\/produkt-2\/laserplottergravor-15w-laser-til-montering-50-cm-x-40-cm\/","og_locale":"da_DK","og_type":"article","og_title":"Ploter laserowy Grawer TwoTwindo monta\u017cu 50 x 40 cm - Mini PC, Komputery, Laptopy, Translatory","og_description":"Nowoczesny ploter laserowy nowej generacji &#8211; maszyna do grawerowania &#8211; z mocnym laserem oraz du\u017cym obszarem roboczym 500 mm x 400 mm. Du\u017cy grawer pozwala wycina\u0107 z jednej p\u0142yty du\u017co element\u00f3w w jednym zadaniu bez przemieszczana. Model ten jest nowoczesnym po\u0142\u0105czeniem technologii laserowej, drukarki oraz grawerki. W zale\u017cno\u015bci od ustawionej mocy lasera pozwala grawerowa\u0107 i [&hellip;]","og_url":"https:\/\/www.oio.pl\/da\/produkt-2\/laserplottergravor-15w-laser-til-montering-50-cm-x-40-cm\/","og_site_name":"Mini PC, Komputery, Laptopy, Translatory","article_publisher":"https:\/\/www.facebook.com\/oiopl","article_modified_time":"2025-07-09T07:35:42+00:00","og_image":[{"width":1000,"height":1000,"url":"https:\/\/www.oio.pl\/wp-content\/uploads\/2019\/09\/Eng_24.jpg","type":"image\/jpeg"}],"twitter_card":"summary_large_image","twitter_misc":{"Estimeret l\u00e6setid":"2 minutter"},"schema":{"@context":"https:\/\/schema.org","@graph":[{"@type":"WebPage","@id":"https:\/\/www.oio.pl\/product\/ploter-laserowy-grawer-laser-15w-do-montazu-50-cm-x-40-cm\/","url":"https:\/\/www.oio.pl\/product\/ploter-laserowy-grawer-laser-15w-do-montazu-50-cm-x-40-cm\/","name":"Lasergrav\u00f8r TwoTwind til montering 50 x 40 cm - Mini-pc&#039;er, computere, b\u00e6rbare computere, overs\u00e6ttere","isPartOf":{"@id":"https:\/\/www.oio.pl\/#website"},"primaryImageOfPage":{"@id":"https:\/\/www.oio.pl\/product\/ploter-laserowy-grawer-laser-15w-do-montazu-50-cm-x-40-cm\/#primaryimage"},"image":{"@id":"https:\/\/www.oio.pl\/product\/ploter-laserowy-grawer-laser-15w-do-montazu-50-cm-x-40-cm\/#primaryimage"},"thumbnailUrl":"https:\/\/www.oio.pl\/wp-content\/uploads\/2019\/09\/Eng_24.jpg","datePublished":"2020-11-17T18:03:54+00:00","dateModified":"2025-07-09T07:35:42+00:00","breadcrumb":{"@id":"https:\/\/www.oio.pl\/product\/ploter-laserowy-grawer-laser-15w-do-montazu-50-cm-x-40-cm\/#breadcrumb"},"inLanguage":"da-DK","potentialAction":[{"@type":"ReadAction","target":["https:\/\/www.oio.pl\/product\/ploter-laserowy-grawer-laser-15w-do-montazu-50-cm-x-40-cm\/"]}]},{"@type":"ImageObject","inLanguage":"da-DK","@id":"https:\/\/www.oio.pl\/product\/ploter-laserowy-grawer-laser-15w-do-montazu-50-cm-x-40-cm\/#primaryimage","url":"https:\/\/www.oio.pl\/wp-content\/uploads\/2019\/09\/Eng_24.jpg","contentUrl":"https:\/\/www.oio.pl\/wp-content\/uploads\/2019\/09\/Eng_24.jpg","width":1000,"height":1000},{"@type":"BreadcrumbList","@id":"https:\/\/www.oio.pl\/product\/ploter-laserowy-grawer-laser-15w-do-montazu-50-cm-x-40-cm\/#breadcrumb","itemListElement":[{"@type":"ListItem","position":1,"name":"Strona g\u0142\u00f3wna","item":"https:\/\/www.oio.pl\/"},{"@type":"ListItem","position":2,"name":"Produkty","item":"https:\/\/www.oio.pl\/"},{"@type":"ListItem","position":3,"name":"Ploter laserowy Grawer TwoTwindo monta\u017cu 50 x 40 cm"}]},{"@type":"WebSite","@id":"https:\/\/www.oio.pl\/#website","url":"https:\/\/www.oio.pl\/","name":"OIO.pl \u2013 Industrielle tablets, IT-udstyr til industri og logistik","description":"Industrielle tablets, robust tablet, industriel computer, holdbar tablet, udstyr til industrien, Windows-tablet, IP67-tablet, b\u00e6rbar lager, industriel elektronik, industrielle computere, oio.pl, logistikudstyr, tablet til feltarbejdsbrug, industriel ber\u00f8ringssk\u00e6rm","publisher":{"@id":"https:\/\/www.oio.pl\/#organization"},"alternateName":"Sklep internetowy dla przemys\u0142u","potentialAction":[{"@type":"SearchAction","target":{"@type":"EntryPoint","urlTemplate":"https:\/\/www.oio.pl\/?s={search_term_string}"},"query-input":{"@type":"PropertyValueSpecification","valueRequired":true,"valueName":"search_term_string"}}],"inLanguage":"da-DK"},{"@type":"Organization","@id":"https:\/\/www.oio.pl\/#organization","name":"OIO","alternateName":"Sprz\u0119t komputerowy","url":"https:\/\/www.oio.pl\/","logo":{"@type":"ImageObject","inLanguage":"da-DK","@id":"https:\/\/www.oio.pl\/#\/schema\/logo\/image\/","url":"https:\/\/www.oio.pl\/wp-content\/uploads\/2023\/11\/cropped-cropped-oio_120x120.jpg","contentUrl":"https:\/\/www.oio.pl\/wp-content\/uploads\/2023\/11\/cropped-cropped-oio_120x120.jpg","width":120,"height":48,"caption":"OIO"},"image":{"@id":"https:\/\/www.oio.pl\/#\/schema\/logo\/image\/"},"sameAs":["https:\/\/www.facebook.com\/oiopl"]}]}},"_links":{"self":[{"href":"https:\/\/www.oio.pl\/da\/wp-json\/wp\/v2\/product\/1406","targetHints":{"allow":["GET"]}}],"collection":[{"href":"https:\/\/www.oio.pl\/da\/wp-json\/wp\/v2\/product"}],"about":[{"href":"https:\/\/www.oio.pl\/da\/wp-json\/wp\/v2\/types\/product"}],"replies":[{"embeddable":true,"href":"https:\/\/www.oio.pl\/da\/wp-json\/wp\/v2\/comments?post=1406"}],"wp:featuredmedia":[{"embeddable":true,"href":"https:\/\/www.oio.pl\/da\/wp-json\/wp\/v2\/media\/5839"}],"wp:attachment":[{"href":"https:\/\/www.oio.pl\/da\/wp-json\/wp\/v2\/media?parent=1406"}],"wp:term":[{"taxonomy":"product_brand","embeddable":true,"href":"https:\/\/www.oio.pl\/da\/wp-json\/wp\/v2\/product_brand?post=1406"},{"taxonomy":"product_cat","embeddable":true,"href":"https:\/\/www.oio.pl\/da\/wp-json\/wp\/v2\/product_cat?post=1406"},{"taxonomy":"product_tag","embeddable":true,"href":"https:\/\/www.oio.pl\/da\/wp-json\/wp\/v2\/product_tag?post=1406"}],"curies":[{"name":"wp","href":"https:\/\/api.w.org\/{rel}","templated":true}]}}