{"id":146,"date":"2019-06-24T18:55:29","date_gmt":"2019-06-24T16:55:29","guid":{"rendered":"http:\/\/www.oio.pl\/?post_type=product&#038;p=146"},"modified":"2023-11-15T15:04:48","modified_gmt":"2023-11-15T14:04:48","slug":"tradlose-hovedtelefoner-zw-25-bluetooth-5-0","status":"publish","type":"product","link":"https:\/\/www.oio.pl\/da\/product\/sluchawki-bezprzewodowe-zw-25-bluetooth-5-0\/","title":{"rendered":"Tr\u00e5dl\u00f8se hovedtelefoner ZW-25 bluetooth 5.0"},"content":{"rendered":"<p>Unikke, tr\u00e5dl\u00f8se hovedtelefoner i et unikt design <strong>ZW-25.<\/strong><\/p>\n<p>Deres unikke udseende og brugervenlighed adskiller disse hovedtelefoner fra m\u00e6ngden. Silikone\u00f8repropperne er af h\u00f8j kvalitet, holdbare og behagelige at bruge.<\/p>\n<p>God lydkvalitet og direkte kontrol p\u00e5 hovedtelefonerne giver dig frihed og fremragende lydkvalitet. De fungerer perfekt med mobile enheder, telefoner samt computere, b\u00e6rbare computere og konsoller.<\/p>\n<p>Her er modellen med gr\u00e5 beslag. Bluetooth 5.0-teknologi giver mulighed for forbindelse uden latenstid.<\/p>\n<p><b>Tekniske specifikationer if\u00f8lge producenten:<\/b><\/p>\n<ul>\n<li><strong>Bluetooth:<\/strong>\u00a0 version 5.0 + EDR<\/li>\n<li><strong>Maksimal afstand fra sender:\u00a0<\/strong> 10m<\/li>\n<li><strong>Dynamik:<\/strong> 15 mm 32 ohm.<\/li>\n<li><strong>Frekvensomr\u00e5de:<\/strong> 20 Hz \u2013 20 kHz<\/li>\n<li><strong>Batterikapacitet:\u00a0<\/strong> 70 mAh<\/li>\n<li><strong>Maksimal arbejdstid:<\/strong>\u00a0 3 timer<\/li>\n<li><strong>Standby-tid:<\/strong>\u00a0 90 timer<\/li>\n<li><strong>Opladningstid:<\/strong> 2 timer<\/li>\n<\/ul>","protected":false},"excerpt":{"rendered":"<p>Gr\u00e5 version<\/p>","protected":false},"featured_media":161,"comment_status":"closed","ping_status":"closed","template":"","meta":[],"product_brand":[],"product_cat":[23],"product_tag":[35,32],"class_list":{"0":"post-146","1":"product","2":"type-product","3":"status-publish","4":"has-post-thumbnail","6":"product_cat-karaoke","7":"product_tag-bluetooth-5-0","8":"product_tag-sluchawki-bezprzewodowe","10":"first","11":"instock","12":"taxable","13":"shipping-taxable","14":"purchasable","15":"product-type-simple","16":"czr-hentry"},"yoast_head":"<!-- This site is optimized with the Yoast SEO plugin v27.4 - https:\/\/yoast.com\/product\/yoast-seo-wordpress\/ -->\n<title>S\u0142uchawki bezprzewodowe ZW-25 bluetooth 5.0 - Mini PC, Komputery, Laptopy, Translatory<\/title>\n<meta name=\"robots\" content=\"index, follow, max-snippet:-1, max-image-preview:large, max-video-preview:-1\" \/>\n<link rel=\"canonical\" href=\"https:\/\/www.oio.pl\/da\/produkt-2\/tradlose-hovedtelefoner-zw-25-bluetooth-5-0\/\" \/>\n<meta property=\"og:locale\" content=\"da_DK\" \/>\n<meta property=\"og:type\" content=\"article\" \/>\n<meta property=\"og:title\" content=\"S\u0142uchawki bezprzewodowe ZW-25 bluetooth 5.0 - Mini PC, Komputery, Laptopy, Translatory\" \/>\n<meta property=\"og:description\" content=\"Wersja w szarym kolorze\" \/>\n<meta property=\"og:url\" content=\"https:\/\/www.oio.pl\/da\/produkt-2\/tradlose-hovedtelefoner-zw-25-bluetooth-5-0\/\" \/>\n<meta property=\"og:site_name\" content=\"Mini PC, Komputery, Laptopy, Translatory\" \/>\n<meta property=\"article:publisher\" content=\"https:\/\/www.facebook.com\/oiopl\" \/>\n<meta property=\"article:modified_time\" content=\"2023-11-15T14:04:48+00:00\" \/>\n<meta property=\"og:image\" content=\"https:\/\/www.oio.pl\/wp-content\/uploads\/2019\/06\/ZW-25.jpg\" \/>\n\t<meta property=\"og:image:width\" content=\"2180\" \/>\n\t<meta property=\"og:image:height\" content=\"2180\" \/>\n\t<meta property=\"og:image:type\" content=\"image\/jpeg\" \/>\n<meta name=\"twitter:card\" content=\"summary_large_image\" \/>\n<meta name=\"twitter:label1\" content=\"Estimeret l\u00e6setid\" \/>\n\t<meta name=\"twitter:data1\" content=\"1 minut\" \/>\n<script type=\"application\/ld+json\" class=\"yoast-schema-graph\">{\"@context\":\"https:\\\/\\\/schema.org\",\"@graph\":[{\"@type\":\"WebPage\",\"@id\":\"https:\\\/\\\/www.oio.pl\\\/product\\\/sluchawki-bezprzewodowe-zw-25-bluetooth-5-0\\\/\",\"url\":\"https:\\\/\\\/www.oio.pl\\\/product\\\/sluchawki-bezprzewodowe-zw-25-bluetooth-5-0\\\/\",\"name\":\"S\u0142uchawki bezprzewodowe ZW-25 bluetooth 5.0 - Mini PC, Komputery, Laptopy, Translatory\",\"isPartOf\":{\"@id\":\"https:\\\/\\\/www.oio.pl\\\/#website\"},\"primaryImageOfPage\":{\"@id\":\"https:\\\/\\\/www.oio.pl\\\/product\\\/sluchawki-bezprzewodowe-zw-25-bluetooth-5-0\\\/#primaryimage\"},\"image\":{\"@id\":\"https:\\\/\\\/www.oio.pl\\\/product\\\/sluchawki-bezprzewodowe-zw-25-bluetooth-5-0\\\/#primaryimage\"},\"thumbnailUrl\":\"https:\\\/\\\/www.oio.pl\\\/wp-content\\\/uploads\\\/2019\\\/06\\\/ZW-25.jpg\",\"datePublished\":\"2019-06-24T16:55:29+00:00\",\"dateModified\":\"2023-11-15T14:04:48+00:00\",\"breadcrumb\":{\"@id\":\"https:\\\/\\\/www.oio.pl\\\/product\\\/sluchawki-bezprzewodowe-zw-25-bluetooth-5-0\\\/#breadcrumb\"},\"inLanguage\":\"da-DK\",\"potentialAction\":[{\"@type\":\"ReadAction\",\"target\":[\"https:\\\/\\\/www.oio.pl\\\/product\\\/sluchawki-bezprzewodowe-zw-25-bluetooth-5-0\\\/\"]}]},{\"@type\":\"ImageObject\",\"inLanguage\":\"da-DK\",\"@id\":\"https:\\\/\\\/www.oio.pl\\\/product\\\/sluchawki-bezprzewodowe-zw-25-bluetooth-5-0\\\/#primaryimage\",\"url\":\"https:\\\/\\\/www.oio.pl\\\/wp-content\\\/uploads\\\/2019\\\/06\\\/ZW-25.jpg\",\"contentUrl\":\"https:\\\/\\\/www.oio.pl\\\/wp-content\\\/uploads\\\/2019\\\/06\\\/ZW-25.jpg\",\"width\":2180,\"height\":2180},{\"@type\":\"BreadcrumbList\",\"@id\":\"https:\\\/\\\/www.oio.pl\\\/product\\\/sluchawki-bezprzewodowe-zw-25-bluetooth-5-0\\\/#breadcrumb\",\"itemListElement\":[{\"@type\":\"ListItem\",\"position\":1,\"name\":\"Strona g\u0142\u00f3wna\",\"item\":\"https:\\\/\\\/www.oio.pl\\\/\"},{\"@type\":\"ListItem\",\"position\":2,\"name\":\"Produkty\",\"item\":\"https:\\\/\\\/www.oio.pl\\\/\"},{\"@type\":\"ListItem\",\"position\":3,\"name\":\"S\u0142uchawki bezprzewodowe ZW-25 bluetooth 5.0\"}]},{\"@type\":\"WebSite\",\"@id\":\"https:\\\/\\\/www.oio.pl\\\/#website\",\"url\":\"https:\\\/\\\/www.oio.pl\\\/\",\"name\":\"OIO.pl \u2013 Tablety przemys\u0142owe, sprz\u0119t IT dla przemys\u0142u i logistyki\",\"description\":\"tablety przemys\u0142owe, rugged tablet, komputer przemys\u0142owy, tablet wytrzyma\u0142y, sprz\u0119t dla przemys\u0142u, tablet z Windows, tablet IP67, laptop dla magazynu, elektronika przemys\u0142owa, komputery przemys\u0142owe, oio.pl, sprz\u0119t dla logistyki, tablet do pracy w terenie, monitor dotykowy przemys\u0142owy\",\"publisher\":{\"@id\":\"https:\\\/\\\/www.oio.pl\\\/#organization\"},\"alternateName\":\"Sklep internetowy dla przemys\u0142u\",\"potentialAction\":[{\"@type\":\"SearchAction\",\"target\":{\"@type\":\"EntryPoint\",\"urlTemplate\":\"https:\\\/\\\/www.oio.pl\\\/?s={search_term_string}\"},\"query-input\":{\"@type\":\"PropertyValueSpecification\",\"valueRequired\":true,\"valueName\":\"search_term_string\"}}],\"inLanguage\":\"da-DK\"},{\"@type\":\"Organization\",\"@id\":\"https:\\\/\\\/www.oio.pl\\\/#organization\",\"name\":\"OIO\",\"alternateName\":\"Sprz\u0119t komputerowy\",\"url\":\"https:\\\/\\\/www.oio.pl\\\/\",\"logo\":{\"@type\":\"ImageObject\",\"inLanguage\":\"da-DK\",\"@id\":\"https:\\\/\\\/www.oio.pl\\\/#\\\/schema\\\/logo\\\/image\\\/\",\"url\":\"https:\\\/\\\/www.oio.pl\\\/wp-content\\\/uploads\\\/2023\\\/11\\\/cropped-cropped-oio_120x120.jpg\",\"contentUrl\":\"https:\\\/\\\/www.oio.pl\\\/wp-content\\\/uploads\\\/2023\\\/11\\\/cropped-cropped-oio_120x120.jpg\",\"width\":120,\"height\":48,\"caption\":\"OIO\"},\"image\":{\"@id\":\"https:\\\/\\\/www.oio.pl\\\/#\\\/schema\\\/logo\\\/image\\\/\"},\"sameAs\":[\"https:\\\/\\\/www.facebook.com\\\/oiopl\"]}]}<\/script>\n<!-- \/ Yoast SEO plugin. -->","yoast_head_json":{"title":"ZW-25 Bluetooth 5.0 tr\u00e5dl\u00f8se hovedtelefoner - Mini-pc&#039;er, computere, b\u00e6rbare computere, overs\u00e6ttere","robots":{"index":"index","follow":"follow","max-snippet":"max-snippet:-1","max-image-preview":"max-image-preview:large","max-video-preview":"max-video-preview:-1"},"canonical":"https:\/\/www.oio.pl\/da\/produkt-2\/tradlose-hovedtelefoner-zw-25-bluetooth-5-0\/","og_locale":"da_DK","og_type":"article","og_title":"S\u0142uchawki bezprzewodowe ZW-25 bluetooth 5.0 - Mini PC, Komputery, Laptopy, Translatory","og_description":"Wersja w szarym kolorze","og_url":"https:\/\/www.oio.pl\/da\/produkt-2\/tradlose-hovedtelefoner-zw-25-bluetooth-5-0\/","og_site_name":"Mini PC, Komputery, Laptopy, Translatory","article_publisher":"https:\/\/www.facebook.com\/oiopl","article_modified_time":"2023-11-15T14:04:48+00:00","og_image":[{"width":2180,"height":2180,"url":"https:\/\/www.oio.pl\/wp-content\/uploads\/2019\/06\/ZW-25.jpg","type":"image\/jpeg"}],"twitter_card":"summary_large_image","twitter_misc":{"Estimeret l\u00e6setid":"1 minut"},"schema":{"@context":"https:\/\/schema.org","@graph":[{"@type":"WebPage","@id":"https:\/\/www.oio.pl\/product\/sluchawki-bezprzewodowe-zw-25-bluetooth-5-0\/","url":"https:\/\/www.oio.pl\/product\/sluchawki-bezprzewodowe-zw-25-bluetooth-5-0\/","name":"ZW-25 Bluetooth 5.0 tr\u00e5dl\u00f8se hovedtelefoner - Mini-pc&#039;er, computere, b\u00e6rbare computere, overs\u00e6ttere","isPartOf":{"@id":"https:\/\/www.oio.pl\/#website"},"primaryImageOfPage":{"@id":"https:\/\/www.oio.pl\/product\/sluchawki-bezprzewodowe-zw-25-bluetooth-5-0\/#primaryimage"},"image":{"@id":"https:\/\/www.oio.pl\/product\/sluchawki-bezprzewodowe-zw-25-bluetooth-5-0\/#primaryimage"},"thumbnailUrl":"https:\/\/www.oio.pl\/wp-content\/uploads\/2019\/06\/ZW-25.jpg","datePublished":"2019-06-24T16:55:29+00:00","dateModified":"2023-11-15T14:04:48+00:00","breadcrumb":{"@id":"https:\/\/www.oio.pl\/product\/sluchawki-bezprzewodowe-zw-25-bluetooth-5-0\/#breadcrumb"},"inLanguage":"da-DK","potentialAction":[{"@type":"ReadAction","target":["https:\/\/www.oio.pl\/product\/sluchawki-bezprzewodowe-zw-25-bluetooth-5-0\/"]}]},{"@type":"ImageObject","inLanguage":"da-DK","@id":"https:\/\/www.oio.pl\/product\/sluchawki-bezprzewodowe-zw-25-bluetooth-5-0\/#primaryimage","url":"https:\/\/www.oio.pl\/wp-content\/uploads\/2019\/06\/ZW-25.jpg","contentUrl":"https:\/\/www.oio.pl\/wp-content\/uploads\/2019\/06\/ZW-25.jpg","width":2180,"height":2180},{"@type":"BreadcrumbList","@id":"https:\/\/www.oio.pl\/product\/sluchawki-bezprzewodowe-zw-25-bluetooth-5-0\/#breadcrumb","itemListElement":[{"@type":"ListItem","position":1,"name":"Strona g\u0142\u00f3wna","item":"https:\/\/www.oio.pl\/"},{"@type":"ListItem","position":2,"name":"Produkty","item":"https:\/\/www.oio.pl\/"},{"@type":"ListItem","position":3,"name":"S\u0142uchawki bezprzewodowe ZW-25 bluetooth 5.0"}]},{"@type":"WebSite","@id":"https:\/\/www.oio.pl\/#website","url":"https:\/\/www.oio.pl\/","name":"OIO.pl \u2013 Industrielle tablets, IT-udstyr til industri og logistik","description":"Industrielle tablets, robust tablet, industriel computer, holdbar tablet, udstyr til industrien, Windows-tablet, IP67-tablet, b\u00e6rbar lager, industriel elektronik, industrielle computere, oio.pl, logistikudstyr, tablet til feltarbejdsbrug, industriel ber\u00f8ringssk\u00e6rm","publisher":{"@id":"https:\/\/www.oio.pl\/#organization"},"alternateName":"Sklep internetowy dla przemys\u0142u","potentialAction":[{"@type":"SearchAction","target":{"@type":"EntryPoint","urlTemplate":"https:\/\/www.oio.pl\/?s={search_term_string}"},"query-input":{"@type":"PropertyValueSpecification","valueRequired":true,"valueName":"search_term_string"}}],"inLanguage":"da-DK"},{"@type":"Organization","@id":"https:\/\/www.oio.pl\/#organization","name":"OIO","alternateName":"Sprz\u0119t komputerowy","url":"https:\/\/www.oio.pl\/","logo":{"@type":"ImageObject","inLanguage":"da-DK","@id":"https:\/\/www.oio.pl\/#\/schema\/logo\/image\/","url":"https:\/\/www.oio.pl\/wp-content\/uploads\/2023\/11\/cropped-cropped-oio_120x120.jpg","contentUrl":"https:\/\/www.oio.pl\/wp-content\/uploads\/2023\/11\/cropped-cropped-oio_120x120.jpg","width":120,"height":48,"caption":"OIO"},"image":{"@id":"https:\/\/www.oio.pl\/#\/schema\/logo\/image\/"},"sameAs":["https:\/\/www.facebook.com\/oiopl"]}]}},"_links":{"self":[{"href":"https:\/\/www.oio.pl\/da\/wp-json\/wp\/v2\/product\/146","targetHints":{"allow":["GET"]}}],"collection":[{"href":"https:\/\/www.oio.pl\/da\/wp-json\/wp\/v2\/product"}],"about":[{"href":"https:\/\/www.oio.pl\/da\/wp-json\/wp\/v2\/types\/product"}],"replies":[{"embeddable":true,"href":"https:\/\/www.oio.pl\/da\/wp-json\/wp\/v2\/comments?post=146"}],"wp:featuredmedia":[{"embeddable":true,"href":"https:\/\/www.oio.pl\/da\/wp-json\/wp\/v2\/media\/161"}],"wp:attachment":[{"href":"https:\/\/www.oio.pl\/da\/wp-json\/wp\/v2\/media?parent=146"}],"wp:term":[{"taxonomy":"product_brand","embeddable":true,"href":"https:\/\/www.oio.pl\/da\/wp-json\/wp\/v2\/product_brand?post=146"},{"taxonomy":"product_cat","embeddable":true,"href":"https:\/\/www.oio.pl\/da\/wp-json\/wp\/v2\/product_cat?post=146"},{"taxonomy":"product_tag","embeddable":true,"href":"https:\/\/www.oio.pl\/da\/wp-json\/wp\/v2\/product_tag?post=146"}],"curies":[{"name":"wp","href":"https:\/\/api.w.org\/{rel}","templated":true}]}}