{"id":1619,"date":"2020-12-26T11:35:23","date_gmt":"2020-12-26T10:35:23","guid":{"rendered":"https:\/\/www.oio.pl\/?post_type=product&#038;p=1619"},"modified":"2020-12-26T12:14:49","modified_gmt":"2020-12-26T11:14:49","slug":"yk-820-mini-pulsoximeter-vitaltegn-plethysmografisk-kurve","status":"publish","type":"product","link":"https:\/\/www.oio.pl\/da\/product\/pulsoksymetr-yk-820-mini-funkcje-zyciowe-krzywa-pletyzmograficzna\/","title":{"rendered":"Pulsoximeter YK-820 mini \u2013 vitale tegn + plethysmografisk kurve"},"content":{"rendered":"<h2>Moderne, hurtig pulsoximeter med plethysmografisk kurvefunktion og pulsstyrke.<\/h2>\n<h5>Apparatet er designet til kontinuerlig, ikke-invasiv drift p\u00e5 hospitaler, plejehjem, hospicer og derhjemme. Det har et stort og letl\u00e6seligt multifunktionsdisplay!<\/h5>\n<p><b>Produktspecifikationer:<\/b><\/p>\n<ul>\n<li><b>vise: <\/b>2,4\u2033 farve-LCD-sk\u00e6rm med justering af sk\u00e6rmens lysstyrke<\/li>\n<li><b>m\u00e6tningsm\u00e5leomr\u00e5de:<\/b> 80 ~ 99% (70 ~ 79 &#8211; 3%)<\/li>\n<li><b>pulsm\u00e5lingsomr\u00e5de:<\/b> 30 ~ 240 slag i minuttet<\/li>\n<li><strong><em>plethysmografisk kurve og pulsstyrke,<\/em><\/strong><\/li>\n<li>alarmer for m\u00e5lte v\u00e6rdier og frakobling af SpO2-sensor<\/li>\n<li>uafh\u00e6ngig indstilling af de nedre og \u00f8vre gr\u00e6nser for puls- og saturationsalarmer og en uafh\u00e6ngig PR- eller SpO2-alarm<\/li>\n<li>arytmialarm \u2013 takykardi (takykardi) og bradykardi (langsom hjerterytme)<\/li>\n<li>hukommelse af m\u00e5lte puls- og m\u00e6tningsv\u00e6rdier i form af en tabel vist p\u00e5 pulsoximeterets sk\u00e6rm<\/li>\n<li>justering af alarmlydstyrke og pulstone.<\/li>\n<li>kompakte dimensioner med nem brug<\/li>\n<li>simpel menu p\u00e5 engelsk<\/li>\n<li><b>pulsfejlomr\u00e5de:<\/b> 1%<\/li>\n<li><b>SPo2-fejlomr\u00e5de:<\/b> 2%<\/li>\n<li><strong>beskyttelsesklasse:<\/strong> IP22<\/li>\n<li><strong>str\u00f8mforsyning:<\/strong> 3 AAA-batterier<\/li>\n<li><b>dimensioner:<\/b> 127 mm x 67 mm x 27 mm<\/li>\n<li><b>V\u00e6gten:<\/b> 110 g \u2013 meget let<\/li>\n<\/ul>\n<p>CE-certificeret, direktiv 93\/42\/E\u00d8F om medicinsk udstyr og ISO 13485 gyldigt indtil 2022.<\/p>","protected":false},"excerpt":{"rendered":"<p>Nowoczesny, szybki pulsoksymetr z funkcj\u0105 krzywej pletyzmograficznej i si\u0142\u0105 pulsu. Urz\u0105dzenie przeznaczone jest do pracy ci\u0105g\u0142ej, nieinwazyjnej, w warunkach szpitalnych, domach opieki, hospicjach oraz w domu. Du\u017cy i czytelny wielofunkcyjny wy\u015bwietlacz !!! Specyfikacja produktu: wy\u015bwietlacz: kolorowy 2,4&#8243; wy\u015bwietlacz LCD z regulacj\u0105 jasno\u015bci ekranu zakres pomiarowy saturacji: 80 ~ 99% (70 ~ 79 &#8211; 3%) zakres [&hellip;]<\/p>\n","protected":false},"featured_media":1624,"comment_status":"closed","ping_status":"closed","template":"","meta":[],"product_brand":[],"product_cat":[30],"product_tag":[110,108,109,111],"class_list":{"0":"post-1619","1":"product","2":"type-product","3":"status-publish","4":"has-post-thumbnail","6":"product_cat-medyczne","7":"product_tag-automatyczny","8":"product_tag-bezdotykowy","9":"product_tag-nascienny","10":"product_tag-termometr","12":"first","13":"instock","14":"taxable","15":"shipping-taxable","16":"purchasable","17":"product-type-simple","18":"czr-hentry"},"yoast_head":"<!-- This site is optimized with the Yoast SEO plugin v27.4 - https:\/\/yoast.com\/product\/yoast-seo-wordpress\/ -->\n<title>Pulsoksymetr YK-820 mini - funkcje \u017cyciowe + krzywa pletyzmograficzna - Mini PC, Komputery, Laptopy, Translatory<\/title>\n<meta name=\"robots\" content=\"index, follow, max-snippet:-1, max-image-preview:large, max-video-preview:-1\" \/>\n<link rel=\"canonical\" href=\"https:\/\/www.oio.pl\/da\/produkt-2\/yk-820-mini-pulsoximeter-vitaltegn-plethysmografisk-kurve\/\" \/>\n<meta property=\"og:locale\" content=\"da_DK\" \/>\n<meta property=\"og:type\" content=\"article\" \/>\n<meta property=\"og:title\" content=\"Pulsoksymetr YK-820 mini - funkcje \u017cyciowe + krzywa pletyzmograficzna - Mini PC, Komputery, Laptopy, Translatory\" \/>\n<meta property=\"og:description\" content=\"Nowoczesny, szybki pulsoksymetr z funkcj\u0105 krzywej pletyzmograficznej i si\u0142\u0105 pulsu. Urz\u0105dzenie przeznaczone jest do pracy ci\u0105g\u0142ej, nieinwazyjnej, w warunkach szpitalnych, domach opieki, hospicjach oraz w domu. Du\u017cy i czytelny wielofunkcyjny wy\u015bwietlacz !!! Specyfikacja produktu: wy\u015bwietlacz: kolorowy 2,4&#8243; wy\u015bwietlacz LCD z regulacj\u0105 jasno\u015bci ekranu zakres pomiarowy saturacji: 80 ~ 99% (70 ~ 79 &#8211; 3%) zakres [&hellip;]\" \/>\n<meta property=\"og:url\" content=\"https:\/\/www.oio.pl\/da\/produkt-2\/yk-820-mini-pulsoximeter-vitaltegn-plethysmografisk-kurve\/\" \/>\n<meta property=\"og:site_name\" content=\"Mini PC, Komputery, Laptopy, Translatory\" \/>\n<meta property=\"article:publisher\" content=\"https:\/\/www.facebook.com\/oiopl\" \/>\n<meta property=\"article:modified_time\" content=\"2020-12-26T11:14:49+00:00\" \/>\n<meta property=\"og:image\" content=\"https:\/\/www.oio.pl\/wp-content\/uploads\/2020\/12\/820_14.jpg\" \/>\n\t<meta property=\"og:image:width\" content=\"800\" \/>\n\t<meta property=\"og:image:height\" content=\"800\" \/>\n\t<meta property=\"og:image:type\" content=\"image\/jpeg\" \/>\n<meta name=\"twitter:card\" content=\"summary_large_image\" \/>\n<meta name=\"twitter:label1\" content=\"Estimeret l\u00e6setid\" \/>\n\t<meta name=\"twitter:data1\" content=\"1 minut\" \/>\n<script type=\"application\/ld+json\" class=\"yoast-schema-graph\">{\"@context\":\"https:\\\/\\\/schema.org\",\"@graph\":[{\"@type\":\"WebPage\",\"@id\":\"https:\\\/\\\/www.oio.pl\\\/product\\\/pulsoksymetr-yk-820-mini-funkcje-zyciowe-krzywa-pletyzmograficzna\\\/\",\"url\":\"https:\\\/\\\/www.oio.pl\\\/product\\\/pulsoksymetr-yk-820-mini-funkcje-zyciowe-krzywa-pletyzmograficzna\\\/\",\"name\":\"Pulsoksymetr YK-820 mini - funkcje \u017cyciowe + krzywa pletyzmograficzna - Mini PC, Komputery, Laptopy, Translatory\",\"isPartOf\":{\"@id\":\"https:\\\/\\\/www.oio.pl\\\/#website\"},\"primaryImageOfPage\":{\"@id\":\"https:\\\/\\\/www.oio.pl\\\/product\\\/pulsoksymetr-yk-820-mini-funkcje-zyciowe-krzywa-pletyzmograficzna\\\/#primaryimage\"},\"image\":{\"@id\":\"https:\\\/\\\/www.oio.pl\\\/product\\\/pulsoksymetr-yk-820-mini-funkcje-zyciowe-krzywa-pletyzmograficzna\\\/#primaryimage\"},\"thumbnailUrl\":\"https:\\\/\\\/www.oio.pl\\\/wp-content\\\/uploads\\\/2020\\\/12\\\/820_14.jpg\",\"datePublished\":\"2020-12-26T10:35:23+00:00\",\"dateModified\":\"2020-12-26T11:14:49+00:00\",\"breadcrumb\":{\"@id\":\"https:\\\/\\\/www.oio.pl\\\/product\\\/pulsoksymetr-yk-820-mini-funkcje-zyciowe-krzywa-pletyzmograficzna\\\/#breadcrumb\"},\"inLanguage\":\"da-DK\",\"potentialAction\":[{\"@type\":\"ReadAction\",\"target\":[\"https:\\\/\\\/www.oio.pl\\\/product\\\/pulsoksymetr-yk-820-mini-funkcje-zyciowe-krzywa-pletyzmograficzna\\\/\"]}]},{\"@type\":\"ImageObject\",\"inLanguage\":\"da-DK\",\"@id\":\"https:\\\/\\\/www.oio.pl\\\/product\\\/pulsoksymetr-yk-820-mini-funkcje-zyciowe-krzywa-pletyzmograficzna\\\/#primaryimage\",\"url\":\"https:\\\/\\\/www.oio.pl\\\/wp-content\\\/uploads\\\/2020\\\/12\\\/820_14.jpg\",\"contentUrl\":\"https:\\\/\\\/www.oio.pl\\\/wp-content\\\/uploads\\\/2020\\\/12\\\/820_14.jpg\",\"width\":800,\"height\":800},{\"@type\":\"BreadcrumbList\",\"@id\":\"https:\\\/\\\/www.oio.pl\\\/product\\\/pulsoksymetr-yk-820-mini-funkcje-zyciowe-krzywa-pletyzmograficzna\\\/#breadcrumb\",\"itemListElement\":[{\"@type\":\"ListItem\",\"position\":1,\"name\":\"Strona g\u0142\u00f3wna\",\"item\":\"https:\\\/\\\/www.oio.pl\\\/\"},{\"@type\":\"ListItem\",\"position\":2,\"name\":\"Produkty\",\"item\":\"https:\\\/\\\/www.oio.pl\\\/\"},{\"@type\":\"ListItem\",\"position\":3,\"name\":\"Pulsoksymetr YK-820 mini &#8211; funkcje \u017cyciowe + krzywa pletyzmograficzna\"}]},{\"@type\":\"WebSite\",\"@id\":\"https:\\\/\\\/www.oio.pl\\\/#website\",\"url\":\"https:\\\/\\\/www.oio.pl\\\/\",\"name\":\"OIO.pl \u2013 Tablety przemys\u0142owe, sprz\u0119t IT dla przemys\u0142u i logistyki\",\"description\":\"tablety przemys\u0142owe, rugged tablet, komputer przemys\u0142owy, tablet wytrzyma\u0142y, sprz\u0119t dla przemys\u0142u, tablet z Windows, tablet IP67, laptop dla magazynu, elektronika przemys\u0142owa, komputery przemys\u0142owe, oio.pl, sprz\u0119t dla logistyki, tablet do pracy w terenie, monitor dotykowy przemys\u0142owy\",\"publisher\":{\"@id\":\"https:\\\/\\\/www.oio.pl\\\/#organization\"},\"alternateName\":\"Sklep internetowy dla przemys\u0142u\",\"potentialAction\":[{\"@type\":\"SearchAction\",\"target\":{\"@type\":\"EntryPoint\",\"urlTemplate\":\"https:\\\/\\\/www.oio.pl\\\/?s={search_term_string}\"},\"query-input\":{\"@type\":\"PropertyValueSpecification\",\"valueRequired\":true,\"valueName\":\"search_term_string\"}}],\"inLanguage\":\"da-DK\"},{\"@type\":\"Organization\",\"@id\":\"https:\\\/\\\/www.oio.pl\\\/#organization\",\"name\":\"OIO\",\"alternateName\":\"Sprz\u0119t komputerowy\",\"url\":\"https:\\\/\\\/www.oio.pl\\\/\",\"logo\":{\"@type\":\"ImageObject\",\"inLanguage\":\"da-DK\",\"@id\":\"https:\\\/\\\/www.oio.pl\\\/#\\\/schema\\\/logo\\\/image\\\/\",\"url\":\"https:\\\/\\\/www.oio.pl\\\/wp-content\\\/uploads\\\/2023\\\/11\\\/cropped-cropped-oio_120x120.jpg\",\"contentUrl\":\"https:\\\/\\\/www.oio.pl\\\/wp-content\\\/uploads\\\/2023\\\/11\\\/cropped-cropped-oio_120x120.jpg\",\"width\":120,\"height\":48,\"caption\":\"OIO\"},\"image\":{\"@id\":\"https:\\\/\\\/www.oio.pl\\\/#\\\/schema\\\/logo\\\/image\\\/\"},\"sameAs\":[\"https:\\\/\\\/www.facebook.com\\\/oiopl\"]}]}<\/script>\n<!-- \/ Yoast SEO plugin. -->","yoast_head_json":{"title":"YK-820 mini pulsoximeter - vitale tegn + plethysmografisk kurve - Mini-pc&#039;er, computere, b\u00e6rbare computere, overs\u00e6ttere","robots":{"index":"index","follow":"follow","max-snippet":"max-snippet:-1","max-image-preview":"max-image-preview:large","max-video-preview":"max-video-preview:-1"},"canonical":"https:\/\/www.oio.pl\/da\/produkt-2\/yk-820-mini-pulsoximeter-vitaltegn-plethysmografisk-kurve\/","og_locale":"da_DK","og_type":"article","og_title":"Pulsoksymetr YK-820 mini - funkcje \u017cyciowe + krzywa pletyzmograficzna - Mini PC, Komputery, Laptopy, Translatory","og_description":"Nowoczesny, szybki pulsoksymetr z funkcj\u0105 krzywej pletyzmograficznej i si\u0142\u0105 pulsu. Urz\u0105dzenie przeznaczone jest do pracy ci\u0105g\u0142ej, nieinwazyjnej, w warunkach szpitalnych, domach opieki, hospicjach oraz w domu. Du\u017cy i czytelny wielofunkcyjny wy\u015bwietlacz !!! Specyfikacja produktu: wy\u015bwietlacz: kolorowy 2,4&#8243; wy\u015bwietlacz LCD z regulacj\u0105 jasno\u015bci ekranu zakres pomiarowy saturacji: 80 ~ 99% (70 ~ 79 &#8211; 3%) zakres [&hellip;]","og_url":"https:\/\/www.oio.pl\/da\/produkt-2\/yk-820-mini-pulsoximeter-vitaltegn-plethysmografisk-kurve\/","og_site_name":"Mini PC, Komputery, Laptopy, Translatory","article_publisher":"https:\/\/www.facebook.com\/oiopl","article_modified_time":"2020-12-26T11:14:49+00:00","og_image":[{"width":800,"height":800,"url":"https:\/\/www.oio.pl\/wp-content\/uploads\/2020\/12\/820_14.jpg","type":"image\/jpeg"}],"twitter_card":"summary_large_image","twitter_misc":{"Estimeret l\u00e6setid":"1 minut"},"schema":{"@context":"https:\/\/schema.org","@graph":[{"@type":"WebPage","@id":"https:\/\/www.oio.pl\/product\/pulsoksymetr-yk-820-mini-funkcje-zyciowe-krzywa-pletyzmograficzna\/","url":"https:\/\/www.oio.pl\/product\/pulsoksymetr-yk-820-mini-funkcje-zyciowe-krzywa-pletyzmograficzna\/","name":"YK-820 mini pulsoximeter - vitale tegn + plethysmografisk kurve - Mini-pc&#039;er, computere, b\u00e6rbare computere, overs\u00e6ttere","isPartOf":{"@id":"https:\/\/www.oio.pl\/#website"},"primaryImageOfPage":{"@id":"https:\/\/www.oio.pl\/product\/pulsoksymetr-yk-820-mini-funkcje-zyciowe-krzywa-pletyzmograficzna\/#primaryimage"},"image":{"@id":"https:\/\/www.oio.pl\/product\/pulsoksymetr-yk-820-mini-funkcje-zyciowe-krzywa-pletyzmograficzna\/#primaryimage"},"thumbnailUrl":"https:\/\/www.oio.pl\/wp-content\/uploads\/2020\/12\/820_14.jpg","datePublished":"2020-12-26T10:35:23+00:00","dateModified":"2020-12-26T11:14:49+00:00","breadcrumb":{"@id":"https:\/\/www.oio.pl\/product\/pulsoksymetr-yk-820-mini-funkcje-zyciowe-krzywa-pletyzmograficzna\/#breadcrumb"},"inLanguage":"da-DK","potentialAction":[{"@type":"ReadAction","target":["https:\/\/www.oio.pl\/product\/pulsoksymetr-yk-820-mini-funkcje-zyciowe-krzywa-pletyzmograficzna\/"]}]},{"@type":"ImageObject","inLanguage":"da-DK","@id":"https:\/\/www.oio.pl\/product\/pulsoksymetr-yk-820-mini-funkcje-zyciowe-krzywa-pletyzmograficzna\/#primaryimage","url":"https:\/\/www.oio.pl\/wp-content\/uploads\/2020\/12\/820_14.jpg","contentUrl":"https:\/\/www.oio.pl\/wp-content\/uploads\/2020\/12\/820_14.jpg","width":800,"height":800},{"@type":"BreadcrumbList","@id":"https:\/\/www.oio.pl\/product\/pulsoksymetr-yk-820-mini-funkcje-zyciowe-krzywa-pletyzmograficzna\/#breadcrumb","itemListElement":[{"@type":"ListItem","position":1,"name":"Strona g\u0142\u00f3wna","item":"https:\/\/www.oio.pl\/"},{"@type":"ListItem","position":2,"name":"Produkty","item":"https:\/\/www.oio.pl\/"},{"@type":"ListItem","position":3,"name":"Pulsoksymetr YK-820 mini &#8211; funkcje \u017cyciowe + krzywa pletyzmograficzna"}]},{"@type":"WebSite","@id":"https:\/\/www.oio.pl\/#website","url":"https:\/\/www.oio.pl\/","name":"OIO.pl \u2013 Industrielle tablets, IT-udstyr til industri og logistik","description":"Industrielle tablets, robust tablet, industriel computer, holdbar tablet, udstyr til industrien, Windows-tablet, IP67-tablet, b\u00e6rbar lager, industriel elektronik, industrielle computere, oio.pl, logistikudstyr, tablet til feltarbejdsbrug, industriel ber\u00f8ringssk\u00e6rm","publisher":{"@id":"https:\/\/www.oio.pl\/#organization"},"alternateName":"Sklep internetowy dla przemys\u0142u","potentialAction":[{"@type":"SearchAction","target":{"@type":"EntryPoint","urlTemplate":"https:\/\/www.oio.pl\/?s={search_term_string}"},"query-input":{"@type":"PropertyValueSpecification","valueRequired":true,"valueName":"search_term_string"}}],"inLanguage":"da-DK"},{"@type":"Organization","@id":"https:\/\/www.oio.pl\/#organization","name":"OIO","alternateName":"Sprz\u0119t komputerowy","url":"https:\/\/www.oio.pl\/","logo":{"@type":"ImageObject","inLanguage":"da-DK","@id":"https:\/\/www.oio.pl\/#\/schema\/logo\/image\/","url":"https:\/\/www.oio.pl\/wp-content\/uploads\/2023\/11\/cropped-cropped-oio_120x120.jpg","contentUrl":"https:\/\/www.oio.pl\/wp-content\/uploads\/2023\/11\/cropped-cropped-oio_120x120.jpg","width":120,"height":48,"caption":"OIO"},"image":{"@id":"https:\/\/www.oio.pl\/#\/schema\/logo\/image\/"},"sameAs":["https:\/\/www.facebook.com\/oiopl"]}]}},"_links":{"self":[{"href":"https:\/\/www.oio.pl\/da\/wp-json\/wp\/v2\/product\/1619","targetHints":{"allow":["GET"]}}],"collection":[{"href":"https:\/\/www.oio.pl\/da\/wp-json\/wp\/v2\/product"}],"about":[{"href":"https:\/\/www.oio.pl\/da\/wp-json\/wp\/v2\/types\/product"}],"replies":[{"embeddable":true,"href":"https:\/\/www.oio.pl\/da\/wp-json\/wp\/v2\/comments?post=1619"}],"wp:featuredmedia":[{"embeddable":true,"href":"https:\/\/www.oio.pl\/da\/wp-json\/wp\/v2\/media\/1624"}],"wp:attachment":[{"href":"https:\/\/www.oio.pl\/da\/wp-json\/wp\/v2\/media?parent=1619"}],"wp:term":[{"taxonomy":"product_brand","embeddable":true,"href":"https:\/\/www.oio.pl\/da\/wp-json\/wp\/v2\/product_brand?post=1619"},{"taxonomy":"product_cat","embeddable":true,"href":"https:\/\/www.oio.pl\/da\/wp-json\/wp\/v2\/product_cat?post=1619"},{"taxonomy":"product_tag","embeddable":true,"href":"https:\/\/www.oio.pl\/da\/wp-json\/wp\/v2\/product_tag?post=1619"}],"curies":[{"name":"wp","href":"https:\/\/api.w.org\/{rel}","templated":true}]}}