{"id":1721,"date":"2021-08-18T13:58:07","date_gmt":"2021-08-18T11:58:07","guid":{"rendered":"https:\/\/www.oio.pl\/?post_type=product&#038;p=1721"},"modified":"2026-03-16T16:48:56","modified_gmt":"2026-03-16T15:48:56","slug":"industriel-computerchip-x30g-intel-n2830-2x-rs232-2x-lan","status":"publish","type":"product","link":"https:\/\/www.oio.pl\/da\/product\/komputer-przemyslowy-chipol-x30g-intel-n2830-2x-rs232-2x-lan\/","title":{"rendered":"Chipol X30C Intel N2830 industriel computer \u2013 2x RS232 + 2x LAN"},"content":{"rendered":"<p><b>En computer designet til specielle opgaver, hvis metalkabinet giver dig mulighed for at arbejde med fuld effekt ved hj\u00e6lp af passiv k\u00f8ling.<\/b><\/p>\n<p>Chipol X30C industriel mini-pc er det perfekte valg til fuld hastighedsdrift i Linux og Windows. Enhedens design sikrer effektiv og problemfri brug, selv 24 timer i d\u00f8gnet. Manglen p\u00e5 aktive k\u00f8leelementer giver dig mulighed for at arbejde i stilhed. Chipol X30G mikrocomputeren giver dig mulighed for at arbejde under vanskelige forhold uden at generere yderligere st\u00f8j eller lyd.<\/p>\n<p>Chipol X30C har alle n\u00f8dvendige ind-\/udgange, inklusive USB 3.0 og HDMI, VGA, to 1000 LAN RJ45-porte og to RS232-porte.<\/p>\n<p>Her blev anvendt et gennempr\u00f8vet k\u00f8lesystem, udelukkende baseret p\u00e5 solide elementer, prim\u00e6rt radiatorer. Metalhuset beskytter permanent og afleder varmen perfekt. Dette system udnytter f\u00e6nomenet med metaller, der frigiver varmeenergi til omgivelserne - der er ingen yderligere bev\u00e6gelige elementer i form af ventilatorer. Denne l\u00f8sning sikrer lydl\u00f8s drift, lavere fejlrate p\u00e5 grund af manglende tvungen luftcirkulation, samtidig med at den reducerer m\u00e6ngden af energi, der forbruges.<\/p>\n<p>Mini-pc&#039;en kommunikerer ved hj\u00e6lp af to LAN 100\/1000 netv\u00e6rkskort (valgfrit 2,4 GHz tr\u00e5dl\u00f8st WiFi og\u00a0<b>5,8 GHz<\/b> 802.11 b\/g\/n). Antallet af tilg\u00e6ngelige, mulige indstillinger udvider yderligere mulighederne for at udvide og bruge enheden. Enheden har fem USB-porte, herunder to USB 3.0 og to 2.0. Et andet vigtigt element er evnen til at arbejde i et bredt temperaturomr\u00e5de, fra -20\u00b0C til 75\u00b0C. 12 V str\u00f8mforsyning muligg\u00f8r brugen af denne model i hele IT-strukturen.<\/p>","protected":false},"excerpt":{"rendered":"<p>Komputer przeznaczony do zada\u0144 specjalnych, metalowa obudowa pozwala pracowa\u0107 z pe\u0142n\u0105 moc\u0105 z wykorzystaniem pasywnego ch\u0142odzenia. Przemys\u0142owy mini PC Chipol X30C jest idealn\u0105 opcj\u0105 do pracy z pe\u0142n\u0105 pr\u0119dko\u015bci\u0105 w systemie Linux oraz Windows. Konstrukcja urz\u0105dzenia zapewnia sprawne i bezawaryjne u\u017cytkowanie nawet 24 h na dob\u0119. Brak aktywnych element\u00f3w ch\u0142odz\u0105cych pozwala cieszy\u0107 si\u0119 prac\u0105 w [&hellip;]<\/p>\n","protected":false},"featured_media":1726,"comment_status":"closed","ping_status":"closed","template":"","meta":[],"product_brand":[],"product_cat":[97,117],"product_tag":[2531,3016,3017,3018,3027,1437,3020,3019,3015,3022,3025,3024,3029,3030,1345,3026,47,77,45,46,3028,3021,3033,3031,3032,3023],"class_list":{"0":"post-1721","1":"product","2":"type-product","3":"status-publish","4":"has-post-thumbnail","6":"product_cat-pc-przemyslowe","7":"product_cat-pc-2xrs232","8":"product_tag-computer","9":"product_tag-computers","10":"product_tag-industrial","11":"product_tag-industrial-automation","12":"product_tag-industrial-automation-controllers","13":"product_tag-industrial-computer","14":"product_tag-industrial-computer-platform","15":"product_tag-industrial-computer-storage","16":"product_tag-industrial-computers","17":"product_tag-industrial-computing","18":"product_tag-industrial-edge","19":"product_tag-industrial-equipment-manufacturing","20":"product_tag-industrial-hardware","21":"product_tag-industrial-internet-of-things","22":"product_tag-industrial-pc","23":"product_tag-industrialpc","24":"product_tag-komputer","25":"product_tag-komputer-przemyslowy","26":"product_tag-mikrokomputer","27":"product_tag-mini-pc","28":"product_tag-retro-computer","29":"product_tag-retro-computers","30":"product_tag-simatic-industrial-pc","31":"product_tag-specialist-computers","32":"product_tag-vintage-computer","33":"product_tag-vintage-computers","35":"first","36":"instock","37":"taxable","38":"shipping-taxable","39":"purchasable","40":"product-type-variable","41":"has-default-attributes","42":"czr-hentry"},"yoast_head":"<!-- This site is optimized with the Yoast SEO plugin v27.4 - https:\/\/yoast.com\/product\/yoast-seo-wordpress\/ -->\n<title>Komputer przemys\u0142owy Chipol X30C Intel N2830 - 2x RS232 + 2x LAN - Mini PC, Komputery, Laptopy, Translatory<\/title>\n<meta name=\"robots\" content=\"index, follow, max-snippet:-1, max-image-preview:large, max-video-preview:-1\" \/>\n<link rel=\"canonical\" href=\"https:\/\/www.oio.pl\/da\/produkt-2\/industriel-computerchip-x30g-intel-n2830-2x-rs232-2x-lan\/\" \/>\n<meta property=\"og:locale\" content=\"da_DK\" \/>\n<meta property=\"og:type\" content=\"article\" \/>\n<meta property=\"og:title\" content=\"Komputer przemys\u0142owy Chipol X30C Intel N2830 - 2x RS232 + 2x LAN - Mini PC, Komputery, Laptopy, Translatory\" \/>\n<meta property=\"og:description\" content=\"Komputer przeznaczony do zada\u0144 specjalnych, metalowa obudowa pozwala pracowa\u0107 z pe\u0142n\u0105 moc\u0105 z wykorzystaniem pasywnego ch\u0142odzenia. Przemys\u0142owy mini PC Chipol X30C jest idealn\u0105 opcj\u0105 do pracy z pe\u0142n\u0105 pr\u0119dko\u015bci\u0105 w systemie Linux oraz Windows. Konstrukcja urz\u0105dzenia zapewnia sprawne i bezawaryjne u\u017cytkowanie nawet 24 h na dob\u0119. Brak aktywnych element\u00f3w ch\u0142odz\u0105cych pozwala cieszy\u0107 si\u0119 prac\u0105 w [&hellip;]\" \/>\n<meta property=\"og:url\" content=\"https:\/\/www.oio.pl\/da\/produkt-2\/industriel-computerchip-x30g-intel-n2830-2x-rs232-2x-lan\/\" \/>\n<meta property=\"og:site_name\" content=\"Mini PC, Komputery, Laptopy, Translatory\" \/>\n<meta property=\"article:publisher\" content=\"https:\/\/www.facebook.com\/oiopl\" \/>\n<meta property=\"article:modified_time\" content=\"2026-03-16T15:48:56+00:00\" \/>\n<meta property=\"og:image\" content=\"https:\/\/www.oio.pl\/wp-content\/uploads\/2021\/08\/X30A_19.jpg\" \/>\n\t<meta property=\"og:image:width\" content=\"900\" \/>\n\t<meta property=\"og:image:height\" content=\"822\" \/>\n\t<meta property=\"og:image:type\" content=\"image\/jpeg\" \/>\n<meta name=\"twitter:card\" content=\"summary_large_image\" \/>\n<meta name=\"twitter:label1\" content=\"Estimeret l\u00e6setid\" \/>\n\t<meta name=\"twitter:data1\" content=\"2 minutter\" \/>\n<script type=\"application\/ld+json\" class=\"yoast-schema-graph\">{\"@context\":\"https:\\\/\\\/schema.org\",\"@graph\":[{\"@type\":\"WebPage\",\"@id\":\"https:\\\/\\\/www.oio.pl\\\/product\\\/komputer-przemyslowy-chipol-x30g-intel-n2830-2x-rs232-2x-lan\\\/\",\"url\":\"https:\\\/\\\/www.oio.pl\\\/product\\\/komputer-przemyslowy-chipol-x30g-intel-n2830-2x-rs232-2x-lan\\\/\",\"name\":\"Komputer przemys\u0142owy Chipol X30C Intel N2830 - 2x RS232 + 2x LAN - Mini PC, Komputery, Laptopy, Translatory\",\"isPartOf\":{\"@id\":\"https:\\\/\\\/www.oio.pl\\\/#website\"},\"primaryImageOfPage\":{\"@id\":\"https:\\\/\\\/www.oio.pl\\\/product\\\/komputer-przemyslowy-chipol-x30g-intel-n2830-2x-rs232-2x-lan\\\/#primaryimage\"},\"image\":{\"@id\":\"https:\\\/\\\/www.oio.pl\\\/product\\\/komputer-przemyslowy-chipol-x30g-intel-n2830-2x-rs232-2x-lan\\\/#primaryimage\"},\"thumbnailUrl\":\"https:\\\/\\\/www.oio.pl\\\/wp-content\\\/uploads\\\/2021\\\/08\\\/X30A_19.jpg\",\"datePublished\":\"2021-08-18T11:58:07+00:00\",\"dateModified\":\"2026-03-16T15:48:56+00:00\",\"breadcrumb\":{\"@id\":\"https:\\\/\\\/www.oio.pl\\\/product\\\/komputer-przemyslowy-chipol-x30g-intel-n2830-2x-rs232-2x-lan\\\/#breadcrumb\"},\"inLanguage\":\"da-DK\",\"potentialAction\":[{\"@type\":\"ReadAction\",\"target\":[\"https:\\\/\\\/www.oio.pl\\\/product\\\/komputer-przemyslowy-chipol-x30g-intel-n2830-2x-rs232-2x-lan\\\/\"]}]},{\"@type\":\"ImageObject\",\"inLanguage\":\"da-DK\",\"@id\":\"https:\\\/\\\/www.oio.pl\\\/product\\\/komputer-przemyslowy-chipol-x30g-intel-n2830-2x-rs232-2x-lan\\\/#primaryimage\",\"url\":\"https:\\\/\\\/www.oio.pl\\\/wp-content\\\/uploads\\\/2021\\\/08\\\/X30A_19.jpg\",\"contentUrl\":\"https:\\\/\\\/www.oio.pl\\\/wp-content\\\/uploads\\\/2021\\\/08\\\/X30A_19.jpg\",\"width\":900,\"height\":822},{\"@type\":\"BreadcrumbList\",\"@id\":\"https:\\\/\\\/www.oio.pl\\\/product\\\/komputer-przemyslowy-chipol-x30g-intel-n2830-2x-rs232-2x-lan\\\/#breadcrumb\",\"itemListElement\":[{\"@type\":\"ListItem\",\"position\":1,\"name\":\"Strona g\u0142\u00f3wna\",\"item\":\"https:\\\/\\\/www.oio.pl\\\/\"},{\"@type\":\"ListItem\",\"position\":2,\"name\":\"Produkty\",\"item\":\"https:\\\/\\\/www.oio.pl\\\/\"},{\"@type\":\"ListItem\",\"position\":3,\"name\":\"Komputer przemys\u0142owy Chipol X30C Intel N2830 &#8211; 2x RS232 + 2x LAN\"}]},{\"@type\":\"WebSite\",\"@id\":\"https:\\\/\\\/www.oio.pl\\\/#website\",\"url\":\"https:\\\/\\\/www.oio.pl\\\/\",\"name\":\"OIO.pl \u2013 Tablety przemys\u0142owe, sprz\u0119t IT dla przemys\u0142u i logistyki\",\"description\":\"tablety przemys\u0142owe, rugged tablet, komputer przemys\u0142owy, tablet wytrzyma\u0142y, sprz\u0119t dla przemys\u0142u, tablet z Windows, tablet IP67, laptop dla magazynu, elektronika przemys\u0142owa, komputery przemys\u0142owe, oio.pl, sprz\u0119t dla logistyki, tablet do pracy w terenie, monitor dotykowy przemys\u0142owy\",\"publisher\":{\"@id\":\"https:\\\/\\\/www.oio.pl\\\/#organization\"},\"alternateName\":\"Sklep internetowy dla przemys\u0142u\",\"potentialAction\":[{\"@type\":\"SearchAction\",\"target\":{\"@type\":\"EntryPoint\",\"urlTemplate\":\"https:\\\/\\\/www.oio.pl\\\/?s={search_term_string}\"},\"query-input\":{\"@type\":\"PropertyValueSpecification\",\"valueRequired\":true,\"valueName\":\"search_term_string\"}}],\"inLanguage\":\"da-DK\"},{\"@type\":\"Organization\",\"@id\":\"https:\\\/\\\/www.oio.pl\\\/#organization\",\"name\":\"OIO\",\"alternateName\":\"Sprz\u0119t komputerowy\",\"url\":\"https:\\\/\\\/www.oio.pl\\\/\",\"logo\":{\"@type\":\"ImageObject\",\"inLanguage\":\"da-DK\",\"@id\":\"https:\\\/\\\/www.oio.pl\\\/#\\\/schema\\\/logo\\\/image\\\/\",\"url\":\"https:\\\/\\\/www.oio.pl\\\/wp-content\\\/uploads\\\/2023\\\/11\\\/cropped-cropped-oio_120x120.jpg\",\"contentUrl\":\"https:\\\/\\\/www.oio.pl\\\/wp-content\\\/uploads\\\/2023\\\/11\\\/cropped-cropped-oio_120x120.jpg\",\"width\":120,\"height\":48,\"caption\":\"OIO\"},\"image\":{\"@id\":\"https:\\\/\\\/www.oio.pl\\\/#\\\/schema\\\/logo\\\/image\\\/\"},\"sameAs\":[\"https:\\\/\\\/www.facebook.com\\\/oiopl\"]}]}<\/script>\n<!-- \/ Yoast SEO plugin. -->","yoast_head_json":{"title":"Chipol X30C Intel N2830 industriel computer - 2x RS232 + 2x LAN - Mini-pc&#039;er, computere, b\u00e6rbare computere, overs\u00e6ttere","robots":{"index":"index","follow":"follow","max-snippet":"max-snippet:-1","max-image-preview":"max-image-preview:large","max-video-preview":"max-video-preview:-1"},"canonical":"https:\/\/www.oio.pl\/da\/produkt-2\/industriel-computerchip-x30g-intel-n2830-2x-rs232-2x-lan\/","og_locale":"da_DK","og_type":"article","og_title":"Komputer przemys\u0142owy Chipol X30C Intel N2830 - 2x RS232 + 2x LAN - Mini PC, Komputery, Laptopy, Translatory","og_description":"Komputer przeznaczony do zada\u0144 specjalnych, metalowa obudowa pozwala pracowa\u0107 z pe\u0142n\u0105 moc\u0105 z wykorzystaniem pasywnego ch\u0142odzenia. Przemys\u0142owy mini PC Chipol X30C jest idealn\u0105 opcj\u0105 do pracy z pe\u0142n\u0105 pr\u0119dko\u015bci\u0105 w systemie Linux oraz Windows. Konstrukcja urz\u0105dzenia zapewnia sprawne i bezawaryjne u\u017cytkowanie nawet 24 h na dob\u0119. Brak aktywnych element\u00f3w ch\u0142odz\u0105cych pozwala cieszy\u0107 si\u0119 prac\u0105 w [&hellip;]","og_url":"https:\/\/www.oio.pl\/da\/produkt-2\/industriel-computerchip-x30g-intel-n2830-2x-rs232-2x-lan\/","og_site_name":"Mini PC, Komputery, Laptopy, Translatory","article_publisher":"https:\/\/www.facebook.com\/oiopl","article_modified_time":"2026-03-16T15:48:56+00:00","og_image":[{"width":900,"height":822,"url":"https:\/\/www.oio.pl\/wp-content\/uploads\/2021\/08\/X30A_19.jpg","type":"image\/jpeg"}],"twitter_card":"summary_large_image","twitter_misc":{"Estimeret l\u00e6setid":"2 minutter"},"schema":{"@context":"https:\/\/schema.org","@graph":[{"@type":"WebPage","@id":"https:\/\/www.oio.pl\/product\/komputer-przemyslowy-chipol-x30g-intel-n2830-2x-rs232-2x-lan\/","url":"https:\/\/www.oio.pl\/product\/komputer-przemyslowy-chipol-x30g-intel-n2830-2x-rs232-2x-lan\/","name":"Chipol X30C Intel N2830 industriel computer - 2x RS232 + 2x LAN - Mini-pc&#039;er, computere, b\u00e6rbare computere, overs\u00e6ttere","isPartOf":{"@id":"https:\/\/www.oio.pl\/#website"},"primaryImageOfPage":{"@id":"https:\/\/www.oio.pl\/product\/komputer-przemyslowy-chipol-x30g-intel-n2830-2x-rs232-2x-lan\/#primaryimage"},"image":{"@id":"https:\/\/www.oio.pl\/product\/komputer-przemyslowy-chipol-x30g-intel-n2830-2x-rs232-2x-lan\/#primaryimage"},"thumbnailUrl":"https:\/\/www.oio.pl\/wp-content\/uploads\/2021\/08\/X30A_19.jpg","datePublished":"2021-08-18T11:58:07+00:00","dateModified":"2026-03-16T15:48:56+00:00","breadcrumb":{"@id":"https:\/\/www.oio.pl\/product\/komputer-przemyslowy-chipol-x30g-intel-n2830-2x-rs232-2x-lan\/#breadcrumb"},"inLanguage":"da-DK","potentialAction":[{"@type":"ReadAction","target":["https:\/\/www.oio.pl\/product\/komputer-przemyslowy-chipol-x30g-intel-n2830-2x-rs232-2x-lan\/"]}]},{"@type":"ImageObject","inLanguage":"da-DK","@id":"https:\/\/www.oio.pl\/product\/komputer-przemyslowy-chipol-x30g-intel-n2830-2x-rs232-2x-lan\/#primaryimage","url":"https:\/\/www.oio.pl\/wp-content\/uploads\/2021\/08\/X30A_19.jpg","contentUrl":"https:\/\/www.oio.pl\/wp-content\/uploads\/2021\/08\/X30A_19.jpg","width":900,"height":822},{"@type":"BreadcrumbList","@id":"https:\/\/www.oio.pl\/product\/komputer-przemyslowy-chipol-x30g-intel-n2830-2x-rs232-2x-lan\/#breadcrumb","itemListElement":[{"@type":"ListItem","position":1,"name":"Strona g\u0142\u00f3wna","item":"https:\/\/www.oio.pl\/"},{"@type":"ListItem","position":2,"name":"Produkty","item":"https:\/\/www.oio.pl\/"},{"@type":"ListItem","position":3,"name":"Komputer przemys\u0142owy Chipol X30C Intel N2830 &#8211; 2x RS232 + 2x LAN"}]},{"@type":"WebSite","@id":"https:\/\/www.oio.pl\/#website","url":"https:\/\/www.oio.pl\/","name":"OIO.pl \u2013 Industrielle tablets, IT-udstyr til industri og logistik","description":"Industrielle tablets, robust tablet, industriel computer, holdbar tablet, udstyr til industrien, Windows-tablet, IP67-tablet, b\u00e6rbar lager, industriel elektronik, industrielle computere, oio.pl, logistikudstyr, tablet til feltarbejdsbrug, industriel ber\u00f8ringssk\u00e6rm","publisher":{"@id":"https:\/\/www.oio.pl\/#organization"},"alternateName":"Sklep internetowy dla przemys\u0142u","potentialAction":[{"@type":"SearchAction","target":{"@type":"EntryPoint","urlTemplate":"https:\/\/www.oio.pl\/?s={search_term_string}"},"query-input":{"@type":"PropertyValueSpecification","valueRequired":true,"valueName":"search_term_string"}}],"inLanguage":"da-DK"},{"@type":"Organization","@id":"https:\/\/www.oio.pl\/#organization","name":"OIO","alternateName":"Sprz\u0119t komputerowy","url":"https:\/\/www.oio.pl\/","logo":{"@type":"ImageObject","inLanguage":"da-DK","@id":"https:\/\/www.oio.pl\/#\/schema\/logo\/image\/","url":"https:\/\/www.oio.pl\/wp-content\/uploads\/2023\/11\/cropped-cropped-oio_120x120.jpg","contentUrl":"https:\/\/www.oio.pl\/wp-content\/uploads\/2023\/11\/cropped-cropped-oio_120x120.jpg","width":120,"height":48,"caption":"OIO"},"image":{"@id":"https:\/\/www.oio.pl\/#\/schema\/logo\/image\/"},"sameAs":["https:\/\/www.facebook.com\/oiopl"]}]}},"_links":{"self":[{"href":"https:\/\/www.oio.pl\/da\/wp-json\/wp\/v2\/product\/1721","targetHints":{"allow":["GET"]}}],"collection":[{"href":"https:\/\/www.oio.pl\/da\/wp-json\/wp\/v2\/product"}],"about":[{"href":"https:\/\/www.oio.pl\/da\/wp-json\/wp\/v2\/types\/product"}],"replies":[{"embeddable":true,"href":"https:\/\/www.oio.pl\/da\/wp-json\/wp\/v2\/comments?post=1721"}],"wp:featuredmedia":[{"embeddable":true,"href":"https:\/\/www.oio.pl\/da\/wp-json\/wp\/v2\/media\/1726"}],"wp:attachment":[{"href":"https:\/\/www.oio.pl\/da\/wp-json\/wp\/v2\/media?parent=1721"}],"wp:term":[{"taxonomy":"product_brand","embeddable":true,"href":"https:\/\/www.oio.pl\/da\/wp-json\/wp\/v2\/product_brand?post=1721"},{"taxonomy":"product_cat","embeddable":true,"href":"https:\/\/www.oio.pl\/da\/wp-json\/wp\/v2\/product_cat?post=1721"},{"taxonomy":"product_tag","embeddable":true,"href":"https:\/\/www.oio.pl\/da\/wp-json\/wp\/v2\/product_tag?post=1721"}],"curies":[{"name":"wp","href":"https:\/\/api.w.org\/{rel}","templated":true}]}}