{"id":5576,"date":"2023-07-07T17:04:53","date_gmt":"2023-07-07T15:04:53","guid":{"rendered":"https:\/\/www.oio.pl\/?post_type=product&#038;p=5576"},"modified":"2026-02-23T16:13:32","modified_gmt":"2026-02-23T15:13:32","slug":"kmp-iii-bluetooth-kvitteringsprinter","status":"publish","type":"product","link":"https:\/\/www.oio.pl\/da\/product\/drukarka-paragonowa-kmp-iii-bluetooth\/","title":{"rendered":"KMP-III Bluetooth-kvitteringsprinter"},"content":{"rendered":"<p>Den ultralette, moderne og alsidige KMP-III kvitteringsprinter kombinerer kompakte dimensioner med USB- og Bluetooth-forbindelse, hvilket sikrer hurtig og p\u00e5lidelig udskrivning. En vigtig fordel ved denne enhed er dens indbyggede batteri, der g\u00f8r det muligt at fungere uafh\u00e6ngigt af en str\u00f8mkilde.<\/p>\n<p><b>En interessant funktion er muligheden for at udskrive direkte fra din telefon!!!<\/b><\/p>\n<p>Denne kvitteringsprinter giver dig mulighed for at standardisere dine daglige opgaver relateret til udskrivning af store m\u00e6ngder kvitteringer. Installationen er utrolig enkel og tager meget lidt tid. Printeren tilbyder intuitive indstillinger, der giver dig mulighed for at tilpasse den til dine individuelle behov, herunder udskrivning af brugerdefinerede kvitteringer. Du kan oprette forbindelse til enheden enten via en USB-port eller tr\u00e5dl\u00f8s Bluetooth-teknologi.<\/p>\n<p>KMP-III-printeren uden finanslovgivning er ekstremt popul\u00e6r p\u00e5 grund af dens alsidige anvendelse, som d\u00e6kker mange forskellige brancher og sektorer.<\/p>\n<p>Det er is\u00e6r nyttigt i:<\/p>\n<ul>\n<li>Laboratorier, hvor det bruges til at udskrive forskningsresultater.<\/li>\n<li>P\u00e5 apoteker, hvor det bruges til at udskrive recepter og ordrer p\u00e5 specialmedicin.<\/li>\n<li>Servicevirksomheder, der bruger det til at bekr\u00e6fte udf\u00f8relsen af tjenester, samt til l\u00e5neprocessen.<\/li>\n<li>Gastronomi, hvor det bruges til at sende ordrer til k\u00f8kkenet og udskrive fakturaer med pr\u00e6fiskale oplysninger.<\/li>\n<li>Valutavekslingskontorer, hvor det fungerer som en bekr\u00e6ftelse p\u00e5 salg eller k\u00f8b af valutaer.<\/li>\n<li>Kasseapparater, hvor det bruges til at udskrive fakturaer, loyalitetskonti og rabatkuponer.<\/li>\n<\/ul>\n<p>Derudover kan den ikke-skattem\u00e6ssige printer bruges til at udskrive adgangsbilletter til forskellige typer arrangementer, s\u00e5som biografvisninger, museumsudstillinger, teaterforestillinger eller sportsbegivenheder.<\/p>","protected":false},"excerpt":{"rendered":"<p>Dost\u0119pna jest super lekka, nowoczesna i uniwersalna drukarka paragonowa KMP-III, kt\u00f3ra \u0142\u0105czy w sobie kompaktowe wymiary oraz \u0142\u0105czno\u015b\u0107 USB i Bluetooth, zapewniaj\u0105c jednocze\u015bnie szybko\u015b\u0107 i niezawodno\u015b\u0107 druku. Najwa\u017cniejszym atutem tego urz\u0105dzenia jest wbudowany akumulator, dzi\u0119ki czemu dzia\u0142a niezale\u017cnie od zasilania. Ciekawostk\u0105 jest mo\u017cliwo\u015b\u0107 bezpo\u015bredniego drukowania z twojego telefonu !!! Model ten drukarki paragonowej pozwala na [&hellip;]<\/p>\n","protected":false},"featured_media":5579,"comment_status":"closed","ping_status":"closed","template":"","meta":[],"product_brand":[],"product_cat":[2109,3210],"product_tag":[2956,2943,2960,2957,2947,2962,2285,2951,2946,2944,2954,2961,2952,2959,2948,2945,2955,2958,2953,2950,2949],"class_list":{"0":"post-5576","1":"product","2":"type-product","3":"status-publish","4":"has-post-thumbnail","6":"product_cat-print-pos","7":"product_cat-print-wireless","8":"product_tag-horeca-pos-drukarkitermiczne-drukarki-etykiet","9":"product_tag-drukarka","10":"product_tag-drukarka-a11","11":"product_tag-drukarka-biletow","12":"product_tag-drukarka-do-etykiet","13":"product_tag-drukarka-do-naklejek","14":"product_tag-drukarka-etykiet","15":"product_tag-drukarka-etykiet-baselinker","16":"product_tag-drukarka-paragonow","17":"product_tag-drukarka-paragonowa","18":"product_tag-drukarka-pos","19":"product_tag-drukarka-star-micronics","20":"product_tag-drukarka-termiczna","21":"product_tag-drukarki-biletow","22":"product_tag-drukarki-etykiet","23":"product_tag-drukarki-paragonowe","24":"product_tag-drukarki-pos","25":"product_tag-drukowanie-paragonow-na-allegro","26":"product_tag-etykiety","27":"product_tag-najlepsza-drukarka-etykiet","28":"product_tag-przenosna-drukarka-etykiet","30":"first","31":"instock","32":"taxable","33":"shipping-taxable","34":"purchasable","35":"product-type-simple","36":"czr-hentry"},"yoast_head":"<!-- This site is optimized with the Yoast SEO plugin v27.4 - https:\/\/yoast.com\/product\/yoast-seo-wordpress\/ -->\n<title>Drukarka paragonowa KMP-III Bluetooth - Mini PC, Komputery, Laptopy, Translatory<\/title>\n<meta name=\"robots\" content=\"index, follow, max-snippet:-1, max-image-preview:large, max-video-preview:-1\" \/>\n<link rel=\"canonical\" href=\"https:\/\/www.oio.pl\/da\/produkt-2\/kmp-iii-bluetooth-kvitteringsprinter\/\" \/>\n<meta property=\"og:locale\" content=\"da_DK\" \/>\n<meta property=\"og:type\" content=\"article\" \/>\n<meta property=\"og:title\" content=\"Drukarka paragonowa KMP-III Bluetooth - Mini PC, Komputery, Laptopy, Translatory\" \/>\n<meta property=\"og:description\" content=\"Dost\u0119pna jest super lekka, nowoczesna i uniwersalna drukarka paragonowa KMP-III, kt\u00f3ra \u0142\u0105czy w sobie kompaktowe wymiary oraz \u0142\u0105czno\u015b\u0107 USB i Bluetooth, zapewniaj\u0105c jednocze\u015bnie szybko\u015b\u0107 i niezawodno\u015b\u0107 druku. Najwa\u017cniejszym atutem tego urz\u0105dzenia jest wbudowany akumulator, dzi\u0119ki czemu dzia\u0142a niezale\u017cnie od zasilania. Ciekawostk\u0105 jest mo\u017cliwo\u015b\u0107 bezpo\u015bredniego drukowania z twojego telefonu !!! Model ten drukarki paragonowej pozwala na [&hellip;]\" \/>\n<meta property=\"og:url\" content=\"https:\/\/www.oio.pl\/da\/produkt-2\/kmp-iii-bluetooth-kvitteringsprinter\/\" \/>\n<meta property=\"og:site_name\" content=\"Mini PC, Komputery, Laptopy, Translatory\" \/>\n<meta property=\"article:publisher\" content=\"https:\/\/www.facebook.com\/oiopl\" \/>\n<meta property=\"article:modified_time\" content=\"2026-02-23T15:13:32+00:00\" \/>\n<meta property=\"og:image\" content=\"https:\/\/www.oio.pl\/wp-content\/uploads\/2023\/07\/KMP-III_02.jpg\" \/>\n\t<meta property=\"og:image:width\" content=\"800\" \/>\n\t<meta property=\"og:image:height\" content=\"800\" \/>\n\t<meta property=\"og:image:type\" content=\"image\/jpeg\" \/>\n<meta name=\"twitter:card\" content=\"summary_large_image\" \/>\n<meta name=\"twitter:label1\" content=\"Estimeret l\u00e6setid\" \/>\n\t<meta name=\"twitter:data1\" content=\"1 minut\" \/>\n<script type=\"application\/ld+json\" class=\"yoast-schema-graph\">{\"@context\":\"https:\\\/\\\/schema.org\",\"@graph\":[{\"@type\":\"WebPage\",\"@id\":\"https:\\\/\\\/www.oio.pl\\\/product\\\/drukarka-paragonowa-kmp-iii-bluetooth\\\/\",\"url\":\"https:\\\/\\\/www.oio.pl\\\/product\\\/drukarka-paragonowa-kmp-iii-bluetooth\\\/\",\"name\":\"Drukarka paragonowa KMP-III Bluetooth - Mini PC, Komputery, Laptopy, Translatory\",\"isPartOf\":{\"@id\":\"https:\\\/\\\/www.oio.pl\\\/#website\"},\"primaryImageOfPage\":{\"@id\":\"https:\\\/\\\/www.oio.pl\\\/product\\\/drukarka-paragonowa-kmp-iii-bluetooth\\\/#primaryimage\"},\"image\":{\"@id\":\"https:\\\/\\\/www.oio.pl\\\/product\\\/drukarka-paragonowa-kmp-iii-bluetooth\\\/#primaryimage\"},\"thumbnailUrl\":\"https:\\\/\\\/www.oio.pl\\\/wp-content\\\/uploads\\\/2023\\\/07\\\/KMP-III_02.jpg\",\"datePublished\":\"2023-07-07T15:04:53+00:00\",\"dateModified\":\"2026-02-23T15:13:32+00:00\",\"breadcrumb\":{\"@id\":\"https:\\\/\\\/www.oio.pl\\\/product\\\/drukarka-paragonowa-kmp-iii-bluetooth\\\/#breadcrumb\"},\"inLanguage\":\"da-DK\",\"potentialAction\":[{\"@type\":\"ReadAction\",\"target\":[\"https:\\\/\\\/www.oio.pl\\\/product\\\/drukarka-paragonowa-kmp-iii-bluetooth\\\/\"]}]},{\"@type\":\"ImageObject\",\"inLanguage\":\"da-DK\",\"@id\":\"https:\\\/\\\/www.oio.pl\\\/product\\\/drukarka-paragonowa-kmp-iii-bluetooth\\\/#primaryimage\",\"url\":\"https:\\\/\\\/www.oio.pl\\\/wp-content\\\/uploads\\\/2023\\\/07\\\/KMP-III_02.jpg\",\"contentUrl\":\"https:\\\/\\\/www.oio.pl\\\/wp-content\\\/uploads\\\/2023\\\/07\\\/KMP-III_02.jpg\",\"width\":800,\"height\":800},{\"@type\":\"BreadcrumbList\",\"@id\":\"https:\\\/\\\/www.oio.pl\\\/product\\\/drukarka-paragonowa-kmp-iii-bluetooth\\\/#breadcrumb\",\"itemListElement\":[{\"@type\":\"ListItem\",\"position\":1,\"name\":\"Strona g\u0142\u00f3wna\",\"item\":\"https:\\\/\\\/www.oio.pl\\\/\"},{\"@type\":\"ListItem\",\"position\":2,\"name\":\"Produkty\",\"item\":\"https:\\\/\\\/www.oio.pl\\\/\"},{\"@type\":\"ListItem\",\"position\":3,\"name\":\"Drukarka paragonowa KMP-III Bluetooth\"}]},{\"@type\":\"WebSite\",\"@id\":\"https:\\\/\\\/www.oio.pl\\\/#website\",\"url\":\"https:\\\/\\\/www.oio.pl\\\/\",\"name\":\"OIO.pl \u2013 Tablety przemys\u0142owe, sprz\u0119t IT dla przemys\u0142u i logistyki\",\"description\":\"tablety przemys\u0142owe, rugged tablet, komputer przemys\u0142owy, tablet wytrzyma\u0142y, sprz\u0119t dla przemys\u0142u, tablet z Windows, tablet IP67, laptop dla magazynu, elektronika przemys\u0142owa, komputery przemys\u0142owe, oio.pl, sprz\u0119t dla logistyki, tablet do pracy w terenie, monitor dotykowy przemys\u0142owy\",\"publisher\":{\"@id\":\"https:\\\/\\\/www.oio.pl\\\/#organization\"},\"alternateName\":\"Sklep internetowy dla przemys\u0142u\",\"potentialAction\":[{\"@type\":\"SearchAction\",\"target\":{\"@type\":\"EntryPoint\",\"urlTemplate\":\"https:\\\/\\\/www.oio.pl\\\/?s={search_term_string}\"},\"query-input\":{\"@type\":\"PropertyValueSpecification\",\"valueRequired\":true,\"valueName\":\"search_term_string\"}}],\"inLanguage\":\"da-DK\"},{\"@type\":\"Organization\",\"@id\":\"https:\\\/\\\/www.oio.pl\\\/#organization\",\"name\":\"OIO\",\"alternateName\":\"Sprz\u0119t komputerowy\",\"url\":\"https:\\\/\\\/www.oio.pl\\\/\",\"logo\":{\"@type\":\"ImageObject\",\"inLanguage\":\"da-DK\",\"@id\":\"https:\\\/\\\/www.oio.pl\\\/#\\\/schema\\\/logo\\\/image\\\/\",\"url\":\"https:\\\/\\\/www.oio.pl\\\/wp-content\\\/uploads\\\/2023\\\/11\\\/cropped-cropped-oio_120x120.jpg\",\"contentUrl\":\"https:\\\/\\\/www.oio.pl\\\/wp-content\\\/uploads\\\/2023\\\/11\\\/cropped-cropped-oio_120x120.jpg\",\"width\":120,\"height\":48,\"caption\":\"OIO\"},\"image\":{\"@id\":\"https:\\\/\\\/www.oio.pl\\\/#\\\/schema\\\/logo\\\/image\\\/\"},\"sameAs\":[\"https:\\\/\\\/www.facebook.com\\\/oiopl\"]}]}<\/script>\n<!-- \/ Yoast SEO plugin. -->","yoast_head_json":{"title":"KMP-III Bluetooth-kvitteringsprinter - Mini-pc&#039;er, computere, b\u00e6rbare computere, overs\u00e6ttere","robots":{"index":"index","follow":"follow","max-snippet":"max-snippet:-1","max-image-preview":"max-image-preview:large","max-video-preview":"max-video-preview:-1"},"canonical":"https:\/\/www.oio.pl\/da\/produkt-2\/kmp-iii-bluetooth-kvitteringsprinter\/","og_locale":"da_DK","og_type":"article","og_title":"Drukarka paragonowa KMP-III Bluetooth - Mini PC, Komputery, Laptopy, Translatory","og_description":"Dost\u0119pna jest super lekka, nowoczesna i uniwersalna drukarka paragonowa KMP-III, kt\u00f3ra \u0142\u0105czy w sobie kompaktowe wymiary oraz \u0142\u0105czno\u015b\u0107 USB i Bluetooth, zapewniaj\u0105c jednocze\u015bnie szybko\u015b\u0107 i niezawodno\u015b\u0107 druku. Najwa\u017cniejszym atutem tego urz\u0105dzenia jest wbudowany akumulator, dzi\u0119ki czemu dzia\u0142a niezale\u017cnie od zasilania. Ciekawostk\u0105 jest mo\u017cliwo\u015b\u0107 bezpo\u015bredniego drukowania z twojego telefonu !!! Model ten drukarki paragonowej pozwala na [&hellip;]","og_url":"https:\/\/www.oio.pl\/da\/produkt-2\/kmp-iii-bluetooth-kvitteringsprinter\/","og_site_name":"Mini PC, Komputery, Laptopy, Translatory","article_publisher":"https:\/\/www.facebook.com\/oiopl","article_modified_time":"2026-02-23T15:13:32+00:00","og_image":[{"width":800,"height":800,"url":"https:\/\/www.oio.pl\/wp-content\/uploads\/2023\/07\/KMP-III_02.jpg","type":"image\/jpeg"}],"twitter_card":"summary_large_image","twitter_misc":{"Estimeret l\u00e6setid":"1 minut"},"schema":{"@context":"https:\/\/schema.org","@graph":[{"@type":"WebPage","@id":"https:\/\/www.oio.pl\/product\/drukarka-paragonowa-kmp-iii-bluetooth\/","url":"https:\/\/www.oio.pl\/product\/drukarka-paragonowa-kmp-iii-bluetooth\/","name":"KMP-III Bluetooth-kvitteringsprinter - Mini-pc&#039;er, computere, b\u00e6rbare computere, overs\u00e6ttere","isPartOf":{"@id":"https:\/\/www.oio.pl\/#website"},"primaryImageOfPage":{"@id":"https:\/\/www.oio.pl\/product\/drukarka-paragonowa-kmp-iii-bluetooth\/#primaryimage"},"image":{"@id":"https:\/\/www.oio.pl\/product\/drukarka-paragonowa-kmp-iii-bluetooth\/#primaryimage"},"thumbnailUrl":"https:\/\/www.oio.pl\/wp-content\/uploads\/2023\/07\/KMP-III_02.jpg","datePublished":"2023-07-07T15:04:53+00:00","dateModified":"2026-02-23T15:13:32+00:00","breadcrumb":{"@id":"https:\/\/www.oio.pl\/product\/drukarka-paragonowa-kmp-iii-bluetooth\/#breadcrumb"},"inLanguage":"da-DK","potentialAction":[{"@type":"ReadAction","target":["https:\/\/www.oio.pl\/product\/drukarka-paragonowa-kmp-iii-bluetooth\/"]}]},{"@type":"ImageObject","inLanguage":"da-DK","@id":"https:\/\/www.oio.pl\/product\/drukarka-paragonowa-kmp-iii-bluetooth\/#primaryimage","url":"https:\/\/www.oio.pl\/wp-content\/uploads\/2023\/07\/KMP-III_02.jpg","contentUrl":"https:\/\/www.oio.pl\/wp-content\/uploads\/2023\/07\/KMP-III_02.jpg","width":800,"height":800},{"@type":"BreadcrumbList","@id":"https:\/\/www.oio.pl\/product\/drukarka-paragonowa-kmp-iii-bluetooth\/#breadcrumb","itemListElement":[{"@type":"ListItem","position":1,"name":"Strona g\u0142\u00f3wna","item":"https:\/\/www.oio.pl\/"},{"@type":"ListItem","position":2,"name":"Produkty","item":"https:\/\/www.oio.pl\/"},{"@type":"ListItem","position":3,"name":"Drukarka paragonowa KMP-III Bluetooth"}]},{"@type":"WebSite","@id":"https:\/\/www.oio.pl\/#website","url":"https:\/\/www.oio.pl\/","name":"OIO.pl \u2013 Industrielle tablets, IT-udstyr til industri og logistik","description":"Industrielle tablets, robust tablet, industriel computer, holdbar tablet, udstyr til industrien, Windows-tablet, IP67-tablet, b\u00e6rbar lager, industriel elektronik, industrielle computere, oio.pl, logistikudstyr, tablet til feltarbejdsbrug, industriel ber\u00f8ringssk\u00e6rm","publisher":{"@id":"https:\/\/www.oio.pl\/#organization"},"alternateName":"Sklep internetowy dla przemys\u0142u","potentialAction":[{"@type":"SearchAction","target":{"@type":"EntryPoint","urlTemplate":"https:\/\/www.oio.pl\/?s={search_term_string}"},"query-input":{"@type":"PropertyValueSpecification","valueRequired":true,"valueName":"search_term_string"}}],"inLanguage":"da-DK"},{"@type":"Organization","@id":"https:\/\/www.oio.pl\/#organization","name":"OIO","alternateName":"Sprz\u0119t komputerowy","url":"https:\/\/www.oio.pl\/","logo":{"@type":"ImageObject","inLanguage":"da-DK","@id":"https:\/\/www.oio.pl\/#\/schema\/logo\/image\/","url":"https:\/\/www.oio.pl\/wp-content\/uploads\/2023\/11\/cropped-cropped-oio_120x120.jpg","contentUrl":"https:\/\/www.oio.pl\/wp-content\/uploads\/2023\/11\/cropped-cropped-oio_120x120.jpg","width":120,"height":48,"caption":"OIO"},"image":{"@id":"https:\/\/www.oio.pl\/#\/schema\/logo\/image\/"},"sameAs":["https:\/\/www.facebook.com\/oiopl"]}]}},"_links":{"self":[{"href":"https:\/\/www.oio.pl\/da\/wp-json\/wp\/v2\/product\/5576","targetHints":{"allow":["GET"]}}],"collection":[{"href":"https:\/\/www.oio.pl\/da\/wp-json\/wp\/v2\/product"}],"about":[{"href":"https:\/\/www.oio.pl\/da\/wp-json\/wp\/v2\/types\/product"}],"replies":[{"embeddable":true,"href":"https:\/\/www.oio.pl\/da\/wp-json\/wp\/v2\/comments?post=5576"}],"wp:featuredmedia":[{"embeddable":true,"href":"https:\/\/www.oio.pl\/da\/wp-json\/wp\/v2\/media\/5579"}],"wp:attachment":[{"href":"https:\/\/www.oio.pl\/da\/wp-json\/wp\/v2\/media?parent=5576"}],"wp:term":[{"taxonomy":"product_brand","embeddable":true,"href":"https:\/\/www.oio.pl\/da\/wp-json\/wp\/v2\/product_brand?post=5576"},{"taxonomy":"product_cat","embeddable":true,"href":"https:\/\/www.oio.pl\/da\/wp-json\/wp\/v2\/product_cat?post=5576"},{"taxonomy":"product_tag","embeddable":true,"href":"https:\/\/www.oio.pl\/da\/wp-json\/wp\/v2\/product_tag?post=5576"}],"curies":[{"name":"wp","href":"https:\/\/api.w.org\/{rel}","templated":true}]}}