{"id":5664,"date":"2023-07-17T11:08:29","date_gmt":"2023-07-17T09:08:29","guid":{"rendered":"https:\/\/www.oio.pl\/?post_type=product&#038;p=5664"},"modified":"2024-07-13T10:42:31","modified_gmt":"2024-07-13T08:42:31","slug":"plp-iii-bluetooth-etiketprinter-ip54","status":"publish","type":"product","link":"https:\/\/www.oio.pl\/da\/product\/drukarka-etykiet-plp-iii-bluetooth-ip54\/","title":{"rendered":"Etiketprinter PLP-III Bluetooth IP54"},"content":{"rendered":"<div class=\"mp4t_16_s mryx_16_s mr3m_1 mli2_1 mh85_56 mh85_0_l\">\n<div class=\"mgn2_16 _0d3bd_am0a-\">\n<p>Superlet, moderne og universel <strong>PLP-III etiketprinter<\/strong> Den kombinerer kompakt st\u00f8rrelse, USB- og Bluetooth-forbindelse og hurtig og p\u00e5lidelig udskrivning. Printeren har sit eget batteri, s\u00e5 den er uafh\u00e6ngig af en str\u00f8mforsyning.<\/p>\n<p><b>Du kan printe direkte fra din telefon!!!<\/b><\/p>\n<p>Denne etiketprintermodel giver dig mulighed for at standardisere din daglige arbejdsgang, n\u00e5r du udskriver store m\u00e6ngder etiketter. En af fordelene ved denne enhed er dens enkle og tidsbesparende installation. Intuitive printerindstillinger giver dig mulighed for at tilpasse den til dine behov, herunder udskrivning af brugerdefinerede etiketter. Printeren opretter forbindelse til enheder via USB eller Bluetooth tr\u00e5dl\u00f8st.<\/p>\n<\/div>\n<\/div>","protected":false},"excerpt":{"rendered":"<p>Super lekka, nowoczesna i uniwersalna drukarka etykiet PLP-III \u0142\u0105czy w sobie niewielkie wymiary, \u0142\u0105czno\u015b\u0107 USB i Bluetooth oraz szybko\u015b\u0107 i niezawodno\u015b\u0107 druku. Drukarka posiada w\u0142asny akumulator, tak wi\u0119c jest niezale\u017cna od zasilania. Mo\u017cna drukowa\u0107 bezpo\u015brednio z telefonu !!! Ten model drukarki do etykiet pozwala na standaryzacj\u0119 codziennej pracy zwi\u0105zanej z drukowaniem du\u017cej ilo\u015bci etykiet. Zalet\u0105 [&hellip;]<\/p>\n","protected":false},"featured_media":5847,"comment_status":"closed","ping_status":"closed","template":"","meta":[],"product_brand":[],"product_cat":[2109,3210],"product_tag":[2956,2943,2960,2957,2947,2962,2285,2951,2946,2944,2954,2961,2952,2959,2948,2945,2955,2958,2953,2950,2949],"class_list":{"0":"post-5664","1":"product","2":"type-product","3":"status-publish","4":"has-post-thumbnail","6":"product_cat-print-pos","7":"product_cat-print-wireless","8":"product_tag-horeca-pos-drukarkitermiczne-drukarki-etykiet","9":"product_tag-drukarka","10":"product_tag-drukarka-a11","11":"product_tag-drukarka-biletow","12":"product_tag-drukarka-do-etykiet","13":"product_tag-drukarka-do-naklejek","14":"product_tag-drukarka-etykiet","15":"product_tag-drukarka-etykiet-baselinker","16":"product_tag-drukarka-paragonow","17":"product_tag-drukarka-paragonowa","18":"product_tag-drukarka-pos","19":"product_tag-drukarka-star-micronics","20":"product_tag-drukarka-termiczna","21":"product_tag-drukarki-biletow","22":"product_tag-drukarki-etykiet","23":"product_tag-drukarki-paragonowe","24":"product_tag-drukarki-pos","25":"product_tag-drukowanie-paragonow-na-allegro","26":"product_tag-etykiety","27":"product_tag-najlepsza-drukarka-etykiet","28":"product_tag-przenosna-drukarka-etykiet","30":"first","31":"instock","32":"taxable","33":"shipping-taxable","34":"purchasable","35":"product-type-simple","36":"czr-hentry"},"yoast_head":"<!-- This site is optimized with the Yoast SEO plugin v27.4 - https:\/\/yoast.com\/product\/yoast-seo-wordpress\/ -->\n<title>Drukarka etykiet PLP-III Bluetooth IP54 - Mini PC, Komputery, Laptopy, Translatory<\/title>\n<meta name=\"robots\" content=\"index, follow, max-snippet:-1, max-image-preview:large, max-video-preview:-1\" \/>\n<link rel=\"canonical\" href=\"https:\/\/www.oio.pl\/da\/produkt-2\/plp-iii-bluetooth-etiketprinter-ip54\/\" \/>\n<meta property=\"og:locale\" content=\"da_DK\" \/>\n<meta property=\"og:type\" content=\"article\" \/>\n<meta property=\"og:title\" content=\"Drukarka etykiet PLP-III Bluetooth IP54 - Mini PC, Komputery, Laptopy, Translatory\" \/>\n<meta property=\"og:description\" content=\"Super lekka, nowoczesna i uniwersalna drukarka etykiet PLP-III \u0142\u0105czy w sobie niewielkie wymiary, \u0142\u0105czno\u015b\u0107 USB i Bluetooth oraz szybko\u015b\u0107 i niezawodno\u015b\u0107 druku. Drukarka posiada w\u0142asny akumulator, tak wi\u0119c jest niezale\u017cna od zasilania. Mo\u017cna drukowa\u0107 bezpo\u015brednio z telefonu !!! Ten model drukarki do etykiet pozwala na standaryzacj\u0119 codziennej pracy zwi\u0105zanej z drukowaniem du\u017cej ilo\u015bci etykiet. Zalet\u0105 [&hellip;]\" \/>\n<meta property=\"og:url\" content=\"https:\/\/www.oio.pl\/da\/produkt-2\/plp-iii-bluetooth-etiketprinter-ip54\/\" \/>\n<meta property=\"og:site_name\" content=\"Mini PC, Komputery, Laptopy, Translatory\" \/>\n<meta property=\"article:publisher\" content=\"https:\/\/www.facebook.com\/oiopl\" \/>\n<meta property=\"article:modified_time\" content=\"2024-07-13T08:42:31+00:00\" \/>\n<meta property=\"og:image\" content=\"https:\/\/www.oio.pl\/wp-content\/uploads\/2023\/07\/PLP_III_09.png\" \/>\n\t<meta property=\"og:image:width\" content=\"597\" \/>\n\t<meta property=\"og:image:height\" content=\"510\" \/>\n\t<meta property=\"og:image:type\" content=\"image\/png\" \/>\n<meta name=\"twitter:card\" content=\"summary_large_image\" \/>\n<meta name=\"twitter:label1\" content=\"Estimeret l\u00e6setid\" \/>\n\t<meta name=\"twitter:data1\" content=\"1 minut\" \/>\n<script type=\"application\/ld+json\" class=\"yoast-schema-graph\">{\"@context\":\"https:\\\/\\\/schema.org\",\"@graph\":[{\"@type\":\"WebPage\",\"@id\":\"https:\\\/\\\/www.oio.pl\\\/product\\\/drukarka-etykiet-plp-iii-bluetooth-ip54\\\/\",\"url\":\"https:\\\/\\\/www.oio.pl\\\/product\\\/drukarka-etykiet-plp-iii-bluetooth-ip54\\\/\",\"name\":\"Drukarka etykiet PLP-III Bluetooth IP54 - Mini PC, Komputery, Laptopy, Translatory\",\"isPartOf\":{\"@id\":\"https:\\\/\\\/www.oio.pl\\\/#website\"},\"primaryImageOfPage\":{\"@id\":\"https:\\\/\\\/www.oio.pl\\\/product\\\/drukarka-etykiet-plp-iii-bluetooth-ip54\\\/#primaryimage\"},\"image\":{\"@id\":\"https:\\\/\\\/www.oio.pl\\\/product\\\/drukarka-etykiet-plp-iii-bluetooth-ip54\\\/#primaryimage\"},\"thumbnailUrl\":\"https:\\\/\\\/www.oio.pl\\\/wp-content\\\/uploads\\\/2023\\\/07\\\/PLP_III_09.png\",\"datePublished\":\"2023-07-17T09:08:29+00:00\",\"dateModified\":\"2024-07-13T08:42:31+00:00\",\"breadcrumb\":{\"@id\":\"https:\\\/\\\/www.oio.pl\\\/product\\\/drukarka-etykiet-plp-iii-bluetooth-ip54\\\/#breadcrumb\"},\"inLanguage\":\"da-DK\",\"potentialAction\":[{\"@type\":\"ReadAction\",\"target\":[\"https:\\\/\\\/www.oio.pl\\\/product\\\/drukarka-etykiet-plp-iii-bluetooth-ip54\\\/\"]}]},{\"@type\":\"ImageObject\",\"inLanguage\":\"da-DK\",\"@id\":\"https:\\\/\\\/www.oio.pl\\\/product\\\/drukarka-etykiet-plp-iii-bluetooth-ip54\\\/#primaryimage\",\"url\":\"https:\\\/\\\/www.oio.pl\\\/wp-content\\\/uploads\\\/2023\\\/07\\\/PLP_III_09.png\",\"contentUrl\":\"https:\\\/\\\/www.oio.pl\\\/wp-content\\\/uploads\\\/2023\\\/07\\\/PLP_III_09.png\",\"width\":597,\"height\":510},{\"@type\":\"BreadcrumbList\",\"@id\":\"https:\\\/\\\/www.oio.pl\\\/product\\\/drukarka-etykiet-plp-iii-bluetooth-ip54\\\/#breadcrumb\",\"itemListElement\":[{\"@type\":\"ListItem\",\"position\":1,\"name\":\"Strona g\u0142\u00f3wna\",\"item\":\"https:\\\/\\\/www.oio.pl\\\/\"},{\"@type\":\"ListItem\",\"position\":2,\"name\":\"Produkty\",\"item\":\"https:\\\/\\\/www.oio.pl\\\/\"},{\"@type\":\"ListItem\",\"position\":3,\"name\":\"Drukarka etykiet PLP-III Bluetooth IP54\"}]},{\"@type\":\"WebSite\",\"@id\":\"https:\\\/\\\/www.oio.pl\\\/#website\",\"url\":\"https:\\\/\\\/www.oio.pl\\\/\",\"name\":\"OIO.pl \u2013 Tablety przemys\u0142owe, sprz\u0119t IT dla przemys\u0142u i logistyki\",\"description\":\"tablety przemys\u0142owe, rugged tablet, komputer przemys\u0142owy, tablet wytrzyma\u0142y, sprz\u0119t dla przemys\u0142u, tablet z Windows, tablet IP67, laptop dla magazynu, elektronika przemys\u0142owa, komputery przemys\u0142owe, oio.pl, sprz\u0119t dla logistyki, tablet do pracy w terenie, monitor dotykowy przemys\u0142owy\",\"publisher\":{\"@id\":\"https:\\\/\\\/www.oio.pl\\\/#organization\"},\"alternateName\":\"Sklep internetowy dla przemys\u0142u\",\"potentialAction\":[{\"@type\":\"SearchAction\",\"target\":{\"@type\":\"EntryPoint\",\"urlTemplate\":\"https:\\\/\\\/www.oio.pl\\\/?s={search_term_string}\"},\"query-input\":{\"@type\":\"PropertyValueSpecification\",\"valueRequired\":true,\"valueName\":\"search_term_string\"}}],\"inLanguage\":\"da-DK\"},{\"@type\":\"Organization\",\"@id\":\"https:\\\/\\\/www.oio.pl\\\/#organization\",\"name\":\"OIO\",\"alternateName\":\"Sprz\u0119t komputerowy\",\"url\":\"https:\\\/\\\/www.oio.pl\\\/\",\"logo\":{\"@type\":\"ImageObject\",\"inLanguage\":\"da-DK\",\"@id\":\"https:\\\/\\\/www.oio.pl\\\/#\\\/schema\\\/logo\\\/image\\\/\",\"url\":\"https:\\\/\\\/www.oio.pl\\\/wp-content\\\/uploads\\\/2023\\\/11\\\/cropped-cropped-oio_120x120.jpg\",\"contentUrl\":\"https:\\\/\\\/www.oio.pl\\\/wp-content\\\/uploads\\\/2023\\\/11\\\/cropped-cropped-oio_120x120.jpg\",\"width\":120,\"height\":48,\"caption\":\"OIO\"},\"image\":{\"@id\":\"https:\\\/\\\/www.oio.pl\\\/#\\\/schema\\\/logo\\\/image\\\/\"},\"sameAs\":[\"https:\\\/\\\/www.facebook.com\\\/oiopl\"]}]}<\/script>\n<!-- \/ Yoast SEO plugin. -->","yoast_head_json":{"title":"PLP-III Bluetooth IP54 etiketprinter - Mini-pc&#039;er, computere, b\u00e6rbare computere, overs\u00e6ttere","robots":{"index":"index","follow":"follow","max-snippet":"max-snippet:-1","max-image-preview":"max-image-preview:large","max-video-preview":"max-video-preview:-1"},"canonical":"https:\/\/www.oio.pl\/da\/produkt-2\/plp-iii-bluetooth-etiketprinter-ip54\/","og_locale":"da_DK","og_type":"article","og_title":"Drukarka etykiet PLP-III Bluetooth IP54 - Mini PC, Komputery, Laptopy, Translatory","og_description":"Super lekka, nowoczesna i uniwersalna drukarka etykiet PLP-III \u0142\u0105czy w sobie niewielkie wymiary, \u0142\u0105czno\u015b\u0107 USB i Bluetooth oraz szybko\u015b\u0107 i niezawodno\u015b\u0107 druku. Drukarka posiada w\u0142asny akumulator, tak wi\u0119c jest niezale\u017cna od zasilania. Mo\u017cna drukowa\u0107 bezpo\u015brednio z telefonu !!! Ten model drukarki do etykiet pozwala na standaryzacj\u0119 codziennej pracy zwi\u0105zanej z drukowaniem du\u017cej ilo\u015bci etykiet. Zalet\u0105 [&hellip;]","og_url":"https:\/\/www.oio.pl\/da\/produkt-2\/plp-iii-bluetooth-etiketprinter-ip54\/","og_site_name":"Mini PC, Komputery, Laptopy, Translatory","article_publisher":"https:\/\/www.facebook.com\/oiopl","article_modified_time":"2024-07-13T08:42:31+00:00","og_image":[{"width":597,"height":510,"url":"https:\/\/www.oio.pl\/wp-content\/uploads\/2023\/07\/PLP_III_09.png","type":"image\/png"}],"twitter_card":"summary_large_image","twitter_misc":{"Estimeret l\u00e6setid":"1 minut"},"schema":{"@context":"https:\/\/schema.org","@graph":[{"@type":"WebPage","@id":"https:\/\/www.oio.pl\/product\/drukarka-etykiet-plp-iii-bluetooth-ip54\/","url":"https:\/\/www.oio.pl\/product\/drukarka-etykiet-plp-iii-bluetooth-ip54\/","name":"PLP-III Bluetooth IP54 etiketprinter - Mini-pc&#039;er, computere, b\u00e6rbare computere, overs\u00e6ttere","isPartOf":{"@id":"https:\/\/www.oio.pl\/#website"},"primaryImageOfPage":{"@id":"https:\/\/www.oio.pl\/product\/drukarka-etykiet-plp-iii-bluetooth-ip54\/#primaryimage"},"image":{"@id":"https:\/\/www.oio.pl\/product\/drukarka-etykiet-plp-iii-bluetooth-ip54\/#primaryimage"},"thumbnailUrl":"https:\/\/www.oio.pl\/wp-content\/uploads\/2023\/07\/PLP_III_09.png","datePublished":"2023-07-17T09:08:29+00:00","dateModified":"2024-07-13T08:42:31+00:00","breadcrumb":{"@id":"https:\/\/www.oio.pl\/product\/drukarka-etykiet-plp-iii-bluetooth-ip54\/#breadcrumb"},"inLanguage":"da-DK","potentialAction":[{"@type":"ReadAction","target":["https:\/\/www.oio.pl\/product\/drukarka-etykiet-plp-iii-bluetooth-ip54\/"]}]},{"@type":"ImageObject","inLanguage":"da-DK","@id":"https:\/\/www.oio.pl\/product\/drukarka-etykiet-plp-iii-bluetooth-ip54\/#primaryimage","url":"https:\/\/www.oio.pl\/wp-content\/uploads\/2023\/07\/PLP_III_09.png","contentUrl":"https:\/\/www.oio.pl\/wp-content\/uploads\/2023\/07\/PLP_III_09.png","width":597,"height":510},{"@type":"BreadcrumbList","@id":"https:\/\/www.oio.pl\/product\/drukarka-etykiet-plp-iii-bluetooth-ip54\/#breadcrumb","itemListElement":[{"@type":"ListItem","position":1,"name":"Strona g\u0142\u00f3wna","item":"https:\/\/www.oio.pl\/"},{"@type":"ListItem","position":2,"name":"Produkty","item":"https:\/\/www.oio.pl\/"},{"@type":"ListItem","position":3,"name":"Drukarka etykiet PLP-III Bluetooth IP54"}]},{"@type":"WebSite","@id":"https:\/\/www.oio.pl\/#website","url":"https:\/\/www.oio.pl\/","name":"OIO.pl \u2013 Industrielle tablets, IT-udstyr til industri og logistik","description":"Industrielle tablets, robust tablet, industriel computer, holdbar tablet, udstyr til industrien, Windows-tablet, IP67-tablet, b\u00e6rbar lager, industriel elektronik, industrielle computere, oio.pl, logistikudstyr, tablet til feltarbejdsbrug, industriel ber\u00f8ringssk\u00e6rm","publisher":{"@id":"https:\/\/www.oio.pl\/#organization"},"alternateName":"Sklep internetowy dla przemys\u0142u","potentialAction":[{"@type":"SearchAction","target":{"@type":"EntryPoint","urlTemplate":"https:\/\/www.oio.pl\/?s={search_term_string}"},"query-input":{"@type":"PropertyValueSpecification","valueRequired":true,"valueName":"search_term_string"}}],"inLanguage":"da-DK"},{"@type":"Organization","@id":"https:\/\/www.oio.pl\/#organization","name":"OIO","alternateName":"Sprz\u0119t komputerowy","url":"https:\/\/www.oio.pl\/","logo":{"@type":"ImageObject","inLanguage":"da-DK","@id":"https:\/\/www.oio.pl\/#\/schema\/logo\/image\/","url":"https:\/\/www.oio.pl\/wp-content\/uploads\/2023\/11\/cropped-cropped-oio_120x120.jpg","contentUrl":"https:\/\/www.oio.pl\/wp-content\/uploads\/2023\/11\/cropped-cropped-oio_120x120.jpg","width":120,"height":48,"caption":"OIO"},"image":{"@id":"https:\/\/www.oio.pl\/#\/schema\/logo\/image\/"},"sameAs":["https:\/\/www.facebook.com\/oiopl"]}]}},"_links":{"self":[{"href":"https:\/\/www.oio.pl\/da\/wp-json\/wp\/v2\/product\/5664","targetHints":{"allow":["GET"]}}],"collection":[{"href":"https:\/\/www.oio.pl\/da\/wp-json\/wp\/v2\/product"}],"about":[{"href":"https:\/\/www.oio.pl\/da\/wp-json\/wp\/v2\/types\/product"}],"replies":[{"embeddable":true,"href":"https:\/\/www.oio.pl\/da\/wp-json\/wp\/v2\/comments?post=5664"}],"wp:featuredmedia":[{"embeddable":true,"href":"https:\/\/www.oio.pl\/da\/wp-json\/wp\/v2\/media\/5847"}],"wp:attachment":[{"href":"https:\/\/www.oio.pl\/da\/wp-json\/wp\/v2\/media?parent=5664"}],"wp:term":[{"taxonomy":"product_brand","embeddable":true,"href":"https:\/\/www.oio.pl\/da\/wp-json\/wp\/v2\/product_brand?post=5664"},{"taxonomy":"product_cat","embeddable":true,"href":"https:\/\/www.oio.pl\/da\/wp-json\/wp\/v2\/product_cat?post=5664"},{"taxonomy":"product_tag","embeddable":true,"href":"https:\/\/www.oio.pl\/da\/wp-json\/wp\/v2\/product_tag?post=5664"}],"curies":[{"name":"wp","href":"https:\/\/api.w.org\/{rel}","templated":true}]}}