{"id":5977,"date":"2023-11-21T07:20:42","date_gmt":"2023-11-21T06:20:42","guid":{"rendered":"https:\/\/www.oio.pl\/?post_type=product&#038;p=5977"},"modified":"2024-05-17T05:54:29","modified_gmt":"2024-05-17T03:54:29","slug":"wainlux-8w-fiberlasergraveringsmaskine","status":"publish","type":"product","link":"https:\/\/www.oio.pl\/da\/product\/grawer-laser-fiber-wainlux-8w-znakowarka\/","title":{"rendered":"Grav\u00f8r FIBERLASER Wainlux 8W MARKER"},"content":{"rendered":"<p>Moderne, ny generation laserplotter 2021 \u2013 metalgraveringsmaskine.<br \/>\nLaseren har autofokusfunktion, afstanden justeres elektronisk.<br \/>\nGraveringsenhed med 8W optisk effekt.<\/p>\n<p>&nbsp;<\/p>","protected":false},"excerpt":{"rendered":"<p>Nowoczesny ploter laserowy nowej generacji 2021 &#8211; maszyna do grawerowania w metalu. Laser posiada funkcje auto focus, regulacja odleg\u0142o\u015bci odbywa si\u0119 przy pomocy elektronicznej. Urz\u0105dzenie graweruj\u0105ce o mocy optycznej 8W. &nbsp;<\/p>","protected":false},"featured_media":5969,"comment_status":"closed","ping_status":"closed","template":"","meta":[],"product_brand":[],"product_cat":[1903],"product_tag":[3098,3106,41,3095,3088,3091,3105,3087,3093,3104,3096,3090,3086,3092,3099,3102,3094,3101,3097,3089,3100,3107,3108,3103],"class_list":{"0":"post-5977","1":"product","2":"type-product","3":"status-publish","4":"has-post-thumbnail","6":"product_cat-cnc","7":"product_tag-atms-ploter-laserowy-co2","8":"product_tag-cnc-ploter","9":"product_tag-grawer","10":"product_tag-grawer-laserem","11":"product_tag-grawer-laserowy","12":"product_tag-grawer-laserowy-cnc","13":"product_tag-grawer-mdf","14":"product_tag-grawerka-laserowa","15":"product_tag-loter-laserowy","16":"product_tag-najlepsza-grawerka-laserowa","17":"product_tag-ploter","18":"product_tag-ploter-co2","19":"product_tag-ploter-laserowy","20":"product_tag-ploter-laserowy-co2","21":"product_tag-ploter-laserowy-do-pieczatek","22":"product_tag-ploter-laserowy-do-robienia-pieczatek","23":"product_tag-ploter-laserowy-venus","24":"product_tag-ploter-laserowy-z-tuba-szklana","25":"product_tag-ploter-lasrowy","26":"product_tag-plotery-laserowe","27":"product_tag-plotery-laserowe-co2","28":"product_tag-plotter","29":"product_tag-smart-grawer","30":"product_tag-tania-grawerka-laserowa","32":"first","33":"instock","34":"taxable","35":"shipping-taxable","36":"purchasable","37":"product-type-simple","38":"czr-hentry"},"yoast_head":"<!-- This site is optimized with the Yoast SEO plugin v27.4 - https:\/\/yoast.com\/product\/yoast-seo-wordpress\/ -->\n<title>Grawer LASER FIBER Wainlux 8W ZNAKOWARKA - Mini PC, Komputery, Laptopy, Translatory<\/title>\n<meta name=\"robots\" content=\"index, follow, max-snippet:-1, max-image-preview:large, max-video-preview:-1\" \/>\n<link rel=\"canonical\" href=\"https:\/\/www.oio.pl\/da\/product-2\/wainlux-8w-fiberlasergraveringsmaskine\/\" \/>\n<meta property=\"og:locale\" content=\"da_DK\" \/>\n<meta property=\"og:type\" content=\"article\" \/>\n<meta property=\"og:title\" content=\"Grawer LASER FIBER Wainlux 8W ZNAKOWARKA - Mini PC, Komputery, Laptopy, Translatory\" \/>\n<meta property=\"og:description\" content=\"Nowoczesny ploter laserowy nowej generacji 2021 &#8211; maszyna do grawerowania w metalu. Laser posiada funkcje auto focus, regulacja odleg\u0142o\u015bci odbywa si\u0119 przy pomocy elektronicznej. Urz\u0105dzenie graweruj\u0105ce o mocy optycznej 8W. &nbsp;\" \/>\n<meta property=\"og:url\" content=\"https:\/\/www.oio.pl\/da\/product-2\/wainlux-8w-fiberlasergraveringsmaskine\/\" \/>\n<meta property=\"og:site_name\" content=\"Mini PC, Komputery, Laptopy, Translatory\" \/>\n<meta property=\"article:publisher\" content=\"https:\/\/www.facebook.com\/oiopl\" \/>\n<meta property=\"article:modified_time\" content=\"2024-05-17T03:54:29+00:00\" \/>\n<meta property=\"og:image\" content=\"https:\/\/www.oio.pl\/wp-content\/uploads\/2023\/11\/Fiber_13.png\" \/>\n\t<meta property=\"og:image:width\" content=\"800\" \/>\n\t<meta property=\"og:image:height\" content=\"800\" \/>\n\t<meta property=\"og:image:type\" content=\"image\/png\" \/>\n<meta name=\"twitter:card\" content=\"summary_large_image\" \/>\n<script type=\"application\/ld+json\" class=\"yoast-schema-graph\">{\"@context\":\"https:\\\/\\\/schema.org\",\"@graph\":[{\"@type\":\"WebPage\",\"@id\":\"https:\\\/\\\/www.oio.pl\\\/produkt\\\/grawer-laser-fiber-wainlux-8w-znakowarka\\\/\",\"url\":\"https:\\\/\\\/www.oio.pl\\\/produkt\\\/grawer-laser-fiber-wainlux-8w-znakowarka\\\/\",\"name\":\"Grawer LASER FIBER Wainlux 8W ZNAKOWARKA - Mini PC, Komputery, Laptopy, Translatory\",\"isPartOf\":{\"@id\":\"https:\\\/\\\/www.oio.pl\\\/#website\"},\"primaryImageOfPage\":{\"@id\":\"https:\\\/\\\/www.oio.pl\\\/produkt\\\/grawer-laser-fiber-wainlux-8w-znakowarka\\\/#primaryimage\"},\"image\":{\"@id\":\"https:\\\/\\\/www.oio.pl\\\/produkt\\\/grawer-laser-fiber-wainlux-8w-znakowarka\\\/#primaryimage\"},\"thumbnailUrl\":\"https:\\\/\\\/www.oio.pl\\\/wp-content\\\/uploads\\\/2023\\\/11\\\/Fiber_13.png\",\"datePublished\":\"2023-11-21T06:20:42+00:00\",\"dateModified\":\"2024-05-17T03:54:29+00:00\",\"breadcrumb\":{\"@id\":\"https:\\\/\\\/www.oio.pl\\\/produkt\\\/grawer-laser-fiber-wainlux-8w-znakowarka\\\/#breadcrumb\"},\"inLanguage\":\"da-DK\",\"potentialAction\":[{\"@type\":\"ReadAction\",\"target\":[\"https:\\\/\\\/www.oio.pl\\\/produkt\\\/grawer-laser-fiber-wainlux-8w-znakowarka\\\/\"]}]},{\"@type\":\"ImageObject\",\"inLanguage\":\"da-DK\",\"@id\":\"https:\\\/\\\/www.oio.pl\\\/produkt\\\/grawer-laser-fiber-wainlux-8w-znakowarka\\\/#primaryimage\",\"url\":\"https:\\\/\\\/www.oio.pl\\\/wp-content\\\/uploads\\\/2023\\\/11\\\/Fiber_13.png\",\"contentUrl\":\"https:\\\/\\\/www.oio.pl\\\/wp-content\\\/uploads\\\/2023\\\/11\\\/Fiber_13.png\",\"width\":800,\"height\":800},{\"@type\":\"BreadcrumbList\",\"@id\":\"https:\\\/\\\/www.oio.pl\\\/produkt\\\/grawer-laser-fiber-wainlux-8w-znakowarka\\\/#breadcrumb\",\"itemListElement\":[{\"@type\":\"ListItem\",\"position\":1,\"name\":\"Strona g\u0142\u00f3wna\",\"item\":\"https:\\\/\\\/www.oio.pl\\\/\"},{\"@type\":\"ListItem\",\"position\":2,\"name\":\"Produkty\",\"item\":\"https:\\\/\\\/www.oio.pl\\\/\"},{\"@type\":\"ListItem\",\"position\":3,\"name\":\"Grawer LASER FIBER Wainlux 8W ZNAKOWARKA\"}]},{\"@type\":\"WebSite\",\"@id\":\"https:\\\/\\\/www.oio.pl\\\/#website\",\"url\":\"https:\\\/\\\/www.oio.pl\\\/\",\"name\":\"OIO.pl \u2013 Tablety przemys\u0142owe, sprz\u0119t IT dla przemys\u0142u i logistyki\",\"description\":\"tablety przemys\u0142owe, rugged tablet, komputer przemys\u0142owy, tablet wytrzyma\u0142y, sprz\u0119t dla przemys\u0142u, tablet z Windows, tablet IP67, laptop dla magazynu, elektronika przemys\u0142owa, komputery przemys\u0142owe, oio.pl, sprz\u0119t dla logistyki, tablet do pracy w terenie, monitor dotykowy przemys\u0142owy\",\"publisher\":{\"@id\":\"https:\\\/\\\/www.oio.pl\\\/#organization\"},\"alternateName\":\"Sklep internetowy dla przemys\u0142u\",\"potentialAction\":[{\"@type\":\"SearchAction\",\"target\":{\"@type\":\"EntryPoint\",\"urlTemplate\":\"https:\\\/\\\/www.oio.pl\\\/?s={search_term_string}\"},\"query-input\":{\"@type\":\"PropertyValueSpecification\",\"valueRequired\":true,\"valueName\":\"search_term_string\"}}],\"inLanguage\":\"da-DK\"},{\"@type\":\"Organization\",\"@id\":\"https:\\\/\\\/www.oio.pl\\\/#organization\",\"name\":\"OIO\",\"alternateName\":\"Sprz\u0119t komputerowy\",\"url\":\"https:\\\/\\\/www.oio.pl\\\/\",\"logo\":{\"@type\":\"ImageObject\",\"inLanguage\":\"da-DK\",\"@id\":\"https:\\\/\\\/www.oio.pl\\\/#\\\/schema\\\/logo\\\/image\\\/\",\"url\":\"https:\\\/\\\/www.oio.pl\\\/wp-content\\\/uploads\\\/2023\\\/11\\\/cropped-cropped-oio_120x120.jpg\",\"contentUrl\":\"https:\\\/\\\/www.oio.pl\\\/wp-content\\\/uploads\\\/2023\\\/11\\\/cropped-cropped-oio_120x120.jpg\",\"width\":120,\"height\":48,\"caption\":\"OIO\"},\"image\":{\"@id\":\"https:\\\/\\\/www.oio.pl\\\/#\\\/schema\\\/logo\\\/image\\\/\"},\"sameAs\":[\"https:\\\/\\\/www.facebook.com\\\/oiopl\"]}]}<\/script>\n<!-- \/ Yoast SEO plugin. -->","yoast_head_json":{"title":"Wainlux 8W FIBERLASERMARK\u00d8R - Mini-pc&#039;er, computere, b\u00e6rbare computere, overs\u00e6ttere","robots":{"index":"index","follow":"follow","max-snippet":"max-snippet:-1","max-image-preview":"max-image-preview:large","max-video-preview":"max-video-preview:-1"},"canonical":"https:\/\/www.oio.pl\/da\/product-2\/wainlux-8w-fiberlasergraveringsmaskine\/","og_locale":"da_DK","og_type":"article","og_title":"Grawer LASER FIBER Wainlux 8W ZNAKOWARKA - Mini PC, Komputery, Laptopy, Translatory","og_description":"Nowoczesny ploter laserowy nowej generacji 2021 &#8211; maszyna do grawerowania w metalu. Laser posiada funkcje auto focus, regulacja odleg\u0142o\u015bci odbywa si\u0119 przy pomocy elektronicznej. Urz\u0105dzenie graweruj\u0105ce o mocy optycznej 8W. &nbsp;","og_url":"https:\/\/www.oio.pl\/da\/product-2\/wainlux-8w-fiberlasergraveringsmaskine\/","og_site_name":"Mini PC, Komputery, Laptopy, Translatory","article_publisher":"https:\/\/www.facebook.com\/oiopl","article_modified_time":"2024-05-17T03:54:29+00:00","og_image":[{"width":800,"height":800,"url":"https:\/\/www.oio.pl\/wp-content\/uploads\/2023\/11\/Fiber_13.png","type":"image\/png"}],"twitter_card":"summary_large_image","schema":{"@context":"https:\/\/schema.org","@graph":[{"@type":"WebPage","@id":"https:\/\/www.oio.pl\/produkt\/grawer-laser-fiber-wainlux-8w-znakowarka\/","url":"https:\/\/www.oio.pl\/produkt\/grawer-laser-fiber-wainlux-8w-znakowarka\/","name":"Wainlux 8W FIBERLASERMARK\u00d8R - Mini-pc&#039;er, computere, b\u00e6rbare computere, overs\u00e6ttere","isPartOf":{"@id":"https:\/\/www.oio.pl\/#website"},"primaryImageOfPage":{"@id":"https:\/\/www.oio.pl\/produkt\/grawer-laser-fiber-wainlux-8w-znakowarka\/#primaryimage"},"image":{"@id":"https:\/\/www.oio.pl\/produkt\/grawer-laser-fiber-wainlux-8w-znakowarka\/#primaryimage"},"thumbnailUrl":"https:\/\/www.oio.pl\/wp-content\/uploads\/2023\/11\/Fiber_13.png","datePublished":"2023-11-21T06:20:42+00:00","dateModified":"2024-05-17T03:54:29+00:00","breadcrumb":{"@id":"https:\/\/www.oio.pl\/produkt\/grawer-laser-fiber-wainlux-8w-znakowarka\/#breadcrumb"},"inLanguage":"da-DK","potentialAction":[{"@type":"ReadAction","target":["https:\/\/www.oio.pl\/produkt\/grawer-laser-fiber-wainlux-8w-znakowarka\/"]}]},{"@type":"ImageObject","inLanguage":"da-DK","@id":"https:\/\/www.oio.pl\/produkt\/grawer-laser-fiber-wainlux-8w-znakowarka\/#primaryimage","url":"https:\/\/www.oio.pl\/wp-content\/uploads\/2023\/11\/Fiber_13.png","contentUrl":"https:\/\/www.oio.pl\/wp-content\/uploads\/2023\/11\/Fiber_13.png","width":800,"height":800},{"@type":"BreadcrumbList","@id":"https:\/\/www.oio.pl\/produkt\/grawer-laser-fiber-wainlux-8w-znakowarka\/#breadcrumb","itemListElement":[{"@type":"ListItem","position":1,"name":"Strona g\u0142\u00f3wna","item":"https:\/\/www.oio.pl\/"},{"@type":"ListItem","position":2,"name":"Produkty","item":"https:\/\/www.oio.pl\/"},{"@type":"ListItem","position":3,"name":"Grawer LASER FIBER Wainlux 8W ZNAKOWARKA"}]},{"@type":"WebSite","@id":"https:\/\/www.oio.pl\/#website","url":"https:\/\/www.oio.pl\/","name":"OIO.pl \u2013 Industrielle tablets, IT-udstyr til industri og logistik","description":"Industrielle tablets, robust tablet, industriel computer, holdbar tablet, udstyr til industrien, Windows-tablet, IP67-tablet, b\u00e6rbar lager, industriel elektronik, industrielle computere, oio.pl, logistikudstyr, tablet til feltarbejdsbrug, industriel ber\u00f8ringssk\u00e6rm","publisher":{"@id":"https:\/\/www.oio.pl\/#organization"},"alternateName":"Sklep internetowy dla przemys\u0142u","potentialAction":[{"@type":"SearchAction","target":{"@type":"EntryPoint","urlTemplate":"https:\/\/www.oio.pl\/?s={search_term_string}"},"query-input":{"@type":"PropertyValueSpecification","valueRequired":true,"valueName":"search_term_string"}}],"inLanguage":"da-DK"},{"@type":"Organization","@id":"https:\/\/www.oio.pl\/#organization","name":"OIO","alternateName":"Sprz\u0119t komputerowy","url":"https:\/\/www.oio.pl\/","logo":{"@type":"ImageObject","inLanguage":"da-DK","@id":"https:\/\/www.oio.pl\/#\/schema\/logo\/image\/","url":"https:\/\/www.oio.pl\/wp-content\/uploads\/2023\/11\/cropped-cropped-oio_120x120.jpg","contentUrl":"https:\/\/www.oio.pl\/wp-content\/uploads\/2023\/11\/cropped-cropped-oio_120x120.jpg","width":120,"height":48,"caption":"OIO"},"image":{"@id":"https:\/\/www.oio.pl\/#\/schema\/logo\/image\/"},"sameAs":["https:\/\/www.facebook.com\/oiopl"]}]}},"_links":{"self":[{"href":"https:\/\/www.oio.pl\/da\/wp-json\/wp\/v2\/product\/5977","targetHints":{"allow":["GET"]}}],"collection":[{"href":"https:\/\/www.oio.pl\/da\/wp-json\/wp\/v2\/product"}],"about":[{"href":"https:\/\/www.oio.pl\/da\/wp-json\/wp\/v2\/types\/product"}],"replies":[{"embeddable":true,"href":"https:\/\/www.oio.pl\/da\/wp-json\/wp\/v2\/comments?post=5977"}],"wp:featuredmedia":[{"embeddable":true,"href":"https:\/\/www.oio.pl\/da\/wp-json\/wp\/v2\/media\/5969"}],"wp:attachment":[{"href":"https:\/\/www.oio.pl\/da\/wp-json\/wp\/v2\/media?parent=5977"}],"wp:term":[{"taxonomy":"product_brand","embeddable":true,"href":"https:\/\/www.oio.pl\/da\/wp-json\/wp\/v2\/product_brand?post=5977"},{"taxonomy":"product_cat","embeddable":true,"href":"https:\/\/www.oio.pl\/da\/wp-json\/wp\/v2\/product_cat?post=5977"},{"taxonomy":"product_tag","embeddable":true,"href":"https:\/\/www.oio.pl\/da\/wp-json\/wp\/v2\/product_tag?post=5977"}],"curies":[{"name":"wp","href":"https:\/\/api.w.org\/{rel}","templated":true}]}}