{"id":6716,"date":"2024-07-13T13:07:10","date_gmt":"2024-07-13T11:07:10","guid":{"rendered":"https:\/\/www.oio.pl\/?post_type=product&#038;p=6716"},"modified":"2025-07-01T13:33:58","modified_gmt":"2025-07-01T11:33:58","slug":"chipol-x5n-8-128-gb-industriel-tablet-windows-11-ip67","status":"publish","type":"product","link":"https:\/\/www.oio.pl\/da\/product\/tablet-przemyslowy-chipol-x5n-8-128gb-windows-11-ip67\/","title":{"rendered":"Industriel tablet Chipol X5N 6\/128GB Windows 10\/11 IP67"},"content":{"rendered":"<p><strong>Chipol X5N tablet<\/strong> Denne 2023-version er blevet redesignet for at modst\u00e5, hvor andre tablets giver op. Tablettens kabinet er modstandsdygtigt over for de h\u00e5rdeste arbejdsforhold. Forst\u00e6rkede hj\u00f8rner og et forseglet design opfylder kravene til IP67-certificering, hvilket sikrer, at tabletten kan modst\u00e5 fald og neds\u00e6nkning i vand. Den lysst\u00e6rke IPS-sk\u00e6rm er l\u00e6sbar i sollys og tilbyder brede betragtningsvinkler. Takket v\u00e6re den kapacitive ber\u00f8ringssk\u00e6rm kan den bruges med b\u00e5de handsker og v\u00e5de h\u00e6nder.<\/p>\n<p>Producenten garanterer et sikkert fald p\u00e5 en tr\u00e6overflade fra en h\u00f8jde p\u00e5 1,2 m. <strong>Chipol 8\u2033 X5N tablet<\/strong>\u00a0kan fungere i temperaturomr\u00e5det fra -20\u00baC til +60\u00baC og en luftfugtighed p\u00e5 op til 95%.<\/p>\n<p>Chipol X5N-tabletten er drevet af den gennempr\u00f8vede Intel Pentium J4120 quad-core-processor og grafikkort.<strong> Intel UHD 8. generation.<\/strong><\/p>\n<p>Antallet af I\/O-porte er pr\u00e6cist tilpasset de aktuelle behov, herunder USB-C, USB 3.0, LAN RJ45 og lyd\/mikrofon.<\/p>\n<p><strong>To kameraer<\/strong> \u2013 5 Mpx bagkamera og 2 Mpx frontkamera fuldender denne tablets funktioner.<\/p>\n<p>Stort batteri 4<strong>000 mAh 3,7V \u2013 14,8Wh<\/strong><\/p>\n<p>Et holdbart batteri vil v\u00e6re praktisk b\u00e5de p\u00e5 arbejdet og p\u00e5 lange rejser. Denne model er udstyret med et 4000 mAh Li-ion polymerbatteri. Som et resultat kan tabletten fungere uden genopladning i op til 5 timer. Det betyder, at du kan fokusere p\u00e5 din forretning uden at bekymre dig om at begr\u00e6nse din arbejdstid.<\/p>\n<p>Ekstremt holdbar og praktisk.<\/p>\n<p>Det er under ekstreme forhold, at Chipol X5NP udm\u00e6rker sig i 100%. Dens kabinet er designet til at modst\u00e5 de mest ekstreme forhold \u2013 fra h\u00f8je og lave temperaturer til de \u00f8del\u00e6ggende virkninger af st\u00f8v og fugt. Den kan endda modst\u00e5 neds\u00e6nkning i en dybde p\u00e5 1 meter i 30 minutter. Dette sikrer, at tabletten kan fungere under alle forhold og f\u00f8lge med dig hele dagen lang.<\/p>\n<p>Denne tabletmodel kan udstyres med en kodel\u00e6ser \u2013 en 2D-scanner.<\/p>\n<p>Tabletten kan v\u00e6re udstyret med et GSM LTE-modem.<\/p>","protected":false},"excerpt":{"rendered":"<p>Tablet Chipol X5N jest wersj\u0105 z roku 2023, zosta\u0142 na nowo zaprojektowany tak, aby wytrzyma\u0107 wsz\u0119dzie tam, gdzie inne tablety si\u0119 poddaj\u0105. Obudowa tabletu jest odporna na najci\u0119\u017csze warunki pracy. Wzmocnione rogi, Szczelna konstrukcja spe\u0142nia wymagania stawiane przez certyfikat IP67, dzi\u0119ki czemu tablet nie b\u0119dzie ba\u0142 si\u0119 upadku czy zanurzenia. Jasny wy\u015bwietlacz IPS jest czytelny [&hellip;]<\/p>\n","protected":false},"featured_media":6721,"comment_status":"closed","ping_status":"closed","template":"","meta":[],"product_brand":[3231],"product_cat":[100,118],"product_tag":[52,77,3069,3064,45,46,3061,3085,3060,3081,3075,3058,3072,3073,3079,3078,3084,3067,101,3071,3076,3074,3065,3082,3068,3059,3066,3080,3083,48,3063,3070,3062,3077],"class_list":{"0":"post-6716","1":"product","2":"type-product","3":"status-publish","4":"has-post-thumbnail","6":"product_brand-chipol","7":"product_cat-tb-przemyslowe","8":"product_cat-tabletwindows","9":"product_tag-dotykowy","10":"product_tag-komputer-przemyslowy","11":"product_tag-kultowy-tablet","12":"product_tag-l10-tablet","13":"product_tag-mikrokomputer","14":"product_tag-mini-pc","15":"product_tag-przemyslowy","16":"product_tag-retro-tablet","17":"product_tag-rugged-tablet","18":"product_tag-rugged-tablet-pc-windows","19":"product_tag-stary-tablet-wykorzystanie","20":"product_tag-tablet","21":"product_tag-tablet-12","22":"product_tag-tablet-2-w-1","23":"product_tag-tablet-2007","24":"product_tag-tablet-na-windows","25":"product_tag-tablet-nokia","26":"product_tag-tablet-nowy","27":"product_tag-tablet-przemyslowy","28":"product_tag-tablet-z-rysik","29":"product_tag-tableta-zebra","30":"product_tag-tablets","31":"product_tag-tablety","32":"product_tag-tablety-do-sieci-sprzedazy","33":"product_tag-tablety-medyczne","34":"product_tag-tablety-przemyslowe","35":"product_tag-tablety-zebra","36":"product_tag-tani-tablet","37":"product_tag-tough-tablet","38":"product_tag-windows-10","39":"product_tag-windows-tablet","40":"product_tag-wytrzymaly-tablet","41":"product_tag-zebra-tablet","42":"product_tag-zebra-tablets","44":"first","45":"instock","46":"taxable","47":"shipping-taxable","48":"purchasable","49":"product-type-variable","50":"has-default-attributes","51":"czr-hentry"},"yoast_head":"<!-- This site is optimized with the Yoast SEO plugin v27.4 - https:\/\/yoast.com\/product\/yoast-seo-wordpress\/ -->\n<title>Tablet przemys\u0142owy Chipol X5N 6\/128GB Windows 10\/11 IP67 - Mini PC, Komputery, Laptopy, Translatory<\/title>\n<meta name=\"robots\" content=\"index, follow, max-snippet:-1, max-image-preview:large, max-video-preview:-1\" \/>\n<link rel=\"canonical\" href=\"https:\/\/www.oio.pl\/da\/produkt-2\/chipol-x5n-8-128-gb-industriel-tablet-windows-11-ip67\/\" \/>\n<meta property=\"og:locale\" content=\"da_DK\" \/>\n<meta property=\"og:type\" content=\"article\" \/>\n<meta property=\"og:title\" content=\"Tablet przemys\u0142owy Chipol X5N 6\/128GB Windows 10\/11 IP67 - Mini PC, Komputery, Laptopy, Translatory\" \/>\n<meta property=\"og:description\" content=\"Tablet Chipol X5N jest wersj\u0105 z roku 2023, zosta\u0142 na nowo zaprojektowany tak, aby wytrzyma\u0107 wsz\u0119dzie tam, gdzie inne tablety si\u0119 poddaj\u0105. Obudowa tabletu jest odporna na najci\u0119\u017csze warunki pracy. Wzmocnione rogi, Szczelna konstrukcja spe\u0142nia wymagania stawiane przez certyfikat IP67, dzi\u0119ki czemu tablet nie b\u0119dzie ba\u0142 si\u0119 upadku czy zanurzenia. Jasny wy\u015bwietlacz IPS jest czytelny [&hellip;]\" \/>\n<meta property=\"og:url\" content=\"https:\/\/www.oio.pl\/da\/produkt-2\/chipol-x5n-8-128-gb-industriel-tablet-windows-11-ip67\/\" \/>\n<meta property=\"og:site_name\" content=\"Mini PC, Komputery, Laptopy, Translatory\" \/>\n<meta property=\"article:publisher\" content=\"https:\/\/www.facebook.com\/oiopl\" \/>\n<meta property=\"article:modified_time\" content=\"2025-07-01T11:33:58+00:00\" \/>\n<meta property=\"og:image\" content=\"https:\/\/www.oio.pl\/wp-content\/uploads\/2024\/07\/Pipo_X5_03.jpg\" \/>\n\t<meta property=\"og:image:width\" content=\"990\" \/>\n\t<meta property=\"og:image:height\" content=\"555\" \/>\n\t<meta property=\"og:image:type\" content=\"image\/jpeg\" \/>\n<meta name=\"twitter:card\" content=\"summary_large_image\" \/>\n<meta name=\"twitter:label1\" content=\"Estimeret l\u00e6setid\" \/>\n\t<meta name=\"twitter:data1\" content=\"2 minutter\" \/>\n<script type=\"application\/ld+json\" class=\"yoast-schema-graph\">{\"@context\":\"https:\\\/\\\/schema.org\",\"@graph\":[{\"@type\":\"WebPage\",\"@id\":\"https:\\\/\\\/www.oio.pl\\\/product\\\/tablet-przemyslowy-chipol-x5n-8-128gb-windows-11-ip67\\\/\",\"url\":\"https:\\\/\\\/www.oio.pl\\\/product\\\/tablet-przemyslowy-chipol-x5n-8-128gb-windows-11-ip67\\\/\",\"name\":\"Tablet przemys\u0142owy Chipol X5N 6\\\/128GB Windows 10\\\/11 IP67 - Mini PC, Komputery, Laptopy, Translatory\",\"isPartOf\":{\"@id\":\"https:\\\/\\\/www.oio.pl\\\/#website\"},\"primaryImageOfPage\":{\"@id\":\"https:\\\/\\\/www.oio.pl\\\/product\\\/tablet-przemyslowy-chipol-x5n-8-128gb-windows-11-ip67\\\/#primaryimage\"},\"image\":{\"@id\":\"https:\\\/\\\/www.oio.pl\\\/product\\\/tablet-przemyslowy-chipol-x5n-8-128gb-windows-11-ip67\\\/#primaryimage\"},\"thumbnailUrl\":\"https:\\\/\\\/www.oio.pl\\\/wp-content\\\/uploads\\\/2024\\\/07\\\/Pipo_X5_03.jpg\",\"datePublished\":\"2024-07-13T11:07:10+00:00\",\"dateModified\":\"2025-07-01T11:33:58+00:00\",\"breadcrumb\":{\"@id\":\"https:\\\/\\\/www.oio.pl\\\/product\\\/tablet-przemyslowy-chipol-x5n-8-128gb-windows-11-ip67\\\/#breadcrumb\"},\"inLanguage\":\"da-DK\",\"potentialAction\":[{\"@type\":\"ReadAction\",\"target\":[\"https:\\\/\\\/www.oio.pl\\\/product\\\/tablet-przemyslowy-chipol-x5n-8-128gb-windows-11-ip67\\\/\"]}]},{\"@type\":\"ImageObject\",\"inLanguage\":\"da-DK\",\"@id\":\"https:\\\/\\\/www.oio.pl\\\/product\\\/tablet-przemyslowy-chipol-x5n-8-128gb-windows-11-ip67\\\/#primaryimage\",\"url\":\"https:\\\/\\\/www.oio.pl\\\/wp-content\\\/uploads\\\/2024\\\/07\\\/Pipo_X5_03.jpg\",\"contentUrl\":\"https:\\\/\\\/www.oio.pl\\\/wp-content\\\/uploads\\\/2024\\\/07\\\/Pipo_X5_03.jpg\",\"width\":990,\"height\":555},{\"@type\":\"BreadcrumbList\",\"@id\":\"https:\\\/\\\/www.oio.pl\\\/product\\\/tablet-przemyslowy-chipol-x5n-8-128gb-windows-11-ip67\\\/#breadcrumb\",\"itemListElement\":[{\"@type\":\"ListItem\",\"position\":1,\"name\":\"Strona g\u0142\u00f3wna\",\"item\":\"https:\\\/\\\/www.oio.pl\\\/\"},{\"@type\":\"ListItem\",\"position\":2,\"name\":\"Produkty\",\"item\":\"https:\\\/\\\/www.oio.pl\\\/\"},{\"@type\":\"ListItem\",\"position\":3,\"name\":\"Tablet przemys\u0142owy Chipol X5N 6\\\/128GB Windows 10\\\/11 IP67\"}]},{\"@type\":\"WebSite\",\"@id\":\"https:\\\/\\\/www.oio.pl\\\/#website\",\"url\":\"https:\\\/\\\/www.oio.pl\\\/\",\"name\":\"OIO.pl \u2013 Tablety przemys\u0142owe, sprz\u0119t IT dla przemys\u0142u i logistyki\",\"description\":\"tablety przemys\u0142owe, rugged tablet, komputer przemys\u0142owy, tablet wytrzyma\u0142y, sprz\u0119t dla przemys\u0142u, tablet z Windows, tablet IP67, laptop dla magazynu, elektronika przemys\u0142owa, komputery przemys\u0142owe, oio.pl, sprz\u0119t dla logistyki, tablet do pracy w terenie, monitor dotykowy przemys\u0142owy\",\"publisher\":{\"@id\":\"https:\\\/\\\/www.oio.pl\\\/#organization\"},\"alternateName\":\"Sklep internetowy dla przemys\u0142u\",\"potentialAction\":[{\"@type\":\"SearchAction\",\"target\":{\"@type\":\"EntryPoint\",\"urlTemplate\":\"https:\\\/\\\/www.oio.pl\\\/?s={search_term_string}\"},\"query-input\":{\"@type\":\"PropertyValueSpecification\",\"valueRequired\":true,\"valueName\":\"search_term_string\"}}],\"inLanguage\":\"da-DK\"},{\"@type\":\"Organization\",\"@id\":\"https:\\\/\\\/www.oio.pl\\\/#organization\",\"name\":\"OIO\",\"alternateName\":\"Sprz\u0119t komputerowy\",\"url\":\"https:\\\/\\\/www.oio.pl\\\/\",\"logo\":{\"@type\":\"ImageObject\",\"inLanguage\":\"da-DK\",\"@id\":\"https:\\\/\\\/www.oio.pl\\\/#\\\/schema\\\/logo\\\/image\\\/\",\"url\":\"https:\\\/\\\/www.oio.pl\\\/wp-content\\\/uploads\\\/2023\\\/11\\\/cropped-cropped-oio_120x120.jpg\",\"contentUrl\":\"https:\\\/\\\/www.oio.pl\\\/wp-content\\\/uploads\\\/2023\\\/11\\\/cropped-cropped-oio_120x120.jpg\",\"width\":120,\"height\":48,\"caption\":\"OIO\"},\"image\":{\"@id\":\"https:\\\/\\\/www.oio.pl\\\/#\\\/schema\\\/logo\\\/image\\\/\"},\"sameAs\":[\"https:\\\/\\\/www.facebook.com\\\/oiopl\"]}]}<\/script>\n<!-- \/ Yoast SEO plugin. -->","yoast_head_json":{"title":"Chipol X5N 6\/128GB industriel tablet Windows 10\/11 IP67 - Mini-pc&#039;er, computere, b\u00e6rbare computere, overs\u00e6ttere","robots":{"index":"index","follow":"follow","max-snippet":"max-snippet:-1","max-image-preview":"max-image-preview:large","max-video-preview":"max-video-preview:-1"},"canonical":"https:\/\/www.oio.pl\/da\/produkt-2\/chipol-x5n-8-128-gb-industriel-tablet-windows-11-ip67\/","og_locale":"da_DK","og_type":"article","og_title":"Tablet przemys\u0142owy Chipol X5N 6\/128GB Windows 10\/11 IP67 - Mini PC, Komputery, Laptopy, Translatory","og_description":"Tablet Chipol X5N jest wersj\u0105 z roku 2023, zosta\u0142 na nowo zaprojektowany tak, aby wytrzyma\u0107 wsz\u0119dzie tam, gdzie inne tablety si\u0119 poddaj\u0105. Obudowa tabletu jest odporna na najci\u0119\u017csze warunki pracy. Wzmocnione rogi, Szczelna konstrukcja spe\u0142nia wymagania stawiane przez certyfikat IP67, dzi\u0119ki czemu tablet nie b\u0119dzie ba\u0142 si\u0119 upadku czy zanurzenia. Jasny wy\u015bwietlacz IPS jest czytelny [&hellip;]","og_url":"https:\/\/www.oio.pl\/da\/produkt-2\/chipol-x5n-8-128-gb-industriel-tablet-windows-11-ip67\/","og_site_name":"Mini PC, Komputery, Laptopy, Translatory","article_publisher":"https:\/\/www.facebook.com\/oiopl","article_modified_time":"2025-07-01T11:33:58+00:00","og_image":[{"width":990,"height":555,"url":"https:\/\/www.oio.pl\/wp-content\/uploads\/2024\/07\/Pipo_X5_03.jpg","type":"image\/jpeg"}],"twitter_card":"summary_large_image","twitter_misc":{"Estimeret l\u00e6setid":"2 minutter"},"schema":{"@context":"https:\/\/schema.org","@graph":[{"@type":"WebPage","@id":"https:\/\/www.oio.pl\/product\/tablet-przemyslowy-chipol-x5n-8-128gb-windows-11-ip67\/","url":"https:\/\/www.oio.pl\/product\/tablet-przemyslowy-chipol-x5n-8-128gb-windows-11-ip67\/","name":"Chipol X5N 6\/128GB industriel tablet Windows 10\/11 IP67 - Mini-pc&#039;er, computere, b\u00e6rbare computere, overs\u00e6ttere","isPartOf":{"@id":"https:\/\/www.oio.pl\/#website"},"primaryImageOfPage":{"@id":"https:\/\/www.oio.pl\/product\/tablet-przemyslowy-chipol-x5n-8-128gb-windows-11-ip67\/#primaryimage"},"image":{"@id":"https:\/\/www.oio.pl\/product\/tablet-przemyslowy-chipol-x5n-8-128gb-windows-11-ip67\/#primaryimage"},"thumbnailUrl":"https:\/\/www.oio.pl\/wp-content\/uploads\/2024\/07\/Pipo_X5_03.jpg","datePublished":"2024-07-13T11:07:10+00:00","dateModified":"2025-07-01T11:33:58+00:00","breadcrumb":{"@id":"https:\/\/www.oio.pl\/product\/tablet-przemyslowy-chipol-x5n-8-128gb-windows-11-ip67\/#breadcrumb"},"inLanguage":"da-DK","potentialAction":[{"@type":"ReadAction","target":["https:\/\/www.oio.pl\/product\/tablet-przemyslowy-chipol-x5n-8-128gb-windows-11-ip67\/"]}]},{"@type":"ImageObject","inLanguage":"da-DK","@id":"https:\/\/www.oio.pl\/product\/tablet-przemyslowy-chipol-x5n-8-128gb-windows-11-ip67\/#primaryimage","url":"https:\/\/www.oio.pl\/wp-content\/uploads\/2024\/07\/Pipo_X5_03.jpg","contentUrl":"https:\/\/www.oio.pl\/wp-content\/uploads\/2024\/07\/Pipo_X5_03.jpg","width":990,"height":555},{"@type":"BreadcrumbList","@id":"https:\/\/www.oio.pl\/product\/tablet-przemyslowy-chipol-x5n-8-128gb-windows-11-ip67\/#breadcrumb","itemListElement":[{"@type":"ListItem","position":1,"name":"Strona g\u0142\u00f3wna","item":"https:\/\/www.oio.pl\/"},{"@type":"ListItem","position":2,"name":"Produkty","item":"https:\/\/www.oio.pl\/"},{"@type":"ListItem","position":3,"name":"Tablet przemys\u0142owy Chipol X5N 6\/128GB Windows 10\/11 IP67"}]},{"@type":"WebSite","@id":"https:\/\/www.oio.pl\/#website","url":"https:\/\/www.oio.pl\/","name":"OIO.pl \u2013 Industrielle tablets, IT-udstyr til industri og logistik","description":"Industrielle tablets, robust tablet, industriel computer, holdbar tablet, udstyr til industrien, Windows-tablet, IP67-tablet, b\u00e6rbar lager, industriel elektronik, industrielle computere, oio.pl, logistikudstyr, tablet til feltarbejdsbrug, industriel ber\u00f8ringssk\u00e6rm","publisher":{"@id":"https:\/\/www.oio.pl\/#organization"},"alternateName":"Sklep internetowy dla przemys\u0142u","potentialAction":[{"@type":"SearchAction","target":{"@type":"EntryPoint","urlTemplate":"https:\/\/www.oio.pl\/?s={search_term_string}"},"query-input":{"@type":"PropertyValueSpecification","valueRequired":true,"valueName":"search_term_string"}}],"inLanguage":"da-DK"},{"@type":"Organization","@id":"https:\/\/www.oio.pl\/#organization","name":"OIO","alternateName":"Sprz\u0119t komputerowy","url":"https:\/\/www.oio.pl\/","logo":{"@type":"ImageObject","inLanguage":"da-DK","@id":"https:\/\/www.oio.pl\/#\/schema\/logo\/image\/","url":"https:\/\/www.oio.pl\/wp-content\/uploads\/2023\/11\/cropped-cropped-oio_120x120.jpg","contentUrl":"https:\/\/www.oio.pl\/wp-content\/uploads\/2023\/11\/cropped-cropped-oio_120x120.jpg","width":120,"height":48,"caption":"OIO"},"image":{"@id":"https:\/\/www.oio.pl\/#\/schema\/logo\/image\/"},"sameAs":["https:\/\/www.facebook.com\/oiopl"]}]}},"_links":{"self":[{"href":"https:\/\/www.oio.pl\/da\/wp-json\/wp\/v2\/product\/6716","targetHints":{"allow":["GET"]}}],"collection":[{"href":"https:\/\/www.oio.pl\/da\/wp-json\/wp\/v2\/product"}],"about":[{"href":"https:\/\/www.oio.pl\/da\/wp-json\/wp\/v2\/types\/product"}],"replies":[{"embeddable":true,"href":"https:\/\/www.oio.pl\/da\/wp-json\/wp\/v2\/comments?post=6716"}],"wp:featuredmedia":[{"embeddable":true,"href":"https:\/\/www.oio.pl\/da\/wp-json\/wp\/v2\/media\/6721"}],"wp:attachment":[{"href":"https:\/\/www.oio.pl\/da\/wp-json\/wp\/v2\/media?parent=6716"}],"wp:term":[{"taxonomy":"product_brand","embeddable":true,"href":"https:\/\/www.oio.pl\/da\/wp-json\/wp\/v2\/product_brand?post=6716"},{"taxonomy":"product_cat","embeddable":true,"href":"https:\/\/www.oio.pl\/da\/wp-json\/wp\/v2\/product_cat?post=6716"},{"taxonomy":"product_tag","embeddable":true,"href":"https:\/\/www.oio.pl\/da\/wp-json\/wp\/v2\/product_tag?post=6716"}],"curies":[{"name":"wp","href":"https:\/\/api.w.org\/{rel}","templated":true}]}}