{"id":6736,"date":"2024-07-15T06:26:53","date_gmt":"2024-07-15T04:26:53","guid":{"rendered":"https:\/\/www.oio.pl\/?post_type=product&#038;p=6736"},"modified":"2025-07-29T06:23:33","modified_gmt":"2025-07-29T04:23:33","slug":"baerbar-chipol-w824-12-512-gb-win","status":"publish","type":"product","link":"https:\/\/www.oio.pl\/da\/product\/laptop-chipol-w824-12-512-gb-win\/","title":{"rendered":"B\u00e6rbar computer Chipol W824 12\/512 GB Windows 11"},"content":{"rendered":"<p>Chipol W824 er en b\u00e6rbar computer baseret p\u00e5 den nye quad-core Intel N100-processor med et Intel UHD-grafikkort og en 8\u2033 touchscreen med en opl\u00f8sning p\u00e5 1280 x 800 (16:9).<\/p>\n<p>Den ligner en b\u00e6rbar computer til et barn, men det er en fuldgyldig enhed til arbejde og s\u00e6rlige opgaver i en lommest\u00f8rrelse.<br \/>\nPerfekt til at arbejde p\u00e5 farten, let, praktisk med et normalt tastatur (tasternes st\u00f8rrelse svarer til dem, der bruges i andre b\u00e6rbare computere).<br \/>\nDen anvendte trackpoint, kendt fra l\u00f8sninger i andre virksomheds b\u00e6rbare computere, giver dig mulighed for trygt at bruge funktionerne i denne b\u00e6rbare model.<\/p>\n<p>Den drejelige sk\u00e6rm g\u00f8r det muligt at bruge den b\u00e6rbare computer som en tablet eller Gameboy.<\/p>","protected":false},"excerpt":{"rendered":"<p>Chipol W824 jest laptopem opartym na nowym, czterordzeniowym procesorze Intel N100 z kart\u0105 graficzn\u0105 Intel UHD oraz dotykowym ekranem 8&#8243; o rozdzielczo\u015bci 1280 x 800 (16:9). Wygl\u0105da jak laptop dla dziecka ale jest pe\u0142noprawnym sprz\u0119tem do pracy i zada\u0144 specjalnych w wersji kieszonkowej. Idealny do pracy w podr\u00f3\u017cy, lekki, por\u0119czny z normaln\u0105 klawiatur\u0105 (wielko\u015b\u0107 klawiszy [&hellip;]<\/p>\n","protected":false},"featured_media":6753,"comment_status":"closed","ping_status":"closed","template":"","meta":[],"product_brand":[3231],"product_cat":[1907,3212],"product_tag":[3007,2997,2993,2987,2990,2996,3000,3011,2992,2989,2994,3006,52,2988,77,2089,3004,3008,2998,2999,3001,2995,3012,2991,3010,45,46,3003,3002,3009,3005,2129,101,2121,48,3013,3014],"class_list":{"0":"post-6736","1":"product","2":"type-product","3":"status-publish","4":"has-post-thumbnail","6":"product_brand-chipol","7":"product_cat-laptopy","8":"product_cat-laptop-6_19","9":"product_tag-best-budget-laptops-2023","10":"product_tag-best-gaming-laptop","11":"product_tag-best-gaming-laptop-2024","12":"product_tag-best-laptop","13":"product_tag-best-laptop-2024","14":"product_tag-best-laptop-for-students","15":"product_tag-best-laptop-you-can-buy","16":"product_tag-best-laptops","17":"product_tag-best-laptops-2023","18":"product_tag-best-laptops-2024","19":"product_tag-budget-laptop","20":"product_tag-cool-laptop","21":"product_tag-dotykowy","22":"product_tag-gaming-laptop","23":"product_tag-komputer-przemyslowy","24":"product_tag-laptop","25":"product_tag-laptop-2024","26":"product_tag-laptop-2024-hp","27":"product_tag-laptop-5","28":"product_tag-laptop-buying-guide","29":"product_tag-laptop-buying-mistakes","30":"product_tag-laptop-review","31":"product_tag-laptop-","32":"product_tag-laptops","33":"product_tag-laptops-2024","34":"product_tag-mikrokomputer","35":"product_tag-mini-pc","36":"product_tag-mmk-laptop","37":"product_tag-msi-laptop","38":"product_tag-repair-laptop","39":"product_tag-scam-laptop","40":"product_tag-ssd","41":"product_tag-tablet-przemyslowy","42":"product_tag-uniwerslany-laptop","43":"product_tag-windows-10","44":"product_tag-windows-laptop","45":"product_tag-zlaptop","47":"first","48":"instock","49":"taxable","50":"shipping-taxable","51":"purchasable","52":"product-type-simple","53":"czr-hentry"},"yoast_head":"<!-- This site is optimized with the Yoast SEO plugin v27.4 - https:\/\/yoast.com\/product\/yoast-seo-wordpress\/ -->\n<title>Laptop Chipol W824 12\/512 GB Windows 11 - Mini PC, Komputery, Laptopy, Translatory<\/title>\n<meta name=\"robots\" content=\"index, follow, max-snippet:-1, max-image-preview:large, max-video-preview:-1\" \/>\n<link rel=\"canonical\" href=\"https:\/\/www.oio.pl\/da\/produkt-2\/baerbar-chipol-w824-12-512-gb-win\/\" \/>\n<meta property=\"og:locale\" content=\"da_DK\" \/>\n<meta property=\"og:type\" content=\"article\" \/>\n<meta property=\"og:title\" content=\"Laptop Chipol W824 12\/512 GB Windows 11 - Mini PC, Komputery, Laptopy, Translatory\" \/>\n<meta property=\"og:description\" content=\"Chipol W824 jest laptopem opartym na nowym, czterordzeniowym procesorze Intel N100 z kart\u0105 graficzn\u0105 Intel UHD oraz dotykowym ekranem 8&#8243; o rozdzielczo\u015bci 1280 x 800 (16:9). Wygl\u0105da jak laptop dla dziecka ale jest pe\u0142noprawnym sprz\u0119tem do pracy i zada\u0144 specjalnych w wersji kieszonkowej. Idealny do pracy w podr\u00f3\u017cy, lekki, por\u0119czny z normaln\u0105 klawiatur\u0105 (wielko\u015b\u0107 klawiszy [&hellip;]\" \/>\n<meta property=\"og:url\" content=\"https:\/\/www.oio.pl\/da\/produkt-2\/baerbar-chipol-w824-12-512-gb-win\/\" \/>\n<meta property=\"og:site_name\" content=\"Mini PC, Komputery, Laptopy, Translatory\" \/>\n<meta property=\"article:publisher\" content=\"https:\/\/www.facebook.com\/oiopl\" \/>\n<meta property=\"article:modified_time\" content=\"2025-07-29T04:23:33+00:00\" \/>\n<meta property=\"og:image\" content=\"https:\/\/www.oio.pl\/wp-content\/uploads\/2024\/07\/4.jpg\" \/>\n\t<meta property=\"og:image:width\" content=\"1000\" \/>\n\t<meta property=\"og:image:height\" content=\"1000\" \/>\n\t<meta property=\"og:image:type\" content=\"image\/jpeg\" \/>\n<meta name=\"twitter:card\" content=\"summary_large_image\" \/>\n<meta name=\"twitter:label1\" content=\"Estimeret l\u00e6setid\" \/>\n\t<meta name=\"twitter:data1\" content=\"1 minut\" \/>\n<script type=\"application\/ld+json\" class=\"yoast-schema-graph\">{\"@context\":\"https:\\\/\\\/schema.org\",\"@graph\":[{\"@type\":\"WebPage\",\"@id\":\"https:\\\/\\\/www.oio.pl\\\/product\\\/laptop-chipol-w824-12-512-gb-win\\\/\",\"url\":\"https:\\\/\\\/www.oio.pl\\\/product\\\/laptop-chipol-w824-12-512-gb-win\\\/\",\"name\":\"Laptop Chipol W824 12\\\/512 GB Windows 11 - Mini PC, Komputery, Laptopy, Translatory\",\"isPartOf\":{\"@id\":\"https:\\\/\\\/www.oio.pl\\\/#website\"},\"primaryImageOfPage\":{\"@id\":\"https:\\\/\\\/www.oio.pl\\\/product\\\/laptop-chipol-w824-12-512-gb-win\\\/#primaryimage\"},\"image\":{\"@id\":\"https:\\\/\\\/www.oio.pl\\\/product\\\/laptop-chipol-w824-12-512-gb-win\\\/#primaryimage\"},\"thumbnailUrl\":\"https:\\\/\\\/www.oio.pl\\\/wp-content\\\/uploads\\\/2024\\\/07\\\/4.jpg\",\"datePublished\":\"2024-07-15T04:26:53+00:00\",\"dateModified\":\"2025-07-29T04:23:33+00:00\",\"breadcrumb\":{\"@id\":\"https:\\\/\\\/www.oio.pl\\\/product\\\/laptop-chipol-w824-12-512-gb-win\\\/#breadcrumb\"},\"inLanguage\":\"da-DK\",\"potentialAction\":[{\"@type\":\"ReadAction\",\"target\":[\"https:\\\/\\\/www.oio.pl\\\/product\\\/laptop-chipol-w824-12-512-gb-win\\\/\"]}]},{\"@type\":\"ImageObject\",\"inLanguage\":\"da-DK\",\"@id\":\"https:\\\/\\\/www.oio.pl\\\/product\\\/laptop-chipol-w824-12-512-gb-win\\\/#primaryimage\",\"url\":\"https:\\\/\\\/www.oio.pl\\\/wp-content\\\/uploads\\\/2024\\\/07\\\/4.jpg\",\"contentUrl\":\"https:\\\/\\\/www.oio.pl\\\/wp-content\\\/uploads\\\/2024\\\/07\\\/4.jpg\",\"width\":1000,\"height\":1000},{\"@type\":\"BreadcrumbList\",\"@id\":\"https:\\\/\\\/www.oio.pl\\\/product\\\/laptop-chipol-w824-12-512-gb-win\\\/#breadcrumb\",\"itemListElement\":[{\"@type\":\"ListItem\",\"position\":1,\"name\":\"Strona g\u0142\u00f3wna\",\"item\":\"https:\\\/\\\/www.oio.pl\\\/\"},{\"@type\":\"ListItem\",\"position\":2,\"name\":\"Produkty\",\"item\":\"https:\\\/\\\/www.oio.pl\\\/\"},{\"@type\":\"ListItem\",\"position\":3,\"name\":\"Laptop Chipol W824 12\\\/512 GB Windows 11\"}]},{\"@type\":\"WebSite\",\"@id\":\"https:\\\/\\\/www.oio.pl\\\/#website\",\"url\":\"https:\\\/\\\/www.oio.pl\\\/\",\"name\":\"OIO.pl \u2013 Tablety przemys\u0142owe, sprz\u0119t IT dla przemys\u0142u i logistyki\",\"description\":\"tablety przemys\u0142owe, rugged tablet, komputer przemys\u0142owy, tablet wytrzyma\u0142y, sprz\u0119t dla przemys\u0142u, tablet z Windows, tablet IP67, laptop dla magazynu, elektronika przemys\u0142owa, komputery przemys\u0142owe, oio.pl, sprz\u0119t dla logistyki, tablet do pracy w terenie, monitor dotykowy przemys\u0142owy\",\"publisher\":{\"@id\":\"https:\\\/\\\/www.oio.pl\\\/#organization\"},\"alternateName\":\"Sklep internetowy dla przemys\u0142u\",\"potentialAction\":[{\"@type\":\"SearchAction\",\"target\":{\"@type\":\"EntryPoint\",\"urlTemplate\":\"https:\\\/\\\/www.oio.pl\\\/?s={search_term_string}\"},\"query-input\":{\"@type\":\"PropertyValueSpecification\",\"valueRequired\":true,\"valueName\":\"search_term_string\"}}],\"inLanguage\":\"da-DK\"},{\"@type\":\"Organization\",\"@id\":\"https:\\\/\\\/www.oio.pl\\\/#organization\",\"name\":\"OIO\",\"alternateName\":\"Sprz\u0119t komputerowy\",\"url\":\"https:\\\/\\\/www.oio.pl\\\/\",\"logo\":{\"@type\":\"ImageObject\",\"inLanguage\":\"da-DK\",\"@id\":\"https:\\\/\\\/www.oio.pl\\\/#\\\/schema\\\/logo\\\/image\\\/\",\"url\":\"https:\\\/\\\/www.oio.pl\\\/wp-content\\\/uploads\\\/2023\\\/11\\\/cropped-cropped-oio_120x120.jpg\",\"contentUrl\":\"https:\\\/\\\/www.oio.pl\\\/wp-content\\\/uploads\\\/2023\\\/11\\\/cropped-cropped-oio_120x120.jpg\",\"width\":120,\"height\":48,\"caption\":\"OIO\"},\"image\":{\"@id\":\"https:\\\/\\\/www.oio.pl\\\/#\\\/schema\\\/logo\\\/image\\\/\"},\"sameAs\":[\"https:\\\/\\\/www.facebook.com\\\/oiopl\"]}]}<\/script>\n<!-- \/ Yoast SEO plugin. -->","yoast_head_json":{"title":"B\u00e6rbar computer Chipol W824 12\/512 GB Windows 11 - Mini-pc&#039;er, computere, b\u00e6rbare computere, overs\u00e6ttere","robots":{"index":"index","follow":"follow","max-snippet":"max-snippet:-1","max-image-preview":"max-image-preview:large","max-video-preview":"max-video-preview:-1"},"canonical":"https:\/\/www.oio.pl\/da\/produkt-2\/baerbar-chipol-w824-12-512-gb-win\/","og_locale":"da_DK","og_type":"article","og_title":"Laptop Chipol W824 12\/512 GB Windows 11 - Mini PC, Komputery, Laptopy, Translatory","og_description":"Chipol W824 jest laptopem opartym na nowym, czterordzeniowym procesorze Intel N100 z kart\u0105 graficzn\u0105 Intel UHD oraz dotykowym ekranem 8&#8243; o rozdzielczo\u015bci 1280 x 800 (16:9). Wygl\u0105da jak laptop dla dziecka ale jest pe\u0142noprawnym sprz\u0119tem do pracy i zada\u0144 specjalnych w wersji kieszonkowej. Idealny do pracy w podr\u00f3\u017cy, lekki, por\u0119czny z normaln\u0105 klawiatur\u0105 (wielko\u015b\u0107 klawiszy [&hellip;]","og_url":"https:\/\/www.oio.pl\/da\/produkt-2\/baerbar-chipol-w824-12-512-gb-win\/","og_site_name":"Mini PC, Komputery, Laptopy, Translatory","article_publisher":"https:\/\/www.facebook.com\/oiopl","article_modified_time":"2025-07-29T04:23:33+00:00","og_image":[{"width":1000,"height":1000,"url":"https:\/\/www.oio.pl\/wp-content\/uploads\/2024\/07\/4.jpg","type":"image\/jpeg"}],"twitter_card":"summary_large_image","twitter_misc":{"Estimeret l\u00e6setid":"1 minut"},"schema":{"@context":"https:\/\/schema.org","@graph":[{"@type":"WebPage","@id":"https:\/\/www.oio.pl\/product\/laptop-chipol-w824-12-512-gb-win\/","url":"https:\/\/www.oio.pl\/product\/laptop-chipol-w824-12-512-gb-win\/","name":"B\u00e6rbar computer Chipol W824 12\/512 GB Windows 11 - Mini-pc&#039;er, computere, b\u00e6rbare computere, overs\u00e6ttere","isPartOf":{"@id":"https:\/\/www.oio.pl\/#website"},"primaryImageOfPage":{"@id":"https:\/\/www.oio.pl\/product\/laptop-chipol-w824-12-512-gb-win\/#primaryimage"},"image":{"@id":"https:\/\/www.oio.pl\/product\/laptop-chipol-w824-12-512-gb-win\/#primaryimage"},"thumbnailUrl":"https:\/\/www.oio.pl\/wp-content\/uploads\/2024\/07\/4.jpg","datePublished":"2024-07-15T04:26:53+00:00","dateModified":"2025-07-29T04:23:33+00:00","breadcrumb":{"@id":"https:\/\/www.oio.pl\/product\/laptop-chipol-w824-12-512-gb-win\/#breadcrumb"},"inLanguage":"da-DK","potentialAction":[{"@type":"ReadAction","target":["https:\/\/www.oio.pl\/product\/laptop-chipol-w824-12-512-gb-win\/"]}]},{"@type":"ImageObject","inLanguage":"da-DK","@id":"https:\/\/www.oio.pl\/product\/laptop-chipol-w824-12-512-gb-win\/#primaryimage","url":"https:\/\/www.oio.pl\/wp-content\/uploads\/2024\/07\/4.jpg","contentUrl":"https:\/\/www.oio.pl\/wp-content\/uploads\/2024\/07\/4.jpg","width":1000,"height":1000},{"@type":"BreadcrumbList","@id":"https:\/\/www.oio.pl\/product\/laptop-chipol-w824-12-512-gb-win\/#breadcrumb","itemListElement":[{"@type":"ListItem","position":1,"name":"Strona g\u0142\u00f3wna","item":"https:\/\/www.oio.pl\/"},{"@type":"ListItem","position":2,"name":"Produkty","item":"https:\/\/www.oio.pl\/"},{"@type":"ListItem","position":3,"name":"Laptop Chipol W824 12\/512 GB Windows 11"}]},{"@type":"WebSite","@id":"https:\/\/www.oio.pl\/#website","url":"https:\/\/www.oio.pl\/","name":"OIO.pl \u2013 Industrielle tablets, IT-udstyr til industri og logistik","description":"Industrielle tablets, robust tablet, industriel computer, holdbar tablet, udstyr til industrien, Windows-tablet, IP67-tablet, b\u00e6rbar lager, industriel elektronik, industrielle computere, oio.pl, logistikudstyr, tablet til feltarbejdsbrug, industriel ber\u00f8ringssk\u00e6rm","publisher":{"@id":"https:\/\/www.oio.pl\/#organization"},"alternateName":"Sklep internetowy dla przemys\u0142u","potentialAction":[{"@type":"SearchAction","target":{"@type":"EntryPoint","urlTemplate":"https:\/\/www.oio.pl\/?s={search_term_string}"},"query-input":{"@type":"PropertyValueSpecification","valueRequired":true,"valueName":"search_term_string"}}],"inLanguage":"da-DK"},{"@type":"Organization","@id":"https:\/\/www.oio.pl\/#organization","name":"OIO","alternateName":"Sprz\u0119t komputerowy","url":"https:\/\/www.oio.pl\/","logo":{"@type":"ImageObject","inLanguage":"da-DK","@id":"https:\/\/www.oio.pl\/#\/schema\/logo\/image\/","url":"https:\/\/www.oio.pl\/wp-content\/uploads\/2023\/11\/cropped-cropped-oio_120x120.jpg","contentUrl":"https:\/\/www.oio.pl\/wp-content\/uploads\/2023\/11\/cropped-cropped-oio_120x120.jpg","width":120,"height":48,"caption":"OIO"},"image":{"@id":"https:\/\/www.oio.pl\/#\/schema\/logo\/image\/"},"sameAs":["https:\/\/www.facebook.com\/oiopl"]}]}},"_links":{"self":[{"href":"https:\/\/www.oio.pl\/da\/wp-json\/wp\/v2\/product\/6736","targetHints":{"allow":["GET"]}}],"collection":[{"href":"https:\/\/www.oio.pl\/da\/wp-json\/wp\/v2\/product"}],"about":[{"href":"https:\/\/www.oio.pl\/da\/wp-json\/wp\/v2\/types\/product"}],"replies":[{"embeddable":true,"href":"https:\/\/www.oio.pl\/da\/wp-json\/wp\/v2\/comments?post=6736"}],"wp:featuredmedia":[{"embeddable":true,"href":"https:\/\/www.oio.pl\/da\/wp-json\/wp\/v2\/media\/6753"}],"wp:attachment":[{"href":"https:\/\/www.oio.pl\/da\/wp-json\/wp\/v2\/media?parent=6736"}],"wp:term":[{"taxonomy":"product_brand","embeddable":true,"href":"https:\/\/www.oio.pl\/da\/wp-json\/wp\/v2\/product_brand?post=6736"},{"taxonomy":"product_cat","embeddable":true,"href":"https:\/\/www.oio.pl\/da\/wp-json\/wp\/v2\/product_cat?post=6736"},{"taxonomy":"product_tag","embeddable":true,"href":"https:\/\/www.oio.pl\/da\/wp-json\/wp\/v2\/product_tag?post=6736"}],"curies":[{"name":"wp","href":"https:\/\/api.w.org\/{rel}","templated":true}]}}