{"id":6787,"date":"2024-07-19T14:28:41","date_gmt":"2024-07-19T12:28:41","guid":{"rendered":"https:\/\/www.oio.pl\/?post_type=product&#038;p=6787"},"modified":"2025-07-09T08:25:37","modified_gmt":"2025-07-09T06:25:37","slug":"neje_a40640","status":"publish","type":"product","link":"https:\/\/www.oio.pl\/da\/product\/neje_a40640\/","title":{"rendered":"NEJE A40630 30W laserhoved"},"content":{"rendered":"<div class=\"_1voj4 _z9prt _1xzdi _ai5yc _5d6n2 _15lj1\">\n<div class=\"_2d49e_5pK0q\">\n<div class=\"mpof_ki myre_zn myre_8v_l m389_6m_l\">\n<div class=\"mp4t_16_s mryx_16_s mr3m_1 mli2_1 mh85_56 mh85_0_l\">\n<div class=\"mg9e_8 mj7a_8 mg9e_0_s mvrt_0_s mj7a_0_s mh36_0_s mzmg_6m munh_16_l m3h2_16_l\">\n<div class=\"mp4t_0 mryx_0 munh_56 m3h2_56\"><\/div>\n<\/div>\n<\/div>\n<div class=\"mp4t_16_s mryx_16_s mr3m_1 mli2_1 mh85_56 mh85_0_l\">\n<div class=\"mgn2_16 _0d3bd_am0a-\">\n<p>H\u00f8j graveringseffektivitet: 6W optisk udgangseffekt, den minimale br\u00e6ndvidde for dette modul er op til 0,04 mm, graveringshastigheden er op til 20000 mm pr. minut, og den maksimale sk\u00e6retykkelse er op til 20 mm.<\/p>\n<p>God varmeafledning: Dette graveringsmodul styres intelligent af en temperatursensor med en 40 mm k\u00f8lebl\u00e6ser p\u00e5 10000 o\/min, hvilket sikrer god varmeafledning.<\/p>\n<p>Anvendelige materialer: Modulet kan direkte gravere keramik, MDF, belagt glas, sort akryl, krydsfiner, b\u00f8rstet rustfrit st\u00e5l, sten, bambus, l\u00e6der, gummi, aluminiumoxid og andre materialer. Reflekterende materialer b\u00f8r males med sort maling p\u00e5 overfladen ved gravering.<\/p>\n<p>Bred kompatibilitet: Den er kompatibel med de fleste lasergraveringsmaskiner, 3D-printere og CNC-fr\u00e6semaskiner p\u00e5 markedet, har fremragende kompatibilitet og er ogs\u00e5 kompatibel med den modne graveringssoftware til LaserGRBL, Lightburn osv. p\u00e5 markedet.<\/p>\n<\/div>\n<\/div>\n<\/div>\n<\/div>\n<\/div>","protected":false},"excerpt":{"rendered":"<p>Wysoka wydajno\u015b\u0107 grawerowania: moc wyj\u015bciowa optyczna 6 W, minimalna ogniskowa tego modu\u0142u wynosi do 0,04 mm, pr\u0119dko\u015b\u0107 grawerowania do 20000 mm na minut\u0119, a maksymalna grubo\u015b\u0107 ci\u0119cia wynosi do 20 mm. Dobre odprowadzanie ciep\u0142a: ten modu\u0142 grawera jest inteligentnie kontrolowany przez czujnik temperatury, z wentylatorem ch\u0142odz\u0105cym 40 mm o pr\u0119dko\u015bci 10000 obr.\/min i zapewnia dobre [&hellip;]<\/p>\n","protected":false},"featured_media":6788,"comment_status":"closed","ping_status":"closed","template":"","meta":[],"product_brand":[],"product_cat":[25],"product_tag":[3098,3106,94,44,41,3095,3088,3091,3105,42,3087,3093,3104,3096,3090,3086,3092,3099,3102,3094,3101,3097,3089,3100,3107,3108,3103],"class_list":{"0":"post-6787","1":"product","2":"type-product","3":"status-publish","4":"has-post-thumbnail","6":"product_cat-laser-grawer","7":"product_tag-atms-ploter-laserowy-co2","8":"product_tag-cnc-ploter","9":"product_tag-drukarka-laserowa","10":"product_tag-drukarka-z-laserem","11":"product_tag-grawer","12":"product_tag-grawer-laserem","13":"product_tag-grawer-laserowy","14":"product_tag-grawer-laserowy-cnc","15":"product_tag-grawer-mdf","16":"product_tag-grawerka","17":"product_tag-grawerka-laserowa","18":"product_tag-loter-laserowy","19":"product_tag-najlepsza-grawerka-laserowa","20":"product_tag-ploter","21":"product_tag-ploter-co2","22":"product_tag-ploter-laserowy","23":"product_tag-ploter-laserowy-co2","24":"product_tag-ploter-laserowy-do-pieczatek","25":"product_tag-ploter-laserowy-do-robienia-pieczatek","26":"product_tag-ploter-laserowy-venus","27":"product_tag-ploter-laserowy-z-tuba-szklana","28":"product_tag-ploter-lasrowy","29":"product_tag-plotery-laserowe","30":"product_tag-plotery-laserowe-co2","31":"product_tag-plotter","32":"product_tag-smart-grawer","33":"product_tag-tania-grawerka-laserowa","35":"first","36":"instock","37":"taxable","38":"shipping-taxable","39":"purchasable","40":"product-type-simple","41":"czr-hentry"},"yoast_head":"<!-- This site is optimized with the Yoast SEO plugin v27.4 - https:\/\/yoast.com\/product\/yoast-seo-wordpress\/ -->\n<title>G\u0142owica laserowa NEJE A40630 30W - Mini PC, Komputery, Laptopy, Translatory<\/title>\n<meta name=\"robots\" content=\"index, follow, max-snippet:-1, max-image-preview:large, max-video-preview:-1\" \/>\n<link rel=\"canonical\" href=\"https:\/\/www.oio.pl\/da\/produkt-2\/neje_a40640\/\" \/>\n<meta property=\"og:locale\" content=\"da_DK\" \/>\n<meta property=\"og:type\" content=\"article\" \/>\n<meta property=\"og:title\" content=\"G\u0142owica laserowa NEJE A40630 30W - Mini PC, Komputery, Laptopy, Translatory\" \/>\n<meta property=\"og:description\" content=\"Wysoka wydajno\u015b\u0107 grawerowania: moc wyj\u015bciowa optyczna 6 W, minimalna ogniskowa tego modu\u0142u wynosi do 0,04 mm, pr\u0119dko\u015b\u0107 grawerowania do 20000 mm na minut\u0119, a maksymalna grubo\u015b\u0107 ci\u0119cia wynosi do 20 mm. Dobre odprowadzanie ciep\u0142a: ten modu\u0142 grawera jest inteligentnie kontrolowany przez czujnik temperatury, z wentylatorem ch\u0142odz\u0105cym 40 mm o pr\u0119dko\u015bci 10000 obr.\/min i zapewnia dobre [&hellip;]\" \/>\n<meta property=\"og:url\" content=\"https:\/\/www.oio.pl\/da\/produkt-2\/neje_a40640\/\" \/>\n<meta property=\"og:site_name\" content=\"Mini PC, Komputery, Laptopy, Translatory\" \/>\n<meta property=\"article:publisher\" content=\"https:\/\/www.facebook.com\/oiopl\" \/>\n<meta property=\"article:modified_time\" content=\"2025-07-09T06:25:37+00:00\" \/>\n<meta property=\"og:image\" content=\"https:\/\/www.oio.pl\/wp-content\/uploads\/2024\/07\/61Qw0bxpi3L._AC_SL1500_.jpg\" \/>\n\t<meta property=\"og:image:width\" content=\"1404\" \/>\n\t<meta property=\"og:image:height\" content=\"1481\" \/>\n\t<meta property=\"og:image:type\" content=\"image\/jpeg\" \/>\n<meta name=\"twitter:card\" content=\"summary_large_image\" \/>\n<meta name=\"twitter:label1\" content=\"Estimeret l\u00e6setid\" \/>\n\t<meta name=\"twitter:data1\" content=\"1 minut\" \/>\n<script type=\"application\/ld+json\" class=\"yoast-schema-graph\">{\"@context\":\"https:\\\/\\\/schema.org\",\"@graph\":[{\"@type\":\"WebPage\",\"@id\":\"https:\\\/\\\/www.oio.pl\\\/product\\\/neje_a40640\\\/\",\"url\":\"https:\\\/\\\/www.oio.pl\\\/product\\\/neje_a40640\\\/\",\"name\":\"G\u0142owica laserowa NEJE A40630 30W - Mini PC, Komputery, Laptopy, Translatory\",\"isPartOf\":{\"@id\":\"https:\\\/\\\/www.oio.pl\\\/#website\"},\"primaryImageOfPage\":{\"@id\":\"https:\\\/\\\/www.oio.pl\\\/product\\\/neje_a40640\\\/#primaryimage\"},\"image\":{\"@id\":\"https:\\\/\\\/www.oio.pl\\\/product\\\/neje_a40640\\\/#primaryimage\"},\"thumbnailUrl\":\"https:\\\/\\\/www.oio.pl\\\/wp-content\\\/uploads\\\/2024\\\/07\\\/61Qw0bxpi3L._AC_SL1500_.jpg\",\"datePublished\":\"2024-07-19T12:28:41+00:00\",\"dateModified\":\"2025-07-09T06:25:37+00:00\",\"breadcrumb\":{\"@id\":\"https:\\\/\\\/www.oio.pl\\\/product\\\/neje_a40640\\\/#breadcrumb\"},\"inLanguage\":\"da-DK\",\"potentialAction\":[{\"@type\":\"ReadAction\",\"target\":[\"https:\\\/\\\/www.oio.pl\\\/product\\\/neje_a40640\\\/\"]}]},{\"@type\":\"ImageObject\",\"inLanguage\":\"da-DK\",\"@id\":\"https:\\\/\\\/www.oio.pl\\\/product\\\/neje_a40640\\\/#primaryimage\",\"url\":\"https:\\\/\\\/www.oio.pl\\\/wp-content\\\/uploads\\\/2024\\\/07\\\/61Qw0bxpi3L._AC_SL1500_.jpg\",\"contentUrl\":\"https:\\\/\\\/www.oio.pl\\\/wp-content\\\/uploads\\\/2024\\\/07\\\/61Qw0bxpi3L._AC_SL1500_.jpg\",\"width\":1404,\"height\":1481},{\"@type\":\"BreadcrumbList\",\"@id\":\"https:\\\/\\\/www.oio.pl\\\/product\\\/neje_a40640\\\/#breadcrumb\",\"itemListElement\":[{\"@type\":\"ListItem\",\"position\":1,\"name\":\"Strona g\u0142\u00f3wna\",\"item\":\"https:\\\/\\\/www.oio.pl\\\/\"},{\"@type\":\"ListItem\",\"position\":2,\"name\":\"Produkty\",\"item\":\"https:\\\/\\\/www.oio.pl\\\/\"},{\"@type\":\"ListItem\",\"position\":3,\"name\":\"G\u0142owica laserowa NEJE A40630 30W\"}]},{\"@type\":\"WebSite\",\"@id\":\"https:\\\/\\\/www.oio.pl\\\/#website\",\"url\":\"https:\\\/\\\/www.oio.pl\\\/\",\"name\":\"OIO.pl \u2013 Tablety przemys\u0142owe, sprz\u0119t IT dla przemys\u0142u i logistyki\",\"description\":\"tablety przemys\u0142owe, rugged tablet, komputer przemys\u0142owy, tablet wytrzyma\u0142y, sprz\u0119t dla przemys\u0142u, tablet z Windows, tablet IP67, laptop dla magazynu, elektronika przemys\u0142owa, komputery przemys\u0142owe, oio.pl, sprz\u0119t dla logistyki, tablet do pracy w terenie, monitor dotykowy przemys\u0142owy\",\"publisher\":{\"@id\":\"https:\\\/\\\/www.oio.pl\\\/#organization\"},\"alternateName\":\"Sklep internetowy dla przemys\u0142u\",\"potentialAction\":[{\"@type\":\"SearchAction\",\"target\":{\"@type\":\"EntryPoint\",\"urlTemplate\":\"https:\\\/\\\/www.oio.pl\\\/?s={search_term_string}\"},\"query-input\":{\"@type\":\"PropertyValueSpecification\",\"valueRequired\":true,\"valueName\":\"search_term_string\"}}],\"inLanguage\":\"da-DK\"},{\"@type\":\"Organization\",\"@id\":\"https:\\\/\\\/www.oio.pl\\\/#organization\",\"name\":\"OIO\",\"alternateName\":\"Sprz\u0119t komputerowy\",\"url\":\"https:\\\/\\\/www.oio.pl\\\/\",\"logo\":{\"@type\":\"ImageObject\",\"inLanguage\":\"da-DK\",\"@id\":\"https:\\\/\\\/www.oio.pl\\\/#\\\/schema\\\/logo\\\/image\\\/\",\"url\":\"https:\\\/\\\/www.oio.pl\\\/wp-content\\\/uploads\\\/2023\\\/11\\\/cropped-cropped-oio_120x120.jpg\",\"contentUrl\":\"https:\\\/\\\/www.oio.pl\\\/wp-content\\\/uploads\\\/2023\\\/11\\\/cropped-cropped-oio_120x120.jpg\",\"width\":120,\"height\":48,\"caption\":\"OIO\"},\"image\":{\"@id\":\"https:\\\/\\\/www.oio.pl\\\/#\\\/schema\\\/logo\\\/image\\\/\"},\"sameAs\":[\"https:\\\/\\\/www.facebook.com\\\/oiopl\"]}]}<\/script>\n<!-- \/ Yoast SEO plugin. -->","yoast_head_json":{"title":"NEJE A40630 30W laserhoved - Mini-pc&#039;er, computere, b\u00e6rbare computere, overs\u00e6ttere","robots":{"index":"index","follow":"follow","max-snippet":"max-snippet:-1","max-image-preview":"max-image-preview:large","max-video-preview":"max-video-preview:-1"},"canonical":"https:\/\/www.oio.pl\/da\/produkt-2\/neje_a40640\/","og_locale":"da_DK","og_type":"article","og_title":"G\u0142owica laserowa NEJE A40630 30W - Mini PC, Komputery, Laptopy, Translatory","og_description":"Wysoka wydajno\u015b\u0107 grawerowania: moc wyj\u015bciowa optyczna 6 W, minimalna ogniskowa tego modu\u0142u wynosi do 0,04 mm, pr\u0119dko\u015b\u0107 grawerowania do 20000 mm na minut\u0119, a maksymalna grubo\u015b\u0107 ci\u0119cia wynosi do 20 mm. Dobre odprowadzanie ciep\u0142a: ten modu\u0142 grawera jest inteligentnie kontrolowany przez czujnik temperatury, z wentylatorem ch\u0142odz\u0105cym 40 mm o pr\u0119dko\u015bci 10000 obr.\/min i zapewnia dobre [&hellip;]","og_url":"https:\/\/www.oio.pl\/da\/produkt-2\/neje_a40640\/","og_site_name":"Mini PC, Komputery, Laptopy, Translatory","article_publisher":"https:\/\/www.facebook.com\/oiopl","article_modified_time":"2025-07-09T06:25:37+00:00","og_image":[{"width":1404,"height":1481,"url":"https:\/\/www.oio.pl\/wp-content\/uploads\/2024\/07\/61Qw0bxpi3L._AC_SL1500_.jpg","type":"image\/jpeg"}],"twitter_card":"summary_large_image","twitter_misc":{"Estimeret l\u00e6setid":"1 minut"},"schema":{"@context":"https:\/\/schema.org","@graph":[{"@type":"WebPage","@id":"https:\/\/www.oio.pl\/product\/neje_a40640\/","url":"https:\/\/www.oio.pl\/product\/neje_a40640\/","name":"NEJE A40630 30W laserhoved - Mini-pc&#039;er, computere, b\u00e6rbare computere, overs\u00e6ttere","isPartOf":{"@id":"https:\/\/www.oio.pl\/#website"},"primaryImageOfPage":{"@id":"https:\/\/www.oio.pl\/product\/neje_a40640\/#primaryimage"},"image":{"@id":"https:\/\/www.oio.pl\/product\/neje_a40640\/#primaryimage"},"thumbnailUrl":"https:\/\/www.oio.pl\/wp-content\/uploads\/2024\/07\/61Qw0bxpi3L._AC_SL1500_.jpg","datePublished":"2024-07-19T12:28:41+00:00","dateModified":"2025-07-09T06:25:37+00:00","breadcrumb":{"@id":"https:\/\/www.oio.pl\/product\/neje_a40640\/#breadcrumb"},"inLanguage":"da-DK","potentialAction":[{"@type":"ReadAction","target":["https:\/\/www.oio.pl\/product\/neje_a40640\/"]}]},{"@type":"ImageObject","inLanguage":"da-DK","@id":"https:\/\/www.oio.pl\/product\/neje_a40640\/#primaryimage","url":"https:\/\/www.oio.pl\/wp-content\/uploads\/2024\/07\/61Qw0bxpi3L._AC_SL1500_.jpg","contentUrl":"https:\/\/www.oio.pl\/wp-content\/uploads\/2024\/07\/61Qw0bxpi3L._AC_SL1500_.jpg","width":1404,"height":1481},{"@type":"BreadcrumbList","@id":"https:\/\/www.oio.pl\/product\/neje_a40640\/#breadcrumb","itemListElement":[{"@type":"ListItem","position":1,"name":"Strona g\u0142\u00f3wna","item":"https:\/\/www.oio.pl\/"},{"@type":"ListItem","position":2,"name":"Produkty","item":"https:\/\/www.oio.pl\/"},{"@type":"ListItem","position":3,"name":"G\u0142owica laserowa NEJE A40630 30W"}]},{"@type":"WebSite","@id":"https:\/\/www.oio.pl\/#website","url":"https:\/\/www.oio.pl\/","name":"OIO.pl \u2013 Industrielle tablets, IT-udstyr til industri og logistik","description":"Industrielle tablets, robust tablet, industriel computer, holdbar tablet, udstyr til industrien, Windows-tablet, IP67-tablet, b\u00e6rbar lager, industriel elektronik, industrielle computere, oio.pl, logistikudstyr, tablet til feltarbejdsbrug, industriel ber\u00f8ringssk\u00e6rm","publisher":{"@id":"https:\/\/www.oio.pl\/#organization"},"alternateName":"Sklep internetowy dla przemys\u0142u","potentialAction":[{"@type":"SearchAction","target":{"@type":"EntryPoint","urlTemplate":"https:\/\/www.oio.pl\/?s={search_term_string}"},"query-input":{"@type":"PropertyValueSpecification","valueRequired":true,"valueName":"search_term_string"}}],"inLanguage":"da-DK"},{"@type":"Organization","@id":"https:\/\/www.oio.pl\/#organization","name":"OIO","alternateName":"Sprz\u0119t komputerowy","url":"https:\/\/www.oio.pl\/","logo":{"@type":"ImageObject","inLanguage":"da-DK","@id":"https:\/\/www.oio.pl\/#\/schema\/logo\/image\/","url":"https:\/\/www.oio.pl\/wp-content\/uploads\/2023\/11\/cropped-cropped-oio_120x120.jpg","contentUrl":"https:\/\/www.oio.pl\/wp-content\/uploads\/2023\/11\/cropped-cropped-oio_120x120.jpg","width":120,"height":48,"caption":"OIO"},"image":{"@id":"https:\/\/www.oio.pl\/#\/schema\/logo\/image\/"},"sameAs":["https:\/\/www.facebook.com\/oiopl"]}]}},"_links":{"self":[{"href":"https:\/\/www.oio.pl\/da\/wp-json\/wp\/v2\/product\/6787","targetHints":{"allow":["GET"]}}],"collection":[{"href":"https:\/\/www.oio.pl\/da\/wp-json\/wp\/v2\/product"}],"about":[{"href":"https:\/\/www.oio.pl\/da\/wp-json\/wp\/v2\/types\/product"}],"replies":[{"embeddable":true,"href":"https:\/\/www.oio.pl\/da\/wp-json\/wp\/v2\/comments?post=6787"}],"wp:featuredmedia":[{"embeddable":true,"href":"https:\/\/www.oio.pl\/da\/wp-json\/wp\/v2\/media\/6788"}],"wp:attachment":[{"href":"https:\/\/www.oio.pl\/da\/wp-json\/wp\/v2\/media?parent=6787"}],"wp:term":[{"taxonomy":"product_brand","embeddable":true,"href":"https:\/\/www.oio.pl\/da\/wp-json\/wp\/v2\/product_brand?post=6787"},{"taxonomy":"product_cat","embeddable":true,"href":"https:\/\/www.oio.pl\/da\/wp-json\/wp\/v2\/product_cat?post=6787"},{"taxonomy":"product_tag","embeddable":true,"href":"https:\/\/www.oio.pl\/da\/wp-json\/wp\/v2\/product_tag?post=6787"}],"curies":[{"name":"wp","href":"https:\/\/api.w.org\/{rel}","templated":true}]}}