{"id":6870,"date":"2024-07-26T12:15:33","date_gmt":"2024-07-26T10:15:33","guid":{"rendered":"https:\/\/www.oio.pl\/?post_type=product&#038;p=6870"},"modified":"2026-01-07T13:18:08","modified_gmt":"2026-01-07T12:18:08","slug":"all-in-one-chipol-f12g-j4125-8-128gb-rs232-win-11","status":"publish","type":"product","link":"https:\/\/www.oio.pl\/da\/product\/all-in-one-chipol-f12g-j4125-8-128gb-rs232-win-11\/","title":{"rendered":"Alt-i-en Chipol F12G J4125 8\/128GB RS232 Win 11"},"content":{"rendered":"<p><b>Nowa generacja mikrokomputer\u00f3w &#8211; Chipol F12G <\/b>zosta\u0142 zaprojektowany w nowy, bardzie wydajny i ergonomiczny spos\u00f3b. Jasny wy\u015bwietlacz IPS 11,6&#8243; o rozdzielczo\u015bci 1920 x1080 jest czytelny w s\u0142o\u0144cu oraz zapewnia szerokie k\u0105ty widzenia (250ANSI). Dzi\u0119ki pojemno\u015bciowemu panelowi dotykowemu mo\u017cna go stosowa\u0107 zar\u00f3wno w r\u0119kawiczkach jak i wilgotnymi d\u0142o\u0144mi.<\/p>\n<p>AIO\u00a0<b>Chipol F12G, model 2024\/07, <\/b>nap\u0119dzany jest cztero-rdzeniowym sprawdzonym procesorem Intel Celeron J4125 2,0 &#8211; 2,7 GHz oraz grafik\u0105 Intel UHD Graphics 600.<\/p>\n<p>Ilo\u015b\u0107 port\u00f3w we\/wy jest dok\u0142adnie dopasowana do aktualnych potrzeb, m.in. 4*USB 3.0, <b>DB9<\/b>\u00a0<b>RS232, 2*<\/b>HDMI 1.4, Audio\/Mic, czytnik kart TF (do 512GB), LAN 1000Mb.<\/p>\n<p>Wbudowany g\u0142o\u015bnik 1W pozwalaja wykorzysta\u0107 ten model w wi\u0119kszym zakresie jako samodzielne urz\u0105dzenie w pe\u0142nym zakresie.<\/p>","protected":false},"excerpt":{"rendered":"<p>Nowa generacja mikrokomputer\u00f3w &#8211; Chipol F12G zosta\u0142 zaprojektowany w nowy, bardzie wydajny i ergonomiczny spos\u00f3b. Jasny wy\u015bwietlacz IPS 11,6&#8243; o rozdzielczo\u015bci 1920 x1080 jest czytelny w s\u0142o\u0144cu oraz zapewnia szerokie k\u0105ty widzenia (250ANSI). Dzi\u0119ki pojemno\u015bciowemu panelowi dotykowemu mo\u017cna go stosowa\u0107 zar\u00f3wno w r\u0119kawiczkach jak i wilgotnymi d\u0142o\u0144mi. AIO\u00a0Chipol F12G, model 2024\/07, nap\u0119dzany jest cztero-rdzeniowym sprawdzonym [&hellip;]<\/p>\n","protected":false},"featured_media":6881,"comment_status":"closed","ping_status":"closed","template":"","meta":[],"product_brand":[3231],"product_cat":[53,3315,3218],"product_tag":[50,47,77,45,46,109,101],"class_list":{"0":"post-6870","1":"product","2":"type-product","3":"status-publish","4":"has-post-thumbnail","6":"product_brand-chipol","7":"product_cat-pc-aio-pos","8":"product_cat-pc-aio","9":"product_cat-pc-panel","10":"product_tag-aio","11":"product_tag-komputer","12":"product_tag-komputer-przemyslowy","13":"product_tag-mikrokomputer","14":"product_tag-mini-pc","15":"product_tag-nascienny","16":"product_tag-tablet-przemyslowy","18":"first","19":"onbackorder","20":"taxable","21":"shipping-taxable","22":"purchasable","23":"product-type-simple","24":"czr-hentry"},"yoast_head":"<!-- This site is optimized with the Yoast SEO plugin v27.4 - https:\/\/yoast.com\/product\/yoast-seo-wordpress\/ -->\n<title>All-In-One Chipol F12G J4125 8\/128GB RS232 Win 11 - Mini PC, Komputery, Laptopy, Translatory<\/title>\n<meta name=\"robots\" content=\"index, follow, max-snippet:-1, max-image-preview:large, max-video-preview:-1\" \/>\n<link rel=\"canonical\" href=\"https:\/\/www.oio.pl\/da\/produkt-2\/all-in-one-chipol-f12g-j4125-8-128gb-rs232-win-11\/\" \/>\n<meta property=\"og:locale\" content=\"da_DK\" \/>\n<meta property=\"og:type\" content=\"article\" \/>\n<meta property=\"og:title\" content=\"All-In-One Chipol F12G J4125 8\/128GB RS232 Win 11 - Mini PC, Komputery, Laptopy, Translatory\" \/>\n<meta property=\"og:description\" content=\"Nowa generacja mikrokomputer\u00f3w &#8211; Chipol F12G zosta\u0142 zaprojektowany w nowy, bardzie wydajny i ergonomiczny spos\u00f3b. Jasny wy\u015bwietlacz IPS 11,6&#8243; o rozdzielczo\u015bci 1920 x1080 jest czytelny w s\u0142o\u0144cu oraz zapewnia szerokie k\u0105ty widzenia (250ANSI). Dzi\u0119ki pojemno\u015bciowemu panelowi dotykowemu mo\u017cna go stosowa\u0107 zar\u00f3wno w r\u0119kawiczkach jak i wilgotnymi d\u0142o\u0144mi. AIO\u00a0Chipol F12G, model 2024\/07, nap\u0119dzany jest cztero-rdzeniowym sprawdzonym [&hellip;]\" \/>\n<meta property=\"og:url\" content=\"https:\/\/www.oio.pl\/da\/produkt-2\/all-in-one-chipol-f12g-j4125-8-128gb-rs232-win-11\/\" \/>\n<meta property=\"og:site_name\" content=\"Mini PC, Komputery, Laptopy, Translatory\" \/>\n<meta property=\"article:publisher\" content=\"https:\/\/www.facebook.com\/oiopl\" \/>\n<meta property=\"article:modified_time\" content=\"2026-01-07T12:18:08+00:00\" \/>\n<meta property=\"og:image\" content=\"https:\/\/www.oio.pl\/wp-content\/uploads\/2024\/07\/12GLK_000.jpg\" \/>\n\t<meta property=\"og:image:width\" content=\"1200\" \/>\n\t<meta property=\"og:image:height\" content=\"1200\" \/>\n\t<meta property=\"og:image:type\" content=\"image\/jpeg\" \/>\n<meta name=\"twitter:card\" content=\"summary_large_image\" \/>\n<meta name=\"twitter:label1\" content=\"Estimeret l\u00e6setid\" \/>\n\t<meta name=\"twitter:data1\" content=\"1 minut\" \/>\n<script type=\"application\/ld+json\" class=\"yoast-schema-graph\">{\"@context\":\"https:\\\/\\\/schema.org\",\"@graph\":[{\"@type\":\"WebPage\",\"@id\":\"https:\\\/\\\/www.oio.pl\\\/product\\\/all-in-one-chipol-f12g-j4125-8-128gb-rs232-win-11\\\/\",\"url\":\"https:\\\/\\\/www.oio.pl\\\/product\\\/all-in-one-chipol-f12g-j4125-8-128gb-rs232-win-11\\\/\",\"name\":\"All-In-One Chipol F12G J4125 8\\\/128GB RS232 Win 11 - Mini PC, Komputery, Laptopy, Translatory\",\"isPartOf\":{\"@id\":\"https:\\\/\\\/www.oio.pl\\\/#website\"},\"primaryImageOfPage\":{\"@id\":\"https:\\\/\\\/www.oio.pl\\\/product\\\/all-in-one-chipol-f12g-j4125-8-128gb-rs232-win-11\\\/#primaryimage\"},\"image\":{\"@id\":\"https:\\\/\\\/www.oio.pl\\\/product\\\/all-in-one-chipol-f12g-j4125-8-128gb-rs232-win-11\\\/#primaryimage\"},\"thumbnailUrl\":\"https:\\\/\\\/www.oio.pl\\\/wp-content\\\/uploads\\\/2024\\\/07\\\/12GLK_000.jpg\",\"datePublished\":\"2024-07-26T10:15:33+00:00\",\"dateModified\":\"2026-01-07T12:18:08+00:00\",\"breadcrumb\":{\"@id\":\"https:\\\/\\\/www.oio.pl\\\/product\\\/all-in-one-chipol-f12g-j4125-8-128gb-rs232-win-11\\\/#breadcrumb\"},\"inLanguage\":\"da-DK\",\"potentialAction\":[{\"@type\":\"ReadAction\",\"target\":[\"https:\\\/\\\/www.oio.pl\\\/product\\\/all-in-one-chipol-f12g-j4125-8-128gb-rs232-win-11\\\/\"]}]},{\"@type\":\"ImageObject\",\"inLanguage\":\"da-DK\",\"@id\":\"https:\\\/\\\/www.oio.pl\\\/product\\\/all-in-one-chipol-f12g-j4125-8-128gb-rs232-win-11\\\/#primaryimage\",\"url\":\"https:\\\/\\\/www.oio.pl\\\/wp-content\\\/uploads\\\/2024\\\/07\\\/12GLK_000.jpg\",\"contentUrl\":\"https:\\\/\\\/www.oio.pl\\\/wp-content\\\/uploads\\\/2024\\\/07\\\/12GLK_000.jpg\",\"width\":1200,\"height\":1200},{\"@type\":\"BreadcrumbList\",\"@id\":\"https:\\\/\\\/www.oio.pl\\\/product\\\/all-in-one-chipol-f12g-j4125-8-128gb-rs232-win-11\\\/#breadcrumb\",\"itemListElement\":[{\"@type\":\"ListItem\",\"position\":1,\"name\":\"Strona g\u0142\u00f3wna\",\"item\":\"https:\\\/\\\/www.oio.pl\\\/\"},{\"@type\":\"ListItem\",\"position\":2,\"name\":\"Produkty\",\"item\":\"https:\\\/\\\/www.oio.pl\\\/\"},{\"@type\":\"ListItem\",\"position\":3,\"name\":\"All-In-One Chipol F12G J4125 8\\\/128GB RS232 Win 11\"}]},{\"@type\":\"WebSite\",\"@id\":\"https:\\\/\\\/www.oio.pl\\\/#website\",\"url\":\"https:\\\/\\\/www.oio.pl\\\/\",\"name\":\"OIO.pl \u2013 Tablety przemys\u0142owe, sprz\u0119t IT dla przemys\u0142u i logistyki\",\"description\":\"tablety przemys\u0142owe, rugged tablet, komputer przemys\u0142owy, tablet wytrzyma\u0142y, sprz\u0119t dla przemys\u0142u, tablet z Windows, tablet IP67, laptop dla magazynu, elektronika przemys\u0142owa, komputery przemys\u0142owe, oio.pl, sprz\u0119t dla logistyki, tablet do pracy w terenie, monitor dotykowy przemys\u0142owy\",\"publisher\":{\"@id\":\"https:\\\/\\\/www.oio.pl\\\/#organization\"},\"alternateName\":\"Sklep internetowy dla przemys\u0142u\",\"potentialAction\":[{\"@type\":\"SearchAction\",\"target\":{\"@type\":\"EntryPoint\",\"urlTemplate\":\"https:\\\/\\\/www.oio.pl\\\/?s={search_term_string}\"},\"query-input\":{\"@type\":\"PropertyValueSpecification\",\"valueRequired\":true,\"valueName\":\"search_term_string\"}}],\"inLanguage\":\"da-DK\"},{\"@type\":\"Organization\",\"@id\":\"https:\\\/\\\/www.oio.pl\\\/#organization\",\"name\":\"OIO\",\"alternateName\":\"Sprz\u0119t komputerowy\",\"url\":\"https:\\\/\\\/www.oio.pl\\\/\",\"logo\":{\"@type\":\"ImageObject\",\"inLanguage\":\"da-DK\",\"@id\":\"https:\\\/\\\/www.oio.pl\\\/#\\\/schema\\\/logo\\\/image\\\/\",\"url\":\"https:\\\/\\\/www.oio.pl\\\/wp-content\\\/uploads\\\/2023\\\/11\\\/cropped-cropped-oio_120x120.jpg\",\"contentUrl\":\"https:\\\/\\\/www.oio.pl\\\/wp-content\\\/uploads\\\/2023\\\/11\\\/cropped-cropped-oio_120x120.jpg\",\"width\":120,\"height\":48,\"caption\":\"OIO\"},\"image\":{\"@id\":\"https:\\\/\\\/www.oio.pl\\\/#\\\/schema\\\/logo\\\/image\\\/\"},\"sameAs\":[\"https:\\\/\\\/www.facebook.com\\\/oiopl\"]}]}<\/script>\n<!-- \/ Yoast SEO plugin. -->","yoast_head_json":{"title":"All-In-One Chipol F12G J4125 8\/128GB RS232 Win 11 - Mini PC, Komputery, Laptopy, Translatory","robots":{"index":"index","follow":"follow","max-snippet":"max-snippet:-1","max-image-preview":"max-image-preview:large","max-video-preview":"max-video-preview:-1"},"canonical":"https:\/\/www.oio.pl\/da\/produkt-2\/all-in-one-chipol-f12g-j4125-8-128gb-rs232-win-11\/","og_locale":"da_DK","og_type":"article","og_title":"All-In-One Chipol F12G J4125 8\/128GB RS232 Win 11 - Mini PC, Komputery, Laptopy, Translatory","og_description":"Nowa generacja mikrokomputer\u00f3w &#8211; Chipol F12G zosta\u0142 zaprojektowany w nowy, bardzie wydajny i ergonomiczny spos\u00f3b. Jasny wy\u015bwietlacz IPS 11,6&#8243; o rozdzielczo\u015bci 1920 x1080 jest czytelny w s\u0142o\u0144cu oraz zapewnia szerokie k\u0105ty widzenia (250ANSI). Dzi\u0119ki pojemno\u015bciowemu panelowi dotykowemu mo\u017cna go stosowa\u0107 zar\u00f3wno w r\u0119kawiczkach jak i wilgotnymi d\u0142o\u0144mi. AIO\u00a0Chipol F12G, model 2024\/07, nap\u0119dzany jest cztero-rdzeniowym sprawdzonym [&hellip;]","og_url":"https:\/\/www.oio.pl\/da\/produkt-2\/all-in-one-chipol-f12g-j4125-8-128gb-rs232-win-11\/","og_site_name":"Mini PC, Komputery, Laptopy, Translatory","article_publisher":"https:\/\/www.facebook.com\/oiopl","article_modified_time":"2026-01-07T12:18:08+00:00","og_image":[{"width":1200,"height":1200,"url":"https:\/\/www.oio.pl\/wp-content\/uploads\/2024\/07\/12GLK_000.jpg","type":"image\/jpeg"}],"twitter_card":"summary_large_image","twitter_misc":{"Estimeret l\u00e6setid":"1 minut"},"schema":{"@context":"https:\/\/schema.org","@graph":[{"@type":"WebPage","@id":"https:\/\/www.oio.pl\/product\/all-in-one-chipol-f12g-j4125-8-128gb-rs232-win-11\/","url":"https:\/\/www.oio.pl\/product\/all-in-one-chipol-f12g-j4125-8-128gb-rs232-win-11\/","name":"All-In-One Chipol F12G J4125 8\/128GB RS232 Win 11 - Mini PC, Komputery, Laptopy, Translatory","isPartOf":{"@id":"https:\/\/www.oio.pl\/#website"},"primaryImageOfPage":{"@id":"https:\/\/www.oio.pl\/product\/all-in-one-chipol-f12g-j4125-8-128gb-rs232-win-11\/#primaryimage"},"image":{"@id":"https:\/\/www.oio.pl\/product\/all-in-one-chipol-f12g-j4125-8-128gb-rs232-win-11\/#primaryimage"},"thumbnailUrl":"https:\/\/www.oio.pl\/wp-content\/uploads\/2024\/07\/12GLK_000.jpg","datePublished":"2024-07-26T10:15:33+00:00","dateModified":"2026-01-07T12:18:08+00:00","breadcrumb":{"@id":"https:\/\/www.oio.pl\/product\/all-in-one-chipol-f12g-j4125-8-128gb-rs232-win-11\/#breadcrumb"},"inLanguage":"da-DK","potentialAction":[{"@type":"ReadAction","target":["https:\/\/www.oio.pl\/product\/all-in-one-chipol-f12g-j4125-8-128gb-rs232-win-11\/"]}]},{"@type":"ImageObject","inLanguage":"da-DK","@id":"https:\/\/www.oio.pl\/product\/all-in-one-chipol-f12g-j4125-8-128gb-rs232-win-11\/#primaryimage","url":"https:\/\/www.oio.pl\/wp-content\/uploads\/2024\/07\/12GLK_000.jpg","contentUrl":"https:\/\/www.oio.pl\/wp-content\/uploads\/2024\/07\/12GLK_000.jpg","width":1200,"height":1200},{"@type":"BreadcrumbList","@id":"https:\/\/www.oio.pl\/product\/all-in-one-chipol-f12g-j4125-8-128gb-rs232-win-11\/#breadcrumb","itemListElement":[{"@type":"ListItem","position":1,"name":"Strona g\u0142\u00f3wna","item":"https:\/\/www.oio.pl\/"},{"@type":"ListItem","position":2,"name":"Produkty","item":"https:\/\/www.oio.pl\/"},{"@type":"ListItem","position":3,"name":"All-In-One Chipol F12G J4125 8\/128GB RS232 Win 11"}]},{"@type":"WebSite","@id":"https:\/\/www.oio.pl\/#website","url":"https:\/\/www.oio.pl\/","name":"OIO.pl \u2013 Industrielle tablets, IT-udstyr til industri og logistik","description":"Industrielle tablets, robust tablet, industriel computer, holdbar tablet, udstyr til industrien, Windows-tablet, IP67-tablet, b\u00e6rbar lager, industriel elektronik, industrielle computere, oio.pl, logistikudstyr, tablet til feltarbejdsbrug, industriel ber\u00f8ringssk\u00e6rm","publisher":{"@id":"https:\/\/www.oio.pl\/#organization"},"alternateName":"Sklep internetowy dla przemys\u0142u","potentialAction":[{"@type":"SearchAction","target":{"@type":"EntryPoint","urlTemplate":"https:\/\/www.oio.pl\/?s={search_term_string}"},"query-input":{"@type":"PropertyValueSpecification","valueRequired":true,"valueName":"search_term_string"}}],"inLanguage":"da-DK"},{"@type":"Organization","@id":"https:\/\/www.oio.pl\/#organization","name":"OIO","alternateName":"Sprz\u0119t komputerowy","url":"https:\/\/www.oio.pl\/","logo":{"@type":"ImageObject","inLanguage":"da-DK","@id":"https:\/\/www.oio.pl\/#\/schema\/logo\/image\/","url":"https:\/\/www.oio.pl\/wp-content\/uploads\/2023\/11\/cropped-cropped-oio_120x120.jpg","contentUrl":"https:\/\/www.oio.pl\/wp-content\/uploads\/2023\/11\/cropped-cropped-oio_120x120.jpg","width":120,"height":48,"caption":"OIO"},"image":{"@id":"https:\/\/www.oio.pl\/#\/schema\/logo\/image\/"},"sameAs":["https:\/\/www.facebook.com\/oiopl"]}]}},"_links":{"self":[{"href":"https:\/\/www.oio.pl\/da\/wp-json\/wp\/v2\/product\/6870","targetHints":{"allow":["GET"]}}],"collection":[{"href":"https:\/\/www.oio.pl\/da\/wp-json\/wp\/v2\/product"}],"about":[{"href":"https:\/\/www.oio.pl\/da\/wp-json\/wp\/v2\/types\/product"}],"replies":[{"embeddable":true,"href":"https:\/\/www.oio.pl\/da\/wp-json\/wp\/v2\/comments?post=6870"}],"wp:featuredmedia":[{"embeddable":true,"href":"https:\/\/www.oio.pl\/da\/wp-json\/wp\/v2\/media\/6881"}],"wp:attachment":[{"href":"https:\/\/www.oio.pl\/da\/wp-json\/wp\/v2\/media?parent=6870"}],"wp:term":[{"taxonomy":"product_brand","embeddable":true,"href":"https:\/\/www.oio.pl\/da\/wp-json\/wp\/v2\/product_brand?post=6870"},{"taxonomy":"product_cat","embeddable":true,"href":"https:\/\/www.oio.pl\/da\/wp-json\/wp\/v2\/product_cat?post=6870"},{"taxonomy":"product_tag","embeddable":true,"href":"https:\/\/www.oio.pl\/da\/wp-json\/wp\/v2\/product_tag?post=6870"}],"curies":[{"name":"wp","href":"https:\/\/api.w.org\/{rel}","templated":true}]}}