{"id":6914,"date":"2024-07-28T13:01:41","date_gmt":"2024-07-28T11:01:41","guid":{"rendered":"https:\/\/www.oio.pl\/?post_type=product&#038;p=6914"},"modified":"2024-08-11T16:28:17","modified_gmt":"2024-08-11T14:28:17","slug":"mini-pc-f2m-intel-ultra-7-155h-16-gb-ddr5-512-gb-win-11","status":"publish","type":"product","link":"https:\/\/www.oio.pl\/da\/product\/mini-pc-f2m-intel-ultra-7-155h-16gb-ddr5-512gb-win-11\/","title":{"rendered":"Mini-pc F2M Intel Ultra 7 155H 16 GB DDR5 512 GB Windows 11 PRO"},"content":{"rendered":"<p>F2M Mini PC&#039;en er en computer, der tilbyder en lille, men kraftfuld ydeevne, og er velegnet til professionel brug.<br \/>\nDet fylder normalt mindre, er lavet i en kompakt form, der er perfekt til et skrivebord eller et lille rum.<br \/>\nDen underst\u00f8tter mange af de nyeste teknologier med hensyn til ydeevne, grafisk arbejde og er velegnet til sm\u00e5 og mellemstore opgaver s\u00e5som videoredigering.<br \/>\nDen har ogs\u00e5 et lavere str\u00f8mforbrug end en typisk station\u00e6r computer, hvilket g\u00f8r den mere energieffektiv.<\/p>\n<p><strong>Kraftfulde processorkapaciteter<\/strong><\/p>\n<p>F2M Mini PC&#039;en er udstyret med en 16-core Intel Core Ultra 7 155H processor med en maksimal hastighed p\u00e5 4,8 GHz i accelereret tilstand.<br \/>\nEn hurtigere processor vil opfylde dine forskellige behov til arbejde, internetsurfing, studier osv.<\/p>\n<p><strong>Det vil fuldt ud opfylde dine behov<\/strong>\u00a0<strong>forsyningsbehov<\/strong><\/p>\n<p>F2M Mini PC&#039;en underst\u00f8tter WiFi 6 og Bluetooth 5.2 og kan tilsluttes dine multimedieenheder, mus, h\u00f8jttalere eller hovedtelefoner.<br \/>\nDen underst\u00f8tter tilslutning til forskellige enheder og kan bruges med servere, overv\u00e5gningsudstyr, kontorudstyr, sk\u00e6rme, projektorer, tv&#039;er osv.<\/p>\n<p><strong>Uovertruffen brugeroplevelse<\/strong><\/p>\n<p>F2M minicomputeren er udstyret med en Intel Arc Graphics-processor, der g\u00f8r dine videoer mere levende.<br \/>\nDen underst\u00f8tter ogs\u00e5 tredobbelt 4K-sk\u00e6rm ved at kombinere 2 HDMI 2.0-porte og 1 fuldt udstyret Type-C-port for forbedret arbejdseffektivitet.<\/p>\n<p><strong>Mere st\u00f8jsvag og kraftfuld<\/strong><\/p>\n<p>Indbygget k\u00f8lebl\u00e6ser, der giver din F2M minicomputer bedre varmeafledning og mere st\u00f8jsvag drift.<br \/>\nUdstyret med 4 USB 3.2-porte, 1 RJ45-port og 1 lydkort, s\u00e5 du nemt kan tilslutte den enhed, du har brug for.<\/p>","protected":false},"excerpt":{"rendered":"<p>Mini PC F2M to komputer, kt\u00f3ry oferuje niewielk\u0105, ale pot\u0119\u017cn\u0105 wydajno\u015b\u0107, odpowiedni do profesjonalnych zastosowa\u0144. Zwykle zajmuje mniej miejsca, jest wykonany w kompaktowej formie, kt\u00f3ra idealnie nadaje si\u0119 na biurko lub ma\u0142\u0105 przestrze\u0144. Obs\u0142uguje wiele najnowszych technologii pod wzgl\u0119dem wydajno\u015bci, pracy graficznej, nadaje si\u0119 do ma\u0142ych i \u015brednich zada\u0144, takich jak edycja wideo. Ma r\u00f3wnie\u017c [&hellip;]<\/p>\n","protected":false},"featured_media":6919,"comment_status":"closed","ping_status":"closed","template":"","meta":[],"product_brand":[],"product_cat":[24,3220],"product_tag":[],"class_list":{"0":"post-6914","1":"product","2":"type-product","3":"status-publish","4":"has-post-thumbnail","6":"product_cat-mini-pc","7":"product_cat-minipc","9":"first","10":"instock","11":"taxable","12":"shipping-taxable","13":"purchasable","14":"product-type-simple","15":"czr-hentry"},"yoast_head":"<!-- This site is optimized with the Yoast SEO plugin v27.4 - https:\/\/yoast.com\/product\/yoast-seo-wordpress\/ -->\n<title>Mini PC F2M Intel Ultra 7 155H 16GB DDR5 512GB Windows 11 PRO - Mini PC, Komputery, Laptopy, Translatory<\/title>\n<meta name=\"robots\" content=\"index, follow, max-snippet:-1, max-image-preview:large, max-video-preview:-1\" \/>\n<link rel=\"canonical\" href=\"https:\/\/www.oio.pl\/da\/produkt-2\/mini-pc-f2m-intel-ultra-7-155h-16-gb-ddr5-512-gb-win-11\/\" \/>\n<meta property=\"og:locale\" content=\"da_DK\" \/>\n<meta property=\"og:type\" content=\"article\" \/>\n<meta property=\"og:title\" content=\"Mini PC F2M Intel Ultra 7 155H 16GB DDR5 512GB Windows 11 PRO - Mini PC, Komputery, Laptopy, Translatory\" \/>\n<meta property=\"og:description\" content=\"Mini PC F2M to komputer, kt\u00f3ry oferuje niewielk\u0105, ale pot\u0119\u017cn\u0105 wydajno\u015b\u0107, odpowiedni do profesjonalnych zastosowa\u0144. Zwykle zajmuje mniej miejsca, jest wykonany w kompaktowej formie, kt\u00f3ra idealnie nadaje si\u0119 na biurko lub ma\u0142\u0105 przestrze\u0144. Obs\u0142uguje wiele najnowszych technologii pod wzgl\u0119dem wydajno\u015bci, pracy graficznej, nadaje si\u0119 do ma\u0142ych i \u015brednich zada\u0144, takich jak edycja wideo. Ma r\u00f3wnie\u017c [&hellip;]\" \/>\n<meta property=\"og:url\" content=\"https:\/\/www.oio.pl\/da\/produkt-2\/mini-pc-f2m-intel-ultra-7-155h-16-gb-ddr5-512-gb-win-11\/\" \/>\n<meta property=\"og:site_name\" content=\"Mini PC, Komputery, Laptopy, Translatory\" \/>\n<meta property=\"article:publisher\" content=\"https:\/\/www.facebook.com\/oiopl\" \/>\n<meta property=\"article:modified_time\" content=\"2024-08-11T14:28:17+00:00\" \/>\n<meta property=\"og:image\" content=\"https:\/\/www.oio.pl\/wp-content\/uploads\/2024\/07\/125H-AI-mini-pc-6.jpg\" \/>\n\t<meta property=\"og:image:width\" content=\"1000\" \/>\n\t<meta property=\"og:image:height\" content=\"1000\" \/>\n\t<meta property=\"og:image:type\" content=\"image\/jpeg\" \/>\n<meta name=\"twitter:card\" content=\"summary_large_image\" \/>\n<meta name=\"twitter:label1\" content=\"Estimeret l\u00e6setid\" \/>\n\t<meta name=\"twitter:data1\" content=\"2 minutter\" \/>\n<script type=\"application\/ld+json\" class=\"yoast-schema-graph\">{\"@context\":\"https:\\\/\\\/schema.org\",\"@graph\":[{\"@type\":\"WebPage\",\"@id\":\"https:\\\/\\\/www.oio.pl\\\/product\\\/mini-pc-f2m-intel-ultra-7-155h-16gb-ddr5-512gb-win-11\\\/\",\"url\":\"https:\\\/\\\/www.oio.pl\\\/product\\\/mini-pc-f2m-intel-ultra-7-155h-16gb-ddr5-512gb-win-11\\\/\",\"name\":\"Mini PC F2M Intel Ultra 7 155H 16GB DDR5 512GB Windows 11 PRO - Mini PC, Komputery, Laptopy, Translatory\",\"isPartOf\":{\"@id\":\"https:\\\/\\\/www.oio.pl\\\/#website\"},\"primaryImageOfPage\":{\"@id\":\"https:\\\/\\\/www.oio.pl\\\/product\\\/mini-pc-f2m-intel-ultra-7-155h-16gb-ddr5-512gb-win-11\\\/#primaryimage\"},\"image\":{\"@id\":\"https:\\\/\\\/www.oio.pl\\\/product\\\/mini-pc-f2m-intel-ultra-7-155h-16gb-ddr5-512gb-win-11\\\/#primaryimage\"},\"thumbnailUrl\":\"https:\\\/\\\/www.oio.pl\\\/wp-content\\\/uploads\\\/2024\\\/07\\\/125H-AI-mini-pc-6.jpg\",\"datePublished\":\"2024-07-28T11:01:41+00:00\",\"dateModified\":\"2024-08-11T14:28:17+00:00\",\"breadcrumb\":{\"@id\":\"https:\\\/\\\/www.oio.pl\\\/product\\\/mini-pc-f2m-intel-ultra-7-155h-16gb-ddr5-512gb-win-11\\\/#breadcrumb\"},\"inLanguage\":\"da-DK\",\"potentialAction\":[{\"@type\":\"ReadAction\",\"target\":[\"https:\\\/\\\/www.oio.pl\\\/product\\\/mini-pc-f2m-intel-ultra-7-155h-16gb-ddr5-512gb-win-11\\\/\"]}]},{\"@type\":\"ImageObject\",\"inLanguage\":\"da-DK\",\"@id\":\"https:\\\/\\\/www.oio.pl\\\/product\\\/mini-pc-f2m-intel-ultra-7-155h-16gb-ddr5-512gb-win-11\\\/#primaryimage\",\"url\":\"https:\\\/\\\/www.oio.pl\\\/wp-content\\\/uploads\\\/2024\\\/07\\\/125H-AI-mini-pc-6.jpg\",\"contentUrl\":\"https:\\\/\\\/www.oio.pl\\\/wp-content\\\/uploads\\\/2024\\\/07\\\/125H-AI-mini-pc-6.jpg\",\"width\":1000,\"height\":1000},{\"@type\":\"BreadcrumbList\",\"@id\":\"https:\\\/\\\/www.oio.pl\\\/product\\\/mini-pc-f2m-intel-ultra-7-155h-16gb-ddr5-512gb-win-11\\\/#breadcrumb\",\"itemListElement\":[{\"@type\":\"ListItem\",\"position\":1,\"name\":\"Strona g\u0142\u00f3wna\",\"item\":\"https:\\\/\\\/www.oio.pl\\\/\"},{\"@type\":\"ListItem\",\"position\":2,\"name\":\"Produkty\",\"item\":\"https:\\\/\\\/www.oio.pl\\\/\"},{\"@type\":\"ListItem\",\"position\":3,\"name\":\"Mini PC F2M Intel Ultra 7 155H 16GB DDR5 512GB Windows 11 PRO\"}]},{\"@type\":\"WebSite\",\"@id\":\"https:\\\/\\\/www.oio.pl\\\/#website\",\"url\":\"https:\\\/\\\/www.oio.pl\\\/\",\"name\":\"OIO.pl \u2013 Tablety przemys\u0142owe, sprz\u0119t IT dla przemys\u0142u i logistyki\",\"description\":\"tablety przemys\u0142owe, rugged tablet, komputer przemys\u0142owy, tablet wytrzyma\u0142y, sprz\u0119t dla przemys\u0142u, tablet z Windows, tablet IP67, laptop dla magazynu, elektronika przemys\u0142owa, komputery przemys\u0142owe, oio.pl, sprz\u0119t dla logistyki, tablet do pracy w terenie, monitor dotykowy przemys\u0142owy\",\"publisher\":{\"@id\":\"https:\\\/\\\/www.oio.pl\\\/#organization\"},\"alternateName\":\"Sklep internetowy dla przemys\u0142u\",\"potentialAction\":[{\"@type\":\"SearchAction\",\"target\":{\"@type\":\"EntryPoint\",\"urlTemplate\":\"https:\\\/\\\/www.oio.pl\\\/?s={search_term_string}\"},\"query-input\":{\"@type\":\"PropertyValueSpecification\",\"valueRequired\":true,\"valueName\":\"search_term_string\"}}],\"inLanguage\":\"da-DK\"},{\"@type\":\"Organization\",\"@id\":\"https:\\\/\\\/www.oio.pl\\\/#organization\",\"name\":\"OIO\",\"alternateName\":\"Sprz\u0119t komputerowy\",\"url\":\"https:\\\/\\\/www.oio.pl\\\/\",\"logo\":{\"@type\":\"ImageObject\",\"inLanguage\":\"da-DK\",\"@id\":\"https:\\\/\\\/www.oio.pl\\\/#\\\/schema\\\/logo\\\/image\\\/\",\"url\":\"https:\\\/\\\/www.oio.pl\\\/wp-content\\\/uploads\\\/2023\\\/11\\\/cropped-cropped-oio_120x120.jpg\",\"contentUrl\":\"https:\\\/\\\/www.oio.pl\\\/wp-content\\\/uploads\\\/2023\\\/11\\\/cropped-cropped-oio_120x120.jpg\",\"width\":120,\"height\":48,\"caption\":\"OIO\"},\"image\":{\"@id\":\"https:\\\/\\\/www.oio.pl\\\/#\\\/schema\\\/logo\\\/image\\\/\"},\"sameAs\":[\"https:\\\/\\\/www.facebook.com\\\/oiopl\"]}]}<\/script>\n<!-- \/ Yoast SEO plugin. -->","yoast_head_json":{"title":"Mini-pc F2M Intel Ultra 7 155H 16GB DDR5 512GB Windows 11 PRO - Mini-pc&#039;er, computere, b\u00e6rbare computere, overs\u00e6ttere","robots":{"index":"index","follow":"follow","max-snippet":"max-snippet:-1","max-image-preview":"max-image-preview:large","max-video-preview":"max-video-preview:-1"},"canonical":"https:\/\/www.oio.pl\/da\/produkt-2\/mini-pc-f2m-intel-ultra-7-155h-16-gb-ddr5-512-gb-win-11\/","og_locale":"da_DK","og_type":"article","og_title":"Mini PC F2M Intel Ultra 7 155H 16GB DDR5 512GB Windows 11 PRO - Mini PC, Komputery, Laptopy, Translatory","og_description":"Mini PC F2M to komputer, kt\u00f3ry oferuje niewielk\u0105, ale pot\u0119\u017cn\u0105 wydajno\u015b\u0107, odpowiedni do profesjonalnych zastosowa\u0144. Zwykle zajmuje mniej miejsca, jest wykonany w kompaktowej formie, kt\u00f3ra idealnie nadaje si\u0119 na biurko lub ma\u0142\u0105 przestrze\u0144. Obs\u0142uguje wiele najnowszych technologii pod wzgl\u0119dem wydajno\u015bci, pracy graficznej, nadaje si\u0119 do ma\u0142ych i \u015brednich zada\u0144, takich jak edycja wideo. Ma r\u00f3wnie\u017c [&hellip;]","og_url":"https:\/\/www.oio.pl\/da\/produkt-2\/mini-pc-f2m-intel-ultra-7-155h-16-gb-ddr5-512-gb-win-11\/","og_site_name":"Mini PC, Komputery, Laptopy, Translatory","article_publisher":"https:\/\/www.facebook.com\/oiopl","article_modified_time":"2024-08-11T14:28:17+00:00","og_image":[{"width":1000,"height":1000,"url":"https:\/\/www.oio.pl\/wp-content\/uploads\/2024\/07\/125H-AI-mini-pc-6.jpg","type":"image\/jpeg"}],"twitter_card":"summary_large_image","twitter_misc":{"Estimeret l\u00e6setid":"2 minutter"},"schema":{"@context":"https:\/\/schema.org","@graph":[{"@type":"WebPage","@id":"https:\/\/www.oio.pl\/product\/mini-pc-f2m-intel-ultra-7-155h-16gb-ddr5-512gb-win-11\/","url":"https:\/\/www.oio.pl\/product\/mini-pc-f2m-intel-ultra-7-155h-16gb-ddr5-512gb-win-11\/","name":"Mini-pc F2M Intel Ultra 7 155H 16GB DDR5 512GB Windows 11 PRO - Mini-pc&#039;er, computere, b\u00e6rbare computere, overs\u00e6ttere","isPartOf":{"@id":"https:\/\/www.oio.pl\/#website"},"primaryImageOfPage":{"@id":"https:\/\/www.oio.pl\/product\/mini-pc-f2m-intel-ultra-7-155h-16gb-ddr5-512gb-win-11\/#primaryimage"},"image":{"@id":"https:\/\/www.oio.pl\/product\/mini-pc-f2m-intel-ultra-7-155h-16gb-ddr5-512gb-win-11\/#primaryimage"},"thumbnailUrl":"https:\/\/www.oio.pl\/wp-content\/uploads\/2024\/07\/125H-AI-mini-pc-6.jpg","datePublished":"2024-07-28T11:01:41+00:00","dateModified":"2024-08-11T14:28:17+00:00","breadcrumb":{"@id":"https:\/\/www.oio.pl\/product\/mini-pc-f2m-intel-ultra-7-155h-16gb-ddr5-512gb-win-11\/#breadcrumb"},"inLanguage":"da-DK","potentialAction":[{"@type":"ReadAction","target":["https:\/\/www.oio.pl\/product\/mini-pc-f2m-intel-ultra-7-155h-16gb-ddr5-512gb-win-11\/"]}]},{"@type":"ImageObject","inLanguage":"da-DK","@id":"https:\/\/www.oio.pl\/product\/mini-pc-f2m-intel-ultra-7-155h-16gb-ddr5-512gb-win-11\/#primaryimage","url":"https:\/\/www.oio.pl\/wp-content\/uploads\/2024\/07\/125H-AI-mini-pc-6.jpg","contentUrl":"https:\/\/www.oio.pl\/wp-content\/uploads\/2024\/07\/125H-AI-mini-pc-6.jpg","width":1000,"height":1000},{"@type":"BreadcrumbList","@id":"https:\/\/www.oio.pl\/product\/mini-pc-f2m-intel-ultra-7-155h-16gb-ddr5-512gb-win-11\/#breadcrumb","itemListElement":[{"@type":"ListItem","position":1,"name":"Strona g\u0142\u00f3wna","item":"https:\/\/www.oio.pl\/"},{"@type":"ListItem","position":2,"name":"Produkty","item":"https:\/\/www.oio.pl\/"},{"@type":"ListItem","position":3,"name":"Mini PC F2M Intel Ultra 7 155H 16GB DDR5 512GB Windows 11 PRO"}]},{"@type":"WebSite","@id":"https:\/\/www.oio.pl\/#website","url":"https:\/\/www.oio.pl\/","name":"OIO.pl \u2013 Industrielle tablets, IT-udstyr til industri og logistik","description":"Industrielle tablets, robust tablet, industriel computer, holdbar tablet, udstyr til industrien, Windows-tablet, IP67-tablet, b\u00e6rbar lager, industriel elektronik, industrielle computere, oio.pl, logistikudstyr, tablet til feltarbejdsbrug, industriel ber\u00f8ringssk\u00e6rm","publisher":{"@id":"https:\/\/www.oio.pl\/#organization"},"alternateName":"Sklep internetowy dla przemys\u0142u","potentialAction":[{"@type":"SearchAction","target":{"@type":"EntryPoint","urlTemplate":"https:\/\/www.oio.pl\/?s={search_term_string}"},"query-input":{"@type":"PropertyValueSpecification","valueRequired":true,"valueName":"search_term_string"}}],"inLanguage":"da-DK"},{"@type":"Organization","@id":"https:\/\/www.oio.pl\/#organization","name":"OIO","alternateName":"Sprz\u0119t komputerowy","url":"https:\/\/www.oio.pl\/","logo":{"@type":"ImageObject","inLanguage":"da-DK","@id":"https:\/\/www.oio.pl\/#\/schema\/logo\/image\/","url":"https:\/\/www.oio.pl\/wp-content\/uploads\/2023\/11\/cropped-cropped-oio_120x120.jpg","contentUrl":"https:\/\/www.oio.pl\/wp-content\/uploads\/2023\/11\/cropped-cropped-oio_120x120.jpg","width":120,"height":48,"caption":"OIO"},"image":{"@id":"https:\/\/www.oio.pl\/#\/schema\/logo\/image\/"},"sameAs":["https:\/\/www.facebook.com\/oiopl"]}]}},"_links":{"self":[{"href":"https:\/\/www.oio.pl\/da\/wp-json\/wp\/v2\/product\/6914","targetHints":{"allow":["GET"]}}],"collection":[{"href":"https:\/\/www.oio.pl\/da\/wp-json\/wp\/v2\/product"}],"about":[{"href":"https:\/\/www.oio.pl\/da\/wp-json\/wp\/v2\/types\/product"}],"replies":[{"embeddable":true,"href":"https:\/\/www.oio.pl\/da\/wp-json\/wp\/v2\/comments?post=6914"}],"wp:featuredmedia":[{"embeddable":true,"href":"https:\/\/www.oio.pl\/da\/wp-json\/wp\/v2\/media\/6919"}],"wp:attachment":[{"href":"https:\/\/www.oio.pl\/da\/wp-json\/wp\/v2\/media?parent=6914"}],"wp:term":[{"taxonomy":"product_brand","embeddable":true,"href":"https:\/\/www.oio.pl\/da\/wp-json\/wp\/v2\/product_brand?post=6914"},{"taxonomy":"product_cat","embeddable":true,"href":"https:\/\/www.oio.pl\/da\/wp-json\/wp\/v2\/product_cat?post=6914"},{"taxonomy":"product_tag","embeddable":true,"href":"https:\/\/www.oio.pl\/da\/wp-json\/wp\/v2\/product_tag?post=6914"}],"curies":[{"name":"wp","href":"https:\/\/api.w.org\/{rel}","templated":true}]}}