{"id":7238,"date":"2025-02-11T15:27:57","date_gmt":"2025-02-11T14:27:57","guid":{"rendered":"https:\/\/www.oio.pl\/?post_type=product&#038;p=7238"},"modified":"2025-07-29T11:00:47","modified_gmt":"2025-07-29T09:00:47","slug":"elektronisk-oversaetter-chipol-j6p-polsk-offline","status":"publish","type":"product","link":"https:\/\/www.oio.pl\/da\/product\/translator-elektroniczny-chipol-j6p-polski-offline\/","title":{"rendered":"Elektronisk overs\u00e6tter Chipol J6P POLSK OFFLINE Polsk fotomenu"},"content":{"rendered":"<div class=\"mpof_ki myre_zn myre_8v_l m389_6m_l\">\n<div class=\"mp4t_16_s mryx_16_s mr3m_1 mli2_1 mh85_56 mh85_0_l\">\n<div class=\"mgn2_16 _0d3bd_am0a-\">\n<h2><strong>J6P Translator \u2013 Din personlige overs\u00e6tter i enhver situation!<a href=\"https:\/\/www.oio.pl\/wp-content\/uploads\/2025\/02\/J6.png\"><img loading=\"lazy\" decoding=\"async\" class=\"wp-image-7273 alignright\" src=\"https:\/\/www.oio.pl\/wp-content\/uploads\/2025\/02\/J6-300x300.png\" alt=\"\" width=\"352\" height=\"352\" srcset=\"https:\/\/www.oio.pl\/wp-content\/uploads\/2025\/02\/J6-300x300.png 300w, https:\/\/www.oio.pl\/wp-content\/uploads\/2025\/02\/J6-1024x1024.png 1024w, https:\/\/www.oio.pl\/wp-content\/uploads\/2025\/02\/J6-150x150.png 150w, https:\/\/www.oio.pl\/wp-content\/uploads\/2025\/02\/J6-768x768.png 768w, https:\/\/www.oio.pl\/wp-content\/uploads\/2025\/02\/J6-1536x1536.png 1536w, https:\/\/www.oio.pl\/wp-content\/uploads\/2025\/02\/J6-2048x2048.png 2048w, https:\/\/www.oio.pl\/wp-content\/uploads\/2025\/02\/J6-12x12.png 12w, https:\/\/www.oio.pl\/wp-content\/uploads\/2025\/02\/J6-510x510.png 510w, https:\/\/www.oio.pl\/wp-content\/uploads\/2025\/02\/J6-600x600.png 600w, https:\/\/www.oio.pl\/wp-content\/uploads\/2025\/02\/J6-100x100.png 100w\" sizes=\"auto, (max-width: 352px) 100vw, 352px\" \/><\/a><\/strong><\/h2>\n<p>Oplev den moderne J6P-overs\u00e6tter, der leverer hurtige og pr\u00e6cise overs\u00e6ttelser b\u00e5de online og offline. Takket v\u00e6re dens avancerede teknologi og intuitive betjening er enheden ideel til rejser, arbejde og daglig kommunikation.<\/p>\n<p>Med JP6-overs\u00e6tteren kan du kommunikere p\u00e5 138 sprog og deres varianter.<\/p>\n<p><b>Avanceret teknologi i en kompakt pakke<\/b><\/p>\n<p>Chipol J6P-overs\u00e6tteren er en moderne enhed, der leverer pr\u00e6cise og hurtige overs\u00e6ttelser b\u00e5de offline og online. Takket v\u00e6re den er sprogbarrierer ikke l\u00e6ngere et problem!<\/p>\n<p>\u2705 Tydelig ber\u00f8ringssk\u00e6rm \u2013 intuitiv og hurtig betjening.<\/p>\n<p>\u2705 Menu p\u00e5 polsk \u2013 komfortabel brug uden komplikationer.<\/p>\n<p>\u2705 Polsk sprog offline, dvs. samtaler uden internetadgang.<\/p>\n<p>\u2705 Elegant design \u2013 professionelt h\u00e5ndv\u00e6rk og kompakt st\u00f8rrelse.<\/p>\n<p>&nbsp;<\/p>\n<p><a href=\"https:\/\/www.oio.pl\/wp-content\/uploads\/2025\/02\/Z3P_02.png\"><img loading=\"lazy\" decoding=\"async\" class=\"wp-image-7265 alignleft\" src=\"https:\/\/www.oio.pl\/wp-content\/uploads\/2025\/02\/Z3P_02-203x300.png\" alt=\"\" width=\"309\" height=\"457\" srcset=\"https:\/\/www.oio.pl\/wp-content\/uploads\/2025\/02\/Z3P_02-203x300.png 203w, https:\/\/www.oio.pl\/wp-content\/uploads\/2025\/02\/Z3P_02-8x12.png 8w, https:\/\/www.oio.pl\/wp-content\/uploads\/2025\/02\/Z3P_02.png 410w\" sizes=\"auto, (max-width: 309px) 100vw, 309px\" \/><\/a><\/p>\n<p>Men hvis du ikke har internetadgang, kan du stadig chatte, omend kun p\u00e5 op til 21 sprog. Polsk er tilg\u00e6ngelig offline, baseret p\u00e5 en intern, konstant opdateret ordbog.<\/p>\n<p><b>Du kan bruge Chipol JP6-overs\u00e6tteren uden internetadgang, midt ude i ingenting, i \u00f8rkenen eller p\u00e5 gaderne i Indien. Du kan ogs\u00e5 overs\u00e6tte fotos og billeder, selv uden internetadgang, til 33 sprog!<\/b><\/p>\n<p><b>INGEN BEGR\u00c6NSNINGER SOM ANDRE OVERS\u00c6TTERE!!!<\/b><\/p>\n<p><b>Offline overs\u00e6ttelse \u2013 kommunikation uden gr\u00e6nser!<\/b><\/p>\n<p>Med offline overs\u00e6ttelse kan du kommunikere frit, selv uden internetadgang. Dette er ideelt til rejser, i omr\u00e5der med begr\u00e6nset d\u00e6kning eller i n\u00f8dsituationer.<\/p>\n<p>\u25b6\ufe0f 21 n\u00f8glesprog \u2013 inkl. <b>POLERE,<\/b> Engelsk, tysk, fransk, spansk, russisk,<\/p>\n<p>\u25b6\ufe0f Fungerer overalt \u2013 uanset netv\u00e6rksforbindelse.<\/p>\n<p>\u25b6\ufe0f Perfekt til flyrejser og lange rejser \u2013 en uerstattelig funktion p\u00e5 et fly eller p\u00e5 lange ruter.<\/p>\n<\/div>\n<\/div>\n<p>Chipol JP6-overs\u00e6tteren har et klart og letl\u00e6seligt display med h\u00f8j lysstyrke, et elegant og stilfuldt kabinet samt et let og kompakt design.<\/p>\n<div class=\"mp4t_16_s mryx_16_s mr3m_1 mli2_1 mh85_56 mh85_0_l\">\n<div class=\"mgn2_16 _0d3bd_am0a-\">\n<p>Denne kombination af funktionalitet og funktioner er ideel til brug p\u00e5 farten. Den tilbyder hurtigere og mere j\u00e6vn overs\u00e6ttelse, hvilket sikrer problemfri drift med eller uden internet.<\/p>\n<\/div>\n<p><a href=\"https:\/\/www.oio.pl\/wp-content\/uploads\/2025\/02\/83ba79347d82618fdf50358d08f3678.png\"><img loading=\"lazy\" decoding=\"async\" class=\"wp-image-7239 alignright\" src=\"https:\/\/www.oio.pl\/wp-content\/uploads\/2025\/02\/83ba79347d82618fdf50358d08f3678-300x300.png\" alt=\"\" width=\"430\" height=\"430\" srcset=\"https:\/\/www.oio.pl\/wp-content\/uploads\/2025\/02\/83ba79347d82618fdf50358d08f3678-300x300.png 300w, https:\/\/www.oio.pl\/wp-content\/uploads\/2025\/02\/83ba79347d82618fdf50358d08f3678-1024x1024.png 1024w, https:\/\/www.oio.pl\/wp-content\/uploads\/2025\/02\/83ba79347d82618fdf50358d08f3678-150x150.png 150w, https:\/\/www.oio.pl\/wp-content\/uploads\/2025\/02\/83ba79347d82618fdf50358d08f3678-768x768.png 768w, https:\/\/www.oio.pl\/wp-content\/uploads\/2025\/02\/83ba79347d82618fdf50358d08f3678-1536x1536.png 1536w, https:\/\/www.oio.pl\/wp-content\/uploads\/2025\/02\/83ba79347d82618fdf50358d08f3678-2048x2048.png 2048w, https:\/\/www.oio.pl\/wp-content\/uploads\/2025\/02\/83ba79347d82618fdf50358d08f3678-12x12.png 12w, https:\/\/www.oio.pl\/wp-content\/uploads\/2025\/02\/83ba79347d82618fdf50358d08f3678-510x510.png 510w, https:\/\/www.oio.pl\/wp-content\/uploads\/2025\/02\/83ba79347d82618fdf50358d08f3678-600x600.png 600w, https:\/\/www.oio.pl\/wp-content\/uploads\/2025\/02\/83ba79347d82618fdf50358d08f3678-100x100.png 100w\" sizes=\"auto, (max-width: 430px) 100vw, 430px\" \/><\/a><\/p>\n<div class=\"mgn2_16 _0d3bd_am0a-\">\n<p>Det er en sp\u00e6ndende oplevelse at bruge J6P-overs\u00e6tteren, der er l\u00e6rerig og sjov p\u00e5 \u00e9n gang.<\/p>\n<p>Yderligere funktioner inkluderer en elektronisk overs\u00e6tter, der tilbyder gruppeovers\u00e6ttelse, s\u00e5 du kan oprette chats med udenlandske venner eller kolleger ved hj\u00e6lp af deres ID-numre.<\/p>\n<p>Med 138 onlinesprog og 21 offlinesprog, inklusive offline fotoovers\u00e6ttelse, har J6P Translator en bred vifte af muligheder for at im\u00f8dekomme dine individuelle behov.<\/p>\n<p><b>Du kan v\u00e6re sikker p\u00e5, at den polske menu er blevet brugt til din bekvemmelighed.<\/b><\/p>\n<p>Er du en udenlandsk studerende?<\/p>\n<p>\u27a1\ufe0f J6P Translator er din perfekte ledsager, uanset hvor du er<\/p>\n<p>\u27a1\ufe0f Har du problemer med at l\u00e6re et sprog? JP6 Translator bliver din bedste ven!<\/p>\n<p>\u27a1\ufe0f Planl\u00e6gger du en rejse? J6P-overs\u00e6tteren er kompakt og b\u00e6rbar og passer i enhver lomme!<\/p>\n<p>\u27a1\ufe0f Vil du nyde shopping i udlandet? J6P-overs\u00e6tteren nedbryder alle sprogbarrierer!<\/p>\n<p>&nbsp;<\/p>\n<p><a href=\"https:\/\/www.oio.pl\/wp-content\/uploads\/2025\/02\/FT_05.jpg\"><img loading=\"lazy\" decoding=\"async\" class=\"wp-image-7275 alignleft\" src=\"https:\/\/www.oio.pl\/wp-content\/uploads\/2025\/02\/FT_05-225x300.jpg\" alt=\"\" width=\"282\" height=\"376\" srcset=\"https:\/\/www.oio.pl\/wp-content\/uploads\/2025\/02\/FT_05-225x300.jpg 225w, https:\/\/www.oio.pl\/wp-content\/uploads\/2025\/02\/FT_05-9x12.jpg 9w, https:\/\/www.oio.pl\/wp-content\/uploads\/2025\/02\/FT_05.jpg 600w\" sizes=\"auto, (max-width: 282px) 100vw, 282px\" \/><\/a>Er du stadig ikke sikker p\u00e5, om J6P-overs\u00e6tteren er noget for dig? Oplev styrken ved vores nyeste overs\u00e6tter?<\/p>\n<p>\u2b50\ufe0f H\u00e5ndterer effektivt alle dine overs\u00e6ttelsesbehov,<\/p>\n<p>\u2b50\ufe0f Underst\u00f8ttelse af en bred vifte af sprog sikrer problemfri kommunikation,<\/p>\n<p>\u2b50\ufe0f Inkluderer ChatGPT-underst\u00f8ttelse! Ja, du l\u00e6ste rigtigt \u2014 ChatGPT er integreret i systemet.<\/p>\n<p><b>K\u00d8B NU OG SE SELV! Nyd problemfri samtaler hver dag!<\/b><\/p>\n<p>Chipol J6P-overs\u00e6tteren er et uundv\u00e6rligt rejsev\u00e6rkt\u00f8j. Den giver nem ops\u00e6tning og adgang til forskellige indstillinger. Dens kompakte st\u00f8rrelse og lette design betyder, at du kan tage den med dig overalt, s\u00e5 du altid er klar til at kommunikere p\u00e5 et fremmedsprog.<\/p>\n<p>Spild ikke mere tid p\u00e5 vanskelige og up\u00e5lidelige overs\u00e6ttelser. V\u00e6lg J6P-overs\u00e6tteren og nyd enkel og effektiv kommunikation i enhver situation.<\/p>\n<\/div>\n<\/div>\n<\/div>","protected":false},"excerpt":{"rendered":"<p>Translator J6P \u2013 Tw\u00f3j osobisty t\u0142umacz w ka\u017cdej sytuacji ! Odkryj nowoczesny translator J6P, kt\u00f3ry zapewnia szybkie i dok\u0142adne t\u0142umaczenia zar\u00f3wno online, jak i offline. Dzi\u0119ki zaawansowanej technologii oraz intuicyjnej obs\u0142udze, urz\u0105dzenie idealnie sprawdzi si\u0119 w podr\u00f3\u017cy, pracy i codziennej komunikacji. Dzi\u0119ki translatorowi JP6 masz mo\u017cliwo\u015b\u0107 rozmowy w 138 j\u0119zykach i ich odmianach. Zaawansowana technologia [&hellip;]<\/p>\n","protected":false},"featured_media":7273,"comment_status":"closed","ping_status":"closed","template":"","meta":[],"product_brand":[3231],"product_cat":[17],"product_tag":[3222,19,18,2193,3232],"class_list":{"0":"post-7238","1":"product","2":"type-product","3":"status-publish","4":"has-post-thumbnail","6":"product_brand-chipol","7":"product_cat-translatory","8":"product_tag-polski-offline","9":"product_tag-tlumacz-elektroniczny","10":"product_tag-translator","11":"product_tag-translator-elektroniczny","12":"product_tag-translatory-mowy","14":"first","15":"instock","16":"taxable","17":"shipping-taxable","18":"purchasable","19":"product-type-simple","20":"czr-hentry"},"yoast_head":"<!-- This site is optimized with the Yoast SEO plugin v27.4 - https:\/\/yoast.com\/product\/yoast-seo-wordpress\/ -->\n<title>Translator elektroniczny Chipol J6P POLSKI OFFLINE polskie menu foto - Mini PC, Komputery, Laptopy, Translatory<\/title>\n<meta name=\"robots\" content=\"index, follow, max-snippet:-1, max-image-preview:large, max-video-preview:-1\" \/>\n<link rel=\"canonical\" href=\"https:\/\/www.oio.pl\/da\/produkt-2\/elektronisk-oversaetter-chipol-j6p-polsk-offline\/\" \/>\n<meta property=\"og:locale\" content=\"da_DK\" \/>\n<meta property=\"og:type\" content=\"article\" \/>\n<meta property=\"og:title\" content=\"Translator elektroniczny Chipol J6P POLSKI OFFLINE polskie menu foto - Mini PC, Komputery, Laptopy, Translatory\" \/>\n<meta property=\"og:description\" content=\"Translator J6P \u2013 Tw\u00f3j osobisty t\u0142umacz w ka\u017cdej sytuacji ! Odkryj nowoczesny translator J6P, kt\u00f3ry zapewnia szybkie i dok\u0142adne t\u0142umaczenia zar\u00f3wno online, jak i offline. Dzi\u0119ki zaawansowanej technologii oraz intuicyjnej obs\u0142udze, urz\u0105dzenie idealnie sprawdzi si\u0119 w podr\u00f3\u017cy, pracy i codziennej komunikacji. Dzi\u0119ki translatorowi JP6 masz mo\u017cliwo\u015b\u0107 rozmowy w 138 j\u0119zykach i ich odmianach. Zaawansowana technologia [&hellip;]\" \/>\n<meta property=\"og:url\" content=\"https:\/\/www.oio.pl\/da\/produkt-2\/elektronisk-oversaetter-chipol-j6p-polsk-offline\/\" \/>\n<meta property=\"og:site_name\" content=\"Mini PC, Komputery, Laptopy, Translatory\" \/>\n<meta property=\"article:publisher\" content=\"https:\/\/www.facebook.com\/oiopl\" \/>\n<meta property=\"article:modified_time\" content=\"2025-07-29T09:00:47+00:00\" \/>\n<meta property=\"og:image\" content=\"https:\/\/www.oio.pl\/wp-content\/uploads\/2025\/02\/J6-1024x1024.png\" \/>\n\t<meta property=\"og:image:width\" content=\"1024\" \/>\n\t<meta property=\"og:image:height\" content=\"1024\" \/>\n\t<meta property=\"og:image:type\" content=\"image\/png\" \/>\n<meta name=\"twitter:card\" content=\"summary_large_image\" \/>\n<meta name=\"twitter:label1\" content=\"Estimeret l\u00e6setid\" \/>\n\t<meta name=\"twitter:data1\" content=\"5 minutter\" \/>\n<script type=\"application\/ld+json\" class=\"yoast-schema-graph\">{\"@context\":\"https:\\\/\\\/schema.org\",\"@graph\":[{\"@type\":\"WebPage\",\"@id\":\"https:\\\/\\\/www.oio.pl\\\/product\\\/translator-elektroniczny-chipol-j6p-polski-offline\\\/\",\"url\":\"https:\\\/\\\/www.oio.pl\\\/product\\\/translator-elektroniczny-chipol-j6p-polski-offline\\\/\",\"name\":\"Translator elektroniczny Chipol J6P POLSKI OFFLINE polskie menu foto - Mini PC, Komputery, Laptopy, Translatory\",\"isPartOf\":{\"@id\":\"https:\\\/\\\/www.oio.pl\\\/#website\"},\"primaryImageOfPage\":{\"@id\":\"https:\\\/\\\/www.oio.pl\\\/product\\\/translator-elektroniczny-chipol-j6p-polski-offline\\\/#primaryimage\"},\"image\":{\"@id\":\"https:\\\/\\\/www.oio.pl\\\/product\\\/translator-elektroniczny-chipol-j6p-polski-offline\\\/#primaryimage\"},\"thumbnailUrl\":\"https:\\\/\\\/www.oio.pl\\\/wp-content\\\/uploads\\\/2025\\\/02\\\/J6.png\",\"datePublished\":\"2025-02-11T14:27:57+00:00\",\"dateModified\":\"2025-07-29T09:00:47+00:00\",\"breadcrumb\":{\"@id\":\"https:\\\/\\\/www.oio.pl\\\/product\\\/translator-elektroniczny-chipol-j6p-polski-offline\\\/#breadcrumb\"},\"inLanguage\":\"da-DK\",\"potentialAction\":[{\"@type\":\"ReadAction\",\"target\":[\"https:\\\/\\\/www.oio.pl\\\/product\\\/translator-elektroniczny-chipol-j6p-polski-offline\\\/\"]}]},{\"@type\":\"ImageObject\",\"inLanguage\":\"da-DK\",\"@id\":\"https:\\\/\\\/www.oio.pl\\\/product\\\/translator-elektroniczny-chipol-j6p-polski-offline\\\/#primaryimage\",\"url\":\"https:\\\/\\\/www.oio.pl\\\/wp-content\\\/uploads\\\/2025\\\/02\\\/J6.png\",\"contentUrl\":\"https:\\\/\\\/www.oio.pl\\\/wp-content\\\/uploads\\\/2025\\\/02\\\/J6.png\",\"width\":5000,\"height\":5000},{\"@type\":\"BreadcrumbList\",\"@id\":\"https:\\\/\\\/www.oio.pl\\\/product\\\/translator-elektroniczny-chipol-j6p-polski-offline\\\/#breadcrumb\",\"itemListElement\":[{\"@type\":\"ListItem\",\"position\":1,\"name\":\"Strona g\u0142\u00f3wna\",\"item\":\"https:\\\/\\\/www.oio.pl\\\/\"},{\"@type\":\"ListItem\",\"position\":2,\"name\":\"Produkty\",\"item\":\"https:\\\/\\\/www.oio.pl\\\/\"},{\"@type\":\"ListItem\",\"position\":3,\"name\":\"Translator elektroniczny Chipol J6P POLSKI OFFLINE polskie menu foto\"}]},{\"@type\":\"WebSite\",\"@id\":\"https:\\\/\\\/www.oio.pl\\\/#website\",\"url\":\"https:\\\/\\\/www.oio.pl\\\/\",\"name\":\"OIO.pl \u2013 Tablety przemys\u0142owe, sprz\u0119t IT dla przemys\u0142u i logistyki\",\"description\":\"tablety przemys\u0142owe, rugged tablet, komputer przemys\u0142owy, tablet wytrzyma\u0142y, sprz\u0119t dla przemys\u0142u, tablet z Windows, tablet IP67, laptop dla magazynu, elektronika przemys\u0142owa, komputery przemys\u0142owe, oio.pl, sprz\u0119t dla logistyki, tablet do pracy w terenie, monitor dotykowy przemys\u0142owy\",\"publisher\":{\"@id\":\"https:\\\/\\\/www.oio.pl\\\/#organization\"},\"alternateName\":\"Sklep internetowy dla przemys\u0142u\",\"potentialAction\":[{\"@type\":\"SearchAction\",\"target\":{\"@type\":\"EntryPoint\",\"urlTemplate\":\"https:\\\/\\\/www.oio.pl\\\/?s={search_term_string}\"},\"query-input\":{\"@type\":\"PropertyValueSpecification\",\"valueRequired\":true,\"valueName\":\"search_term_string\"}}],\"inLanguage\":\"da-DK\"},{\"@type\":\"Organization\",\"@id\":\"https:\\\/\\\/www.oio.pl\\\/#organization\",\"name\":\"OIO\",\"alternateName\":\"Sprz\u0119t komputerowy\",\"url\":\"https:\\\/\\\/www.oio.pl\\\/\",\"logo\":{\"@type\":\"ImageObject\",\"inLanguage\":\"da-DK\",\"@id\":\"https:\\\/\\\/www.oio.pl\\\/#\\\/schema\\\/logo\\\/image\\\/\",\"url\":\"https:\\\/\\\/www.oio.pl\\\/wp-content\\\/uploads\\\/2023\\\/11\\\/cropped-cropped-oio_120x120.jpg\",\"contentUrl\":\"https:\\\/\\\/www.oio.pl\\\/wp-content\\\/uploads\\\/2023\\\/11\\\/cropped-cropped-oio_120x120.jpg\",\"width\":120,\"height\":48,\"caption\":\"OIO\"},\"image\":{\"@id\":\"https:\\\/\\\/www.oio.pl\\\/#\\\/schema\\\/logo\\\/image\\\/\"},\"sameAs\":[\"https:\\\/\\\/www.facebook.com\\\/oiopl\"]}]}<\/script>\n<!-- \/ Yoast SEO plugin. -->","yoast_head_json":{"title":"Elektronisk overs\u00e6tter Chipol J6P POLSK OFFLINE Polsk fotomenu - Mini-pc&#039;er, computere, b\u00e6rbare computere, overs\u00e6ttere","robots":{"index":"index","follow":"follow","max-snippet":"max-snippet:-1","max-image-preview":"max-image-preview:large","max-video-preview":"max-video-preview:-1"},"canonical":"https:\/\/www.oio.pl\/da\/produkt-2\/elektronisk-oversaetter-chipol-j6p-polsk-offline\/","og_locale":"da_DK","og_type":"article","og_title":"Translator elektroniczny Chipol J6P POLSKI OFFLINE polskie menu foto - Mini PC, Komputery, Laptopy, Translatory","og_description":"Translator J6P \u2013 Tw\u00f3j osobisty t\u0142umacz w ka\u017cdej sytuacji ! Odkryj nowoczesny translator J6P, kt\u00f3ry zapewnia szybkie i dok\u0142adne t\u0142umaczenia zar\u00f3wno online, jak i offline. Dzi\u0119ki zaawansowanej technologii oraz intuicyjnej obs\u0142udze, urz\u0105dzenie idealnie sprawdzi si\u0119 w podr\u00f3\u017cy, pracy i codziennej komunikacji. Dzi\u0119ki translatorowi JP6 masz mo\u017cliwo\u015b\u0107 rozmowy w 138 j\u0119zykach i ich odmianach. Zaawansowana technologia [&hellip;]","og_url":"https:\/\/www.oio.pl\/da\/produkt-2\/elektronisk-oversaetter-chipol-j6p-polsk-offline\/","og_site_name":"Mini PC, Komputery, Laptopy, Translatory","article_publisher":"https:\/\/www.facebook.com\/oiopl","article_modified_time":"2025-07-29T09:00:47+00:00","og_image":[{"width":1024,"height":1024,"url":"https:\/\/www.oio.pl\/wp-content\/uploads\/2025\/02\/J6-1024x1024.png","type":"image\/png"}],"twitter_card":"summary_large_image","twitter_misc":{"Estimeret l\u00e6setid":"5 minutter"},"schema":{"@context":"https:\/\/schema.org","@graph":[{"@type":"WebPage","@id":"https:\/\/www.oio.pl\/product\/translator-elektroniczny-chipol-j6p-polski-offline\/","url":"https:\/\/www.oio.pl\/product\/translator-elektroniczny-chipol-j6p-polski-offline\/","name":"Elektronisk overs\u00e6tter Chipol J6P POLSK OFFLINE Polsk fotomenu - Mini-pc&#039;er, computere, b\u00e6rbare computere, overs\u00e6ttere","isPartOf":{"@id":"https:\/\/www.oio.pl\/#website"},"primaryImageOfPage":{"@id":"https:\/\/www.oio.pl\/product\/translator-elektroniczny-chipol-j6p-polski-offline\/#primaryimage"},"image":{"@id":"https:\/\/www.oio.pl\/product\/translator-elektroniczny-chipol-j6p-polski-offline\/#primaryimage"},"thumbnailUrl":"https:\/\/www.oio.pl\/wp-content\/uploads\/2025\/02\/J6.png","datePublished":"2025-02-11T14:27:57+00:00","dateModified":"2025-07-29T09:00:47+00:00","breadcrumb":{"@id":"https:\/\/www.oio.pl\/product\/translator-elektroniczny-chipol-j6p-polski-offline\/#breadcrumb"},"inLanguage":"da-DK","potentialAction":[{"@type":"ReadAction","target":["https:\/\/www.oio.pl\/product\/translator-elektroniczny-chipol-j6p-polski-offline\/"]}]},{"@type":"ImageObject","inLanguage":"da-DK","@id":"https:\/\/www.oio.pl\/product\/translator-elektroniczny-chipol-j6p-polski-offline\/#primaryimage","url":"https:\/\/www.oio.pl\/wp-content\/uploads\/2025\/02\/J6.png","contentUrl":"https:\/\/www.oio.pl\/wp-content\/uploads\/2025\/02\/J6.png","width":5000,"height":5000},{"@type":"BreadcrumbList","@id":"https:\/\/www.oio.pl\/product\/translator-elektroniczny-chipol-j6p-polski-offline\/#breadcrumb","itemListElement":[{"@type":"ListItem","position":1,"name":"Strona g\u0142\u00f3wna","item":"https:\/\/www.oio.pl\/"},{"@type":"ListItem","position":2,"name":"Produkty","item":"https:\/\/www.oio.pl\/"},{"@type":"ListItem","position":3,"name":"Translator elektroniczny Chipol J6P POLSKI OFFLINE polskie menu foto"}]},{"@type":"WebSite","@id":"https:\/\/www.oio.pl\/#website","url":"https:\/\/www.oio.pl\/","name":"OIO.pl \u2013 Industrielle tablets, IT-udstyr til industri og logistik","description":"Industrielle tablets, robust tablet, industriel computer, holdbar tablet, udstyr til industrien, Windows-tablet, IP67-tablet, b\u00e6rbar lager, industriel elektronik, industrielle computere, oio.pl, logistikudstyr, tablet til feltarbejdsbrug, industriel ber\u00f8ringssk\u00e6rm","publisher":{"@id":"https:\/\/www.oio.pl\/#organization"},"alternateName":"Sklep internetowy dla przemys\u0142u","potentialAction":[{"@type":"SearchAction","target":{"@type":"EntryPoint","urlTemplate":"https:\/\/www.oio.pl\/?s={search_term_string}"},"query-input":{"@type":"PropertyValueSpecification","valueRequired":true,"valueName":"search_term_string"}}],"inLanguage":"da-DK"},{"@type":"Organization","@id":"https:\/\/www.oio.pl\/#organization","name":"OIO","alternateName":"Sprz\u0119t komputerowy","url":"https:\/\/www.oio.pl\/","logo":{"@type":"ImageObject","inLanguage":"da-DK","@id":"https:\/\/www.oio.pl\/#\/schema\/logo\/image\/","url":"https:\/\/www.oio.pl\/wp-content\/uploads\/2023\/11\/cropped-cropped-oio_120x120.jpg","contentUrl":"https:\/\/www.oio.pl\/wp-content\/uploads\/2023\/11\/cropped-cropped-oio_120x120.jpg","width":120,"height":48,"caption":"OIO"},"image":{"@id":"https:\/\/www.oio.pl\/#\/schema\/logo\/image\/"},"sameAs":["https:\/\/www.facebook.com\/oiopl"]}]}},"_links":{"self":[{"href":"https:\/\/www.oio.pl\/da\/wp-json\/wp\/v2\/product\/7238","targetHints":{"allow":["GET"]}}],"collection":[{"href":"https:\/\/www.oio.pl\/da\/wp-json\/wp\/v2\/product"}],"about":[{"href":"https:\/\/www.oio.pl\/da\/wp-json\/wp\/v2\/types\/product"}],"replies":[{"embeddable":true,"href":"https:\/\/www.oio.pl\/da\/wp-json\/wp\/v2\/comments?post=7238"}],"wp:featuredmedia":[{"embeddable":true,"href":"https:\/\/www.oio.pl\/da\/wp-json\/wp\/v2\/media\/7273"}],"wp:attachment":[{"href":"https:\/\/www.oio.pl\/da\/wp-json\/wp\/v2\/media?parent=7238"}],"wp:term":[{"taxonomy":"product_brand","embeddable":true,"href":"https:\/\/www.oio.pl\/da\/wp-json\/wp\/v2\/product_brand?post=7238"},{"taxonomy":"product_cat","embeddable":true,"href":"https:\/\/www.oio.pl\/da\/wp-json\/wp\/v2\/product_cat?post=7238"},{"taxonomy":"product_tag","embeddable":true,"href":"https:\/\/www.oio.pl\/da\/wp-json\/wp\/v2\/product_tag?post=7238"}],"curies":[{"name":"wp","href":"https:\/\/api.w.org\/{rel}","templated":true}]}}