{"id":7272,"date":"2025-02-16T09:29:12","date_gmt":"2025-02-16T08:29:12","guid":{"rendered":"https:\/\/www.oio.pl\/?post_type=product&#038;p=7272"},"modified":"2025-12-04T06:17:05","modified_gmt":"2025-12-04T05:17:05","slug":"chipol-f3npl","status":"publish","type":"product","link":"https:\/\/www.oio.pl\/da\/product\/chipol-f3npl\/","title":{"rendered":"Mini PC Alt-i-en Chipol F3NPL N4200 4\/64GB Win10 touch 8\u2033"},"content":{"rendered":"<div class=\"mpof_ki myre_zn myre_8v_l _0d3bd_YrWCD\">\n<div class=\"mp4t_16_s mryx_16_s mr3m_1 mli2_1 mh85_56 mh85_0_l\">\n<div class=\"mgn2_16 _0d3bd_5pK0q\">\n<h1>Chipol Alt-i-en F3NPL 8\u2033 4GB \/ 64GB + Windows 10 Home mikrocomputer<\/h1>\n<h2>Stor kraft i en lille enhed<\/h2>\n<\/div>\n<\/div>\n<\/div>\n<div class=\"mpof_ki myre_zn myre_8v_l _0d3bd_YrWCD\">\n<div class=\"mp4t_16_s mryx_16_s mr3m_1 mli2_1 mh85_56 mh85_0_l\">\n<div class=\"mgn2_16 _0d3bd_5pK0q\">\n<p><b>Ny generation af mikrocomputere \u2013 Chipol F3NPL <\/b>zosta\u0142 zaprojektowany w nowy, bardzie wydajny i ergonomiczny spos\u00f3b. Jasny wy\u015bwietlacz IPS o rozdzielczo\u015bci 1280 x 800 jest czytelny w s\u0142o\u0144cu oraz zapewnia szerokie k\u0105ty widzenia (250ANSI).<\/p>\n<p>AIO <b>Chipol F3NPL<\/b>\u00a0Den er drevet af en gennempr\u00f8vet quad-core Intel Celeron N4200 1.1 \u2013 2.5 GHz processor og Intel HD Graphics 505 grafikkort.<\/p>\n<p>En yderligere fordel ved denne enhed er det passive k\u00f8lesystem!!! Enheden fungerer i fuldst\u00e6ndig lydl\u00f8shed.<\/p>\n<p>Vi har flere p\u00e5 lager.<\/p>\n<\/div>\n<div class=\"mp4t_16_s mryx_16_s mr3m_1 mli2_1 mh85_56 mh85_0_l\">\n<div class=\"mgn2_16 _0d3bd_5pK0q\">\n<h1>Forbindelser<\/h1>\n<p>Ilo\u015b\u0107 port\u00f3w we\/wy jest dok\u0142adnie dopasowana do aktualnych potrzeb, m.in. USB 3.0, HDMI 1.4, Audio\/Mic, czytnik kart SD, LAN 1000Mb.<\/p>\n<p>To indbyggede 1W stereoh\u00f8jttalere giver dig mulighed for at bruge denne model i st\u00f8rre omfang som en selvst\u00e6ndig enhed i fuldt omfang.<\/p>\n<\/div>\n<\/div>\n<\/div>\n<\/div>","protected":false},"excerpt":{"rendered":"<p>Mikrokomputer Chipol All-In-One F3NPL 8&#8243; 4GB \/ 64GB + Windows 10 Home Wielka moc w ma\u0142ym urz\u0105dzeniu Nowa generacja mikrokomputer\u00f3w &#8211; Chipol F3NPL zosta\u0142 zaprojektowany w nowy, bardzie wydajny i ergonomiczny spos\u00f3b. Jasny wy\u015bwietlacz IPS o rozdzielczo\u015bci 1280 x 800 jest czytelny w s\u0142o\u0144cu oraz zapewnia szerokie k\u0105ty widzenia (250ANSI). AIO Chipol F3NPL\u00a0nap\u0119dzany jest cztero-rdzeniowym [&hellip;]<\/p>\n","protected":false},"featured_media":4621,"comment_status":"closed","ping_status":"closed","template":"","meta":[],"product_brand":[3231],"product_cat":[53,3315,3218],"product_tag":[50,3109,3113,80,3111,3110,2531,3016,52,127,3117,3112,3125,3115,77,3114,54,46,109,126,48],"class_list":{"0":"post-7272","1":"product","2":"type-product","3":"status-publish","4":"has-post-thumbnail","6":"product_brand-chipol","7":"product_cat-pc-aio-pos","8":"product_cat-pc-aio","9":"product_cat-pc-panel","10":"product_tag-aio","11":"product_tag-all-in-one-computer","12":"product_tag-all-in-one-desktop-computer","13":"product_tag-all-in-one","14":"product_tag-best-aio-computer","15":"product_tag-best-all-in-one-computer","16":"product_tag-computer","17":"product_tag-computers","18":"product_tag-dotykowy","19":"product_tag-ekran-dotykowy","20":"product_tag-komputer-aio","21":"product_tag-komputer-all-in-one","22":"product_tag-komputer-do-pracy","23":"product_tag-komputer-pc","24":"product_tag-komputer-przemyslowy","25":"product_tag-komputery-all-in-one","26":"product_tag-mikrokomputery","27":"product_tag-mini-pc","28":"product_tag-nascienny","29":"product_tag-panel-dotykowy","30":"product_tag-windows-10","32":"first","33":"instock","34":"taxable","35":"shipping-taxable","36":"purchasable","37":"product-type-simple","38":"czr-hentry"},"yoast_head":"<!-- This site is optimized with the Yoast SEO plugin v27.4 - https:\/\/yoast.com\/product\/yoast-seo-wordpress\/ -->\n<title>Mini PC All-In-One Chipol F3NPL N4200 4\/64GB Win10 dotykowy 8&quot; - Mini PC, Komputery, Laptopy, Translatory<\/title>\n<meta name=\"description\" content=\"Nowa generacja mikrokomputer\u00f3w - Chipol F3APR zosta\u0142 zaprojektowany w nowy, bardzie wydajny i ergonomiczny spos\u00f3b. Jasny wy\u015bwietlacz IPS o rozdzielczo\u015bci 1280 x 800 jest czytelny w s\u0142o\u0144cu oraz zapewnia szerokie k\u0105ty widzenia (250ANSI). Dzi\u0119ki pojemno\u015bciowemu panelowi dotykowemu mo\u017cna go stosowa\u0107 zar\u00f3wno w r\u0119kawiczkach jak i wilgotnymi d\u0142o\u0144mi.\" \/>\n<meta name=\"robots\" content=\"index, follow, max-snippet:-1, max-image-preview:large, max-video-preview:-1\" \/>\n<link rel=\"canonical\" href=\"https:\/\/www.oio.pl\/da\/produkt-2\/chipol-f3npl\/\" \/>\n<meta property=\"og:locale\" content=\"da_DK\" \/>\n<meta property=\"og:type\" content=\"article\" \/>\n<meta property=\"og:title\" content=\"Mini PC All-In-One Chipol F3NPL N4200 4\/64GB Win10 dotykowy 8&quot; - Mini PC, Komputery, Laptopy, Translatory\" \/>\n<meta property=\"og:description\" content=\"Nowa generacja mikrokomputer\u00f3w - Chipol F3APR zosta\u0142 zaprojektowany w nowy, bardzie wydajny i ergonomiczny spos\u00f3b. Jasny wy\u015bwietlacz IPS o rozdzielczo\u015bci 1280 x 800 jest czytelny w s\u0142o\u0144cu oraz zapewnia szerokie k\u0105ty widzenia (250ANSI). Dzi\u0119ki pojemno\u015bciowemu panelowi dotykowemu mo\u017cna go stosowa\u0107 zar\u00f3wno w r\u0119kawiczkach jak i wilgotnymi d\u0142o\u0144mi.\" \/>\n<meta property=\"og:url\" content=\"https:\/\/www.oio.pl\/da\/produkt-2\/chipol-f3npl\/\" \/>\n<meta property=\"og:site_name\" content=\"Mini PC, Komputery, Laptopy, Translatory\" \/>\n<meta property=\"article:publisher\" content=\"https:\/\/www.facebook.com\/oiopl\" \/>\n<meta property=\"article:modified_time\" content=\"2025-12-04T05:17:05+00:00\" \/>\n<meta property=\"og:image\" content=\"https:\/\/www.oio.pl\/wp-content\/uploads\/2022\/03\/F3APL_01.jpg\" \/>\n\t<meta property=\"og:image:width\" content=\"1000\" \/>\n\t<meta property=\"og:image:height\" content=\"1000\" \/>\n\t<meta property=\"og:image:type\" content=\"image\/jpeg\" \/>\n<meta name=\"twitter:card\" content=\"summary_large_image\" \/>\n<meta name=\"twitter:label1\" content=\"Estimeret l\u00e6setid\" \/>\n\t<meta name=\"twitter:data1\" content=\"1 minut\" \/>\n<script type=\"application\/ld+json\" class=\"yoast-schema-graph\">{\"@context\":\"https:\\\/\\\/schema.org\",\"@graph\":[{\"@type\":\"WebPage\",\"@id\":\"https:\\\/\\\/www.oio.pl\\\/product\\\/chipol-f3npl\\\/\",\"url\":\"https:\\\/\\\/www.oio.pl\\\/product\\\/chipol-f3npl\\\/\",\"name\":\"Mini PC All-In-One Chipol F3NPL N4200 4\\\/64GB Win10 dotykowy 8\\\" - Mini PC, Komputery, Laptopy, Translatory\",\"isPartOf\":{\"@id\":\"https:\\\/\\\/www.oio.pl\\\/#website\"},\"primaryImageOfPage\":{\"@id\":\"https:\\\/\\\/www.oio.pl\\\/product\\\/chipol-f3npl\\\/#primaryimage\"},\"image\":{\"@id\":\"https:\\\/\\\/www.oio.pl\\\/product\\\/chipol-f3npl\\\/#primaryimage\"},\"thumbnailUrl\":\"https:\\\/\\\/www.oio.pl\\\/wp-content\\\/uploads\\\/2022\\\/03\\\/F3APL_01.jpg\",\"datePublished\":\"2025-02-16T08:29:12+00:00\",\"dateModified\":\"2025-12-04T05:17:05+00:00\",\"description\":\"Nowa generacja mikrokomputer\u00f3w - Chipol F3APR zosta\u0142 zaprojektowany w nowy, bardzie wydajny i ergonomiczny spos\u00f3b. Jasny wy\u015bwietlacz IPS o rozdzielczo\u015bci 1280 x 800 jest czytelny w s\u0142o\u0144cu oraz zapewnia szerokie k\u0105ty widzenia (250ANSI). Dzi\u0119ki pojemno\u015bciowemu panelowi dotykowemu mo\u017cna go stosowa\u0107 zar\u00f3wno w r\u0119kawiczkach jak i wilgotnymi d\u0142o\u0144mi.\",\"breadcrumb\":{\"@id\":\"https:\\\/\\\/www.oio.pl\\\/product\\\/chipol-f3npl\\\/#breadcrumb\"},\"inLanguage\":\"da-DK\",\"potentialAction\":[{\"@type\":\"ReadAction\",\"target\":[\"https:\\\/\\\/www.oio.pl\\\/product\\\/chipol-f3npl\\\/\"]}]},{\"@type\":\"ImageObject\",\"inLanguage\":\"da-DK\",\"@id\":\"https:\\\/\\\/www.oio.pl\\\/product\\\/chipol-f3npl\\\/#primaryimage\",\"url\":\"https:\\\/\\\/www.oio.pl\\\/wp-content\\\/uploads\\\/2022\\\/03\\\/F3APL_01.jpg\",\"contentUrl\":\"https:\\\/\\\/www.oio.pl\\\/wp-content\\\/uploads\\\/2022\\\/03\\\/F3APL_01.jpg\",\"width\":1000,\"height\":1000},{\"@type\":\"BreadcrumbList\",\"@id\":\"https:\\\/\\\/www.oio.pl\\\/product\\\/chipol-f3npl\\\/#breadcrumb\",\"itemListElement\":[{\"@type\":\"ListItem\",\"position\":1,\"name\":\"Strona g\u0142\u00f3wna\",\"item\":\"https:\\\/\\\/www.oio.pl\\\/\"},{\"@type\":\"ListItem\",\"position\":2,\"name\":\"Produkty\",\"item\":\"https:\\\/\\\/www.oio.pl\\\/\"},{\"@type\":\"ListItem\",\"position\":3,\"name\":\"Mini PC All-In-One Chipol F3NPL N4200 4\\\/64GB Win10 dotykowy 8&#8243;\"}]},{\"@type\":\"WebSite\",\"@id\":\"https:\\\/\\\/www.oio.pl\\\/#website\",\"url\":\"https:\\\/\\\/www.oio.pl\\\/\",\"name\":\"OIO.pl \u2013 Tablety przemys\u0142owe, sprz\u0119t IT dla przemys\u0142u i logistyki\",\"description\":\"tablety przemys\u0142owe, rugged tablet, komputer przemys\u0142owy, tablet wytrzyma\u0142y, sprz\u0119t dla przemys\u0142u, tablet z Windows, tablet IP67, laptop dla magazynu, elektronika przemys\u0142owa, komputery przemys\u0142owe, oio.pl, sprz\u0119t dla logistyki, tablet do pracy w terenie, monitor dotykowy przemys\u0142owy\",\"publisher\":{\"@id\":\"https:\\\/\\\/www.oio.pl\\\/#organization\"},\"alternateName\":\"Sklep internetowy dla przemys\u0142u\",\"potentialAction\":[{\"@type\":\"SearchAction\",\"target\":{\"@type\":\"EntryPoint\",\"urlTemplate\":\"https:\\\/\\\/www.oio.pl\\\/?s={search_term_string}\"},\"query-input\":{\"@type\":\"PropertyValueSpecification\",\"valueRequired\":true,\"valueName\":\"search_term_string\"}}],\"inLanguage\":\"da-DK\"},{\"@type\":\"Organization\",\"@id\":\"https:\\\/\\\/www.oio.pl\\\/#organization\",\"name\":\"OIO\",\"alternateName\":\"Sprz\u0119t komputerowy\",\"url\":\"https:\\\/\\\/www.oio.pl\\\/\",\"logo\":{\"@type\":\"ImageObject\",\"inLanguage\":\"da-DK\",\"@id\":\"https:\\\/\\\/www.oio.pl\\\/#\\\/schema\\\/logo\\\/image\\\/\",\"url\":\"https:\\\/\\\/www.oio.pl\\\/wp-content\\\/uploads\\\/2023\\\/11\\\/cropped-cropped-oio_120x120.jpg\",\"contentUrl\":\"https:\\\/\\\/www.oio.pl\\\/wp-content\\\/uploads\\\/2023\\\/11\\\/cropped-cropped-oio_120x120.jpg\",\"width\":120,\"height\":48,\"caption\":\"OIO\"},\"image\":{\"@id\":\"https:\\\/\\\/www.oio.pl\\\/#\\\/schema\\\/logo\\\/image\\\/\"},\"sameAs\":[\"https:\\\/\\\/www.facebook.com\\\/oiopl\"]}]}<\/script>\n<!-- \/ Yoast SEO plugin. -->","yoast_head_json":{"title":"Mini PC Alt-i-en Chipol F3NPL N4200 4\/64GB Win10 touch 8&quot; - Mini PC, Computere, B\u00e6rbare, Overs\u00e6ttere","description":"Ny generation af mikrocomputere - Chipol F3APR er designet p\u00e5 en ny, mere effektiv og ergonomisk m\u00e5de. Den lysst\u00e6rke IPS-sk\u00e6rm med en opl\u00f8sning p\u00e5 1280 x 800 er l\u00e6sbar i sollys og giver brede betragtningsvinkler (250ANSI). Takket v\u00e6re det kapacitive ber\u00f8ringspanel kan den bruges b\u00e5de med handsker og v\u00e5de h\u00e6nder.","robots":{"index":"index","follow":"follow","max-snippet":"max-snippet:-1","max-image-preview":"max-image-preview:large","max-video-preview":"max-video-preview:-1"},"canonical":"https:\/\/www.oio.pl\/da\/produkt-2\/chipol-f3npl\/","og_locale":"da_DK","og_type":"article","og_title":"Mini PC All-In-One Chipol F3NPL N4200 4\/64GB Win10 dotykowy 8\" - Mini PC, Komputery, Laptopy, Translatory","og_description":"Nowa generacja mikrokomputer\u00f3w - Chipol F3APR zosta\u0142 zaprojektowany w nowy, bardzie wydajny i ergonomiczny spos\u00f3b. Jasny wy\u015bwietlacz IPS o rozdzielczo\u015bci 1280 x 800 jest czytelny w s\u0142o\u0144cu oraz zapewnia szerokie k\u0105ty widzenia (250ANSI). Dzi\u0119ki pojemno\u015bciowemu panelowi dotykowemu mo\u017cna go stosowa\u0107 zar\u00f3wno w r\u0119kawiczkach jak i wilgotnymi d\u0142o\u0144mi.","og_url":"https:\/\/www.oio.pl\/da\/produkt-2\/chipol-f3npl\/","og_site_name":"Mini PC, Komputery, Laptopy, Translatory","article_publisher":"https:\/\/www.facebook.com\/oiopl","article_modified_time":"2025-12-04T05:17:05+00:00","og_image":[{"width":1000,"height":1000,"url":"https:\/\/www.oio.pl\/wp-content\/uploads\/2022\/03\/F3APL_01.jpg","type":"image\/jpeg"}],"twitter_card":"summary_large_image","twitter_misc":{"Estimeret l\u00e6setid":"1 minut"},"schema":{"@context":"https:\/\/schema.org","@graph":[{"@type":"WebPage","@id":"https:\/\/www.oio.pl\/product\/chipol-f3npl\/","url":"https:\/\/www.oio.pl\/product\/chipol-f3npl\/","name":"Mini PC Alt-i-en Chipol F3NPL N4200 4\/64GB Win10 touch 8&quot; - Mini PC, Computere, B\u00e6rbare, Overs\u00e6ttere","isPartOf":{"@id":"https:\/\/www.oio.pl\/#website"},"primaryImageOfPage":{"@id":"https:\/\/www.oio.pl\/product\/chipol-f3npl\/#primaryimage"},"image":{"@id":"https:\/\/www.oio.pl\/product\/chipol-f3npl\/#primaryimage"},"thumbnailUrl":"https:\/\/www.oio.pl\/wp-content\/uploads\/2022\/03\/F3APL_01.jpg","datePublished":"2025-02-16T08:29:12+00:00","dateModified":"2025-12-04T05:17:05+00:00","description":"Ny generation af mikrocomputere - Chipol F3APR er designet p\u00e5 en ny, mere effektiv og ergonomisk m\u00e5de. Den lysst\u00e6rke IPS-sk\u00e6rm med en opl\u00f8sning p\u00e5 1280 x 800 er l\u00e6sbar i sollys og giver brede betragtningsvinkler (250ANSI). Takket v\u00e6re det kapacitive ber\u00f8ringspanel kan den bruges b\u00e5de med handsker og v\u00e5de h\u00e6nder.","breadcrumb":{"@id":"https:\/\/www.oio.pl\/product\/chipol-f3npl\/#breadcrumb"},"inLanguage":"da-DK","potentialAction":[{"@type":"ReadAction","target":["https:\/\/www.oio.pl\/product\/chipol-f3npl\/"]}]},{"@type":"ImageObject","inLanguage":"da-DK","@id":"https:\/\/www.oio.pl\/product\/chipol-f3npl\/#primaryimage","url":"https:\/\/www.oio.pl\/wp-content\/uploads\/2022\/03\/F3APL_01.jpg","contentUrl":"https:\/\/www.oio.pl\/wp-content\/uploads\/2022\/03\/F3APL_01.jpg","width":1000,"height":1000},{"@type":"BreadcrumbList","@id":"https:\/\/www.oio.pl\/product\/chipol-f3npl\/#breadcrumb","itemListElement":[{"@type":"ListItem","position":1,"name":"Strona g\u0142\u00f3wna","item":"https:\/\/www.oio.pl\/"},{"@type":"ListItem","position":2,"name":"Produkty","item":"https:\/\/www.oio.pl\/"},{"@type":"ListItem","position":3,"name":"Mini PC All-In-One Chipol F3NPL N4200 4\/64GB Win10 dotykowy 8&#8243;"}]},{"@type":"WebSite","@id":"https:\/\/www.oio.pl\/#website","url":"https:\/\/www.oio.pl\/","name":"OIO.pl \u2013 Industrielle tablets, IT-udstyr til industri og logistik","description":"Industrielle tablets, robust tablet, industriel computer, holdbar tablet, udstyr til industrien, Windows-tablet, IP67-tablet, b\u00e6rbar lager, industriel elektronik, industrielle computere, oio.pl, logistikudstyr, tablet til feltarbejdsbrug, industriel ber\u00f8ringssk\u00e6rm","publisher":{"@id":"https:\/\/www.oio.pl\/#organization"},"alternateName":"Sklep internetowy dla przemys\u0142u","potentialAction":[{"@type":"SearchAction","target":{"@type":"EntryPoint","urlTemplate":"https:\/\/www.oio.pl\/?s={search_term_string}"},"query-input":{"@type":"PropertyValueSpecification","valueRequired":true,"valueName":"search_term_string"}}],"inLanguage":"da-DK"},{"@type":"Organization","@id":"https:\/\/www.oio.pl\/#organization","name":"OIO","alternateName":"Sprz\u0119t komputerowy","url":"https:\/\/www.oio.pl\/","logo":{"@type":"ImageObject","inLanguage":"da-DK","@id":"https:\/\/www.oio.pl\/#\/schema\/logo\/image\/","url":"https:\/\/www.oio.pl\/wp-content\/uploads\/2023\/11\/cropped-cropped-oio_120x120.jpg","contentUrl":"https:\/\/www.oio.pl\/wp-content\/uploads\/2023\/11\/cropped-cropped-oio_120x120.jpg","width":120,"height":48,"caption":"OIO"},"image":{"@id":"https:\/\/www.oio.pl\/#\/schema\/logo\/image\/"},"sameAs":["https:\/\/www.facebook.com\/oiopl"]}]}},"_links":{"self":[{"href":"https:\/\/www.oio.pl\/da\/wp-json\/wp\/v2\/product\/7272","targetHints":{"allow":["GET"]}}],"collection":[{"href":"https:\/\/www.oio.pl\/da\/wp-json\/wp\/v2\/product"}],"about":[{"href":"https:\/\/www.oio.pl\/da\/wp-json\/wp\/v2\/types\/product"}],"replies":[{"embeddable":true,"href":"https:\/\/www.oio.pl\/da\/wp-json\/wp\/v2\/comments?post=7272"}],"wp:featuredmedia":[{"embeddable":true,"href":"https:\/\/www.oio.pl\/da\/wp-json\/wp\/v2\/media\/4621"}],"wp:attachment":[{"href":"https:\/\/www.oio.pl\/da\/wp-json\/wp\/v2\/media?parent=7272"}],"wp:term":[{"taxonomy":"product_brand","embeddable":true,"href":"https:\/\/www.oio.pl\/da\/wp-json\/wp\/v2\/product_brand?post=7272"},{"taxonomy":"product_cat","embeddable":true,"href":"https:\/\/www.oio.pl\/da\/wp-json\/wp\/v2\/product_cat?post=7272"},{"taxonomy":"product_tag","embeddable":true,"href":"https:\/\/www.oio.pl\/da\/wp-json\/wp\/v2\/product_tag?post=7272"}],"curies":[{"name":"wp","href":"https:\/\/api.w.org\/{rel}","templated":true}]}}