{"id":729,"date":"2019-07-11T20:26:11","date_gmt":"2019-07-11T18:26:11","guid":{"rendered":"https:\/\/www.oio.pl\/?post_type=product&#038;p=729"},"modified":"2025-07-09T13:56:23","modified_gmt":"2025-07-09T11:56:23","slug":"a2000-hdmi-usb-micro-sd-1080p-projektor-2","status":"publish","type":"product","link":"https:\/\/www.oio.pl\/da\/product\/projektor-a2000-hdmi-usb-micro-sd-1080p\/","title":{"rendered":"A2000 HDMI\/USB\/micro SD\/1080P projektor"},"content":{"rendered":"<p>Denne projektor er en kombination af fremragende projektorkvalitet, brugervenlighed og tilslutningsmuligheder.<\/p>\n<p>Din egen biograf derhjemme og p\u00e5 farten med en maksimal st\u00f8rrelse p\u00e5 100 tommer uden behov for yderligere enheder!!!<\/p>\n<p>En lille, praktisk enhed med fantastiske feriemuligheder. Billedmenu!!! <b>PILOT!!!<\/b>\u00a0Indbygget h\u00f8jttaler<\/p>\n<p>Kan monteres p\u00e5 et stativ.<\/p>\n<p><strong>PERFEKT GAVE til \u00e6ldre b\u00f8rn \ud83d\ude42<\/strong><\/p>\n<p><b>Projektorens funktioner:<\/b><\/p>\n<ul>\n<li>Processor: Mstar V53<\/li>\n<li>1 USB-port<\/li>\n<li>1 HDMI-port<\/li>\n<li>TF-kortl\u00e6ser<\/li>\n<li>Oprindelig opl\u00f8sning: 320 x 240 (maks. 1080p)<\/li>\n<li>Sk\u00e6rmteknologi: 2\u2033 LCD<\/li>\n<li>Lysstyrke: 800 lumen \/ 50 ANSI<\/li>\n<li>Kontrast: 1000:1<\/li>\n<li>Sk\u00e6rmforhold: 4:3 \/ 16:9<\/li>\n<li>Afstand: 0,5 \u2013 3,2 m<\/li>\n<li>Manuel korrektion<\/li>\n<li>Anbefalet billede 20 \u2013 60\u2033<\/li>\n<li>Venstre-h\u00f8jre, bund-top byt<\/li>\n<li>23 sprog!!!<\/li>\n<li>Str\u00f8mforsyning 12V \/ 2A<\/li>\n<li>Dimensioner: 135 x 97 x 50 mm<\/li>\n<\/ul>\n<p>Perfekt til arbejde, hjem og fritid \u2013 en b\u00e6rbar hjemmebiograf eller et pr\u00e6sentationssystem.<\/p>\n<p>Betjeningen er meget enkel ved hj\u00e6lp af fjernbetjeningen eller funktionstasterne p\u00e5 projektoren.<\/p>\n<p>Udgange\/indgange: HDMI, USB, TF-kortl\u00e6ser, hovedtelefon\/lyd, micro-USB, str\u00f8m, RF.<\/p>\n<p>Kassens indhold: projektor, str\u00f8mforsyning, fjernbetjening, engelsk manual, polsk lynguide.<\/p>","protected":false},"excerpt":{"rendered":"<p>Ten Projektor to po\u0142\u0105czenie wy\u015bmienitej jako\u015bci projektora, prostoty u\u017cytkowania oraz mo\u017cliwo\u015bci pod\u0142\u0105cze\u0144. W\u0142asne kino w domu i w podr\u00f3\u017cy o maksymalnej wielko\u015bci 100&#8243; bez potrzeby korzystania z z dodatkowych urz\u0105dze\u0144 !!! Ma\u0142e, por\u0119czne urz\u0105dzenie z du\u017cymi mo\u017cliwo\u015bciami wakacyjnymi.\u00a0 Menu obrazkowe !!! PILOT !!!\u00a0Wbudowany g\u0142o\u015bnik Mo\u017cliwo\u015b\u0107 monta\u017cu na statywie. IDEALNY PREZENT dla starszych dzieci \ud83d\ude42 W\u0142a\u015bciwo\u015bci [&hellip;]<\/p>\n","protected":false},"featured_media":731,"comment_status":"closed","ping_status":"closed","template":"","meta":[],"product_brand":[],"product_cat":[29],"product_tag":[2967,2976,2978,2977,2985,2973,2964,2983,2971,2969,66,2968,2974,2984,2980,84,2965,2982,2966,2963,2975,2981,83,2972,2970,85,2979],"class_list":{"0":"post-729","1":"product","2":"type-product","3":"status-publish","4":"has-post-thumbnail","6":"product_cat-projektory","7":"product_tag-4k-projector","8":"product_tag-best-4k-projector","9":"product_tag-best-budget-projector","10":"product_tag-best-gaming-projector","11":"product_tag-best-mini-projector","12":"product_tag-best-portable-projector","13":"product_tag-best-projector","14":"product_tag-budget-projector","15":"product_tag-diy-projector","16":"product_tag-gaming-projector","17":"product_tag-hdmi","18":"product_tag-home-theater-projector","19":"product_tag-laser-projector","20":"product_tag-laser-projector-tv","21":"product_tag-led-projector","22":"product_tag-maly-projektor","23":"product_tag-mini-projector","24":"product_tag-pocket-projector","25":"product_tag-portable-projector","26":"product_tag-projector","27":"product_tag-projector-screen","28":"product_tag-projector-vs-tv","29":"product_tag-projektor","30":"product_tag-short-throw-projector","31":"product_tag-ultra-short-throw-projector","32":"product_tag-usb","33":"product_tag-ust-projector","35":"first","36":"instock","37":"taxable","38":"shipping-taxable","39":"purchasable","40":"product-type-simple","41":"czr-hentry"},"yoast_head":"<!-- This site is optimized with the Yoast SEO plugin v27.4 - https:\/\/yoast.com\/product\/yoast-seo-wordpress\/ -->\n<title>Projektor A2000 HDMI\/USB\/micro SD\/1080P - Mini PC, Komputery, Laptopy, Translatory<\/title>\n<meta name=\"robots\" content=\"index, follow, max-snippet:-1, max-image-preview:large, max-video-preview:-1\" \/>\n<link rel=\"canonical\" href=\"https:\/\/www.oio.pl\/da\/produkt-2\/a2000-hdmi-usb-micro-sd-1080p-projektor-2\/\" \/>\n<meta property=\"og:locale\" content=\"da_DK\" \/>\n<meta property=\"og:type\" content=\"article\" \/>\n<meta property=\"og:title\" content=\"Projektor A2000 HDMI\/USB\/micro SD\/1080P - Mini PC, Komputery, Laptopy, Translatory\" \/>\n<meta property=\"og:description\" content=\"Ten Projektor to po\u0142\u0105czenie wy\u015bmienitej jako\u015bci projektora, prostoty u\u017cytkowania oraz mo\u017cliwo\u015bci pod\u0142\u0105cze\u0144. W\u0142asne kino w domu i w podr\u00f3\u017cy o maksymalnej wielko\u015bci 100&#8243; bez potrzeby korzystania z z dodatkowych urz\u0105dze\u0144 !!! Ma\u0142e, por\u0119czne urz\u0105dzenie z du\u017cymi mo\u017cliwo\u015bciami wakacyjnymi.\u00a0 Menu obrazkowe !!! PILOT !!!\u00a0Wbudowany g\u0142o\u015bnik Mo\u017cliwo\u015b\u0107 monta\u017cu na statywie. IDEALNY PREZENT dla starszych dzieci \ud83d\ude42 W\u0142a\u015bciwo\u015bci [&hellip;]\" \/>\n<meta property=\"og:url\" content=\"https:\/\/www.oio.pl\/da\/produkt-2\/a2000-hdmi-usb-micro-sd-1080p-projektor-2\/\" \/>\n<meta property=\"og:site_name\" content=\"Mini PC, Komputery, Laptopy, Translatory\" \/>\n<meta property=\"article:publisher\" content=\"https:\/\/www.facebook.com\/oiopl\" \/>\n<meta property=\"article:modified_time\" content=\"2025-07-09T11:56:23+00:00\" \/>\n<meta property=\"og:image\" content=\"https:\/\/www.oio.pl\/wp-content\/uploads\/2019\/07\/103.jpg\" \/>\n\t<meta property=\"og:image:width\" content=\"800\" \/>\n\t<meta property=\"og:image:height\" content=\"800\" \/>\n\t<meta property=\"og:image:type\" content=\"image\/jpeg\" \/>\n<meta name=\"twitter:card\" content=\"summary_large_image\" \/>\n<meta name=\"twitter:label1\" content=\"Estimeret l\u00e6setid\" \/>\n\t<meta name=\"twitter:data1\" content=\"1 minut\" \/>\n<script type=\"application\/ld+json\" class=\"yoast-schema-graph\">{\"@context\":\"https:\\\/\\\/schema.org\",\"@graph\":[{\"@type\":\"WebPage\",\"@id\":\"https:\\\/\\\/www.oio.pl\\\/product\\\/projektor-a2000-hdmi-usb-micro-sd-1080p\\\/\",\"url\":\"https:\\\/\\\/www.oio.pl\\\/product\\\/projektor-a2000-hdmi-usb-micro-sd-1080p\\\/\",\"name\":\"Projektor A2000 HDMI\\\/USB\\\/micro SD\\\/1080P - Mini PC, Komputery, Laptopy, Translatory\",\"isPartOf\":{\"@id\":\"https:\\\/\\\/www.oio.pl\\\/#website\"},\"primaryImageOfPage\":{\"@id\":\"https:\\\/\\\/www.oio.pl\\\/product\\\/projektor-a2000-hdmi-usb-micro-sd-1080p\\\/#primaryimage\"},\"image\":{\"@id\":\"https:\\\/\\\/www.oio.pl\\\/product\\\/projektor-a2000-hdmi-usb-micro-sd-1080p\\\/#primaryimage\"},\"thumbnailUrl\":\"https:\\\/\\\/www.oio.pl\\\/wp-content\\\/uploads\\\/2019\\\/07\\\/103.jpg\",\"datePublished\":\"2019-07-11T18:26:11+00:00\",\"dateModified\":\"2025-07-09T11:56:23+00:00\",\"breadcrumb\":{\"@id\":\"https:\\\/\\\/www.oio.pl\\\/product\\\/projektor-a2000-hdmi-usb-micro-sd-1080p\\\/#breadcrumb\"},\"inLanguage\":\"da-DK\",\"potentialAction\":[{\"@type\":\"ReadAction\",\"target\":[\"https:\\\/\\\/www.oio.pl\\\/product\\\/projektor-a2000-hdmi-usb-micro-sd-1080p\\\/\"]}]},{\"@type\":\"ImageObject\",\"inLanguage\":\"da-DK\",\"@id\":\"https:\\\/\\\/www.oio.pl\\\/product\\\/projektor-a2000-hdmi-usb-micro-sd-1080p\\\/#primaryimage\",\"url\":\"https:\\\/\\\/www.oio.pl\\\/wp-content\\\/uploads\\\/2019\\\/07\\\/103.jpg\",\"contentUrl\":\"https:\\\/\\\/www.oio.pl\\\/wp-content\\\/uploads\\\/2019\\\/07\\\/103.jpg\",\"width\":800,\"height\":800},{\"@type\":\"BreadcrumbList\",\"@id\":\"https:\\\/\\\/www.oio.pl\\\/product\\\/projektor-a2000-hdmi-usb-micro-sd-1080p\\\/#breadcrumb\",\"itemListElement\":[{\"@type\":\"ListItem\",\"position\":1,\"name\":\"Strona g\u0142\u00f3wna\",\"item\":\"https:\\\/\\\/www.oio.pl\\\/\"},{\"@type\":\"ListItem\",\"position\":2,\"name\":\"Produkty\",\"item\":\"https:\\\/\\\/www.oio.pl\\\/\"},{\"@type\":\"ListItem\",\"position\":3,\"name\":\"Projektor A2000 HDMI\\\/USB\\\/micro SD\\\/1080P\"}]},{\"@type\":\"WebSite\",\"@id\":\"https:\\\/\\\/www.oio.pl\\\/#website\",\"url\":\"https:\\\/\\\/www.oio.pl\\\/\",\"name\":\"OIO.pl \u2013 Tablety przemys\u0142owe, sprz\u0119t IT dla przemys\u0142u i logistyki\",\"description\":\"tablety przemys\u0142owe, rugged tablet, komputer przemys\u0142owy, tablet wytrzyma\u0142y, sprz\u0119t dla przemys\u0142u, tablet z Windows, tablet IP67, laptop dla magazynu, elektronika przemys\u0142owa, komputery przemys\u0142owe, oio.pl, sprz\u0119t dla logistyki, tablet do pracy w terenie, monitor dotykowy przemys\u0142owy\",\"publisher\":{\"@id\":\"https:\\\/\\\/www.oio.pl\\\/#organization\"},\"alternateName\":\"Sklep internetowy dla przemys\u0142u\",\"potentialAction\":[{\"@type\":\"SearchAction\",\"target\":{\"@type\":\"EntryPoint\",\"urlTemplate\":\"https:\\\/\\\/www.oio.pl\\\/?s={search_term_string}\"},\"query-input\":{\"@type\":\"PropertyValueSpecification\",\"valueRequired\":true,\"valueName\":\"search_term_string\"}}],\"inLanguage\":\"da-DK\"},{\"@type\":\"Organization\",\"@id\":\"https:\\\/\\\/www.oio.pl\\\/#organization\",\"name\":\"OIO\",\"alternateName\":\"Sprz\u0119t komputerowy\",\"url\":\"https:\\\/\\\/www.oio.pl\\\/\",\"logo\":{\"@type\":\"ImageObject\",\"inLanguage\":\"da-DK\",\"@id\":\"https:\\\/\\\/www.oio.pl\\\/#\\\/schema\\\/logo\\\/image\\\/\",\"url\":\"https:\\\/\\\/www.oio.pl\\\/wp-content\\\/uploads\\\/2023\\\/11\\\/cropped-cropped-oio_120x120.jpg\",\"contentUrl\":\"https:\\\/\\\/www.oio.pl\\\/wp-content\\\/uploads\\\/2023\\\/11\\\/cropped-cropped-oio_120x120.jpg\",\"width\":120,\"height\":48,\"caption\":\"OIO\"},\"image\":{\"@id\":\"https:\\\/\\\/www.oio.pl\\\/#\\\/schema\\\/logo\\\/image\\\/\"},\"sameAs\":[\"https:\\\/\\\/www.facebook.com\\\/oiopl\"]}]}<\/script>\n<!-- \/ Yoast SEO plugin. -->","yoast_head_json":{"title":"A2000 HDMI\/USB\/micro SD\/1080P projektor - Mini-pc&#039;er, computere, b\u00e6rbare computere, overs\u00e6ttere","robots":{"index":"index","follow":"follow","max-snippet":"max-snippet:-1","max-image-preview":"max-image-preview:large","max-video-preview":"max-video-preview:-1"},"canonical":"https:\/\/www.oio.pl\/da\/produkt-2\/a2000-hdmi-usb-micro-sd-1080p-projektor-2\/","og_locale":"da_DK","og_type":"article","og_title":"Projektor A2000 HDMI\/USB\/micro SD\/1080P - Mini PC, Komputery, Laptopy, Translatory","og_description":"Ten Projektor to po\u0142\u0105czenie wy\u015bmienitej jako\u015bci projektora, prostoty u\u017cytkowania oraz mo\u017cliwo\u015bci pod\u0142\u0105cze\u0144. W\u0142asne kino w domu i w podr\u00f3\u017cy o maksymalnej wielko\u015bci 100&#8243; bez potrzeby korzystania z z dodatkowych urz\u0105dze\u0144 !!! Ma\u0142e, por\u0119czne urz\u0105dzenie z du\u017cymi mo\u017cliwo\u015bciami wakacyjnymi.\u00a0 Menu obrazkowe !!! PILOT !!!\u00a0Wbudowany g\u0142o\u015bnik Mo\u017cliwo\u015b\u0107 monta\u017cu na statywie. IDEALNY PREZENT dla starszych dzieci \ud83d\ude42 W\u0142a\u015bciwo\u015bci [&hellip;]","og_url":"https:\/\/www.oio.pl\/da\/produkt-2\/a2000-hdmi-usb-micro-sd-1080p-projektor-2\/","og_site_name":"Mini PC, Komputery, Laptopy, Translatory","article_publisher":"https:\/\/www.facebook.com\/oiopl","article_modified_time":"2025-07-09T11:56:23+00:00","og_image":[{"width":800,"height":800,"url":"https:\/\/www.oio.pl\/wp-content\/uploads\/2019\/07\/103.jpg","type":"image\/jpeg"}],"twitter_card":"summary_large_image","twitter_misc":{"Estimeret l\u00e6setid":"1 minut"},"schema":{"@context":"https:\/\/schema.org","@graph":[{"@type":"WebPage","@id":"https:\/\/www.oio.pl\/product\/projektor-a2000-hdmi-usb-micro-sd-1080p\/","url":"https:\/\/www.oio.pl\/product\/projektor-a2000-hdmi-usb-micro-sd-1080p\/","name":"A2000 HDMI\/USB\/micro SD\/1080P projektor - Mini-pc&#039;er, computere, b\u00e6rbare computere, overs\u00e6ttere","isPartOf":{"@id":"https:\/\/www.oio.pl\/#website"},"primaryImageOfPage":{"@id":"https:\/\/www.oio.pl\/product\/projektor-a2000-hdmi-usb-micro-sd-1080p\/#primaryimage"},"image":{"@id":"https:\/\/www.oio.pl\/product\/projektor-a2000-hdmi-usb-micro-sd-1080p\/#primaryimage"},"thumbnailUrl":"https:\/\/www.oio.pl\/wp-content\/uploads\/2019\/07\/103.jpg","datePublished":"2019-07-11T18:26:11+00:00","dateModified":"2025-07-09T11:56:23+00:00","breadcrumb":{"@id":"https:\/\/www.oio.pl\/product\/projektor-a2000-hdmi-usb-micro-sd-1080p\/#breadcrumb"},"inLanguage":"da-DK","potentialAction":[{"@type":"ReadAction","target":["https:\/\/www.oio.pl\/product\/projektor-a2000-hdmi-usb-micro-sd-1080p\/"]}]},{"@type":"ImageObject","inLanguage":"da-DK","@id":"https:\/\/www.oio.pl\/product\/projektor-a2000-hdmi-usb-micro-sd-1080p\/#primaryimage","url":"https:\/\/www.oio.pl\/wp-content\/uploads\/2019\/07\/103.jpg","contentUrl":"https:\/\/www.oio.pl\/wp-content\/uploads\/2019\/07\/103.jpg","width":800,"height":800},{"@type":"BreadcrumbList","@id":"https:\/\/www.oio.pl\/product\/projektor-a2000-hdmi-usb-micro-sd-1080p\/#breadcrumb","itemListElement":[{"@type":"ListItem","position":1,"name":"Strona g\u0142\u00f3wna","item":"https:\/\/www.oio.pl\/"},{"@type":"ListItem","position":2,"name":"Produkty","item":"https:\/\/www.oio.pl\/"},{"@type":"ListItem","position":3,"name":"Projektor A2000 HDMI\/USB\/micro SD\/1080P"}]},{"@type":"WebSite","@id":"https:\/\/www.oio.pl\/#website","url":"https:\/\/www.oio.pl\/","name":"OIO.pl \u2013 Industrielle tablets, IT-udstyr til industri og logistik","description":"Industrielle tablets, robust tablet, industriel computer, holdbar tablet, udstyr til industrien, Windows-tablet, IP67-tablet, b\u00e6rbar lager, industriel elektronik, industrielle computere, oio.pl, logistikudstyr, tablet til feltarbejdsbrug, industriel ber\u00f8ringssk\u00e6rm","publisher":{"@id":"https:\/\/www.oio.pl\/#organization"},"alternateName":"Sklep internetowy dla przemys\u0142u","potentialAction":[{"@type":"SearchAction","target":{"@type":"EntryPoint","urlTemplate":"https:\/\/www.oio.pl\/?s={search_term_string}"},"query-input":{"@type":"PropertyValueSpecification","valueRequired":true,"valueName":"search_term_string"}}],"inLanguage":"da-DK"},{"@type":"Organization","@id":"https:\/\/www.oio.pl\/#organization","name":"OIO","alternateName":"Sprz\u0119t komputerowy","url":"https:\/\/www.oio.pl\/","logo":{"@type":"ImageObject","inLanguage":"da-DK","@id":"https:\/\/www.oio.pl\/#\/schema\/logo\/image\/","url":"https:\/\/www.oio.pl\/wp-content\/uploads\/2023\/11\/cropped-cropped-oio_120x120.jpg","contentUrl":"https:\/\/www.oio.pl\/wp-content\/uploads\/2023\/11\/cropped-cropped-oio_120x120.jpg","width":120,"height":48,"caption":"OIO"},"image":{"@id":"https:\/\/www.oio.pl\/#\/schema\/logo\/image\/"},"sameAs":["https:\/\/www.facebook.com\/oiopl"]}]}},"_links":{"self":[{"href":"https:\/\/www.oio.pl\/da\/wp-json\/wp\/v2\/product\/729","targetHints":{"allow":["GET"]}}],"collection":[{"href":"https:\/\/www.oio.pl\/da\/wp-json\/wp\/v2\/product"}],"about":[{"href":"https:\/\/www.oio.pl\/da\/wp-json\/wp\/v2\/types\/product"}],"replies":[{"embeddable":true,"href":"https:\/\/www.oio.pl\/da\/wp-json\/wp\/v2\/comments?post=729"}],"wp:featuredmedia":[{"embeddable":true,"href":"https:\/\/www.oio.pl\/da\/wp-json\/wp\/v2\/media\/731"}],"wp:attachment":[{"href":"https:\/\/www.oio.pl\/da\/wp-json\/wp\/v2\/media?parent=729"}],"wp:term":[{"taxonomy":"product_brand","embeddable":true,"href":"https:\/\/www.oio.pl\/da\/wp-json\/wp\/v2\/product_brand?post=729"},{"taxonomy":"product_cat","embeddable":true,"href":"https:\/\/www.oio.pl\/da\/wp-json\/wp\/v2\/product_cat?post=729"},{"taxonomy":"product_tag","embeddable":true,"href":"https:\/\/www.oio.pl\/da\/wp-json\/wp\/v2\/product_tag?post=729"}],"curies":[{"name":"wp","href":"https:\/\/api.w.org\/{rel}","templated":true}]}}