{"id":7296,"date":"2025-03-16T07:48:19","date_gmt":"2025-03-16T06:48:19","guid":{"rendered":"https:\/\/www.oio.pl\/?post_type=product&#038;p=7296"},"modified":"2025-07-29T06:16:08","modified_gmt":"2025-07-29T04:16:08","slug":"alt-i-en-chipol-f6a-101-4-64gb-rs232-win-10-kopi","status":"publish","type":"product","link":"https:\/\/www.oio.pl\/da\/product\/all-in-one-chipol-f6a-101-4-64gb-rs232-win-10-kopia\/","title":{"rendered":"Alt-i-en Chipol F6A 10,1\u2033 4\/64GB RS232 Windows 10"},"content":{"rendered":"<h2 data-start=\"81\" data-end=\"168\">Chipol F6A \u2013 Wszechstronny Mini PC z ekranem dotykowym 10,1&#8243; i systemem Windows 10<\/h2>\n<p data-start=\"170\" data-end=\"221\"><strong data-start=\"170\" data-end=\"221\">Kompaktowy. Wszechstronny. Gotowy do dzia\u0142ania.<\/strong><\/p>\n<p data-start=\"223\" data-end=\"337\"><span class=\"relative -mx-px my-[-0.2rem] rounded px-px py-[0.2rem] transition-colors duration-100 ease-in-out\">Chipol F6A to nowoczesny mini komputer typu All-in-One, kt\u00f3ry \u0142\u0105czy w sobie funkcjonalno\u015b\u0107 tabletu i wydajno\u015b\u0107 komputera stacjonarnego.<\/span> <span class=\"relative -mx-px my-[-0.2rem] rounded px-px py-[0.2rem] transition-colors duration-100 ease-in-out\">Dzi\u0119ki 10,1-calowemu ekranowi dotykowemu IPS o rozdzielczo\u015bci 1280\u00d7800, urz\u0105dzenie zapewnia wygodn\u0105 obs\u0142ug\u0119 i doskona\u0142\u0105 jako\u015b\u0107 obrazu.<\/span><\/p>\n<h3 data-start=\"339\" data-end=\"361\">\ud83d\udd27 Kluczowe cechy:<a href=\"https:\/\/www.oio.pl\/wp-content\/uploads\/2025\/03\/Chipol_F6A_05.jpg\"><img loading=\"lazy\" decoding=\"async\" class=\"size-medium wp-image-7299 alignright\" src=\"https:\/\/www.oio.pl\/wp-content\/uploads\/2025\/03\/Chipol_F6A_05-300x300.jpg\" alt=\"\" width=\"300\" height=\"300\" srcset=\"https:\/\/www.oio.pl\/wp-content\/uploads\/2025\/03\/Chipol_F6A_05-300x300.jpg 300w, https:\/\/www.oio.pl\/wp-content\/uploads\/2025\/03\/Chipol_F6A_05-1024x1024.jpg 1024w, https:\/\/www.oio.pl\/wp-content\/uploads\/2025\/03\/Chipol_F6A_05-150x150.jpg 150w, https:\/\/www.oio.pl\/wp-content\/uploads\/2025\/03\/Chipol_F6A_05-768x768.jpg 768w, https:\/\/www.oio.pl\/wp-content\/uploads\/2025\/03\/Chipol_F6A_05-1536x1536.jpg 1536w, https:\/\/www.oio.pl\/wp-content\/uploads\/2025\/03\/Chipol_F6A_05-12x12.jpg 12w, https:\/\/www.oio.pl\/wp-content\/uploads\/2025\/03\/Chipol_F6A_05-510x510.jpg 510w, https:\/\/www.oio.pl\/wp-content\/uploads\/2025\/03\/Chipol_F6A_05-600x600.jpg 600w, https:\/\/www.oio.pl\/wp-content\/uploads\/2025\/03\/Chipol_F6A_05-100x100.jpg 100w, https:\/\/www.oio.pl\/wp-content\/uploads\/2025\/03\/Chipol_F6A_05.jpg 2000w\" sizes=\"auto, (max-width: 300px) 100vw, 300px\" \/><\/a><\/h3>\n<ul data-start=\"363\" data-end=\"930\">\n<li data-start=\"363\" data-end=\"420\">\n<p data-start=\"365\" data-end=\"420\"><strong data-start=\"365\" data-end=\"378\">Procesor:<\/strong> <span class=\"relative -mx-px my-[-0.2rem] rounded px-px py-[0.2rem] transition-colors duration-100 ease-in-out\">Intel Apollo Lake J3355 Dual-Core (2.0\u20132.5 GHz)<\/span><\/p>\n<\/li>\n<li data-start=\"421\" data-end=\"480\">\n<p data-start=\"423\" data-end=\"480\"><strong data-start=\"423\" data-end=\"438\">Pami\u0119\u0107 RAM:<\/strong> <span class=\"relative -mx-px my-[-0.2rem] rounded px-px py-[0.2rem] transition-colors duration-100 ease-in-out\">4 GB LPDDR4<\/span><\/p>\n<\/li>\n<li data-start=\"481\" data-end=\"547\">\n<p data-start=\"483\" data-end=\"547\"><strong data-start=\"483\" data-end=\"505\">Pami\u0119\u0107 wewn\u0119trzna:<\/strong> <span class=\"relative -mx-px my-[-0.2rem] rounded px-px py-[0.2rem] transition-colors duration-100 ease-in-out\">64 GB eMMC z mo\u017cliwo\u015bci\u0105 rozszerzenia przez SSD M.2 lub dysk SATA 2,5&#8243;<\/span><\/p>\n<\/li>\n<li data-start=\"548\" data-end=\"602\">\n<p data-start=\"550\" data-end=\"602\"><strong data-start=\"550\" data-end=\"560\">Ekran:<\/strong> <span class=\"relative -mx-px my-[-0.2rem] rounded px-px py-[0.2rem] transition-colors duration-100 ease-in-out\">10,1&#8243; IPS, 1280\u00d7800, 250 nit\u00f3w, wielodotykowy G+G<\/span><\/p>\n<\/li>\n<li data-start=\"603\" data-end=\"669\">\n<p data-start=\"605\" data-end=\"669\"><strong data-start=\"605\" data-end=\"627\">System operacyjny:<\/strong> <span class=\"relative -mx-px my-[-0.2rem] rounded px-px py-[0.2rem] transition-colors duration-100 ease-in-out\">Windows 10<\/span><\/p>\n<\/li>\n<li data-start=\"670\" data-end=\"727\">\n<p data-start=\"672\" data-end=\"727\"><strong data-start=\"672\" data-end=\"685\">\u0141\u0105czno\u015b\u0107:<\/strong> <span class=\"relative -mx-px my-[-0.2rem] rounded px-px py-[0.2rem] transition-colors duration-100 ease-in-out\">Wi-Fi 5 (2.4G\/5G), Bluetooth 4.2, Gigabit Ethernet<\/span><\/p>\n<\/li>\n<li data-start=\"728\" data-end=\"782\">\n<p data-start=\"730\" data-end=\"782\"><strong data-start=\"730\" data-end=\"740\">Porty:<\/strong> <span class=\"relative -mx-px my-[-0.2rem] rounded px-px py-[0.2rem] transition-colors duration-100 ease-in-out\">2\u00d7 USB 3.0, 2\u00d7 USB 2.0, HDMI 1.4 (do 4K), RS-232 (DB9), RJ-45, czytnik kart TF, audio 3,5 mm<\/span><\/p>\n<\/li>\n<li data-start=\"783\" data-end=\"839\">\n<p data-start=\"785\" data-end=\"839\"><strong data-start=\"785\" data-end=\"797\">Wymiary:<\/strong> <span class=\"relative -mx-px my-[-0.2rem] rounded px-px py-[0.2rem] transition-colors duration-100 ease-in-out\">244 \u00d7 184,2 \u00d7 65 mm<\/span><\/p>\n<\/li>\n<li data-start=\"840\" data-end=\"930\">\n<p data-start=\"842\" data-end=\"930\"><strong data-start=\"842\" data-end=\"851\">Waga:<\/strong> <span class=\"relative -mx-px my-[-0.2rem] rounded px-px py-[0.2rem] transition-colors duration-100 ease-in-out\">0,9 kg<\/span><\/p>\n<\/li>\n<\/ul>\n<h3 data-start=\"932\" data-end=\"952\"><a href=\"https:\/\/www.oio.pl\/wp-content\/uploads\/2025\/03\/Chipol_F6A_02.jpg\"><img loading=\"lazy\" decoding=\"async\" class=\" wp-image-7298 alignleft\" src=\"https:\/\/www.oio.pl\/wp-content\/uploads\/2025\/03\/Chipol_F6A_02-300x300.jpg\" alt=\"\" width=\"378\" height=\"378\" srcset=\"https:\/\/www.oio.pl\/wp-content\/uploads\/2025\/03\/Chipol_F6A_02-300x300.jpg 300w, https:\/\/www.oio.pl\/wp-content\/uploads\/2025\/03\/Chipol_F6A_02-150x150.jpg 150w, https:\/\/www.oio.pl\/wp-content\/uploads\/2025\/03\/Chipol_F6A_02-768x768.jpg 768w, https:\/\/www.oio.pl\/wp-content\/uploads\/2025\/03\/Chipol_F6A_02-12x12.jpg 12w, https:\/\/www.oio.pl\/wp-content\/uploads\/2025\/03\/Chipol_F6A_02-510x510.jpg 510w, https:\/\/www.oio.pl\/wp-content\/uploads\/2025\/03\/Chipol_F6A_02-600x600.jpg 600w, https:\/\/www.oio.pl\/wp-content\/uploads\/2025\/03\/Chipol_F6A_02-100x100.jpg 100w, https:\/\/www.oio.pl\/wp-content\/uploads\/2025\/03\/Chipol_F6A_02.jpg 1000w\" sizes=\"auto, (max-width: 378px) 100vw, 378px\" \/><\/a>\ud83d\udcbc Zastosowania:<\/h3>\n<ul data-start=\"954\" data-end=\"1269\">\n<li data-start=\"954\" data-end=\"1023\">\n<p data-start=\"956\" data-end=\"1023\"><strong data-start=\"956\" data-end=\"981\">Przemys\u0142 i logistyka:<\/strong> <span class=\"relative -mx-px my-[-0.2rem] rounded px-px py-[0.2rem] transition-colors duration-100 ease-in-out\">Dzi\u0119ki portowi RS-232 i solidnej konstrukcji, idealny do zastosowa\u0144 przemys\u0142owych.<\/span><\/p>\n<\/li>\n<li data-start=\"1024\" data-end=\"1098\">\n<p data-start=\"1026\" data-end=\"1098\"><strong data-start=\"1026\" data-end=\"1056\">Handel i punkty sprzeda\u017cy:<\/strong> <span class=\"relative -mx-px my-[-0.2rem] rounded px-px py-[0.2rem] transition-colors duration-100 ease-in-out\">Mo\u017ce s\u0142u\u017cy\u0107 jako terminal POS lub urz\u0105dzenie do obs\u0142ugi klienta.<\/span><\/p>\n<\/li>\n<li data-start=\"1099\" data-end=\"1170\">\n<p data-start=\"1101\" data-end=\"1170\"><strong data-start=\"1101\" data-end=\"1128\">Edukacja i prezentacje:<\/strong> <span class=\"relative -mx-px my-[-0.2rem] rounded px-px py-[0.2rem] transition-colors duration-100 ease-in-out\">Mobilno\u015b\u0107 i dotykowy ekran sprawiaj\u0105, \u017ce \u015bwietnie sprawdza si\u0119 w salach lekcyjnych i podczas prezentacji.<\/span><\/p>\n<\/li>\n<li data-start=\"1171\" data-end=\"1269\">\n<p data-start=\"1173\" data-end=\"1269\"><strong data-start=\"1173\" data-end=\"1190\">Domowe biuro:<\/strong> <span class=\"relative -mx-px my-[-0.2rem] rounded px-px py-[0.2rem] transition-colors duration-100 ease-in-out\">Kompaktowy rozmiar i pe\u0142na funkcjonalno\u015b\u0107 komputera stacjonarnego czyni\u0105 go idealnym do pracy zdalnej.<\/span><\/p>\n<\/li>\n<\/ul>\n<h3 data-start=\"1271\" data-end=\"1313\">\ud83c\udf1f Dlaczego warto wybra\u0107 Chipol F6A?<\/h3>\n<ul data-start=\"1315\" data-end=\"1597\">\n<li data-start=\"1315\" data-end=\"1379\">\n<p data-start=\"1317\" data-end=\"1379\"><strong data-start=\"1317\" data-end=\"1337\">Wszechstronno\u015b\u0107:<\/strong> <span class=\"relative -mx-px my-[-0.2rem] rounded px-px py-[0.2rem] transition-colors duration-100 ease-in-out\">Po\u0142\u0105czenie funkcji tabletu i komputera stacjonarnego w jednym urz\u0105dzeniu.<\/span><\/p>\n<\/li>\n<li data-start=\"1380\" data-end=\"1438\">\n<p data-start=\"1382\" data-end=\"1438\"><strong data-start=\"1382\" data-end=\"1396\">Mobilno\u015b\u0107:<\/strong> <span class=\"relative -mx-px my-[-0.2rem] rounded px-px py-[0.2rem] transition-colors duration-100 ease-in-out\">Kompaktowe wymiary i lekka konstrukcja umo\u017cliwiaj\u0105 \u0142atwe przenoszenie.<\/span><\/p>\n<\/li>\n<li data-start=\"1439\" data-end=\"1502\">\n<p data-start=\"1441\" data-end=\"1502\"><strong data-start=\"1441\" data-end=\"1460\">Rozszerzalno\u015b\u0107:<\/strong> <span class=\"relative -mx-px my-[-0.2rem] rounded px-px py-[0.2rem] transition-colors duration-100 ease-in-out\">Mo\u017cliwo\u015b\u0107 rozbudowy pami\u0119ci masowej przez SSD M.2 lub dysk SATA 2,5&#8243;.<\/span><\/p>\n<\/li>\n<li data-start=\"1503\" data-end=\"1597\">\n<p data-start=\"1505\" data-end=\"1597\"><strong data-start=\"1505\" data-end=\"1518\">\u0141\u0105czno\u015b\u0107:<\/strong> <span class=\"relative -mx-px my-[-0.2rem] rounded px-px py-[0.2rem] transition-colors duration-100 ease-in-out\">Szeroki zakres port\u00f3w i opcji \u0142\u0105czno\u015bci zapewnia kompatybilno\u015b\u0107 z r\u00f3\u017cnymi urz\u0105dzeniami i sieciami<\/span><\/p>\n<\/li>\n<\/ul>\n<p>&nbsp;<\/p>\n<p data-start=\"1604\" data-end=\"1722\"><span class=\"relative -mx-px my-[-0.2rem] rounded px-px py-[0.2rem] transition-colors duration-100 ease-in-out\">Chipol F6A to idealne rozwi\u0105zanie dla os\u00f3b poszukuj\u0105cych kompaktowego, ale wydajnego komputera do r\u00f3\u017cnorodnych zastosowa\u0144.<\/span> <span class=\"relative -mx-px my-[-0.2rem] rounded px-px py-[0.2rem] transition-colors duration-100 ease-in-out\">Jego wszechstronno\u015b\u0107 i funkcjonalno\u015b\u0107 sprawiaj\u0105, \u017ce sprawdzi si\u0119 zar\u00f3wno w \u015brodowisku przemys\u0142owym, jak i domowym.<\/span><\/p>\n","protected":false},"excerpt":{"rendered":"<p>Chipol F6A \u2013 Wszechstronny Mini PC z ekranem dotykowym 10,1&#8243; i systemem Windows 10 Kompaktowy. Wszechstronny. Gotowy do dzia\u0142ania. Chipol F6A to nowoczesny mini komputer typu All-in-One, kt\u00f3ry \u0142\u0105czy w sobie funkcjonalno\u015b\u0107 tabletu i wydajno\u015b\u0107 komputera stacjonarnego. Dzi\u0119ki 10,1-calowemu ekranowi dotykowemu IPS o rozdzielczo\u015bci 1280\u00d7800, urz\u0105dzenie zapewnia wygodn\u0105 obs\u0142ug\u0119 i doskona\u0142\u0105 jako\u015b\u0107 obrazu. \ud83d\udd27 Kluczowe [&hellip;]<\/p>\n","protected":false},"featured_media":7299,"comment_status":"closed","ping_status":"closed","template":"","meta":[],"product_brand":[3231],"product_cat":[53,3315,3218],"product_tag":[50,52,49,54,46,48,70],"class_list":{"0":"post-7296","1":"product","2":"type-product","3":"status-publish","4":"has-post-thumbnail","6":"product_brand-chipol","7":"product_cat-pc-aio-pos","8":"product_cat-pc-aio","9":"product_cat-pc-panel","10":"product_tag-aio","11":"product_tag-dotykowy","12":"product_tag-komputery","13":"product_tag-mikrokomputery","14":"product_tag-mini-pc","15":"product_tag-windows-10","16":"product_tag-z8350","18":"first","19":"instock","20":"taxable","21":"shipping-taxable","22":"purchasable","23":"product-type-simple","24":"czr-hentry"},"yoast_head":"<!-- This site is optimized with the Yoast SEO plugin v27.4 - https:\/\/yoast.com\/product\/yoast-seo-wordpress\/ -->\n<title>All-In-One Chipol F6A 10,1&quot; 4\/64GB RS232 Win 10 - Mini PC, Komputery, Laptopy, Translatory<\/title>\n<meta name=\"robots\" content=\"index, follow, max-snippet:-1, max-image-preview:large, max-video-preview:-1\" \/>\n<link rel=\"canonical\" href=\"https:\/\/www.oio.pl\/da\/produkt-2\/alt-i-en-chipol-f6a-101-4-64gb-rs232-win-10-kopi\/\" \/>\n<meta property=\"og:locale\" content=\"da_DK\" \/>\n<meta property=\"og:type\" content=\"article\" \/>\n<meta property=\"og:title\" content=\"All-In-One Chipol F6A 10,1&quot; 4\/64GB RS232 Win 10 - Mini PC, Komputery, Laptopy, Translatory\" \/>\n<meta property=\"og:description\" content=\"Chipol F6A \u2013 Wszechstronny Mini PC z ekranem dotykowym 10,1&#8243; i systemem Windows 10 Kompaktowy. Wszechstronny. Gotowy do dzia\u0142ania. Chipol F6A to nowoczesny mini komputer typu All-in-One, kt\u00f3ry \u0142\u0105czy w sobie funkcjonalno\u015b\u0107 tabletu i wydajno\u015b\u0107 komputera stacjonarnego. Dzi\u0119ki 10,1-calowemu ekranowi dotykowemu IPS o rozdzielczo\u015bci 1280\u00d7800, urz\u0105dzenie zapewnia wygodn\u0105 obs\u0142ug\u0119 i doskona\u0142\u0105 jako\u015b\u0107 obrazu. \ud83d\udd27 Kluczowe [&hellip;]\" \/>\n<meta property=\"og:url\" content=\"https:\/\/www.oio.pl\/da\/produkt-2\/alt-i-en-chipol-f6a-101-4-64gb-rs232-win-10-kopi\/\" \/>\n<meta property=\"og:site_name\" content=\"Mini PC, Komputery, Laptopy, Translatory\" \/>\n<meta property=\"article:publisher\" content=\"https:\/\/www.facebook.com\/oiopl\" \/>\n<meta property=\"article:modified_time\" content=\"2025-07-29T04:16:08+00:00\" \/>\n<meta property=\"og:image\" content=\"https:\/\/www.oio.pl\/wp-content\/uploads\/2025\/03\/Chipol_F6A_05.jpg\" \/>\n\t<meta property=\"og:image:width\" content=\"2000\" \/>\n\t<meta property=\"og:image:height\" content=\"2000\" \/>\n\t<meta property=\"og:image:type\" content=\"image\/jpeg\" \/>\n<meta name=\"twitter:card\" content=\"summary_large_image\" \/>\n<meta name=\"twitter:label1\" content=\"Estimeret l\u00e6setid\" \/>\n\t<meta name=\"twitter:data1\" content=\"3 minutter\" \/>\n<script type=\"application\/ld+json\" class=\"yoast-schema-graph\">{\"@context\":\"https:\\\/\\\/schema.org\",\"@graph\":[{\"@type\":\"WebPage\",\"@id\":\"https:\\\/\\\/www.oio.pl\\\/product\\\/all-in-one-chipol-f6a-101-4-64gb-rs232-win-10-kopia\\\/\",\"url\":\"https:\\\/\\\/www.oio.pl\\\/product\\\/all-in-one-chipol-f6a-101-4-64gb-rs232-win-10-kopia\\\/\",\"name\":\"All-In-One Chipol F6A 10,1\\\" 4\\\/64GB RS232 Win 10 - Mini PC, Komputery, Laptopy, Translatory\",\"isPartOf\":{\"@id\":\"https:\\\/\\\/www.oio.pl\\\/#website\"},\"primaryImageOfPage\":{\"@id\":\"https:\\\/\\\/www.oio.pl\\\/product\\\/all-in-one-chipol-f6a-101-4-64gb-rs232-win-10-kopia\\\/#primaryimage\"},\"image\":{\"@id\":\"https:\\\/\\\/www.oio.pl\\\/product\\\/all-in-one-chipol-f6a-101-4-64gb-rs232-win-10-kopia\\\/#primaryimage\"},\"thumbnailUrl\":\"https:\\\/\\\/www.oio.pl\\\/wp-content\\\/uploads\\\/2025\\\/03\\\/Chipol_F6A_05.jpg\",\"datePublished\":\"2025-03-16T06:48:19+00:00\",\"dateModified\":\"2025-07-29T04:16:08+00:00\",\"breadcrumb\":{\"@id\":\"https:\\\/\\\/www.oio.pl\\\/product\\\/all-in-one-chipol-f6a-101-4-64gb-rs232-win-10-kopia\\\/#breadcrumb\"},\"inLanguage\":\"da-DK\",\"potentialAction\":[{\"@type\":\"ReadAction\",\"target\":[\"https:\\\/\\\/www.oio.pl\\\/product\\\/all-in-one-chipol-f6a-101-4-64gb-rs232-win-10-kopia\\\/\"]}]},{\"@type\":\"ImageObject\",\"inLanguage\":\"da-DK\",\"@id\":\"https:\\\/\\\/www.oio.pl\\\/product\\\/all-in-one-chipol-f6a-101-4-64gb-rs232-win-10-kopia\\\/#primaryimage\",\"url\":\"https:\\\/\\\/www.oio.pl\\\/wp-content\\\/uploads\\\/2025\\\/03\\\/Chipol_F6A_05.jpg\",\"contentUrl\":\"https:\\\/\\\/www.oio.pl\\\/wp-content\\\/uploads\\\/2025\\\/03\\\/Chipol_F6A_05.jpg\",\"width\":2000,\"height\":2000},{\"@type\":\"BreadcrumbList\",\"@id\":\"https:\\\/\\\/www.oio.pl\\\/product\\\/all-in-one-chipol-f6a-101-4-64gb-rs232-win-10-kopia\\\/#breadcrumb\",\"itemListElement\":[{\"@type\":\"ListItem\",\"position\":1,\"name\":\"Strona g\u0142\u00f3wna\",\"item\":\"https:\\\/\\\/www.oio.pl\\\/\"},{\"@type\":\"ListItem\",\"position\":2,\"name\":\"Produkty\",\"item\":\"https:\\\/\\\/www.oio.pl\\\/\"},{\"@type\":\"ListItem\",\"position\":3,\"name\":\"All-In-One Chipol F6A 10,1&#8243; 4\\\/64GB RS232 Win 10\"}]},{\"@type\":\"WebSite\",\"@id\":\"https:\\\/\\\/www.oio.pl\\\/#website\",\"url\":\"https:\\\/\\\/www.oio.pl\\\/\",\"name\":\"OIO.pl \u2013 Tablety przemys\u0142owe, sprz\u0119t IT dla przemys\u0142u i logistyki\",\"description\":\"tablety przemys\u0142owe, rugged tablet, komputer przemys\u0142owy, tablet wytrzyma\u0142y, sprz\u0119t dla przemys\u0142u, tablet z Windows, tablet IP67, laptop dla magazynu, elektronika przemys\u0142owa, komputery przemys\u0142owe, oio.pl, sprz\u0119t dla logistyki, tablet do pracy w terenie, monitor dotykowy przemys\u0142owy\",\"publisher\":{\"@id\":\"https:\\\/\\\/www.oio.pl\\\/#organization\"},\"alternateName\":\"Sklep internetowy dla przemys\u0142u\",\"potentialAction\":[{\"@type\":\"SearchAction\",\"target\":{\"@type\":\"EntryPoint\",\"urlTemplate\":\"https:\\\/\\\/www.oio.pl\\\/?s={search_term_string}\"},\"query-input\":{\"@type\":\"PropertyValueSpecification\",\"valueRequired\":true,\"valueName\":\"search_term_string\"}}],\"inLanguage\":\"da-DK\"},{\"@type\":\"Organization\",\"@id\":\"https:\\\/\\\/www.oio.pl\\\/#organization\",\"name\":\"OIO\",\"alternateName\":\"Sprz\u0119t komputerowy\",\"url\":\"https:\\\/\\\/www.oio.pl\\\/\",\"logo\":{\"@type\":\"ImageObject\",\"inLanguage\":\"da-DK\",\"@id\":\"https:\\\/\\\/www.oio.pl\\\/#\\\/schema\\\/logo\\\/image\\\/\",\"url\":\"https:\\\/\\\/www.oio.pl\\\/wp-content\\\/uploads\\\/2023\\\/11\\\/cropped-cropped-oio_120x120.jpg\",\"contentUrl\":\"https:\\\/\\\/www.oio.pl\\\/wp-content\\\/uploads\\\/2023\\\/11\\\/cropped-cropped-oio_120x120.jpg\",\"width\":120,\"height\":48,\"caption\":\"OIO\"},\"image\":{\"@id\":\"https:\\\/\\\/www.oio.pl\\\/#\\\/schema\\\/logo\\\/image\\\/\"},\"sameAs\":[\"https:\\\/\\\/www.facebook.com\\\/oiopl\"]}]}<\/script>\n<!-- \/ Yoast SEO plugin. -->","yoast_head_json":{"title":"Alt-i-en Chipol F6A 10,1&quot; 4\/64GB RS232 Win 10 - Mini-pc&#039;er, computere, b\u00e6rbare computere, overs\u00e6ttere","robots":{"index":"index","follow":"follow","max-snippet":"max-snippet:-1","max-image-preview":"max-image-preview:large","max-video-preview":"max-video-preview:-1"},"canonical":"https:\/\/www.oio.pl\/da\/produkt-2\/alt-i-en-chipol-f6a-101-4-64gb-rs232-win-10-kopi\/","og_locale":"da_DK","og_type":"article","og_title":"All-In-One Chipol F6A 10,1\" 4\/64GB RS232 Win 10 - Mini PC, Komputery, Laptopy, Translatory","og_description":"Chipol F6A \u2013 Wszechstronny Mini PC z ekranem dotykowym 10,1&#8243; i systemem Windows 10 Kompaktowy. Wszechstronny. Gotowy do dzia\u0142ania. Chipol F6A to nowoczesny mini komputer typu All-in-One, kt\u00f3ry \u0142\u0105czy w sobie funkcjonalno\u015b\u0107 tabletu i wydajno\u015b\u0107 komputera stacjonarnego. Dzi\u0119ki 10,1-calowemu ekranowi dotykowemu IPS o rozdzielczo\u015bci 1280\u00d7800, urz\u0105dzenie zapewnia wygodn\u0105 obs\u0142ug\u0119 i doskona\u0142\u0105 jako\u015b\u0107 obrazu. \ud83d\udd27 Kluczowe [&hellip;]","og_url":"https:\/\/www.oio.pl\/da\/produkt-2\/alt-i-en-chipol-f6a-101-4-64gb-rs232-win-10-kopi\/","og_site_name":"Mini PC, Komputery, Laptopy, Translatory","article_publisher":"https:\/\/www.facebook.com\/oiopl","article_modified_time":"2025-07-29T04:16:08+00:00","og_image":[{"width":2000,"height":2000,"url":"https:\/\/www.oio.pl\/wp-content\/uploads\/2025\/03\/Chipol_F6A_05.jpg","type":"image\/jpeg"}],"twitter_card":"summary_large_image","twitter_misc":{"Estimeret l\u00e6setid":"3 minutter"},"schema":{"@context":"https:\/\/schema.org","@graph":[{"@type":"WebPage","@id":"https:\/\/www.oio.pl\/product\/all-in-one-chipol-f6a-101-4-64gb-rs232-win-10-kopia\/","url":"https:\/\/www.oio.pl\/product\/all-in-one-chipol-f6a-101-4-64gb-rs232-win-10-kopia\/","name":"Alt-i-en Chipol F6A 10,1&quot; 4\/64GB RS232 Win 10 - Mini-pc&#039;er, computere, b\u00e6rbare computere, overs\u00e6ttere","isPartOf":{"@id":"https:\/\/www.oio.pl\/#website"},"primaryImageOfPage":{"@id":"https:\/\/www.oio.pl\/product\/all-in-one-chipol-f6a-101-4-64gb-rs232-win-10-kopia\/#primaryimage"},"image":{"@id":"https:\/\/www.oio.pl\/product\/all-in-one-chipol-f6a-101-4-64gb-rs232-win-10-kopia\/#primaryimage"},"thumbnailUrl":"https:\/\/www.oio.pl\/wp-content\/uploads\/2025\/03\/Chipol_F6A_05.jpg","datePublished":"2025-03-16T06:48:19+00:00","dateModified":"2025-07-29T04:16:08+00:00","breadcrumb":{"@id":"https:\/\/www.oio.pl\/product\/all-in-one-chipol-f6a-101-4-64gb-rs232-win-10-kopia\/#breadcrumb"},"inLanguage":"da-DK","potentialAction":[{"@type":"ReadAction","target":["https:\/\/www.oio.pl\/product\/all-in-one-chipol-f6a-101-4-64gb-rs232-win-10-kopia\/"]}]},{"@type":"ImageObject","inLanguage":"da-DK","@id":"https:\/\/www.oio.pl\/product\/all-in-one-chipol-f6a-101-4-64gb-rs232-win-10-kopia\/#primaryimage","url":"https:\/\/www.oio.pl\/wp-content\/uploads\/2025\/03\/Chipol_F6A_05.jpg","contentUrl":"https:\/\/www.oio.pl\/wp-content\/uploads\/2025\/03\/Chipol_F6A_05.jpg","width":2000,"height":2000},{"@type":"BreadcrumbList","@id":"https:\/\/www.oio.pl\/product\/all-in-one-chipol-f6a-101-4-64gb-rs232-win-10-kopia\/#breadcrumb","itemListElement":[{"@type":"ListItem","position":1,"name":"Strona g\u0142\u00f3wna","item":"https:\/\/www.oio.pl\/"},{"@type":"ListItem","position":2,"name":"Produkty","item":"https:\/\/www.oio.pl\/"},{"@type":"ListItem","position":3,"name":"All-In-One Chipol F6A 10,1&#8243; 4\/64GB RS232 Win 10"}]},{"@type":"WebSite","@id":"https:\/\/www.oio.pl\/#website","url":"https:\/\/www.oio.pl\/","name":"OIO.pl \u2013 Industrielle tablets, IT-udstyr til industri og logistik","description":"Industrielle tablets, robust tablet, industriel computer, holdbar tablet, udstyr til industrien, Windows-tablet, IP67-tablet, b\u00e6rbar lager, industriel elektronik, industrielle computere, oio.pl, logistikudstyr, tablet til feltarbejdsbrug, industriel ber\u00f8ringssk\u00e6rm","publisher":{"@id":"https:\/\/www.oio.pl\/#organization"},"alternateName":"Sklep internetowy dla przemys\u0142u","potentialAction":[{"@type":"SearchAction","target":{"@type":"EntryPoint","urlTemplate":"https:\/\/www.oio.pl\/?s={search_term_string}"},"query-input":{"@type":"PropertyValueSpecification","valueRequired":true,"valueName":"search_term_string"}}],"inLanguage":"da-DK"},{"@type":"Organization","@id":"https:\/\/www.oio.pl\/#organization","name":"OIO","alternateName":"Sprz\u0119t komputerowy","url":"https:\/\/www.oio.pl\/","logo":{"@type":"ImageObject","inLanguage":"da-DK","@id":"https:\/\/www.oio.pl\/#\/schema\/logo\/image\/","url":"https:\/\/www.oio.pl\/wp-content\/uploads\/2023\/11\/cropped-cropped-oio_120x120.jpg","contentUrl":"https:\/\/www.oio.pl\/wp-content\/uploads\/2023\/11\/cropped-cropped-oio_120x120.jpg","width":120,"height":48,"caption":"OIO"},"image":{"@id":"https:\/\/www.oio.pl\/#\/schema\/logo\/image\/"},"sameAs":["https:\/\/www.facebook.com\/oiopl"]}]}},"_links":{"self":[{"href":"https:\/\/www.oio.pl\/da\/wp-json\/wp\/v2\/product\/7296","targetHints":{"allow":["GET"]}}],"collection":[{"href":"https:\/\/www.oio.pl\/da\/wp-json\/wp\/v2\/product"}],"about":[{"href":"https:\/\/www.oio.pl\/da\/wp-json\/wp\/v2\/types\/product"}],"replies":[{"embeddable":true,"href":"https:\/\/www.oio.pl\/da\/wp-json\/wp\/v2\/comments?post=7296"}],"wp:featuredmedia":[{"embeddable":true,"href":"https:\/\/www.oio.pl\/da\/wp-json\/wp\/v2\/media\/7299"}],"wp:attachment":[{"href":"https:\/\/www.oio.pl\/da\/wp-json\/wp\/v2\/media?parent=7296"}],"wp:term":[{"taxonomy":"product_brand","embeddable":true,"href":"https:\/\/www.oio.pl\/da\/wp-json\/wp\/v2\/product_brand?post=7296"},{"taxonomy":"product_cat","embeddable":true,"href":"https:\/\/www.oio.pl\/da\/wp-json\/wp\/v2\/product_cat?post=7296"},{"taxonomy":"product_tag","embeddable":true,"href":"https:\/\/www.oio.pl\/da\/wp-json\/wp\/v2\/product_tag?post=7296"}],"curies":[{"name":"wp","href":"https:\/\/api.w.org\/{rel}","templated":true}]}}