{"id":7347,"date":"2025-03-22T13:04:02","date_gmt":"2025-03-22T12:04:02","guid":{"rendered":"https:\/\/www.oio.pl\/?post_type=product&#038;p=7347"},"modified":"2025-11-29T07:38:19","modified_gmt":"2025-11-29T06:38:19","slug":"mini-pc-til-deepseek-ai-chipol-m1a9-i9-12900h-rtx3080-ddr5-64-gb-512-gb-win11-mini-pc-til-deepseek-ai-chipol-m1a9-i9-12900h-rtx3080-ddr5-64-gb-512-gb-win11","status":"publish","type":"product","link":"https:\/\/www.oio.pl\/da\/product\/mini-pc-do-deepseek-ai-chipol-m1a9-i9-12900h-rtx3080-ddr5-64gb-512gb-win11mini-pc-do-deepseek-ai-chipol-m1a9-i9-12900h-rtx3080-ddr5-64gb-512gb-win11\/","title":{"rendered":"Mini-pc til Deepseek AI Chipol M1A9 i9-12900H RTX3080 DDR5 Win11"},"content":{"rendered":"<p>Oplev en ny dimension af computerarbejde med vores unikke Mini Cube PC! Designet med ydeevne og en kompakt formfaktor i tankerne, er vores Mini PC den perfekte gamingl\u00f8sning til dem, der kr\u00e6ver meget kraft i en lille pakke. Den eneste computer med disse funktioner!<\/p>\n<h2>Utrolig ydeevne:<img decoding=\"async\" class=\"alignright\" src=\"https:\/\/www.oio.pl\/wp-content\/uploads\/2025\/03\/M1A-Gaming-mini-pc-1-300x300.jpg\" \/><\/h2>\n<p>Med en kraftfuld i9-processor og et avanceret RTX3080M-grafikkort garanterer vores Mini PC hurtig og problemfri ydeevne. \u00c5bn d\u00f8ren til en verden af problemfri multitasking, j\u00e6vn grafik og lynhurtig programstart.<\/p>\n<h2>Kompakt form, enorme muligheder:<\/h2>\n<p>Glem alt om tunge, klodsede computere! Vores mini-pc passer i din h\u00e5ndflade, men tilbyder et komplet udvalg af porte, s\u00e5 du nemt kan tilslutte eksterne enheder. Den perfekte ledsager til dem, der har brug for en mobil arbejdsplads.<\/p>\n<h2><a href=\"https:\/\/www.oio.pl\/wp-content\/uploads\/2025\/03\/M1A-Tank03-pc-computer-2.png\"><img loading=\"lazy\" decoding=\"async\" class=\"size-medium wp-image-7351 alignleft\" src=\"https:\/\/www.oio.pl\/wp-content\/uploads\/2025\/03\/M1A-Tank03-pc-computer-2-300x300.png\" alt=\"\" width=\"300\" height=\"300\" srcset=\"https:\/\/www.oio.pl\/wp-content\/uploads\/2025\/03\/M1A-Tank03-pc-computer-2-300x300.png 300w, https:\/\/www.oio.pl\/wp-content\/uploads\/2025\/03\/M1A-Tank03-pc-computer-2-150x150.png 150w, https:\/\/www.oio.pl\/wp-content\/uploads\/2025\/03\/M1A-Tank03-pc-computer-2-768x768.png 768w, https:\/\/www.oio.pl\/wp-content\/uploads\/2025\/03\/M1A-Tank03-pc-computer-2-12x12.png 12w, https:\/\/www.oio.pl\/wp-content\/uploads\/2025\/03\/M1A-Tank03-pc-computer-2-510x510.png 510w, https:\/\/www.oio.pl\/wp-content\/uploads\/2025\/03\/M1A-Tank03-pc-computer-2-600x600.png 600w, https:\/\/www.oio.pl\/wp-content\/uploads\/2025\/03\/M1A-Tank03-pc-computer-2-100x100.png 100w, https:\/\/www.oio.pl\/wp-content\/uploads\/2025\/03\/M1A-Tank03-pc-computer-2.png 1000w\" sizes=\"auto, (max-width: 300px) 100vw, 300px\" \/><\/a>Elegant design:<\/h2>\n<p>Det minimalistiske, moderne design g\u00f8r vores Mini PC perfekt til alle steder. Uanset om du arbejder hjemmefra eller nyder underholdning, vil vores Mini PC ikke kun imponere med sin ydeevne, men ogs\u00e5 med sit stilfulde udseende.<\/p>\n<h2>K\u00f8lesystem:<\/h2>\n<p>Glem alt om overophedning! Vores mini-pc er udstyret med et avanceret k\u00f8lesystem, der opretholder optimale temperaturer selv under intensiv brug. Hardwaresikkerhed er vores prioritet!<\/p>\n<h2>H\u00f8jt niveau af sikkerhed:<\/h2>\n<p>Takket v\u00e6re indbyggede sikkerhedsfunktioner kan du v\u00e6re sikker p\u00e5, at dine data er sikre. Beskyt dine filer og oplysninger mod uautoriseret adgang ved hj\u00e6lp af vores mini-pc&#039;s avancerede sikkerhedsmuligheder.<\/p>\n<p>&nbsp;<\/p>","protected":false},"excerpt":{"rendered":"<p>Odkryj nowy wymiar komputer\u00f3w z naszym wyj\u0105tkowym Mini Cube PC! Zaprojektowany z my\u015bl\u0105 o wydajno\u015bci i kompaktowej formie, nasz Mini PC to idealne rozwi\u0105zanie do grania, dla tych, kt\u00f3rzy wymagaj\u0105 du\u017co mocy w niewielkim urz\u0105dzeniu. Jedyny komputer\u00a0 z takimi mo\u017cliwo\u015bciami !!! Niesamowita Wydajno\u015b\u0107: Dzi\u0119ki pot\u0119\u017cnemu procesorowi i9 i zaawansowanej karcie graficznej RTX3080M , nasz Mini [&hellip;]<\/p>\n","protected":false},"featured_media":7348,"comment_status":"closed","ping_status":"closed","template":"","meta":[],"product_brand":[3231],"product_cat":[3221],"product_tag":[125,3266,3244,3269,3270,3259,47,3241,3124,3242,3240,3243,3267,3268],"class_list":{"0":"post-7347","1":"product","2":"type-product","3":"status-publish","4":"has-post-thumbnail","6":"product_brand-chipol","7":"product_cat-pc-games","8":"product_tag-minipc","9":"product_tag-chipolm1a9","10":"product_tag-dobry-komputer","11":"product_tag-gamingworkstation","12":"product_tag-highperformancepc","13":"product_tag-i912900h","14":"product_tag-komputer","15":"product_tag-komputer-dla-gracza","16":"product_tag-komputer-do-gier","17":"product_tag-komputer-do-grania","18":"product_tag-komputer-gamingowy","19":"product_tag-mocny-komputer","20":"product_tag-rtx3080","21":"product_tag-windows11","23":"first","24":"onbackorder","25":"taxable","26":"shipping-taxable","27":"purchasable","28":"product-type-variable","29":"czr-hentry"},"yoast_head":"<!-- This site is optimized with the Yoast SEO plugin v27.4 - https:\/\/yoast.com\/product\/yoast-seo-wordpress\/ -->\n<title>Mini PC do Deepseek AI Chipol M1A9 i9-12900H RTX3080 DDR5 Win11 - Mini PC, Komputery, Laptopy, Translatory<\/title>\n<meta name=\"description\" content=\"Pot\u0119\u017cny mini komputer z procesorem Intel i9-12900H, kart\u0105 graficzn\u0105 RTX 3080, 64GB RAM DDR5 i dyskiem SSD 512GB. Przeznaczony dla profesjonalist\u00f3w i wymagaj\u0105cych graczy.\" \/>\n<meta name=\"robots\" content=\"index, follow, max-snippet:-1, max-image-preview:large, max-video-preview:-1\" \/>\n<link rel=\"canonical\" href=\"https:\/\/www.oio.pl\/da\/produkt-2\/mini-pc-til-deepseek-ai-chipol-m1a9-i9-12900h-rtx3080-ddr5-64-gb-512-gb-win11-mini-pc-til-deepseek-ai-chipol-m1a9-i9-12900h-rtx3080-ddr5-64-gb-512-gb-win11\/\" \/>\n<meta property=\"og:locale\" content=\"da_DK\" \/>\n<meta property=\"og:type\" content=\"article\" \/>\n<meta property=\"og:title\" content=\"Mini PC do Deepseek AI Chipol M1A9 i9-12900H RTX3080 DDR5 Win11 - Mini PC, Komputery, Laptopy, Translatory\" \/>\n<meta property=\"og:description\" content=\"Pot\u0119\u017cny mini komputer z procesorem Intel i9-12900H, kart\u0105 graficzn\u0105 RTX 3080, 64GB RAM DDR5 i dyskiem SSD 512GB. Przeznaczony dla profesjonalist\u00f3w i wymagaj\u0105cych graczy.\" \/>\n<meta property=\"og:url\" content=\"https:\/\/www.oio.pl\/da\/produkt-2\/mini-pc-til-deepseek-ai-chipol-m1a9-i9-12900h-rtx3080-ddr5-64-gb-512-gb-win11-mini-pc-til-deepseek-ai-chipol-m1a9-i9-12900h-rtx3080-ddr5-64-gb-512-gb-win11\/\" \/>\n<meta property=\"og:site_name\" content=\"Mini PC, Komputery, Laptopy, Translatory\" \/>\n<meta property=\"article:publisher\" content=\"https:\/\/www.facebook.com\/oiopl\" \/>\n<meta property=\"article:modified_time\" content=\"2025-11-29T06:38:19+00:00\" \/>\n<meta property=\"og:image\" content=\"https:\/\/www.oio.pl\/wp-content\/uploads\/2025\/03\/M1A-Gaming-mini-pc-1.jpg\" \/>\n\t<meta property=\"og:image:width\" content=\"720\" \/>\n\t<meta property=\"og:image:height\" content=\"720\" \/>\n\t<meta property=\"og:image:type\" content=\"image\/jpeg\" \/>\n<meta name=\"twitter:card\" content=\"summary_large_image\" \/>\n<meta name=\"twitter:label1\" content=\"Estimeret l\u00e6setid\" \/>\n\t<meta name=\"twitter:data1\" content=\"2 minutter\" \/>\n<script type=\"application\/ld+json\" class=\"yoast-schema-graph\">{\"@context\":\"https:\\\/\\\/schema.org\",\"@graph\":[{\"@type\":\"WebPage\",\"@id\":\"https:\\\/\\\/www.oio.pl\\\/product\\\/mini-pc-do-deepseek-ai-chipol-m1a9-i9-12900h-rtx3080-ddr5-64gb-512gb-win11mini-pc-do-deepseek-ai-chipol-m1a9-i9-12900h-rtx3080-ddr5-64gb-512gb-win11\\\/\",\"url\":\"https:\\\/\\\/www.oio.pl\\\/product\\\/mini-pc-do-deepseek-ai-chipol-m1a9-i9-12900h-rtx3080-ddr5-64gb-512gb-win11mini-pc-do-deepseek-ai-chipol-m1a9-i9-12900h-rtx3080-ddr5-64gb-512gb-win11\\\/\",\"name\":\"Mini PC do Deepseek AI Chipol M1A9 i9-12900H RTX3080 DDR5 Win11 - Mini PC, Komputery, Laptopy, Translatory\",\"isPartOf\":{\"@id\":\"https:\\\/\\\/www.oio.pl\\\/#website\"},\"primaryImageOfPage\":{\"@id\":\"https:\\\/\\\/www.oio.pl\\\/product\\\/mini-pc-do-deepseek-ai-chipol-m1a9-i9-12900h-rtx3080-ddr5-64gb-512gb-win11mini-pc-do-deepseek-ai-chipol-m1a9-i9-12900h-rtx3080-ddr5-64gb-512gb-win11\\\/#primaryimage\"},\"image\":{\"@id\":\"https:\\\/\\\/www.oio.pl\\\/product\\\/mini-pc-do-deepseek-ai-chipol-m1a9-i9-12900h-rtx3080-ddr5-64gb-512gb-win11mini-pc-do-deepseek-ai-chipol-m1a9-i9-12900h-rtx3080-ddr5-64gb-512gb-win11\\\/#primaryimage\"},\"thumbnailUrl\":\"https:\\\/\\\/www.oio.pl\\\/wp-content\\\/uploads\\\/2025\\\/03\\\/M1A-Gaming-mini-pc-1.jpg\",\"datePublished\":\"2025-03-22T12:04:02+00:00\",\"dateModified\":\"2025-11-29T06:38:19+00:00\",\"description\":\"Pot\u0119\u017cny mini komputer z procesorem Intel i9-12900H, kart\u0105 graficzn\u0105 RTX 3080, 64GB RAM DDR5 i dyskiem SSD 512GB. Przeznaczony dla profesjonalist\u00f3w i wymagaj\u0105cych graczy.\",\"breadcrumb\":{\"@id\":\"https:\\\/\\\/www.oio.pl\\\/product\\\/mini-pc-do-deepseek-ai-chipol-m1a9-i9-12900h-rtx3080-ddr5-64gb-512gb-win11mini-pc-do-deepseek-ai-chipol-m1a9-i9-12900h-rtx3080-ddr5-64gb-512gb-win11\\\/#breadcrumb\"},\"inLanguage\":\"da-DK\",\"potentialAction\":[{\"@type\":\"ReadAction\",\"target\":[\"https:\\\/\\\/www.oio.pl\\\/product\\\/mini-pc-do-deepseek-ai-chipol-m1a9-i9-12900h-rtx3080-ddr5-64gb-512gb-win11mini-pc-do-deepseek-ai-chipol-m1a9-i9-12900h-rtx3080-ddr5-64gb-512gb-win11\\\/\"]}]},{\"@type\":\"ImageObject\",\"inLanguage\":\"da-DK\",\"@id\":\"https:\\\/\\\/www.oio.pl\\\/product\\\/mini-pc-do-deepseek-ai-chipol-m1a9-i9-12900h-rtx3080-ddr5-64gb-512gb-win11mini-pc-do-deepseek-ai-chipol-m1a9-i9-12900h-rtx3080-ddr5-64gb-512gb-win11\\\/#primaryimage\",\"url\":\"https:\\\/\\\/www.oio.pl\\\/wp-content\\\/uploads\\\/2025\\\/03\\\/M1A-Gaming-mini-pc-1.jpg\",\"contentUrl\":\"https:\\\/\\\/www.oio.pl\\\/wp-content\\\/uploads\\\/2025\\\/03\\\/M1A-Gaming-mini-pc-1.jpg\",\"width\":720,\"height\":720},{\"@type\":\"BreadcrumbList\",\"@id\":\"https:\\\/\\\/www.oio.pl\\\/product\\\/mini-pc-do-deepseek-ai-chipol-m1a9-i9-12900h-rtx3080-ddr5-64gb-512gb-win11mini-pc-do-deepseek-ai-chipol-m1a9-i9-12900h-rtx3080-ddr5-64gb-512gb-win11\\\/#breadcrumb\",\"itemListElement\":[{\"@type\":\"ListItem\",\"position\":1,\"name\":\"Strona g\u0142\u00f3wna\",\"item\":\"https:\\\/\\\/www.oio.pl\\\/\"},{\"@type\":\"ListItem\",\"position\":2,\"name\":\"Produkty\",\"item\":\"https:\\\/\\\/www.oio.pl\\\/\"},{\"@type\":\"ListItem\",\"position\":3,\"name\":\"Mini PC do Deepseek AI Chipol M1A9 i9-12900H RTX3080 DDR5 Win11\"}]},{\"@type\":\"WebSite\",\"@id\":\"https:\\\/\\\/www.oio.pl\\\/#website\",\"url\":\"https:\\\/\\\/www.oio.pl\\\/\",\"name\":\"OIO.pl \u2013 Tablety przemys\u0142owe, sprz\u0119t IT dla przemys\u0142u i logistyki\",\"description\":\"tablety przemys\u0142owe, rugged tablet, komputer przemys\u0142owy, tablet wytrzyma\u0142y, sprz\u0119t dla przemys\u0142u, tablet z Windows, tablet IP67, laptop dla magazynu, elektronika przemys\u0142owa, komputery przemys\u0142owe, oio.pl, sprz\u0119t dla logistyki, tablet do pracy w terenie, monitor dotykowy przemys\u0142owy\",\"publisher\":{\"@id\":\"https:\\\/\\\/www.oio.pl\\\/#organization\"},\"alternateName\":\"Sklep internetowy dla przemys\u0142u\",\"potentialAction\":[{\"@type\":\"SearchAction\",\"target\":{\"@type\":\"EntryPoint\",\"urlTemplate\":\"https:\\\/\\\/www.oio.pl\\\/?s={search_term_string}\"},\"query-input\":{\"@type\":\"PropertyValueSpecification\",\"valueRequired\":true,\"valueName\":\"search_term_string\"}}],\"inLanguage\":\"da-DK\"},{\"@type\":\"Organization\",\"@id\":\"https:\\\/\\\/www.oio.pl\\\/#organization\",\"name\":\"OIO\",\"alternateName\":\"Sprz\u0119t komputerowy\",\"url\":\"https:\\\/\\\/www.oio.pl\\\/\",\"logo\":{\"@type\":\"ImageObject\",\"inLanguage\":\"da-DK\",\"@id\":\"https:\\\/\\\/www.oio.pl\\\/#\\\/schema\\\/logo\\\/image\\\/\",\"url\":\"https:\\\/\\\/www.oio.pl\\\/wp-content\\\/uploads\\\/2023\\\/11\\\/cropped-cropped-oio_120x120.jpg\",\"contentUrl\":\"https:\\\/\\\/www.oio.pl\\\/wp-content\\\/uploads\\\/2023\\\/11\\\/cropped-cropped-oio_120x120.jpg\",\"width\":120,\"height\":48,\"caption\":\"OIO\"},\"image\":{\"@id\":\"https:\\\/\\\/www.oio.pl\\\/#\\\/schema\\\/logo\\\/image\\\/\"},\"sameAs\":[\"https:\\\/\\\/www.facebook.com\\\/oiopl\"]}]}<\/script>\n<!-- \/ Yoast SEO plugin. -->","yoast_head_json":{"title":"Mini-pc til Deepseek AI Chipol M1A9 i9-12900H RTX3080 DDR5 Win11 - Mini-pc&#039;er, computere, b\u00e6rbare computere, overs\u00e6ttere","description":"En kraftfuld mini-pc med en Intel i9-12900H-processor, RTX 3080-grafikkort, 64 GB DDR5 RAM og en 512 GB SSD. Designet til professionelle og kr\u00e6vende gamere.","robots":{"index":"index","follow":"follow","max-snippet":"max-snippet:-1","max-image-preview":"max-image-preview:large","max-video-preview":"max-video-preview:-1"},"canonical":"https:\/\/www.oio.pl\/da\/produkt-2\/mini-pc-til-deepseek-ai-chipol-m1a9-i9-12900h-rtx3080-ddr5-64-gb-512-gb-win11-mini-pc-til-deepseek-ai-chipol-m1a9-i9-12900h-rtx3080-ddr5-64-gb-512-gb-win11\/","og_locale":"da_DK","og_type":"article","og_title":"Mini PC do Deepseek AI Chipol M1A9 i9-12900H RTX3080 DDR5 Win11 - Mini PC, Komputery, Laptopy, Translatory","og_description":"Pot\u0119\u017cny mini komputer z procesorem Intel i9-12900H, kart\u0105 graficzn\u0105 RTX 3080, 64GB RAM DDR5 i dyskiem SSD 512GB. Przeznaczony dla profesjonalist\u00f3w i wymagaj\u0105cych graczy.","og_url":"https:\/\/www.oio.pl\/da\/produkt-2\/mini-pc-til-deepseek-ai-chipol-m1a9-i9-12900h-rtx3080-ddr5-64-gb-512-gb-win11-mini-pc-til-deepseek-ai-chipol-m1a9-i9-12900h-rtx3080-ddr5-64-gb-512-gb-win11\/","og_site_name":"Mini PC, Komputery, Laptopy, Translatory","article_publisher":"https:\/\/www.facebook.com\/oiopl","article_modified_time":"2025-11-29T06:38:19+00:00","og_image":[{"width":720,"height":720,"url":"https:\/\/www.oio.pl\/wp-content\/uploads\/2025\/03\/M1A-Gaming-mini-pc-1.jpg","type":"image\/jpeg"}],"twitter_card":"summary_large_image","twitter_misc":{"Estimeret l\u00e6setid":"2 minutter"},"schema":{"@context":"https:\/\/schema.org","@graph":[{"@type":"WebPage","@id":"https:\/\/www.oio.pl\/product\/mini-pc-do-deepseek-ai-chipol-m1a9-i9-12900h-rtx3080-ddr5-64gb-512gb-win11mini-pc-do-deepseek-ai-chipol-m1a9-i9-12900h-rtx3080-ddr5-64gb-512gb-win11\/","url":"https:\/\/www.oio.pl\/product\/mini-pc-do-deepseek-ai-chipol-m1a9-i9-12900h-rtx3080-ddr5-64gb-512gb-win11mini-pc-do-deepseek-ai-chipol-m1a9-i9-12900h-rtx3080-ddr5-64gb-512gb-win11\/","name":"Mini-pc til Deepseek AI Chipol M1A9 i9-12900H RTX3080 DDR5 Win11 - Mini-pc&#039;er, computere, b\u00e6rbare computere, overs\u00e6ttere","isPartOf":{"@id":"https:\/\/www.oio.pl\/#website"},"primaryImageOfPage":{"@id":"https:\/\/www.oio.pl\/product\/mini-pc-do-deepseek-ai-chipol-m1a9-i9-12900h-rtx3080-ddr5-64gb-512gb-win11mini-pc-do-deepseek-ai-chipol-m1a9-i9-12900h-rtx3080-ddr5-64gb-512gb-win11\/#primaryimage"},"image":{"@id":"https:\/\/www.oio.pl\/product\/mini-pc-do-deepseek-ai-chipol-m1a9-i9-12900h-rtx3080-ddr5-64gb-512gb-win11mini-pc-do-deepseek-ai-chipol-m1a9-i9-12900h-rtx3080-ddr5-64gb-512gb-win11\/#primaryimage"},"thumbnailUrl":"https:\/\/www.oio.pl\/wp-content\/uploads\/2025\/03\/M1A-Gaming-mini-pc-1.jpg","datePublished":"2025-03-22T12:04:02+00:00","dateModified":"2025-11-29T06:38:19+00:00","description":"En kraftfuld mini-pc med en Intel i9-12900H-processor, RTX 3080-grafikkort, 64 GB DDR5 RAM og en 512 GB SSD. Designet til professionelle og kr\u00e6vende gamere.","breadcrumb":{"@id":"https:\/\/www.oio.pl\/product\/mini-pc-do-deepseek-ai-chipol-m1a9-i9-12900h-rtx3080-ddr5-64gb-512gb-win11mini-pc-do-deepseek-ai-chipol-m1a9-i9-12900h-rtx3080-ddr5-64gb-512gb-win11\/#breadcrumb"},"inLanguage":"da-DK","potentialAction":[{"@type":"ReadAction","target":["https:\/\/www.oio.pl\/product\/mini-pc-do-deepseek-ai-chipol-m1a9-i9-12900h-rtx3080-ddr5-64gb-512gb-win11mini-pc-do-deepseek-ai-chipol-m1a9-i9-12900h-rtx3080-ddr5-64gb-512gb-win11\/"]}]},{"@type":"ImageObject","inLanguage":"da-DK","@id":"https:\/\/www.oio.pl\/product\/mini-pc-do-deepseek-ai-chipol-m1a9-i9-12900h-rtx3080-ddr5-64gb-512gb-win11mini-pc-do-deepseek-ai-chipol-m1a9-i9-12900h-rtx3080-ddr5-64gb-512gb-win11\/#primaryimage","url":"https:\/\/www.oio.pl\/wp-content\/uploads\/2025\/03\/M1A-Gaming-mini-pc-1.jpg","contentUrl":"https:\/\/www.oio.pl\/wp-content\/uploads\/2025\/03\/M1A-Gaming-mini-pc-1.jpg","width":720,"height":720},{"@type":"BreadcrumbList","@id":"https:\/\/www.oio.pl\/product\/mini-pc-do-deepseek-ai-chipol-m1a9-i9-12900h-rtx3080-ddr5-64gb-512gb-win11mini-pc-do-deepseek-ai-chipol-m1a9-i9-12900h-rtx3080-ddr5-64gb-512gb-win11\/#breadcrumb","itemListElement":[{"@type":"ListItem","position":1,"name":"Strona g\u0142\u00f3wna","item":"https:\/\/www.oio.pl\/"},{"@type":"ListItem","position":2,"name":"Produkty","item":"https:\/\/www.oio.pl\/"},{"@type":"ListItem","position":3,"name":"Mini PC do Deepseek AI Chipol M1A9 i9-12900H RTX3080 DDR5 Win11"}]},{"@type":"WebSite","@id":"https:\/\/www.oio.pl\/#website","url":"https:\/\/www.oio.pl\/","name":"OIO.pl \u2013 Industrielle tablets, IT-udstyr til industri og logistik","description":"Industrielle tablets, robust tablet, industriel computer, holdbar tablet, udstyr til industrien, Windows-tablet, IP67-tablet, b\u00e6rbar lager, industriel elektronik, industrielle computere, oio.pl, logistikudstyr, tablet til feltarbejdsbrug, industriel ber\u00f8ringssk\u00e6rm","publisher":{"@id":"https:\/\/www.oio.pl\/#organization"},"alternateName":"Sklep internetowy dla przemys\u0142u","potentialAction":[{"@type":"SearchAction","target":{"@type":"EntryPoint","urlTemplate":"https:\/\/www.oio.pl\/?s={search_term_string}"},"query-input":{"@type":"PropertyValueSpecification","valueRequired":true,"valueName":"search_term_string"}}],"inLanguage":"da-DK"},{"@type":"Organization","@id":"https:\/\/www.oio.pl\/#organization","name":"OIO","alternateName":"Sprz\u0119t komputerowy","url":"https:\/\/www.oio.pl\/","logo":{"@type":"ImageObject","inLanguage":"da-DK","@id":"https:\/\/www.oio.pl\/#\/schema\/logo\/image\/","url":"https:\/\/www.oio.pl\/wp-content\/uploads\/2023\/11\/cropped-cropped-oio_120x120.jpg","contentUrl":"https:\/\/www.oio.pl\/wp-content\/uploads\/2023\/11\/cropped-cropped-oio_120x120.jpg","width":120,"height":48,"caption":"OIO"},"image":{"@id":"https:\/\/www.oio.pl\/#\/schema\/logo\/image\/"},"sameAs":["https:\/\/www.facebook.com\/oiopl"]}]}},"_links":{"self":[{"href":"https:\/\/www.oio.pl\/da\/wp-json\/wp\/v2\/product\/7347","targetHints":{"allow":["GET"]}}],"collection":[{"href":"https:\/\/www.oio.pl\/da\/wp-json\/wp\/v2\/product"}],"about":[{"href":"https:\/\/www.oio.pl\/da\/wp-json\/wp\/v2\/types\/product"}],"replies":[{"embeddable":true,"href":"https:\/\/www.oio.pl\/da\/wp-json\/wp\/v2\/comments?post=7347"}],"wp:featuredmedia":[{"embeddable":true,"href":"https:\/\/www.oio.pl\/da\/wp-json\/wp\/v2\/media\/7348"}],"wp:attachment":[{"href":"https:\/\/www.oio.pl\/da\/wp-json\/wp\/v2\/media?parent=7347"}],"wp:term":[{"taxonomy":"product_brand","embeddable":true,"href":"https:\/\/www.oio.pl\/da\/wp-json\/wp\/v2\/product_brand?post=7347"},{"taxonomy":"product_cat","embeddable":true,"href":"https:\/\/www.oio.pl\/da\/wp-json\/wp\/v2\/product_cat?post=7347"},{"taxonomy":"product_tag","embeddable":true,"href":"https:\/\/www.oio.pl\/da\/wp-json\/wp\/v2\/product_tag?post=7347"}],"curies":[{"name":"wp","href":"https:\/\/api.w.org\/{rel}","templated":true}]}}