{"id":737,"date":"2019-07-11T21:25:23","date_gmt":"2019-07-11T19:25:23","guid":{"rendered":"https:\/\/www.oio.pl\/?post_type=product&#038;p=737"},"modified":"2024-05-16T05:55:44","modified_gmt":"2024-05-16T03:55:44","slug":"d8s-tv-boks-projektor-i-en-2-gb-16-gb-1280-x-720","status":"publish","type":"product","link":"https:\/\/www.oio.pl\/da\/product\/projektor-d8s-tv-box-w-jednym-2gb-16gb-1280x720\/","title":{"rendered":"D8S Projektor + TV-boks i \u00e9n 2GB\/16GB 1280\u00d7720"},"content":{"rendered":"<h2>D8S Projektor + TV-boks + 2\/16GB + 12000mAh Batteri + Android 6 + 3500 Lumen<\/h2>\n<p>D8S-projektoren er en kombination af en projektor af fremragende kvalitet og en tv-boks med et batteri med h\u00f8j kapacitet.<\/p>\n<p>Din egen hjemmebiograf med en maksimal st\u00f8rrelse p\u00e5 300 tommer uden behov for yderligere enheder!!!<\/p>\n<p>Det er ikke bare en projektor, men en hel biograf med en otte-kernet 64-bit Cortex-A53-processor kombineret med PowerVR G6110-grafik.<\/p>\n<p>Android 6.0-operativsystemet, ekstra monteringsmuligheder og et klart billede selv om dagen giver dig mulighed for at bruge D8S som et effektivt reklamev\u00e6rkt\u00f8j.<\/p>\n<p><b>Projektorens funktioner:<\/b><\/p>\n<ul>\n<li>Processor: RK3368 Octa-core 64-bit Cortex-A53 op til 1,5 GHz<\/li>\n<li>System: Android 6.0.1<\/li>\n<li>RAM: 2 GB<\/li>\n<li>ROM-hukommelse: 16 GB<\/li>\n<li>Wifi-netv\u00e6rk: Dobbelt 2,4\/5 GHz 802.11a\/b\/g\/n\/ac<\/li>\n<li>Bluetooth 4.0<\/li>\n<li>2 USB-porte<\/li>\n<li>TF-kortl\u00e6ser<\/li>\n<li>Opl\u00f8sning: WXGA 1280\u00d7720 (maks. 1080p)<\/li>\n<li>Underst\u00f8ttelse af 2K\/4K\/1080p\/H.265<\/li>\n<li>INDBYGGET BATTERI: 12000mAh<\/li>\n<li>Underst\u00f8ttelse af Kodi, Youtube, Netflix, Facebook, Twitter, Skype osv.<\/li>\n<\/ul>\n<p>Perfekt til arbejde, hjem og fritid \u2013 en b\u00e6rbar hjemmebiograf eller et pr\u00e6sentationssystem.<\/p>\n<p>Miracast- og Airplay-underst\u00f8ttelse er yderligere fordele ved denne model.<\/p>","protected":false},"excerpt":{"rendered":"<p>En kort beskrivelse<\/p>","protected":false},"featured_media":742,"comment_status":"closed","ping_status":"closed","template":"","meta":[],"product_brand":[],"product_cat":[29],"product_tag":[2967,2976,2978,2977,2985,2973,2964,2983,2971,2969,66,2968,2974,2984,2980,2965,2982,2966,2963,2975,2981,83,2972,86,2970,85,2979],"class_list":{"0":"post-737","1":"product","2":"type-product","3":"status-publish","4":"has-post-thumbnail","6":"product_cat-projektory","7":"product_tag-4k-projector","8":"product_tag-best-4k-projector","9":"product_tag-best-budget-projector","10":"product_tag-best-gaming-projector","11":"product_tag-best-mini-projector","12":"product_tag-best-portable-projector","13":"product_tag-best-projector","14":"product_tag-budget-projector","15":"product_tag-diy-projector","16":"product_tag-gaming-projector","17":"product_tag-hdmi","18":"product_tag-home-theater-projector","19":"product_tag-laser-projector","20":"product_tag-laser-projector-tv","21":"product_tag-led-projector","22":"product_tag-mini-projector","23":"product_tag-pocket-projector","24":"product_tag-portable-projector","25":"product_tag-projector","26":"product_tag-projector-screen","27":"product_tag-projector-vs-tv","28":"product_tag-projektor","29":"product_tag-short-throw-projector","30":"product_tag-tvbox","31":"product_tag-ultra-short-throw-projector","32":"product_tag-usb","33":"product_tag-ust-projector","35":"first","36":"instock","37":"taxable","38":"shipping-taxable","39":"purchasable","40":"product-type-simple","41":"czr-hentry"},"yoast_head":"<!-- This site is optimized with the Yoast SEO plugin v27.4 - https:\/\/yoast.com\/product\/yoast-seo-wordpress\/ -->\n<title>Projektor D8S +Tv box w jednym 2GB\/16GB 1280x720 - Mini PC, Komputery, Laptopy, Translatory<\/title>\n<meta name=\"robots\" content=\"index, follow, max-snippet:-1, max-image-preview:large, max-video-preview:-1\" \/>\n<link rel=\"canonical\" href=\"https:\/\/www.oio.pl\/da\/product-2\/d8s-tv-boks-projektor-i-en-2-gb-16-gb-1280-x-720\/\" \/>\n<meta property=\"og:locale\" content=\"da_DK\" \/>\n<meta property=\"og:type\" content=\"article\" \/>\n<meta property=\"og:title\" content=\"Projektor D8S +Tv box w jednym 2GB\/16GB 1280x720 - Mini PC, Komputery, Laptopy, Translatory\" \/>\n<meta property=\"og:description\" content=\"Ma\u0142y opis\" \/>\n<meta property=\"og:url\" content=\"https:\/\/www.oio.pl\/da\/product-2\/d8s-tv-boks-projektor-i-en-2-gb-16-gb-1280-x-720\/\" \/>\n<meta property=\"og:site_name\" content=\"Mini PC, Komputery, Laptopy, Translatory\" \/>\n<meta property=\"article:publisher\" content=\"https:\/\/www.facebook.com\/oiopl\" \/>\n<meta property=\"article:modified_time\" content=\"2024-05-16T03:55:44+00:00\" \/>\n<meta property=\"og:image\" content=\"https:\/\/www.oio.pl\/wp-content\/uploads\/2019\/07\/D8S-DLP-projector-5.png\" \/>\n\t<meta property=\"og:image:width\" content=\"2000\" \/>\n\t<meta property=\"og:image:height\" content=\"1475\" \/>\n\t<meta property=\"og:image:type\" content=\"image\/png\" \/>\n<meta name=\"twitter:card\" content=\"summary_large_image\" \/>\n<meta name=\"twitter:label1\" content=\"Estimeret l\u00e6setid\" \/>\n\t<meta name=\"twitter:data1\" content=\"1 minut\" \/>\n<script type=\"application\/ld+json\" class=\"yoast-schema-graph\">{\"@context\":\"https:\\\/\\\/schema.org\",\"@graph\":[{\"@type\":\"WebPage\",\"@id\":\"https:\\\/\\\/www.oio.pl\\\/produkt\\\/projektor-d8s-tv-box-w-jednym-2gb-16gb-1280x720\\\/\",\"url\":\"https:\\\/\\\/www.oio.pl\\\/produkt\\\/projektor-d8s-tv-box-w-jednym-2gb-16gb-1280x720\\\/\",\"name\":\"Projektor D8S +Tv box w jednym 2GB\\\/16GB 1280x720 - Mini PC, Komputery, Laptopy, Translatory\",\"isPartOf\":{\"@id\":\"https:\\\/\\\/www.oio.pl\\\/#website\"},\"primaryImageOfPage\":{\"@id\":\"https:\\\/\\\/www.oio.pl\\\/produkt\\\/projektor-d8s-tv-box-w-jednym-2gb-16gb-1280x720\\\/#primaryimage\"},\"image\":{\"@id\":\"https:\\\/\\\/www.oio.pl\\\/produkt\\\/projektor-d8s-tv-box-w-jednym-2gb-16gb-1280x720\\\/#primaryimage\"},\"thumbnailUrl\":\"https:\\\/\\\/www.oio.pl\\\/wp-content\\\/uploads\\\/2019\\\/07\\\/D8S-DLP-projector-5.png\",\"datePublished\":\"2019-07-11T19:25:23+00:00\",\"dateModified\":\"2024-05-16T03:55:44+00:00\",\"breadcrumb\":{\"@id\":\"https:\\\/\\\/www.oio.pl\\\/produkt\\\/projektor-d8s-tv-box-w-jednym-2gb-16gb-1280x720\\\/#breadcrumb\"},\"inLanguage\":\"da-DK\",\"potentialAction\":[{\"@type\":\"ReadAction\",\"target\":[\"https:\\\/\\\/www.oio.pl\\\/produkt\\\/projektor-d8s-tv-box-w-jednym-2gb-16gb-1280x720\\\/\"]}]},{\"@type\":\"ImageObject\",\"inLanguage\":\"da-DK\",\"@id\":\"https:\\\/\\\/www.oio.pl\\\/produkt\\\/projektor-d8s-tv-box-w-jednym-2gb-16gb-1280x720\\\/#primaryimage\",\"url\":\"https:\\\/\\\/www.oio.pl\\\/wp-content\\\/uploads\\\/2019\\\/07\\\/D8S-DLP-projector-5.png\",\"contentUrl\":\"https:\\\/\\\/www.oio.pl\\\/wp-content\\\/uploads\\\/2019\\\/07\\\/D8S-DLP-projector-5.png\",\"width\":2000,\"height\":1475},{\"@type\":\"BreadcrumbList\",\"@id\":\"https:\\\/\\\/www.oio.pl\\\/produkt\\\/projektor-d8s-tv-box-w-jednym-2gb-16gb-1280x720\\\/#breadcrumb\",\"itemListElement\":[{\"@type\":\"ListItem\",\"position\":1,\"name\":\"Strona g\u0142\u00f3wna\",\"item\":\"https:\\\/\\\/www.oio.pl\\\/\"},{\"@type\":\"ListItem\",\"position\":2,\"name\":\"Produkty\",\"item\":\"https:\\\/\\\/www.oio.pl\\\/\"},{\"@type\":\"ListItem\",\"position\":3,\"name\":\"Projektor D8S +Tv box w jednym 2GB\\\/16GB 1280&#215;720\"}]},{\"@type\":\"WebSite\",\"@id\":\"https:\\\/\\\/www.oio.pl\\\/#website\",\"url\":\"https:\\\/\\\/www.oio.pl\\\/\",\"name\":\"OIO.pl \u2013 Tablety przemys\u0142owe, sprz\u0119t IT dla przemys\u0142u i logistyki\",\"description\":\"tablety przemys\u0142owe, rugged tablet, komputer przemys\u0142owy, tablet wytrzyma\u0142y, sprz\u0119t dla przemys\u0142u, tablet z Windows, tablet IP67, laptop dla magazynu, elektronika przemys\u0142owa, komputery przemys\u0142owe, oio.pl, sprz\u0119t dla logistyki, tablet do pracy w terenie, monitor dotykowy przemys\u0142owy\",\"publisher\":{\"@id\":\"https:\\\/\\\/www.oio.pl\\\/#organization\"},\"alternateName\":\"Sklep internetowy dla przemys\u0142u\",\"potentialAction\":[{\"@type\":\"SearchAction\",\"target\":{\"@type\":\"EntryPoint\",\"urlTemplate\":\"https:\\\/\\\/www.oio.pl\\\/?s={search_term_string}\"},\"query-input\":{\"@type\":\"PropertyValueSpecification\",\"valueRequired\":true,\"valueName\":\"search_term_string\"}}],\"inLanguage\":\"da-DK\"},{\"@type\":\"Organization\",\"@id\":\"https:\\\/\\\/www.oio.pl\\\/#organization\",\"name\":\"OIO\",\"alternateName\":\"Sprz\u0119t komputerowy\",\"url\":\"https:\\\/\\\/www.oio.pl\\\/\",\"logo\":{\"@type\":\"ImageObject\",\"inLanguage\":\"da-DK\",\"@id\":\"https:\\\/\\\/www.oio.pl\\\/#\\\/schema\\\/logo\\\/image\\\/\",\"url\":\"https:\\\/\\\/www.oio.pl\\\/wp-content\\\/uploads\\\/2023\\\/11\\\/cropped-cropped-oio_120x120.jpg\",\"contentUrl\":\"https:\\\/\\\/www.oio.pl\\\/wp-content\\\/uploads\\\/2023\\\/11\\\/cropped-cropped-oio_120x120.jpg\",\"width\":120,\"height\":48,\"caption\":\"OIO\"},\"image\":{\"@id\":\"https:\\\/\\\/www.oio.pl\\\/#\\\/schema\\\/logo\\\/image\\\/\"},\"sameAs\":[\"https:\\\/\\\/www.facebook.com\\\/oiopl\"]}]}<\/script>\n<!-- \/ Yoast SEO plugin. -->","yoast_head_json":{"title":"D8S Projektor + TV-boks i \u00e9n 2GB\/16GB 1280x720 - Mini-pc&#039;er, computere, b\u00e6rbare computere, overs\u00e6ttere","robots":{"index":"index","follow":"follow","max-snippet":"max-snippet:-1","max-image-preview":"max-image-preview:large","max-video-preview":"max-video-preview:-1"},"canonical":"https:\/\/www.oio.pl\/da\/product-2\/d8s-tv-boks-projektor-i-en-2-gb-16-gb-1280-x-720\/","og_locale":"da_DK","og_type":"article","og_title":"Projektor D8S +Tv box w jednym 2GB\/16GB 1280x720 - Mini PC, Komputery, Laptopy, Translatory","og_description":"Ma\u0142y opis","og_url":"https:\/\/www.oio.pl\/da\/product-2\/d8s-tv-boks-projektor-i-en-2-gb-16-gb-1280-x-720\/","og_site_name":"Mini PC, Komputery, Laptopy, Translatory","article_publisher":"https:\/\/www.facebook.com\/oiopl","article_modified_time":"2024-05-16T03:55:44+00:00","og_image":[{"width":2000,"height":1475,"url":"https:\/\/www.oio.pl\/wp-content\/uploads\/2019\/07\/D8S-DLP-projector-5.png","type":"image\/png"}],"twitter_card":"summary_large_image","twitter_misc":{"Estimeret l\u00e6setid":"1 minut"},"schema":{"@context":"https:\/\/schema.org","@graph":[{"@type":"WebPage","@id":"https:\/\/www.oio.pl\/produkt\/projektor-d8s-tv-box-w-jednym-2gb-16gb-1280x720\/","url":"https:\/\/www.oio.pl\/produkt\/projektor-d8s-tv-box-w-jednym-2gb-16gb-1280x720\/","name":"D8S Projektor + TV-boks i \u00e9n 2GB\/16GB 1280x720 - Mini-pc&#039;er, computere, b\u00e6rbare computere, overs\u00e6ttere","isPartOf":{"@id":"https:\/\/www.oio.pl\/#website"},"primaryImageOfPage":{"@id":"https:\/\/www.oio.pl\/produkt\/projektor-d8s-tv-box-w-jednym-2gb-16gb-1280x720\/#primaryimage"},"image":{"@id":"https:\/\/www.oio.pl\/produkt\/projektor-d8s-tv-box-w-jednym-2gb-16gb-1280x720\/#primaryimage"},"thumbnailUrl":"https:\/\/www.oio.pl\/wp-content\/uploads\/2019\/07\/D8S-DLP-projector-5.png","datePublished":"2019-07-11T19:25:23+00:00","dateModified":"2024-05-16T03:55:44+00:00","breadcrumb":{"@id":"https:\/\/www.oio.pl\/produkt\/projektor-d8s-tv-box-w-jednym-2gb-16gb-1280x720\/#breadcrumb"},"inLanguage":"da-DK","potentialAction":[{"@type":"ReadAction","target":["https:\/\/www.oio.pl\/produkt\/projektor-d8s-tv-box-w-jednym-2gb-16gb-1280x720\/"]}]},{"@type":"ImageObject","inLanguage":"da-DK","@id":"https:\/\/www.oio.pl\/produkt\/projektor-d8s-tv-box-w-jednym-2gb-16gb-1280x720\/#primaryimage","url":"https:\/\/www.oio.pl\/wp-content\/uploads\/2019\/07\/D8S-DLP-projector-5.png","contentUrl":"https:\/\/www.oio.pl\/wp-content\/uploads\/2019\/07\/D8S-DLP-projector-5.png","width":2000,"height":1475},{"@type":"BreadcrumbList","@id":"https:\/\/www.oio.pl\/produkt\/projektor-d8s-tv-box-w-jednym-2gb-16gb-1280x720\/#breadcrumb","itemListElement":[{"@type":"ListItem","position":1,"name":"Strona g\u0142\u00f3wna","item":"https:\/\/www.oio.pl\/"},{"@type":"ListItem","position":2,"name":"Produkty","item":"https:\/\/www.oio.pl\/"},{"@type":"ListItem","position":3,"name":"Projektor D8S +Tv box w jednym 2GB\/16GB 1280&#215;720"}]},{"@type":"WebSite","@id":"https:\/\/www.oio.pl\/#website","url":"https:\/\/www.oio.pl\/","name":"OIO.pl \u2013 Industrielle tablets, IT-udstyr til industri og logistik","description":"Industrielle tablets, robust tablet, industriel computer, holdbar tablet, udstyr til industrien, Windows-tablet, IP67-tablet, b\u00e6rbar lager, industriel elektronik, industrielle computere, oio.pl, logistikudstyr, tablet til feltarbejdsbrug, industriel ber\u00f8ringssk\u00e6rm","publisher":{"@id":"https:\/\/www.oio.pl\/#organization"},"alternateName":"Sklep internetowy dla przemys\u0142u","potentialAction":[{"@type":"SearchAction","target":{"@type":"EntryPoint","urlTemplate":"https:\/\/www.oio.pl\/?s={search_term_string}"},"query-input":{"@type":"PropertyValueSpecification","valueRequired":true,"valueName":"search_term_string"}}],"inLanguage":"da-DK"},{"@type":"Organization","@id":"https:\/\/www.oio.pl\/#organization","name":"OIO","alternateName":"Sprz\u0119t komputerowy","url":"https:\/\/www.oio.pl\/","logo":{"@type":"ImageObject","inLanguage":"da-DK","@id":"https:\/\/www.oio.pl\/#\/schema\/logo\/image\/","url":"https:\/\/www.oio.pl\/wp-content\/uploads\/2023\/11\/cropped-cropped-oio_120x120.jpg","contentUrl":"https:\/\/www.oio.pl\/wp-content\/uploads\/2023\/11\/cropped-cropped-oio_120x120.jpg","width":120,"height":48,"caption":"OIO"},"image":{"@id":"https:\/\/www.oio.pl\/#\/schema\/logo\/image\/"},"sameAs":["https:\/\/www.facebook.com\/oiopl"]}]}},"_links":{"self":[{"href":"https:\/\/www.oio.pl\/da\/wp-json\/wp\/v2\/product\/737","targetHints":{"allow":["GET"]}}],"collection":[{"href":"https:\/\/www.oio.pl\/da\/wp-json\/wp\/v2\/product"}],"about":[{"href":"https:\/\/www.oio.pl\/da\/wp-json\/wp\/v2\/types\/product"}],"replies":[{"embeddable":true,"href":"https:\/\/www.oio.pl\/da\/wp-json\/wp\/v2\/comments?post=737"}],"wp:featuredmedia":[{"embeddable":true,"href":"https:\/\/www.oio.pl\/da\/wp-json\/wp\/v2\/media\/742"}],"wp:attachment":[{"href":"https:\/\/www.oio.pl\/da\/wp-json\/wp\/v2\/media?parent=737"}],"wp:term":[{"taxonomy":"product_brand","embeddable":true,"href":"https:\/\/www.oio.pl\/da\/wp-json\/wp\/v2\/product_brand?post=737"},{"taxonomy":"product_cat","embeddable":true,"href":"https:\/\/www.oio.pl\/da\/wp-json\/wp\/v2\/product_cat?post=737"},{"taxonomy":"product_tag","embeddable":true,"href":"https:\/\/www.oio.pl\/da\/wp-json\/wp\/v2\/product_tag?post=737"}],"curies":[{"name":"wp","href":"https:\/\/api.w.org\/{rel}","templated":true}]}}