{"id":7379,"date":"2025-03-22T13:42:54","date_gmt":"2025-03-22T12:42:54","guid":{"rendered":"https:\/\/www.oio.pl\/?post_type=product&#038;p=7379"},"modified":"2025-11-29T12:51:08","modified_gmt":"2025-11-29T11:51:08","slug":"mini-pc-til-deepseek-ai-chipol-m1a9-i9-12900h-rtx-6060-ddr5-win11","status":"publish","type":"product","link":"https:\/\/www.oio.pl\/da\/product\/mini-pc-do-deepseek-ai-chipol-m1a9-i9-12900h-rtx6060-ddr5-win11\/","title":{"rendered":"Mini-pc til Deepseek AI Chipol M1A4 i9-12900H RTX4060 DDR5 Win11"},"content":{"rendered":"<p><span class=\"relative -mx-px my-[-0.2rem] rounded px-px py-[0.2rem] transition-colors duration-100 ease-in-out\">Poznaj <strong data-start=\"7\" data-end=\"22\">Chipol M1A4<\/strong>\u00a0\u2013 miniaturowy komputer o pot\u0119\u017cnych mo\u017cliwo\u015bciach, kt\u00f3ry \u0142\u0105czy w sobie wydajno\u015b\u0107, nowoczesny design i wszechstronno\u015b\u0107.<\/span> <span class=\"relative -mx-px my-[-0.2rem] rounded px-px py-[0.2rem] transition-colors duration-100 ease-in-out\">To urz\u0105dzenie, zosta\u0142o stworzone z my\u015bl\u0105 o profesjonalistach, graczach i entuzjastach technologii, kt\u00f3rzy oczekuj\u0105 najwy\u017cszej jako\u015bci w kompaktowej formie.<\/span><\/p>\n<h2>\ud83d\ude80 Niezr\u00f3wnana wydajno\u015b\u0107 w kompaktowej obudowie<br \/>\n<a href=\"https:\/\/www.oio.pl\/wp-content\/uploads\/2025\/05\/M1A_0x.png\"><img loading=\"lazy\" decoding=\"async\" class=\"size-medium wp-image-7476 alignright\" src=\"https:\/\/www.oio.pl\/wp-content\/uploads\/2025\/05\/M1A_0x-291x300.png\" alt=\"\" width=\"291\" height=\"300\" srcset=\"https:\/\/www.oio.pl\/wp-content\/uploads\/2025\/05\/M1A_0x-291x300.png 291w, https:\/\/www.oio.pl\/wp-content\/uploads\/2025\/05\/M1A_0x-995x1024.png 995w, https:\/\/www.oio.pl\/wp-content\/uploads\/2025\/05\/M1A_0x-768x790.png 768w, https:\/\/www.oio.pl\/wp-content\/uploads\/2025\/05\/M1A_0x-1492x1536.png 1492w, https:\/\/www.oio.pl\/wp-content\/uploads\/2025\/05\/M1A_0x-12x12.png 12w, https:\/\/www.oio.pl\/wp-content\/uploads\/2025\/05\/M1A_0x-600x618.png 600w, https:\/\/www.oio.pl\/wp-content\/uploads\/2025\/05\/M1A_0x.png 1920w\" sizes=\"auto, (max-width: 291px) 100vw, 291px\" \/><\/a><\/h2>\n<p><span class=\"relative -mx-px my-[-0.2rem] rounded px-px py-[0.2rem] transition-colors duration-100 ease-in-out\">Chipol M1A4 wyposa\u017cony jest w <strong data-start=\"30\" data-end=\"63\">procesor Intel Core i9-12900H<\/strong> z 14 rdzeniami i 20 w\u0105tkami, osi\u0105gaj\u0105cy taktowanie do 5,0 GHz.<\/span> <span class=\"relative -mx-px my-[-0.2rem] rounded px-px py-[0.2rem] transition-colors duration-100 ease-in-out\">W po\u0142\u0105czeniu z kart\u0105 graficzn\u0105 <strong data-start=\"31\" data-end=\"58\">NVIDIA GeForce RTX 4060M<\/strong> oraz <strong data-start=\"64\" data-end=\"86\">du\u017c\u0105 pami\u0119ci\u0105 DDR5<\/strong> o taktowaniu 4800 MHz, zapewnia p\u0142ynne dzia\u0142anie nawet najbardziej wymagaj\u0105cych aplikacji i gier.<\/span> <span class=\"relative -mx-px my-[-0.2rem] rounded px-px py-[0.2rem] transition-colors duration-100 ease-in-out\">Dodatkowo, szybki dysk <strong data-start=\"23\" data-end=\"44\">M.2 NVMe SSD<\/strong> gwarantuje b\u0142yskawiczny dost\u0119p do danych i kr\u00f3tkie czasy \u0142adowania.<\/span><\/p>\n<h2>\ud83c\udf2c\ufe0f Zaawansowany system ch\u0142odzenia i tryby pracy<\/h2>\n<p><span class=\"relative -mx-px my-[-0.2rem] rounded px-px py-[0.2rem] transition-colors duration-100 ease-in-out\">Aby utrzyma\u0107 optymaln\u0105 temperatur\u0119, M1A4 wykorzystuje <strong data-start=\"54\" data-end=\"88\">tr\u00f3jstrefowy system ch\u0142odzenia<\/strong> z niezale\u017cnymi wentylatorami i siedmioma rurkami cieplnymi.<\/span> <span class=\"relative -mx-px my-[-0.2rem] rounded px-px py-[0.2rem] transition-colors duration-100 ease-in-out\">Dzi\u0119ki temu, nawet podczas intensywnego u\u017cytkowania, urz\u0105dzenie pozostaje ciche i ch\u0142odne.<\/span> <span class=\"relative -mx-px my-[-0.2rem] rounded px-px py-[0.2rem] transition-colors duration-100 ease-in-out\">Dodatkowo, u\u017cytkownik ma mo\u017cliwo\u015b\u0107 wyboru mi\u0119dzy trzema trybami pracy: <strong data-start=\"71\" data-end=\"81\">Silent<\/strong>, <strong data-start=\"83\" data-end=\"95\">Balanced<\/strong> i <strong data-start=\"98\" data-end=\"113\">Performance<\/strong>, dostosowuj\u0105c dzia\u0142anie komputera do aktualnych potrzeb.<\/span><\/p>\n<h2><a href=\"https:\/\/www.oio.pl\/wp-content\/uploads\/2025\/05\/M1A_3x.png\"><img loading=\"lazy\" decoding=\"async\" class=\"alignnone wp-image-7479\" src=\"https:\/\/www.oio.pl\/wp-content\/uploads\/2025\/05\/M1A_3x-300x145.png\" alt=\"\" width=\"411\" height=\"249\" \/><\/a>\ud83c\udfae Design inspirowany \u015bwiatem sci-fi<\/h2>\n<p><span class=\"relative -mx-px my-[-0.2rem] rounded px-px py-[0.2rem] transition-colors duration-100 ease-in-out\">Obudowa M1A4 wyr\u00f3\u017cnia si\u0119 <strong data-start=\"26\" data-end=\"53\">futurystycznym designem<\/strong> z <strong data-start=\"56\" data-end=\"78\">pod\u015bwietleniem RGB<\/strong>, nadaj\u0105cym urz\u0105dzeniu unikalny charakter.<\/span> <span class=\"relative -mx-px my-[-0.2rem] rounded px-px py-[0.2rem] transition-colors duration-100 ease-in-out\">Kompaktowe wymiary (166.7 x 166.9 x 160.9 mm) sprawiaj\u0105, \u017ce komputer doskonale wpasuje si\u0119 w ka\u017cde \u015brodowisko pracy czy rozrywki, nie zajmuj\u0105c przy tym du\u017co miejsca.<\/span><\/p>\n<h2>\ud83d\udd0c Wszechstronna \u0142\u0105czno\u015b\u0107 i rozbudowa<\/h2>\n<p><span class=\"relative -mx-px my-[-0.2rem] rounded px-px py-[0.2rem] transition-colors duration-100 ease-in-out\">Chipol M1A4 oferuje bogaty zestaw port\u00f3w, w tym <strong data-start=\"48\" data-end=\"68\">6 port\u00f3w USB 3.2<\/strong>, <strong data-start=\"70\" data-end=\"93\">USB-C Thunderbolt 4<\/strong>, <strong data-start=\"95\" data-end=\"115\">2 porty HDMI 2.0<\/strong>, <strong data-start=\"117\" data-end=\"136\">DisplayPort 1.4<\/strong>, <strong data-start=\"138\" data-end=\"163\">2 porty Ethernet 2.5G<\/strong>, <strong data-start=\"165\" data-end=\"184\">czytnik kart SD<\/strong> oraz <strong data-start=\"190\" data-end=\"216\">2 gniazda audio 3,5 mm<\/strong>.<\/span> <span class=\"relative -mx-px my-[-0.2rem] rounded px-px py-[0.2rem] transition-colors duration-100 ease-in-out\">Dzi\u0119ki temu, pod\u0142\u0105czenie wielu urz\u0105dze\u0144 peryferyjnych, monitor\u00f3w czy akcesori\u00f3w nie stanowi \u017cadnego problemu.<\/span><\/p>\n<h2>\ud83d\udee1\ufe0f Gotowy do dzia\u0142ania od razu po wyj\u0119ciu z pude\u0142ka<a href=\"https:\/\/www.oio.pl\/wp-content\/uploads\/2025\/05\/M1A_2x.png\"><img loading=\"lazy\" decoding=\"async\" class=\"size-medium wp-image-7478 alignright\" src=\"https:\/\/www.oio.pl\/wp-content\/uploads\/2025\/05\/M1A_2x-300x145.png\" alt=\"\" width=\"300\" height=\"145\" srcset=\"https:\/\/www.oio.pl\/wp-content\/uploads\/2025\/05\/M1A_2x-300x145.png 300w, https:\/\/www.oio.pl\/wp-content\/uploads\/2025\/05\/M1A_2x-1024x493.png 1024w, https:\/\/www.oio.pl\/wp-content\/uploads\/2025\/05\/M1A_2x-768x370.png 768w, https:\/\/www.oio.pl\/wp-content\/uploads\/2025\/05\/M1A_2x-1536x740.png 1536w, https:\/\/www.oio.pl\/wp-content\/uploads\/2025\/05\/M1A_2x-18x9.png 18w, https:\/\/www.oio.pl\/wp-content\/uploads\/2025\/05\/M1A_2x-600x289.png 600w, https:\/\/www.oio.pl\/wp-content\/uploads\/2025\/05\/M1A_2x.png 1920w\" sizes=\"auto, (max-width: 300px) 100vw, 300px\" \/><\/a><\/h2>\n<p><span class=\"relative -mx-px my-[-0.2rem] rounded px-px py-[0.2rem] transition-colors duration-100 ease-in-out\">Z preinstalowanym systemem <strong data-start=\"27\" data-end=\"45\">Windows 11 Pro<\/strong>, Chipol M1A4 jest gotowy do pracy zaraz po uruchomieniu.<\/span> <span class=\"relative -mx-px my-[-0.2rem] rounded px-px py-[0.2rem] transition-colors duration-100 ease-in-out\">Niezale\u017cnie od tego, czy potrzebujesz komputera do zaawansowanej pracy, grania w najnowsze tytu\u0142y czy tworzenia tre\u015bci, M1A9 sprosta wszystkim wyzwaniom<\/span><\/p>\n<p>&nbsp;<\/p>\n<p><strong data-start=\"1072\" data-end=\"1088\">Podsumowuj\u0105c<\/strong>, <span class=\"relative -mx-px my-[-0.2rem] rounded px-px py-[0.2rem] transition-colors duration-100 ease-in-out\">Chipol M1A4 to idealne rozwi\u0105zanie dla tych, kt\u00f3rzy szukaj\u0105 po\u0142\u0105czenia mocy, stylu i funkcjonalno\u015bci w kompaktowej formie.<\/span> <span class=\"relative -mx-px my-[-0.2rem] rounded px-px py-[0.2rem] transition-colors duration-100 ease-in-out\">Dzi\u0119ki zaawansowanym komponentom i przemy\u015blanej konstrukcji, jest to inwestycja, kt\u00f3ra z pewno\u015bci\u0105 przyniesie satysfakcj\u0119 nawet najbardziej wymagaj\u0105cym u\u017cytkownikom.<\/span><\/p>\n<p>&nbsp;<\/p>\n","protected":false},"excerpt":{"rendered":"<p>Poznaj Chipol M1A4\u00a0\u2013 miniaturowy komputer o pot\u0119\u017cnych mo\u017cliwo\u015bciach, kt\u00f3ry \u0142\u0105czy w sobie wydajno\u015b\u0107, nowoczesny design i wszechstronno\u015b\u0107. To urz\u0105dzenie, zosta\u0142o stworzone z my\u015bl\u0105 o profesjonalistach, graczach i entuzjastach technologii, kt\u00f3rzy oczekuj\u0105 najwy\u017cszej jako\u015bci w kompaktowej formie. \ud83d\ude80 Niezr\u00f3wnana wydajno\u015b\u0107 w kompaktowej obudowie Chipol M1A4 wyposa\u017cony jest w procesor Intel Core i9-12900H z 14 rdzeniami i [&hellip;]<\/p>\n","protected":false},"featured_media":7386,"comment_status":"closed","ping_status":"closed","template":"","meta":[],"product_brand":[3231],"product_cat":[3221],"product_tag":[125,3258,3261,3244,3262,3259,47,3241,3124,3242,3240,3243,3260],"class_list":{"0":"post-7379","1":"product","2":"type-product","3":"status-publish","4":"has-post-thumbnail","6":"product_brand-chipol","7":"product_cat-pc-games","8":"product_tag-minipc","9":"product_tag-chipolm1a4","10":"product_tag-deeplearning","11":"product_tag-dobry-komputer","12":"product_tag-gamingpc","13":"product_tag-i912900h","14":"product_tag-komputer","15":"product_tag-komputer-dla-gracza","16":"product_tag-komputer-do-gier","17":"product_tag-komputer-do-grania","18":"product_tag-komputer-gamingowy","19":"product_tag-mocny-komputer","20":"product_tag-rtx4060","22":"first","23":"instock","24":"taxable","25":"shipping-taxable","26":"purchasable","27":"product-type-variable","28":"czr-hentry"},"yoast_head":"<!-- This site is optimized with the Yoast SEO plugin v27.4 - https:\/\/yoast.com\/product\/yoast-seo-wordpress\/ -->\n<title>Mini PC do Deepseek AI Chipol M1A4 i9-12900H RTX4060 DDR5 Win11 - Mini PC, Komputery, Laptopy, Translatory<\/title>\n<meta name=\"description\" content=\"Kompaktowy komputer z procesorem Intel i9-12900H, kart\u0105 graficzn\u0105 RTX 4060, 64GB RAM DDR5 i dyskiem SSD 512GB. Idealny do zada\u0144 AI i gamingu.\" \/>\n<meta name=\"robots\" content=\"index, follow, max-snippet:-1, max-image-preview:large, max-video-preview:-1\" \/>\n<link rel=\"canonical\" href=\"https:\/\/www.oio.pl\/da\/produkt-2\/mini-pc-til-deepseek-ai-chipol-m1a9-i9-12900h-rtx-6060-ddr5-win11\/\" \/>\n<meta property=\"og:locale\" content=\"da_DK\" \/>\n<meta property=\"og:type\" content=\"article\" \/>\n<meta property=\"og:title\" content=\"Mini PC do Deepseek AI Chipol M1A4 i9-12900H RTX4060 DDR5 Win11 - Mini PC, Komputery, Laptopy, Translatory\" \/>\n<meta property=\"og:description\" content=\"Kompaktowy komputer z procesorem Intel i9-12900H, kart\u0105 graficzn\u0105 RTX 4060, 64GB RAM DDR5 i dyskiem SSD 512GB. Idealny do zada\u0144 AI i gamingu.\" \/>\n<meta property=\"og:url\" content=\"https:\/\/www.oio.pl\/da\/produkt-2\/mini-pc-til-deepseek-ai-chipol-m1a9-i9-12900h-rtx-6060-ddr5-win11\/\" \/>\n<meta property=\"og:site_name\" content=\"Mini PC, Komputery, Laptopy, Translatory\" \/>\n<meta property=\"article:publisher\" content=\"https:\/\/www.facebook.com\/oiopl\" \/>\n<meta property=\"article:modified_time\" content=\"2025-11-29T11:51:08+00:00\" \/>\n<meta property=\"og:image\" content=\"https:\/\/www.oio.pl\/wp-content\/uploads\/2025\/03\/M1A-Gaming-mini-pc-11.jpg\" \/>\n\t<meta property=\"og:image:width\" content=\"720\" \/>\n\t<meta property=\"og:image:height\" content=\"720\" \/>\n\t<meta property=\"og:image:type\" content=\"image\/jpeg\" \/>\n<meta name=\"twitter:card\" content=\"summary_large_image\" \/>\n<meta name=\"twitter:label1\" content=\"Estimeret l\u00e6setid\" \/>\n\t<meta name=\"twitter:data1\" content=\"3 minutter\" \/>\n<script type=\"application\/ld+json\" class=\"yoast-schema-graph\">{\"@context\":\"https:\\\/\\\/schema.org\",\"@graph\":[{\"@type\":\"WebPage\",\"@id\":\"https:\\\/\\\/www.oio.pl\\\/product\\\/mini-pc-do-deepseek-ai-chipol-m1a9-i9-12900h-rtx6060-ddr5-win11\\\/\",\"url\":\"https:\\\/\\\/www.oio.pl\\\/product\\\/mini-pc-do-deepseek-ai-chipol-m1a9-i9-12900h-rtx6060-ddr5-win11\\\/\",\"name\":\"Mini PC do Deepseek AI Chipol M1A4 i9-12900H RTX4060 DDR5 Win11 - Mini PC, Komputery, Laptopy, Translatory\",\"isPartOf\":{\"@id\":\"https:\\\/\\\/www.oio.pl\\\/#website\"},\"primaryImageOfPage\":{\"@id\":\"https:\\\/\\\/www.oio.pl\\\/product\\\/mini-pc-do-deepseek-ai-chipol-m1a9-i9-12900h-rtx6060-ddr5-win11\\\/#primaryimage\"},\"image\":{\"@id\":\"https:\\\/\\\/www.oio.pl\\\/product\\\/mini-pc-do-deepseek-ai-chipol-m1a9-i9-12900h-rtx6060-ddr5-win11\\\/#primaryimage\"},\"thumbnailUrl\":\"https:\\\/\\\/www.oio.pl\\\/wp-content\\\/uploads\\\/2025\\\/03\\\/M1A-Gaming-mini-pc-11.jpg\",\"datePublished\":\"2025-03-22T12:42:54+00:00\",\"dateModified\":\"2025-11-29T11:51:08+00:00\",\"description\":\"Kompaktowy komputer z procesorem Intel i9-12900H, kart\u0105 graficzn\u0105 RTX 4060, 64GB RAM DDR5 i dyskiem SSD 512GB. Idealny do zada\u0144 AI i gamingu.\",\"breadcrumb\":{\"@id\":\"https:\\\/\\\/www.oio.pl\\\/product\\\/mini-pc-do-deepseek-ai-chipol-m1a9-i9-12900h-rtx6060-ddr5-win11\\\/#breadcrumb\"},\"inLanguage\":\"da-DK\",\"potentialAction\":[{\"@type\":\"ReadAction\",\"target\":[\"https:\\\/\\\/www.oio.pl\\\/product\\\/mini-pc-do-deepseek-ai-chipol-m1a9-i9-12900h-rtx6060-ddr5-win11\\\/\"]}]},{\"@type\":\"ImageObject\",\"inLanguage\":\"da-DK\",\"@id\":\"https:\\\/\\\/www.oio.pl\\\/product\\\/mini-pc-do-deepseek-ai-chipol-m1a9-i9-12900h-rtx6060-ddr5-win11\\\/#primaryimage\",\"url\":\"https:\\\/\\\/www.oio.pl\\\/wp-content\\\/uploads\\\/2025\\\/03\\\/M1A-Gaming-mini-pc-11.jpg\",\"contentUrl\":\"https:\\\/\\\/www.oio.pl\\\/wp-content\\\/uploads\\\/2025\\\/03\\\/M1A-Gaming-mini-pc-11.jpg\",\"width\":720,\"height\":720},{\"@type\":\"BreadcrumbList\",\"@id\":\"https:\\\/\\\/www.oio.pl\\\/product\\\/mini-pc-do-deepseek-ai-chipol-m1a9-i9-12900h-rtx6060-ddr5-win11\\\/#breadcrumb\",\"itemListElement\":[{\"@type\":\"ListItem\",\"position\":1,\"name\":\"Strona g\u0142\u00f3wna\",\"item\":\"https:\\\/\\\/www.oio.pl\\\/\"},{\"@type\":\"ListItem\",\"position\":2,\"name\":\"Produkty\",\"item\":\"https:\\\/\\\/www.oio.pl\\\/\"},{\"@type\":\"ListItem\",\"position\":3,\"name\":\"Mini PC do Deepseek AI Chipol M1A4 i9-12900H RTX4060 DDR5 Win11\"}]},{\"@type\":\"WebSite\",\"@id\":\"https:\\\/\\\/www.oio.pl\\\/#website\",\"url\":\"https:\\\/\\\/www.oio.pl\\\/\",\"name\":\"OIO.pl \u2013 Tablety przemys\u0142owe, sprz\u0119t IT dla przemys\u0142u i logistyki\",\"description\":\"tablety przemys\u0142owe, rugged tablet, komputer przemys\u0142owy, tablet wytrzyma\u0142y, sprz\u0119t dla przemys\u0142u, tablet z Windows, tablet IP67, laptop dla magazynu, elektronika przemys\u0142owa, komputery przemys\u0142owe, oio.pl, sprz\u0119t dla logistyki, tablet do pracy w terenie, monitor dotykowy przemys\u0142owy\",\"publisher\":{\"@id\":\"https:\\\/\\\/www.oio.pl\\\/#organization\"},\"alternateName\":\"Sklep internetowy dla przemys\u0142u\",\"potentialAction\":[{\"@type\":\"SearchAction\",\"target\":{\"@type\":\"EntryPoint\",\"urlTemplate\":\"https:\\\/\\\/www.oio.pl\\\/?s={search_term_string}\"},\"query-input\":{\"@type\":\"PropertyValueSpecification\",\"valueRequired\":true,\"valueName\":\"search_term_string\"}}],\"inLanguage\":\"da-DK\"},{\"@type\":\"Organization\",\"@id\":\"https:\\\/\\\/www.oio.pl\\\/#organization\",\"name\":\"OIO\",\"alternateName\":\"Sprz\u0119t komputerowy\",\"url\":\"https:\\\/\\\/www.oio.pl\\\/\",\"logo\":{\"@type\":\"ImageObject\",\"inLanguage\":\"da-DK\",\"@id\":\"https:\\\/\\\/www.oio.pl\\\/#\\\/schema\\\/logo\\\/image\\\/\",\"url\":\"https:\\\/\\\/www.oio.pl\\\/wp-content\\\/uploads\\\/2023\\\/11\\\/cropped-cropped-oio_120x120.jpg\",\"contentUrl\":\"https:\\\/\\\/www.oio.pl\\\/wp-content\\\/uploads\\\/2023\\\/11\\\/cropped-cropped-oio_120x120.jpg\",\"width\":120,\"height\":48,\"caption\":\"OIO\"},\"image\":{\"@id\":\"https:\\\/\\\/www.oio.pl\\\/#\\\/schema\\\/logo\\\/image\\\/\"},\"sameAs\":[\"https:\\\/\\\/www.facebook.com\\\/oiopl\"]}]}<\/script>\n<!-- \/ Yoast SEO plugin. -->","yoast_head_json":{"title":"Mini-pc til Deepseek AI Chipol M1A4 i9-12900H RTX4060 DDR5 Win11 - Mini-pc&#039;er, computere, b\u00e6rbare computere, overs\u00e6ttere","description":"En kompakt pc med en Intel i9-12900H-processor, RTX 4060-grafikkort, 64 GB DDR5 RAM og en 512 GB SSD. Perfekt til AI-opgaver og gaming.","robots":{"index":"index","follow":"follow","max-snippet":"max-snippet:-1","max-image-preview":"max-image-preview:large","max-video-preview":"max-video-preview:-1"},"canonical":"https:\/\/www.oio.pl\/da\/produkt-2\/mini-pc-til-deepseek-ai-chipol-m1a9-i9-12900h-rtx-6060-ddr5-win11\/","og_locale":"da_DK","og_type":"article","og_title":"Mini PC do Deepseek AI Chipol M1A4 i9-12900H RTX4060 DDR5 Win11 - Mini PC, Komputery, Laptopy, Translatory","og_description":"Kompaktowy komputer z procesorem Intel i9-12900H, kart\u0105 graficzn\u0105 RTX 4060, 64GB RAM DDR5 i dyskiem SSD 512GB. Idealny do zada\u0144 AI i gamingu.","og_url":"https:\/\/www.oio.pl\/da\/produkt-2\/mini-pc-til-deepseek-ai-chipol-m1a9-i9-12900h-rtx-6060-ddr5-win11\/","og_site_name":"Mini PC, Komputery, Laptopy, Translatory","article_publisher":"https:\/\/www.facebook.com\/oiopl","article_modified_time":"2025-11-29T11:51:08+00:00","og_image":[{"width":720,"height":720,"url":"https:\/\/www.oio.pl\/wp-content\/uploads\/2025\/03\/M1A-Gaming-mini-pc-11.jpg","type":"image\/jpeg"}],"twitter_card":"summary_large_image","twitter_misc":{"Estimeret l\u00e6setid":"3 minutter"},"schema":{"@context":"https:\/\/schema.org","@graph":[{"@type":"WebPage","@id":"https:\/\/www.oio.pl\/product\/mini-pc-do-deepseek-ai-chipol-m1a9-i9-12900h-rtx6060-ddr5-win11\/","url":"https:\/\/www.oio.pl\/product\/mini-pc-do-deepseek-ai-chipol-m1a9-i9-12900h-rtx6060-ddr5-win11\/","name":"Mini-pc til Deepseek AI Chipol M1A4 i9-12900H RTX4060 DDR5 Win11 - Mini-pc&#039;er, computere, b\u00e6rbare computere, overs\u00e6ttere","isPartOf":{"@id":"https:\/\/www.oio.pl\/#website"},"primaryImageOfPage":{"@id":"https:\/\/www.oio.pl\/product\/mini-pc-do-deepseek-ai-chipol-m1a9-i9-12900h-rtx6060-ddr5-win11\/#primaryimage"},"image":{"@id":"https:\/\/www.oio.pl\/product\/mini-pc-do-deepseek-ai-chipol-m1a9-i9-12900h-rtx6060-ddr5-win11\/#primaryimage"},"thumbnailUrl":"https:\/\/www.oio.pl\/wp-content\/uploads\/2025\/03\/M1A-Gaming-mini-pc-11.jpg","datePublished":"2025-03-22T12:42:54+00:00","dateModified":"2025-11-29T11:51:08+00:00","description":"En kompakt pc med en Intel i9-12900H-processor, RTX 4060-grafikkort, 64 GB DDR5 RAM og en 512 GB SSD. Perfekt til AI-opgaver og gaming.","breadcrumb":{"@id":"https:\/\/www.oio.pl\/product\/mini-pc-do-deepseek-ai-chipol-m1a9-i9-12900h-rtx6060-ddr5-win11\/#breadcrumb"},"inLanguage":"da-DK","potentialAction":[{"@type":"ReadAction","target":["https:\/\/www.oio.pl\/product\/mini-pc-do-deepseek-ai-chipol-m1a9-i9-12900h-rtx6060-ddr5-win11\/"]}]},{"@type":"ImageObject","inLanguage":"da-DK","@id":"https:\/\/www.oio.pl\/product\/mini-pc-do-deepseek-ai-chipol-m1a9-i9-12900h-rtx6060-ddr5-win11\/#primaryimage","url":"https:\/\/www.oio.pl\/wp-content\/uploads\/2025\/03\/M1A-Gaming-mini-pc-11.jpg","contentUrl":"https:\/\/www.oio.pl\/wp-content\/uploads\/2025\/03\/M1A-Gaming-mini-pc-11.jpg","width":720,"height":720},{"@type":"BreadcrumbList","@id":"https:\/\/www.oio.pl\/product\/mini-pc-do-deepseek-ai-chipol-m1a9-i9-12900h-rtx6060-ddr5-win11\/#breadcrumb","itemListElement":[{"@type":"ListItem","position":1,"name":"Strona g\u0142\u00f3wna","item":"https:\/\/www.oio.pl\/"},{"@type":"ListItem","position":2,"name":"Produkty","item":"https:\/\/www.oio.pl\/"},{"@type":"ListItem","position":3,"name":"Mini PC do Deepseek AI Chipol M1A4 i9-12900H RTX4060 DDR5 Win11"}]},{"@type":"WebSite","@id":"https:\/\/www.oio.pl\/#website","url":"https:\/\/www.oio.pl\/","name":"OIO.pl \u2013 Industrielle tablets, IT-udstyr til industri og logistik","description":"Industrielle tablets, robust tablet, industriel computer, holdbar tablet, udstyr til industrien, Windows-tablet, IP67-tablet, b\u00e6rbar lager, industriel elektronik, industrielle computere, oio.pl, logistikudstyr, tablet til feltarbejdsbrug, industriel ber\u00f8ringssk\u00e6rm","publisher":{"@id":"https:\/\/www.oio.pl\/#organization"},"alternateName":"Sklep internetowy dla przemys\u0142u","potentialAction":[{"@type":"SearchAction","target":{"@type":"EntryPoint","urlTemplate":"https:\/\/www.oio.pl\/?s={search_term_string}"},"query-input":{"@type":"PropertyValueSpecification","valueRequired":true,"valueName":"search_term_string"}}],"inLanguage":"da-DK"},{"@type":"Organization","@id":"https:\/\/www.oio.pl\/#organization","name":"OIO","alternateName":"Sprz\u0119t komputerowy","url":"https:\/\/www.oio.pl\/","logo":{"@type":"ImageObject","inLanguage":"da-DK","@id":"https:\/\/www.oio.pl\/#\/schema\/logo\/image\/","url":"https:\/\/www.oio.pl\/wp-content\/uploads\/2023\/11\/cropped-cropped-oio_120x120.jpg","contentUrl":"https:\/\/www.oio.pl\/wp-content\/uploads\/2023\/11\/cropped-cropped-oio_120x120.jpg","width":120,"height":48,"caption":"OIO"},"image":{"@id":"https:\/\/www.oio.pl\/#\/schema\/logo\/image\/"},"sameAs":["https:\/\/www.facebook.com\/oiopl"]}]}},"_links":{"self":[{"href":"https:\/\/www.oio.pl\/da\/wp-json\/wp\/v2\/product\/7379","targetHints":{"allow":["GET"]}}],"collection":[{"href":"https:\/\/www.oio.pl\/da\/wp-json\/wp\/v2\/product"}],"about":[{"href":"https:\/\/www.oio.pl\/da\/wp-json\/wp\/v2\/types\/product"}],"replies":[{"embeddable":true,"href":"https:\/\/www.oio.pl\/da\/wp-json\/wp\/v2\/comments?post=7379"}],"wp:featuredmedia":[{"embeddable":true,"href":"https:\/\/www.oio.pl\/da\/wp-json\/wp\/v2\/media\/7386"}],"wp:attachment":[{"href":"https:\/\/www.oio.pl\/da\/wp-json\/wp\/v2\/media?parent=7379"}],"wp:term":[{"taxonomy":"product_brand","embeddable":true,"href":"https:\/\/www.oio.pl\/da\/wp-json\/wp\/v2\/product_brand?post=7379"},{"taxonomy":"product_cat","embeddable":true,"href":"https:\/\/www.oio.pl\/da\/wp-json\/wp\/v2\/product_cat?post=7379"},{"taxonomy":"product_tag","embeddable":true,"href":"https:\/\/www.oio.pl\/da\/wp-json\/wp\/v2\/product_tag?post=7379"}],"curies":[{"name":"wp","href":"https:\/\/api.w.org\/{rel}","templated":true}]}}