{"id":7464,"date":"2025-04-30T15:13:13","date_gmt":"2025-04-30T13:13:13","guid":{"rendered":"https:\/\/www.oio.pl\/?post_type=product&#038;p=7464"},"modified":"2026-03-11T17:14:09","modified_gmt":"2026-03-11T16:14:09","slug":"chipol-f9r-industriel-tablet","status":"publish","type":"product","link":"https:\/\/www.oio.pl\/da\/product\/tablet-przemyslowy-chipol-f9r\/","title":{"rendered":"Industriel tablet Chipol F9R 4GB\/64GB Android IP67"},"content":{"rendered":"<p><b>Ny generation af Chipol F9R-tabletter<\/b> Den er designet til at modst\u00e5, hvor andre tablets giver op. Tabletens kabinet er modstandsdygtigt over for de h\u00e5rdeste arbejdsforhold. Det forseglede design opfylder kravene i IP67-certifikatet, hvilket g\u00f8r, at denne tablet ikke er bange for at falde eller neds\u00e6nkes i vand. Den nye, lysere IPS 600 nits-sk\u00e6rm er l\u00e6sbar i sollys og giver brede betragtningsvinkler. Takket v\u00e6re det kapacitive ber\u00f8ringspanel kan den bruges b\u00e5de med handsker og v\u00e5de h\u00e6nder.<\/p>\n<p>Producenten garanterer et sikkert fald p\u00e5 en tr\u00e6overflade fra en h\u00f8jde p\u00e5 1,2 m.\u00a0<b>Tablet 10\u2033 F9R<\/b>\u00a0kan fungere i temperaturomr\u00e5det fra -20\u00baC til + 60\u00baC og en luftfugtighed p\u00e5 op til 95%.<\/p>\n<p>Tablet\u00a0<b>Chipol F9R<\/b> er drevet af den velpr\u00f8vede RK3588 Quad-Core Cortex-A76 + Quad-core Cortex-A55 processor med en Multi-Media Processor GPU Mali-G610 MC4.<\/p>\n<p>Antallet af I\/O-porte er pr\u00e6cist tilpasset de aktuelle behov, herunder USB 3.1 type-C, 2* USB 3.1, lyd\/mikrofon, SIM-kortl\u00e6ser, TF-kortl\u00e6ser op til 128 GB, LAN 1000 MB og <strong>RS232DB9<\/strong>.<\/p>\n<p><b>To nye kameraer<\/b> \u2013 13 Mpx bagkamera og 13 Mpx frontkamera fuldender denne tablets funktioner.<\/p>\n<p>Chipol F9R-tabletten underst\u00f8tter tr\u00e5dl\u00f8se WiFi 802.11 ac\/b\/g\/n 2.4\/5GHz-netv\u00e6rk og Bluetooth version 5.2.<\/p>\n<p>To indbyggede 1W stereoh\u00f8jttalere giver dig mulighed for at bruge denne model i et bredere register.<\/p>\n<h2>Kapacitivt batteri 8000 mAh\/7,6V<\/h2>\n<p>Et rummeligt batteri vil vise sig nyttigt b\u00e5de p\u00e5 arbejdet og p\u00e5 lange rejser. Denne model er udstyret med et Li-ion polymerbatteri med en kapacitet p\u00e5 8000 mAh.<\/p>\n<p>Som f\u00f8lge heraf kan tabletten k\u00f8re uden opladning i op til 8 timer. Takket v\u00e6re dette kan du hellige dig din virksomhed uden at bekymre dig om, at din arbejdstid vil v\u00e6re begr\u00e6nset.<\/p>\n<h2>Ekstremt holdbar<\/h2>\n<p>Ekstreme forhold er et milj\u00f8, hvor\u00a0<b>Chipol F9R<\/b>\u00a0vil fungere i 100%. Dens kabinet er designet til at modst\u00e5 de mest ekstreme forhold \u2013 fra h\u00f8je og lave temperaturer til de skadelige virkninger af st\u00f8v og fugt. Konstruktionen kan endda modst\u00e5 neds\u00e6nkning i en dybde p\u00e5 1 meter i 30 minutter. Som et resultat kan tabletten fungere under alle forhold og f\u00f8lge med dig hele dagen lang.<\/p>\n<p>&nbsp;<\/p>","protected":false},"excerpt":{"rendered":"<p>Nowa generacja tablet\u00f3w Chipol F9R zosta\u0142 zaprojektowany by wytrzyma\u0107 wsz\u0119dzie tam gdzie inne tablety si\u0119 poddaj\u0105. Obudowa tabletu jest odporna na najci\u0119\u017csze warunki pracy. Szczelna konstrukcja, spe\u0142nia wymagania stawiane przez certyfikat IP67, dzi\u0119ki czemu temu tabletowi nie straszny upadek ani zanurzenie. Nowy, ja\u015bniejszy wy\u015bwietlacz IPS 600 nits, jest czytelny w s\u0142o\u0144cu oraz zapewnia szerokie k\u0105ty [&hellip;]<\/p>\n","protected":false},"featured_media":7462,"comment_status":"closed","ping_status":"closed","template":"","meta":[],"product_brand":[3231],"product_cat":[100,119],"product_tag":[3249,52,3061,3060,3058,3072,3250,101,3074,3065,3082,3068,3059,3070],"class_list":{"0":"post-7464","1":"product","2":"type-product","3":"status-publish","4":"has-post-thumbnail","6":"product_brand-chipol","7":"product_cat-tb-przemyslowe","8":"product_cat-tabletandroid","9":"product_tag-android","10":"product_tag-dotykowy","11":"product_tag-przemyslowy","12":"product_tag-rugged-tablet","13":"product_tag-tablet","14":"product_tag-tablet-12","15":"product_tag-tablet-android","16":"product_tag-tablet-przemyslowy","17":"product_tag-tablets","18":"product_tag-tablety","19":"product_tag-tablety-do-sieci-sprzedazy","20":"product_tag-tablety-medyczne","21":"product_tag-tablety-przemyslowe","22":"product_tag-wytrzymaly-tablet","24":"first","25":"instock","26":"taxable","27":"shipping-taxable","28":"purchasable","29":"product-type-simple","30":"czr-hentry"},"yoast_head":"<!-- This site is optimized with the Yoast SEO plugin v27.4 - https:\/\/yoast.com\/product\/yoast-seo-wordpress\/ -->\n<title>Tablet przemys\u0142owy Chipol F9R 4GB\/64GB Android IP67 - Mini PC, Komputery, Laptopy, Translatory<\/title>\n<meta name=\"description\" content=\"Tablet przemys\u0142owy Chipol F9R z 4GB RAM i 64GB pami\u0119ci wewn\u0119trznej, dzia\u0142aj\u0105cy na systemie Android, posiada certyfikat IP67, co zapewnia odporno\u015b\u0107 na wod\u0119 i py\u0142. Idealny do zastosowa\u0144 w trudnych warunkach przemys\u0142owych.\" \/>\n<meta name=\"robots\" content=\"index, follow, max-snippet:-1, max-image-preview:large, max-video-preview:-1\" \/>\n<link rel=\"canonical\" href=\"https:\/\/www.oio.pl\/da\/produkt-2\/chipol-f9r-industriel-tablet\/\" \/>\n<meta property=\"og:locale\" content=\"da_DK\" \/>\n<meta property=\"og:type\" content=\"article\" \/>\n<meta property=\"og:title\" content=\"Tablet przemys\u0142owy Chipol F9R 4GB\/64GB Android IP67 - Mini PC, Komputery, Laptopy, Translatory\" \/>\n<meta property=\"og:description\" content=\"Tablet przemys\u0142owy Chipol F9R z 4GB RAM i 64GB pami\u0119ci wewn\u0119trznej, dzia\u0142aj\u0105cy na systemie Android, posiada certyfikat IP67, co zapewnia odporno\u015b\u0107 na wod\u0119 i py\u0142. Idealny do zastosowa\u0144 w trudnych warunkach przemys\u0142owych.\" \/>\n<meta property=\"og:url\" content=\"https:\/\/www.oio.pl\/da\/produkt-2\/chipol-f9r-industriel-tablet\/\" \/>\n<meta property=\"og:site_name\" content=\"Mini PC, Komputery, Laptopy, Translatory\" \/>\n<meta property=\"article:publisher\" content=\"https:\/\/www.facebook.com\/oiopl\" \/>\n<meta property=\"article:modified_time\" content=\"2026-03-11T16:14:09+00:00\" \/>\n<meta property=\"og:image\" content=\"https:\/\/www.oio.pl\/wp-content\/uploads\/2021\/09\/F7R_07_00.png\" \/>\n\t<meta property=\"og:image:width\" content=\"2000\" \/>\n\t<meta property=\"og:image:height\" content=\"1293\" \/>\n\t<meta property=\"og:image:type\" content=\"image\/png\" \/>\n<meta name=\"twitter:card\" content=\"summary_large_image\" \/>\n<meta name=\"twitter:label1\" content=\"Estimeret l\u00e6setid\" \/>\n\t<meta name=\"twitter:data1\" content=\"2 minutter\" \/>\n<script type=\"application\/ld+json\" class=\"yoast-schema-graph\">{\"@context\":\"https:\\\/\\\/schema.org\",\"@graph\":[{\"@type\":\"WebPage\",\"@id\":\"https:\\\/\\\/www.oio.pl\\\/product\\\/tablet-przemyslowy-chipol-f9r\\\/\",\"url\":\"https:\\\/\\\/www.oio.pl\\\/product\\\/tablet-przemyslowy-chipol-f9r\\\/\",\"name\":\"Tablet przemys\u0142owy Chipol F9R 4GB\\\/64GB Android IP67 - Mini PC, Komputery, Laptopy, Translatory\",\"isPartOf\":{\"@id\":\"https:\\\/\\\/www.oio.pl\\\/#website\"},\"primaryImageOfPage\":{\"@id\":\"https:\\\/\\\/www.oio.pl\\\/product\\\/tablet-przemyslowy-chipol-f9r\\\/#primaryimage\"},\"image\":{\"@id\":\"https:\\\/\\\/www.oio.pl\\\/product\\\/tablet-przemyslowy-chipol-f9r\\\/#primaryimage\"},\"thumbnailUrl\":\"https:\\\/\\\/www.oio.pl\\\/wp-content\\\/uploads\\\/2021\\\/09\\\/F7R_07_00.png\",\"datePublished\":\"2025-04-30T13:13:13+00:00\",\"dateModified\":\"2026-03-11T16:14:09+00:00\",\"description\":\"Tablet przemys\u0142owy Chipol F9R z 4GB RAM i 64GB pami\u0119ci wewn\u0119trznej, dzia\u0142aj\u0105cy na systemie Android, posiada certyfikat IP67, co zapewnia odporno\u015b\u0107 na wod\u0119 i py\u0142. Idealny do zastosowa\u0144 w trudnych warunkach przemys\u0142owych.\",\"breadcrumb\":{\"@id\":\"https:\\\/\\\/www.oio.pl\\\/product\\\/tablet-przemyslowy-chipol-f9r\\\/#breadcrumb\"},\"inLanguage\":\"da-DK\",\"potentialAction\":[{\"@type\":\"ReadAction\",\"target\":[\"https:\\\/\\\/www.oio.pl\\\/product\\\/tablet-przemyslowy-chipol-f9r\\\/\"]}]},{\"@type\":\"ImageObject\",\"inLanguage\":\"da-DK\",\"@id\":\"https:\\\/\\\/www.oio.pl\\\/product\\\/tablet-przemyslowy-chipol-f9r\\\/#primaryimage\",\"url\":\"https:\\\/\\\/www.oio.pl\\\/wp-content\\\/uploads\\\/2021\\\/09\\\/F7R_07_00.png\",\"contentUrl\":\"https:\\\/\\\/www.oio.pl\\\/wp-content\\\/uploads\\\/2021\\\/09\\\/F7R_07_00.png\",\"width\":2000,\"height\":1293},{\"@type\":\"BreadcrumbList\",\"@id\":\"https:\\\/\\\/www.oio.pl\\\/product\\\/tablet-przemyslowy-chipol-f9r\\\/#breadcrumb\",\"itemListElement\":[{\"@type\":\"ListItem\",\"position\":1,\"name\":\"Strona g\u0142\u00f3wna\",\"item\":\"https:\\\/\\\/www.oio.pl\\\/\"},{\"@type\":\"ListItem\",\"position\":2,\"name\":\"Produkty\",\"item\":\"https:\\\/\\\/www.oio.pl\\\/\"},{\"@type\":\"ListItem\",\"position\":3,\"name\":\"Tablet przemys\u0142owy Chipol F9R 4GB\\\/64GB Android IP67\"}]},{\"@type\":\"WebSite\",\"@id\":\"https:\\\/\\\/www.oio.pl\\\/#website\",\"url\":\"https:\\\/\\\/www.oio.pl\\\/\",\"name\":\"OIO.pl \u2013 Tablety przemys\u0142owe, sprz\u0119t IT dla przemys\u0142u i logistyki\",\"description\":\"tablety przemys\u0142owe, rugged tablet, komputer przemys\u0142owy, tablet wytrzyma\u0142y, sprz\u0119t dla przemys\u0142u, tablet z Windows, tablet IP67, laptop dla magazynu, elektronika przemys\u0142owa, komputery przemys\u0142owe, oio.pl, sprz\u0119t dla logistyki, tablet do pracy w terenie, monitor dotykowy przemys\u0142owy\",\"publisher\":{\"@id\":\"https:\\\/\\\/www.oio.pl\\\/#organization\"},\"alternateName\":\"Sklep internetowy dla przemys\u0142u\",\"potentialAction\":[{\"@type\":\"SearchAction\",\"target\":{\"@type\":\"EntryPoint\",\"urlTemplate\":\"https:\\\/\\\/www.oio.pl\\\/?s={search_term_string}\"},\"query-input\":{\"@type\":\"PropertyValueSpecification\",\"valueRequired\":true,\"valueName\":\"search_term_string\"}}],\"inLanguage\":\"da-DK\"},{\"@type\":\"Organization\",\"@id\":\"https:\\\/\\\/www.oio.pl\\\/#organization\",\"name\":\"OIO\",\"alternateName\":\"Sprz\u0119t komputerowy\",\"url\":\"https:\\\/\\\/www.oio.pl\\\/\",\"logo\":{\"@type\":\"ImageObject\",\"inLanguage\":\"da-DK\",\"@id\":\"https:\\\/\\\/www.oio.pl\\\/#\\\/schema\\\/logo\\\/image\\\/\",\"url\":\"https:\\\/\\\/www.oio.pl\\\/wp-content\\\/uploads\\\/2023\\\/11\\\/cropped-cropped-oio_120x120.jpg\",\"contentUrl\":\"https:\\\/\\\/www.oio.pl\\\/wp-content\\\/uploads\\\/2023\\\/11\\\/cropped-cropped-oio_120x120.jpg\",\"width\":120,\"height\":48,\"caption\":\"OIO\"},\"image\":{\"@id\":\"https:\\\/\\\/www.oio.pl\\\/#\\\/schema\\\/logo\\\/image\\\/\"},\"sameAs\":[\"https:\\\/\\\/www.facebook.com\\\/oiopl\"]}]}<\/script>\n<!-- \/ Yoast SEO plugin. -->","yoast_head_json":{"title":"Chipol F9R 4GB\/64GB Industritablet Android IP67 - Mini-pc&#039;er, Computere, B\u00e6rbare computere, Overs\u00e6ttere","description":"Chipol F9R industritabletten med 4 GB RAM og 64 GB intern lagerplads, der k\u00f8rer p\u00e5 Android, er IP67-certificeret for vand- og st\u00f8vafvisende. Ideel til brug i barske industrielle milj\u00f8er.","robots":{"index":"index","follow":"follow","max-snippet":"max-snippet:-1","max-image-preview":"max-image-preview:large","max-video-preview":"max-video-preview:-1"},"canonical":"https:\/\/www.oio.pl\/da\/produkt-2\/chipol-f9r-industriel-tablet\/","og_locale":"da_DK","og_type":"article","og_title":"Tablet przemys\u0142owy Chipol F9R 4GB\/64GB Android IP67 - Mini PC, Komputery, Laptopy, Translatory","og_description":"Tablet przemys\u0142owy Chipol F9R z 4GB RAM i 64GB pami\u0119ci wewn\u0119trznej, dzia\u0142aj\u0105cy na systemie Android, posiada certyfikat IP67, co zapewnia odporno\u015b\u0107 na wod\u0119 i py\u0142. Idealny do zastosowa\u0144 w trudnych warunkach przemys\u0142owych.","og_url":"https:\/\/www.oio.pl\/da\/produkt-2\/chipol-f9r-industriel-tablet\/","og_site_name":"Mini PC, Komputery, Laptopy, Translatory","article_publisher":"https:\/\/www.facebook.com\/oiopl","article_modified_time":"2026-03-11T16:14:09+00:00","og_image":[{"width":2000,"height":1293,"url":"https:\/\/www.oio.pl\/wp-content\/uploads\/2021\/09\/F7R_07_00.png","type":"image\/png"}],"twitter_card":"summary_large_image","twitter_misc":{"Estimeret l\u00e6setid":"2 minutter"},"schema":{"@context":"https:\/\/schema.org","@graph":[{"@type":"WebPage","@id":"https:\/\/www.oio.pl\/product\/tablet-przemyslowy-chipol-f9r\/","url":"https:\/\/www.oio.pl\/product\/tablet-przemyslowy-chipol-f9r\/","name":"Chipol F9R 4GB\/64GB Industritablet Android IP67 - Mini-pc&#039;er, Computere, B\u00e6rbare computere, Overs\u00e6ttere","isPartOf":{"@id":"https:\/\/www.oio.pl\/#website"},"primaryImageOfPage":{"@id":"https:\/\/www.oio.pl\/product\/tablet-przemyslowy-chipol-f9r\/#primaryimage"},"image":{"@id":"https:\/\/www.oio.pl\/product\/tablet-przemyslowy-chipol-f9r\/#primaryimage"},"thumbnailUrl":"https:\/\/www.oio.pl\/wp-content\/uploads\/2021\/09\/F7R_07_00.png","datePublished":"2025-04-30T13:13:13+00:00","dateModified":"2026-03-11T16:14:09+00:00","description":"Chipol F9R industritabletten med 4 GB RAM og 64 GB intern lagerplads, der k\u00f8rer p\u00e5 Android, er IP67-certificeret for vand- og st\u00f8vafvisende. Ideel til brug i barske industrielle milj\u00f8er.","breadcrumb":{"@id":"https:\/\/www.oio.pl\/product\/tablet-przemyslowy-chipol-f9r\/#breadcrumb"},"inLanguage":"da-DK","potentialAction":[{"@type":"ReadAction","target":["https:\/\/www.oio.pl\/product\/tablet-przemyslowy-chipol-f9r\/"]}]},{"@type":"ImageObject","inLanguage":"da-DK","@id":"https:\/\/www.oio.pl\/product\/tablet-przemyslowy-chipol-f9r\/#primaryimage","url":"https:\/\/www.oio.pl\/wp-content\/uploads\/2021\/09\/F7R_07_00.png","contentUrl":"https:\/\/www.oio.pl\/wp-content\/uploads\/2021\/09\/F7R_07_00.png","width":2000,"height":1293},{"@type":"BreadcrumbList","@id":"https:\/\/www.oio.pl\/product\/tablet-przemyslowy-chipol-f9r\/#breadcrumb","itemListElement":[{"@type":"ListItem","position":1,"name":"Strona g\u0142\u00f3wna","item":"https:\/\/www.oio.pl\/"},{"@type":"ListItem","position":2,"name":"Produkty","item":"https:\/\/www.oio.pl\/"},{"@type":"ListItem","position":3,"name":"Tablet przemys\u0142owy Chipol F9R 4GB\/64GB Android IP67"}]},{"@type":"WebSite","@id":"https:\/\/www.oio.pl\/#website","url":"https:\/\/www.oio.pl\/","name":"OIO.pl \u2013 Industrielle tablets, IT-udstyr til industri og logistik","description":"Industrielle tablets, robust tablet, industriel computer, holdbar tablet, udstyr til industrien, Windows-tablet, IP67-tablet, b\u00e6rbar lager, industriel elektronik, industrielle computere, oio.pl, logistikudstyr, tablet til feltarbejdsbrug, industriel ber\u00f8ringssk\u00e6rm","publisher":{"@id":"https:\/\/www.oio.pl\/#organization"},"alternateName":"Sklep internetowy dla przemys\u0142u","potentialAction":[{"@type":"SearchAction","target":{"@type":"EntryPoint","urlTemplate":"https:\/\/www.oio.pl\/?s={search_term_string}"},"query-input":{"@type":"PropertyValueSpecification","valueRequired":true,"valueName":"search_term_string"}}],"inLanguage":"da-DK"},{"@type":"Organization","@id":"https:\/\/www.oio.pl\/#organization","name":"OIO","alternateName":"Sprz\u0119t komputerowy","url":"https:\/\/www.oio.pl\/","logo":{"@type":"ImageObject","inLanguage":"da-DK","@id":"https:\/\/www.oio.pl\/#\/schema\/logo\/image\/","url":"https:\/\/www.oio.pl\/wp-content\/uploads\/2023\/11\/cropped-cropped-oio_120x120.jpg","contentUrl":"https:\/\/www.oio.pl\/wp-content\/uploads\/2023\/11\/cropped-cropped-oio_120x120.jpg","width":120,"height":48,"caption":"OIO"},"image":{"@id":"https:\/\/www.oio.pl\/#\/schema\/logo\/image\/"},"sameAs":["https:\/\/www.facebook.com\/oiopl"]}]}},"_links":{"self":[{"href":"https:\/\/www.oio.pl\/da\/wp-json\/wp\/v2\/product\/7464","targetHints":{"allow":["GET"]}}],"collection":[{"href":"https:\/\/www.oio.pl\/da\/wp-json\/wp\/v2\/product"}],"about":[{"href":"https:\/\/www.oio.pl\/da\/wp-json\/wp\/v2\/types\/product"}],"replies":[{"embeddable":true,"href":"https:\/\/www.oio.pl\/da\/wp-json\/wp\/v2\/comments?post=7464"}],"wp:featuredmedia":[{"embeddable":true,"href":"https:\/\/www.oio.pl\/da\/wp-json\/wp\/v2\/media\/7462"}],"wp:attachment":[{"href":"https:\/\/www.oio.pl\/da\/wp-json\/wp\/v2\/media?parent=7464"}],"wp:term":[{"taxonomy":"product_brand","embeddable":true,"href":"https:\/\/www.oio.pl\/da\/wp-json\/wp\/v2\/product_brand?post=7464"},{"taxonomy":"product_cat","embeddable":true,"href":"https:\/\/www.oio.pl\/da\/wp-json\/wp\/v2\/product_cat?post=7464"},{"taxonomy":"product_tag","embeddable":true,"href":"https:\/\/www.oio.pl\/da\/wp-json\/wp\/v2\/product_tag?post=7464"}],"curies":[{"name":"wp","href":"https:\/\/api.w.org\/{rel}","templated":true}]}}