{"id":7557,"date":"2025-06-27T12:59:29","date_gmt":"2025-06-27T10:59:29","guid":{"rendered":"https:\/\/www.oio.pl\/?post_type=product&#038;p=7557"},"modified":"2025-11-28T06:42:15","modified_gmt":"2025-11-28T05:42:15","slug":"panelcomputer-sag300-17-156-i5-4200u-ddr3l-ssd-gpio-rs232-485","status":"publish","type":"product","link":"https:\/\/www.oio.pl\/da\/product\/komputer-panelowy-sag300-17-156-i5-4200u-ddr3l-ssd-gpio-rs232-485\/","title":{"rendered":"SAG300-17 panelcomputer 17\u2033 i5-4200U DDR3L SSD GPIO RS232\/485"},"content":{"rendered":"<p data-start=\"195\" data-end=\"438\">Szukasz solidnego, bezawaryjnego i gotowego na ekstremalne warunki komputera panelowego?<br \/>\nChipol <strong data-start=\"284\" data-end=\"300\">SAG300-17<\/strong>\u00a0er en enhed designet til at fungere i kr\u00e6vende industrielle milj\u00f8er, hvor p\u00e5lidelighed, holdbarhed og fleksibilitet er vigtige.<\/p>\n<p data-start=\"440\" data-end=\"805\">Tak 17<strong data-start=\"447\" data-end=\"489\">-tommer ber\u00f8ringssk\u00e6rm <\/strong>, systemet er nemt og problemfrit at betjene, hvilket g\u00f8r det til et ideelt v\u00e6rkt\u00f8j til applikationer inden for produktion, automation og logistik. Huset er lavet af aluminium-magnesium-st\u00f8bning og <strong data-start=\"687\" data-end=\"727\">frontpanel med IP65-beskyttelsesklasse<\/strong> garanterer modstandsdygtighed over for st\u00f8v, vand, vibrationer og elektromagnetisk interferens.<\/p>\n<p data-start=\"807\" data-end=\"1077\">Der er et d\u00e6k om bord <strong data-start=\"833\" data-end=\"883\">Intel\u00ae i5-4200U dual-core processor<\/strong>, som kombineret med RAM p\u00e5 op til 8 GB og muligheden for at tilslutte forskellige typer medier (SSD, HDD, mSATA) sikrer stabil og effektiv drift selv 24 timer i d\u00f8gnet, 7 dage om ugen.<\/p>\n<p data-start=\"1079\" data-end=\"1112\"><strong data-start=\"1079\" data-end=\"1112\">Vigtigste fordele ved SAG300-17:<\/strong><\/p>\n<ul data-start=\"1113\" data-end=\"1425\">\n<li data-start=\"1113\" data-end=\"1197\">\n<p data-start=\"1115\" data-end=\"1197\"><strong data-start=\"1115\" data-end=\"1157\">Holdbart, ventilatorl\u00f8st design<\/strong> \u2013 st\u00f8jsvag drift og lavt energiforbrug,<\/p>\n<\/li>\n<li data-start=\"1198\" data-end=\"1268\">\n<p data-start=\"1200\" data-end=\"1268\"><strong data-start=\"1200\" data-end=\"1236\">Bred systemkompatibilitet<\/strong> \u2013 Windows, Linux, QNX, VxWorks<\/p>\n<\/li>\n<li data-start=\"1269\" data-end=\"1347\">\n<p data-start=\"1271\" data-end=\"1347\"><strong data-start=\"1271\" data-end=\"1295\">Rigtig s\u00e6t af porte<\/strong> \u2013 blandt andet RS232\/485, USB 3.0, USB 2.0, lyd ind\/ud, LAN, HDMI, VGA dSub, GPIO, wifi<\/p>\n<\/li>\n<li data-start=\"1348\" data-end=\"1425\">\n<p data-start=\"1350\" data-end=\"1425\"><strong data-start=\"1350\" data-end=\"1384\">Lang levetid og p\u00e5lidelighed<\/strong> \u2013 selv ved temperaturer fra 0 til +50\u00b0C.<\/p>\n<\/li>\n<\/ul>\n<p data-start=\"1427\" data-end=\"1444\"><strong data-start=\"1427\" data-end=\"1444\">Anvendelse:<\/strong><\/p>\n<ul data-start=\"1445\" data-end=\"1618\">\n<li data-start=\"1445\" data-end=\"1476\">\n<p data-start=\"1447\" data-end=\"1476\">Industriel automation og HMI,<\/p>\n<\/li>\n<li data-start=\"1477\" data-end=\"1516\">\n<p data-start=\"1479\" data-end=\"1516\">Procesoverv\u00e5gning og -kontrol,<\/p>\n<\/li>\n<li data-start=\"1517\" data-end=\"1556\">\n<p data-start=\"1519\" data-end=\"1556\">Sikkerheds- og styringssystemer,<\/p>\n<\/li>\n<li data-start=\"1557\" data-end=\"1618\">\n<p data-start=\"1559\" data-end=\"1618\">Salgssteder, bestillingsterminaler og informationssk\u00e6rme.<\/p>\n<\/li>\n<\/ul>\n<p>Monteringsstik medf\u00f8lger.<\/p>","protected":false},"excerpt":{"rendered":"<p>Szukasz solidnego, bezawaryjnego i gotowego na ekstremalne warunki komputera panelowego? Chipol SAG300-17\u00a0to urz\u0105dzenie stworzone z my\u015bl\u0105 o pracy w wymagaj\u0105cych \u015brodowiskach przemys\u0142owych, gdzie liczy si\u0119 niezawodno\u015b\u0107, trwa\u0142o\u015b\u0107 i elastyczno\u015b\u0107. Dzi\u0119ki 17-calowemu dotykowemu ekranowi , obs\u0142uga systemu jest \u0142atwa i p\u0142ynna, co czyni go idealnym narz\u0119dziem do zastosowa\u0144 w produkcji, automatyce i logistyce. Obudowa wykonana z [&hellip;]<\/p>\n","protected":false},"featured_media":7559,"comment_status":"closed","ping_status":"closed","template":"","meta":[],"product_brand":[3231],"product_cat":[3248,3218,97,3219],"product_tag":[3112,3257,3255,3251,77,3253,3252,3254,3256],"class_list":{"0":"post-7557","1":"product","2":"type-product","3":"status-publish","4":"has-post-thumbnail","6":"product_brand-chipol","7":"product_cat-aio-industrial","8":"product_cat-pc-panel","9":"product_cat-pc-przemyslowe","10":"product_cat-pc-industrial","11":"product_tag-komputer-all-in-one","12":"product_tag-komputer-do-automatyki","13":"product_tag-komputer-hmi","14":"product_tag-komputer-panelowy","15":"product_tag-komputer-przemyslowy","16":"product_tag-komputer-z-ekranem-dotykowym","17":"product_tag-panel-pc","18":"product_tag-pc-do-zabudowy","19":"product_tag-rugged-pc","21":"first","22":"instock","23":"taxable","24":"shipping-taxable","25":"purchasable","26":"product-type-variable","27":"czr-hentry"},"yoast_head":"<!-- This site is optimized with the Yoast SEO plugin v27.4 - https:\/\/yoast.com\/product\/yoast-seo-wordpress\/ -->\n<title>Komputer panelowy SAG300-17 17&quot; i5-4200U DDR3L SSD GPIO RS232\/485 - Mini PC, Komputery, Laptopy, Translatory<\/title>\n<meta name=\"description\" content=\"SAG300\u201117: 17\u2033 panelowy PC z i5\u20114200U, DDR3L, SSD, GPIO, RS232\/485 \u2013 gotowy na wyzwania w przemy\u015ble i automatyce.\" \/>\n<meta name=\"robots\" content=\"index, follow, max-snippet:-1, max-image-preview:large, max-video-preview:-1\" \/>\n<link rel=\"canonical\" href=\"https:\/\/www.oio.pl\/da\/produkt-2\/panelcomputer-sag300-17-156-i5-4200u-ddr3l-ssd-gpio-rs232-485\/\" \/>\n<meta property=\"og:locale\" content=\"da_DK\" \/>\n<meta property=\"og:type\" content=\"article\" \/>\n<meta property=\"og:title\" content=\"Komputer panelowy SAG300-17 17&quot; i5-4200U DDR3L SSD GPIO RS232\/485 - Mini PC, Komputery, Laptopy, Translatory\" \/>\n<meta property=\"og:description\" content=\"SAG300\u201117: 17\u2033 panelowy PC z i5\u20114200U, DDR3L, SSD, GPIO, RS232\/485 \u2013 gotowy na wyzwania w przemy\u015ble i automatyce.\" \/>\n<meta property=\"og:url\" content=\"https:\/\/www.oio.pl\/da\/produkt-2\/panelcomputer-sag300-17-156-i5-4200u-ddr3l-ssd-gpio-rs232-485\/\" \/>\n<meta property=\"og:site_name\" content=\"Mini PC, Komputery, Laptopy, Translatory\" \/>\n<meta property=\"article:publisher\" content=\"https:\/\/www.facebook.com\/oiopl\" \/>\n<meta property=\"article:modified_time\" content=\"2025-11-28T05:42:15+00:00\" \/>\n<meta property=\"og:image\" content=\"https:\/\/www.oio.pl\/wp-content\/uploads\/2025\/06\/17_02-scaled.png\" \/>\n\t<meta property=\"og:image:width\" content=\"2560\" \/>\n\t<meta property=\"og:image:height\" content=\"2560\" \/>\n\t<meta property=\"og:image:type\" content=\"image\/png\" \/>\n<meta name=\"twitter:card\" content=\"summary_large_image\" \/>\n<meta name=\"twitter:label1\" content=\"Estimeret l\u00e6setid\" \/>\n\t<meta name=\"twitter:data1\" content=\"2 minutter\" \/>\n<script type=\"application\/ld+json\" class=\"yoast-schema-graph\">{\"@context\":\"https:\\\/\\\/schema.org\",\"@graph\":[{\"@type\":\"WebPage\",\"@id\":\"https:\\\/\\\/www.oio.pl\\\/product\\\/komputer-panelowy-sag300-17-156-i5-4200u-ddr3l-ssd-gpio-rs232-485\\\/\",\"url\":\"https:\\\/\\\/www.oio.pl\\\/product\\\/komputer-panelowy-sag300-17-156-i5-4200u-ddr3l-ssd-gpio-rs232-485\\\/\",\"name\":\"Komputer panelowy SAG300-17 17\\\" i5-4200U DDR3L SSD GPIO RS232\\\/485 - Mini PC, Komputery, Laptopy, Translatory\",\"isPartOf\":{\"@id\":\"https:\\\/\\\/www.oio.pl\\\/#website\"},\"primaryImageOfPage\":{\"@id\":\"https:\\\/\\\/www.oio.pl\\\/product\\\/komputer-panelowy-sag300-17-156-i5-4200u-ddr3l-ssd-gpio-rs232-485\\\/#primaryimage\"},\"image\":{\"@id\":\"https:\\\/\\\/www.oio.pl\\\/product\\\/komputer-panelowy-sag300-17-156-i5-4200u-ddr3l-ssd-gpio-rs232-485\\\/#primaryimage\"},\"thumbnailUrl\":\"https:\\\/\\\/www.oio.pl\\\/wp-content\\\/uploads\\\/2025\\\/06\\\/17_02-scaled.png\",\"datePublished\":\"2025-06-27T10:59:29+00:00\",\"dateModified\":\"2025-11-28T05:42:15+00:00\",\"description\":\"SAG300\u201117: 17\u2033 panelowy PC z i5\u20114200U, DDR3L, SSD, GPIO, RS232\\\/485 \u2013 gotowy na wyzwania w przemy\u015ble i automatyce.\",\"breadcrumb\":{\"@id\":\"https:\\\/\\\/www.oio.pl\\\/product\\\/komputer-panelowy-sag300-17-156-i5-4200u-ddr3l-ssd-gpio-rs232-485\\\/#breadcrumb\"},\"inLanguage\":\"da-DK\",\"potentialAction\":[{\"@type\":\"ReadAction\",\"target\":[\"https:\\\/\\\/www.oio.pl\\\/product\\\/komputer-panelowy-sag300-17-156-i5-4200u-ddr3l-ssd-gpio-rs232-485\\\/\"]}]},{\"@type\":\"ImageObject\",\"inLanguage\":\"da-DK\",\"@id\":\"https:\\\/\\\/www.oio.pl\\\/product\\\/komputer-panelowy-sag300-17-156-i5-4200u-ddr3l-ssd-gpio-rs232-485\\\/#primaryimage\",\"url\":\"https:\\\/\\\/www.oio.pl\\\/wp-content\\\/uploads\\\/2025\\\/06\\\/17_02-scaled.png\",\"contentUrl\":\"https:\\\/\\\/www.oio.pl\\\/wp-content\\\/uploads\\\/2025\\\/06\\\/17_02-scaled.png\",\"width\":2560,\"height\":2560},{\"@type\":\"BreadcrumbList\",\"@id\":\"https:\\\/\\\/www.oio.pl\\\/product\\\/komputer-panelowy-sag300-17-156-i5-4200u-ddr3l-ssd-gpio-rs232-485\\\/#breadcrumb\",\"itemListElement\":[{\"@type\":\"ListItem\",\"position\":1,\"name\":\"Strona g\u0142\u00f3wna\",\"item\":\"https:\\\/\\\/www.oio.pl\\\/\"},{\"@type\":\"ListItem\",\"position\":2,\"name\":\"Produkty\",\"item\":\"https:\\\/\\\/www.oio.pl\\\/\"},{\"@type\":\"ListItem\",\"position\":3,\"name\":\"Komputer panelowy SAG300-17 17&#8243; i5-4200U DDR3L SSD GPIO RS232\\\/485\"}]},{\"@type\":\"WebSite\",\"@id\":\"https:\\\/\\\/www.oio.pl\\\/#website\",\"url\":\"https:\\\/\\\/www.oio.pl\\\/\",\"name\":\"OIO.pl \u2013 Tablety przemys\u0142owe, sprz\u0119t IT dla przemys\u0142u i logistyki\",\"description\":\"tablety przemys\u0142owe, rugged tablet, komputer przemys\u0142owy, tablet wytrzyma\u0142y, sprz\u0119t dla przemys\u0142u, tablet z Windows, tablet IP67, laptop dla magazynu, elektronika przemys\u0142owa, komputery przemys\u0142owe, oio.pl, sprz\u0119t dla logistyki, tablet do pracy w terenie, monitor dotykowy przemys\u0142owy\",\"publisher\":{\"@id\":\"https:\\\/\\\/www.oio.pl\\\/#organization\"},\"alternateName\":\"Sklep internetowy dla przemys\u0142u\",\"potentialAction\":[{\"@type\":\"SearchAction\",\"target\":{\"@type\":\"EntryPoint\",\"urlTemplate\":\"https:\\\/\\\/www.oio.pl\\\/?s={search_term_string}\"},\"query-input\":{\"@type\":\"PropertyValueSpecification\",\"valueRequired\":true,\"valueName\":\"search_term_string\"}}],\"inLanguage\":\"da-DK\"},{\"@type\":\"Organization\",\"@id\":\"https:\\\/\\\/www.oio.pl\\\/#organization\",\"name\":\"OIO\",\"alternateName\":\"Sprz\u0119t komputerowy\",\"url\":\"https:\\\/\\\/www.oio.pl\\\/\",\"logo\":{\"@type\":\"ImageObject\",\"inLanguage\":\"da-DK\",\"@id\":\"https:\\\/\\\/www.oio.pl\\\/#\\\/schema\\\/logo\\\/image\\\/\",\"url\":\"https:\\\/\\\/www.oio.pl\\\/wp-content\\\/uploads\\\/2023\\\/11\\\/cropped-cropped-oio_120x120.jpg\",\"contentUrl\":\"https:\\\/\\\/www.oio.pl\\\/wp-content\\\/uploads\\\/2023\\\/11\\\/cropped-cropped-oio_120x120.jpg\",\"width\":120,\"height\":48,\"caption\":\"OIO\"},\"image\":{\"@id\":\"https:\\\/\\\/www.oio.pl\\\/#\\\/schema\\\/logo\\\/image\\\/\"},\"sameAs\":[\"https:\\\/\\\/www.facebook.com\\\/oiopl\"]}]}<\/script>\n<!-- \/ Yoast SEO plugin. -->","yoast_head_json":{"title":"SAG300-17 17&quot; i5-4200U DDR3L SSD GPIO RS232\/485 Panelcomputer - Mini-pc&#039;er, Computere, B\u00e6rbare computere, Overs\u00e6ttere","description":"SAG300\u201117: 17\u2033 panel-pc med i5\u20114200U, DDR3L, SSD, GPIO, RS232\/485 \u2013 klar til udfordringerne inden for industri og automatisering.","robots":{"index":"index","follow":"follow","max-snippet":"max-snippet:-1","max-image-preview":"max-image-preview:large","max-video-preview":"max-video-preview:-1"},"canonical":"https:\/\/www.oio.pl\/da\/produkt-2\/panelcomputer-sag300-17-156-i5-4200u-ddr3l-ssd-gpio-rs232-485\/","og_locale":"da_DK","og_type":"article","og_title":"Komputer panelowy SAG300-17 17\" i5-4200U DDR3L SSD GPIO RS232\/485 - Mini PC, Komputery, Laptopy, Translatory","og_description":"SAG300\u201117: 17\u2033 panelowy PC z i5\u20114200U, DDR3L, SSD, GPIO, RS232\/485 \u2013 gotowy na wyzwania w przemy\u015ble i automatyce.","og_url":"https:\/\/www.oio.pl\/da\/produkt-2\/panelcomputer-sag300-17-156-i5-4200u-ddr3l-ssd-gpio-rs232-485\/","og_site_name":"Mini PC, Komputery, Laptopy, Translatory","article_publisher":"https:\/\/www.facebook.com\/oiopl","article_modified_time":"2025-11-28T05:42:15+00:00","og_image":[{"width":2560,"height":2560,"url":"https:\/\/www.oio.pl\/wp-content\/uploads\/2025\/06\/17_02-scaled.png","type":"image\/png"}],"twitter_card":"summary_large_image","twitter_misc":{"Estimeret l\u00e6setid":"2 minutter"},"schema":{"@context":"https:\/\/schema.org","@graph":[{"@type":"WebPage","@id":"https:\/\/www.oio.pl\/product\/komputer-panelowy-sag300-17-156-i5-4200u-ddr3l-ssd-gpio-rs232-485\/","url":"https:\/\/www.oio.pl\/product\/komputer-panelowy-sag300-17-156-i5-4200u-ddr3l-ssd-gpio-rs232-485\/","name":"SAG300-17 17&quot; i5-4200U DDR3L SSD GPIO RS232\/485 Panelcomputer - Mini-pc&#039;er, Computere, B\u00e6rbare computere, Overs\u00e6ttere","isPartOf":{"@id":"https:\/\/www.oio.pl\/#website"},"primaryImageOfPage":{"@id":"https:\/\/www.oio.pl\/product\/komputer-panelowy-sag300-17-156-i5-4200u-ddr3l-ssd-gpio-rs232-485\/#primaryimage"},"image":{"@id":"https:\/\/www.oio.pl\/product\/komputer-panelowy-sag300-17-156-i5-4200u-ddr3l-ssd-gpio-rs232-485\/#primaryimage"},"thumbnailUrl":"https:\/\/www.oio.pl\/wp-content\/uploads\/2025\/06\/17_02-scaled.png","datePublished":"2025-06-27T10:59:29+00:00","dateModified":"2025-11-28T05:42:15+00:00","description":"SAG300\u201117: 17\u2033 panel-pc med i5\u20114200U, DDR3L, SSD, GPIO, RS232\/485 \u2013 klar til udfordringerne inden for industri og automatisering.","breadcrumb":{"@id":"https:\/\/www.oio.pl\/product\/komputer-panelowy-sag300-17-156-i5-4200u-ddr3l-ssd-gpio-rs232-485\/#breadcrumb"},"inLanguage":"da-DK","potentialAction":[{"@type":"ReadAction","target":["https:\/\/www.oio.pl\/product\/komputer-panelowy-sag300-17-156-i5-4200u-ddr3l-ssd-gpio-rs232-485\/"]}]},{"@type":"ImageObject","inLanguage":"da-DK","@id":"https:\/\/www.oio.pl\/product\/komputer-panelowy-sag300-17-156-i5-4200u-ddr3l-ssd-gpio-rs232-485\/#primaryimage","url":"https:\/\/www.oio.pl\/wp-content\/uploads\/2025\/06\/17_02-scaled.png","contentUrl":"https:\/\/www.oio.pl\/wp-content\/uploads\/2025\/06\/17_02-scaled.png","width":2560,"height":2560},{"@type":"BreadcrumbList","@id":"https:\/\/www.oio.pl\/product\/komputer-panelowy-sag300-17-156-i5-4200u-ddr3l-ssd-gpio-rs232-485\/#breadcrumb","itemListElement":[{"@type":"ListItem","position":1,"name":"Strona g\u0142\u00f3wna","item":"https:\/\/www.oio.pl\/"},{"@type":"ListItem","position":2,"name":"Produkty","item":"https:\/\/www.oio.pl\/"},{"@type":"ListItem","position":3,"name":"Komputer panelowy SAG300-17 17&#8243; i5-4200U DDR3L SSD GPIO RS232\/485"}]},{"@type":"WebSite","@id":"https:\/\/www.oio.pl\/#website","url":"https:\/\/www.oio.pl\/","name":"OIO.pl \u2013 Industrielle tablets, IT-udstyr til industri og logistik","description":"Industrielle tablets, robust tablet, industriel computer, holdbar tablet, udstyr til industrien, Windows-tablet, IP67-tablet, b\u00e6rbar lager, industriel elektronik, industrielle computere, oio.pl, logistikudstyr, tablet til feltarbejdsbrug, industriel ber\u00f8ringssk\u00e6rm","publisher":{"@id":"https:\/\/www.oio.pl\/#organization"},"alternateName":"Sklep internetowy dla przemys\u0142u","potentialAction":[{"@type":"SearchAction","target":{"@type":"EntryPoint","urlTemplate":"https:\/\/www.oio.pl\/?s={search_term_string}"},"query-input":{"@type":"PropertyValueSpecification","valueRequired":true,"valueName":"search_term_string"}}],"inLanguage":"da-DK"},{"@type":"Organization","@id":"https:\/\/www.oio.pl\/#organization","name":"OIO","alternateName":"Sprz\u0119t komputerowy","url":"https:\/\/www.oio.pl\/","logo":{"@type":"ImageObject","inLanguage":"da-DK","@id":"https:\/\/www.oio.pl\/#\/schema\/logo\/image\/","url":"https:\/\/www.oio.pl\/wp-content\/uploads\/2023\/11\/cropped-cropped-oio_120x120.jpg","contentUrl":"https:\/\/www.oio.pl\/wp-content\/uploads\/2023\/11\/cropped-cropped-oio_120x120.jpg","width":120,"height":48,"caption":"OIO"},"image":{"@id":"https:\/\/www.oio.pl\/#\/schema\/logo\/image\/"},"sameAs":["https:\/\/www.facebook.com\/oiopl"]}]}},"_links":{"self":[{"href":"https:\/\/www.oio.pl\/da\/wp-json\/wp\/v2\/product\/7557","targetHints":{"allow":["GET"]}}],"collection":[{"href":"https:\/\/www.oio.pl\/da\/wp-json\/wp\/v2\/product"}],"about":[{"href":"https:\/\/www.oio.pl\/da\/wp-json\/wp\/v2\/types\/product"}],"replies":[{"embeddable":true,"href":"https:\/\/www.oio.pl\/da\/wp-json\/wp\/v2\/comments?post=7557"}],"wp:featuredmedia":[{"embeddable":true,"href":"https:\/\/www.oio.pl\/da\/wp-json\/wp\/v2\/media\/7559"}],"wp:attachment":[{"href":"https:\/\/www.oio.pl\/da\/wp-json\/wp\/v2\/media?parent=7557"}],"wp:term":[{"taxonomy":"product_brand","embeddable":true,"href":"https:\/\/www.oio.pl\/da\/wp-json\/wp\/v2\/product_brand?post=7557"},{"taxonomy":"product_cat","embeddable":true,"href":"https:\/\/www.oio.pl\/da\/wp-json\/wp\/v2\/product_cat?post=7557"},{"taxonomy":"product_tag","embeddable":true,"href":"https:\/\/www.oio.pl\/da\/wp-json\/wp\/v2\/product_tag?post=7557"}],"curies":[{"name":"wp","href":"https:\/\/api.w.org\/{rel}","templated":true}]}}