{"id":7634,"date":"2025-07-19T06:21:31","date_gmt":"2025-07-19T04:21:31","guid":{"rendered":"https:\/\/www.oio.pl\/?post_type=product&#038;p=7634"},"modified":"2026-03-25T12:24:29","modified_gmt":"2026-03-25T11:24:29","slug":"mini-pc-t8-plus-n150-16-512gb-windows-11","status":"publish","type":"product","link":"https:\/\/www.oio.pl\/da\/product\/mini-pc-t8-plus-n150-16-512gb-windows-11\/","title":{"rendered":"Mini PC T8 Plus N150 16\/512GB Windows 11"},"content":{"rendered":"<div class=\"mpof_ki myre_zn myre_8v_l _0d3bd_YrWCD\">\n<div class=\"mp4t_16_s mryx_16_s mr3m_1 mli2_1 mh85_56 mh85_0_l\">\n<div class=\"mgn2_16 _0d3bd_5pK0q\">\n<h1>Mini PC T8 Plus N150 16GB DDR5 \/ 512GB + 3*HDMI Windows 11<\/h1>\n<h2>Stor kraft i en lille enhed<\/h2>\n<\/div>\n<\/div>\n<\/div>\n<div class=\"mpof_ki myre_zn myre_8v_l _0d3bd_YrWCD\">\n<div class=\"mp4t_16_s mryx_16_s mr3m_1 mli2_1 mh85_56 mh85_0_l\">\n<div class=\"mgn2_16 _0d3bd_5pK0q\">\n<p>Mini PC Chipol T8 Plus jest now\u0105 generacj\u0105 mini pc z potr\u00f3jnym wyj\u015bcie HDMI, dwoma portami LAN a nap\u0119dzane procesorem N150. Jest\u00a0 to najnowsza generacja ma\u0142ych ale pe\u0142noprawnych komputer\u00f3w do biura, urz\u0119du, szko\u0142y. Konstrukcja urz\u0105dzenia zapewnia sprawne i bezawaryjne u\u017cytkowanie nawet 24 h na dob\u0119. Mikrokomputer Chipol T8 Plus umo\u017cliwia u\u017cytkowanie go w domu, ogl\u0105danie film\u00f3w, s\u0142uchanie muzyki w salonie.<\/p>\n<p>Chipol T8 Plus har alle n\u00f8dvendige ind-\/udgange, inklusive 3 USB 3.0-porte og 2,4 og 5 GHz WiFi.<\/p>\n<p>Enhedens maksimale str\u00f8mforbrug er 30 W, hvilket er effekten af en lille p\u00e6re, sammenlignet med almindelige station\u00e6re computere, som kun er 51 TP3T!!! \u2013 det er en kolossal forskel for skoler og andre institutioner med mange s\u00e5danne enheder.<\/p>\n<\/div>\n<div class=\"mp4t_16_s mryx_16_s mr3m_1 mli2_1 mh85_56 mh85_0_l\">\n<div class=\"mg9e_8 mg9e_0_s mvrt_0_s mj7a_8 mj7a_0_s mh36_0_s mzmg_6m munh_16_l m3h2_16_l\">\n<div class=\"mp4t_0 mryx_0 munh_56 m3h2_56\">\n<div class=\"mp7g_oh\">Apparatets alsidighed g\u00f8r det muligt at bruge det i mange scenarier.<\/div>\n<\/div>\n<\/div>\n<\/div>\n<div class=\"mp4t_16_s mryx_16_s mr3m_1 mli2_1 mh85_56 mh85_0_l\">\n<div class=\"mgn2_16 _0d3bd_r3bCg\">\n<p>Muligheden for at skjule den ved hj\u00e6lp af VESA-beslaget g\u00f8r, at du ikke beh\u00f8ver at bekymre dig om plads og kabler.<\/p>\n<p>Du kan ogs\u00e5 spille spil som Minecraft p\u00e5 denne Chipol T8 Plus-model, hvilket er en billigere l\u00f8sning end at k\u00f8be en &quot;stor computer&quot;.<\/p>\n<p>Du kan ogs\u00e5 arbejde med tre HDMI 4K-sk\u00e6rme!!!<\/p>\n<\/div>\n<\/div>\n<\/div>\n<\/div>","protected":false},"excerpt":{"rendered":"<p>Mini PC T8 Plus N150 16GB DDR5 \/ 512GB + 3*HDMI Windows 11 Wielka moc w ma\u0142ym urz\u0105dzeniu Mini PC Chipol T8 Plus jest now\u0105 generacj\u0105 mini pc z potr\u00f3jnym wyj\u015bcie HDMI, dwoma portami LAN a nap\u0119dzane procesorem N150. Jest\u00a0 to najnowsza generacja ma\u0142ych ale pe\u0142noprawnych komputer\u00f3w do biura, urz\u0119du, szko\u0142y. Konstrukcja urz\u0105dzenia zapewnia sprawne [&hellip;]<\/p>\n","protected":false},"featured_media":5889,"comment_status":"closed","ping_status":"closed","template":"","meta":[],"product_brand":[3231],"product_cat":[24,3220],"product_tag":[125,3135,2523,3167,2543,3137,3136,2531,3150,2900,3180,47,49,2930,54,2621,46,2565,2527,2525,2551,2898,3164,3130,3151,3144,48,2545],"class_list":{"0":"post-7634","1":"product","2":"type-product","3":"status-publish","4":"has-post-thumbnail","6":"product_brand-chipol","7":"product_cat-mini-pc","8":"product_cat-minipc","9":"product_tag-minipc","10":"product_tag-amd-mini-pc","11":"product_tag-best-mini-pc","12":"product_tag-best-mini-pc-stick","13":"product_tag-best-windows-mini-pc","14":"product_tag-budget-mini-pc","15":"product_tag-cheap-mini-pc","16":"product_tag-computer","17":"product_tag-computer-laptop","18":"product_tag-desktop-mini-pc","19":"product_tag-intel-mini-pc-stick","20":"product_tag-komputer","21":"product_tag-komputery","22":"product_tag-maly-komputer","23":"product_tag-mikrokomputery","24":"product_tag-mini-komputer","25":"product_tag-mini-pc","26":"product_tag-mini-pc-build","27":"product_tag-mini-pc-gaming","28":"product_tag-mini-pc-review","29":"product_tag-mini-pc-vs-desktop","30":"product_tag-most-powerful-mini-pc","31":"product_tag-pc","32":"product_tag-powerful-mini-pc","33":"product_tag-single-board-computer","34":"product_tag-tani-komputer","35":"product_tag-windows-10","36":"product_tag-windows-mini-pc","38":"first","39":"onbackorder","40":"taxable","41":"shipping-taxable","42":"purchasable","43":"product-type-simple","44":"czr-hentry"},"yoast_head":"<!-- This site is optimized with the Yoast SEO plugin v27.4 - https:\/\/yoast.com\/product\/yoast-seo-wordpress\/ -->\n<title>Mini PC T8 Plus N150 16\/512GB Windows 11 - Mini PC, Komputery, Laptopy, Translatory<\/title>\n<meta name=\"robots\" content=\"index, follow, max-snippet:-1, max-image-preview:large, max-video-preview:-1\" \/>\n<link rel=\"canonical\" href=\"https:\/\/www.oio.pl\/da\/produkt-2\/mini-pc-t8-plus-n150-16-512gb-windows-11\/\" \/>\n<meta property=\"og:locale\" content=\"da_DK\" \/>\n<meta property=\"og:type\" content=\"article\" \/>\n<meta property=\"og:title\" content=\"Mini PC T8 Plus N150 16\/512GB Windows 11 - Mini PC, Komputery, Laptopy, Translatory\" \/>\n<meta property=\"og:description\" content=\"Mini PC T8 Plus N150 16GB DDR5 \/ 512GB + 3*HDMI Windows 11 Wielka moc w ma\u0142ym urz\u0105dzeniu Mini PC Chipol T8 Plus jest now\u0105 generacj\u0105 mini pc z potr\u00f3jnym wyj\u015bcie HDMI, dwoma portami LAN a nap\u0119dzane procesorem N150. Jest\u00a0 to najnowsza generacja ma\u0142ych ale pe\u0142noprawnych komputer\u00f3w do biura, urz\u0119du, szko\u0142y. Konstrukcja urz\u0105dzenia zapewnia sprawne [&hellip;]\" \/>\n<meta property=\"og:url\" content=\"https:\/\/www.oio.pl\/da\/produkt-2\/mini-pc-t8-plus-n150-16-512gb-windows-11\/\" \/>\n<meta property=\"og:site_name\" content=\"Mini PC, Komputery, Laptopy, Translatory\" \/>\n<meta property=\"article:publisher\" content=\"https:\/\/www.facebook.com\/oiopl\" \/>\n<meta property=\"article:modified_time\" content=\"2026-03-25T11:24:29+00:00\" \/>\n<meta property=\"og:image\" content=\"https:\/\/www.oio.pl\/wp-content\/uploads\/2023\/05\/T8_PRO_07.jpg\" \/>\n\t<meta property=\"og:image:width\" content=\"750\" \/>\n\t<meta property=\"og:image:height\" content=\"750\" \/>\n\t<meta property=\"og:image:type\" content=\"image\/jpeg\" \/>\n<meta name=\"twitter:card\" content=\"summary_large_image\" \/>\n<meta name=\"twitter:label1\" content=\"Estimeret l\u00e6setid\" \/>\n\t<meta name=\"twitter:data1\" content=\"2 minutter\" \/>\n<script type=\"application\/ld+json\" class=\"yoast-schema-graph\">{\"@context\":\"https:\\\/\\\/schema.org\",\"@graph\":[{\"@type\":\"WebPage\",\"@id\":\"https:\\\/\\\/www.oio.pl\\\/product\\\/mini-pc-t8-plus-n150-16-512gb-windows-11\\\/\",\"url\":\"https:\\\/\\\/www.oio.pl\\\/product\\\/mini-pc-t8-plus-n150-16-512gb-windows-11\\\/\",\"name\":\"Mini PC T8 Plus N150 16\\\/512GB Windows 11 - Mini PC, Komputery, Laptopy, Translatory\",\"isPartOf\":{\"@id\":\"https:\\\/\\\/www.oio.pl\\\/#website\"},\"primaryImageOfPage\":{\"@id\":\"https:\\\/\\\/www.oio.pl\\\/product\\\/mini-pc-t8-plus-n150-16-512gb-windows-11\\\/#primaryimage\"},\"image\":{\"@id\":\"https:\\\/\\\/www.oio.pl\\\/product\\\/mini-pc-t8-plus-n150-16-512gb-windows-11\\\/#primaryimage\"},\"thumbnailUrl\":\"https:\\\/\\\/www.oio.pl\\\/wp-content\\\/uploads\\\/2023\\\/05\\\/T8_PRO_07.jpg\",\"datePublished\":\"2025-07-19T04:21:31+00:00\",\"dateModified\":\"2026-03-25T11:24:29+00:00\",\"breadcrumb\":{\"@id\":\"https:\\\/\\\/www.oio.pl\\\/product\\\/mini-pc-t8-plus-n150-16-512gb-windows-11\\\/#breadcrumb\"},\"inLanguage\":\"da-DK\",\"potentialAction\":[{\"@type\":\"ReadAction\",\"target\":[\"https:\\\/\\\/www.oio.pl\\\/product\\\/mini-pc-t8-plus-n150-16-512gb-windows-11\\\/\"]}]},{\"@type\":\"ImageObject\",\"inLanguage\":\"da-DK\",\"@id\":\"https:\\\/\\\/www.oio.pl\\\/product\\\/mini-pc-t8-plus-n150-16-512gb-windows-11\\\/#primaryimage\",\"url\":\"https:\\\/\\\/www.oio.pl\\\/wp-content\\\/uploads\\\/2023\\\/05\\\/T8_PRO_07.jpg\",\"contentUrl\":\"https:\\\/\\\/www.oio.pl\\\/wp-content\\\/uploads\\\/2023\\\/05\\\/T8_PRO_07.jpg\",\"width\":750,\"height\":750},{\"@type\":\"BreadcrumbList\",\"@id\":\"https:\\\/\\\/www.oio.pl\\\/product\\\/mini-pc-t8-plus-n150-16-512gb-windows-11\\\/#breadcrumb\",\"itemListElement\":[{\"@type\":\"ListItem\",\"position\":1,\"name\":\"Strona g\u0142\u00f3wna\",\"item\":\"https:\\\/\\\/www.oio.pl\\\/\"},{\"@type\":\"ListItem\",\"position\":2,\"name\":\"Produkty\",\"item\":\"https:\\\/\\\/www.oio.pl\\\/\"},{\"@type\":\"ListItem\",\"position\":3,\"name\":\"Mini PC T8 Plus N150 16\\\/512GB Windows 11\"}]},{\"@type\":\"WebSite\",\"@id\":\"https:\\\/\\\/www.oio.pl\\\/#website\",\"url\":\"https:\\\/\\\/www.oio.pl\\\/\",\"name\":\"OIO.pl \u2013 Tablety przemys\u0142owe, sprz\u0119t IT dla przemys\u0142u i logistyki\",\"description\":\"tablety przemys\u0142owe, rugged tablet, komputer przemys\u0142owy, tablet wytrzyma\u0142y, sprz\u0119t dla przemys\u0142u, tablet z Windows, tablet IP67, laptop dla magazynu, elektronika przemys\u0142owa, komputery przemys\u0142owe, oio.pl, sprz\u0119t dla logistyki, tablet do pracy w terenie, monitor dotykowy przemys\u0142owy\",\"publisher\":{\"@id\":\"https:\\\/\\\/www.oio.pl\\\/#organization\"},\"alternateName\":\"Sklep internetowy dla przemys\u0142u\",\"potentialAction\":[{\"@type\":\"SearchAction\",\"target\":{\"@type\":\"EntryPoint\",\"urlTemplate\":\"https:\\\/\\\/www.oio.pl\\\/?s={search_term_string}\"},\"query-input\":{\"@type\":\"PropertyValueSpecification\",\"valueRequired\":true,\"valueName\":\"search_term_string\"}}],\"inLanguage\":\"da-DK\"},{\"@type\":\"Organization\",\"@id\":\"https:\\\/\\\/www.oio.pl\\\/#organization\",\"name\":\"OIO\",\"alternateName\":\"Sprz\u0119t komputerowy\",\"url\":\"https:\\\/\\\/www.oio.pl\\\/\",\"logo\":{\"@type\":\"ImageObject\",\"inLanguage\":\"da-DK\",\"@id\":\"https:\\\/\\\/www.oio.pl\\\/#\\\/schema\\\/logo\\\/image\\\/\",\"url\":\"https:\\\/\\\/www.oio.pl\\\/wp-content\\\/uploads\\\/2023\\\/11\\\/cropped-cropped-oio_120x120.jpg\",\"contentUrl\":\"https:\\\/\\\/www.oio.pl\\\/wp-content\\\/uploads\\\/2023\\\/11\\\/cropped-cropped-oio_120x120.jpg\",\"width\":120,\"height\":48,\"caption\":\"OIO\"},\"image\":{\"@id\":\"https:\\\/\\\/www.oio.pl\\\/#\\\/schema\\\/logo\\\/image\\\/\"},\"sameAs\":[\"https:\\\/\\\/www.facebook.com\\\/oiopl\"]}]}<\/script>\n<!-- \/ Yoast SEO plugin. -->","yoast_head_json":{"title":"Mini PC T8 Plus N150 16\/512GB Windows 11 - Mini PC, Komputery, Laptopy, Translatory","robots":{"index":"index","follow":"follow","max-snippet":"max-snippet:-1","max-image-preview":"max-image-preview:large","max-video-preview":"max-video-preview:-1"},"canonical":"https:\/\/www.oio.pl\/da\/produkt-2\/mini-pc-t8-plus-n150-16-512gb-windows-11\/","og_locale":"da_DK","og_type":"article","og_title":"Mini PC T8 Plus N150 16\/512GB Windows 11 - Mini PC, Komputery, Laptopy, Translatory","og_description":"Mini PC T8 Plus N150 16GB DDR5 \/ 512GB + 3*HDMI Windows 11 Wielka moc w ma\u0142ym urz\u0105dzeniu Mini PC Chipol T8 Plus jest now\u0105 generacj\u0105 mini pc z potr\u00f3jnym wyj\u015bcie HDMI, dwoma portami LAN a nap\u0119dzane procesorem N150. Jest\u00a0 to najnowsza generacja ma\u0142ych ale pe\u0142noprawnych komputer\u00f3w do biura, urz\u0119du, szko\u0142y. Konstrukcja urz\u0105dzenia zapewnia sprawne [&hellip;]","og_url":"https:\/\/www.oio.pl\/da\/produkt-2\/mini-pc-t8-plus-n150-16-512gb-windows-11\/","og_site_name":"Mini PC, Komputery, Laptopy, Translatory","article_publisher":"https:\/\/www.facebook.com\/oiopl","article_modified_time":"2026-03-25T11:24:29+00:00","og_image":[{"width":750,"height":750,"url":"https:\/\/www.oio.pl\/wp-content\/uploads\/2023\/05\/T8_PRO_07.jpg","type":"image\/jpeg"}],"twitter_card":"summary_large_image","twitter_misc":{"Estimeret l\u00e6setid":"2 minutter"},"schema":{"@context":"https:\/\/schema.org","@graph":[{"@type":"WebPage","@id":"https:\/\/www.oio.pl\/product\/mini-pc-t8-plus-n150-16-512gb-windows-11\/","url":"https:\/\/www.oio.pl\/product\/mini-pc-t8-plus-n150-16-512gb-windows-11\/","name":"Mini PC T8 Plus N150 16\/512GB Windows 11 - Mini PC, Komputery, Laptopy, Translatory","isPartOf":{"@id":"https:\/\/www.oio.pl\/#website"},"primaryImageOfPage":{"@id":"https:\/\/www.oio.pl\/product\/mini-pc-t8-plus-n150-16-512gb-windows-11\/#primaryimage"},"image":{"@id":"https:\/\/www.oio.pl\/product\/mini-pc-t8-plus-n150-16-512gb-windows-11\/#primaryimage"},"thumbnailUrl":"https:\/\/www.oio.pl\/wp-content\/uploads\/2023\/05\/T8_PRO_07.jpg","datePublished":"2025-07-19T04:21:31+00:00","dateModified":"2026-03-25T11:24:29+00:00","breadcrumb":{"@id":"https:\/\/www.oio.pl\/product\/mini-pc-t8-plus-n150-16-512gb-windows-11\/#breadcrumb"},"inLanguage":"da-DK","potentialAction":[{"@type":"ReadAction","target":["https:\/\/www.oio.pl\/product\/mini-pc-t8-plus-n150-16-512gb-windows-11\/"]}]},{"@type":"ImageObject","inLanguage":"da-DK","@id":"https:\/\/www.oio.pl\/product\/mini-pc-t8-plus-n150-16-512gb-windows-11\/#primaryimage","url":"https:\/\/www.oio.pl\/wp-content\/uploads\/2023\/05\/T8_PRO_07.jpg","contentUrl":"https:\/\/www.oio.pl\/wp-content\/uploads\/2023\/05\/T8_PRO_07.jpg","width":750,"height":750},{"@type":"BreadcrumbList","@id":"https:\/\/www.oio.pl\/product\/mini-pc-t8-plus-n150-16-512gb-windows-11\/#breadcrumb","itemListElement":[{"@type":"ListItem","position":1,"name":"Strona g\u0142\u00f3wna","item":"https:\/\/www.oio.pl\/"},{"@type":"ListItem","position":2,"name":"Produkty","item":"https:\/\/www.oio.pl\/"},{"@type":"ListItem","position":3,"name":"Mini PC T8 Plus N150 16\/512GB Windows 11"}]},{"@type":"WebSite","@id":"https:\/\/www.oio.pl\/#website","url":"https:\/\/www.oio.pl\/","name":"OIO.pl \u2013 Industrielle tablets, IT-udstyr til industri og logistik","description":"Industrielle tablets, robust tablet, industriel computer, holdbar tablet, udstyr til industrien, Windows-tablet, IP67-tablet, b\u00e6rbar lager, industriel elektronik, industrielle computere, oio.pl, logistikudstyr, tablet til feltarbejdsbrug, industriel ber\u00f8ringssk\u00e6rm","publisher":{"@id":"https:\/\/www.oio.pl\/#organization"},"alternateName":"Sklep internetowy dla przemys\u0142u","potentialAction":[{"@type":"SearchAction","target":{"@type":"EntryPoint","urlTemplate":"https:\/\/www.oio.pl\/?s={search_term_string}"},"query-input":{"@type":"PropertyValueSpecification","valueRequired":true,"valueName":"search_term_string"}}],"inLanguage":"da-DK"},{"@type":"Organization","@id":"https:\/\/www.oio.pl\/#organization","name":"OIO","alternateName":"Sprz\u0119t komputerowy","url":"https:\/\/www.oio.pl\/","logo":{"@type":"ImageObject","inLanguage":"da-DK","@id":"https:\/\/www.oio.pl\/#\/schema\/logo\/image\/","url":"https:\/\/www.oio.pl\/wp-content\/uploads\/2023\/11\/cropped-cropped-oio_120x120.jpg","contentUrl":"https:\/\/www.oio.pl\/wp-content\/uploads\/2023\/11\/cropped-cropped-oio_120x120.jpg","width":120,"height":48,"caption":"OIO"},"image":{"@id":"https:\/\/www.oio.pl\/#\/schema\/logo\/image\/"},"sameAs":["https:\/\/www.facebook.com\/oiopl"]}]}},"_links":{"self":[{"href":"https:\/\/www.oio.pl\/da\/wp-json\/wp\/v2\/product\/7634","targetHints":{"allow":["GET"]}}],"collection":[{"href":"https:\/\/www.oio.pl\/da\/wp-json\/wp\/v2\/product"}],"about":[{"href":"https:\/\/www.oio.pl\/da\/wp-json\/wp\/v2\/types\/product"}],"replies":[{"embeddable":true,"href":"https:\/\/www.oio.pl\/da\/wp-json\/wp\/v2\/comments?post=7634"}],"wp:featuredmedia":[{"embeddable":true,"href":"https:\/\/www.oio.pl\/da\/wp-json\/wp\/v2\/media\/5889"}],"wp:attachment":[{"href":"https:\/\/www.oio.pl\/da\/wp-json\/wp\/v2\/media?parent=7634"}],"wp:term":[{"taxonomy":"product_brand","embeddable":true,"href":"https:\/\/www.oio.pl\/da\/wp-json\/wp\/v2\/product_brand?post=7634"},{"taxonomy":"product_cat","embeddable":true,"href":"https:\/\/www.oio.pl\/da\/wp-json\/wp\/v2\/product_cat?post=7634"},{"taxonomy":"product_tag","embeddable":true,"href":"https:\/\/www.oio.pl\/da\/wp-json\/wp\/v2\/product_tag?post=7634"}],"curies":[{"name":"wp","href":"https:\/\/api.w.org\/{rel}","templated":true}]}}