{"id":7641,"date":"2025-07-31T15:07:58","date_gmt":"2025-07-31T13:07:58","guid":{"rendered":"https:\/\/www.oio.pl\/?post_type=product&#038;p=7641"},"modified":"2026-03-20T06:19:23","modified_gmt":"2026-03-20T05:19:23","slug":"pendrive-szyfrowany-na-odcisk-palca-fingerprint-usb3-0-aes256","status":"publish","type":"product","link":"https:\/\/www.oio.pl\/da\/product\/pendrive-szyfrowany-na-odcisk-palca-fingerprint-usb3-0-aes256\/","title":{"rendered":"Pendrive szyfrowany na odcisk palca, fingerprint, USB3.0, AES256"},"content":{"rendered":"<h1>Szyfrowany pendrive Chipol ASEX+<\/h1>\n<p><b>Pendrive z czytnikiem linii papilarnych USB 3.0 \u2013 Bezpieczne przechowywanie danych<br \/>\n<\/b>Chro\u0144 swoje najwa\u017cniejsze pliki dzi\u0119ki nowoczesnej technologii szyfrowania i b\u0142yskawicznemu dost\u0119powi. Pendrive z czytnikiem linii papilarnych to idealne rozwi\u0105zanie dla os\u00f3b, kt\u00f3re ceni\u0105 bezpiecze\u0144stwo, prywatno\u015b\u0107 i szybko\u015b\u0107 pracy.<\/p>\n<p><b>\u00a0Najwa\u017cniejsze korzy\u015bci:<\/b><\/p>\n<ul>\n<li><b>Maksymalne bezpiecze\u0144stwo<\/b>\u00a0\u2013 zaawansowane szyfrowanie 256-bit AES chroni Twoje dane przed nieautoryzowanym dost\u0119pem.<\/li>\n<li><b>Dost\u0119p odciskiem palca<\/b>\u00a0\u2013 b\u0142yskawiczne odblokowanie w 0,5 sekundy dzi\u0119ki technologii 360\u00b0.<\/li>\n<li><b>Podzia\u0142 pami\u0119ci<\/b>\u00a0\u2013 mo\u017cliwo\u015b\u0107 tworzenia obszaru publicznego i zaszyfrowanego, idealnego do przechowywania tajnych dokument\u00f3w firmowych.<\/li>\n<li><b>Superszybki transfer<\/b>\u00a0\u2013 interfejs USB 3.0 zapewnia szybkie kopiowanie du\u017cych plik\u00f3w, film\u00f3w i zdj\u0119\u0107.<\/li>\n<li><b>Automatyczna ochrona<\/b>\u00a0\u2013 po 10 nieudanych pr\u00f3bach odczytu odcisku pendrive automatycznie si\u0119 blokuje &#8211; zeruje do ustawie\u0144 fabrycznych.<\/li>\n<li><b>Elegancki i wytrzyma\u0142y<\/b>\u00a0\u2013 solidna obudowa w kolorze per\u0142owego niklu nadaje mu profesjonalny wygl\u0105d.<\/li>\n<\/ul>","protected":false},"excerpt":{"rendered":"<p>Szyfrowany pendrive Chipol ASEX+ Pendrive z czytnikiem linii papilarnych USB 3.0 \u2013 Bezpieczne przechowywanie danych Chro\u0144 swoje najwa\u017cniejsze pliki dzi\u0119ki nowoczesnej technologii szyfrowania i b\u0142yskawicznemu dost\u0119powi. Pendrive z czytnikiem linii papilarnych to idealne rozwi\u0105zanie dla os\u00f3b, kt\u00f3re ceni\u0105 bezpiecze\u0144stwo, prywatno\u015b\u0107 i szybko\u015b\u0107 pracy. \u00a0Najwa\u017cniejsze korzy\u015bci: Maksymalne bezpiecze\u0144stwo\u00a0\u2013 zaawansowane szyfrowanie 256-bit AES chroni Twoje dane przed [&hellip;]<\/p>\n","protected":false},"featured_media":7647,"comment_status":"closed","ping_status":"closed","template":"","meta":[],"product_brand":[3231],"product_cat":[3316],"product_tag":[],"class_list":{"0":"post-7641","1":"product","2":"type-product","3":"status-publish","4":"has-post-thumbnail","6":"product_brand-chipol","7":"product_cat-pendrive-aes","9":"first","10":"instock","11":"taxable","12":"shipping-taxable","13":"purchasable","14":"product-type-variable","15":"czr-hentry"},"yoast_head":"<!-- This site is optimized with the Yoast SEO plugin v27.4 - https:\/\/yoast.com\/product\/yoast-seo-wordpress\/ -->\n<title>Pendrive szyfrowany na odcisk palca, fingerprint, USB3.0, AES256 - Mini PC, Komputery, Laptopy, Translatory<\/title>\n<meta name=\"robots\" content=\"index, follow, max-snippet:-1, max-image-preview:large, max-video-preview:-1\" \/>\n<link rel=\"canonical\" href=\"https:\/\/www.oio.pl\/da\/produkt-2\/pendrive-szyfrowany-na-odcisk-palca-fingerprint-usb3-0-aes256\/\" \/>\n<meta property=\"og:locale\" content=\"da_DK\" \/>\n<meta property=\"og:type\" content=\"article\" \/>\n<meta property=\"og:title\" content=\"Pendrive szyfrowany na odcisk palca, fingerprint, USB3.0, AES256 - Mini PC, Komputery, Laptopy, Translatory\" \/>\n<meta property=\"og:description\" content=\"Szyfrowany pendrive Chipol ASEX+ Pendrive z czytnikiem linii papilarnych USB 3.0 \u2013 Bezpieczne przechowywanie danych Chro\u0144 swoje najwa\u017cniejsze pliki dzi\u0119ki nowoczesnej technologii szyfrowania i b\u0142yskawicznemu dost\u0119powi. Pendrive z czytnikiem linii papilarnych to idealne rozwi\u0105zanie dla os\u00f3b, kt\u00f3re ceni\u0105 bezpiecze\u0144stwo, prywatno\u015b\u0107 i szybko\u015b\u0107 pracy. \u00a0Najwa\u017cniejsze korzy\u015bci: Maksymalne bezpiecze\u0144stwo\u00a0\u2013 zaawansowane szyfrowanie 256-bit AES chroni Twoje dane przed [&hellip;]\" \/>\n<meta property=\"og:url\" content=\"https:\/\/www.oio.pl\/da\/produkt-2\/pendrive-szyfrowany-na-odcisk-palca-fingerprint-usb3-0-aes256\/\" \/>\n<meta property=\"og:site_name\" content=\"Mini PC, Komputery, Laptopy, Translatory\" \/>\n<meta property=\"article:publisher\" content=\"https:\/\/www.facebook.com\/oiopl\" \/>\n<meta property=\"article:modified_time\" content=\"2026-03-20T05:19:23+00:00\" \/>\n<meta property=\"og:image\" content=\"https:\/\/www.oio.pl\/wp-content\/uploads\/2025\/07\/23ae4b4e-03af-4881-bda3-fe39c8fc60f3.jpg\" \/>\n\t<meta property=\"og:image:width\" content=\"1080\" \/>\n\t<meta property=\"og:image:height\" content=\"1080\" \/>\n\t<meta property=\"og:image:type\" content=\"image\/jpeg\" \/>\n<meta name=\"twitter:card\" content=\"summary_large_image\" \/>\n<meta name=\"twitter:label1\" content=\"Estimeret l\u00e6setid\" \/>\n\t<meta name=\"twitter:data1\" content=\"1 minut\" \/>\n<script type=\"application\/ld+json\" class=\"yoast-schema-graph\">{\"@context\":\"https:\\\/\\\/schema.org\",\"@graph\":[{\"@type\":\"WebPage\",\"@id\":\"https:\\\/\\\/www.oio.pl\\\/product\\\/pendrive-szyfrowany-na-odcisk-palca-fingerprint-usb3-0-aes256\\\/\",\"url\":\"https:\\\/\\\/www.oio.pl\\\/product\\\/pendrive-szyfrowany-na-odcisk-palca-fingerprint-usb3-0-aes256\\\/\",\"name\":\"Pendrive szyfrowany na odcisk palca, fingerprint, USB3.0, AES256 - Mini PC, Komputery, Laptopy, Translatory\",\"isPartOf\":{\"@id\":\"https:\\\/\\\/www.oio.pl\\\/#website\"},\"primaryImageOfPage\":{\"@id\":\"https:\\\/\\\/www.oio.pl\\\/product\\\/pendrive-szyfrowany-na-odcisk-palca-fingerprint-usb3-0-aes256\\\/#primaryimage\"},\"image\":{\"@id\":\"https:\\\/\\\/www.oio.pl\\\/product\\\/pendrive-szyfrowany-na-odcisk-palca-fingerprint-usb3-0-aes256\\\/#primaryimage\"},\"thumbnailUrl\":\"https:\\\/\\\/www.oio.pl\\\/wp-content\\\/uploads\\\/2025\\\/07\\\/23ae4b4e-03af-4881-bda3-fe39c8fc60f3.jpg\",\"datePublished\":\"2025-07-31T13:07:58+00:00\",\"dateModified\":\"2026-03-20T05:19:23+00:00\",\"breadcrumb\":{\"@id\":\"https:\\\/\\\/www.oio.pl\\\/product\\\/pendrive-szyfrowany-na-odcisk-palca-fingerprint-usb3-0-aes256\\\/#breadcrumb\"},\"inLanguage\":\"da-DK\",\"potentialAction\":[{\"@type\":\"ReadAction\",\"target\":[\"https:\\\/\\\/www.oio.pl\\\/product\\\/pendrive-szyfrowany-na-odcisk-palca-fingerprint-usb3-0-aes256\\\/\"]}]},{\"@type\":\"ImageObject\",\"inLanguage\":\"da-DK\",\"@id\":\"https:\\\/\\\/www.oio.pl\\\/product\\\/pendrive-szyfrowany-na-odcisk-palca-fingerprint-usb3-0-aes256\\\/#primaryimage\",\"url\":\"https:\\\/\\\/www.oio.pl\\\/wp-content\\\/uploads\\\/2025\\\/07\\\/23ae4b4e-03af-4881-bda3-fe39c8fc60f3.jpg\",\"contentUrl\":\"https:\\\/\\\/www.oio.pl\\\/wp-content\\\/uploads\\\/2025\\\/07\\\/23ae4b4e-03af-4881-bda3-fe39c8fc60f3.jpg\",\"width\":1080,\"height\":1080},{\"@type\":\"BreadcrumbList\",\"@id\":\"https:\\\/\\\/www.oio.pl\\\/product\\\/pendrive-szyfrowany-na-odcisk-palca-fingerprint-usb3-0-aes256\\\/#breadcrumb\",\"itemListElement\":[{\"@type\":\"ListItem\",\"position\":1,\"name\":\"Strona g\u0142\u00f3wna\",\"item\":\"https:\\\/\\\/www.oio.pl\\\/\"},{\"@type\":\"ListItem\",\"position\":2,\"name\":\"Produkty\",\"item\":\"https:\\\/\\\/www.oio.pl\\\/\"},{\"@type\":\"ListItem\",\"position\":3,\"name\":\"Pendrive szyfrowany na odcisk palca, fingerprint, USB3.0, AES256\"}]},{\"@type\":\"WebSite\",\"@id\":\"https:\\\/\\\/www.oio.pl\\\/#website\",\"url\":\"https:\\\/\\\/www.oio.pl\\\/\",\"name\":\"OIO.pl \u2013 Tablety przemys\u0142owe, sprz\u0119t IT dla przemys\u0142u i logistyki\",\"description\":\"tablety przemys\u0142owe, rugged tablet, komputer przemys\u0142owy, tablet wytrzyma\u0142y, sprz\u0119t dla przemys\u0142u, tablet z Windows, tablet IP67, laptop dla magazynu, elektronika przemys\u0142owa, komputery przemys\u0142owe, oio.pl, sprz\u0119t dla logistyki, tablet do pracy w terenie, monitor dotykowy przemys\u0142owy\",\"publisher\":{\"@id\":\"https:\\\/\\\/www.oio.pl\\\/#organization\"},\"alternateName\":\"Sklep internetowy dla przemys\u0142u\",\"potentialAction\":[{\"@type\":\"SearchAction\",\"target\":{\"@type\":\"EntryPoint\",\"urlTemplate\":\"https:\\\/\\\/www.oio.pl\\\/?s={search_term_string}\"},\"query-input\":{\"@type\":\"PropertyValueSpecification\",\"valueRequired\":true,\"valueName\":\"search_term_string\"}}],\"inLanguage\":\"da-DK\"},{\"@type\":\"Organization\",\"@id\":\"https:\\\/\\\/www.oio.pl\\\/#organization\",\"name\":\"OIO\",\"alternateName\":\"Sprz\u0119t komputerowy\",\"url\":\"https:\\\/\\\/www.oio.pl\\\/\",\"logo\":{\"@type\":\"ImageObject\",\"inLanguage\":\"da-DK\",\"@id\":\"https:\\\/\\\/www.oio.pl\\\/#\\\/schema\\\/logo\\\/image\\\/\",\"url\":\"https:\\\/\\\/www.oio.pl\\\/wp-content\\\/uploads\\\/2023\\\/11\\\/cropped-cropped-oio_120x120.jpg\",\"contentUrl\":\"https:\\\/\\\/www.oio.pl\\\/wp-content\\\/uploads\\\/2023\\\/11\\\/cropped-cropped-oio_120x120.jpg\",\"width\":120,\"height\":48,\"caption\":\"OIO\"},\"image\":{\"@id\":\"https:\\\/\\\/www.oio.pl\\\/#\\\/schema\\\/logo\\\/image\\\/\"},\"sameAs\":[\"https:\\\/\\\/www.facebook.com\\\/oiopl\"]}]}<\/script>\n<!-- \/ Yoast SEO plugin. -->","yoast_head_json":{"title":"Pendrive szyfrowany na odcisk palca, fingerprint, USB3.0, AES256 - Mini PC, Komputery, Laptopy, Translatory","robots":{"index":"index","follow":"follow","max-snippet":"max-snippet:-1","max-image-preview":"max-image-preview:large","max-video-preview":"max-video-preview:-1"},"canonical":"https:\/\/www.oio.pl\/da\/produkt-2\/pendrive-szyfrowany-na-odcisk-palca-fingerprint-usb3-0-aes256\/","og_locale":"da_DK","og_type":"article","og_title":"Pendrive szyfrowany na odcisk palca, fingerprint, USB3.0, AES256 - Mini PC, Komputery, Laptopy, Translatory","og_description":"Szyfrowany pendrive Chipol ASEX+ Pendrive z czytnikiem linii papilarnych USB 3.0 \u2013 Bezpieczne przechowywanie danych Chro\u0144 swoje najwa\u017cniejsze pliki dzi\u0119ki nowoczesnej technologii szyfrowania i b\u0142yskawicznemu dost\u0119powi. Pendrive z czytnikiem linii papilarnych to idealne rozwi\u0105zanie dla os\u00f3b, kt\u00f3re ceni\u0105 bezpiecze\u0144stwo, prywatno\u015b\u0107 i szybko\u015b\u0107 pracy. \u00a0Najwa\u017cniejsze korzy\u015bci: Maksymalne bezpiecze\u0144stwo\u00a0\u2013 zaawansowane szyfrowanie 256-bit AES chroni Twoje dane przed [&hellip;]","og_url":"https:\/\/www.oio.pl\/da\/produkt-2\/pendrive-szyfrowany-na-odcisk-palca-fingerprint-usb3-0-aes256\/","og_site_name":"Mini PC, Komputery, Laptopy, Translatory","article_publisher":"https:\/\/www.facebook.com\/oiopl","article_modified_time":"2026-03-20T05:19:23+00:00","og_image":[{"width":1080,"height":1080,"url":"https:\/\/www.oio.pl\/wp-content\/uploads\/2025\/07\/23ae4b4e-03af-4881-bda3-fe39c8fc60f3.jpg","type":"image\/jpeg"}],"twitter_card":"summary_large_image","twitter_misc":{"Estimeret l\u00e6setid":"1 minut"},"schema":{"@context":"https:\/\/schema.org","@graph":[{"@type":"WebPage","@id":"https:\/\/www.oio.pl\/product\/pendrive-szyfrowany-na-odcisk-palca-fingerprint-usb3-0-aes256\/","url":"https:\/\/www.oio.pl\/product\/pendrive-szyfrowany-na-odcisk-palca-fingerprint-usb3-0-aes256\/","name":"Pendrive szyfrowany na odcisk palca, fingerprint, USB3.0, AES256 - Mini PC, Komputery, Laptopy, Translatory","isPartOf":{"@id":"https:\/\/www.oio.pl\/#website"},"primaryImageOfPage":{"@id":"https:\/\/www.oio.pl\/product\/pendrive-szyfrowany-na-odcisk-palca-fingerprint-usb3-0-aes256\/#primaryimage"},"image":{"@id":"https:\/\/www.oio.pl\/product\/pendrive-szyfrowany-na-odcisk-palca-fingerprint-usb3-0-aes256\/#primaryimage"},"thumbnailUrl":"https:\/\/www.oio.pl\/wp-content\/uploads\/2025\/07\/23ae4b4e-03af-4881-bda3-fe39c8fc60f3.jpg","datePublished":"2025-07-31T13:07:58+00:00","dateModified":"2026-03-20T05:19:23+00:00","breadcrumb":{"@id":"https:\/\/www.oio.pl\/product\/pendrive-szyfrowany-na-odcisk-palca-fingerprint-usb3-0-aes256\/#breadcrumb"},"inLanguage":"da-DK","potentialAction":[{"@type":"ReadAction","target":["https:\/\/www.oio.pl\/product\/pendrive-szyfrowany-na-odcisk-palca-fingerprint-usb3-0-aes256\/"]}]},{"@type":"ImageObject","inLanguage":"da-DK","@id":"https:\/\/www.oio.pl\/product\/pendrive-szyfrowany-na-odcisk-palca-fingerprint-usb3-0-aes256\/#primaryimage","url":"https:\/\/www.oio.pl\/wp-content\/uploads\/2025\/07\/23ae4b4e-03af-4881-bda3-fe39c8fc60f3.jpg","contentUrl":"https:\/\/www.oio.pl\/wp-content\/uploads\/2025\/07\/23ae4b4e-03af-4881-bda3-fe39c8fc60f3.jpg","width":1080,"height":1080},{"@type":"BreadcrumbList","@id":"https:\/\/www.oio.pl\/product\/pendrive-szyfrowany-na-odcisk-palca-fingerprint-usb3-0-aes256\/#breadcrumb","itemListElement":[{"@type":"ListItem","position":1,"name":"Strona g\u0142\u00f3wna","item":"https:\/\/www.oio.pl\/"},{"@type":"ListItem","position":2,"name":"Produkty","item":"https:\/\/www.oio.pl\/"},{"@type":"ListItem","position":3,"name":"Pendrive szyfrowany na odcisk palca, fingerprint, USB3.0, AES256"}]},{"@type":"WebSite","@id":"https:\/\/www.oio.pl\/#website","url":"https:\/\/www.oio.pl\/","name":"OIO.pl \u2013 Industrielle tablets, IT-udstyr til industri og logistik","description":"Industrielle tablets, robust tablet, industriel computer, holdbar tablet, udstyr til industrien, Windows-tablet, IP67-tablet, b\u00e6rbar lager, industriel elektronik, industrielle computere, oio.pl, logistikudstyr, tablet til feltarbejdsbrug, industriel ber\u00f8ringssk\u00e6rm","publisher":{"@id":"https:\/\/www.oio.pl\/#organization"},"alternateName":"Sklep internetowy dla przemys\u0142u","potentialAction":[{"@type":"SearchAction","target":{"@type":"EntryPoint","urlTemplate":"https:\/\/www.oio.pl\/?s={search_term_string}"},"query-input":{"@type":"PropertyValueSpecification","valueRequired":true,"valueName":"search_term_string"}}],"inLanguage":"da-DK"},{"@type":"Organization","@id":"https:\/\/www.oio.pl\/#organization","name":"OIO","alternateName":"Sprz\u0119t komputerowy","url":"https:\/\/www.oio.pl\/","logo":{"@type":"ImageObject","inLanguage":"da-DK","@id":"https:\/\/www.oio.pl\/#\/schema\/logo\/image\/","url":"https:\/\/www.oio.pl\/wp-content\/uploads\/2023\/11\/cropped-cropped-oio_120x120.jpg","contentUrl":"https:\/\/www.oio.pl\/wp-content\/uploads\/2023\/11\/cropped-cropped-oio_120x120.jpg","width":120,"height":48,"caption":"OIO"},"image":{"@id":"https:\/\/www.oio.pl\/#\/schema\/logo\/image\/"},"sameAs":["https:\/\/www.facebook.com\/oiopl"]}]}},"_links":{"self":[{"href":"https:\/\/www.oio.pl\/da\/wp-json\/wp\/v2\/product\/7641","targetHints":{"allow":["GET"]}}],"collection":[{"href":"https:\/\/www.oio.pl\/da\/wp-json\/wp\/v2\/product"}],"about":[{"href":"https:\/\/www.oio.pl\/da\/wp-json\/wp\/v2\/types\/product"}],"replies":[{"embeddable":true,"href":"https:\/\/www.oio.pl\/da\/wp-json\/wp\/v2\/comments?post=7641"}],"wp:featuredmedia":[{"embeddable":true,"href":"https:\/\/www.oio.pl\/da\/wp-json\/wp\/v2\/media\/7647"}],"wp:attachment":[{"href":"https:\/\/www.oio.pl\/da\/wp-json\/wp\/v2\/media?parent=7641"}],"wp:term":[{"taxonomy":"product_brand","embeddable":true,"href":"https:\/\/www.oio.pl\/da\/wp-json\/wp\/v2\/product_brand?post=7641"},{"taxonomy":"product_cat","embeddable":true,"href":"https:\/\/www.oio.pl\/da\/wp-json\/wp\/v2\/product_cat?post=7641"},{"taxonomy":"product_tag","embeddable":true,"href":"https:\/\/www.oio.pl\/da\/wp-json\/wp\/v2\/product_tag?post=7641"}],"curies":[{"name":"wp","href":"https:\/\/api.w.org\/{rel}","templated":true}]}}