{"id":7766,"date":"2025-09-19T13:44:59","date_gmt":"2025-09-19T11:44:59","guid":{"rendered":"https:\/\/www.oio.pl\/?post_type=product&#038;p=7766"},"modified":"2026-03-07T17:03:12","modified_gmt":"2026-03-07T16:03:12","slug":"mini-pc-przemyslowy-fanless","status":"publish","type":"product","link":"https:\/\/www.oio.pl\/da\/product\/mini-pc-przemyslowy-fanless\/","title":{"rendered":"Mini PC Chipol AHD082 N150 3xHDMI 2xLAN WiFi 2xRS232 Fanless"},"content":{"rendered":"<h2>Przemys\u0142owy Mini PC AHD082 Intel Adler Lake N150<\/h2>\n<p>P\u0142aski przemys\u0142owy Mini Pc z pasywnym ch\u0142odzeniem, dedykowany specjalnie dla zastosowa\u0144 przemys\u0142owych<br \/>\nMini Pc AHD082 otwiera nowe mo\u017cliwo\u015bci wykorzystania komputera przemys\u0142owego jako wy\u015bwietlacza wieloekranowego z podw\u00f3jnym dost\u0119pem do sieci.<\/p>\n<p>Atuty tego modelu:<\/p>\n<ul>\n<li>Obs\u0142uguje trzy wy\u015bwietlacze synchronicznie: 3x wyj\u015bcia HDMI 2.0<\/li>\n<li>Porty RJ45: 2x 2,5G Intel i226 RJ45 Gigabit LAN + 2x porty COM RS232- pierwszy port COM mo\u017ce by\u0107 skonfigurowany jako RS 485\/RS422,<\/li>\n<li>Wysokiej jako\u015bci obudowa ze stopu aluminium w kolorze czarnym, niewielkie wymiary 160 x 111 x 22 mm,<\/li>\n<li>System ch\u0142odzenia pasywny zapewnia nieustann\u0105 prac\u0119 do 24 godzin w ca\u0142kowitej ciszy,<\/li>\n<li>Niskie zu\u017cycie TDP tylko 6 W<\/li>\n<li>Mo\u017cliwo\u015b\u0107 monta\u017cu z ty\u0142u monitora, na \u015bcianie za pomoc\u0105 uchwytu VESA lub na listwie &#8211; w zestawie,<\/li>\n<li>Mo\u017cliwo\u015b\u0107 zamontowania karty SIM 4G z dodatkowymi antena &#8211; opcja.<\/li>\n<\/ul>\n<p>&nbsp;<\/p>","protected":false},"excerpt":{"rendered":"<p>Przemys\u0142owy Mini PC AHD082 Intel Adler Lake N150 P\u0142aski przemys\u0142owy Mini Pc z pasywnym ch\u0142odzeniem, dedykowany specjalnie dla zastosowa\u0144 przemys\u0142owych Mini Pc AHD082 otwiera nowe mo\u017cliwo\u015bci wykorzystania komputera przemys\u0142owego jako wy\u015bwietlacza wieloekranowego z podw\u00f3jnym dost\u0119pem do sieci. Atuty tego modelu: Obs\u0142uguje trzy wy\u015bwietlacze synchronicznie: 3x wyj\u015bcia HDMI 2.0 Porty RJ45: 2x 2,5G Intel i226 RJ45 [&hellip;]<\/p>\n","protected":false},"featured_media":7770,"comment_status":"closed","ping_status":"closed","template":"","meta":[],"product_brand":[3231],"product_cat":[97,24,3220,117],"product_tag":[50,3321,3323,52,3324,3320,3322,47,3251,45,46,3319,3317,48,3318],"class_list":{"0":"post-7766","1":"product","2":"type-product","3":"status-publish","4":"has-post-thumbnail","6":"product_brand-chipol","7":"product_cat-pc-przemyslowe","8":"product_cat-mini-pc","9":"product_cat-minipc","10":"product_cat-pc-2xrs232","11":"product_tag-aio","12":"product_tag-allinone-pc-tablet","13":"product_tag-digitalsignage","14":"product_tag-dotykowy","15":"product_tag-dotykowypc","16":"product_tag-kiosk-pos-tablet-pc","17":"product_tag-kioskpos","18":"product_tag-komputer","19":"product_tag-komputer-panelowy","20":"product_tag-mikrokomputer","21":"product_tag-mini-pc","22":"product_tag-mini-pc-z-dotykiem","23":"product_tag-n100","24":"product_tag-windows-10","25":"product_tag-x10n","27":"first","28":"instock","29":"taxable","30":"shipping-taxable","31":"purchasable","32":"product-type-variable","33":"czr-hentry"},"yoast_head":"<!-- This site is optimized with the Yoast SEO plugin v27.4 - https:\/\/yoast.com\/product\/yoast-seo-wordpress\/ -->\n<title>Mini PC Chipol AHD082 N150 3xHDMI 2xLAN WiFi 2xRS232 Fanless - Mini PC, Komputery, Laptopy, Translatory<\/title>\n<meta name=\"description\" content=\"P\u0142aski przemys\u0142owy Mini Pc z pasywnym ch\u0142odzeniem, dedykowany specjalnie dla zastosowa\u0144 przemys\u0142owych Mini Pc AHD082 otwiera nowe mo\u017cliwo\u015bci wykorzystania komputera przemys\u0142owego jako wy\u015bwietlacza wieloekranowego z podw\u00f3jnym dost\u0119pem do sieci.\" \/>\n<meta name=\"robots\" content=\"index, follow, max-snippet:-1, max-image-preview:large, max-video-preview:-1\" \/>\n<link rel=\"canonical\" href=\"https:\/\/www.oio.pl\/da\/produkt-2\/mini-pc-przemyslowy-fanless\/\" \/>\n<meta property=\"og:locale\" content=\"da_DK\" \/>\n<meta property=\"og:type\" content=\"article\" \/>\n<meta property=\"og:title\" content=\"Mini PC Chipol AHD082 N150 3xHDMI 2xLAN WiFi 2xRS232 Fanless - Mini PC, Komputery, Laptopy, Translatory\" \/>\n<meta property=\"og:description\" content=\"P\u0142aski przemys\u0142owy Mini Pc z pasywnym ch\u0142odzeniem, dedykowany specjalnie dla zastosowa\u0144 przemys\u0142owych Mini Pc AHD082 otwiera nowe mo\u017cliwo\u015bci wykorzystania komputera przemys\u0142owego jako wy\u015bwietlacza wieloekranowego z podw\u00f3jnym dost\u0119pem do sieci.\" \/>\n<meta property=\"og:url\" content=\"https:\/\/www.oio.pl\/da\/produkt-2\/mini-pc-przemyslowy-fanless\/\" \/>\n<meta property=\"og:site_name\" content=\"Mini PC, Komputery, Laptopy, Translatory\" \/>\n<meta property=\"article:publisher\" content=\"https:\/\/www.facebook.com\/oiopl\" \/>\n<meta property=\"article:modified_time\" content=\"2026-03-07T16:03:12+00:00\" \/>\n<meta property=\"og:image\" content=\"https:\/\/www.oio.pl\/wp-content\/uploads\/2025\/09\/04.jpg\" \/>\n\t<meta property=\"og:image:width\" content=\"2000\" \/>\n\t<meta property=\"og:image:height\" content=\"2000\" \/>\n\t<meta property=\"og:image:type\" content=\"image\/jpeg\" \/>\n<meta name=\"twitter:card\" content=\"summary_large_image\" \/>\n<meta name=\"twitter:label1\" content=\"Estimeret l\u00e6setid\" \/>\n\t<meta name=\"twitter:data1\" content=\"1 minut\" \/>\n<script type=\"application\/ld+json\" class=\"yoast-schema-graph\">{\"@context\":\"https:\\\/\\\/schema.org\",\"@graph\":[{\"@type\":\"WebPage\",\"@id\":\"https:\\\/\\\/www.oio.pl\\\/product\\\/mini-pc-przemyslowy-fanless\\\/\",\"url\":\"https:\\\/\\\/www.oio.pl\\\/product\\\/mini-pc-przemyslowy-fanless\\\/\",\"name\":\"Mini PC Chipol AHD082 N150 3xHDMI 2xLAN WiFi 2xRS232 Fanless - Mini PC, Komputery, Laptopy, Translatory\",\"isPartOf\":{\"@id\":\"https:\\\/\\\/www.oio.pl\\\/#website\"},\"primaryImageOfPage\":{\"@id\":\"https:\\\/\\\/www.oio.pl\\\/product\\\/mini-pc-przemyslowy-fanless\\\/#primaryimage\"},\"image\":{\"@id\":\"https:\\\/\\\/www.oio.pl\\\/product\\\/mini-pc-przemyslowy-fanless\\\/#primaryimage\"},\"thumbnailUrl\":\"https:\\\/\\\/www.oio.pl\\\/wp-content\\\/uploads\\\/2025\\\/09\\\/04.jpg\",\"datePublished\":\"2025-09-19T11:44:59+00:00\",\"dateModified\":\"2026-03-07T16:03:12+00:00\",\"description\":\"P\u0142aski przemys\u0142owy Mini Pc z pasywnym ch\u0142odzeniem, dedykowany specjalnie dla zastosowa\u0144 przemys\u0142owych Mini Pc AHD082 otwiera nowe mo\u017cliwo\u015bci wykorzystania komputera przemys\u0142owego jako wy\u015bwietlacza wieloekranowego z podw\u00f3jnym dost\u0119pem do sieci.\",\"breadcrumb\":{\"@id\":\"https:\\\/\\\/www.oio.pl\\\/product\\\/mini-pc-przemyslowy-fanless\\\/#breadcrumb\"},\"inLanguage\":\"da-DK\",\"potentialAction\":[{\"@type\":\"ReadAction\",\"target\":[\"https:\\\/\\\/www.oio.pl\\\/product\\\/mini-pc-przemyslowy-fanless\\\/\"]}]},{\"@type\":\"ImageObject\",\"inLanguage\":\"da-DK\",\"@id\":\"https:\\\/\\\/www.oio.pl\\\/product\\\/mini-pc-przemyslowy-fanless\\\/#primaryimage\",\"url\":\"https:\\\/\\\/www.oio.pl\\\/wp-content\\\/uploads\\\/2025\\\/09\\\/04.jpg\",\"contentUrl\":\"https:\\\/\\\/www.oio.pl\\\/wp-content\\\/uploads\\\/2025\\\/09\\\/04.jpg\",\"width\":2000,\"height\":2000},{\"@type\":\"BreadcrumbList\",\"@id\":\"https:\\\/\\\/www.oio.pl\\\/product\\\/mini-pc-przemyslowy-fanless\\\/#breadcrumb\",\"itemListElement\":[{\"@type\":\"ListItem\",\"position\":1,\"name\":\"Strona g\u0142\u00f3wna\",\"item\":\"https:\\\/\\\/www.oio.pl\\\/\"},{\"@type\":\"ListItem\",\"position\":2,\"name\":\"Produkty\",\"item\":\"https:\\\/\\\/www.oio.pl\\\/\"},{\"@type\":\"ListItem\",\"position\":3,\"name\":\"Mini PC Chipol AHD082 N150 3xHDMI 2xLAN WiFi 2xRS232 Fanless\"}]},{\"@type\":\"WebSite\",\"@id\":\"https:\\\/\\\/www.oio.pl\\\/#website\",\"url\":\"https:\\\/\\\/www.oio.pl\\\/\",\"name\":\"OIO.pl \u2013 Tablety przemys\u0142owe, sprz\u0119t IT dla przemys\u0142u i logistyki\",\"description\":\"tablety przemys\u0142owe, rugged tablet, komputer przemys\u0142owy, tablet wytrzyma\u0142y, sprz\u0119t dla przemys\u0142u, tablet z Windows, tablet IP67, laptop dla magazynu, elektronika przemys\u0142owa, komputery przemys\u0142owe, oio.pl, sprz\u0119t dla logistyki, tablet do pracy w terenie, monitor dotykowy przemys\u0142owy\",\"publisher\":{\"@id\":\"https:\\\/\\\/www.oio.pl\\\/#organization\"},\"alternateName\":\"Sklep internetowy dla przemys\u0142u\",\"potentialAction\":[{\"@type\":\"SearchAction\",\"target\":{\"@type\":\"EntryPoint\",\"urlTemplate\":\"https:\\\/\\\/www.oio.pl\\\/?s={search_term_string}\"},\"query-input\":{\"@type\":\"PropertyValueSpecification\",\"valueRequired\":true,\"valueName\":\"search_term_string\"}}],\"inLanguage\":\"da-DK\"},{\"@type\":\"Organization\",\"@id\":\"https:\\\/\\\/www.oio.pl\\\/#organization\",\"name\":\"OIO\",\"alternateName\":\"Sprz\u0119t komputerowy\",\"url\":\"https:\\\/\\\/www.oio.pl\\\/\",\"logo\":{\"@type\":\"ImageObject\",\"inLanguage\":\"da-DK\",\"@id\":\"https:\\\/\\\/www.oio.pl\\\/#\\\/schema\\\/logo\\\/image\\\/\",\"url\":\"https:\\\/\\\/www.oio.pl\\\/wp-content\\\/uploads\\\/2023\\\/11\\\/cropped-cropped-oio_120x120.jpg\",\"contentUrl\":\"https:\\\/\\\/www.oio.pl\\\/wp-content\\\/uploads\\\/2023\\\/11\\\/cropped-cropped-oio_120x120.jpg\",\"width\":120,\"height\":48,\"caption\":\"OIO\"},\"image\":{\"@id\":\"https:\\\/\\\/www.oio.pl\\\/#\\\/schema\\\/logo\\\/image\\\/\"},\"sameAs\":[\"https:\\\/\\\/www.facebook.com\\\/oiopl\"]}]}<\/script>\n<!-- \/ Yoast SEO plugin. -->","yoast_head_json":{"title":"Mini PC Chipol AHD082 N150 3xHDMI 2xLAN WiFi 2xRS232 Fanless - Mini PC, Komputery, Laptopy, Translatory","description":"P\u0142aski przemys\u0142owy Mini Pc z pasywnym ch\u0142odzeniem, dedykowany specjalnie dla zastosowa\u0144 przemys\u0142owych Mini Pc AHD082 otwiera nowe mo\u017cliwo\u015bci wykorzystania komputera przemys\u0142owego jako wy\u015bwietlacza wieloekranowego z podw\u00f3jnym dost\u0119pem do sieci.","robots":{"index":"index","follow":"follow","max-snippet":"max-snippet:-1","max-image-preview":"max-image-preview:large","max-video-preview":"max-video-preview:-1"},"canonical":"https:\/\/www.oio.pl\/da\/produkt-2\/mini-pc-przemyslowy-fanless\/","og_locale":"da_DK","og_type":"article","og_title":"Mini PC Chipol AHD082 N150 3xHDMI 2xLAN WiFi 2xRS232 Fanless - Mini PC, Komputery, Laptopy, Translatory","og_description":"P\u0142aski przemys\u0142owy Mini Pc z pasywnym ch\u0142odzeniem, dedykowany specjalnie dla zastosowa\u0144 przemys\u0142owych Mini Pc AHD082 otwiera nowe mo\u017cliwo\u015bci wykorzystania komputera przemys\u0142owego jako wy\u015bwietlacza wieloekranowego z podw\u00f3jnym dost\u0119pem do sieci.","og_url":"https:\/\/www.oio.pl\/da\/produkt-2\/mini-pc-przemyslowy-fanless\/","og_site_name":"Mini PC, Komputery, Laptopy, Translatory","article_publisher":"https:\/\/www.facebook.com\/oiopl","article_modified_time":"2026-03-07T16:03:12+00:00","og_image":[{"width":2000,"height":2000,"url":"https:\/\/www.oio.pl\/wp-content\/uploads\/2025\/09\/04.jpg","type":"image\/jpeg"}],"twitter_card":"summary_large_image","twitter_misc":{"Estimeret l\u00e6setid":"1 minut"},"schema":{"@context":"https:\/\/schema.org","@graph":[{"@type":"WebPage","@id":"https:\/\/www.oio.pl\/product\/mini-pc-przemyslowy-fanless\/","url":"https:\/\/www.oio.pl\/product\/mini-pc-przemyslowy-fanless\/","name":"Mini PC Chipol AHD082 N150 3xHDMI 2xLAN WiFi 2xRS232 Fanless - Mini PC, Komputery, Laptopy, Translatory","isPartOf":{"@id":"https:\/\/www.oio.pl\/#website"},"primaryImageOfPage":{"@id":"https:\/\/www.oio.pl\/product\/mini-pc-przemyslowy-fanless\/#primaryimage"},"image":{"@id":"https:\/\/www.oio.pl\/product\/mini-pc-przemyslowy-fanless\/#primaryimage"},"thumbnailUrl":"https:\/\/www.oio.pl\/wp-content\/uploads\/2025\/09\/04.jpg","datePublished":"2025-09-19T11:44:59+00:00","dateModified":"2026-03-07T16:03:12+00:00","description":"P\u0142aski przemys\u0142owy Mini Pc z pasywnym ch\u0142odzeniem, dedykowany specjalnie dla zastosowa\u0144 przemys\u0142owych Mini Pc AHD082 otwiera nowe mo\u017cliwo\u015bci wykorzystania komputera przemys\u0142owego jako wy\u015bwietlacza wieloekranowego z podw\u00f3jnym dost\u0119pem do sieci.","breadcrumb":{"@id":"https:\/\/www.oio.pl\/product\/mini-pc-przemyslowy-fanless\/#breadcrumb"},"inLanguage":"da-DK","potentialAction":[{"@type":"ReadAction","target":["https:\/\/www.oio.pl\/product\/mini-pc-przemyslowy-fanless\/"]}]},{"@type":"ImageObject","inLanguage":"da-DK","@id":"https:\/\/www.oio.pl\/product\/mini-pc-przemyslowy-fanless\/#primaryimage","url":"https:\/\/www.oio.pl\/wp-content\/uploads\/2025\/09\/04.jpg","contentUrl":"https:\/\/www.oio.pl\/wp-content\/uploads\/2025\/09\/04.jpg","width":2000,"height":2000},{"@type":"BreadcrumbList","@id":"https:\/\/www.oio.pl\/product\/mini-pc-przemyslowy-fanless\/#breadcrumb","itemListElement":[{"@type":"ListItem","position":1,"name":"Strona g\u0142\u00f3wna","item":"https:\/\/www.oio.pl\/"},{"@type":"ListItem","position":2,"name":"Produkty","item":"https:\/\/www.oio.pl\/"},{"@type":"ListItem","position":3,"name":"Mini PC Chipol AHD082 N150 3xHDMI 2xLAN WiFi 2xRS232 Fanless"}]},{"@type":"WebSite","@id":"https:\/\/www.oio.pl\/#website","url":"https:\/\/www.oio.pl\/","name":"OIO.pl \u2013 Industrielle tablets, IT-udstyr til industri og logistik","description":"Industrielle tablets, robust tablet, industriel computer, holdbar tablet, udstyr til industrien, Windows-tablet, IP67-tablet, b\u00e6rbar lager, industriel elektronik, industrielle computere, oio.pl, logistikudstyr, tablet til feltarbejdsbrug, industriel ber\u00f8ringssk\u00e6rm","publisher":{"@id":"https:\/\/www.oio.pl\/#organization"},"alternateName":"Sklep internetowy dla przemys\u0142u","potentialAction":[{"@type":"SearchAction","target":{"@type":"EntryPoint","urlTemplate":"https:\/\/www.oio.pl\/?s={search_term_string}"},"query-input":{"@type":"PropertyValueSpecification","valueRequired":true,"valueName":"search_term_string"}}],"inLanguage":"da-DK"},{"@type":"Organization","@id":"https:\/\/www.oio.pl\/#organization","name":"OIO","alternateName":"Sprz\u0119t komputerowy","url":"https:\/\/www.oio.pl\/","logo":{"@type":"ImageObject","inLanguage":"da-DK","@id":"https:\/\/www.oio.pl\/#\/schema\/logo\/image\/","url":"https:\/\/www.oio.pl\/wp-content\/uploads\/2023\/11\/cropped-cropped-oio_120x120.jpg","contentUrl":"https:\/\/www.oio.pl\/wp-content\/uploads\/2023\/11\/cropped-cropped-oio_120x120.jpg","width":120,"height":48,"caption":"OIO"},"image":{"@id":"https:\/\/www.oio.pl\/#\/schema\/logo\/image\/"},"sameAs":["https:\/\/www.facebook.com\/oiopl"]}]}},"_links":{"self":[{"href":"https:\/\/www.oio.pl\/da\/wp-json\/wp\/v2\/product\/7766","targetHints":{"allow":["GET"]}}],"collection":[{"href":"https:\/\/www.oio.pl\/da\/wp-json\/wp\/v2\/product"}],"about":[{"href":"https:\/\/www.oio.pl\/da\/wp-json\/wp\/v2\/types\/product"}],"replies":[{"embeddable":true,"href":"https:\/\/www.oio.pl\/da\/wp-json\/wp\/v2\/comments?post=7766"}],"wp:featuredmedia":[{"embeddable":true,"href":"https:\/\/www.oio.pl\/da\/wp-json\/wp\/v2\/media\/7770"}],"wp:attachment":[{"href":"https:\/\/www.oio.pl\/da\/wp-json\/wp\/v2\/media?parent=7766"}],"wp:term":[{"taxonomy":"product_brand","embeddable":true,"href":"https:\/\/www.oio.pl\/da\/wp-json\/wp\/v2\/product_brand?post=7766"},{"taxonomy":"product_cat","embeddable":true,"href":"https:\/\/www.oio.pl\/da\/wp-json\/wp\/v2\/product_cat?post=7766"},{"taxonomy":"product_tag","embeddable":true,"href":"https:\/\/www.oio.pl\/da\/wp-json\/wp\/v2\/product_tag?post=7766"}],"curies":[{"name":"wp","href":"https:\/\/api.w.org\/{rel}","templated":true}]}}