{"id":7894,"date":"2025-11-13T13:41:47","date_gmt":"2025-11-13T12:41:47","guid":{"rendered":"https:\/\/www.oio.pl\/?post_type=product&#038;p=7894"},"modified":"2025-11-13T15:11:08","modified_gmt":"2025-11-13T14:11:08","slug":"mini-pc-2995u-fanless-2xrs232-2xlan","status":"publish","type":"product","link":"https:\/\/www.oio.pl\/da\/product\/mini-pc-2995u-fanless-2xrs232-2xlan\/","title":{"rendered":"Mini PC przemys\u0142owy Fanless M3-2 2995U 2xRS232 2xLAN"},"content":{"rendered":"<p><b>En computer designet til specielle opgaver, hvis metalkabinet giver dig mulighed for at arbejde med fuld effekt ved hj\u00e6lp af passiv k\u00f8ling.<\/b><\/p>\n<p>Przemys\u0142owy komputer Chipol jest idealn\u0105 opcj\u0105 do pracy z pe\u0142n\u0105 pr\u0119dko\u015bci\u0105 w systemie Linux oraz Windows. Konstrukcja urz\u0105dzenia zapewnia sprawne i bezawaryjne u\u017cytkowanie nawet 24 h na dob\u0119. Brak aktywnych element\u00f3w ch\u0142odz\u0105cych pozwala cieszy\u0107 si\u0119 prac\u0105 w ciszy. Mikrokomputer ChiPol umo\u017cliwia prac\u0119 w trudnych warunkach nie generuj\u0105c \u017cadnego dodatkowego szumu lub d\u017awi\u0119ku.<\/p>\n<p>Chipol posiada wszystkie potrzebne wej\u015bcia\/wyj\u015bcia, m.in. USB 3.0 oraz WifFi 2,4 i 5 GHz (opcja) oraz\u00a0<b>dobbelt LAN RJ45<\/b>.<\/p>\n<p>Her anvendes et gennempr\u00f8vet k\u00f8lesystem, der udelukkende er baseret p\u00e5 solide komponenter, prim\u00e6rt k\u00f8leplader. Metalhuset giver holdbar beskyttelse og fremragende varmeafledning. Dette system udnytter princippet om, at metaller frigiver termisk energi til omgivelserne \u2013 der er ingen yderligere bev\u00e6gelige dele, s\u00e5som ventilatorer. Denne l\u00f8sning sikrer lydl\u00f8s drift og reducerede fejlrater p\u00e5 grund af manglen p\u00e5 tvungen luftcirkulation, samtidig med at energiforbruget reduceres.<\/p>\n<p>Model M3-2 komunikuje si\u0119 przy pomocy dw\u00f3ch kart sieciowych\u00a0 LAN 10\/100\/1000 oraz sieci bezprzewodowej WiFi 2,4GHz i\u00a0<b>5GHz<\/b>\u00a0802.11 ac\/b\/g\/n. Dwie anteny zewn\u0119trzne zwi\u0119kszaj\u0105 zasi\u0119g oraz stabilno\u015b\u0107 po\u0142\u0105czenia.<\/p>\n<p>Antallet af tilg\u00e6ngelige muligheder udvider yderligere mulighederne for at udvide og bruge enheden.<\/p>\n<p>Urz\u0105dzenie posiada cztery USB 3.0. Podw\u00f3jne wyj\u015bcie LAN RJ45 ora HDMI i VGA udost\u0119pnia wi\u0119ksze mo\u017cliwo\u015bci.<\/p>\n<p>Et andet vigtigt element er evnen til at operere i et bredt temperaturomr\u00e5de, fra 0\u00b0C til 70\u00b0C.<\/p>\n<p>12V str\u00f8mforsyningen muligg\u00f8r brug af denne model i transport \u2013 biler, busser, lastbiler osv.<\/p>\n<p>Zawarto\u015b\u0107 opakowania:<\/p>\n<ul>\n<li>industriel computer<\/li>\n<li>str\u00f8mforsyning + kabel<\/li>\n<li>2 x anteny wifi<\/li>\n<li>kabel HDMI<\/li>\n<li>noga do pionowego ustawienia<\/li>\n<\/ul>","protected":false},"excerpt":{"rendered":"<p>Komputer przeznaczony do zada\u0144 specjalnych, metalowa obudowa pozwala pracowa\u0107 z pe\u0142n\u0105 moc\u0105 z wykorzystaniem pasywnego ch\u0142odzenia. Przemys\u0142owy komputer Chipol jest idealn\u0105 opcj\u0105 do pracy z pe\u0142n\u0105 pr\u0119dko\u015bci\u0105 w systemie Linux oraz Windows. Konstrukcja urz\u0105dzenia zapewnia sprawne i bezawaryjne u\u017cytkowanie nawet 24 h na dob\u0119. Brak aktywnych element\u00f3w ch\u0142odz\u0105cych pozwala cieszy\u0107 si\u0119 prac\u0105 w ciszy. Mikrokomputer [&hellip;]<\/p>\n","protected":false},"featured_media":7915,"comment_status":"closed","ping_status":"closed","template":"","meta":[],"product_brand":[3231],"product_cat":[97,24,3220,117],"product_tag":[],"class_list":{"0":"post-7894","1":"product","2":"type-product","3":"status-publish","4":"has-post-thumbnail","6":"product_brand-chipol","7":"product_cat-pc-przemyslowe","8":"product_cat-mini-pc","9":"product_cat-minipc","10":"product_cat-pc-2xrs232","12":"first","13":"instock","14":"taxable","15":"shipping-taxable","16":"purchasable","17":"product-type-variable","18":"czr-hentry"},"yoast_head":"<!-- This site is optimized with the Yoast SEO plugin v27.4 - https:\/\/yoast.com\/product\/yoast-seo-wordpress\/ -->\n<title>Mini PC przemys\u0142owy Fanless M3-2 2995U 2xRS232 2xLAN - Mini PC, Komputery, Laptopy, Translatory<\/title>\n<meta name=\"robots\" content=\"index, follow, max-snippet:-1, max-image-preview:large, max-video-preview:-1\" \/>\n<link rel=\"canonical\" href=\"https:\/\/www.oio.pl\/da\/produkt-2\/mini-pc-2995u-fanless-2xrs232-2xlan\/\" \/>\n<meta property=\"og:locale\" content=\"da_DK\" \/>\n<meta property=\"og:type\" content=\"article\" \/>\n<meta property=\"og:title\" content=\"Mini PC przemys\u0142owy Fanless M3-2 2995U 2xRS232 2xLAN - Mini PC, Komputery, Laptopy, Translatory\" \/>\n<meta property=\"og:description\" content=\"Komputer przeznaczony do zada\u0144 specjalnych, metalowa obudowa pozwala pracowa\u0107 z pe\u0142n\u0105 moc\u0105 z wykorzystaniem pasywnego ch\u0142odzenia. Przemys\u0142owy komputer Chipol jest idealn\u0105 opcj\u0105 do pracy z pe\u0142n\u0105 pr\u0119dko\u015bci\u0105 w systemie Linux oraz Windows. Konstrukcja urz\u0105dzenia zapewnia sprawne i bezawaryjne u\u017cytkowanie nawet 24 h na dob\u0119. Brak aktywnych element\u00f3w ch\u0142odz\u0105cych pozwala cieszy\u0107 si\u0119 prac\u0105 w ciszy. Mikrokomputer [&hellip;]\" \/>\n<meta property=\"og:url\" content=\"https:\/\/www.oio.pl\/da\/produkt-2\/mini-pc-2995u-fanless-2xrs232-2xlan\/\" \/>\n<meta property=\"og:site_name\" content=\"Mini PC, Komputery, Laptopy, Translatory\" \/>\n<meta property=\"article:publisher\" content=\"https:\/\/www.facebook.com\/oiopl\" \/>\n<meta property=\"article:modified_time\" content=\"2025-11-13T14:11:08+00:00\" \/>\n<meta property=\"og:image\" content=\"https:\/\/www.oio.pl\/wp-content\/uploads\/2025\/11\/M3C_06.jpg\" \/>\n\t<meta property=\"og:image:width\" content=\"1000\" \/>\n\t<meta property=\"og:image:height\" content=\"1000\" \/>\n\t<meta property=\"og:image:type\" content=\"image\/jpeg\" \/>\n<meta name=\"twitter:card\" content=\"summary_large_image\" \/>\n<meta name=\"twitter:label1\" content=\"Estimeret l\u00e6setid\" \/>\n\t<meta name=\"twitter:data1\" content=\"1 minut\" \/>\n<script type=\"application\/ld+json\" class=\"yoast-schema-graph\">{\"@context\":\"https:\\\/\\\/schema.org\",\"@graph\":[{\"@type\":\"WebPage\",\"@id\":\"https:\\\/\\\/www.oio.pl\\\/product\\\/mini-pc-2995u-fanless-2xrs232-2xlan\\\/\",\"url\":\"https:\\\/\\\/www.oio.pl\\\/product\\\/mini-pc-2995u-fanless-2xrs232-2xlan\\\/\",\"name\":\"Mini PC przemys\u0142owy Fanless M3-2 2995U 2xRS232 2xLAN - Mini PC, Komputery, Laptopy, Translatory\",\"isPartOf\":{\"@id\":\"https:\\\/\\\/www.oio.pl\\\/#website\"},\"primaryImageOfPage\":{\"@id\":\"https:\\\/\\\/www.oio.pl\\\/product\\\/mini-pc-2995u-fanless-2xrs232-2xlan\\\/#primaryimage\"},\"image\":{\"@id\":\"https:\\\/\\\/www.oio.pl\\\/product\\\/mini-pc-2995u-fanless-2xrs232-2xlan\\\/#primaryimage\"},\"thumbnailUrl\":\"https:\\\/\\\/www.oio.pl\\\/wp-content\\\/uploads\\\/2025\\\/11\\\/M3C_06.jpg\",\"datePublished\":\"2025-11-13T12:41:47+00:00\",\"dateModified\":\"2025-11-13T14:11:08+00:00\",\"breadcrumb\":{\"@id\":\"https:\\\/\\\/www.oio.pl\\\/product\\\/mini-pc-2995u-fanless-2xrs232-2xlan\\\/#breadcrumb\"},\"inLanguage\":\"da-DK\",\"potentialAction\":[{\"@type\":\"ReadAction\",\"target\":[\"https:\\\/\\\/www.oio.pl\\\/product\\\/mini-pc-2995u-fanless-2xrs232-2xlan\\\/\"]}]},{\"@type\":\"ImageObject\",\"inLanguage\":\"da-DK\",\"@id\":\"https:\\\/\\\/www.oio.pl\\\/product\\\/mini-pc-2995u-fanless-2xrs232-2xlan\\\/#primaryimage\",\"url\":\"https:\\\/\\\/www.oio.pl\\\/wp-content\\\/uploads\\\/2025\\\/11\\\/M3C_06.jpg\",\"contentUrl\":\"https:\\\/\\\/www.oio.pl\\\/wp-content\\\/uploads\\\/2025\\\/11\\\/M3C_06.jpg\",\"width\":1000,\"height\":1000},{\"@type\":\"BreadcrumbList\",\"@id\":\"https:\\\/\\\/www.oio.pl\\\/product\\\/mini-pc-2995u-fanless-2xrs232-2xlan\\\/#breadcrumb\",\"itemListElement\":[{\"@type\":\"ListItem\",\"position\":1,\"name\":\"Strona g\u0142\u00f3wna\",\"item\":\"https:\\\/\\\/www.oio.pl\\\/\"},{\"@type\":\"ListItem\",\"position\":2,\"name\":\"Produkty\",\"item\":\"https:\\\/\\\/www.oio.pl\\\/\"},{\"@type\":\"ListItem\",\"position\":3,\"name\":\"Mini PC przemys\u0142owy Fanless M3-2 2995U 2xRS232 2xLAN\"}]},{\"@type\":\"WebSite\",\"@id\":\"https:\\\/\\\/www.oio.pl\\\/#website\",\"url\":\"https:\\\/\\\/www.oio.pl\\\/\",\"name\":\"OIO.pl \u2013 Tablety przemys\u0142owe, sprz\u0119t IT dla przemys\u0142u i logistyki\",\"description\":\"tablety przemys\u0142owe, rugged tablet, komputer przemys\u0142owy, tablet wytrzyma\u0142y, sprz\u0119t dla przemys\u0142u, tablet z Windows, tablet IP67, laptop dla magazynu, elektronika przemys\u0142owa, komputery przemys\u0142owe, oio.pl, sprz\u0119t dla logistyki, tablet do pracy w terenie, monitor dotykowy przemys\u0142owy\",\"publisher\":{\"@id\":\"https:\\\/\\\/www.oio.pl\\\/#organization\"},\"alternateName\":\"Sklep internetowy dla przemys\u0142u\",\"potentialAction\":[{\"@type\":\"SearchAction\",\"target\":{\"@type\":\"EntryPoint\",\"urlTemplate\":\"https:\\\/\\\/www.oio.pl\\\/?s={search_term_string}\"},\"query-input\":{\"@type\":\"PropertyValueSpecification\",\"valueRequired\":true,\"valueName\":\"search_term_string\"}}],\"inLanguage\":\"da-DK\"},{\"@type\":\"Organization\",\"@id\":\"https:\\\/\\\/www.oio.pl\\\/#organization\",\"name\":\"OIO\",\"alternateName\":\"Sprz\u0119t komputerowy\",\"url\":\"https:\\\/\\\/www.oio.pl\\\/\",\"logo\":{\"@type\":\"ImageObject\",\"inLanguage\":\"da-DK\",\"@id\":\"https:\\\/\\\/www.oio.pl\\\/#\\\/schema\\\/logo\\\/image\\\/\",\"url\":\"https:\\\/\\\/www.oio.pl\\\/wp-content\\\/uploads\\\/2023\\\/11\\\/cropped-cropped-oio_120x120.jpg\",\"contentUrl\":\"https:\\\/\\\/www.oio.pl\\\/wp-content\\\/uploads\\\/2023\\\/11\\\/cropped-cropped-oio_120x120.jpg\",\"width\":120,\"height\":48,\"caption\":\"OIO\"},\"image\":{\"@id\":\"https:\\\/\\\/www.oio.pl\\\/#\\\/schema\\\/logo\\\/image\\\/\"},\"sameAs\":[\"https:\\\/\\\/www.facebook.com\\\/oiopl\"]}]}<\/script>\n<!-- \/ Yoast SEO plugin. -->","yoast_head_json":{"title":"Mini PC przemys\u0142owy Fanless M3-2 2995U 2xRS232 2xLAN - Mini PC, Komputery, Laptopy, Translatory","robots":{"index":"index","follow":"follow","max-snippet":"max-snippet:-1","max-image-preview":"max-image-preview:large","max-video-preview":"max-video-preview:-1"},"canonical":"https:\/\/www.oio.pl\/da\/produkt-2\/mini-pc-2995u-fanless-2xrs232-2xlan\/","og_locale":"da_DK","og_type":"article","og_title":"Mini PC przemys\u0142owy Fanless M3-2 2995U 2xRS232 2xLAN - Mini PC, Komputery, Laptopy, Translatory","og_description":"Komputer przeznaczony do zada\u0144 specjalnych, metalowa obudowa pozwala pracowa\u0107 z pe\u0142n\u0105 moc\u0105 z wykorzystaniem pasywnego ch\u0142odzenia. Przemys\u0142owy komputer Chipol jest idealn\u0105 opcj\u0105 do pracy z pe\u0142n\u0105 pr\u0119dko\u015bci\u0105 w systemie Linux oraz Windows. Konstrukcja urz\u0105dzenia zapewnia sprawne i bezawaryjne u\u017cytkowanie nawet 24 h na dob\u0119. Brak aktywnych element\u00f3w ch\u0142odz\u0105cych pozwala cieszy\u0107 si\u0119 prac\u0105 w ciszy. Mikrokomputer [&hellip;]","og_url":"https:\/\/www.oio.pl\/da\/produkt-2\/mini-pc-2995u-fanless-2xrs232-2xlan\/","og_site_name":"Mini PC, Komputery, Laptopy, Translatory","article_publisher":"https:\/\/www.facebook.com\/oiopl","article_modified_time":"2025-11-13T14:11:08+00:00","og_image":[{"width":1000,"height":1000,"url":"https:\/\/www.oio.pl\/wp-content\/uploads\/2025\/11\/M3C_06.jpg","type":"image\/jpeg"}],"twitter_card":"summary_large_image","twitter_misc":{"Estimeret l\u00e6setid":"1 minut"},"schema":{"@context":"https:\/\/schema.org","@graph":[{"@type":"WebPage","@id":"https:\/\/www.oio.pl\/product\/mini-pc-2995u-fanless-2xrs232-2xlan\/","url":"https:\/\/www.oio.pl\/product\/mini-pc-2995u-fanless-2xrs232-2xlan\/","name":"Mini PC przemys\u0142owy Fanless M3-2 2995U 2xRS232 2xLAN - Mini PC, Komputery, Laptopy, Translatory","isPartOf":{"@id":"https:\/\/www.oio.pl\/#website"},"primaryImageOfPage":{"@id":"https:\/\/www.oio.pl\/product\/mini-pc-2995u-fanless-2xrs232-2xlan\/#primaryimage"},"image":{"@id":"https:\/\/www.oio.pl\/product\/mini-pc-2995u-fanless-2xrs232-2xlan\/#primaryimage"},"thumbnailUrl":"https:\/\/www.oio.pl\/wp-content\/uploads\/2025\/11\/M3C_06.jpg","datePublished":"2025-11-13T12:41:47+00:00","dateModified":"2025-11-13T14:11:08+00:00","breadcrumb":{"@id":"https:\/\/www.oio.pl\/product\/mini-pc-2995u-fanless-2xrs232-2xlan\/#breadcrumb"},"inLanguage":"da-DK","potentialAction":[{"@type":"ReadAction","target":["https:\/\/www.oio.pl\/product\/mini-pc-2995u-fanless-2xrs232-2xlan\/"]}]},{"@type":"ImageObject","inLanguage":"da-DK","@id":"https:\/\/www.oio.pl\/product\/mini-pc-2995u-fanless-2xrs232-2xlan\/#primaryimage","url":"https:\/\/www.oio.pl\/wp-content\/uploads\/2025\/11\/M3C_06.jpg","contentUrl":"https:\/\/www.oio.pl\/wp-content\/uploads\/2025\/11\/M3C_06.jpg","width":1000,"height":1000},{"@type":"BreadcrumbList","@id":"https:\/\/www.oio.pl\/product\/mini-pc-2995u-fanless-2xrs232-2xlan\/#breadcrumb","itemListElement":[{"@type":"ListItem","position":1,"name":"Strona g\u0142\u00f3wna","item":"https:\/\/www.oio.pl\/"},{"@type":"ListItem","position":2,"name":"Produkty","item":"https:\/\/www.oio.pl\/"},{"@type":"ListItem","position":3,"name":"Mini PC przemys\u0142owy Fanless M3-2 2995U 2xRS232 2xLAN"}]},{"@type":"WebSite","@id":"https:\/\/www.oio.pl\/#website","url":"https:\/\/www.oio.pl\/","name":"OIO.pl \u2013 Industrielle tablets, IT-udstyr til industri og logistik","description":"Industrielle tablets, robust tablet, industriel computer, holdbar tablet, udstyr til industrien, Windows-tablet, IP67-tablet, b\u00e6rbar lager, industriel elektronik, industrielle computere, oio.pl, logistikudstyr, tablet til feltarbejdsbrug, industriel ber\u00f8ringssk\u00e6rm","publisher":{"@id":"https:\/\/www.oio.pl\/#organization"},"alternateName":"Sklep internetowy dla przemys\u0142u","potentialAction":[{"@type":"SearchAction","target":{"@type":"EntryPoint","urlTemplate":"https:\/\/www.oio.pl\/?s={search_term_string}"},"query-input":{"@type":"PropertyValueSpecification","valueRequired":true,"valueName":"search_term_string"}}],"inLanguage":"da-DK"},{"@type":"Organization","@id":"https:\/\/www.oio.pl\/#organization","name":"OIO","alternateName":"Sprz\u0119t komputerowy","url":"https:\/\/www.oio.pl\/","logo":{"@type":"ImageObject","inLanguage":"da-DK","@id":"https:\/\/www.oio.pl\/#\/schema\/logo\/image\/","url":"https:\/\/www.oio.pl\/wp-content\/uploads\/2023\/11\/cropped-cropped-oio_120x120.jpg","contentUrl":"https:\/\/www.oio.pl\/wp-content\/uploads\/2023\/11\/cropped-cropped-oio_120x120.jpg","width":120,"height":48,"caption":"OIO"},"image":{"@id":"https:\/\/www.oio.pl\/#\/schema\/logo\/image\/"},"sameAs":["https:\/\/www.facebook.com\/oiopl"]}]}},"_links":{"self":[{"href":"https:\/\/www.oio.pl\/da\/wp-json\/wp\/v2\/product\/7894","targetHints":{"allow":["GET"]}}],"collection":[{"href":"https:\/\/www.oio.pl\/da\/wp-json\/wp\/v2\/product"}],"about":[{"href":"https:\/\/www.oio.pl\/da\/wp-json\/wp\/v2\/types\/product"}],"replies":[{"embeddable":true,"href":"https:\/\/www.oio.pl\/da\/wp-json\/wp\/v2\/comments?post=7894"}],"wp:featuredmedia":[{"embeddable":true,"href":"https:\/\/www.oio.pl\/da\/wp-json\/wp\/v2\/media\/7915"}],"wp:attachment":[{"href":"https:\/\/www.oio.pl\/da\/wp-json\/wp\/v2\/media?parent=7894"}],"wp:term":[{"taxonomy":"product_brand","embeddable":true,"href":"https:\/\/www.oio.pl\/da\/wp-json\/wp\/v2\/product_brand?post=7894"},{"taxonomy":"product_cat","embeddable":true,"href":"https:\/\/www.oio.pl\/da\/wp-json\/wp\/v2\/product_cat?post=7894"},{"taxonomy":"product_tag","embeddable":true,"href":"https:\/\/www.oio.pl\/da\/wp-json\/wp\/v2\/product_tag?post=7894"}],"curies":[{"name":"wp","href":"https:\/\/api.w.org\/{rel}","templated":true}]}}