{"id":7960,"date":"2025-11-27T11:27:19","date_gmt":"2025-11-27T10:27:19","guid":{"rendered":"https:\/\/www.oio.pl\/?post_type=product&#038;p=7960"},"modified":"2026-03-17T12:09:54","modified_gmt":"2026-03-17T11:09:54","slug":"mini-pc-mllse-m2-air","status":"publish","type":"product","link":"https:\/\/www.oio.pl\/da\/product\/mini-pc-mllse-m2-air\/","title":{"rendered":"Mini PC MLLSE N4000 M2 Air 6\/128GB Win11"},"content":{"rendered":"<div class=\"mpof_ki myre_zn myre_8v_l _0d3bd_YrWCD\">\n<div class=\"mp4t_16_s mryx_16_s mr3m_1 mli2_1 mh85_56 mh85_0_l\">\n<div class=\"mgn2_16 _0d3bd_5pK0q\">\n<h1>Mini PC MLLSE M2 Air N4000 6\/128GB Windows 11<\/h1>\n<h2>Stor kraft i en lille enhed<\/h2>\n<\/div>\n<\/div>\n<\/div>\n<div class=\"mpof_ki myre_zn myre_8v_l _0d3bd_YrWCD\">\n<div class=\"mp4t_16_s mryx_16_s mr3m_1 mli2_1 mh85_56 mh85_0_l\">\n<div class=\"mgn2_16 _0d3bd_5pK0q\">\n<p>Mini PC M2 Air jest now\u0105 generacj\u0105 mini pc z wyj\u015bciem HDMI, portem LAN RJ45 a nap\u0119dzane procesorem N4000. Jest\u00a0 to najnowsza generacja ma\u0142ych ale pe\u0142noprawnych komputer\u00f3w do biura, urz\u0119du, szko\u0142y. Konstrukcja urz\u0105dzenia zapewnia sprawne i bezawaryjne u\u017cytkowanie nawet 24 h na dob\u0119. Mikrokomputer MLLSE M2 Air Plus umo\u017cliwia u\u017cytkowanie go w domu, ogl\u0105danie film\u00f3w, s\u0142uchanie muzyki w salonie.<\/p>\n<p>MLSSE M2 Air posiada wszystkie potrzebne wej\u015bcia\/wyj\u015bcia, m.in. 3 porty USB 3.2 oraz WiFi 2,4 i 5 GHz.<\/p>\n<p>Enhedens maksimale str\u00f8mforbrug er 24 W, hvilket er effekten af en lille p\u00e6re, sammenlignet med almindelige station\u00e6re computere, som kun er 51 TP3T!!! \u2013 det er en kolossal forskel for skoler og andre institutioner med mange s\u00e5danne enheder.<\/p>\n<\/div>\n<div class=\"mp4t_16_s mryx_16_s mr3m_1 mli2_1 mh85_56 mh85_0_l\">\n<div class=\"mg9e_8 mg9e_0_s mvrt_0_s mj7a_8 mj7a_0_s mh36_0_s mzmg_6m munh_16_l m3h2_16_l\">\n<div class=\"mp4t_0 mryx_0 munh_56 m3h2_56\">\n<div class=\"mp7g_oh\">Apparatets alsidighed g\u00f8r det muligt at bruge det i mange scenarier.<\/div>\n<\/div>\n<\/div>\n<\/div>\n<div class=\"mp4t_16_s mryx_16_s mr3m_1 mli2_1 mh85_56 mh85_0_l\">\n<div class=\"mgn2_16 _0d3bd_r3bCg\">\n<p>Muligheden for at skjule den ved hj\u00e6lp af VESA-beslaget g\u00f8r, at du ikke beh\u00f8ver at bekymre dig om plads og kabler.<\/p>\n<\/div>\n<\/div>\n<\/div>\n<\/div>","protected":false},"excerpt":{"rendered":"<p>Mini PC MLLSE M2 Air N4000 6\/128GB Windows 11 Wielka moc w ma\u0142ym urz\u0105dzeniu Mini PC M2 Air jest now\u0105 generacj\u0105 mini pc z wyj\u015bciem HDMI, portem LAN RJ45 a nap\u0119dzane procesorem N4000. Jest\u00a0 to najnowsza generacja ma\u0142ych ale pe\u0142noprawnych komputer\u00f3w do biura, urz\u0119du, szko\u0142y. Konstrukcja urz\u0105dzenia zapewnia sprawne i bezawaryjne u\u017cytkowanie nawet 24 h [&hellip;]<\/p>\n","protected":false},"featured_media":7961,"comment_status":"closed","ping_status":"closed","template":"","meta":[],"product_brand":[],"product_cat":[24,3220],"product_tag":[125,2523,3167,2543,3137,3136,2531,3150,2900,3180,47,49,2930,54,2621,46,2565,2527,2525,2551,2898,3164,3130,3151,3144,48,2545],"class_list":{"0":"post-7960","1":"product","2":"type-product","3":"status-publish","4":"has-post-thumbnail","6":"product_cat-mini-pc","7":"product_cat-minipc","8":"product_tag-minipc","9":"product_tag-best-mini-pc","10":"product_tag-best-mini-pc-stick","11":"product_tag-best-windows-mini-pc","12":"product_tag-budget-mini-pc","13":"product_tag-cheap-mini-pc","14":"product_tag-computer","15":"product_tag-computer-laptop","16":"product_tag-desktop-mini-pc","17":"product_tag-intel-mini-pc-stick","18":"product_tag-komputer","19":"product_tag-komputery","20":"product_tag-maly-komputer","21":"product_tag-mikrokomputery","22":"product_tag-mini-komputer","23":"product_tag-mini-pc","24":"product_tag-mini-pc-build","25":"product_tag-mini-pc-gaming","26":"product_tag-mini-pc-review","27":"product_tag-mini-pc-vs-desktop","28":"product_tag-most-powerful-mini-pc","29":"product_tag-pc","30":"product_tag-powerful-mini-pc","31":"product_tag-single-board-computer","32":"product_tag-tani-komputer","33":"product_tag-windows-10","34":"product_tag-windows-mini-pc","36":"first","37":"instock","38":"taxable","39":"shipping-taxable","40":"purchasable","41":"product-type-simple","42":"czr-hentry"},"yoast_head":"<!-- This site is optimized with the Yoast SEO plugin v27.4 - https:\/\/yoast.com\/product\/yoast-seo-wordpress\/ -->\n<title>Mini PC MLLSE N4000 M2 Air 6\/128GB Win11 - Mini PC, Komputery, Laptopy, Translatory<\/title>\n<meta name=\"robots\" content=\"index, follow, max-snippet:-1, max-image-preview:large, max-video-preview:-1\" \/>\n<link rel=\"canonical\" href=\"https:\/\/www.oio.pl\/da\/produkt-2\/mini-pc-mllse-m2-air\/\" \/>\n<meta property=\"og:locale\" content=\"da_DK\" \/>\n<meta property=\"og:type\" content=\"article\" \/>\n<meta property=\"og:title\" content=\"Mini PC MLLSE N4000 M2 Air 6\/128GB Win11 - Mini PC, Komputery, Laptopy, Translatory\" \/>\n<meta property=\"og:description\" content=\"Mini PC MLLSE M2 Air N4000 6\/128GB Windows 11 Wielka moc w ma\u0142ym urz\u0105dzeniu Mini PC M2 Air jest now\u0105 generacj\u0105 mini pc z wyj\u015bciem HDMI, portem LAN RJ45 a nap\u0119dzane procesorem N4000. Jest\u00a0 to najnowsza generacja ma\u0142ych ale pe\u0142noprawnych komputer\u00f3w do biura, urz\u0119du, szko\u0142y. Konstrukcja urz\u0105dzenia zapewnia sprawne i bezawaryjne u\u017cytkowanie nawet 24 h [&hellip;]\" \/>\n<meta property=\"og:url\" content=\"https:\/\/www.oio.pl\/da\/produkt-2\/mini-pc-mllse-m2-air\/\" \/>\n<meta property=\"og:site_name\" content=\"Mini PC, Komputery, Laptopy, Translatory\" \/>\n<meta property=\"article:publisher\" content=\"https:\/\/www.facebook.com\/oiopl\" \/>\n<meta property=\"article:modified_time\" content=\"2026-03-17T11:09:54+00:00\" \/>\n<meta property=\"og:image\" content=\"https:\/\/www.oio.pl\/wp-content\/uploads\/2025\/11\/MLLSE_00.png\" \/>\n\t<meta property=\"og:image:width\" content=\"1000\" \/>\n\t<meta property=\"og:image:height\" content=\"1000\" \/>\n\t<meta property=\"og:image:type\" content=\"image\/png\" \/>\n<meta name=\"twitter:card\" content=\"summary_large_image\" \/>\n<meta name=\"twitter:label1\" content=\"Estimeret l\u00e6setid\" \/>\n\t<meta name=\"twitter:data1\" content=\"2 minutter\" \/>\n<script type=\"application\/ld+json\" class=\"yoast-schema-graph\">{\"@context\":\"https:\\\/\\\/schema.org\",\"@graph\":[{\"@type\":\"WebPage\",\"@id\":\"https:\\\/\\\/www.oio.pl\\\/product\\\/mini-pc-mllse-m2-air\\\/\",\"url\":\"https:\\\/\\\/www.oio.pl\\\/product\\\/mini-pc-mllse-m2-air\\\/\",\"name\":\"Mini PC MLLSE N4000 M2 Air 6\\\/128GB Win11 - Mini PC, Komputery, Laptopy, Translatory\",\"isPartOf\":{\"@id\":\"https:\\\/\\\/www.oio.pl\\\/#website\"},\"primaryImageOfPage\":{\"@id\":\"https:\\\/\\\/www.oio.pl\\\/product\\\/mini-pc-mllse-m2-air\\\/#primaryimage\"},\"image\":{\"@id\":\"https:\\\/\\\/www.oio.pl\\\/product\\\/mini-pc-mllse-m2-air\\\/#primaryimage\"},\"thumbnailUrl\":\"https:\\\/\\\/www.oio.pl\\\/wp-content\\\/uploads\\\/2025\\\/11\\\/MLLSE_00.png\",\"datePublished\":\"2025-11-27T10:27:19+00:00\",\"dateModified\":\"2026-03-17T11:09:54+00:00\",\"breadcrumb\":{\"@id\":\"https:\\\/\\\/www.oio.pl\\\/product\\\/mini-pc-mllse-m2-air\\\/#breadcrumb\"},\"inLanguage\":\"da-DK\",\"potentialAction\":[{\"@type\":\"ReadAction\",\"target\":[\"https:\\\/\\\/www.oio.pl\\\/product\\\/mini-pc-mllse-m2-air\\\/\"]}]},{\"@type\":\"ImageObject\",\"inLanguage\":\"da-DK\",\"@id\":\"https:\\\/\\\/www.oio.pl\\\/product\\\/mini-pc-mllse-m2-air\\\/#primaryimage\",\"url\":\"https:\\\/\\\/www.oio.pl\\\/wp-content\\\/uploads\\\/2025\\\/11\\\/MLLSE_00.png\",\"contentUrl\":\"https:\\\/\\\/www.oio.pl\\\/wp-content\\\/uploads\\\/2025\\\/11\\\/MLLSE_00.png\",\"width\":1000,\"height\":1000},{\"@type\":\"BreadcrumbList\",\"@id\":\"https:\\\/\\\/www.oio.pl\\\/product\\\/mini-pc-mllse-m2-air\\\/#breadcrumb\",\"itemListElement\":[{\"@type\":\"ListItem\",\"position\":1,\"name\":\"Strona g\u0142\u00f3wna\",\"item\":\"https:\\\/\\\/www.oio.pl\\\/\"},{\"@type\":\"ListItem\",\"position\":2,\"name\":\"Produkty\",\"item\":\"https:\\\/\\\/www.oio.pl\\\/\"},{\"@type\":\"ListItem\",\"position\":3,\"name\":\"Mini PC MLLSE N4000 M2 Air 6\\\/128GB Win11\"}]},{\"@type\":\"WebSite\",\"@id\":\"https:\\\/\\\/www.oio.pl\\\/#website\",\"url\":\"https:\\\/\\\/www.oio.pl\\\/\",\"name\":\"OIO.pl \u2013 Tablety przemys\u0142owe, sprz\u0119t IT dla przemys\u0142u i logistyki\",\"description\":\"tablety przemys\u0142owe, rugged tablet, komputer przemys\u0142owy, tablet wytrzyma\u0142y, sprz\u0119t dla przemys\u0142u, tablet z Windows, tablet IP67, laptop dla magazynu, elektronika przemys\u0142owa, komputery przemys\u0142owe, oio.pl, sprz\u0119t dla logistyki, tablet do pracy w terenie, monitor dotykowy przemys\u0142owy\",\"publisher\":{\"@id\":\"https:\\\/\\\/www.oio.pl\\\/#organization\"},\"alternateName\":\"Sklep internetowy dla przemys\u0142u\",\"potentialAction\":[{\"@type\":\"SearchAction\",\"target\":{\"@type\":\"EntryPoint\",\"urlTemplate\":\"https:\\\/\\\/www.oio.pl\\\/?s={search_term_string}\"},\"query-input\":{\"@type\":\"PropertyValueSpecification\",\"valueRequired\":true,\"valueName\":\"search_term_string\"}}],\"inLanguage\":\"da-DK\"},{\"@type\":\"Organization\",\"@id\":\"https:\\\/\\\/www.oio.pl\\\/#organization\",\"name\":\"OIO\",\"alternateName\":\"Sprz\u0119t komputerowy\",\"url\":\"https:\\\/\\\/www.oio.pl\\\/\",\"logo\":{\"@type\":\"ImageObject\",\"inLanguage\":\"da-DK\",\"@id\":\"https:\\\/\\\/www.oio.pl\\\/#\\\/schema\\\/logo\\\/image\\\/\",\"url\":\"https:\\\/\\\/www.oio.pl\\\/wp-content\\\/uploads\\\/2023\\\/11\\\/cropped-cropped-oio_120x120.jpg\",\"contentUrl\":\"https:\\\/\\\/www.oio.pl\\\/wp-content\\\/uploads\\\/2023\\\/11\\\/cropped-cropped-oio_120x120.jpg\",\"width\":120,\"height\":48,\"caption\":\"OIO\"},\"image\":{\"@id\":\"https:\\\/\\\/www.oio.pl\\\/#\\\/schema\\\/logo\\\/image\\\/\"},\"sameAs\":[\"https:\\\/\\\/www.facebook.com\\\/oiopl\"]}]}<\/script>\n<!-- \/ Yoast SEO plugin. -->","yoast_head_json":{"title":"Mini PC MLLSE N4000 M2 Air 6\/128GB Win11 - Mini PC, Komputery, Laptopy, Translatory","robots":{"index":"index","follow":"follow","max-snippet":"max-snippet:-1","max-image-preview":"max-image-preview:large","max-video-preview":"max-video-preview:-1"},"canonical":"https:\/\/www.oio.pl\/da\/produkt-2\/mini-pc-mllse-m2-air\/","og_locale":"da_DK","og_type":"article","og_title":"Mini PC MLLSE N4000 M2 Air 6\/128GB Win11 - Mini PC, Komputery, Laptopy, Translatory","og_description":"Mini PC MLLSE M2 Air N4000 6\/128GB Windows 11 Wielka moc w ma\u0142ym urz\u0105dzeniu Mini PC M2 Air jest now\u0105 generacj\u0105 mini pc z wyj\u015bciem HDMI, portem LAN RJ45 a nap\u0119dzane procesorem N4000. Jest\u00a0 to najnowsza generacja ma\u0142ych ale pe\u0142noprawnych komputer\u00f3w do biura, urz\u0119du, szko\u0142y. Konstrukcja urz\u0105dzenia zapewnia sprawne i bezawaryjne u\u017cytkowanie nawet 24 h [&hellip;]","og_url":"https:\/\/www.oio.pl\/da\/produkt-2\/mini-pc-mllse-m2-air\/","og_site_name":"Mini PC, Komputery, Laptopy, Translatory","article_publisher":"https:\/\/www.facebook.com\/oiopl","article_modified_time":"2026-03-17T11:09:54+00:00","og_image":[{"width":1000,"height":1000,"url":"https:\/\/www.oio.pl\/wp-content\/uploads\/2025\/11\/MLLSE_00.png","type":"image\/png"}],"twitter_card":"summary_large_image","twitter_misc":{"Estimeret l\u00e6setid":"2 minutter"},"schema":{"@context":"https:\/\/schema.org","@graph":[{"@type":"WebPage","@id":"https:\/\/www.oio.pl\/product\/mini-pc-mllse-m2-air\/","url":"https:\/\/www.oio.pl\/product\/mini-pc-mllse-m2-air\/","name":"Mini PC MLLSE N4000 M2 Air 6\/128GB Win11 - Mini PC, Komputery, Laptopy, Translatory","isPartOf":{"@id":"https:\/\/www.oio.pl\/#website"},"primaryImageOfPage":{"@id":"https:\/\/www.oio.pl\/product\/mini-pc-mllse-m2-air\/#primaryimage"},"image":{"@id":"https:\/\/www.oio.pl\/product\/mini-pc-mllse-m2-air\/#primaryimage"},"thumbnailUrl":"https:\/\/www.oio.pl\/wp-content\/uploads\/2025\/11\/MLLSE_00.png","datePublished":"2025-11-27T10:27:19+00:00","dateModified":"2026-03-17T11:09:54+00:00","breadcrumb":{"@id":"https:\/\/www.oio.pl\/product\/mini-pc-mllse-m2-air\/#breadcrumb"},"inLanguage":"da-DK","potentialAction":[{"@type":"ReadAction","target":["https:\/\/www.oio.pl\/product\/mini-pc-mllse-m2-air\/"]}]},{"@type":"ImageObject","inLanguage":"da-DK","@id":"https:\/\/www.oio.pl\/product\/mini-pc-mllse-m2-air\/#primaryimage","url":"https:\/\/www.oio.pl\/wp-content\/uploads\/2025\/11\/MLLSE_00.png","contentUrl":"https:\/\/www.oio.pl\/wp-content\/uploads\/2025\/11\/MLLSE_00.png","width":1000,"height":1000},{"@type":"BreadcrumbList","@id":"https:\/\/www.oio.pl\/product\/mini-pc-mllse-m2-air\/#breadcrumb","itemListElement":[{"@type":"ListItem","position":1,"name":"Strona g\u0142\u00f3wna","item":"https:\/\/www.oio.pl\/"},{"@type":"ListItem","position":2,"name":"Produkty","item":"https:\/\/www.oio.pl\/"},{"@type":"ListItem","position":3,"name":"Mini PC MLLSE N4000 M2 Air 6\/128GB Win11"}]},{"@type":"WebSite","@id":"https:\/\/www.oio.pl\/#website","url":"https:\/\/www.oio.pl\/","name":"OIO.pl \u2013 Industrielle tablets, IT-udstyr til industri og logistik","description":"Industrielle tablets, robust tablet, industriel computer, holdbar tablet, udstyr til industrien, Windows-tablet, IP67-tablet, b\u00e6rbar lager, industriel elektronik, industrielle computere, oio.pl, logistikudstyr, tablet til feltarbejdsbrug, industriel ber\u00f8ringssk\u00e6rm","publisher":{"@id":"https:\/\/www.oio.pl\/#organization"},"alternateName":"Sklep internetowy dla przemys\u0142u","potentialAction":[{"@type":"SearchAction","target":{"@type":"EntryPoint","urlTemplate":"https:\/\/www.oio.pl\/?s={search_term_string}"},"query-input":{"@type":"PropertyValueSpecification","valueRequired":true,"valueName":"search_term_string"}}],"inLanguage":"da-DK"},{"@type":"Organization","@id":"https:\/\/www.oio.pl\/#organization","name":"OIO","alternateName":"Sprz\u0119t komputerowy","url":"https:\/\/www.oio.pl\/","logo":{"@type":"ImageObject","inLanguage":"da-DK","@id":"https:\/\/www.oio.pl\/#\/schema\/logo\/image\/","url":"https:\/\/www.oio.pl\/wp-content\/uploads\/2023\/11\/cropped-cropped-oio_120x120.jpg","contentUrl":"https:\/\/www.oio.pl\/wp-content\/uploads\/2023\/11\/cropped-cropped-oio_120x120.jpg","width":120,"height":48,"caption":"OIO"},"image":{"@id":"https:\/\/www.oio.pl\/#\/schema\/logo\/image\/"},"sameAs":["https:\/\/www.facebook.com\/oiopl"]}]}},"_links":{"self":[{"href":"https:\/\/www.oio.pl\/da\/wp-json\/wp\/v2\/product\/7960","targetHints":{"allow":["GET"]}}],"collection":[{"href":"https:\/\/www.oio.pl\/da\/wp-json\/wp\/v2\/product"}],"about":[{"href":"https:\/\/www.oio.pl\/da\/wp-json\/wp\/v2\/types\/product"}],"replies":[{"embeddable":true,"href":"https:\/\/www.oio.pl\/da\/wp-json\/wp\/v2\/comments?post=7960"}],"wp:featuredmedia":[{"embeddable":true,"href":"https:\/\/www.oio.pl\/da\/wp-json\/wp\/v2\/media\/7961"}],"wp:attachment":[{"href":"https:\/\/www.oio.pl\/da\/wp-json\/wp\/v2\/media?parent=7960"}],"wp:term":[{"taxonomy":"product_brand","embeddable":true,"href":"https:\/\/www.oio.pl\/da\/wp-json\/wp\/v2\/product_brand?post=7960"},{"taxonomy":"product_cat","embeddable":true,"href":"https:\/\/www.oio.pl\/da\/wp-json\/wp\/v2\/product_cat?post=7960"},{"taxonomy":"product_tag","embeddable":true,"href":"https:\/\/www.oio.pl\/da\/wp-json\/wp\/v2\/product_tag?post=7960"}],"curies":[{"name":"wp","href":"https:\/\/api.w.org\/{rel}","templated":true}]}}