{"id":7991,"date":"2025-11-29T13:38:44","date_gmt":"2025-11-29T12:38:44","guid":{"rendered":"https:\/\/www.oio.pl\/?post_type=product&#038;p=7991"},"modified":"2026-01-12T10:34:26","modified_gmt":"2026-01-12T09:34:26","slug":"all-in-one-chipol-x11w-9-4-64gb-win11","status":"publish","type":"product","link":"https:\/\/www.oio.pl\/da\/product\/all-in-one-chipol-x11w-9-4-64gb-win11\/","title":{"rendered":"All-In-One Chipol X11W.2  9&#8243; 4\/64GB Win11"},"content":{"rendered":"<p><b>Chipol X11W2\u00a0 <\/b>Det er en kombination af en minicomputer baseret p\u00e5 Intel N4020-processoren med en ber\u00f8ringssk\u00e6rm \u2013 Alt i \u00e9n.<\/p>\n<p>W naszej ofercie jest druga, poprawiona wersja tego modelu urz\u0105dzenia.<br \/>\nNowy procesor, poprawiono ch\u0142odzenie, mocowanie oraz zmieniono zasilanie na 12V.<br \/>\n\u00c6ndring af forsyningssp\u00e6ndingen muligg\u00f8r nemmere integration med kundens eksisterende audiovisuelle system.<\/p>\n<p>Enheden bruger en 9\u2033 IPS-ber\u00f8ringssk\u00e6rm med en opl\u00f8sning p\u00e5 1920 x 1200!!!<\/p>\n<p>Enheden har den fulde version af Windows 10 64-bit, 4 GB RAM og 64 GB diskplads.<\/p>\n<p>Doda\u0107 nale\u017cy jeszcze cztery porty USB 3.0, port audio oraz HDMI.<br \/>\nAIO X11W2 posiada r\u00f3wnie\u017c Bluetooth 4.0 i czytnik kart micro SD.<\/p>\n<p>Du kan tilslutte en 4K-sk\u00e6rm\/TV til X11W ved hj\u00e6lp af HDMI-porten.<\/p>\n<p>&nbsp;<\/p>\n<p>&nbsp;<\/p>","protected":false},"excerpt":{"rendered":"<p>Chipol X11W2\u00a0 jest to po\u0142\u0105czenie minikomputera na procesorze Intela N4020 z ekranem dotykowym &#8211; All in One. W naszej ofercie jest druga, poprawiona wersja tego modelu urz\u0105dzenia. Nowy procesor, poprawiono ch\u0142odzenie, mocowanie oraz zmieniono zasilanie na 12V. Zmiana napi\u0119cia zasilania umo\u017cliwia \u0142atwiejsz\u0105 integracj\u0119 z istniej\u0105cym systemem audio-wizualnym klienta. W urz\u0105dzeniu zastosowano ekran dotykowy IPS 9&#8243; [&hellip;]<\/p>\n","protected":false},"featured_media":7993,"comment_status":"closed","ping_status":"closed","template":"","meta":[],"product_brand":[3231],"product_cat":[53,3315,3218],"product_tag":[50,3109,3113,80,2531,127,47,3117,3112,3115,77,3114,45,54,46,126],"class_list":{"0":"post-7991","1":"product","2":"type-product","3":"status-publish","4":"has-post-thumbnail","6":"product_brand-chipol","7":"product_cat-pc-aio-pos","8":"product_cat-pc-aio","9":"product_cat-pc-panel","10":"product_tag-aio","11":"product_tag-all-in-one-computer","12":"product_tag-all-in-one-desktop-computer","13":"product_tag-all-in-one","14":"product_tag-computer","15":"product_tag-ekran-dotykowy","16":"product_tag-komputer","17":"product_tag-komputer-aio","18":"product_tag-komputer-all-in-one","19":"product_tag-komputer-pc","20":"product_tag-komputer-przemyslowy","21":"product_tag-komputery-all-in-one","22":"product_tag-mikrokomputer","23":"product_tag-mikrokomputery","24":"product_tag-mini-pc","25":"product_tag-panel-dotykowy","27":"first","28":"instock","29":"taxable","30":"shipping-taxable","31":"purchasable","32":"product-type-simple","33":"czr-hentry"},"yoast_head":"<!-- This site is optimized with the Yoast SEO plugin v27.4 - https:\/\/yoast.com\/product\/yoast-seo-wordpress\/ -->\n<title>All-In-One Chipol X11W.2 9&quot; 4\/64GB Win11 - Mini PC, Komputery, Laptopy, Translatory<\/title>\n<meta name=\"robots\" content=\"index, follow, max-snippet:-1, max-image-preview:large, max-video-preview:-1\" \/>\n<link rel=\"canonical\" href=\"https:\/\/www.oio.pl\/da\/produkt-2\/all-in-one-chipol-x11w-9-4-64gb-win11\/\" \/>\n<meta property=\"og:locale\" content=\"da_DK\" \/>\n<meta property=\"og:type\" content=\"article\" \/>\n<meta property=\"og:title\" content=\"All-In-One Chipol X11W.2 9&quot; 4\/64GB Win11 - Mini PC, Komputery, Laptopy, Translatory\" \/>\n<meta property=\"og:description\" content=\"Chipol X11W2\u00a0 jest to po\u0142\u0105czenie minikomputera na procesorze Intela N4020 z ekranem dotykowym &#8211; All in One. W naszej ofercie jest druga, poprawiona wersja tego modelu urz\u0105dzenia. Nowy procesor, poprawiono ch\u0142odzenie, mocowanie oraz zmieniono zasilanie na 12V. Zmiana napi\u0119cia zasilania umo\u017cliwia \u0142atwiejsz\u0105 integracj\u0119 z istniej\u0105cym systemem audio-wizualnym klienta. W urz\u0105dzeniu zastosowano ekran dotykowy IPS 9&#8243; [&hellip;]\" \/>\n<meta property=\"og:url\" content=\"https:\/\/www.oio.pl\/da\/produkt-2\/all-in-one-chipol-x11w-9-4-64gb-win11\/\" \/>\n<meta property=\"og:site_name\" content=\"Mini PC, Komputery, Laptopy, Translatory\" \/>\n<meta property=\"article:publisher\" content=\"https:\/\/www.facebook.com\/oiopl\" \/>\n<meta property=\"article:modified_time\" content=\"2026-01-12T09:34:26+00:00\" \/>\n<meta property=\"og:image\" content=\"https:\/\/www.oio.pl\/wp-content\/uploads\/2025\/11\/X2A_07.jpg\" \/>\n\t<meta property=\"og:image:width\" content=\"800\" \/>\n\t<meta property=\"og:image:height\" content=\"800\" \/>\n\t<meta property=\"og:image:type\" content=\"image\/jpeg\" \/>\n<meta name=\"twitter:card\" content=\"summary_large_image\" \/>\n<meta name=\"twitter:label1\" content=\"Estimeret l\u00e6setid\" \/>\n\t<meta name=\"twitter:data1\" content=\"1 minut\" \/>\n<script type=\"application\/ld+json\" class=\"yoast-schema-graph\">{\"@context\":\"https:\\\/\\\/schema.org\",\"@graph\":[{\"@type\":\"WebPage\",\"@id\":\"https:\\\/\\\/www.oio.pl\\\/product\\\/all-in-one-chipol-x11w-9-4-64gb-win11\\\/\",\"url\":\"https:\\\/\\\/www.oio.pl\\\/product\\\/all-in-one-chipol-x11w-9-4-64gb-win11\\\/\",\"name\":\"All-In-One Chipol X11W.2 9\\\" 4\\\/64GB Win11 - Mini PC, Komputery, Laptopy, Translatory\",\"isPartOf\":{\"@id\":\"https:\\\/\\\/www.oio.pl\\\/#website\"},\"primaryImageOfPage\":{\"@id\":\"https:\\\/\\\/www.oio.pl\\\/product\\\/all-in-one-chipol-x11w-9-4-64gb-win11\\\/#primaryimage\"},\"image\":{\"@id\":\"https:\\\/\\\/www.oio.pl\\\/product\\\/all-in-one-chipol-x11w-9-4-64gb-win11\\\/#primaryimage\"},\"thumbnailUrl\":\"https:\\\/\\\/www.oio.pl\\\/wp-content\\\/uploads\\\/2025\\\/11\\\/X2A_07.jpg\",\"datePublished\":\"2025-11-29T12:38:44+00:00\",\"dateModified\":\"2026-01-12T09:34:26+00:00\",\"breadcrumb\":{\"@id\":\"https:\\\/\\\/www.oio.pl\\\/product\\\/all-in-one-chipol-x11w-9-4-64gb-win11\\\/#breadcrumb\"},\"inLanguage\":\"da-DK\",\"potentialAction\":[{\"@type\":\"ReadAction\",\"target\":[\"https:\\\/\\\/www.oio.pl\\\/product\\\/all-in-one-chipol-x11w-9-4-64gb-win11\\\/\"]}]},{\"@type\":\"ImageObject\",\"inLanguage\":\"da-DK\",\"@id\":\"https:\\\/\\\/www.oio.pl\\\/product\\\/all-in-one-chipol-x11w-9-4-64gb-win11\\\/#primaryimage\",\"url\":\"https:\\\/\\\/www.oio.pl\\\/wp-content\\\/uploads\\\/2025\\\/11\\\/X2A_07.jpg\",\"contentUrl\":\"https:\\\/\\\/www.oio.pl\\\/wp-content\\\/uploads\\\/2025\\\/11\\\/X2A_07.jpg\",\"width\":800,\"height\":800},{\"@type\":\"BreadcrumbList\",\"@id\":\"https:\\\/\\\/www.oio.pl\\\/product\\\/all-in-one-chipol-x11w-9-4-64gb-win11\\\/#breadcrumb\",\"itemListElement\":[{\"@type\":\"ListItem\",\"position\":1,\"name\":\"Strona g\u0142\u00f3wna\",\"item\":\"https:\\\/\\\/www.oio.pl\\\/\"},{\"@type\":\"ListItem\",\"position\":2,\"name\":\"Produkty\",\"item\":\"https:\\\/\\\/www.oio.pl\\\/\"},{\"@type\":\"ListItem\",\"position\":3,\"name\":\"All-In-One Chipol X11W.2 9&#8243; 4\\\/64GB Win11\"}]},{\"@type\":\"WebSite\",\"@id\":\"https:\\\/\\\/www.oio.pl\\\/#website\",\"url\":\"https:\\\/\\\/www.oio.pl\\\/\",\"name\":\"OIO.pl \u2013 Tablety przemys\u0142owe, sprz\u0119t IT dla przemys\u0142u i logistyki\",\"description\":\"tablety przemys\u0142owe, rugged tablet, komputer przemys\u0142owy, tablet wytrzyma\u0142y, sprz\u0119t dla przemys\u0142u, tablet z Windows, tablet IP67, laptop dla magazynu, elektronika przemys\u0142owa, komputery przemys\u0142owe, oio.pl, sprz\u0119t dla logistyki, tablet do pracy w terenie, monitor dotykowy przemys\u0142owy\",\"publisher\":{\"@id\":\"https:\\\/\\\/www.oio.pl\\\/#organization\"},\"alternateName\":\"Sklep internetowy dla przemys\u0142u\",\"potentialAction\":[{\"@type\":\"SearchAction\",\"target\":{\"@type\":\"EntryPoint\",\"urlTemplate\":\"https:\\\/\\\/www.oio.pl\\\/?s={search_term_string}\"},\"query-input\":{\"@type\":\"PropertyValueSpecification\",\"valueRequired\":true,\"valueName\":\"search_term_string\"}}],\"inLanguage\":\"da-DK\"},{\"@type\":\"Organization\",\"@id\":\"https:\\\/\\\/www.oio.pl\\\/#organization\",\"name\":\"OIO\",\"alternateName\":\"Sprz\u0119t komputerowy\",\"url\":\"https:\\\/\\\/www.oio.pl\\\/\",\"logo\":{\"@type\":\"ImageObject\",\"inLanguage\":\"da-DK\",\"@id\":\"https:\\\/\\\/www.oio.pl\\\/#\\\/schema\\\/logo\\\/image\\\/\",\"url\":\"https:\\\/\\\/www.oio.pl\\\/wp-content\\\/uploads\\\/2023\\\/11\\\/cropped-cropped-oio_120x120.jpg\",\"contentUrl\":\"https:\\\/\\\/www.oio.pl\\\/wp-content\\\/uploads\\\/2023\\\/11\\\/cropped-cropped-oio_120x120.jpg\",\"width\":120,\"height\":48,\"caption\":\"OIO\"},\"image\":{\"@id\":\"https:\\\/\\\/www.oio.pl\\\/#\\\/schema\\\/logo\\\/image\\\/\"},\"sameAs\":[\"https:\\\/\\\/www.facebook.com\\\/oiopl\"]}]}<\/script>\n<!-- \/ Yoast SEO plugin. -->","yoast_head_json":{"title":"All-In-One Chipol X11W.2 9\" 4\/64GB Win11 - Mini PC, Komputery, Laptopy, Translatory","robots":{"index":"index","follow":"follow","max-snippet":"max-snippet:-1","max-image-preview":"max-image-preview:large","max-video-preview":"max-video-preview:-1"},"canonical":"https:\/\/www.oio.pl\/da\/produkt-2\/all-in-one-chipol-x11w-9-4-64gb-win11\/","og_locale":"da_DK","og_type":"article","og_title":"All-In-One Chipol X11W.2 9\" 4\/64GB Win11 - Mini PC, Komputery, Laptopy, Translatory","og_description":"Chipol X11W2\u00a0 jest to po\u0142\u0105czenie minikomputera na procesorze Intela N4020 z ekranem dotykowym &#8211; All in One. W naszej ofercie jest druga, poprawiona wersja tego modelu urz\u0105dzenia. Nowy procesor, poprawiono ch\u0142odzenie, mocowanie oraz zmieniono zasilanie na 12V. Zmiana napi\u0119cia zasilania umo\u017cliwia \u0142atwiejsz\u0105 integracj\u0119 z istniej\u0105cym systemem audio-wizualnym klienta. W urz\u0105dzeniu zastosowano ekran dotykowy IPS 9&#8243; [&hellip;]","og_url":"https:\/\/www.oio.pl\/da\/produkt-2\/all-in-one-chipol-x11w-9-4-64gb-win11\/","og_site_name":"Mini PC, Komputery, Laptopy, Translatory","article_publisher":"https:\/\/www.facebook.com\/oiopl","article_modified_time":"2026-01-12T09:34:26+00:00","og_image":[{"width":800,"height":800,"url":"https:\/\/www.oio.pl\/wp-content\/uploads\/2025\/11\/X2A_07.jpg","type":"image\/jpeg"}],"twitter_card":"summary_large_image","twitter_misc":{"Estimeret l\u00e6setid":"1 minut"},"schema":{"@context":"https:\/\/schema.org","@graph":[{"@type":"WebPage","@id":"https:\/\/www.oio.pl\/product\/all-in-one-chipol-x11w-9-4-64gb-win11\/","url":"https:\/\/www.oio.pl\/product\/all-in-one-chipol-x11w-9-4-64gb-win11\/","name":"All-In-One Chipol X11W.2 9\" 4\/64GB Win11 - Mini PC, Komputery, Laptopy, Translatory","isPartOf":{"@id":"https:\/\/www.oio.pl\/#website"},"primaryImageOfPage":{"@id":"https:\/\/www.oio.pl\/product\/all-in-one-chipol-x11w-9-4-64gb-win11\/#primaryimage"},"image":{"@id":"https:\/\/www.oio.pl\/product\/all-in-one-chipol-x11w-9-4-64gb-win11\/#primaryimage"},"thumbnailUrl":"https:\/\/www.oio.pl\/wp-content\/uploads\/2025\/11\/X2A_07.jpg","datePublished":"2025-11-29T12:38:44+00:00","dateModified":"2026-01-12T09:34:26+00:00","breadcrumb":{"@id":"https:\/\/www.oio.pl\/product\/all-in-one-chipol-x11w-9-4-64gb-win11\/#breadcrumb"},"inLanguage":"da-DK","potentialAction":[{"@type":"ReadAction","target":["https:\/\/www.oio.pl\/product\/all-in-one-chipol-x11w-9-4-64gb-win11\/"]}]},{"@type":"ImageObject","inLanguage":"da-DK","@id":"https:\/\/www.oio.pl\/product\/all-in-one-chipol-x11w-9-4-64gb-win11\/#primaryimage","url":"https:\/\/www.oio.pl\/wp-content\/uploads\/2025\/11\/X2A_07.jpg","contentUrl":"https:\/\/www.oio.pl\/wp-content\/uploads\/2025\/11\/X2A_07.jpg","width":800,"height":800},{"@type":"BreadcrumbList","@id":"https:\/\/www.oio.pl\/product\/all-in-one-chipol-x11w-9-4-64gb-win11\/#breadcrumb","itemListElement":[{"@type":"ListItem","position":1,"name":"Strona g\u0142\u00f3wna","item":"https:\/\/www.oio.pl\/"},{"@type":"ListItem","position":2,"name":"Produkty","item":"https:\/\/www.oio.pl\/"},{"@type":"ListItem","position":3,"name":"All-In-One Chipol X11W.2 9&#8243; 4\/64GB Win11"}]},{"@type":"WebSite","@id":"https:\/\/www.oio.pl\/#website","url":"https:\/\/www.oio.pl\/","name":"OIO.pl \u2013 Industrielle tablets, IT-udstyr til industri og logistik","description":"Industrielle tablets, robust tablet, industriel computer, holdbar tablet, udstyr til industrien, Windows-tablet, IP67-tablet, b\u00e6rbar lager, industriel elektronik, industrielle computere, oio.pl, logistikudstyr, tablet til feltarbejdsbrug, industriel ber\u00f8ringssk\u00e6rm","publisher":{"@id":"https:\/\/www.oio.pl\/#organization"},"alternateName":"Sklep internetowy dla przemys\u0142u","potentialAction":[{"@type":"SearchAction","target":{"@type":"EntryPoint","urlTemplate":"https:\/\/www.oio.pl\/?s={search_term_string}"},"query-input":{"@type":"PropertyValueSpecification","valueRequired":true,"valueName":"search_term_string"}}],"inLanguage":"da-DK"},{"@type":"Organization","@id":"https:\/\/www.oio.pl\/#organization","name":"OIO","alternateName":"Sprz\u0119t komputerowy","url":"https:\/\/www.oio.pl\/","logo":{"@type":"ImageObject","inLanguage":"da-DK","@id":"https:\/\/www.oio.pl\/#\/schema\/logo\/image\/","url":"https:\/\/www.oio.pl\/wp-content\/uploads\/2023\/11\/cropped-cropped-oio_120x120.jpg","contentUrl":"https:\/\/www.oio.pl\/wp-content\/uploads\/2023\/11\/cropped-cropped-oio_120x120.jpg","width":120,"height":48,"caption":"OIO"},"image":{"@id":"https:\/\/www.oio.pl\/#\/schema\/logo\/image\/"},"sameAs":["https:\/\/www.facebook.com\/oiopl"]}]}},"_links":{"self":[{"href":"https:\/\/www.oio.pl\/da\/wp-json\/wp\/v2\/product\/7991","targetHints":{"allow":["GET"]}}],"collection":[{"href":"https:\/\/www.oio.pl\/da\/wp-json\/wp\/v2\/product"}],"about":[{"href":"https:\/\/www.oio.pl\/da\/wp-json\/wp\/v2\/types\/product"}],"replies":[{"embeddable":true,"href":"https:\/\/www.oio.pl\/da\/wp-json\/wp\/v2\/comments?post=7991"}],"wp:featuredmedia":[{"embeddable":true,"href":"https:\/\/www.oio.pl\/da\/wp-json\/wp\/v2\/media\/7993"}],"wp:attachment":[{"href":"https:\/\/www.oio.pl\/da\/wp-json\/wp\/v2\/media?parent=7991"}],"wp:term":[{"taxonomy":"product_brand","embeddable":true,"href":"https:\/\/www.oio.pl\/da\/wp-json\/wp\/v2\/product_brand?post=7991"},{"taxonomy":"product_cat","embeddable":true,"href":"https:\/\/www.oio.pl\/da\/wp-json\/wp\/v2\/product_cat?post=7991"},{"taxonomy":"product_tag","embeddable":true,"href":"https:\/\/www.oio.pl\/da\/wp-json\/wp\/v2\/product_tag?post=7991"}],"curies":[{"name":"wp","href":"https:\/\/api.w.org\/{rel}","templated":true}]}}