{"id":668,"date":"2019-07-08T06:40:57","date_gmt":"2019-07-08T04:40:57","guid":{"rendered":"http:\/\/www.oio.pl\/?page_id=668"},"modified":"2021-11-12T15:03:25","modified_gmt":"2021-11-12T14:03:25","slug":"delivery-time-and-costs","status":"publish","type":"page","link":"https:\/\/www.oio.pl\/en\/czas-i-koszty-dostawy\/","title":{"rendered":"Delivery time and cost"},"content":{"rendered":"<p><strong>APPROXIMATE DELIVERY TIME:<\/strong><\/p>\n\n\n\n<ul class=\"wp-block-list\"><li>parcel locker \u2013 2..3 days,<\/li><li>DPD courier \u2013 1..2 business days,<\/li><li>parcel 48 \u2013 2 business days,<\/li><li>postal parcel \u2013 1..5 business days,<\/li><\/ul>\n\n\n\n<p><strong>ORDER COMPLETION TIME:<\/strong><\/p>\n\n\n\n<ul class=\"wp-block-list\"><li>in the case of prepayment to the account \u2013 24 hours on business days from the moment of receiving confirmation\/payment,<\/li><li>cash on delivery \u2013 up to 48 hours on business days from the moment of concluding the contract,<\/li><li>personal collection \u2013 immediately \u2013 after prior contact.<\/li><\/ul>\n\n\n\n<p><strong>COST OF DELIVERY:<\/strong><\/p>\n\n\n\n<ul class=\"wp-block-list\"><li>parcel locker \u2013 PLN 13,<\/li><li>DPD courier \u2013 PLN 17,<\/li><li>package 48 \u2013 PLN 16,<\/li><li>postal parcel \u2013 PLN 18.<\/li><\/ul>\n\n\n\n<p>We try to ensure that parcels are well packed and shipped as soon as possible.<br>We are not responsible for the timeliness of carriers.<\/p>\n\n\n\n<p><\/p>","protected":false},"excerpt":{"rendered":"<p>ORIENTACYJNY CZAS DOSTAWY: paczkomat &#8211; 2..3 dni, kurier DPD &#8211; 1..2 dni robocze, paczka 48 &#8211; 2 dni robocze, paczka pocztowa &#8211; 1..5 dni roboczych, CZAS REALIZACJI ZAM\u00d3WIENIA: przy przedp\u0142acie na konto &#8211; 24 h w dni robocze od momentu otrzymania potwierdzenia\/p\u0142atno\u015bci, wysy\u0142ka za pobraniem &#8211; do 48 h w dni robocze od momentu zawarcia [&hellip;]<\/p>\n","protected":false},"author":1,"featured_media":0,"parent":0,"menu_order":0,"comment_status":"closed","ping_status":"closed","template":"","meta":{"footnotes":""},"class_list":["post-668","page","type-page","status-publish","czr-hentry"],"yoast_head":"<!-- This site is optimized with the Yoast SEO plugin v27.4 - https:\/\/yoast.com\/product\/yoast-seo-wordpress\/ -->\n<title>Czas i koszt dostawy - Mini PC, Komputery, Laptopy, Translatory<\/title>\n<meta name=\"robots\" content=\"index, follow, max-snippet:-1, max-image-preview:large, max-video-preview:-1\" \/>\n<link rel=\"canonical\" href=\"https:\/\/www.oio.pl\/en\/delivery-time-and-costs\/\" \/>\n<meta property=\"og:locale\" content=\"en_US\" \/>\n<meta property=\"og:type\" content=\"article\" \/>\n<meta property=\"og:title\" content=\"Czas i koszt dostawy - Mini PC, Komputery, Laptopy, Translatory\" \/>\n<meta property=\"og:description\" content=\"ORIENTACYJNY CZAS DOSTAWY: paczkomat &#8211; 2..3 dni, kurier DPD &#8211; 1..2 dni robocze, paczka 48 &#8211; 2 dni robocze, paczka pocztowa &#8211; 1..5 dni roboczych, CZAS REALIZACJI ZAM\u00d3WIENIA: przy przedp\u0142acie na konto &#8211; 24 h w dni robocze od momentu otrzymania potwierdzenia\/p\u0142atno\u015bci, wysy\u0142ka za pobraniem &#8211; do 48 h w dni robocze od momentu zawarcia [&hellip;]\" \/>\n<meta property=\"og:url\" content=\"https:\/\/www.oio.pl\/en\/delivery-time-and-costs\/\" \/>\n<meta property=\"og:site_name\" content=\"Mini PC, Komputery, Laptopy, Translatory\" \/>\n<meta property=\"article:publisher\" content=\"https:\/\/www.facebook.com\/oiopl\" \/>\n<meta property=\"article:modified_time\" content=\"2021-11-12T14:03:25+00:00\" \/>\n<meta name=\"twitter:card\" content=\"summary_large_image\" \/>\n<meta name=\"twitter:label1\" content=\"Est. reading time\" \/>\n\t<meta name=\"twitter:data1\" content=\"1 minute\" \/>\n<script type=\"application\/ld+json\" class=\"yoast-schema-graph\">{\"@context\":\"https:\\\/\\\/schema.org\",\"@graph\":[{\"@type\":\"WebPage\",\"@id\":\"https:\\\/\\\/www.oio.pl\\\/czas-i-koszty-dostawy\\\/\",\"url\":\"https:\\\/\\\/www.oio.pl\\\/czas-i-koszty-dostawy\\\/\",\"name\":\"Czas i koszt dostawy - Mini PC, Komputery, Laptopy, Translatory\",\"isPartOf\":{\"@id\":\"https:\\\/\\\/www.oio.pl\\\/#website\"},\"datePublished\":\"2019-07-08T04:40:57+00:00\",\"dateModified\":\"2021-11-12T14:03:25+00:00\",\"breadcrumb\":{\"@id\":\"https:\\\/\\\/www.oio.pl\\\/czas-i-koszty-dostawy\\\/#breadcrumb\"},\"inLanguage\":\"en-US\",\"potentialAction\":[{\"@type\":\"ReadAction\",\"target\":[\"https:\\\/\\\/www.oio.pl\\\/czas-i-koszty-dostawy\\\/\"]}]},{\"@type\":\"BreadcrumbList\",\"@id\":\"https:\\\/\\\/www.oio.pl\\\/czas-i-koszty-dostawy\\\/#breadcrumb\",\"itemListElement\":[{\"@type\":\"ListItem\",\"position\":1,\"name\":\"Strona g\u0142\u00f3wna\",\"item\":\"https:\\\/\\\/www.oio.pl\\\/\"},{\"@type\":\"ListItem\",\"position\":2,\"name\":\"Czas i koszt dostawy\"}]},{\"@type\":\"WebSite\",\"@id\":\"https:\\\/\\\/www.oio.pl\\\/#website\",\"url\":\"https:\\\/\\\/www.oio.pl\\\/\",\"name\":\"OIO.pl \u2013 Tablety przemys\u0142owe, sprz\u0119t IT dla przemys\u0142u i logistyki\",\"description\":\"tablety przemys\u0142owe, rugged tablet, komputer przemys\u0142owy, tablet wytrzyma\u0142y, sprz\u0119t dla przemys\u0142u, tablet z Windows, tablet IP67, laptop dla magazynu, elektronika przemys\u0142owa, komputery przemys\u0142owe, oio.pl, sprz\u0119t dla logistyki, tablet do pracy w terenie, monitor dotykowy przemys\u0142owy\",\"publisher\":{\"@id\":\"https:\\\/\\\/www.oio.pl\\\/#organization\"},\"alternateName\":\"Sklep internetowy dla przemys\u0142u\",\"potentialAction\":[{\"@type\":\"SearchAction\",\"target\":{\"@type\":\"EntryPoint\",\"urlTemplate\":\"https:\\\/\\\/www.oio.pl\\\/?s={search_term_string}\"},\"query-input\":{\"@type\":\"PropertyValueSpecification\",\"valueRequired\":true,\"valueName\":\"search_term_string\"}}],\"inLanguage\":\"en-US\"},{\"@type\":\"Organization\",\"@id\":\"https:\\\/\\\/www.oio.pl\\\/#organization\",\"name\":\"OIO\",\"alternateName\":\"Sprz\u0119t komputerowy\",\"url\":\"https:\\\/\\\/www.oio.pl\\\/\",\"logo\":{\"@type\":\"ImageObject\",\"inLanguage\":\"en-US\",\"@id\":\"https:\\\/\\\/www.oio.pl\\\/#\\\/schema\\\/logo\\\/image\\\/\",\"url\":\"https:\\\/\\\/www.oio.pl\\\/wp-content\\\/uploads\\\/2023\\\/11\\\/cropped-cropped-oio_120x120.jpg\",\"contentUrl\":\"https:\\\/\\\/www.oio.pl\\\/wp-content\\\/uploads\\\/2023\\\/11\\\/cropped-cropped-oio_120x120.jpg\",\"width\":120,\"height\":48,\"caption\":\"OIO\"},\"image\":{\"@id\":\"https:\\\/\\\/www.oio.pl\\\/#\\\/schema\\\/logo\\\/image\\\/\"},\"sameAs\":[\"https:\\\/\\\/www.facebook.com\\\/oiopl\"]}]}<\/script>\n<!-- \/ Yoast SEO plugin. -->","yoast_head_json":{"title":"Delivery time and cost - Mini PC, Computers, Laptops, Translators","robots":{"index":"index","follow":"follow","max-snippet":"max-snippet:-1","max-image-preview":"max-image-preview:large","max-video-preview":"max-video-preview:-1"},"canonical":"https:\/\/www.oio.pl\/en\/delivery-time-and-costs\/","og_locale":"en_US","og_type":"article","og_title":"Czas i koszt dostawy - Mini PC, Komputery, Laptopy, Translatory","og_description":"ORIENTACYJNY CZAS DOSTAWY: paczkomat &#8211; 2..3 dni, kurier DPD &#8211; 1..2 dni robocze, paczka 48 &#8211; 2 dni robocze, paczka pocztowa &#8211; 1..5 dni roboczych, CZAS REALIZACJI ZAM\u00d3WIENIA: przy przedp\u0142acie na konto &#8211; 24 h w dni robocze od momentu otrzymania potwierdzenia\/p\u0142atno\u015bci, wysy\u0142ka za pobraniem &#8211; do 48 h w dni robocze od momentu zawarcia [&hellip;]","og_url":"https:\/\/www.oio.pl\/en\/delivery-time-and-costs\/","og_site_name":"Mini PC, Komputery, Laptopy, Translatory","article_publisher":"https:\/\/www.facebook.com\/oiopl","article_modified_time":"2021-11-12T14:03:25+00:00","twitter_card":"summary_large_image","twitter_misc":{"Est. reading time":"1 minute"},"schema":{"@context":"https:\/\/schema.org","@graph":[{"@type":"WebPage","@id":"https:\/\/www.oio.pl\/czas-i-koszty-dostawy\/","url":"https:\/\/www.oio.pl\/czas-i-koszty-dostawy\/","name":"Delivery time and cost - Mini PC, Computers, Laptops, Translators","isPartOf":{"@id":"https:\/\/www.oio.pl\/#website"},"datePublished":"2019-07-08T04:40:57+00:00","dateModified":"2021-11-12T14:03:25+00:00","breadcrumb":{"@id":"https:\/\/www.oio.pl\/czas-i-koszty-dostawy\/#breadcrumb"},"inLanguage":"en-US","potentialAction":[{"@type":"ReadAction","target":["https:\/\/www.oio.pl\/czas-i-koszty-dostawy\/"]}]},{"@type":"BreadcrumbList","@id":"https:\/\/www.oio.pl\/czas-i-koszty-dostawy\/#breadcrumb","itemListElement":[{"@type":"ListItem","position":1,"name":"Strona g\u0142\u00f3wna","item":"https:\/\/www.oio.pl\/"},{"@type":"ListItem","position":2,"name":"Czas i koszt dostawy"}]},{"@type":"WebSite","@id":"https:\/\/www.oio.pl\/#website","url":"https:\/\/www.oio.pl\/","name":"OIO.pl \u2013 Industrial tablets, IT equipment for industry and logistics","description":"industrial tablets, rugged tablet, industrial computer, durable tablet, equipment for industry, Windows tablet, IP67 tablet, warehouse laptop, industrial electronics, industrial computers, oio.pl, logistics equipment, field work tablet, industrial touch monitor","publisher":{"@id":"https:\/\/www.oio.pl\/#organization"},"alternateName":"Sklep internetowy dla przemys\u0142u","potentialAction":[{"@type":"SearchAction","target":{"@type":"EntryPoint","urlTemplate":"https:\/\/www.oio.pl\/?s={search_term_string}"},"query-input":{"@type":"PropertyValueSpecification","valueRequired":true,"valueName":"search_term_string"}}],"inLanguage":"en-US"},{"@type":"Organization","@id":"https:\/\/www.oio.pl\/#organization","name":"OIO","alternateName":"Sprz\u0119t komputerowy","url":"https:\/\/www.oio.pl\/","logo":{"@type":"ImageObject","inLanguage":"en-US","@id":"https:\/\/www.oio.pl\/#\/schema\/logo\/image\/","url":"https:\/\/www.oio.pl\/wp-content\/uploads\/2023\/11\/cropped-cropped-oio_120x120.jpg","contentUrl":"https:\/\/www.oio.pl\/wp-content\/uploads\/2023\/11\/cropped-cropped-oio_120x120.jpg","width":120,"height":48,"caption":"OIO"},"image":{"@id":"https:\/\/www.oio.pl\/#\/schema\/logo\/image\/"},"sameAs":["https:\/\/www.facebook.com\/oiopl"]}]}},"_links":{"self":[{"href":"https:\/\/www.oio.pl\/en\/wp-json\/wp\/v2\/pages\/668","targetHints":{"allow":["GET"]}}],"collection":[{"href":"https:\/\/www.oio.pl\/en\/wp-json\/wp\/v2\/pages"}],"about":[{"href":"https:\/\/www.oio.pl\/en\/wp-json\/wp\/v2\/types\/page"}],"author":[{"embeddable":true,"href":"https:\/\/www.oio.pl\/en\/wp-json\/wp\/v2\/users\/1"}],"replies":[{"embeddable":true,"href":"https:\/\/www.oio.pl\/en\/wp-json\/wp\/v2\/comments?post=668"}],"version-history":[{"count":6,"href":"https:\/\/www.oio.pl\/en\/wp-json\/wp\/v2\/pages\/668\/revisions"}],"predecessor-version":[{"id":2816,"href":"https:\/\/www.oio.pl\/en\/wp-json\/wp\/v2\/pages\/668\/revisions\/2816"}],"wp:attachment":[{"href":"https:\/\/www.oio.pl\/en\/wp-json\/wp\/v2\/media?parent=668"}],"curies":[{"name":"wp","href":"https:\/\/api.w.org\/{rel}","templated":true}]}}