{"id":1057,"date":"2019-09-22T14:14:44","date_gmt":"2019-09-22T12:14:44","guid":{"rendered":"https:\/\/www.oio.pl\/?post_type=product&#038;p=1057"},"modified":"2025-07-09T09:36:51","modified_gmt":"2025-07-09T07:36:51","slug":"laser-plotter-laser-engraver-with-a-power-of-3000-mw-stand-alone","status":"publish","type":"product","link":"https:\/\/www.oio.pl\/en\/product\/ploter-laserowy-grawer-laser-o-mocy-3000mw-samodzielny\/","title":{"rendered":"Laser plotter Engraver \u2013 7W laser \u2013 Stand-alone with a screen"},"content":{"rendered":"<p>A unique new generation laser plotter - an engraving machine - with a microcomputer and a screen for offline work in one.<\/p>\n<p>This model allows you to engrave in two ways:<\/p>\n<ol>\n<li>straight from a pendrive without using a computer,<\/li>\n<li>and simply, i.e. using the USB port after connecting to a computer\/laptop<\/li>\n<\/ol>\n<p>This engraver is a modern combination of laser technology and a printer. Depending on the laser power, it allows you to engrave and burn various materials: wood, bamboo, paper, cardboard, plastic, rubber, leather, varnish, painted metal, PCBA, bone, mahogany.<\/p>\n<p>The working area of the device is 175 mm x 155 mm.<\/p>\n<p>The printer&#039;s large screen enables efficient, comfortable and fast work without additional external devices. A simple menu allows you to set the parameters of the firings. Adjusting the laser beam is very simple and allows you to increase the printer&#039;s engraving efficiency.<\/p>\n<p>Uses image formats: JPG, GIF, BMP, DIB, mbc, BUR, PNG.<\/p>\n<h2>ALWAYS USE PROTECTIVE GLASSES!!!<\/h2>","protected":false},"excerpt":{"rendered":"<p>Unikalny ploter laserowy nowej generacji &#8211; maszyna do grawerowania &#8211; z mikrokomputerem i ekranem do pracy offline w jednym. Ten model pozwala grawerowa\u0107 na dwa sposoby: prosto z pendrive bez u\u017cycia komputera, oraz zwyczajnie, czyli przy u\u017cyciu portu USB po pod\u0142\u0105czeniu do komputera\/laptopa Grawer ten jest nowoczesnym po\u0142\u0105czeniem technologii laserowej oraz drukarki. W zale\u017cno\u015bci od [&hellip;]<\/p>\n","protected":false},"featured_media":1066,"comment_status":"closed","ping_status":"closed","template":"","meta":[],"product_brand":[],"product_cat":[25],"product_tag":[3098,3106,94,41,3095,3088,3091,3105,42,3087,93,3093,3104,3096,3090,3086,3092,3099,3102,3094,3101,3097,3089,3100,3107,3108,3103],"class_list":{"0":"post-1057","1":"product","2":"type-product","3":"status-publish","4":"has-post-thumbnail","6":"product_cat-laser-grawer","7":"product_tag-atms-ploter-laserowy-co2","8":"product_tag-cnc-ploter","9":"product_tag-drukarka-laserowa","10":"product_tag-grawer","11":"product_tag-grawer-laserem","12":"product_tag-grawer-laserowy","13":"product_tag-grawer-laserowy-cnc","14":"product_tag-grawer-mdf","15":"product_tag-grawerka","16":"product_tag-grawerka-laserowa","17":"product_tag-laser","18":"product_tag-loter-laserowy","19":"product_tag-najlepsza-grawerka-laserowa","20":"product_tag-ploter","21":"product_tag-ploter-co2","22":"product_tag-ploter-laserowy","23":"product_tag-ploter-laserowy-co2","24":"product_tag-ploter-laserowy-do-pieczatek","25":"product_tag-ploter-laserowy-do-robienia-pieczatek","26":"product_tag-ploter-laserowy-venus","27":"product_tag-ploter-laserowy-z-tuba-szklana","28":"product_tag-ploter-lasrowy","29":"product_tag-plotery-laserowe","30":"product_tag-plotery-laserowe-co2","31":"product_tag-plotter","32":"product_tag-smart-grawer","33":"product_tag-tania-grawerka-laserowa","35":"first","36":"instock","37":"taxable","38":"shipping-taxable","39":"purchasable","40":"product-type-simple","41":"czr-hentry"},"yoast_head":"<!-- This site is optimized with the Yoast SEO plugin v27.4 - https:\/\/yoast.com\/product\/yoast-seo-wordpress\/ -->\n<title>Ploter laserowy Grawer - Laser o mocy 7W - Samodzielny z ekranem - Mini PC, Komputery, Laptopy, Translatory<\/title>\n<meta name=\"robots\" content=\"index, follow, max-snippet:-1, max-image-preview:large, max-video-preview:-1\" \/>\n<link rel=\"canonical\" href=\"https:\/\/www.oio.pl\/en\/product\/laser-plotter-laser-engraver-with-a-power-of-3000-mw-stand-alone\/\" \/>\n<meta property=\"og:locale\" content=\"en_US\" \/>\n<meta property=\"og:type\" content=\"article\" \/>\n<meta property=\"og:title\" content=\"Ploter laserowy Grawer - Laser o mocy 7W - Samodzielny z ekranem - Mini PC, Komputery, Laptopy, Translatory\" \/>\n<meta property=\"og:description\" content=\"Unikalny ploter laserowy nowej generacji &#8211; maszyna do grawerowania &#8211; z mikrokomputerem i ekranem do pracy offline w jednym. Ten model pozwala grawerowa\u0107 na dwa sposoby: prosto z pendrive bez u\u017cycia komputera, oraz zwyczajnie, czyli przy u\u017cyciu portu USB po pod\u0142\u0105czeniu do komputera\/laptopa Grawer ten jest nowoczesnym po\u0142\u0105czeniem technologii laserowej oraz drukarki. W zale\u017cno\u015bci od [&hellip;]\" \/>\n<meta property=\"og:url\" content=\"https:\/\/www.oio.pl\/en\/product\/laser-plotter-laser-engraver-with-a-power-of-3000-mw-stand-alone\/\" \/>\n<meta property=\"og:site_name\" content=\"Mini PC, Komputery, Laptopy, Translatory\" \/>\n<meta property=\"article:publisher\" content=\"https:\/\/www.facebook.com\/oiopl\" \/>\n<meta property=\"article:modified_time\" content=\"2025-07-09T07:36:51+00:00\" \/>\n<meta property=\"og:image\" content=\"https:\/\/www.oio.pl\/wp-content\/uploads\/2019\/09\/Grawer_ekran_1.jpg\" \/>\n\t<meta property=\"og:image:width\" content=\"1000\" \/>\n\t<meta property=\"og:image:height\" content=\"666\" \/>\n\t<meta property=\"og:image:type\" content=\"image\/jpeg\" \/>\n<meta name=\"twitter:card\" content=\"summary_large_image\" \/>\n<meta name=\"twitter:label1\" content=\"Est. reading time\" \/>\n\t<meta name=\"twitter:data1\" content=\"1 minute\" \/>\n<script type=\"application\/ld+json\" class=\"yoast-schema-graph\">{\"@context\":\"https:\\\/\\\/schema.org\",\"@graph\":[{\"@type\":\"WebPage\",\"@id\":\"https:\\\/\\\/www.oio.pl\\\/product\\\/ploter-laserowy-grawer-laser-o-mocy-3000mw-samodzielny\\\/\",\"url\":\"https:\\\/\\\/www.oio.pl\\\/product\\\/ploter-laserowy-grawer-laser-o-mocy-3000mw-samodzielny\\\/\",\"name\":\"Ploter laserowy Grawer - Laser o mocy 7W - Samodzielny z ekranem - Mini PC, Komputery, Laptopy, Translatory\",\"isPartOf\":{\"@id\":\"https:\\\/\\\/www.oio.pl\\\/#website\"},\"primaryImageOfPage\":{\"@id\":\"https:\\\/\\\/www.oio.pl\\\/product\\\/ploter-laserowy-grawer-laser-o-mocy-3000mw-samodzielny\\\/#primaryimage\"},\"image\":{\"@id\":\"https:\\\/\\\/www.oio.pl\\\/product\\\/ploter-laserowy-grawer-laser-o-mocy-3000mw-samodzielny\\\/#primaryimage\"},\"thumbnailUrl\":\"https:\\\/\\\/www.oio.pl\\\/wp-content\\\/uploads\\\/2019\\\/09\\\/Grawer_ekran_1.jpg\",\"datePublished\":\"2019-09-22T12:14:44+00:00\",\"dateModified\":\"2025-07-09T07:36:51+00:00\",\"breadcrumb\":{\"@id\":\"https:\\\/\\\/www.oio.pl\\\/product\\\/ploter-laserowy-grawer-laser-o-mocy-3000mw-samodzielny\\\/#breadcrumb\"},\"inLanguage\":\"en-US\",\"potentialAction\":[{\"@type\":\"ReadAction\",\"target\":[\"https:\\\/\\\/www.oio.pl\\\/product\\\/ploter-laserowy-grawer-laser-o-mocy-3000mw-samodzielny\\\/\"]}]},{\"@type\":\"ImageObject\",\"inLanguage\":\"en-US\",\"@id\":\"https:\\\/\\\/www.oio.pl\\\/product\\\/ploter-laserowy-grawer-laser-o-mocy-3000mw-samodzielny\\\/#primaryimage\",\"url\":\"https:\\\/\\\/www.oio.pl\\\/wp-content\\\/uploads\\\/2019\\\/09\\\/Grawer_ekran_1.jpg\",\"contentUrl\":\"https:\\\/\\\/www.oio.pl\\\/wp-content\\\/uploads\\\/2019\\\/09\\\/Grawer_ekran_1.jpg\",\"width\":1000,\"height\":666},{\"@type\":\"BreadcrumbList\",\"@id\":\"https:\\\/\\\/www.oio.pl\\\/product\\\/ploter-laserowy-grawer-laser-o-mocy-3000mw-samodzielny\\\/#breadcrumb\",\"itemListElement\":[{\"@type\":\"ListItem\",\"position\":1,\"name\":\"Strona g\u0142\u00f3wna\",\"item\":\"https:\\\/\\\/www.oio.pl\\\/\"},{\"@type\":\"ListItem\",\"position\":2,\"name\":\"Produkty\",\"item\":\"https:\\\/\\\/www.oio.pl\\\/\"},{\"@type\":\"ListItem\",\"position\":3,\"name\":\"Ploter laserowy Grawer &#8211; Laser o mocy 7W &#8211; Samodzielny z ekranem\"}]},{\"@type\":\"WebSite\",\"@id\":\"https:\\\/\\\/www.oio.pl\\\/#website\",\"url\":\"https:\\\/\\\/www.oio.pl\\\/\",\"name\":\"OIO.pl \u2013 Tablety przemys\u0142owe, sprz\u0119t IT dla przemys\u0142u i logistyki\",\"description\":\"tablety przemys\u0142owe, rugged tablet, komputer przemys\u0142owy, tablet wytrzyma\u0142y, sprz\u0119t dla przemys\u0142u, tablet z Windows, tablet IP67, laptop dla magazynu, elektronika przemys\u0142owa, komputery przemys\u0142owe, oio.pl, sprz\u0119t dla logistyki, tablet do pracy w terenie, monitor dotykowy przemys\u0142owy\",\"publisher\":{\"@id\":\"https:\\\/\\\/www.oio.pl\\\/#organization\"},\"alternateName\":\"Sklep internetowy dla przemys\u0142u\",\"potentialAction\":[{\"@type\":\"SearchAction\",\"target\":{\"@type\":\"EntryPoint\",\"urlTemplate\":\"https:\\\/\\\/www.oio.pl\\\/?s={search_term_string}\"},\"query-input\":{\"@type\":\"PropertyValueSpecification\",\"valueRequired\":true,\"valueName\":\"search_term_string\"}}],\"inLanguage\":\"en-US\"},{\"@type\":\"Organization\",\"@id\":\"https:\\\/\\\/www.oio.pl\\\/#organization\",\"name\":\"OIO\",\"alternateName\":\"Sprz\u0119t komputerowy\",\"url\":\"https:\\\/\\\/www.oio.pl\\\/\",\"logo\":{\"@type\":\"ImageObject\",\"inLanguage\":\"en-US\",\"@id\":\"https:\\\/\\\/www.oio.pl\\\/#\\\/schema\\\/logo\\\/image\\\/\",\"url\":\"https:\\\/\\\/www.oio.pl\\\/wp-content\\\/uploads\\\/2023\\\/11\\\/cropped-cropped-oio_120x120.jpg\",\"contentUrl\":\"https:\\\/\\\/www.oio.pl\\\/wp-content\\\/uploads\\\/2023\\\/11\\\/cropped-cropped-oio_120x120.jpg\",\"width\":120,\"height\":48,\"caption\":\"OIO\"},\"image\":{\"@id\":\"https:\\\/\\\/www.oio.pl\\\/#\\\/schema\\\/logo\\\/image\\\/\"},\"sameAs\":[\"https:\\\/\\\/www.facebook.com\\\/oiopl\"]}]}<\/script>\n<!-- \/ Yoast SEO plugin. -->","yoast_head_json":{"title":"Laser Engraver - 7W Laser - Standalone with screen - Mini PC, Computers, Laptops, Translators","robots":{"index":"index","follow":"follow","max-snippet":"max-snippet:-1","max-image-preview":"max-image-preview:large","max-video-preview":"max-video-preview:-1"},"canonical":"https:\/\/www.oio.pl\/en\/product\/laser-plotter-laser-engraver-with-a-power-of-3000-mw-stand-alone\/","og_locale":"en_US","og_type":"article","og_title":"Ploter laserowy Grawer - Laser o mocy 7W - Samodzielny z ekranem - Mini PC, Komputery, Laptopy, Translatory","og_description":"Unikalny ploter laserowy nowej generacji &#8211; maszyna do grawerowania &#8211; z mikrokomputerem i ekranem do pracy offline w jednym. Ten model pozwala grawerowa\u0107 na dwa sposoby: prosto z pendrive bez u\u017cycia komputera, oraz zwyczajnie, czyli przy u\u017cyciu portu USB po pod\u0142\u0105czeniu do komputera\/laptopa Grawer ten jest nowoczesnym po\u0142\u0105czeniem technologii laserowej oraz drukarki. W zale\u017cno\u015bci od [&hellip;]","og_url":"https:\/\/www.oio.pl\/en\/product\/laser-plotter-laser-engraver-with-a-power-of-3000-mw-stand-alone\/","og_site_name":"Mini PC, Komputery, Laptopy, Translatory","article_publisher":"https:\/\/www.facebook.com\/oiopl","article_modified_time":"2025-07-09T07:36:51+00:00","og_image":[{"width":1000,"height":666,"url":"https:\/\/www.oio.pl\/wp-content\/uploads\/2019\/09\/Grawer_ekran_1.jpg","type":"image\/jpeg"}],"twitter_card":"summary_large_image","twitter_misc":{"Est. reading time":"1 minute"},"schema":{"@context":"https:\/\/schema.org","@graph":[{"@type":"WebPage","@id":"https:\/\/www.oio.pl\/product\/ploter-laserowy-grawer-laser-o-mocy-3000mw-samodzielny\/","url":"https:\/\/www.oio.pl\/product\/ploter-laserowy-grawer-laser-o-mocy-3000mw-samodzielny\/","name":"Laser Engraver - 7W Laser - Standalone with screen - Mini PC, Computers, Laptops, Translators","isPartOf":{"@id":"https:\/\/www.oio.pl\/#website"},"primaryImageOfPage":{"@id":"https:\/\/www.oio.pl\/product\/ploter-laserowy-grawer-laser-o-mocy-3000mw-samodzielny\/#primaryimage"},"image":{"@id":"https:\/\/www.oio.pl\/product\/ploter-laserowy-grawer-laser-o-mocy-3000mw-samodzielny\/#primaryimage"},"thumbnailUrl":"https:\/\/www.oio.pl\/wp-content\/uploads\/2019\/09\/Grawer_ekran_1.jpg","datePublished":"2019-09-22T12:14:44+00:00","dateModified":"2025-07-09T07:36:51+00:00","breadcrumb":{"@id":"https:\/\/www.oio.pl\/product\/ploter-laserowy-grawer-laser-o-mocy-3000mw-samodzielny\/#breadcrumb"},"inLanguage":"en-US","potentialAction":[{"@type":"ReadAction","target":["https:\/\/www.oio.pl\/product\/ploter-laserowy-grawer-laser-o-mocy-3000mw-samodzielny\/"]}]},{"@type":"ImageObject","inLanguage":"en-US","@id":"https:\/\/www.oio.pl\/product\/ploter-laserowy-grawer-laser-o-mocy-3000mw-samodzielny\/#primaryimage","url":"https:\/\/www.oio.pl\/wp-content\/uploads\/2019\/09\/Grawer_ekran_1.jpg","contentUrl":"https:\/\/www.oio.pl\/wp-content\/uploads\/2019\/09\/Grawer_ekran_1.jpg","width":1000,"height":666},{"@type":"BreadcrumbList","@id":"https:\/\/www.oio.pl\/product\/ploter-laserowy-grawer-laser-o-mocy-3000mw-samodzielny\/#breadcrumb","itemListElement":[{"@type":"ListItem","position":1,"name":"Strona g\u0142\u00f3wna","item":"https:\/\/www.oio.pl\/"},{"@type":"ListItem","position":2,"name":"Produkty","item":"https:\/\/www.oio.pl\/"},{"@type":"ListItem","position":3,"name":"Ploter laserowy Grawer &#8211; Laser o mocy 7W &#8211; Samodzielny z ekranem"}]},{"@type":"WebSite","@id":"https:\/\/www.oio.pl\/#website","url":"https:\/\/www.oio.pl\/","name":"OIO.pl \u2013 Industrial tablets, IT equipment for industry and logistics","description":"industrial tablets, rugged tablet, industrial computer, durable tablet, equipment for industry, Windows tablet, IP67 tablet, warehouse laptop, industrial electronics, industrial computers, oio.pl, logistics equipment, field work tablet, industrial touch monitor","publisher":{"@id":"https:\/\/www.oio.pl\/#organization"},"alternateName":"Sklep internetowy dla przemys\u0142u","potentialAction":[{"@type":"SearchAction","target":{"@type":"EntryPoint","urlTemplate":"https:\/\/www.oio.pl\/?s={search_term_string}"},"query-input":{"@type":"PropertyValueSpecification","valueRequired":true,"valueName":"search_term_string"}}],"inLanguage":"en-US"},{"@type":"Organization","@id":"https:\/\/www.oio.pl\/#organization","name":"OIO","alternateName":"Sprz\u0119t komputerowy","url":"https:\/\/www.oio.pl\/","logo":{"@type":"ImageObject","inLanguage":"en-US","@id":"https:\/\/www.oio.pl\/#\/schema\/logo\/image\/","url":"https:\/\/www.oio.pl\/wp-content\/uploads\/2023\/11\/cropped-cropped-oio_120x120.jpg","contentUrl":"https:\/\/www.oio.pl\/wp-content\/uploads\/2023\/11\/cropped-cropped-oio_120x120.jpg","width":120,"height":48,"caption":"OIO"},"image":{"@id":"https:\/\/www.oio.pl\/#\/schema\/logo\/image\/"},"sameAs":["https:\/\/www.facebook.com\/oiopl"]}]}},"_links":{"self":[{"href":"https:\/\/www.oio.pl\/en\/wp-json\/wp\/v2\/product\/1057","targetHints":{"allow":["GET"]}}],"collection":[{"href":"https:\/\/www.oio.pl\/en\/wp-json\/wp\/v2\/product"}],"about":[{"href":"https:\/\/www.oio.pl\/en\/wp-json\/wp\/v2\/types\/product"}],"replies":[{"embeddable":true,"href":"https:\/\/www.oio.pl\/en\/wp-json\/wp\/v2\/comments?post=1057"}],"wp:featuredmedia":[{"embeddable":true,"href":"https:\/\/www.oio.pl\/en\/wp-json\/wp\/v2\/media\/1066"}],"wp:attachment":[{"href":"https:\/\/www.oio.pl\/en\/wp-json\/wp\/v2\/media?parent=1057"}],"wp:term":[{"taxonomy":"product_brand","embeddable":true,"href":"https:\/\/www.oio.pl\/en\/wp-json\/wp\/v2\/product_brand?post=1057"},{"taxonomy":"product_cat","embeddable":true,"href":"https:\/\/www.oio.pl\/en\/wp-json\/wp\/v2\/product_cat?post=1057"},{"taxonomy":"product_tag","embeddable":true,"href":"https:\/\/www.oio.pl\/en\/wp-json\/wp\/v2\/product_tag?post=1057"}],"curies":[{"name":"wp","href":"https:\/\/api.w.org\/{rel}","templated":true}]}}