{"id":1448,"date":"2020-11-29T09:00:25","date_gmt":"2020-11-29T08:00:25","guid":{"rendered":"https:\/\/www.oio.pl\/?post_type=product&#038;p=1448"},"modified":"2024-05-16T07:58:24","modified_gmt":"2024-05-16T05:58:24","slug":"rotator-module-for-a-rotary-laser-plotter","status":"publish","type":"product","link":"https:\/\/www.oio.pl\/en\/product\/modul-rotator-do-plotera-laserowego-obrotowy\/","title":{"rendered":"Module \u2013 rotator for a laser plotter \u2013 rotary"},"content":{"rendered":"<div class=\"_1voj4 _z9prt _1xzdi _ai5yc _5d6n2 _15lj1\">\n<div class=\"_2d49e_5pK0q\">\n<p>Professional rotator for lasers, the lightweight design of the device makes it easier to tinker, learn and have fun. This model allows you to rotate objects with a diameter greater than 45 mm and a length of 190 mm. The module can be used for most devices - laser engravers. Motor control is the same as in the Y axis.<\/p>\n<div class=\"_1voj4 _z9prt _1xzdi _ai5yc _5d6n2 _15lj1\">\n<div class=\"_2d49e_5pK0q\">\n<p>The design ensures synchronization between the rollers and allows good positioning of the item. The entire unit is mounted on bearings and allows the device to be used in professional applications. The set includes a new module and a connection cable to the controller.<\/p>\n<\/div>\n<\/div>\n<\/div>\n<\/div>","protected":false},"excerpt":{"rendered":"<p>Profesjonalny rotator do laser\u00f3w, lekka konstrukcja urz\u0105dzenia u\u0142atwia majsterkowanie, nauk\u0119 i zabaw\u0119. Ten model pozwala obraca\u0107 przedmioty \u015brednicy wi\u0119kszej od 45mm oraz d\u0142ugo\u015bci 190mm. Modu\u0142 mo\u017cna zastosowa\u0107 do wi\u0119kszo\u015bci urz\u0105dze\u0144 &#8211; grawer\u00f3w laserowych. Sterowanie silnikiem jest takie same jak w osi Y. Konstrukcja zapewnia synchronizacj\u0119 pomi\u0119dzy rolkami i umo\u017cliwia dobre pozycjonowanie przedmiotu. Ca\u0142o\u015b\u0107 osadzona na [&hellip;]<\/p>\n","protected":false},"featured_media":1457,"comment_status":"closed","ping_status":"closed","template":"","meta":[],"product_brand":[],"product_cat":[25],"product_tag":[3098,3106,94,44,41,3095,3088,3091,3105,42,3087,3093,3104,3096,3090,3086,3092,3099,3102,3094,3101,3097,3089,3100,3107,3108,3103],"class_list":{"0":"post-1448","1":"product","2":"type-product","3":"status-publish","4":"has-post-thumbnail","6":"product_cat-laser-grawer","7":"product_tag-atms-ploter-laserowy-co2","8":"product_tag-cnc-ploter","9":"product_tag-drukarka-laserowa","10":"product_tag-drukarka-z-laserem","11":"product_tag-grawer","12":"product_tag-grawer-laserem","13":"product_tag-grawer-laserowy","14":"product_tag-grawer-laserowy-cnc","15":"product_tag-grawer-mdf","16":"product_tag-grawerka","17":"product_tag-grawerka-laserowa","18":"product_tag-loter-laserowy","19":"product_tag-najlepsza-grawerka-laserowa","20":"product_tag-ploter","21":"product_tag-ploter-co2","22":"product_tag-ploter-laserowy","23":"product_tag-ploter-laserowy-co2","24":"product_tag-ploter-laserowy-do-pieczatek","25":"product_tag-ploter-laserowy-do-robienia-pieczatek","26":"product_tag-ploter-laserowy-venus","27":"product_tag-ploter-laserowy-z-tuba-szklana","28":"product_tag-ploter-lasrowy","29":"product_tag-plotery-laserowe","30":"product_tag-plotery-laserowe-co2","31":"product_tag-plotter","32":"product_tag-smart-grawer","33":"product_tag-tania-grawerka-laserowa","35":"first","36":"instock","37":"taxable","38":"shipping-taxable","39":"purchasable","40":"product-type-simple","41":"czr-hentry"},"yoast_head":"<!-- This site is optimized with the Yoast SEO plugin v27.4 - https:\/\/yoast.com\/product\/yoast-seo-wordpress\/ -->\n<title>Modu\u0142 - rotator do plotera laserowego - obrotowy - Mini PC, Komputery, Laptopy, Translatory<\/title>\n<meta name=\"robots\" content=\"index, follow, max-snippet:-1, max-image-preview:large, max-video-preview:-1\" \/>\n<link rel=\"canonical\" href=\"https:\/\/www.oio.pl\/en\/product\/rotator-module-for-a-rotary-laser-plotter\/\" \/>\n<meta property=\"og:locale\" content=\"en_US\" \/>\n<meta property=\"og:type\" content=\"article\" \/>\n<meta property=\"og:title\" content=\"Modu\u0142 - rotator do plotera laserowego - obrotowy - Mini PC, Komputery, Laptopy, Translatory\" \/>\n<meta property=\"og:description\" content=\"Profesjonalny rotator do laser\u00f3w, lekka konstrukcja urz\u0105dzenia u\u0142atwia majsterkowanie, nauk\u0119 i zabaw\u0119. Ten model pozwala obraca\u0107 przedmioty \u015brednicy wi\u0119kszej od 45mm oraz d\u0142ugo\u015bci 190mm. Modu\u0142 mo\u017cna zastosowa\u0107 do wi\u0119kszo\u015bci urz\u0105dze\u0144 &#8211; grawer\u00f3w laserowych. Sterowanie silnikiem jest takie same jak w osi Y. Konstrukcja zapewnia synchronizacj\u0119 pomi\u0119dzy rolkami i umo\u017cliwia dobre pozycjonowanie przedmiotu. Ca\u0142o\u015b\u0107 osadzona na [&hellip;]\" \/>\n<meta property=\"og:url\" content=\"https:\/\/www.oio.pl\/en\/product\/rotator-module-for-a-rotary-laser-plotter\/\" \/>\n<meta property=\"og:site_name\" content=\"Mini PC, Komputery, Laptopy, Translatory\" \/>\n<meta property=\"article:publisher\" content=\"https:\/\/www.facebook.com\/oiopl\" \/>\n<meta property=\"article:modified_time\" content=\"2024-05-16T05:58:24+00:00\" \/>\n<meta property=\"og:image\" content=\"https:\/\/www.oio.pl\/wp-content\/uploads\/2020\/11\/Rotator_11.jpg\" \/>\n\t<meta property=\"og:image:width\" content=\"933\" \/>\n\t<meta property=\"og:image:height\" content=\"923\" \/>\n\t<meta property=\"og:image:type\" content=\"image\/jpeg\" \/>\n<meta name=\"twitter:card\" content=\"summary_large_image\" \/>\n<script type=\"application\/ld+json\" class=\"yoast-schema-graph\">{\"@context\":\"https:\\\/\\\/schema.org\",\"@graph\":[{\"@type\":\"WebPage\",\"@id\":\"https:\\\/\\\/www.oio.pl\\\/product\\\/modul-rotator-do-plotera-laserowego-obrotowy\\\/\",\"url\":\"https:\\\/\\\/www.oio.pl\\\/product\\\/modul-rotator-do-plotera-laserowego-obrotowy\\\/\",\"name\":\"Modu\u0142 - rotator do plotera laserowego - obrotowy - Mini PC, Komputery, Laptopy, Translatory\",\"isPartOf\":{\"@id\":\"https:\\\/\\\/www.oio.pl\\\/#website\"},\"primaryImageOfPage\":{\"@id\":\"https:\\\/\\\/www.oio.pl\\\/product\\\/modul-rotator-do-plotera-laserowego-obrotowy\\\/#primaryimage\"},\"image\":{\"@id\":\"https:\\\/\\\/www.oio.pl\\\/product\\\/modul-rotator-do-plotera-laserowego-obrotowy\\\/#primaryimage\"},\"thumbnailUrl\":\"https:\\\/\\\/www.oio.pl\\\/wp-content\\\/uploads\\\/2020\\\/11\\\/Rotator_11.jpg\",\"datePublished\":\"2020-11-29T08:00:25+00:00\",\"dateModified\":\"2024-05-16T05:58:24+00:00\",\"breadcrumb\":{\"@id\":\"https:\\\/\\\/www.oio.pl\\\/product\\\/modul-rotator-do-plotera-laserowego-obrotowy\\\/#breadcrumb\"},\"inLanguage\":\"en-US\",\"potentialAction\":[{\"@type\":\"ReadAction\",\"target\":[\"https:\\\/\\\/www.oio.pl\\\/product\\\/modul-rotator-do-plotera-laserowego-obrotowy\\\/\"]}]},{\"@type\":\"ImageObject\",\"inLanguage\":\"en-US\",\"@id\":\"https:\\\/\\\/www.oio.pl\\\/product\\\/modul-rotator-do-plotera-laserowego-obrotowy\\\/#primaryimage\",\"url\":\"https:\\\/\\\/www.oio.pl\\\/wp-content\\\/uploads\\\/2020\\\/11\\\/Rotator_11.jpg\",\"contentUrl\":\"https:\\\/\\\/www.oio.pl\\\/wp-content\\\/uploads\\\/2020\\\/11\\\/Rotator_11.jpg\",\"width\":933,\"height\":923},{\"@type\":\"BreadcrumbList\",\"@id\":\"https:\\\/\\\/www.oio.pl\\\/product\\\/modul-rotator-do-plotera-laserowego-obrotowy\\\/#breadcrumb\",\"itemListElement\":[{\"@type\":\"ListItem\",\"position\":1,\"name\":\"Strona g\u0142\u00f3wna\",\"item\":\"https:\\\/\\\/www.oio.pl\\\/\"},{\"@type\":\"ListItem\",\"position\":2,\"name\":\"Produkty\",\"item\":\"https:\\\/\\\/www.oio.pl\\\/\"},{\"@type\":\"ListItem\",\"position\":3,\"name\":\"Modu\u0142 &#8211; rotator do plotera laserowego &#8211; obrotowy\"}]},{\"@type\":\"WebSite\",\"@id\":\"https:\\\/\\\/www.oio.pl\\\/#website\",\"url\":\"https:\\\/\\\/www.oio.pl\\\/\",\"name\":\"OIO.pl \u2013 Tablety przemys\u0142owe, sprz\u0119t IT dla przemys\u0142u i logistyki\",\"description\":\"tablety przemys\u0142owe, rugged tablet, komputer przemys\u0142owy, tablet wytrzyma\u0142y, sprz\u0119t dla przemys\u0142u, tablet z Windows, tablet IP67, laptop dla magazynu, elektronika przemys\u0142owa, komputery przemys\u0142owe, oio.pl, sprz\u0119t dla logistyki, tablet do pracy w terenie, monitor dotykowy przemys\u0142owy\",\"publisher\":{\"@id\":\"https:\\\/\\\/www.oio.pl\\\/#organization\"},\"alternateName\":\"Sklep internetowy dla przemys\u0142u\",\"potentialAction\":[{\"@type\":\"SearchAction\",\"target\":{\"@type\":\"EntryPoint\",\"urlTemplate\":\"https:\\\/\\\/www.oio.pl\\\/?s={search_term_string}\"},\"query-input\":{\"@type\":\"PropertyValueSpecification\",\"valueRequired\":true,\"valueName\":\"search_term_string\"}}],\"inLanguage\":\"en-US\"},{\"@type\":\"Organization\",\"@id\":\"https:\\\/\\\/www.oio.pl\\\/#organization\",\"name\":\"OIO\",\"alternateName\":\"Sprz\u0119t komputerowy\",\"url\":\"https:\\\/\\\/www.oio.pl\\\/\",\"logo\":{\"@type\":\"ImageObject\",\"inLanguage\":\"en-US\",\"@id\":\"https:\\\/\\\/www.oio.pl\\\/#\\\/schema\\\/logo\\\/image\\\/\",\"url\":\"https:\\\/\\\/www.oio.pl\\\/wp-content\\\/uploads\\\/2023\\\/11\\\/cropped-cropped-oio_120x120.jpg\",\"contentUrl\":\"https:\\\/\\\/www.oio.pl\\\/wp-content\\\/uploads\\\/2023\\\/11\\\/cropped-cropped-oio_120x120.jpg\",\"width\":120,\"height\":48,\"caption\":\"OIO\"},\"image\":{\"@id\":\"https:\\\/\\\/www.oio.pl\\\/#\\\/schema\\\/logo\\\/image\\\/\"},\"sameAs\":[\"https:\\\/\\\/www.facebook.com\\\/oiopl\"]}]}<\/script>\n<!-- \/ Yoast SEO plugin. -->","yoast_head_json":{"title":"Module - rotator for laser plotter - rotary - Mini PC, Computers, Laptops, Translators","robots":{"index":"index","follow":"follow","max-snippet":"max-snippet:-1","max-image-preview":"max-image-preview:large","max-video-preview":"max-video-preview:-1"},"canonical":"https:\/\/www.oio.pl\/en\/product\/rotator-module-for-a-rotary-laser-plotter\/","og_locale":"en_US","og_type":"article","og_title":"Modu\u0142 - rotator do plotera laserowego - obrotowy - Mini PC, Komputery, Laptopy, Translatory","og_description":"Profesjonalny rotator do laser\u00f3w, lekka konstrukcja urz\u0105dzenia u\u0142atwia majsterkowanie, nauk\u0119 i zabaw\u0119. Ten model pozwala obraca\u0107 przedmioty \u015brednicy wi\u0119kszej od 45mm oraz d\u0142ugo\u015bci 190mm. Modu\u0142 mo\u017cna zastosowa\u0107 do wi\u0119kszo\u015bci urz\u0105dze\u0144 &#8211; grawer\u00f3w laserowych. Sterowanie silnikiem jest takie same jak w osi Y. Konstrukcja zapewnia synchronizacj\u0119 pomi\u0119dzy rolkami i umo\u017cliwia dobre pozycjonowanie przedmiotu. Ca\u0142o\u015b\u0107 osadzona na [&hellip;]","og_url":"https:\/\/www.oio.pl\/en\/product\/rotator-module-for-a-rotary-laser-plotter\/","og_site_name":"Mini PC, Komputery, Laptopy, Translatory","article_publisher":"https:\/\/www.facebook.com\/oiopl","article_modified_time":"2024-05-16T05:58:24+00:00","og_image":[{"width":933,"height":923,"url":"https:\/\/www.oio.pl\/wp-content\/uploads\/2020\/11\/Rotator_11.jpg","type":"image\/jpeg"}],"twitter_card":"summary_large_image","schema":{"@context":"https:\/\/schema.org","@graph":[{"@type":"WebPage","@id":"https:\/\/www.oio.pl\/product\/modul-rotator-do-plotera-laserowego-obrotowy\/","url":"https:\/\/www.oio.pl\/product\/modul-rotator-do-plotera-laserowego-obrotowy\/","name":"Module - rotator for laser plotter - rotary - Mini PC, Computers, Laptops, Translators","isPartOf":{"@id":"https:\/\/www.oio.pl\/#website"},"primaryImageOfPage":{"@id":"https:\/\/www.oio.pl\/product\/modul-rotator-do-plotera-laserowego-obrotowy\/#primaryimage"},"image":{"@id":"https:\/\/www.oio.pl\/product\/modul-rotator-do-plotera-laserowego-obrotowy\/#primaryimage"},"thumbnailUrl":"https:\/\/www.oio.pl\/wp-content\/uploads\/2020\/11\/Rotator_11.jpg","datePublished":"2020-11-29T08:00:25+00:00","dateModified":"2024-05-16T05:58:24+00:00","breadcrumb":{"@id":"https:\/\/www.oio.pl\/product\/modul-rotator-do-plotera-laserowego-obrotowy\/#breadcrumb"},"inLanguage":"en-US","potentialAction":[{"@type":"ReadAction","target":["https:\/\/www.oio.pl\/product\/modul-rotator-do-plotera-laserowego-obrotowy\/"]}]},{"@type":"ImageObject","inLanguage":"en-US","@id":"https:\/\/www.oio.pl\/product\/modul-rotator-do-plotera-laserowego-obrotowy\/#primaryimage","url":"https:\/\/www.oio.pl\/wp-content\/uploads\/2020\/11\/Rotator_11.jpg","contentUrl":"https:\/\/www.oio.pl\/wp-content\/uploads\/2020\/11\/Rotator_11.jpg","width":933,"height":923},{"@type":"BreadcrumbList","@id":"https:\/\/www.oio.pl\/product\/modul-rotator-do-plotera-laserowego-obrotowy\/#breadcrumb","itemListElement":[{"@type":"ListItem","position":1,"name":"Strona g\u0142\u00f3wna","item":"https:\/\/www.oio.pl\/"},{"@type":"ListItem","position":2,"name":"Produkty","item":"https:\/\/www.oio.pl\/"},{"@type":"ListItem","position":3,"name":"Modu\u0142 &#8211; rotator do plotera laserowego &#8211; obrotowy"}]},{"@type":"WebSite","@id":"https:\/\/www.oio.pl\/#website","url":"https:\/\/www.oio.pl\/","name":"OIO.pl \u2013 Industrial tablets, IT equipment for industry and logistics","description":"industrial tablets, rugged tablet, industrial computer, durable tablet, equipment for industry, Windows tablet, IP67 tablet, warehouse laptop, industrial electronics, industrial computers, oio.pl, logistics equipment, field work tablet, industrial touch monitor","publisher":{"@id":"https:\/\/www.oio.pl\/#organization"},"alternateName":"Sklep internetowy dla przemys\u0142u","potentialAction":[{"@type":"SearchAction","target":{"@type":"EntryPoint","urlTemplate":"https:\/\/www.oio.pl\/?s={search_term_string}"},"query-input":{"@type":"PropertyValueSpecification","valueRequired":true,"valueName":"search_term_string"}}],"inLanguage":"en-US"},{"@type":"Organization","@id":"https:\/\/www.oio.pl\/#organization","name":"OIO","alternateName":"Sprz\u0119t komputerowy","url":"https:\/\/www.oio.pl\/","logo":{"@type":"ImageObject","inLanguage":"en-US","@id":"https:\/\/www.oio.pl\/#\/schema\/logo\/image\/","url":"https:\/\/www.oio.pl\/wp-content\/uploads\/2023\/11\/cropped-cropped-oio_120x120.jpg","contentUrl":"https:\/\/www.oio.pl\/wp-content\/uploads\/2023\/11\/cropped-cropped-oio_120x120.jpg","width":120,"height":48,"caption":"OIO"},"image":{"@id":"https:\/\/www.oio.pl\/#\/schema\/logo\/image\/"},"sameAs":["https:\/\/www.facebook.com\/oiopl"]}]}},"_links":{"self":[{"href":"https:\/\/www.oio.pl\/en\/wp-json\/wp\/v2\/product\/1448","targetHints":{"allow":["GET"]}}],"collection":[{"href":"https:\/\/www.oio.pl\/en\/wp-json\/wp\/v2\/product"}],"about":[{"href":"https:\/\/www.oio.pl\/en\/wp-json\/wp\/v2\/types\/product"}],"replies":[{"embeddable":true,"href":"https:\/\/www.oio.pl\/en\/wp-json\/wp\/v2\/comments?post=1448"}],"wp:featuredmedia":[{"embeddable":true,"href":"https:\/\/www.oio.pl\/en\/wp-json\/wp\/v2\/media\/1457"}],"wp:attachment":[{"href":"https:\/\/www.oio.pl\/en\/wp-json\/wp\/v2\/media?parent=1448"}],"wp:term":[{"taxonomy":"product_brand","embeddable":true,"href":"https:\/\/www.oio.pl\/en\/wp-json\/wp\/v2\/product_brand?post=1448"},{"taxonomy":"product_cat","embeddable":true,"href":"https:\/\/www.oio.pl\/en\/wp-json\/wp\/v2\/product_cat?post=1448"},{"taxonomy":"product_tag","embeddable":true,"href":"https:\/\/www.oio.pl\/en\/wp-json\/wp\/v2\/product_tag?post=1448"}],"curies":[{"name":"wp","href":"https:\/\/api.w.org\/{rel}","templated":true}]}}