{"id":1526,"date":"2020-12-09T06:54:52","date_gmt":"2020-12-09T05:54:52","guid":{"rendered":"https:\/\/www.oio.pl\/?post_type=product&#038;p=1526"},"modified":"2024-05-16T06:02:39","modified_gmt":"2024-05-16T04:02:39","slug":"industrial-computer-chipol-hk248-i3-5005u-2-32gb-6rs232","status":"publish","type":"product","link":"https:\/\/www.oio.pl\/en\/product\/komputer-przemyslowy-chipol-hk248-i3-5005u-2-32gb-6rs232\/","title":{"rendered":"Chipol HK648 Intel i3 industrial computer \u2013 6x RS232 + 2x LAN"},"content":{"rendered":"<p><b>A computer designed for special tasks, the metal casing allows it to work at full power using passive cooling.<\/b><\/p>\n<p>The Chipol HK648 industrial mini PC is an ideal option for working at full speed in Linux and Windows. The design of the device ensures efficient and failure-free use even 24 hours a day. The lack of active cooling elements allows you to enjoy working in silence. The Chipol HK648 microcomputer enables work in difficult conditions without generating any additional noise or sound.<\/p>\n<p>Chipol HK648 has all the necessary inputs\/outputs, including: USB 3.0 and HDMI, VGA, two 1000 LAN RJ45 ports and six RS232 ports.<\/p>\n<p>A proven cooling system is used here, based solely on solid elements, mainly radiators. The metal casing provides lasting protection and perfectly dissipates heat. This system uses the phenomenon of metals giving off thermal energy to the environment - there are no additional moving elements, such as fans. This solution ensures silent operation, lower failure rates due to the lack of forced air circulation, while reducing the amount of energy consumed.<\/p>\n<p>The Mini PC communicates using two LAN 100\/1000 network cards (optional wireless WiFi 2.4GHz and\u00a0<b>5.8GHz<\/b> 802.11 b\/g\/n). The number of available options further expands the possibilities of expanding and using the device. The device has five USB ports, including two USB 3.0 and two 2.0. Another important element is the ability to work in a large temperature range, from -20\u00b0C to 75\u00b0C. The 12 V power supply allows this model to be used throughout the entire IT structure.<\/p>\n<h4>Computer specifications:<\/h4>\n<ul>\n<li>Model number: HK648-232<\/li>\n<li>Operating system: Windows 7, 8.1, 10, Linux<\/li>\n<li>Processor model: Intel Core i3-5005U<\/li>\n<li>Graphics card: Intel HD Graphics 5500<\/li>\n<li>Base frequency: 2.00 GHz<\/li>\n<li>Computer memory:\u00a0<b>2GB DDR3L<\/b>\u00a0(max. 8GB)<\/li>\n<li>Hard drive:\u00a0<b>SSD 32GB<\/b><\/li>\n<li>USB ports: 2 * USB 3.0, 2 * USB 2.0,<\/li>\n<li>6*RS232 ports,<\/li>\n<li>2x Realtek GbE 10\/100\/1000 network card<\/li>\n<li>Sound card: Realtek HD Audio<\/li>\n<li>Other ports: VGA dSub, HDMI, , microphone,<\/li>\n<li>Usage: industry, server, trade,<\/li>\n<li>Passive cooling<\/li>\n<li>Power supply: 12V 5A<\/li>\n<li>Black colour<\/li>\n<li>Weight: 1.35 kg<\/li>\n<\/ul>\n<p><strong>The basic configuration is 2\/32GB.<\/strong><\/p>\n<p>ADDITIONAL CHARGE FOR CONFIGURATION:<\/p>\n<p>RAM DDR3L 4GB \u2013 PLN 110, 8GB \u2013 PLN 170, 16GB \u2013 PLN 350<\/p>\n<p>SSD mSATA \u2013 64GB \u2013 PLN 90, 120GB \u2013 PLN 150, 240GB \u2013 PLN 250, 480GB \u2013 PLN 400, 1TB \u2013 PLN 800<\/p>\n<p>WiFi \u2013 PLN 100<\/p>","protected":false},"excerpt":{"rendered":"<p>Komputer przeznaczony do zada\u0144 specjalnych, metalowa obudowa pozwala pracowa\u0107 z pe\u0142n\u0105 moc\u0105 z wykorzystaniem pasywnego ch\u0142odzenia. Przemys\u0142owy mini PC Chipol HK648 jest idealn\u0105 opcj\u0105 do pracy z pe\u0142n\u0105 pr\u0119dko\u015bci\u0105 w systemie Linux oraz Windows. Konstrukcja urz\u0105dzenia zapewnia sprawne i bezawaryjne u\u017cytkowanie nawet 24 h na dob\u0119. Brak aktywnych element\u00f3w ch\u0142odz\u0105cych pozwala cieszy\u0107 si\u0119 prac\u0105 w [&hellip;]<\/p>\n","protected":false},"featured_media":1527,"comment_status":"closed","ping_status":"closed","template":"","meta":[],"product_brand":[],"product_cat":[97,115],"product_tag":[2531,3016,3017,3018,3027,1437,3020,3019,3015,3022,3025,3024,3029,3030,1345,3026,47,77,45,46,3028,3021,3033,3031,3032,3023],"class_list":{"0":"post-1526","1":"product","2":"type-product","3":"status-publish","4":"has-post-thumbnail","6":"product_cat-pc-przemyslowe","7":"product_cat-px-6xrs232","8":"product_tag-computer","9":"product_tag-computers","10":"product_tag-industrial","11":"product_tag-industrial-automation","12":"product_tag-industrial-automation-controllers","13":"product_tag-industrial-computer","14":"product_tag-industrial-computer-platform","15":"product_tag-industrial-computer-storage","16":"product_tag-industrial-computers","17":"product_tag-industrial-computing","18":"product_tag-industrial-edge","19":"product_tag-industrial-equipment-manufacturing","20":"product_tag-industrial-hardware","21":"product_tag-industrial-internet-of-things","22":"product_tag-industrial-pc","23":"product_tag-industrialpc","24":"product_tag-komputer","25":"product_tag-komputer-przemyslowy","26":"product_tag-mikrokomputer","27":"product_tag-mini-pc","28":"product_tag-retro-computer","29":"product_tag-retro-computers","30":"product_tag-simatic-industrial-pc","31":"product_tag-specialist-computers","32":"product_tag-vintage-computer","33":"product_tag-vintage-computers","35":"first","36":"instock","37":"taxable","38":"shipping-taxable","39":"purchasable","40":"product-type-simple","41":"czr-hentry"},"yoast_head":"<!-- This site is optimized with the Yoast SEO plugin v27.4 - https:\/\/yoast.com\/product\/yoast-seo-wordpress\/ -->\n<title>Komputer przemys\u0142owy Chipol HK648 Intel i3 - 6x RS232 + 2x LAN - Mini PC, Komputery, Laptopy, Translatory<\/title>\n<meta name=\"robots\" content=\"index, follow, max-snippet:-1, max-image-preview:large, max-video-preview:-1\" \/>\n<link rel=\"canonical\" href=\"https:\/\/www.oio.pl\/en\/product\/industrial-computer-chipol-hk248-i3-5005u-2-32gb-6rs232\/\" \/>\n<meta property=\"og:locale\" content=\"en_US\" \/>\n<meta property=\"og:type\" content=\"article\" \/>\n<meta property=\"og:title\" content=\"Komputer przemys\u0142owy Chipol HK648 Intel i3 - 6x RS232 + 2x LAN - Mini PC, Komputery, Laptopy, Translatory\" \/>\n<meta property=\"og:description\" content=\"Komputer przeznaczony do zada\u0144 specjalnych, metalowa obudowa pozwala pracowa\u0107 z pe\u0142n\u0105 moc\u0105 z wykorzystaniem pasywnego ch\u0142odzenia. Przemys\u0142owy mini PC Chipol HK648 jest idealn\u0105 opcj\u0105 do pracy z pe\u0142n\u0105 pr\u0119dko\u015bci\u0105 w systemie Linux oraz Windows. Konstrukcja urz\u0105dzenia zapewnia sprawne i bezawaryjne u\u017cytkowanie nawet 24 h na dob\u0119. Brak aktywnych element\u00f3w ch\u0142odz\u0105cych pozwala cieszy\u0107 si\u0119 prac\u0105 w [&hellip;]\" \/>\n<meta property=\"og:url\" content=\"https:\/\/www.oio.pl\/en\/product\/industrial-computer-chipol-hk248-i3-5005u-2-32gb-6rs232\/\" \/>\n<meta property=\"og:site_name\" content=\"Mini PC, Komputery, Laptopy, Translatory\" \/>\n<meta property=\"article:publisher\" content=\"https:\/\/www.facebook.com\/oiopl\" \/>\n<meta property=\"article:modified_time\" content=\"2024-05-16T04:02:39+00:00\" \/>\n<meta property=\"og:image\" content=\"https:\/\/www.oio.pl\/wp-content\/uploads\/2020\/12\/NK648.jpg\" \/>\n\t<meta property=\"og:image:width\" content=\"800\" \/>\n\t<meta property=\"og:image:height\" content=\"800\" \/>\n\t<meta property=\"og:image:type\" content=\"image\/jpeg\" \/>\n<meta name=\"twitter:card\" content=\"summary_large_image\" \/>\n<meta name=\"twitter:label1\" content=\"Est. reading time\" \/>\n\t<meta name=\"twitter:data1\" content=\"2 minutes\" \/>\n<script type=\"application\/ld+json\" class=\"yoast-schema-graph\">{\"@context\":\"https:\\\/\\\/schema.org\",\"@graph\":[{\"@type\":\"WebPage\",\"@id\":\"https:\\\/\\\/www.oio.pl\\\/product\\\/komputer-przemyslowy-chipol-hk248-i3-5005u-2-32gb-6rs232\\\/\",\"url\":\"https:\\\/\\\/www.oio.pl\\\/product\\\/komputer-przemyslowy-chipol-hk248-i3-5005u-2-32gb-6rs232\\\/\",\"name\":\"Komputer przemys\u0142owy Chipol HK648 Intel i3 - 6x RS232 + 2x LAN - Mini PC, Komputery, Laptopy, Translatory\",\"isPartOf\":{\"@id\":\"https:\\\/\\\/www.oio.pl\\\/#website\"},\"primaryImageOfPage\":{\"@id\":\"https:\\\/\\\/www.oio.pl\\\/product\\\/komputer-przemyslowy-chipol-hk248-i3-5005u-2-32gb-6rs232\\\/#primaryimage\"},\"image\":{\"@id\":\"https:\\\/\\\/www.oio.pl\\\/product\\\/komputer-przemyslowy-chipol-hk248-i3-5005u-2-32gb-6rs232\\\/#primaryimage\"},\"thumbnailUrl\":\"https:\\\/\\\/www.oio.pl\\\/wp-content\\\/uploads\\\/2020\\\/12\\\/NK648.jpg\",\"datePublished\":\"2020-12-09T05:54:52+00:00\",\"dateModified\":\"2024-05-16T04:02:39+00:00\",\"breadcrumb\":{\"@id\":\"https:\\\/\\\/www.oio.pl\\\/product\\\/komputer-przemyslowy-chipol-hk248-i3-5005u-2-32gb-6rs232\\\/#breadcrumb\"},\"inLanguage\":\"en-US\",\"potentialAction\":[{\"@type\":\"ReadAction\",\"target\":[\"https:\\\/\\\/www.oio.pl\\\/product\\\/komputer-przemyslowy-chipol-hk248-i3-5005u-2-32gb-6rs232\\\/\"]}]},{\"@type\":\"ImageObject\",\"inLanguage\":\"en-US\",\"@id\":\"https:\\\/\\\/www.oio.pl\\\/product\\\/komputer-przemyslowy-chipol-hk248-i3-5005u-2-32gb-6rs232\\\/#primaryimage\",\"url\":\"https:\\\/\\\/www.oio.pl\\\/wp-content\\\/uploads\\\/2020\\\/12\\\/NK648.jpg\",\"contentUrl\":\"https:\\\/\\\/www.oio.pl\\\/wp-content\\\/uploads\\\/2020\\\/12\\\/NK648.jpg\",\"width\":800,\"height\":800},{\"@type\":\"BreadcrumbList\",\"@id\":\"https:\\\/\\\/www.oio.pl\\\/product\\\/komputer-przemyslowy-chipol-hk248-i3-5005u-2-32gb-6rs232\\\/#breadcrumb\",\"itemListElement\":[{\"@type\":\"ListItem\",\"position\":1,\"name\":\"Strona g\u0142\u00f3wna\",\"item\":\"https:\\\/\\\/www.oio.pl\\\/\"},{\"@type\":\"ListItem\",\"position\":2,\"name\":\"Produkty\",\"item\":\"https:\\\/\\\/www.oio.pl\\\/\"},{\"@type\":\"ListItem\",\"position\":3,\"name\":\"Komputer przemys\u0142owy Chipol HK648 Intel i3 &#8211; 6x RS232 + 2x LAN\"}]},{\"@type\":\"WebSite\",\"@id\":\"https:\\\/\\\/www.oio.pl\\\/#website\",\"url\":\"https:\\\/\\\/www.oio.pl\\\/\",\"name\":\"OIO.pl \u2013 Tablety przemys\u0142owe, sprz\u0119t IT dla przemys\u0142u i logistyki\",\"description\":\"tablety przemys\u0142owe, rugged tablet, komputer przemys\u0142owy, tablet wytrzyma\u0142y, sprz\u0119t dla przemys\u0142u, tablet z Windows, tablet IP67, laptop dla magazynu, elektronika przemys\u0142owa, komputery przemys\u0142owe, oio.pl, sprz\u0119t dla logistyki, tablet do pracy w terenie, monitor dotykowy przemys\u0142owy\",\"publisher\":{\"@id\":\"https:\\\/\\\/www.oio.pl\\\/#organization\"},\"alternateName\":\"Sklep internetowy dla przemys\u0142u\",\"potentialAction\":[{\"@type\":\"SearchAction\",\"target\":{\"@type\":\"EntryPoint\",\"urlTemplate\":\"https:\\\/\\\/www.oio.pl\\\/?s={search_term_string}\"},\"query-input\":{\"@type\":\"PropertyValueSpecification\",\"valueRequired\":true,\"valueName\":\"search_term_string\"}}],\"inLanguage\":\"en-US\"},{\"@type\":\"Organization\",\"@id\":\"https:\\\/\\\/www.oio.pl\\\/#organization\",\"name\":\"OIO\",\"alternateName\":\"Sprz\u0119t komputerowy\",\"url\":\"https:\\\/\\\/www.oio.pl\\\/\",\"logo\":{\"@type\":\"ImageObject\",\"inLanguage\":\"en-US\",\"@id\":\"https:\\\/\\\/www.oio.pl\\\/#\\\/schema\\\/logo\\\/image\\\/\",\"url\":\"https:\\\/\\\/www.oio.pl\\\/wp-content\\\/uploads\\\/2023\\\/11\\\/cropped-cropped-oio_120x120.jpg\",\"contentUrl\":\"https:\\\/\\\/www.oio.pl\\\/wp-content\\\/uploads\\\/2023\\\/11\\\/cropped-cropped-oio_120x120.jpg\",\"width\":120,\"height\":48,\"caption\":\"OIO\"},\"image\":{\"@id\":\"https:\\\/\\\/www.oio.pl\\\/#\\\/schema\\\/logo\\\/image\\\/\"},\"sameAs\":[\"https:\\\/\\\/www.facebook.com\\\/oiopl\"]}]}<\/script>\n<!-- \/ Yoast SEO plugin. -->","yoast_head_json":{"title":"Chipol HK648 Intel i3 Industrial Computer - 6x RS232 + 2x LAN - Mini PC, Computers, Laptops, Translators","robots":{"index":"index","follow":"follow","max-snippet":"max-snippet:-1","max-image-preview":"max-image-preview:large","max-video-preview":"max-video-preview:-1"},"canonical":"https:\/\/www.oio.pl\/en\/product\/industrial-computer-chipol-hk248-i3-5005u-2-32gb-6rs232\/","og_locale":"en_US","og_type":"article","og_title":"Komputer przemys\u0142owy Chipol HK648 Intel i3 - 6x RS232 + 2x LAN - Mini PC, Komputery, Laptopy, Translatory","og_description":"Komputer przeznaczony do zada\u0144 specjalnych, metalowa obudowa pozwala pracowa\u0107 z pe\u0142n\u0105 moc\u0105 z wykorzystaniem pasywnego ch\u0142odzenia. Przemys\u0142owy mini PC Chipol HK648 jest idealn\u0105 opcj\u0105 do pracy z pe\u0142n\u0105 pr\u0119dko\u015bci\u0105 w systemie Linux oraz Windows. Konstrukcja urz\u0105dzenia zapewnia sprawne i bezawaryjne u\u017cytkowanie nawet 24 h na dob\u0119. Brak aktywnych element\u00f3w ch\u0142odz\u0105cych pozwala cieszy\u0107 si\u0119 prac\u0105 w [&hellip;]","og_url":"https:\/\/www.oio.pl\/en\/product\/industrial-computer-chipol-hk248-i3-5005u-2-32gb-6rs232\/","og_site_name":"Mini PC, Komputery, Laptopy, Translatory","article_publisher":"https:\/\/www.facebook.com\/oiopl","article_modified_time":"2024-05-16T04:02:39+00:00","og_image":[{"width":800,"height":800,"url":"https:\/\/www.oio.pl\/wp-content\/uploads\/2020\/12\/NK648.jpg","type":"image\/jpeg"}],"twitter_card":"summary_large_image","twitter_misc":{"Est. reading time":"2 minutes"},"schema":{"@context":"https:\/\/schema.org","@graph":[{"@type":"WebPage","@id":"https:\/\/www.oio.pl\/product\/komputer-przemyslowy-chipol-hk248-i3-5005u-2-32gb-6rs232\/","url":"https:\/\/www.oio.pl\/product\/komputer-przemyslowy-chipol-hk248-i3-5005u-2-32gb-6rs232\/","name":"Chipol HK648 Intel i3 Industrial Computer - 6x RS232 + 2x LAN - Mini PC, Computers, Laptops, Translators","isPartOf":{"@id":"https:\/\/www.oio.pl\/#website"},"primaryImageOfPage":{"@id":"https:\/\/www.oio.pl\/product\/komputer-przemyslowy-chipol-hk248-i3-5005u-2-32gb-6rs232\/#primaryimage"},"image":{"@id":"https:\/\/www.oio.pl\/product\/komputer-przemyslowy-chipol-hk248-i3-5005u-2-32gb-6rs232\/#primaryimage"},"thumbnailUrl":"https:\/\/www.oio.pl\/wp-content\/uploads\/2020\/12\/NK648.jpg","datePublished":"2020-12-09T05:54:52+00:00","dateModified":"2024-05-16T04:02:39+00:00","breadcrumb":{"@id":"https:\/\/www.oio.pl\/product\/komputer-przemyslowy-chipol-hk248-i3-5005u-2-32gb-6rs232\/#breadcrumb"},"inLanguage":"en-US","potentialAction":[{"@type":"ReadAction","target":["https:\/\/www.oio.pl\/product\/komputer-przemyslowy-chipol-hk248-i3-5005u-2-32gb-6rs232\/"]}]},{"@type":"ImageObject","inLanguage":"en-US","@id":"https:\/\/www.oio.pl\/product\/komputer-przemyslowy-chipol-hk248-i3-5005u-2-32gb-6rs232\/#primaryimage","url":"https:\/\/www.oio.pl\/wp-content\/uploads\/2020\/12\/NK648.jpg","contentUrl":"https:\/\/www.oio.pl\/wp-content\/uploads\/2020\/12\/NK648.jpg","width":800,"height":800},{"@type":"BreadcrumbList","@id":"https:\/\/www.oio.pl\/product\/komputer-przemyslowy-chipol-hk248-i3-5005u-2-32gb-6rs232\/#breadcrumb","itemListElement":[{"@type":"ListItem","position":1,"name":"Strona g\u0142\u00f3wna","item":"https:\/\/www.oio.pl\/"},{"@type":"ListItem","position":2,"name":"Produkty","item":"https:\/\/www.oio.pl\/"},{"@type":"ListItem","position":3,"name":"Komputer przemys\u0142owy Chipol HK648 Intel i3 &#8211; 6x RS232 + 2x LAN"}]},{"@type":"WebSite","@id":"https:\/\/www.oio.pl\/#website","url":"https:\/\/www.oio.pl\/","name":"OIO.pl \u2013 Industrial tablets, IT equipment for industry and logistics","description":"industrial tablets, rugged tablet, industrial computer, durable tablet, equipment for industry, Windows tablet, IP67 tablet, warehouse laptop, industrial electronics, industrial computers, oio.pl, logistics equipment, field work tablet, industrial touch monitor","publisher":{"@id":"https:\/\/www.oio.pl\/#organization"},"alternateName":"Sklep internetowy dla przemys\u0142u","potentialAction":[{"@type":"SearchAction","target":{"@type":"EntryPoint","urlTemplate":"https:\/\/www.oio.pl\/?s={search_term_string}"},"query-input":{"@type":"PropertyValueSpecification","valueRequired":true,"valueName":"search_term_string"}}],"inLanguage":"en-US"},{"@type":"Organization","@id":"https:\/\/www.oio.pl\/#organization","name":"OIO","alternateName":"Sprz\u0119t komputerowy","url":"https:\/\/www.oio.pl\/","logo":{"@type":"ImageObject","inLanguage":"en-US","@id":"https:\/\/www.oio.pl\/#\/schema\/logo\/image\/","url":"https:\/\/www.oio.pl\/wp-content\/uploads\/2023\/11\/cropped-cropped-oio_120x120.jpg","contentUrl":"https:\/\/www.oio.pl\/wp-content\/uploads\/2023\/11\/cropped-cropped-oio_120x120.jpg","width":120,"height":48,"caption":"OIO"},"image":{"@id":"https:\/\/www.oio.pl\/#\/schema\/logo\/image\/"},"sameAs":["https:\/\/www.facebook.com\/oiopl"]}]}},"_links":{"self":[{"href":"https:\/\/www.oio.pl\/en\/wp-json\/wp\/v2\/product\/1526","targetHints":{"allow":["GET"]}}],"collection":[{"href":"https:\/\/www.oio.pl\/en\/wp-json\/wp\/v2\/product"}],"about":[{"href":"https:\/\/www.oio.pl\/en\/wp-json\/wp\/v2\/types\/product"}],"replies":[{"embeddable":true,"href":"https:\/\/www.oio.pl\/en\/wp-json\/wp\/v2\/comments?post=1526"}],"wp:featuredmedia":[{"embeddable":true,"href":"https:\/\/www.oio.pl\/en\/wp-json\/wp\/v2\/media\/1527"}],"wp:attachment":[{"href":"https:\/\/www.oio.pl\/en\/wp-json\/wp\/v2\/media?parent=1526"}],"wp:term":[{"taxonomy":"product_brand","embeddable":true,"href":"https:\/\/www.oio.pl\/en\/wp-json\/wp\/v2\/product_brand?post=1526"},{"taxonomy":"product_cat","embeddable":true,"href":"https:\/\/www.oio.pl\/en\/wp-json\/wp\/v2\/product_cat?post=1526"},{"taxonomy":"product_tag","embeddable":true,"href":"https:\/\/www.oio.pl\/en\/wp-json\/wp\/v2\/product_tag?post=1526"}],"curies":[{"name":"wp","href":"https:\/\/api.w.org\/{rel}","templated":true}]}}