{"id":1586,"date":"2020-12-20T12:03:40","date_gmt":"2020-12-20T11:03:40","guid":{"rendered":"https:\/\/www.oio.pl\/?post_type=product&#038;p=1586"},"modified":"2023-10-22T13:54:08","modified_gmt":"2023-10-22T11:54:08","slug":"jumao-jmc5a-5l-96-oxygen-concentrator","status":"publish","type":"product","link":"https:\/\/www.oio.pl\/en\/product\/koncentrator-tlenu-jumao-jmc5a-5l-96\/","title":{"rendered":"Jumao JMC5A 5L 96% oxygen concentrator"},"content":{"rendered":"<p><b>PROFESSIONAL, MEDICAL OXYGEN CONCENTRATOR WITH PERFORMANCE UP TO 5L\/MIN.<br \/>\nThe concentrator is equipped with an advanced triple filtration system.<\/b><\/p>\n<p>Protections: current overload, high temperature, low pressure alarm, low condensation alarm.<\/p>\n<h2>Medical product, CE and ISO13485 compliant<\/h2>\n<p>Product parameters:<\/p>\n<ul>\n<li><b>MODEL:<\/b> JUMAO JMC5A Ni OXYGEN CONCENTRATOR<\/li>\n<li><b>OXYGEN PURITY: <\/b>\u00a0\u226593% (max. 96%)<\/li>\n<li><strong>Minimum working time:<\/strong> 30 minutes<\/li>\n<li><b>FLOW:<\/b> O-5L\/MIN<\/li>\n<li><b>POWER (W):<\/b> 390VA<\/li>\n<li><b>OUTPUT PRESSURE:<\/b> 38 kPA (+\/- 5kPa)<\/li>\n<li><b>TENSION:<\/b> AC 220V 50Hz 2.3A<\/li>\n<li><b>DIMENSIONS:<\/b> 330x260x540 mm<\/li>\n<li><b>NET WEIGHT:<\/b> 16.5 kg<\/li>\n<li><b>Volume:<\/b> &lt;46 dB<\/li>\n<li><strong>LED DISPLAY, <\/strong>four menu buttons<\/li>\n<li><b>TECHNOLOGY:<\/b>\u00a0PSA<\/li>\n<li><b>Planned durability of use:<\/b> 25,000 hours<\/li>\n<li><b>Guarantee:<\/b> 12 months<\/li>\n<\/ul>\n<p>When ordering, please add PLN 35 for courier shipping costs.<\/p>","protected":false},"excerpt":{"rendered":"<p>PROFESJONALNY, MEDYCZNY KONCENTRATOR TLENU O WYDAJNO\u015aCI DO 5L\/MIN. Koncentrator wyposa\u017cony jest w zaawansowany system potr\u00f3jnej filtracji. Zabezpieczenia: przeci\u0105\u017ceniowe pr\u0105dowe, wysoka temperatura, alarm niskiego ci\u015bnienia,\u00a0 alarm niskiej kondensacji. Produkt medyczny, zgodny z CE oraz ISO13485 Parametry produktu: MODEL: KONCENTRATOR TLENU JUMAO JMC5A Ni CZYSTO\u015a\u0106 TLENU: \u00a0\u226593% ( maks. 96%) Minimimalny czas pracy: 30 minut PRZEP\u0141YW: O-5L\/MIN [&hellip;]<\/p>\n","protected":false},"featured_media":1592,"comment_status":"closed","ping_status":"closed","template":"","meta":[],"product_brand":[],"product_cat":[30],"product_tag":[113,112,114],"class_list":{"0":"post-1586","1":"product","2":"type-product","3":"status-publish","4":"has-post-thumbnail","6":"product_cat-medyczne","7":"product_tag-koncentrator-tlenu","8":"product_tag-oxigen","9":"product_tag-oxygen-concentrator","11":"first","12":"instock","13":"taxable","14":"shipping-taxable","15":"purchasable","16":"product-type-simple","17":"czr-hentry"},"yoast_head":"<!-- This site is optimized with the Yoast SEO plugin v27.4 - https:\/\/yoast.com\/product\/yoast-seo-wordpress\/ -->\n<title>Koncentrator tlenu Jumao JMC5A 5L 96% - Mini PC, Komputery, Laptopy, Translatory<\/title>\n<meta name=\"robots\" content=\"index, follow, max-snippet:-1, max-image-preview:large, max-video-preview:-1\" \/>\n<link rel=\"canonical\" href=\"https:\/\/www.oio.pl\/en\/product\/jumao-jmc5a-5l-96-oxygen-concentrator\/\" \/>\n<meta property=\"og:locale\" content=\"en_US\" \/>\n<meta property=\"og:type\" content=\"article\" \/>\n<meta property=\"og:title\" content=\"Koncentrator tlenu Jumao JMC5A 5L 96% - Mini PC, Komputery, Laptopy, Translatory\" \/>\n<meta property=\"og:description\" content=\"PROFESJONALNY, MEDYCZNY KONCENTRATOR TLENU O WYDAJNO\u015aCI DO 5L\/MIN. Koncentrator wyposa\u017cony jest w zaawansowany system potr\u00f3jnej filtracji. Zabezpieczenia: przeci\u0105\u017ceniowe pr\u0105dowe, wysoka temperatura, alarm niskiego ci\u015bnienia,\u00a0 alarm niskiej kondensacji. Produkt medyczny, zgodny z CE oraz ISO13485 Parametry produktu: MODEL: KONCENTRATOR TLENU JUMAO JMC5A Ni CZYSTO\u015a\u0106 TLENU: \u00a0\u226593% ( maks. 96%) Minimimalny czas pracy: 30 minut PRZEP\u0141YW: O-5L\/MIN [&hellip;]\" \/>\n<meta property=\"og:url\" content=\"https:\/\/www.oio.pl\/en\/product\/jumao-jmc5a-5l-96-oxygen-concentrator\/\" \/>\n<meta property=\"og:site_name\" content=\"Mini PC, Komputery, Laptopy, Translatory\" \/>\n<meta property=\"article:publisher\" content=\"https:\/\/www.facebook.com\/oiopl\" \/>\n<meta property=\"article:modified_time\" content=\"2023-10-22T11:54:08+00:00\" \/>\n<meta property=\"og:image\" content=\"https:\/\/www.oio.pl\/wp-content\/uploads\/2020\/12\/KONCENTRATOR-TLENU-JUMAO-Rodzaj-przenosne.jpg\" \/>\n\t<meta property=\"og:image:width\" content=\"650\" \/>\n\t<meta property=\"og:image:height\" content=\"650\" \/>\n\t<meta property=\"og:image:type\" content=\"image\/jpeg\" \/>\n<meta name=\"twitter:card\" content=\"summary_large_image\" \/>\n<meta name=\"twitter:label1\" content=\"Est. reading time\" \/>\n\t<meta name=\"twitter:data1\" content=\"1 minute\" \/>\n<script type=\"application\/ld+json\" class=\"yoast-schema-graph\">{\"@context\":\"https:\\\/\\\/schema.org\",\"@graph\":[{\"@type\":\"WebPage\",\"@id\":\"https:\\\/\\\/www.oio.pl\\\/product\\\/koncentrator-tlenu-jumao-jmc5a-5l-96\\\/\",\"url\":\"https:\\\/\\\/www.oio.pl\\\/product\\\/koncentrator-tlenu-jumao-jmc5a-5l-96\\\/\",\"name\":\"Koncentrator tlenu Jumao JMC5A 5L 96% - Mini PC, Komputery, Laptopy, Translatory\",\"isPartOf\":{\"@id\":\"https:\\\/\\\/www.oio.pl\\\/#website\"},\"primaryImageOfPage\":{\"@id\":\"https:\\\/\\\/www.oio.pl\\\/product\\\/koncentrator-tlenu-jumao-jmc5a-5l-96\\\/#primaryimage\"},\"image\":{\"@id\":\"https:\\\/\\\/www.oio.pl\\\/product\\\/koncentrator-tlenu-jumao-jmc5a-5l-96\\\/#primaryimage\"},\"thumbnailUrl\":\"https:\\\/\\\/www.oio.pl\\\/wp-content\\\/uploads\\\/2020\\\/12\\\/KONCENTRATOR-TLENU-JUMAO-Rodzaj-przenosne.jpg\",\"datePublished\":\"2020-12-20T11:03:40+00:00\",\"dateModified\":\"2023-10-22T11:54:08+00:00\",\"breadcrumb\":{\"@id\":\"https:\\\/\\\/www.oio.pl\\\/product\\\/koncentrator-tlenu-jumao-jmc5a-5l-96\\\/#breadcrumb\"},\"inLanguage\":\"en-US\",\"potentialAction\":[{\"@type\":\"ReadAction\",\"target\":[\"https:\\\/\\\/www.oio.pl\\\/product\\\/koncentrator-tlenu-jumao-jmc5a-5l-96\\\/\"]}]},{\"@type\":\"ImageObject\",\"inLanguage\":\"en-US\",\"@id\":\"https:\\\/\\\/www.oio.pl\\\/product\\\/koncentrator-tlenu-jumao-jmc5a-5l-96\\\/#primaryimage\",\"url\":\"https:\\\/\\\/www.oio.pl\\\/wp-content\\\/uploads\\\/2020\\\/12\\\/KONCENTRATOR-TLENU-JUMAO-Rodzaj-przenosne.jpg\",\"contentUrl\":\"https:\\\/\\\/www.oio.pl\\\/wp-content\\\/uploads\\\/2020\\\/12\\\/KONCENTRATOR-TLENU-JUMAO-Rodzaj-przenosne.jpg\",\"width\":650,\"height\":650},{\"@type\":\"BreadcrumbList\",\"@id\":\"https:\\\/\\\/www.oio.pl\\\/product\\\/koncentrator-tlenu-jumao-jmc5a-5l-96\\\/#breadcrumb\",\"itemListElement\":[{\"@type\":\"ListItem\",\"position\":1,\"name\":\"Strona g\u0142\u00f3wna\",\"item\":\"https:\\\/\\\/www.oio.pl\\\/\"},{\"@type\":\"ListItem\",\"position\":2,\"name\":\"Produkty\",\"item\":\"https:\\\/\\\/www.oio.pl\\\/\"},{\"@type\":\"ListItem\",\"position\":3,\"name\":\"Koncentrator tlenu Jumao JMC5A 5L 96%\"}]},{\"@type\":\"WebSite\",\"@id\":\"https:\\\/\\\/www.oio.pl\\\/#website\",\"url\":\"https:\\\/\\\/www.oio.pl\\\/\",\"name\":\"OIO.pl \u2013 Tablety przemys\u0142owe, sprz\u0119t IT dla przemys\u0142u i logistyki\",\"description\":\"tablety przemys\u0142owe, rugged tablet, komputer przemys\u0142owy, tablet wytrzyma\u0142y, sprz\u0119t dla przemys\u0142u, tablet z Windows, tablet IP67, laptop dla magazynu, elektronika przemys\u0142owa, komputery przemys\u0142owe, oio.pl, sprz\u0119t dla logistyki, tablet do pracy w terenie, monitor dotykowy przemys\u0142owy\",\"publisher\":{\"@id\":\"https:\\\/\\\/www.oio.pl\\\/#organization\"},\"alternateName\":\"Sklep internetowy dla przemys\u0142u\",\"potentialAction\":[{\"@type\":\"SearchAction\",\"target\":{\"@type\":\"EntryPoint\",\"urlTemplate\":\"https:\\\/\\\/www.oio.pl\\\/?s={search_term_string}\"},\"query-input\":{\"@type\":\"PropertyValueSpecification\",\"valueRequired\":true,\"valueName\":\"search_term_string\"}}],\"inLanguage\":\"en-US\"},{\"@type\":\"Organization\",\"@id\":\"https:\\\/\\\/www.oio.pl\\\/#organization\",\"name\":\"OIO\",\"alternateName\":\"Sprz\u0119t komputerowy\",\"url\":\"https:\\\/\\\/www.oio.pl\\\/\",\"logo\":{\"@type\":\"ImageObject\",\"inLanguage\":\"en-US\",\"@id\":\"https:\\\/\\\/www.oio.pl\\\/#\\\/schema\\\/logo\\\/image\\\/\",\"url\":\"https:\\\/\\\/www.oio.pl\\\/wp-content\\\/uploads\\\/2023\\\/11\\\/cropped-cropped-oio_120x120.jpg\",\"contentUrl\":\"https:\\\/\\\/www.oio.pl\\\/wp-content\\\/uploads\\\/2023\\\/11\\\/cropped-cropped-oio_120x120.jpg\",\"width\":120,\"height\":48,\"caption\":\"OIO\"},\"image\":{\"@id\":\"https:\\\/\\\/www.oio.pl\\\/#\\\/schema\\\/logo\\\/image\\\/\"},\"sameAs\":[\"https:\\\/\\\/www.facebook.com\\\/oiopl\"]}]}<\/script>\n<!-- \/ Yoast SEO plugin. -->","yoast_head_json":{"title":"Jumao JMC5A 5L 96% Oxygen Concentrator - Mini PC, Computers, Laptops, Translators","robots":{"index":"index","follow":"follow","max-snippet":"max-snippet:-1","max-image-preview":"max-image-preview:large","max-video-preview":"max-video-preview:-1"},"canonical":"https:\/\/www.oio.pl\/en\/product\/jumao-jmc5a-5l-96-oxygen-concentrator\/","og_locale":"en_US","og_type":"article","og_title":"Koncentrator tlenu Jumao JMC5A 5L 96% - Mini PC, Komputery, Laptopy, Translatory","og_description":"PROFESJONALNY, MEDYCZNY KONCENTRATOR TLENU O WYDAJNO\u015aCI DO 5L\/MIN. Koncentrator wyposa\u017cony jest w zaawansowany system potr\u00f3jnej filtracji. Zabezpieczenia: przeci\u0105\u017ceniowe pr\u0105dowe, wysoka temperatura, alarm niskiego ci\u015bnienia,\u00a0 alarm niskiej kondensacji. Produkt medyczny, zgodny z CE oraz ISO13485 Parametry produktu: MODEL: KONCENTRATOR TLENU JUMAO JMC5A Ni CZYSTO\u015a\u0106 TLENU: \u00a0\u226593% ( maks. 96%) Minimimalny czas pracy: 30 minut PRZEP\u0141YW: O-5L\/MIN [&hellip;]","og_url":"https:\/\/www.oio.pl\/en\/product\/jumao-jmc5a-5l-96-oxygen-concentrator\/","og_site_name":"Mini PC, Komputery, Laptopy, Translatory","article_publisher":"https:\/\/www.facebook.com\/oiopl","article_modified_time":"2023-10-22T11:54:08+00:00","og_image":[{"width":650,"height":650,"url":"https:\/\/www.oio.pl\/wp-content\/uploads\/2020\/12\/KONCENTRATOR-TLENU-JUMAO-Rodzaj-przenosne.jpg","type":"image\/jpeg"}],"twitter_card":"summary_large_image","twitter_misc":{"Est. reading time":"1 minute"},"schema":{"@context":"https:\/\/schema.org","@graph":[{"@type":"WebPage","@id":"https:\/\/www.oio.pl\/product\/koncentrator-tlenu-jumao-jmc5a-5l-96\/","url":"https:\/\/www.oio.pl\/product\/koncentrator-tlenu-jumao-jmc5a-5l-96\/","name":"Jumao JMC5A 5L 96% Oxygen Concentrator - Mini PC, Computers, Laptops, Translators","isPartOf":{"@id":"https:\/\/www.oio.pl\/#website"},"primaryImageOfPage":{"@id":"https:\/\/www.oio.pl\/product\/koncentrator-tlenu-jumao-jmc5a-5l-96\/#primaryimage"},"image":{"@id":"https:\/\/www.oio.pl\/product\/koncentrator-tlenu-jumao-jmc5a-5l-96\/#primaryimage"},"thumbnailUrl":"https:\/\/www.oio.pl\/wp-content\/uploads\/2020\/12\/KONCENTRATOR-TLENU-JUMAO-Rodzaj-przenosne.jpg","datePublished":"2020-12-20T11:03:40+00:00","dateModified":"2023-10-22T11:54:08+00:00","breadcrumb":{"@id":"https:\/\/www.oio.pl\/product\/koncentrator-tlenu-jumao-jmc5a-5l-96\/#breadcrumb"},"inLanguage":"en-US","potentialAction":[{"@type":"ReadAction","target":["https:\/\/www.oio.pl\/product\/koncentrator-tlenu-jumao-jmc5a-5l-96\/"]}]},{"@type":"ImageObject","inLanguage":"en-US","@id":"https:\/\/www.oio.pl\/product\/koncentrator-tlenu-jumao-jmc5a-5l-96\/#primaryimage","url":"https:\/\/www.oio.pl\/wp-content\/uploads\/2020\/12\/KONCENTRATOR-TLENU-JUMAO-Rodzaj-przenosne.jpg","contentUrl":"https:\/\/www.oio.pl\/wp-content\/uploads\/2020\/12\/KONCENTRATOR-TLENU-JUMAO-Rodzaj-przenosne.jpg","width":650,"height":650},{"@type":"BreadcrumbList","@id":"https:\/\/www.oio.pl\/product\/koncentrator-tlenu-jumao-jmc5a-5l-96\/#breadcrumb","itemListElement":[{"@type":"ListItem","position":1,"name":"Strona g\u0142\u00f3wna","item":"https:\/\/www.oio.pl\/"},{"@type":"ListItem","position":2,"name":"Produkty","item":"https:\/\/www.oio.pl\/"},{"@type":"ListItem","position":3,"name":"Koncentrator tlenu Jumao JMC5A 5L 96%"}]},{"@type":"WebSite","@id":"https:\/\/www.oio.pl\/#website","url":"https:\/\/www.oio.pl\/","name":"OIO.pl \u2013 Industrial tablets, IT equipment for industry and logistics","description":"industrial tablets, rugged tablet, industrial computer, durable tablet, equipment for industry, Windows tablet, IP67 tablet, warehouse laptop, industrial electronics, industrial computers, oio.pl, logistics equipment, field work tablet, industrial touch monitor","publisher":{"@id":"https:\/\/www.oio.pl\/#organization"},"alternateName":"Sklep internetowy dla przemys\u0142u","potentialAction":[{"@type":"SearchAction","target":{"@type":"EntryPoint","urlTemplate":"https:\/\/www.oio.pl\/?s={search_term_string}"},"query-input":{"@type":"PropertyValueSpecification","valueRequired":true,"valueName":"search_term_string"}}],"inLanguage":"en-US"},{"@type":"Organization","@id":"https:\/\/www.oio.pl\/#organization","name":"OIO","alternateName":"Sprz\u0119t komputerowy","url":"https:\/\/www.oio.pl\/","logo":{"@type":"ImageObject","inLanguage":"en-US","@id":"https:\/\/www.oio.pl\/#\/schema\/logo\/image\/","url":"https:\/\/www.oio.pl\/wp-content\/uploads\/2023\/11\/cropped-cropped-oio_120x120.jpg","contentUrl":"https:\/\/www.oio.pl\/wp-content\/uploads\/2023\/11\/cropped-cropped-oio_120x120.jpg","width":120,"height":48,"caption":"OIO"},"image":{"@id":"https:\/\/www.oio.pl\/#\/schema\/logo\/image\/"},"sameAs":["https:\/\/www.facebook.com\/oiopl"]}]}},"_links":{"self":[{"href":"https:\/\/www.oio.pl\/en\/wp-json\/wp\/v2\/product\/1586","targetHints":{"allow":["GET"]}}],"collection":[{"href":"https:\/\/www.oio.pl\/en\/wp-json\/wp\/v2\/product"}],"about":[{"href":"https:\/\/www.oio.pl\/en\/wp-json\/wp\/v2\/types\/product"}],"replies":[{"embeddable":true,"href":"https:\/\/www.oio.pl\/en\/wp-json\/wp\/v2\/comments?post=1586"}],"wp:featuredmedia":[{"embeddable":true,"href":"https:\/\/www.oio.pl\/en\/wp-json\/wp\/v2\/media\/1592"}],"wp:attachment":[{"href":"https:\/\/www.oio.pl\/en\/wp-json\/wp\/v2\/media?parent=1586"}],"wp:term":[{"taxonomy":"product_brand","embeddable":true,"href":"https:\/\/www.oio.pl\/en\/wp-json\/wp\/v2\/product_brand?post=1586"},{"taxonomy":"product_cat","embeddable":true,"href":"https:\/\/www.oio.pl\/en\/wp-json\/wp\/v2\/product_cat?post=1586"},{"taxonomy":"product_tag","embeddable":true,"href":"https:\/\/www.oio.pl\/en\/wp-json\/wp\/v2\/product_tag?post=1586"}],"curies":[{"name":"wp","href":"https:\/\/api.w.org\/{rel}","templated":true}]}}