{"id":2129,"date":"2021-09-20T10:11:47","date_gmt":"2021-09-20T08:11:47","guid":{"rendered":"https:\/\/www.oio.pl\/?post_type=product&#038;p=2129"},"modified":"2024-05-16T07:57:27","modified_gmt":"2024-05-16T05:57:27","slug":"red-laser-glasses-from-laser-heads","status":"publish","type":"product","link":"https:\/\/www.oio.pl\/en\/product\/okulary-laserowe-czerwone-od-glowic-laserow-laser\/","title":{"rendered":"Red laser glasses, from laser heads, laser"},"content":{"rendered":"<div class=\"_1voj4 _z9prt _1xzdi _ai5yc _5d6n2 _15lj1\">\n<div class=\"_2d49e_5pK0q\">\n<p><b>Professional glasses for use with laser products such as laser engravers, laser pointers, etc.<\/b><\/p>\n<p>The presented glasses are designed to work with devices that emit a green laser beam. Their task is to protect the eyes against the effects of a strong laser beam (line or spot) emitted by laser devices. These glasses are intended for continuous use.<\/p>\n<p><b>REMEMBER TO WEAR YOUR GLASSES BEFORE STARTING THE LASER.<\/b><\/p>\n<p>The glasses are made of durable plastic material with additional ventilation holes. Holes at the ends allow for securing the glasses against falling with a rope.<\/p>\n<p>The glasses withstood a direct 15W laser beam at a distance of 20mm (focus) for 15 seconds.<\/p>\n<\/div>\n<\/div>","protected":false},"excerpt":{"rendered":"<p>Profesjonalne okulary do u\u017cywania z produktami laserowymi takimi jak grawery laserowe, wska\u017aniki laserowe, etc. Prezentowane okulary przeznaczone s\u0105 do pracy z urz\u0105dzeniami, kt\u00f3re emituj\u0105 zielon\u0105 wi\u0105zk\u0119 laserow\u0105. Ich zadaniem jest zabezpieczeniem oczy przed skutkami silnej wi\u0105zki laserowej (linii lub plamki) emitowanej przez urz\u0105dzenia laserowe Okulary te przeznaczone s\u0105 do pracy ci\u0105g\u0142ej. PAMI\u0118TAJ ABY ZAK\u0141ADA\u0106 OKULARY [&hellip;]<\/p>\n","protected":false},"featured_media":2132,"comment_status":"closed","ping_status":"closed","template":"","meta":[],"product_brand":[],"product_cat":[25],"product_tag":[3098,3106,94,44,41,3095,3088,3091,3105,42,3087,3093,3104,3096,3090,3086,3092,3099,3102,3094,3101,3097,3089,3100,3107,3108,3103],"class_list":{"0":"post-2129","1":"product","2":"type-product","3":"status-publish","4":"has-post-thumbnail","6":"product_cat-laser-grawer","7":"product_tag-atms-ploter-laserowy-co2","8":"product_tag-cnc-ploter","9":"product_tag-drukarka-laserowa","10":"product_tag-drukarka-z-laserem","11":"product_tag-grawer","12":"product_tag-grawer-laserem","13":"product_tag-grawer-laserowy","14":"product_tag-grawer-laserowy-cnc","15":"product_tag-grawer-mdf","16":"product_tag-grawerka","17":"product_tag-grawerka-laserowa","18":"product_tag-loter-laserowy","19":"product_tag-najlepsza-grawerka-laserowa","20":"product_tag-ploter","21":"product_tag-ploter-co2","22":"product_tag-ploter-laserowy","23":"product_tag-ploter-laserowy-co2","24":"product_tag-ploter-laserowy-do-pieczatek","25":"product_tag-ploter-laserowy-do-robienia-pieczatek","26":"product_tag-ploter-laserowy-venus","27":"product_tag-ploter-laserowy-z-tuba-szklana","28":"product_tag-ploter-lasrowy","29":"product_tag-plotery-laserowe","30":"product_tag-plotery-laserowe-co2","31":"product_tag-plotter","32":"product_tag-smart-grawer","33":"product_tag-tania-grawerka-laserowa","35":"first","36":"instock","37":"taxable","38":"shipping-taxable","39":"purchasable","40":"product-type-simple","41":"czr-hentry"},"yoast_head":"<!-- This site is optimized with the Yoast SEO plugin v27.4 - https:\/\/yoast.com\/product\/yoast-seo-wordpress\/ -->\n<title>Okulary laserowe czerwone, od g\u0142owic laser\u00f3w, laser - Mini PC, Komputery, Laptopy, Translatory<\/title>\n<meta name=\"robots\" content=\"index, follow, max-snippet:-1, max-image-preview:large, max-video-preview:-1\" \/>\n<link rel=\"canonical\" href=\"https:\/\/www.oio.pl\/en\/product\/red-laser-glasses-from-laser-heads\/\" \/>\n<meta property=\"og:locale\" content=\"en_US\" \/>\n<meta property=\"og:type\" content=\"article\" \/>\n<meta property=\"og:title\" content=\"Okulary laserowe czerwone, od g\u0142owic laser\u00f3w, laser - Mini PC, Komputery, Laptopy, Translatory\" \/>\n<meta property=\"og:description\" content=\"Profesjonalne okulary do u\u017cywania z produktami laserowymi takimi jak grawery laserowe, wska\u017aniki laserowe, etc. Prezentowane okulary przeznaczone s\u0105 do pracy z urz\u0105dzeniami, kt\u00f3re emituj\u0105 zielon\u0105 wi\u0105zk\u0119 laserow\u0105. Ich zadaniem jest zabezpieczeniem oczy przed skutkami silnej wi\u0105zki laserowej (linii lub plamki) emitowanej przez urz\u0105dzenia laserowe Okulary te przeznaczone s\u0105 do pracy ci\u0105g\u0142ej. PAMI\u0118TAJ ABY ZAK\u0141ADA\u0106 OKULARY [&hellip;]\" \/>\n<meta property=\"og:url\" content=\"https:\/\/www.oio.pl\/en\/product\/red-laser-glasses-from-laser-heads\/\" \/>\n<meta property=\"og:site_name\" content=\"Mini PC, Komputery, Laptopy, Translatory\" \/>\n<meta property=\"article:publisher\" content=\"https:\/\/www.facebook.com\/oiopl\" \/>\n<meta property=\"article:modified_time\" content=\"2024-05-16T05:57:27+00:00\" \/>\n<meta property=\"og:image\" content=\"https:\/\/www.oio.pl\/wp-content\/uploads\/2021\/09\/oku_cze_03.jpg\" \/>\n\t<meta property=\"og:image:width\" content=\"1010\" \/>\n\t<meta property=\"og:image:height\" content=\"1010\" \/>\n\t<meta property=\"og:image:type\" content=\"image\/jpeg\" \/>\n<meta name=\"twitter:card\" content=\"summary_large_image\" \/>\n<meta name=\"twitter:label1\" content=\"Est. reading time\" \/>\n\t<meta name=\"twitter:data1\" content=\"1 minute\" \/>\n<script type=\"application\/ld+json\" class=\"yoast-schema-graph\">{\"@context\":\"https:\\\/\\\/schema.org\",\"@graph\":[{\"@type\":\"WebPage\",\"@id\":\"https:\\\/\\\/www.oio.pl\\\/product\\\/okulary-laserowe-czerwone-od-glowic-laserow-laser\\\/\",\"url\":\"https:\\\/\\\/www.oio.pl\\\/product\\\/okulary-laserowe-czerwone-od-glowic-laserow-laser\\\/\",\"name\":\"Okulary laserowe czerwone, od g\u0142owic laser\u00f3w, laser - Mini PC, Komputery, Laptopy, Translatory\",\"isPartOf\":{\"@id\":\"https:\\\/\\\/www.oio.pl\\\/#website\"},\"primaryImageOfPage\":{\"@id\":\"https:\\\/\\\/www.oio.pl\\\/product\\\/okulary-laserowe-czerwone-od-glowic-laserow-laser\\\/#primaryimage\"},\"image\":{\"@id\":\"https:\\\/\\\/www.oio.pl\\\/product\\\/okulary-laserowe-czerwone-od-glowic-laserow-laser\\\/#primaryimage\"},\"thumbnailUrl\":\"https:\\\/\\\/www.oio.pl\\\/wp-content\\\/uploads\\\/2021\\\/09\\\/oku_cze_03.jpg\",\"datePublished\":\"2021-09-20T08:11:47+00:00\",\"dateModified\":\"2024-05-16T05:57:27+00:00\",\"breadcrumb\":{\"@id\":\"https:\\\/\\\/www.oio.pl\\\/product\\\/okulary-laserowe-czerwone-od-glowic-laserow-laser\\\/#breadcrumb\"},\"inLanguage\":\"en-US\",\"potentialAction\":[{\"@type\":\"ReadAction\",\"target\":[\"https:\\\/\\\/www.oio.pl\\\/product\\\/okulary-laserowe-czerwone-od-glowic-laserow-laser\\\/\"]}]},{\"@type\":\"ImageObject\",\"inLanguage\":\"en-US\",\"@id\":\"https:\\\/\\\/www.oio.pl\\\/product\\\/okulary-laserowe-czerwone-od-glowic-laserow-laser\\\/#primaryimage\",\"url\":\"https:\\\/\\\/www.oio.pl\\\/wp-content\\\/uploads\\\/2021\\\/09\\\/oku_cze_03.jpg\",\"contentUrl\":\"https:\\\/\\\/www.oio.pl\\\/wp-content\\\/uploads\\\/2021\\\/09\\\/oku_cze_03.jpg\",\"width\":1010,\"height\":1010},{\"@type\":\"BreadcrumbList\",\"@id\":\"https:\\\/\\\/www.oio.pl\\\/product\\\/okulary-laserowe-czerwone-od-glowic-laserow-laser\\\/#breadcrumb\",\"itemListElement\":[{\"@type\":\"ListItem\",\"position\":1,\"name\":\"Strona g\u0142\u00f3wna\",\"item\":\"https:\\\/\\\/www.oio.pl\\\/\"},{\"@type\":\"ListItem\",\"position\":2,\"name\":\"Produkty\",\"item\":\"https:\\\/\\\/www.oio.pl\\\/\"},{\"@type\":\"ListItem\",\"position\":3,\"name\":\"Okulary laserowe czerwone, od g\u0142owic laser\u00f3w, laser\"}]},{\"@type\":\"WebSite\",\"@id\":\"https:\\\/\\\/www.oio.pl\\\/#website\",\"url\":\"https:\\\/\\\/www.oio.pl\\\/\",\"name\":\"OIO.pl \u2013 Tablety przemys\u0142owe, sprz\u0119t IT dla przemys\u0142u i logistyki\",\"description\":\"tablety przemys\u0142owe, rugged tablet, komputer przemys\u0142owy, tablet wytrzyma\u0142y, sprz\u0119t dla przemys\u0142u, tablet z Windows, tablet IP67, laptop dla magazynu, elektronika przemys\u0142owa, komputery przemys\u0142owe, oio.pl, sprz\u0119t dla logistyki, tablet do pracy w terenie, monitor dotykowy przemys\u0142owy\",\"publisher\":{\"@id\":\"https:\\\/\\\/www.oio.pl\\\/#organization\"},\"alternateName\":\"Sklep internetowy dla przemys\u0142u\",\"potentialAction\":[{\"@type\":\"SearchAction\",\"target\":{\"@type\":\"EntryPoint\",\"urlTemplate\":\"https:\\\/\\\/www.oio.pl\\\/?s={search_term_string}\"},\"query-input\":{\"@type\":\"PropertyValueSpecification\",\"valueRequired\":true,\"valueName\":\"search_term_string\"}}],\"inLanguage\":\"en-US\"},{\"@type\":\"Organization\",\"@id\":\"https:\\\/\\\/www.oio.pl\\\/#organization\",\"name\":\"OIO\",\"alternateName\":\"Sprz\u0119t komputerowy\",\"url\":\"https:\\\/\\\/www.oio.pl\\\/\",\"logo\":{\"@type\":\"ImageObject\",\"inLanguage\":\"en-US\",\"@id\":\"https:\\\/\\\/www.oio.pl\\\/#\\\/schema\\\/logo\\\/image\\\/\",\"url\":\"https:\\\/\\\/www.oio.pl\\\/wp-content\\\/uploads\\\/2023\\\/11\\\/cropped-cropped-oio_120x120.jpg\",\"contentUrl\":\"https:\\\/\\\/www.oio.pl\\\/wp-content\\\/uploads\\\/2023\\\/11\\\/cropped-cropped-oio_120x120.jpg\",\"width\":120,\"height\":48,\"caption\":\"OIO\"},\"image\":{\"@id\":\"https:\\\/\\\/www.oio.pl\\\/#\\\/schema\\\/logo\\\/image\\\/\"},\"sameAs\":[\"https:\\\/\\\/www.facebook.com\\\/oiopl\"]}]}<\/script>\n<!-- \/ Yoast SEO plugin. -->","yoast_head_json":{"title":"Red laser glasses, from laser heads, laser - Mini PC, Computers, Laptops, Translators","robots":{"index":"index","follow":"follow","max-snippet":"max-snippet:-1","max-image-preview":"max-image-preview:large","max-video-preview":"max-video-preview:-1"},"canonical":"https:\/\/www.oio.pl\/en\/product\/red-laser-glasses-from-laser-heads\/","og_locale":"en_US","og_type":"article","og_title":"Okulary laserowe czerwone, od g\u0142owic laser\u00f3w, laser - Mini PC, Komputery, Laptopy, Translatory","og_description":"Profesjonalne okulary do u\u017cywania z produktami laserowymi takimi jak grawery laserowe, wska\u017aniki laserowe, etc. Prezentowane okulary przeznaczone s\u0105 do pracy z urz\u0105dzeniami, kt\u00f3re emituj\u0105 zielon\u0105 wi\u0105zk\u0119 laserow\u0105. Ich zadaniem jest zabezpieczeniem oczy przed skutkami silnej wi\u0105zki laserowej (linii lub plamki) emitowanej przez urz\u0105dzenia laserowe Okulary te przeznaczone s\u0105 do pracy ci\u0105g\u0142ej. PAMI\u0118TAJ ABY ZAK\u0141ADA\u0106 OKULARY [&hellip;]","og_url":"https:\/\/www.oio.pl\/en\/product\/red-laser-glasses-from-laser-heads\/","og_site_name":"Mini PC, Komputery, Laptopy, Translatory","article_publisher":"https:\/\/www.facebook.com\/oiopl","article_modified_time":"2024-05-16T05:57:27+00:00","og_image":[{"width":1010,"height":1010,"url":"https:\/\/www.oio.pl\/wp-content\/uploads\/2021\/09\/oku_cze_03.jpg","type":"image\/jpeg"}],"twitter_card":"summary_large_image","twitter_misc":{"Est. reading time":"1 minute"},"schema":{"@context":"https:\/\/schema.org","@graph":[{"@type":"WebPage","@id":"https:\/\/www.oio.pl\/product\/okulary-laserowe-czerwone-od-glowic-laserow-laser\/","url":"https:\/\/www.oio.pl\/product\/okulary-laserowe-czerwone-od-glowic-laserow-laser\/","name":"Red laser glasses, from laser heads, laser - Mini PC, Computers, Laptops, Translators","isPartOf":{"@id":"https:\/\/www.oio.pl\/#website"},"primaryImageOfPage":{"@id":"https:\/\/www.oio.pl\/product\/okulary-laserowe-czerwone-od-glowic-laserow-laser\/#primaryimage"},"image":{"@id":"https:\/\/www.oio.pl\/product\/okulary-laserowe-czerwone-od-glowic-laserow-laser\/#primaryimage"},"thumbnailUrl":"https:\/\/www.oio.pl\/wp-content\/uploads\/2021\/09\/oku_cze_03.jpg","datePublished":"2021-09-20T08:11:47+00:00","dateModified":"2024-05-16T05:57:27+00:00","breadcrumb":{"@id":"https:\/\/www.oio.pl\/product\/okulary-laserowe-czerwone-od-glowic-laserow-laser\/#breadcrumb"},"inLanguage":"en-US","potentialAction":[{"@type":"ReadAction","target":["https:\/\/www.oio.pl\/product\/okulary-laserowe-czerwone-od-glowic-laserow-laser\/"]}]},{"@type":"ImageObject","inLanguage":"en-US","@id":"https:\/\/www.oio.pl\/product\/okulary-laserowe-czerwone-od-glowic-laserow-laser\/#primaryimage","url":"https:\/\/www.oio.pl\/wp-content\/uploads\/2021\/09\/oku_cze_03.jpg","contentUrl":"https:\/\/www.oio.pl\/wp-content\/uploads\/2021\/09\/oku_cze_03.jpg","width":1010,"height":1010},{"@type":"BreadcrumbList","@id":"https:\/\/www.oio.pl\/product\/okulary-laserowe-czerwone-od-glowic-laserow-laser\/#breadcrumb","itemListElement":[{"@type":"ListItem","position":1,"name":"Strona g\u0142\u00f3wna","item":"https:\/\/www.oio.pl\/"},{"@type":"ListItem","position":2,"name":"Produkty","item":"https:\/\/www.oio.pl\/"},{"@type":"ListItem","position":3,"name":"Okulary laserowe czerwone, od g\u0142owic laser\u00f3w, laser"}]},{"@type":"WebSite","@id":"https:\/\/www.oio.pl\/#website","url":"https:\/\/www.oio.pl\/","name":"OIO.pl \u2013 Industrial tablets, IT equipment for industry and logistics","description":"industrial tablets, rugged tablet, industrial computer, durable tablet, equipment for industry, Windows tablet, IP67 tablet, warehouse laptop, industrial electronics, industrial computers, oio.pl, logistics equipment, field work tablet, industrial touch monitor","publisher":{"@id":"https:\/\/www.oio.pl\/#organization"},"alternateName":"Sklep internetowy dla przemys\u0142u","potentialAction":[{"@type":"SearchAction","target":{"@type":"EntryPoint","urlTemplate":"https:\/\/www.oio.pl\/?s={search_term_string}"},"query-input":{"@type":"PropertyValueSpecification","valueRequired":true,"valueName":"search_term_string"}}],"inLanguage":"en-US"},{"@type":"Organization","@id":"https:\/\/www.oio.pl\/#organization","name":"OIO","alternateName":"Sprz\u0119t komputerowy","url":"https:\/\/www.oio.pl\/","logo":{"@type":"ImageObject","inLanguage":"en-US","@id":"https:\/\/www.oio.pl\/#\/schema\/logo\/image\/","url":"https:\/\/www.oio.pl\/wp-content\/uploads\/2023\/11\/cropped-cropped-oio_120x120.jpg","contentUrl":"https:\/\/www.oio.pl\/wp-content\/uploads\/2023\/11\/cropped-cropped-oio_120x120.jpg","width":120,"height":48,"caption":"OIO"},"image":{"@id":"https:\/\/www.oio.pl\/#\/schema\/logo\/image\/"},"sameAs":["https:\/\/www.facebook.com\/oiopl"]}]}},"_links":{"self":[{"href":"https:\/\/www.oio.pl\/en\/wp-json\/wp\/v2\/product\/2129","targetHints":{"allow":["GET"]}}],"collection":[{"href":"https:\/\/www.oio.pl\/en\/wp-json\/wp\/v2\/product"}],"about":[{"href":"https:\/\/www.oio.pl\/en\/wp-json\/wp\/v2\/types\/product"}],"replies":[{"embeddable":true,"href":"https:\/\/www.oio.pl\/en\/wp-json\/wp\/v2\/comments?post=2129"}],"wp:featuredmedia":[{"embeddable":true,"href":"https:\/\/www.oio.pl\/en\/wp-json\/wp\/v2\/media\/2132"}],"wp:attachment":[{"href":"https:\/\/www.oio.pl\/en\/wp-json\/wp\/v2\/media?parent=2129"}],"wp:term":[{"taxonomy":"product_brand","embeddable":true,"href":"https:\/\/www.oio.pl\/en\/wp-json\/wp\/v2\/product_brand?post=2129"},{"taxonomy":"product_cat","embeddable":true,"href":"https:\/\/www.oio.pl\/en\/wp-json\/wp\/v2\/product_cat?post=2129"},{"taxonomy":"product_tag","embeddable":true,"href":"https:\/\/www.oio.pl\/en\/wp-json\/wp\/v2\/product_tag?post=2129"}],"curies":[{"name":"wp","href":"https:\/\/api.w.org\/{rel}","templated":true}]}}