{"id":3887,"date":"2022-02-16T16:33:28","date_gmt":"2022-02-16T15:33:28","guid":{"rendered":"https:\/\/www.oio.pl\/?post_type=product&#038;p=3887"},"modified":"2025-08-14T09:29:27","modified_gmt":"2025-08-14T07:29:27","slug":"mini-pc-pipo-x2s-2-64gb-windows-10","status":"publish","type":"product","link":"https:\/\/www.oio.pl\/en\/product\/mini-pc-pipo-x2s-2-64gb-windows-10\/","title":{"rendered":"Mini PC Pipo X2S 2\/64GB Windows 10"},"content":{"rendered":"<p><b>Pipo X2s\u00a0\u00a0<\/b>it is a combination of a minicomputer on a processor <strong>Intel Atom Z3537F <\/strong>with touch screen \u2013 All in One.<\/p>\n<p>The device uses an 8&quot; IPS touch screen with a resolution of 800 x 1280!!!<\/p>\n<p>The device has a full version of Windows 10 64 bit, 2GB RAM memory and 64GB eMMc disk space.<\/p>\n<p>Four more USB 2.0 ports should be added.<\/p>\n<p>Also Wifi 802.11 b\/g\/n and Bluetooth 4.0 and a micro SD card reader.<\/p>\n<p>You can connect a monitor\/TV to Pipo using the HDMI connector.<\/p>\n<p><strong>Model z zewn\u0119trzn\u0105 anten\u0105 WiFi.<\/strong><\/p>\n<h1>Specification:<\/h1>\n<ul>\n<li><b>model:<\/b>\u00a0Pipo X2s<\/li>\n<li><b>system:<\/b>\u00a0Windows 10 Home<\/li>\n<li><b>display:<\/b>\u00a08\u2033 IPS HD 800*1280<\/li>\n<li><b>touch:<\/b>\u00a0multi-point touch<\/li>\n<li><b>processor:<\/b>\u00a0Intel Atom Z3537F 1.33GHz \u2013 1.83GHz<\/li>\n<li><b>RAM:<\/b>\u00a02GB<\/li>\n<li><b>eMMc disk:<\/b>\u00a064GB SSD<\/li>\n<li><b>SD card reader:<\/b>\u00a0up to 64GB<\/li>\n<li><b>I\/O: Micro USB (OTG), headphone output<\/b><\/li>\n<li><b>power supply: USB 12V<\/b><\/li>\n<li><b>wireless network support:<\/b>\u00a0Wifi 802.11 b\/g\/n<\/li>\n<li><b>bluetooth:<\/b>\u00a0version 4.0.<\/li>\n<li><b>RJ45 lan:\u00a0<\/b>10\/100Mbs<\/li>\n<\/ul>\n<p><b>Mini All-in-One Tablet PC<\/b><\/p>\n<p>Pipo X2S tablet is a mini computer, it is a new digital product in recent years. The advantages of a mini PC are all in one. One machine with multiple functions provides new options for everyone&#039;s life needs.<\/p>","protected":false},"excerpt":{"rendered":"<p>Pipo X2s\u00a0\u00a0jest to po\u0142\u0105czenie minikomputera na procesorze Intel Atom Z3537F z ekranem dotykowym &#8211; All in One. W urz\u0105dzeniu zastosowano ekran dotykowy IPS 8&#8243; o rozdzielczo\u015bci 800 x 1280 !!! Urz\u0105dzenie posiada pe\u0142n\u0105 wersj\u0119 Windows 10 64bit, 2GB RAM pami\u0119ci oraz 64GB eMMc przestrzeni dyskowej. Doda\u0107 nale\u017cy jeszcze cztery porty USB 2.0. R\u00f3wnie\u017c Wifi 802.11 [&hellip;]<\/p>\n","protected":false},"featured_media":7737,"comment_status":"closed","ping_status":"closed","template":"","meta":[],"product_brand":[3231],"product_cat":[53,3315,3218],"product_tag":[50,80,52,127,47,77,45,54,46,109,126],"class_list":{"0":"post-3887","1":"product","2":"type-product","3":"status-publish","4":"has-post-thumbnail","6":"product_brand-chipol","7":"product_cat-pc-aio-pos","8":"product_cat-pc-aio","9":"product_cat-pc-panel","10":"product_tag-aio","11":"product_tag-all-in-one","12":"product_tag-dotykowy","13":"product_tag-ekran-dotykowy","14":"product_tag-komputer","15":"product_tag-komputer-przemyslowy","16":"product_tag-mikrokomputer","17":"product_tag-mikrokomputery","18":"product_tag-mini-pc","19":"product_tag-nascienny","20":"product_tag-panel-dotykowy","22":"first","23":"instock","24":"taxable","25":"shipping-taxable","26":"purchasable","27":"product-type-simple","28":"czr-hentry"},"yoast_head":"<!-- This site is optimized with the Yoast SEO plugin v27.4 - https:\/\/yoast.com\/product\/yoast-seo-wordpress\/ -->\n<title>Mini PC Pipo X2S 2\/64GB Windows 10 - Mini PC, Komputery, Laptopy, Translatory<\/title>\n<meta name=\"robots\" content=\"index, follow, max-snippet:-1, max-image-preview:large, max-video-preview:-1\" \/>\n<link rel=\"canonical\" href=\"https:\/\/www.oio.pl\/en\/product\/mini-pc-pipo-x2s-2-64gb-windows-10\/\" \/>\n<meta property=\"og:locale\" content=\"en_US\" \/>\n<meta property=\"og:type\" content=\"article\" \/>\n<meta property=\"og:title\" content=\"Mini PC Pipo X2S 2\/64GB Windows 10 - Mini PC, Komputery, Laptopy, Translatory\" \/>\n<meta property=\"og:description\" content=\"Pipo X2s\u00a0\u00a0jest to po\u0142\u0105czenie minikomputera na procesorze Intel Atom Z3537F z ekranem dotykowym &#8211; All in One. W urz\u0105dzeniu zastosowano ekran dotykowy IPS 8&#8243; o rozdzielczo\u015bci 800 x 1280 !!! Urz\u0105dzenie posiada pe\u0142n\u0105 wersj\u0119 Windows 10 64bit, 2GB RAM pami\u0119ci oraz 64GB eMMc przestrzeni dyskowej. Doda\u0107 nale\u017cy jeszcze cztery porty USB 2.0. R\u00f3wnie\u017c Wifi 802.11 [&hellip;]\" \/>\n<meta property=\"og:url\" content=\"https:\/\/www.oio.pl\/en\/product\/mini-pc-pipo-x2s-2-64gb-windows-10\/\" \/>\n<meta property=\"og:site_name\" content=\"Mini PC, Komputery, Laptopy, Translatory\" \/>\n<meta property=\"article:publisher\" content=\"https:\/\/www.facebook.com\/oiopl\" \/>\n<meta property=\"article:modified_time\" content=\"2025-08-14T07:29:27+00:00\" \/>\n<meta property=\"og:image\" content=\"https:\/\/www.oio.pl\/wp-content\/uploads\/2022\/02\/X2A_03.jpg\" \/>\n\t<meta property=\"og:image:width\" content=\"790\" \/>\n\t<meta property=\"og:image:height\" content=\"794\" \/>\n\t<meta property=\"og:image:type\" content=\"image\/jpeg\" \/>\n<meta name=\"twitter:card\" content=\"summary_large_image\" \/>\n<meta name=\"twitter:label1\" content=\"Est. reading time\" \/>\n\t<meta name=\"twitter:data1\" content=\"2 minutes\" \/>\n<script type=\"application\/ld+json\" class=\"yoast-schema-graph\">{\"@context\":\"https:\\\/\\\/schema.org\",\"@graph\":[{\"@type\":\"WebPage\",\"@id\":\"https:\\\/\\\/www.oio.pl\\\/product\\\/mini-pc-pipo-x2s-2-64gb-windows-10\\\/\",\"url\":\"https:\\\/\\\/www.oio.pl\\\/product\\\/mini-pc-pipo-x2s-2-64gb-windows-10\\\/\",\"name\":\"Mini PC Pipo X2S 2\\\/64GB Windows 10 - Mini PC, Komputery, Laptopy, Translatory\",\"isPartOf\":{\"@id\":\"https:\\\/\\\/www.oio.pl\\\/#website\"},\"primaryImageOfPage\":{\"@id\":\"https:\\\/\\\/www.oio.pl\\\/product\\\/mini-pc-pipo-x2s-2-64gb-windows-10\\\/#primaryimage\"},\"image\":{\"@id\":\"https:\\\/\\\/www.oio.pl\\\/product\\\/mini-pc-pipo-x2s-2-64gb-windows-10\\\/#primaryimage\"},\"thumbnailUrl\":\"https:\\\/\\\/www.oio.pl\\\/wp-content\\\/uploads\\\/2022\\\/02\\\/X2A_03.jpg\",\"datePublished\":\"2022-02-16T15:33:28+00:00\",\"dateModified\":\"2025-08-14T07:29:27+00:00\",\"breadcrumb\":{\"@id\":\"https:\\\/\\\/www.oio.pl\\\/product\\\/mini-pc-pipo-x2s-2-64gb-windows-10\\\/#breadcrumb\"},\"inLanguage\":\"en-US\",\"potentialAction\":[{\"@type\":\"ReadAction\",\"target\":[\"https:\\\/\\\/www.oio.pl\\\/product\\\/mini-pc-pipo-x2s-2-64gb-windows-10\\\/\"]}]},{\"@type\":\"ImageObject\",\"inLanguage\":\"en-US\",\"@id\":\"https:\\\/\\\/www.oio.pl\\\/product\\\/mini-pc-pipo-x2s-2-64gb-windows-10\\\/#primaryimage\",\"url\":\"https:\\\/\\\/www.oio.pl\\\/wp-content\\\/uploads\\\/2022\\\/02\\\/X2A_03.jpg\",\"contentUrl\":\"https:\\\/\\\/www.oio.pl\\\/wp-content\\\/uploads\\\/2022\\\/02\\\/X2A_03.jpg\",\"width\":790,\"height\":794},{\"@type\":\"BreadcrumbList\",\"@id\":\"https:\\\/\\\/www.oio.pl\\\/product\\\/mini-pc-pipo-x2s-2-64gb-windows-10\\\/#breadcrumb\",\"itemListElement\":[{\"@type\":\"ListItem\",\"position\":1,\"name\":\"Strona g\u0142\u00f3wna\",\"item\":\"https:\\\/\\\/www.oio.pl\\\/\"},{\"@type\":\"ListItem\",\"position\":2,\"name\":\"Produkty\",\"item\":\"https:\\\/\\\/www.oio.pl\\\/\"},{\"@type\":\"ListItem\",\"position\":3,\"name\":\"Mini PC Pipo X2S 2\\\/64GB Windows 10\"}]},{\"@type\":\"WebSite\",\"@id\":\"https:\\\/\\\/www.oio.pl\\\/#website\",\"url\":\"https:\\\/\\\/www.oio.pl\\\/\",\"name\":\"OIO.pl \u2013 Tablety przemys\u0142owe, sprz\u0119t IT dla przemys\u0142u i logistyki\",\"description\":\"tablety przemys\u0142owe, rugged tablet, komputer przemys\u0142owy, tablet wytrzyma\u0142y, sprz\u0119t dla przemys\u0142u, tablet z Windows, tablet IP67, laptop dla magazynu, elektronika przemys\u0142owa, komputery przemys\u0142owe, oio.pl, sprz\u0119t dla logistyki, tablet do pracy w terenie, monitor dotykowy przemys\u0142owy\",\"publisher\":{\"@id\":\"https:\\\/\\\/www.oio.pl\\\/#organization\"},\"alternateName\":\"Sklep internetowy dla przemys\u0142u\",\"potentialAction\":[{\"@type\":\"SearchAction\",\"target\":{\"@type\":\"EntryPoint\",\"urlTemplate\":\"https:\\\/\\\/www.oio.pl\\\/?s={search_term_string}\"},\"query-input\":{\"@type\":\"PropertyValueSpecification\",\"valueRequired\":true,\"valueName\":\"search_term_string\"}}],\"inLanguage\":\"en-US\"},{\"@type\":\"Organization\",\"@id\":\"https:\\\/\\\/www.oio.pl\\\/#organization\",\"name\":\"OIO\",\"alternateName\":\"Sprz\u0119t komputerowy\",\"url\":\"https:\\\/\\\/www.oio.pl\\\/\",\"logo\":{\"@type\":\"ImageObject\",\"inLanguage\":\"en-US\",\"@id\":\"https:\\\/\\\/www.oio.pl\\\/#\\\/schema\\\/logo\\\/image\\\/\",\"url\":\"https:\\\/\\\/www.oio.pl\\\/wp-content\\\/uploads\\\/2023\\\/11\\\/cropped-cropped-oio_120x120.jpg\",\"contentUrl\":\"https:\\\/\\\/www.oio.pl\\\/wp-content\\\/uploads\\\/2023\\\/11\\\/cropped-cropped-oio_120x120.jpg\",\"width\":120,\"height\":48,\"caption\":\"OIO\"},\"image\":{\"@id\":\"https:\\\/\\\/www.oio.pl\\\/#\\\/schema\\\/logo\\\/image\\\/\"},\"sameAs\":[\"https:\\\/\\\/www.facebook.com\\\/oiopl\"]}]}<\/script>\n<!-- \/ Yoast SEO plugin. -->","yoast_head_json":{"title":"Mini PC Pipo X2S 2\/64GB Windows 10 - Mini PC, Computers, Laptops, Translators","robots":{"index":"index","follow":"follow","max-snippet":"max-snippet:-1","max-image-preview":"max-image-preview:large","max-video-preview":"max-video-preview:-1"},"canonical":"https:\/\/www.oio.pl\/en\/product\/mini-pc-pipo-x2s-2-64gb-windows-10\/","og_locale":"en_US","og_type":"article","og_title":"Mini PC Pipo X2S 2\/64GB Windows 10 - Mini PC, Komputery, Laptopy, Translatory","og_description":"Pipo X2s\u00a0\u00a0jest to po\u0142\u0105czenie minikomputera na procesorze Intel Atom Z3537F z ekranem dotykowym &#8211; All in One. W urz\u0105dzeniu zastosowano ekran dotykowy IPS 8&#8243; o rozdzielczo\u015bci 800 x 1280 !!! Urz\u0105dzenie posiada pe\u0142n\u0105 wersj\u0119 Windows 10 64bit, 2GB RAM pami\u0119ci oraz 64GB eMMc przestrzeni dyskowej. Doda\u0107 nale\u017cy jeszcze cztery porty USB 2.0. R\u00f3wnie\u017c Wifi 802.11 [&hellip;]","og_url":"https:\/\/www.oio.pl\/en\/product\/mini-pc-pipo-x2s-2-64gb-windows-10\/","og_site_name":"Mini PC, Komputery, Laptopy, Translatory","article_publisher":"https:\/\/www.facebook.com\/oiopl","article_modified_time":"2025-08-14T07:29:27+00:00","og_image":[{"width":790,"height":794,"url":"https:\/\/www.oio.pl\/wp-content\/uploads\/2022\/02\/X2A_03.jpg","type":"image\/jpeg"}],"twitter_card":"summary_large_image","twitter_misc":{"Est. reading time":"2 minutes"},"schema":{"@context":"https:\/\/schema.org","@graph":[{"@type":"WebPage","@id":"https:\/\/www.oio.pl\/product\/mini-pc-pipo-x2s-2-64gb-windows-10\/","url":"https:\/\/www.oio.pl\/product\/mini-pc-pipo-x2s-2-64gb-windows-10\/","name":"Mini PC Pipo X2S 2\/64GB Windows 10 - Mini PC, Computers, Laptops, Translators","isPartOf":{"@id":"https:\/\/www.oio.pl\/#website"},"primaryImageOfPage":{"@id":"https:\/\/www.oio.pl\/product\/mini-pc-pipo-x2s-2-64gb-windows-10\/#primaryimage"},"image":{"@id":"https:\/\/www.oio.pl\/product\/mini-pc-pipo-x2s-2-64gb-windows-10\/#primaryimage"},"thumbnailUrl":"https:\/\/www.oio.pl\/wp-content\/uploads\/2022\/02\/X2A_03.jpg","datePublished":"2022-02-16T15:33:28+00:00","dateModified":"2025-08-14T07:29:27+00:00","breadcrumb":{"@id":"https:\/\/www.oio.pl\/product\/mini-pc-pipo-x2s-2-64gb-windows-10\/#breadcrumb"},"inLanguage":"en-US","potentialAction":[{"@type":"ReadAction","target":["https:\/\/www.oio.pl\/product\/mini-pc-pipo-x2s-2-64gb-windows-10\/"]}]},{"@type":"ImageObject","inLanguage":"en-US","@id":"https:\/\/www.oio.pl\/product\/mini-pc-pipo-x2s-2-64gb-windows-10\/#primaryimage","url":"https:\/\/www.oio.pl\/wp-content\/uploads\/2022\/02\/X2A_03.jpg","contentUrl":"https:\/\/www.oio.pl\/wp-content\/uploads\/2022\/02\/X2A_03.jpg","width":790,"height":794},{"@type":"BreadcrumbList","@id":"https:\/\/www.oio.pl\/product\/mini-pc-pipo-x2s-2-64gb-windows-10\/#breadcrumb","itemListElement":[{"@type":"ListItem","position":1,"name":"Strona g\u0142\u00f3wna","item":"https:\/\/www.oio.pl\/"},{"@type":"ListItem","position":2,"name":"Produkty","item":"https:\/\/www.oio.pl\/"},{"@type":"ListItem","position":3,"name":"Mini PC Pipo X2S 2\/64GB Windows 10"}]},{"@type":"WebSite","@id":"https:\/\/www.oio.pl\/#website","url":"https:\/\/www.oio.pl\/","name":"OIO.pl \u2013 Industrial tablets, IT equipment for industry and logistics","description":"industrial tablets, rugged tablet, industrial computer, durable tablet, equipment for industry, Windows tablet, IP67 tablet, warehouse laptop, industrial electronics, industrial computers, oio.pl, logistics equipment, field work tablet, industrial touch monitor","publisher":{"@id":"https:\/\/www.oio.pl\/#organization"},"alternateName":"Sklep internetowy dla przemys\u0142u","potentialAction":[{"@type":"SearchAction","target":{"@type":"EntryPoint","urlTemplate":"https:\/\/www.oio.pl\/?s={search_term_string}"},"query-input":{"@type":"PropertyValueSpecification","valueRequired":true,"valueName":"search_term_string"}}],"inLanguage":"en-US"},{"@type":"Organization","@id":"https:\/\/www.oio.pl\/#organization","name":"OIO","alternateName":"Sprz\u0119t komputerowy","url":"https:\/\/www.oio.pl\/","logo":{"@type":"ImageObject","inLanguage":"en-US","@id":"https:\/\/www.oio.pl\/#\/schema\/logo\/image\/","url":"https:\/\/www.oio.pl\/wp-content\/uploads\/2023\/11\/cropped-cropped-oio_120x120.jpg","contentUrl":"https:\/\/www.oio.pl\/wp-content\/uploads\/2023\/11\/cropped-cropped-oio_120x120.jpg","width":120,"height":48,"caption":"OIO"},"image":{"@id":"https:\/\/www.oio.pl\/#\/schema\/logo\/image\/"},"sameAs":["https:\/\/www.facebook.com\/oiopl"]}]}},"_links":{"self":[{"href":"https:\/\/www.oio.pl\/en\/wp-json\/wp\/v2\/product\/3887","targetHints":{"allow":["GET"]}}],"collection":[{"href":"https:\/\/www.oio.pl\/en\/wp-json\/wp\/v2\/product"}],"about":[{"href":"https:\/\/www.oio.pl\/en\/wp-json\/wp\/v2\/types\/product"}],"replies":[{"embeddable":true,"href":"https:\/\/www.oio.pl\/en\/wp-json\/wp\/v2\/comments?post=3887"}],"wp:featuredmedia":[{"embeddable":true,"href":"https:\/\/www.oio.pl\/en\/wp-json\/wp\/v2\/media\/7737"}],"wp:attachment":[{"href":"https:\/\/www.oio.pl\/en\/wp-json\/wp\/v2\/media?parent=3887"}],"wp:term":[{"taxonomy":"product_brand","embeddable":true,"href":"https:\/\/www.oio.pl\/en\/wp-json\/wp\/v2\/product_brand?post=3887"},{"taxonomy":"product_cat","embeddable":true,"href":"https:\/\/www.oio.pl\/en\/wp-json\/wp\/v2\/product_cat?post=3887"},{"taxonomy":"product_tag","embeddable":true,"href":"https:\/\/www.oio.pl\/en\/wp-json\/wp\/v2\/product_tag?post=3887"}],"curies":[{"name":"wp","href":"https:\/\/api.w.org\/{rel}","templated":true}]}}