{"id":5370,"date":"2023-06-07T11:58:40","date_gmt":"2023-06-07T09:58:40","guid":{"rendered":"https:\/\/www.oio.pl\/?post_type=product&#038;p=5370"},"modified":"2025-05-27T15:24:57","modified_gmt":"2025-05-27T13:24:57","slug":"industrial-monitor-215-19201080-resistive-7h-ip65f","status":"publish","type":"product","link":"https:\/\/www.oio.pl\/en\/product\/monitor-przemyslowy-215-19201080-rezystancyjny-7h-ip65f\/","title":{"rendered":"Industrial monitor 21.5\u2033 1920*1080 capacitive 7H IP65F"},"content":{"rendered":"<h2 style=\"text-align: center;\"><strong>Parameters in detail<\/strong><\/h2>\n<p>&nbsp;<\/p>\n<table style=\"font-size: 12px;\" border=\"0\" width=\"100%\" cellspacing=\"0\" cellpadding=\"0\">\n<tbody>\n<tr bgcolor=\"#E0E0E0\">\n<td align=\"right\" width=\"49%\"><strong>Monitor model:<\/strong><\/td>\n<td width=\"1%\"><\/td>\n<td width=\"50%\">MCC-21R<\/td>\n<\/tr>\n<tr>\n<td align=\"right\"><strong>Diagonal:<\/strong><\/td>\n<td><\/td>\n<td>21,5&#8243;<\/td>\n<\/tr>\n<tr bgcolor=\"E0E0E0\">\n<td align=\"right\"><strong>Resolution:<\/strong><\/td>\n<td><\/td>\n<td>1920x1080<\/td>\n<\/tr>\n<tr>\n<td align=\"right\"><strong>Brightness:<\/strong><\/td>\n<td><\/td>\n<td>350 nits (260 nits with touchscreen)<\/td>\n<\/tr>\n<tr bgcolor=\"E0E0E0\">\n<td align=\"right\"><strong>Contrast:<\/strong><\/td>\n<td><\/td>\n<td>1000:1<\/td>\n<\/tr>\n<tr>\n<td align=\"right\"><strong>Proportions:<\/strong><\/td>\n<td><\/td>\n<td>16:9<\/td>\n<\/tr>\n<tr bgcolor=\"E0E0E0\">\n<td align=\"right\"><strong>Backlight:<\/strong><\/td>\n<td><\/td>\n<td>WLED<\/td>\n<\/tr>\n<tr>\n<td align=\"right\"><strong>Touchscreen:<\/strong><\/td>\n<td><\/td>\n<td>Yes<\/td>\n<\/tr>\n<tr bgcolor=\"E0E0E0\">\n<td align=\"right\"><strong>Touch Type:<\/strong><\/td>\n<td><\/td>\n<td>capacitive, Elo touch<\/td>\n<\/tr>\n<tr>\n<td align=\"right\"><strong>Touch transmission:<\/strong><\/td>\n<td><\/td>\n<td>&gt;75%<\/td>\n<\/tr>\n<tr bgcolor=\"E0E0E0\">\n<td align=\"right\"><strong>Surface hardness:<\/strong><\/td>\n<td><\/td>\n<td>7H<\/td>\n<\/tr>\n<tr>\n<td align=\"right\"><strong>Number of touch points:<\/strong><\/td>\n<td><\/td>\n<td>5 touch points<\/td>\n<\/tr>\n<tr bgcolor=\"E0E0E0\">\n<td align=\"right\"><strong>Loudspeakers:<\/strong><\/td>\n<td><\/td>\n<td>NO<\/td>\n<\/tr>\n<tr>\n<td align=\"right\"><strong>Microphone:<\/strong><\/td>\n<td><\/td>\n<td>NO<\/td>\n<\/tr>\n<tr bgcolor=\"E0E0E0\">\n<td align=\"right\"><strong>Inputs\/outputs:<\/strong><\/td>\n<td><\/td>\n<td>VGA (d-sub), HDMI, USB, audio<\/td>\n<\/tr>\n<tr>\n<td align=\"right\"><strong>Security:<\/strong><\/td>\n<td><\/td>\n<td>front IP65, rear IP54<\/td>\n<\/tr>\n<tr bgcolor=\"E0E0E0\">\n<td align=\"right\"><strong>Working surface:<\/strong><\/td>\n<td><\/td>\n<td>478 x 269 mm<\/td>\n<\/tr>\n<tr>\n<td align=\"right\"><strong>Viewing angles:<\/strong><\/td>\n<td><\/td>\n<td>85 \/ 85 \/ 80 \/ 60<\/td>\n<\/tr>\n<tr bgcolor=\"E0E0E0\">\n<td align=\"right\"><strong>Working temperature:<\/strong><\/td>\n<td><\/td>\n<td>0 \u2013 60 \u00b0C<\/td>\n<\/tr>\n<tr>\n<td align=\"right\"><strong>Humidity:<\/strong><\/td>\n<td><\/td>\n<td>10~90%<\/td>\n<\/tr>\n<tr bgcolor=\"E0E0E0\">\n<td align=\"right\"><strong>Dimensions:<\/strong><\/td>\n<td><\/td>\n<td>539 x 327 x 51 mm<\/td>\n<\/tr>\n<tr>\n<td align=\"right\"><strong>Libra:<\/strong><\/td>\n<td><\/td>\n<td>n.d<\/td>\n<\/tr>\n<tr bgcolor=\"E0E0E0\">\n<td align=\"right\"><strong>Installation:<\/strong><\/td>\n<td><\/td>\n<td>VESA, 75 x 75, 100 x 100<\/td>\n<\/tr>\n<tr>\n<td align=\"right\"><strong>Power supply:<\/strong><\/td>\n<td><\/td>\n<td>12V 2.5A (25W max)<\/td>\n<\/tr>\n<tr bgcolor=\"E0E0E0\">\n<td align=\"right\"><strong>Guarantee:<\/strong><\/td>\n<td><\/td>\n<td>12 months<\/td>\n<\/tr>\n<tr>\n<td align=\"right\"><strong>Equipment:<\/strong><\/td>\n<td><\/td>\n<td>monitor, power supply, mounting bracket, USB cable, HDMI cable<\/td>\n<\/tr>\n<\/tbody>\n<\/table>\n<h3><\/h3>","protected":false},"excerpt":{"rendered":"<p>Parametry w szczeg\u00f3\u0142ach &nbsp; Model monitora: MCC-21R Przek\u0105tna: 21,5&#8243; Rozdzielczo\u015b\u0107: 1920 x 1080 Jasno\u015b\u0107: 350 nit\u00f3w (260 nit\u00f3w z ekranem dotykowym) Kontrast: 1000:1 Proporcje: 16:9 Pod\u015bwietlenie: WLED Ekran dotykowy: Tak Typ dotyku: pojemno\u015bciowy , Elo touch Transmisja dotyku: &gt; 75% Twardo\u015b\u0107 powierzchni: 7H Ilo\u015b\u0107 punkt\u00f3w dotykowych: 5 punkt\u00f3w dotykowych G\u0142o\u015bniki: Nie Mikrofon: Nie Wej\u015bcia\/wyj\u015bcia: VGA [&hellip;]<\/p>\n","protected":false},"featured_media":5372,"comment_status":"closed","ping_status":"closed","template":"","meta":[],"product_brand":[],"product_cat":[1845],"product_tag":[],"class_list":{"0":"post-5370","1":"product","2":"type-product","3":"status-publish","4":"has-post-thumbnail","6":"product_cat-monitory","8":"first","9":"instock","10":"taxable","11":"shipping-taxable","12":"purchasable","13":"product-type-simple","14":"czr-hentry"},"yoast_head":"<!-- This site is optimized with the Yoast SEO plugin v27.4 - https:\/\/yoast.com\/product\/yoast-seo-wordpress\/ -->\n<title>Monitor przemys\u0142owy 21,5&quot; 1920*1080 pojemno\u015bciowy 7H IP65F - Mini PC, Komputery, Laptopy, Translatory<\/title>\n<meta name=\"robots\" content=\"index, follow, max-snippet:-1, max-image-preview:large, max-video-preview:-1\" \/>\n<link rel=\"canonical\" href=\"https:\/\/www.oio.pl\/en\/product\/industrial-monitor-215-19201080-resistive-7h-ip65f\/\" \/>\n<meta property=\"og:locale\" content=\"en_US\" \/>\n<meta property=\"og:type\" content=\"article\" \/>\n<meta property=\"og:title\" content=\"Monitor przemys\u0142owy 21,5&quot; 1920*1080 pojemno\u015bciowy 7H IP65F - Mini PC, Komputery, Laptopy, Translatory\" \/>\n<meta property=\"og:description\" content=\"Parametry w szczeg\u00f3\u0142ach &nbsp; Model monitora: MCC-21R Przek\u0105tna: 21,5&#8243; Rozdzielczo\u015b\u0107: 1920 x 1080 Jasno\u015b\u0107: 350 nit\u00f3w (260 nit\u00f3w z ekranem dotykowym) Kontrast: 1000:1 Proporcje: 16:9 Pod\u015bwietlenie: WLED Ekran dotykowy: Tak Typ dotyku: pojemno\u015bciowy , Elo touch Transmisja dotyku: &gt; 75% Twardo\u015b\u0107 powierzchni: 7H Ilo\u015b\u0107 punkt\u00f3w dotykowych: 5 punkt\u00f3w dotykowych G\u0142o\u015bniki: Nie Mikrofon: Nie Wej\u015bcia\/wyj\u015bcia: VGA [&hellip;]\" \/>\n<meta property=\"og:url\" content=\"https:\/\/www.oio.pl\/en\/product\/industrial-monitor-215-19201080-resistive-7h-ip65f\/\" \/>\n<meta property=\"og:site_name\" content=\"Mini PC, Komputery, Laptopy, Translatory\" \/>\n<meta property=\"article:publisher\" content=\"https:\/\/www.facebook.com\/oiopl\" \/>\n<meta property=\"article:modified_time\" content=\"2025-05-27T13:24:57+00:00\" \/>\n<meta property=\"og:image\" content=\"https:\/\/www.oio.pl\/wp-content\/uploads\/2023\/06\/C215TMxy-1.jpg\" \/>\n\t<meta property=\"og:image:width\" content=\"800\" \/>\n\t<meta property=\"og:image:height\" content=\"800\" \/>\n\t<meta property=\"og:image:type\" content=\"image\/jpeg\" \/>\n<meta name=\"twitter:card\" content=\"summary_large_image\" \/>\n<meta name=\"twitter:label1\" content=\"Est. reading time\" \/>\n\t<meta name=\"twitter:data1\" content=\"1 minute\" \/>\n<script type=\"application\/ld+json\" class=\"yoast-schema-graph\">{\"@context\":\"https:\\\/\\\/schema.org\",\"@graph\":[{\"@type\":\"WebPage\",\"@id\":\"https:\\\/\\\/www.oio.pl\\\/product\\\/monitor-przemyslowy-215-19201080-rezystancyjny-7h-ip65f\\\/\",\"url\":\"https:\\\/\\\/www.oio.pl\\\/product\\\/monitor-przemyslowy-215-19201080-rezystancyjny-7h-ip65f\\\/\",\"name\":\"Monitor przemys\u0142owy 21,5\\\" 1920*1080 pojemno\u015bciowy 7H IP65F - Mini PC, Komputery, Laptopy, Translatory\",\"isPartOf\":{\"@id\":\"https:\\\/\\\/www.oio.pl\\\/#website\"},\"primaryImageOfPage\":{\"@id\":\"https:\\\/\\\/www.oio.pl\\\/product\\\/monitor-przemyslowy-215-19201080-rezystancyjny-7h-ip65f\\\/#primaryimage\"},\"image\":{\"@id\":\"https:\\\/\\\/www.oio.pl\\\/product\\\/monitor-przemyslowy-215-19201080-rezystancyjny-7h-ip65f\\\/#primaryimage\"},\"thumbnailUrl\":\"https:\\\/\\\/www.oio.pl\\\/wp-content\\\/uploads\\\/2023\\\/06\\\/C215TMxy-1.jpg\",\"datePublished\":\"2023-06-07T09:58:40+00:00\",\"dateModified\":\"2025-05-27T13:24:57+00:00\",\"breadcrumb\":{\"@id\":\"https:\\\/\\\/www.oio.pl\\\/product\\\/monitor-przemyslowy-215-19201080-rezystancyjny-7h-ip65f\\\/#breadcrumb\"},\"inLanguage\":\"en-US\",\"potentialAction\":[{\"@type\":\"ReadAction\",\"target\":[\"https:\\\/\\\/www.oio.pl\\\/product\\\/monitor-przemyslowy-215-19201080-rezystancyjny-7h-ip65f\\\/\"]}]},{\"@type\":\"ImageObject\",\"inLanguage\":\"en-US\",\"@id\":\"https:\\\/\\\/www.oio.pl\\\/product\\\/monitor-przemyslowy-215-19201080-rezystancyjny-7h-ip65f\\\/#primaryimage\",\"url\":\"https:\\\/\\\/www.oio.pl\\\/wp-content\\\/uploads\\\/2023\\\/06\\\/C215TMxy-1.jpg\",\"contentUrl\":\"https:\\\/\\\/www.oio.pl\\\/wp-content\\\/uploads\\\/2023\\\/06\\\/C215TMxy-1.jpg\",\"width\":800,\"height\":800},{\"@type\":\"BreadcrumbList\",\"@id\":\"https:\\\/\\\/www.oio.pl\\\/product\\\/monitor-przemyslowy-215-19201080-rezystancyjny-7h-ip65f\\\/#breadcrumb\",\"itemListElement\":[{\"@type\":\"ListItem\",\"position\":1,\"name\":\"Strona g\u0142\u00f3wna\",\"item\":\"https:\\\/\\\/www.oio.pl\\\/\"},{\"@type\":\"ListItem\",\"position\":2,\"name\":\"Produkty\",\"item\":\"https:\\\/\\\/www.oio.pl\\\/\"},{\"@type\":\"ListItem\",\"position\":3,\"name\":\"Monitor przemys\u0142owy 21,5&#8243; 1920*1080 pojemno\u015bciowy 7H IP65F\"}]},{\"@type\":\"WebSite\",\"@id\":\"https:\\\/\\\/www.oio.pl\\\/#website\",\"url\":\"https:\\\/\\\/www.oio.pl\\\/\",\"name\":\"OIO.pl \u2013 Tablety przemys\u0142owe, sprz\u0119t IT dla przemys\u0142u i logistyki\",\"description\":\"tablety przemys\u0142owe, rugged tablet, komputer przemys\u0142owy, tablet wytrzyma\u0142y, sprz\u0119t dla przemys\u0142u, tablet z Windows, tablet IP67, laptop dla magazynu, elektronika przemys\u0142owa, komputery przemys\u0142owe, oio.pl, sprz\u0119t dla logistyki, tablet do pracy w terenie, monitor dotykowy przemys\u0142owy\",\"publisher\":{\"@id\":\"https:\\\/\\\/www.oio.pl\\\/#organization\"},\"alternateName\":\"Sklep internetowy dla przemys\u0142u\",\"potentialAction\":[{\"@type\":\"SearchAction\",\"target\":{\"@type\":\"EntryPoint\",\"urlTemplate\":\"https:\\\/\\\/www.oio.pl\\\/?s={search_term_string}\"},\"query-input\":{\"@type\":\"PropertyValueSpecification\",\"valueRequired\":true,\"valueName\":\"search_term_string\"}}],\"inLanguage\":\"en-US\"},{\"@type\":\"Organization\",\"@id\":\"https:\\\/\\\/www.oio.pl\\\/#organization\",\"name\":\"OIO\",\"alternateName\":\"Sprz\u0119t komputerowy\",\"url\":\"https:\\\/\\\/www.oio.pl\\\/\",\"logo\":{\"@type\":\"ImageObject\",\"inLanguage\":\"en-US\",\"@id\":\"https:\\\/\\\/www.oio.pl\\\/#\\\/schema\\\/logo\\\/image\\\/\",\"url\":\"https:\\\/\\\/www.oio.pl\\\/wp-content\\\/uploads\\\/2023\\\/11\\\/cropped-cropped-oio_120x120.jpg\",\"contentUrl\":\"https:\\\/\\\/www.oio.pl\\\/wp-content\\\/uploads\\\/2023\\\/11\\\/cropped-cropped-oio_120x120.jpg\",\"width\":120,\"height\":48,\"caption\":\"OIO\"},\"image\":{\"@id\":\"https:\\\/\\\/www.oio.pl\\\/#\\\/schema\\\/logo\\\/image\\\/\"},\"sameAs\":[\"https:\\\/\\\/www.facebook.com\\\/oiopl\"]}]}<\/script>\n<!-- \/ Yoast SEO plugin. -->","yoast_head_json":{"title":"Industrial monitor 21.5&quot; 1920*1080 capacitive 7H IP65F - Mini PC, Computers, Laptops, Translators","robots":{"index":"index","follow":"follow","max-snippet":"max-snippet:-1","max-image-preview":"max-image-preview:large","max-video-preview":"max-video-preview:-1"},"canonical":"https:\/\/www.oio.pl\/en\/product\/industrial-monitor-215-19201080-resistive-7h-ip65f\/","og_locale":"en_US","og_type":"article","og_title":"Monitor przemys\u0142owy 21,5\" 1920*1080 pojemno\u015bciowy 7H IP65F - Mini PC, Komputery, Laptopy, Translatory","og_description":"Parametry w szczeg\u00f3\u0142ach &nbsp; Model monitora: MCC-21R Przek\u0105tna: 21,5&#8243; Rozdzielczo\u015b\u0107: 1920 x 1080 Jasno\u015b\u0107: 350 nit\u00f3w (260 nit\u00f3w z ekranem dotykowym) Kontrast: 1000:1 Proporcje: 16:9 Pod\u015bwietlenie: WLED Ekran dotykowy: Tak Typ dotyku: pojemno\u015bciowy , Elo touch Transmisja dotyku: &gt; 75% Twardo\u015b\u0107 powierzchni: 7H Ilo\u015b\u0107 punkt\u00f3w dotykowych: 5 punkt\u00f3w dotykowych G\u0142o\u015bniki: Nie Mikrofon: Nie Wej\u015bcia\/wyj\u015bcia: VGA [&hellip;]","og_url":"https:\/\/www.oio.pl\/en\/product\/industrial-monitor-215-19201080-resistive-7h-ip65f\/","og_site_name":"Mini PC, Komputery, Laptopy, Translatory","article_publisher":"https:\/\/www.facebook.com\/oiopl","article_modified_time":"2025-05-27T13:24:57+00:00","og_image":[{"width":800,"height":800,"url":"https:\/\/www.oio.pl\/wp-content\/uploads\/2023\/06\/C215TMxy-1.jpg","type":"image\/jpeg"}],"twitter_card":"summary_large_image","twitter_misc":{"Est. reading time":"1 minute"},"schema":{"@context":"https:\/\/schema.org","@graph":[{"@type":"WebPage","@id":"https:\/\/www.oio.pl\/product\/monitor-przemyslowy-215-19201080-rezystancyjny-7h-ip65f\/","url":"https:\/\/www.oio.pl\/product\/monitor-przemyslowy-215-19201080-rezystancyjny-7h-ip65f\/","name":"Industrial monitor 21.5&quot; 1920*1080 capacitive 7H IP65F - Mini PC, Computers, Laptops, Translators","isPartOf":{"@id":"https:\/\/www.oio.pl\/#website"},"primaryImageOfPage":{"@id":"https:\/\/www.oio.pl\/product\/monitor-przemyslowy-215-19201080-rezystancyjny-7h-ip65f\/#primaryimage"},"image":{"@id":"https:\/\/www.oio.pl\/product\/monitor-przemyslowy-215-19201080-rezystancyjny-7h-ip65f\/#primaryimage"},"thumbnailUrl":"https:\/\/www.oio.pl\/wp-content\/uploads\/2023\/06\/C215TMxy-1.jpg","datePublished":"2023-06-07T09:58:40+00:00","dateModified":"2025-05-27T13:24:57+00:00","breadcrumb":{"@id":"https:\/\/www.oio.pl\/product\/monitor-przemyslowy-215-19201080-rezystancyjny-7h-ip65f\/#breadcrumb"},"inLanguage":"en-US","potentialAction":[{"@type":"ReadAction","target":["https:\/\/www.oio.pl\/product\/monitor-przemyslowy-215-19201080-rezystancyjny-7h-ip65f\/"]}]},{"@type":"ImageObject","inLanguage":"en-US","@id":"https:\/\/www.oio.pl\/product\/monitor-przemyslowy-215-19201080-rezystancyjny-7h-ip65f\/#primaryimage","url":"https:\/\/www.oio.pl\/wp-content\/uploads\/2023\/06\/C215TMxy-1.jpg","contentUrl":"https:\/\/www.oio.pl\/wp-content\/uploads\/2023\/06\/C215TMxy-1.jpg","width":800,"height":800},{"@type":"BreadcrumbList","@id":"https:\/\/www.oio.pl\/product\/monitor-przemyslowy-215-19201080-rezystancyjny-7h-ip65f\/#breadcrumb","itemListElement":[{"@type":"ListItem","position":1,"name":"Strona g\u0142\u00f3wna","item":"https:\/\/www.oio.pl\/"},{"@type":"ListItem","position":2,"name":"Produkty","item":"https:\/\/www.oio.pl\/"},{"@type":"ListItem","position":3,"name":"Monitor przemys\u0142owy 21,5&#8243; 1920*1080 pojemno\u015bciowy 7H IP65F"}]},{"@type":"WebSite","@id":"https:\/\/www.oio.pl\/#website","url":"https:\/\/www.oio.pl\/","name":"OIO.pl \u2013 Industrial tablets, IT equipment for industry and logistics","description":"industrial tablets, rugged tablet, industrial computer, durable tablet, equipment for industry, Windows tablet, IP67 tablet, warehouse laptop, industrial electronics, industrial computers, oio.pl, logistics equipment, field work tablet, industrial touch monitor","publisher":{"@id":"https:\/\/www.oio.pl\/#organization"},"alternateName":"Sklep internetowy dla przemys\u0142u","potentialAction":[{"@type":"SearchAction","target":{"@type":"EntryPoint","urlTemplate":"https:\/\/www.oio.pl\/?s={search_term_string}"},"query-input":{"@type":"PropertyValueSpecification","valueRequired":true,"valueName":"search_term_string"}}],"inLanguage":"en-US"},{"@type":"Organization","@id":"https:\/\/www.oio.pl\/#organization","name":"OIO","alternateName":"Sprz\u0119t komputerowy","url":"https:\/\/www.oio.pl\/","logo":{"@type":"ImageObject","inLanguage":"en-US","@id":"https:\/\/www.oio.pl\/#\/schema\/logo\/image\/","url":"https:\/\/www.oio.pl\/wp-content\/uploads\/2023\/11\/cropped-cropped-oio_120x120.jpg","contentUrl":"https:\/\/www.oio.pl\/wp-content\/uploads\/2023\/11\/cropped-cropped-oio_120x120.jpg","width":120,"height":48,"caption":"OIO"},"image":{"@id":"https:\/\/www.oio.pl\/#\/schema\/logo\/image\/"},"sameAs":["https:\/\/www.facebook.com\/oiopl"]}]}},"_links":{"self":[{"href":"https:\/\/www.oio.pl\/en\/wp-json\/wp\/v2\/product\/5370","targetHints":{"allow":["GET"]}}],"collection":[{"href":"https:\/\/www.oio.pl\/en\/wp-json\/wp\/v2\/product"}],"about":[{"href":"https:\/\/www.oio.pl\/en\/wp-json\/wp\/v2\/types\/product"}],"replies":[{"embeddable":true,"href":"https:\/\/www.oio.pl\/en\/wp-json\/wp\/v2\/comments?post=5370"}],"wp:featuredmedia":[{"embeddable":true,"href":"https:\/\/www.oio.pl\/en\/wp-json\/wp\/v2\/media\/5372"}],"wp:attachment":[{"href":"https:\/\/www.oio.pl\/en\/wp-json\/wp\/v2\/media?parent=5370"}],"wp:term":[{"taxonomy":"product_brand","embeddable":true,"href":"https:\/\/www.oio.pl\/en\/wp-json\/wp\/v2\/product_brand?post=5370"},{"taxonomy":"product_cat","embeddable":true,"href":"https:\/\/www.oio.pl\/en\/wp-json\/wp\/v2\/product_cat?post=5370"},{"taxonomy":"product_tag","embeddable":true,"href":"https:\/\/www.oio.pl\/en\/wp-json\/wp\/v2\/product_tag?post=5370"}],"curies":[{"name":"wp","href":"https:\/\/api.w.org\/{rel}","templated":true}]}}