{"id":6073,"date":"2023-12-31T18:45:25","date_gmt":"2023-12-31T17:45:25","guid":{"rendered":"https:\/\/www.oio.pl\/?post_type=product&#038;p=6073"},"modified":"2024-08-11T07:16:19","modified_gmt":"2024-08-11T05:16:19","slug":"monitor-with-dual-display-156-dual-1920x1080","status":"publish","type":"product","link":"https:\/\/www.oio.pl\/en\/product\/monitor-z-podwojnym-wyswietlaczem-156-dual-1920x1080\/","title":{"rendered":"Portable monitor with 15.6&quot; Dual 1920\u00d71080 VESA display"},"content":{"rendered":"<h1 class=\"western\"><span style=\"font-family: Open Sans, sans-serif;\"><span style=\"font-size: x-large;\">Dual, portable display with built-in stand<br \/>\n<\/span><\/span><\/h1>\n<p><span style=\"font-family: Open Sans, sans-serif;\"><span style=\"font-size: medium;\">A foldable monitor with two screens with a diagonal of 15.6 inches each, thanks to which work will no longer be as burdensome as on a small screen. By connecting to a computer\/laptop, we obtain three user-defined work windows that can ensure greater efficiency and productivity.<\/span><\/span><\/p>\n<p><span style=\"font-family: Open Sans, sans-serif;\"><span style=\"font-size: medium;\">Connecting and using two screens simultaneously is possible using only one USB-C cable (drivers must be installed).<\/span><\/span><\/p>\n<p><span style=\"font-family: Open Sans, sans-serif;\"><span style=\"font-size: medium;\">This monitor model is a new generation of expanding work possibilities.<\/span><\/span><\/p>\n<p><span style=\"font-family: Open Sans, sans-serif;\"><span style=\"font-size: medium;\">The equipment has undergone extensive testing and feedback from various users during the R&amp;D and design process. The latest version of the foldable dual screen does away with complicated cabling and only requires a Type-C cable to use three screens simultaneously, making your desk tidier.<\/span><\/span><\/p>\n<p><span style=\"font-family: Open Sans, sans-serif;\"><span style=\"font-size: medium;\">The foldable monitor can be folded 360\u00b0 and adjusted to different angles to suit the needs of different screen angles. At the same time, the foldable design allows for easy folding, so the dual screen can be easily placed in your backpack and enhances portability. The monitor comes with a foldable stand design that makes it easy to use the monitors in multiple configurations.<\/span><\/span><\/p>\n<p><span style=\"font-family: Open Sans, sans-serif;\"><span style=\"font-size: medium;\">The monitor has a VESA mount, which increases the possibilities of using this solution. The ultra-thin design is also an advantage that cannot be ignored.<\/span><\/span><\/p>\n<p><span style=\"font-family: Open Sans, sans-serif;\"><span style=\"font-size: medium;\">The monitor has two USB-C ports and one HDMI, which makes it highly compatible with modern devices. The Chipol MT1601 model was tested with a laptop and computers with Windows and Mac OS.<\/span><\/span><\/p>\n<p><span style=\"font-family: Open Sans, sans-serif;\"><span style=\"font-size: medium;\">When folded, the foldable monitor is only 22 mm thick, which is equivalent to the thickness of a laptop, which makes them very slim and does not take up space in a backpack or suitcase.<\/span><\/span><\/p>\n<p><span style=\"font-family: Open Sans, sans-serif;\"><span style=\"font-size: medium;\">Architectural drawings are often the drawings with the most detail. Designers must pay close attention to every detail when creating and control quality and size. More screen space can make details clearer and reduce errors in the creation process.<\/span><\/span><\/p>\n<p><span style=\"font-family: Open Sans, sans-serif;\"><span style=\"font-size: medium;\">You can access the game console to experience the joy of gaming. At the same time, you can also play movies, competitive games, etc. on the screen, pay attention to current events, enhance your entertainment and double the value of your investment.<\/span><\/span><\/p>\n<p>Fully compatible with Windows 10\/11 and Macbook Air and Pro.<\/p>","protected":false},"excerpt":{"rendered":"<p>Podw\u00f3jny, przeno\u015bny wy\u015bwietlacz z wbudowan\u0105 podstaw\u0105 Sk\u0142adany monitor z dwoma ekranami o przek\u0105tnej 15,6 cala ka\u017cdy, dzi\u0119ki kt\u00f3rym praca nie b\u0119dzie ju\u017c tak uci\u0105\u017cliwa jak na ma\u0142ym ekranie. Pod\u0142\u0105czaj\u0105c do komputera\/laptopa uzyskujemy trzy okna robocze, kt\u00f3re zdefiniowane przez u\u017cytkownika mog\u0105 zapewni\u0107 wi\u0119ksz\u0105 wydajno\u015b\u0107 i produktywno\u015b\u0107 pracy. Pod\u0142\u0105czenie i korzystanie r\u00f3wnocze\u015bnie z dw\u00f3ch ekran\u00f3w jest mo\u017cliwe [&hellip;]<\/p>\n","protected":false},"featured_media":6077,"comment_status":"closed","ping_status":"closed","template":"","meta":[],"product_brand":[],"product_cat":[2467],"product_tag":[2665,2667,2663,2697,2679,2703,2701,2669,2681,2675,2685,2687,2673,2677,2683,2661,2689,2671,2693,2695,2691,2699,2705],"class_list":{"0":"post-6073","1":"product","2":"type-product","3":"status-publish","4":"has-post-thumbnail","6":"product_cat-monitoryusb","7":"product_tag-dwa-monitory","8":"product_tag-jak-skonfigurowac-dwa-monitory","9":"product_tag-konfiguracja-dwoch-monitorow","10":"product_tag-konfiguracja-mocowania-na-dwa-monitory","11":"product_tag-konfiguracja-z-trzema-monitorami","12":"product_tag-kvm-z-dwoma-monitorami","13":"product_tag-mac-z-dwoma-monitorami","14":"product_tag-monitor","15":"product_tag-monitor-do-gier","16":"product_tag-monitor-do-laptopa-z-dwoma-ekranami","17":"product_tag-monitor-ultrawide","18":"product_tag-monitor-ultrawide-vs-podwojny-monitor","19":"product_tag-monitor-z-dwoma-ekranami","20":"product_tag-najlepszy-monitor","21":"product_tag-podwojny-ekran","22":"product_tag-podwojny-monitor","23":"product_tag-przenosny-monitor","24":"product_tag-ramie-na-dwa-monitory","25":"product_tag-recenzja-mocowania-na-dwa-monitory","26":"product_tag-sposob-montazu-dwoch-monitorow","27":"product_tag-uchwyt-na-dwa-monitory","28":"product_tag-uchwyt-na-dwa-monitory-huanuo","29":"product_tag-wskazowki-dotyczace-dwoch-monitorow","31":"first","32":"instock","33":"taxable","34":"shipping-taxable","35":"purchasable","36":"product-type-simple","37":"czr-hentry"},"yoast_head":"<!-- This site is optimized with the Yoast SEO plugin v27.4 - https:\/\/yoast.com\/product\/yoast-seo-wordpress\/ -->\n<title>Monitor przeno\u015bny z podw\u00f3jnym wy\u015bwietlaczem 15,6&quot; Dual 1920x1080 VESA - Mini PC, Komputery, Laptopy, Translatory<\/title>\n<meta name=\"robots\" content=\"index, follow, max-snippet:-1, max-image-preview:large, max-video-preview:-1\" \/>\n<link rel=\"canonical\" href=\"https:\/\/www.oio.pl\/en\/product-2\/monitor-with-dual-display-156-dual-1920x1080\/\" \/>\n<meta property=\"og:locale\" content=\"en_US\" \/>\n<meta property=\"og:type\" content=\"article\" \/>\n<meta property=\"og:title\" content=\"Monitor przeno\u015bny z podw\u00f3jnym wy\u015bwietlaczem 15,6&quot; Dual 1920x1080 VESA - Mini PC, Komputery, Laptopy, Translatory\" \/>\n<meta property=\"og:description\" content=\"Podw\u00f3jny, przeno\u015bny wy\u015bwietlacz z wbudowan\u0105 podstaw\u0105 Sk\u0142adany monitor z dwoma ekranami o przek\u0105tnej 15,6 cala ka\u017cdy, dzi\u0119ki kt\u00f3rym praca nie b\u0119dzie ju\u017c tak uci\u0105\u017cliwa jak na ma\u0142ym ekranie. Pod\u0142\u0105czaj\u0105c do komputera\/laptopa uzyskujemy trzy okna robocze, kt\u00f3re zdefiniowane przez u\u017cytkownika mog\u0105 zapewni\u0107 wi\u0119ksz\u0105 wydajno\u015b\u0107 i produktywno\u015b\u0107 pracy. Pod\u0142\u0105czenie i korzystanie r\u00f3wnocze\u015bnie z dw\u00f3ch ekran\u00f3w jest mo\u017cliwe [&hellip;]\" \/>\n<meta property=\"og:url\" content=\"https:\/\/www.oio.pl\/en\/product-2\/monitor-with-dual-display-156-dual-1920x1080\/\" \/>\n<meta property=\"og:site_name\" content=\"Mini PC, Komputery, Laptopy, Translatory\" \/>\n<meta property=\"article:publisher\" content=\"https:\/\/www.facebook.com\/oiopl\" \/>\n<meta property=\"article:modified_time\" content=\"2024-08-11T05:16:19+00:00\" \/>\n<meta property=\"og:image\" content=\"https:\/\/www.oio.pl\/wp-content\/uploads\/2023\/12\/Dual_01.png\" \/>\n\t<meta property=\"og:image:width\" content=\"919\" \/>\n\t<meta property=\"og:image:height\" content=\"793\" \/>\n\t<meta property=\"og:image:type\" content=\"image\/png\" \/>\n<meta name=\"twitter:card\" content=\"summary_large_image\" \/>\n<meta name=\"twitter:label1\" content=\"Est. reading time\" \/>\n\t<meta name=\"twitter:data1\" content=\"3 minutes\" \/>\n<script type=\"application\/ld+json\" class=\"yoast-schema-graph\">{\"@context\":\"https:\\\/\\\/schema.org\",\"@graph\":[{\"@type\":\"WebPage\",\"@id\":\"https:\\\/\\\/www.oio.pl\\\/produkt\\\/monitor-z-podwojnym-wyswietlaczem-156-dual-1920x1080\\\/\",\"url\":\"https:\\\/\\\/www.oio.pl\\\/produkt\\\/monitor-z-podwojnym-wyswietlaczem-156-dual-1920x1080\\\/\",\"name\":\"Monitor przeno\u015bny z podw\u00f3jnym wy\u015bwietlaczem 15,6\\\" Dual 1920x1080 VESA - Mini PC, Komputery, Laptopy, Translatory\",\"isPartOf\":{\"@id\":\"https:\\\/\\\/www.oio.pl\\\/#website\"},\"primaryImageOfPage\":{\"@id\":\"https:\\\/\\\/www.oio.pl\\\/produkt\\\/monitor-z-podwojnym-wyswietlaczem-156-dual-1920x1080\\\/#primaryimage\"},\"image\":{\"@id\":\"https:\\\/\\\/www.oio.pl\\\/produkt\\\/monitor-z-podwojnym-wyswietlaczem-156-dual-1920x1080\\\/#primaryimage\"},\"thumbnailUrl\":\"https:\\\/\\\/www.oio.pl\\\/wp-content\\\/uploads\\\/2023\\\/12\\\/Dual_01.png\",\"datePublished\":\"2023-12-31T17:45:25+00:00\",\"dateModified\":\"2024-08-11T05:16:19+00:00\",\"breadcrumb\":{\"@id\":\"https:\\\/\\\/www.oio.pl\\\/produkt\\\/monitor-z-podwojnym-wyswietlaczem-156-dual-1920x1080\\\/#breadcrumb\"},\"inLanguage\":\"en-US\",\"potentialAction\":[{\"@type\":\"ReadAction\",\"target\":[\"https:\\\/\\\/www.oio.pl\\\/produkt\\\/monitor-z-podwojnym-wyswietlaczem-156-dual-1920x1080\\\/\"]}]},{\"@type\":\"ImageObject\",\"inLanguage\":\"en-US\",\"@id\":\"https:\\\/\\\/www.oio.pl\\\/produkt\\\/monitor-z-podwojnym-wyswietlaczem-156-dual-1920x1080\\\/#primaryimage\",\"url\":\"https:\\\/\\\/www.oio.pl\\\/wp-content\\\/uploads\\\/2023\\\/12\\\/Dual_01.png\",\"contentUrl\":\"https:\\\/\\\/www.oio.pl\\\/wp-content\\\/uploads\\\/2023\\\/12\\\/Dual_01.png\",\"width\":919,\"height\":793},{\"@type\":\"BreadcrumbList\",\"@id\":\"https:\\\/\\\/www.oio.pl\\\/produkt\\\/monitor-z-podwojnym-wyswietlaczem-156-dual-1920x1080\\\/#breadcrumb\",\"itemListElement\":[{\"@type\":\"ListItem\",\"position\":1,\"name\":\"Strona g\u0142\u00f3wna\",\"item\":\"https:\\\/\\\/www.oio.pl\\\/\"},{\"@type\":\"ListItem\",\"position\":2,\"name\":\"Produkty\",\"item\":\"https:\\\/\\\/www.oio.pl\\\/\"},{\"@type\":\"ListItem\",\"position\":3,\"name\":\"Monitor przeno\u015bny z podw\u00f3jnym wy\u015bwietlaczem 15,6&#8243; Dual 1920&#215;1080 VESA\"}]},{\"@type\":\"WebSite\",\"@id\":\"https:\\\/\\\/www.oio.pl\\\/#website\",\"url\":\"https:\\\/\\\/www.oio.pl\\\/\",\"name\":\"OIO.pl \u2013 Tablety przemys\u0142owe, sprz\u0119t IT dla przemys\u0142u i logistyki\",\"description\":\"tablety przemys\u0142owe, rugged tablet, komputer przemys\u0142owy, tablet wytrzyma\u0142y, sprz\u0119t dla przemys\u0142u, tablet z Windows, tablet IP67, laptop dla magazynu, elektronika przemys\u0142owa, komputery przemys\u0142owe, oio.pl, sprz\u0119t dla logistyki, tablet do pracy w terenie, monitor dotykowy przemys\u0142owy\",\"publisher\":{\"@id\":\"https:\\\/\\\/www.oio.pl\\\/#organization\"},\"alternateName\":\"Sklep internetowy dla przemys\u0142u\",\"potentialAction\":[{\"@type\":\"SearchAction\",\"target\":{\"@type\":\"EntryPoint\",\"urlTemplate\":\"https:\\\/\\\/www.oio.pl\\\/?s={search_term_string}\"},\"query-input\":{\"@type\":\"PropertyValueSpecification\",\"valueRequired\":true,\"valueName\":\"search_term_string\"}}],\"inLanguage\":\"en-US\"},{\"@type\":\"Organization\",\"@id\":\"https:\\\/\\\/www.oio.pl\\\/#organization\",\"name\":\"OIO\",\"alternateName\":\"Sprz\u0119t komputerowy\",\"url\":\"https:\\\/\\\/www.oio.pl\\\/\",\"logo\":{\"@type\":\"ImageObject\",\"inLanguage\":\"en-US\",\"@id\":\"https:\\\/\\\/www.oio.pl\\\/#\\\/schema\\\/logo\\\/image\\\/\",\"url\":\"https:\\\/\\\/www.oio.pl\\\/wp-content\\\/uploads\\\/2023\\\/11\\\/cropped-cropped-oio_120x120.jpg\",\"contentUrl\":\"https:\\\/\\\/www.oio.pl\\\/wp-content\\\/uploads\\\/2023\\\/11\\\/cropped-cropped-oio_120x120.jpg\",\"width\":120,\"height\":48,\"caption\":\"OIO\"},\"image\":{\"@id\":\"https:\\\/\\\/www.oio.pl\\\/#\\\/schema\\\/logo\\\/image\\\/\"},\"sameAs\":[\"https:\\\/\\\/www.facebook.com\\\/oiopl\"]}]}<\/script>\n<!-- \/ Yoast SEO plugin. -->","yoast_head_json":{"title":"Portable Monitor with Dual Display 15.6&quot; Dual 1920x1080 VESA - Mini PC, Computers, Laptops, Translators","robots":{"index":"index","follow":"follow","max-snippet":"max-snippet:-1","max-image-preview":"max-image-preview:large","max-video-preview":"max-video-preview:-1"},"canonical":"https:\/\/www.oio.pl\/en\/product-2\/monitor-with-dual-display-156-dual-1920x1080\/","og_locale":"en_US","og_type":"article","og_title":"Monitor przeno\u015bny z podw\u00f3jnym wy\u015bwietlaczem 15,6\" Dual 1920x1080 VESA - Mini PC, Komputery, Laptopy, Translatory","og_description":"Podw\u00f3jny, przeno\u015bny wy\u015bwietlacz z wbudowan\u0105 podstaw\u0105 Sk\u0142adany monitor z dwoma ekranami o przek\u0105tnej 15,6 cala ka\u017cdy, dzi\u0119ki kt\u00f3rym praca nie b\u0119dzie ju\u017c tak uci\u0105\u017cliwa jak na ma\u0142ym ekranie. Pod\u0142\u0105czaj\u0105c do komputera\/laptopa uzyskujemy trzy okna robocze, kt\u00f3re zdefiniowane przez u\u017cytkownika mog\u0105 zapewni\u0107 wi\u0119ksz\u0105 wydajno\u015b\u0107 i produktywno\u015b\u0107 pracy. Pod\u0142\u0105czenie i korzystanie r\u00f3wnocze\u015bnie z dw\u00f3ch ekran\u00f3w jest mo\u017cliwe [&hellip;]","og_url":"https:\/\/www.oio.pl\/en\/product-2\/monitor-with-dual-display-156-dual-1920x1080\/","og_site_name":"Mini PC, Komputery, Laptopy, Translatory","article_publisher":"https:\/\/www.facebook.com\/oiopl","article_modified_time":"2024-08-11T05:16:19+00:00","og_image":[{"width":919,"height":793,"url":"https:\/\/www.oio.pl\/wp-content\/uploads\/2023\/12\/Dual_01.png","type":"image\/png"}],"twitter_card":"summary_large_image","twitter_misc":{"Est. reading time":"3 minutes"},"schema":{"@context":"https:\/\/schema.org","@graph":[{"@type":"WebPage","@id":"https:\/\/www.oio.pl\/produkt\/monitor-z-podwojnym-wyswietlaczem-156-dual-1920x1080\/","url":"https:\/\/www.oio.pl\/produkt\/monitor-z-podwojnym-wyswietlaczem-156-dual-1920x1080\/","name":"Portable Monitor with Dual Display 15.6&quot; Dual 1920x1080 VESA - Mini PC, Computers, Laptops, Translators","isPartOf":{"@id":"https:\/\/www.oio.pl\/#website"},"primaryImageOfPage":{"@id":"https:\/\/www.oio.pl\/produkt\/monitor-z-podwojnym-wyswietlaczem-156-dual-1920x1080\/#primaryimage"},"image":{"@id":"https:\/\/www.oio.pl\/produkt\/monitor-z-podwojnym-wyswietlaczem-156-dual-1920x1080\/#primaryimage"},"thumbnailUrl":"https:\/\/www.oio.pl\/wp-content\/uploads\/2023\/12\/Dual_01.png","datePublished":"2023-12-31T17:45:25+00:00","dateModified":"2024-08-11T05:16:19+00:00","breadcrumb":{"@id":"https:\/\/www.oio.pl\/produkt\/monitor-z-podwojnym-wyswietlaczem-156-dual-1920x1080\/#breadcrumb"},"inLanguage":"en-US","potentialAction":[{"@type":"ReadAction","target":["https:\/\/www.oio.pl\/produkt\/monitor-z-podwojnym-wyswietlaczem-156-dual-1920x1080\/"]}]},{"@type":"ImageObject","inLanguage":"en-US","@id":"https:\/\/www.oio.pl\/produkt\/monitor-z-podwojnym-wyswietlaczem-156-dual-1920x1080\/#primaryimage","url":"https:\/\/www.oio.pl\/wp-content\/uploads\/2023\/12\/Dual_01.png","contentUrl":"https:\/\/www.oio.pl\/wp-content\/uploads\/2023\/12\/Dual_01.png","width":919,"height":793},{"@type":"BreadcrumbList","@id":"https:\/\/www.oio.pl\/produkt\/monitor-z-podwojnym-wyswietlaczem-156-dual-1920x1080\/#breadcrumb","itemListElement":[{"@type":"ListItem","position":1,"name":"Strona g\u0142\u00f3wna","item":"https:\/\/www.oio.pl\/"},{"@type":"ListItem","position":2,"name":"Produkty","item":"https:\/\/www.oio.pl\/"},{"@type":"ListItem","position":3,"name":"Monitor przeno\u015bny z podw\u00f3jnym wy\u015bwietlaczem 15,6&#8243; Dual 1920&#215;1080 VESA"}]},{"@type":"WebSite","@id":"https:\/\/www.oio.pl\/#website","url":"https:\/\/www.oio.pl\/","name":"OIO.pl \u2013 Industrial tablets, IT equipment for industry and logistics","description":"industrial tablets, rugged tablet, industrial computer, durable tablet, equipment for industry, Windows tablet, IP67 tablet, warehouse laptop, industrial electronics, industrial computers, oio.pl, logistics equipment, field work tablet, industrial touch monitor","publisher":{"@id":"https:\/\/www.oio.pl\/#organization"},"alternateName":"Sklep internetowy dla przemys\u0142u","potentialAction":[{"@type":"SearchAction","target":{"@type":"EntryPoint","urlTemplate":"https:\/\/www.oio.pl\/?s={search_term_string}"},"query-input":{"@type":"PropertyValueSpecification","valueRequired":true,"valueName":"search_term_string"}}],"inLanguage":"en-US"},{"@type":"Organization","@id":"https:\/\/www.oio.pl\/#organization","name":"OIO","alternateName":"Sprz\u0119t komputerowy","url":"https:\/\/www.oio.pl\/","logo":{"@type":"ImageObject","inLanguage":"en-US","@id":"https:\/\/www.oio.pl\/#\/schema\/logo\/image\/","url":"https:\/\/www.oio.pl\/wp-content\/uploads\/2023\/11\/cropped-cropped-oio_120x120.jpg","contentUrl":"https:\/\/www.oio.pl\/wp-content\/uploads\/2023\/11\/cropped-cropped-oio_120x120.jpg","width":120,"height":48,"caption":"OIO"},"image":{"@id":"https:\/\/www.oio.pl\/#\/schema\/logo\/image\/"},"sameAs":["https:\/\/www.facebook.com\/oiopl"]}]}},"_links":{"self":[{"href":"https:\/\/www.oio.pl\/en\/wp-json\/wp\/v2\/product\/6073","targetHints":{"allow":["GET"]}}],"collection":[{"href":"https:\/\/www.oio.pl\/en\/wp-json\/wp\/v2\/product"}],"about":[{"href":"https:\/\/www.oio.pl\/en\/wp-json\/wp\/v2\/types\/product"}],"replies":[{"embeddable":true,"href":"https:\/\/www.oio.pl\/en\/wp-json\/wp\/v2\/comments?post=6073"}],"wp:featuredmedia":[{"embeddable":true,"href":"https:\/\/www.oio.pl\/en\/wp-json\/wp\/v2\/media\/6077"}],"wp:attachment":[{"href":"https:\/\/www.oio.pl\/en\/wp-json\/wp\/v2\/media?parent=6073"}],"wp:term":[{"taxonomy":"product_brand","embeddable":true,"href":"https:\/\/www.oio.pl\/en\/wp-json\/wp\/v2\/product_brand?post=6073"},{"taxonomy":"product_cat","embeddable":true,"href":"https:\/\/www.oio.pl\/en\/wp-json\/wp\/v2\/product_cat?post=6073"},{"taxonomy":"product_tag","embeddable":true,"href":"https:\/\/www.oio.pl\/en\/wp-json\/wp\/v2\/product_tag?post=6073"}],"curies":[{"name":"wp","href":"https:\/\/api.w.org\/{rel}","templated":true}]}}