{"id":6716,"date":"2024-07-13T13:07:10","date_gmt":"2024-07-13T11:07:10","guid":{"rendered":"https:\/\/www.oio.pl\/?post_type=product&#038;p=6716"},"modified":"2025-07-01T13:33:58","modified_gmt":"2025-07-01T11:33:58","slug":"industrial-tablet-pipo-x4-6gb-128gb-windows-10-ip67-3","status":"publish","type":"product","link":"https:\/\/www.oio.pl\/en\/product\/tablet-przemyslowy-chipol-x5n-8-128gb-windows-11-ip67\/","title":{"rendered":"Industrial tablet Chipol X5N 6\/128GB Windows 10\/11 IP67"},"content":{"rendered":"<p><strong>Chipol X5N tablet<\/strong> is the 2023 version, it has been redesigned to last where other tablets give up. The tablet casing is resistant to the harshest working conditions. Reinforced corners, Tight construction meets the requirements of the IP67 certificate, so the tablet will not be afraid of falling or submerging. The bright IPS display is readable in sunlight and provides wide viewing angles. Thanks to the capacitive touch panel, it can be used both with gloves and with wet hands.<\/p>\n<p>The manufacturer ensures a safe fall onto a wooden surface from a height of 1.2 m. <strong>Chipol 8\u2033 X5N tablet<\/strong>\u00a0can operate in the temperature range from -20\u00baC to +60\u00baC and humidity up to 95%.<\/p>\n<p>The Chipol X5N tablet is powered by the proven Intel Pentium J4120 quad-core processor and graphics<strong> Intel UHD 8th generation.<\/strong><\/p>\n<p>The number of I\/O ports is precisely matched to current needs, including: USB-C, USB 3.0, LAN RJ45 and Audio\/Mic.<\/p>\n<p><strong>Two cameras<\/strong> \u2013 rear 5 Mpx and front 2 Mpx complete the capabilities of this tablet.<\/p>\n<p>Big battery 4<strong>000 mAh 3.7V \u2013 14.8Wh<\/strong><\/p>\n<p>The durable battery will be useful at work and on long trips. This model is equipped with a polymer Li-ion battery with a capacity of 4000 mAh. As a result, the tablet can operate without charging for up to 5 hours. Thanks to this, you can devote yourself to your affairs without fear that it will limit your working time.<\/p>\n<p>Extremely durable and handy.<\/p>\n<p>Extreme conditions are the environment in which the Chipol X5NP will prove its worth in the 100%. Its housing has been designed to withstand the most extreme conditions - from high and low temperatures to the destructive effects of dust and moisture. The structure can even withstand immersion to a depth of 1 meter for 30 minutes. This allows the tablet to work in any conditions, keeping up with you throughout the day.<\/p>\n<p>This tablet model can be equipped with a code reader - 2D scanner.<\/p>\n<p>The tablet can be equipped with a GSM LTE modem.<\/p>","protected":false},"excerpt":{"rendered":"<p>Tablet Chipol X5N jest wersj\u0105 z roku 2023, zosta\u0142 na nowo zaprojektowany tak, aby wytrzyma\u0107 wsz\u0119dzie tam, gdzie inne tablety si\u0119 poddaj\u0105. Obudowa tabletu jest odporna na najci\u0119\u017csze warunki pracy. Wzmocnione rogi, Szczelna konstrukcja spe\u0142nia wymagania stawiane przez certyfikat IP67, dzi\u0119ki czemu tablet nie b\u0119dzie ba\u0142 si\u0119 upadku czy zanurzenia. Jasny wy\u015bwietlacz IPS jest czytelny [&hellip;]<\/p>\n","protected":false},"featured_media":6721,"comment_status":"closed","ping_status":"closed","template":"","meta":[],"product_brand":[3231],"product_cat":[100,118],"product_tag":[52,77,3069,3064,45,46,3061,3085,3060,3081,3075,3058,3072,3073,3079,3078,3084,3067,101,3071,3076,3074,3065,3082,3068,3059,3066,3080,3083,48,3063,3070,3062,3077],"class_list":{"0":"post-6716","1":"product","2":"type-product","3":"status-publish","4":"has-post-thumbnail","6":"product_brand-chipol","7":"product_cat-tb-przemyslowe","8":"product_cat-tabletwindows","9":"product_tag-dotykowy","10":"product_tag-komputer-przemyslowy","11":"product_tag-kultowy-tablet","12":"product_tag-l10-tablet","13":"product_tag-mikrokomputer","14":"product_tag-mini-pc","15":"product_tag-przemyslowy","16":"product_tag-retro-tablet","17":"product_tag-rugged-tablet","18":"product_tag-rugged-tablet-pc-windows","19":"product_tag-stary-tablet-wykorzystanie","20":"product_tag-tablet","21":"product_tag-tablet-12","22":"product_tag-tablet-2-w-1","23":"product_tag-tablet-2007","24":"product_tag-tablet-na-windows","25":"product_tag-tablet-nokia","26":"product_tag-tablet-nowy","27":"product_tag-tablet-przemyslowy","28":"product_tag-tablet-z-rysik","29":"product_tag-tableta-zebra","30":"product_tag-tablets","31":"product_tag-tablety","32":"product_tag-tablety-do-sieci-sprzedazy","33":"product_tag-tablety-medyczne","34":"product_tag-tablety-przemyslowe","35":"product_tag-tablety-zebra","36":"product_tag-tani-tablet","37":"product_tag-tough-tablet","38":"product_tag-windows-10","39":"product_tag-windows-tablet","40":"product_tag-wytrzymaly-tablet","41":"product_tag-zebra-tablet","42":"product_tag-zebra-tablets","44":"first","45":"instock","46":"taxable","47":"shipping-taxable","48":"purchasable","49":"product-type-variable","50":"has-default-attributes","51":"czr-hentry"},"yoast_head":"<!-- This site is optimized with the Yoast SEO plugin v27.4 - https:\/\/yoast.com\/product\/yoast-seo-wordpress\/ -->\n<title>Tablet przemys\u0142owy Chipol X5N 6\/128GB Windows 10\/11 IP67 - Mini PC, Komputery, Laptopy, Translatory<\/title>\n<meta name=\"robots\" content=\"index, follow, max-snippet:-1, max-image-preview:large, max-video-preview:-1\" \/>\n<link rel=\"canonical\" href=\"https:\/\/www.oio.pl\/en\/product\/industrial-tablet-pipo-x4-6gb-128gb-windows-10-ip67-3\/\" \/>\n<meta property=\"og:locale\" content=\"en_US\" \/>\n<meta property=\"og:type\" content=\"article\" \/>\n<meta property=\"og:title\" content=\"Tablet przemys\u0142owy Chipol X5N 6\/128GB Windows 10\/11 IP67 - Mini PC, Komputery, Laptopy, Translatory\" \/>\n<meta property=\"og:description\" content=\"Tablet Chipol X5N jest wersj\u0105 z roku 2023, zosta\u0142 na nowo zaprojektowany tak, aby wytrzyma\u0107 wsz\u0119dzie tam, gdzie inne tablety si\u0119 poddaj\u0105. Obudowa tabletu jest odporna na najci\u0119\u017csze warunki pracy. Wzmocnione rogi, Szczelna konstrukcja spe\u0142nia wymagania stawiane przez certyfikat IP67, dzi\u0119ki czemu tablet nie b\u0119dzie ba\u0142 si\u0119 upadku czy zanurzenia. Jasny wy\u015bwietlacz IPS jest czytelny [&hellip;]\" \/>\n<meta property=\"og:url\" content=\"https:\/\/www.oio.pl\/en\/product\/industrial-tablet-pipo-x4-6gb-128gb-windows-10-ip67-3\/\" \/>\n<meta property=\"og:site_name\" content=\"Mini PC, Komputery, Laptopy, Translatory\" \/>\n<meta property=\"article:publisher\" content=\"https:\/\/www.facebook.com\/oiopl\" \/>\n<meta property=\"article:modified_time\" content=\"2025-07-01T11:33:58+00:00\" \/>\n<meta property=\"og:image\" content=\"https:\/\/www.oio.pl\/wp-content\/uploads\/2024\/07\/Pipo_X5_03.jpg\" \/>\n\t<meta property=\"og:image:width\" content=\"990\" \/>\n\t<meta property=\"og:image:height\" content=\"555\" \/>\n\t<meta property=\"og:image:type\" content=\"image\/jpeg\" \/>\n<meta name=\"twitter:card\" content=\"summary_large_image\" \/>\n<meta name=\"twitter:label1\" content=\"Est. reading time\" \/>\n\t<meta name=\"twitter:data1\" content=\"2 minutes\" \/>\n<script type=\"application\/ld+json\" class=\"yoast-schema-graph\">{\"@context\":\"https:\\\/\\\/schema.org\",\"@graph\":[{\"@type\":\"WebPage\",\"@id\":\"https:\\\/\\\/www.oio.pl\\\/product\\\/tablet-przemyslowy-chipol-x5n-8-128gb-windows-11-ip67\\\/\",\"url\":\"https:\\\/\\\/www.oio.pl\\\/product\\\/tablet-przemyslowy-chipol-x5n-8-128gb-windows-11-ip67\\\/\",\"name\":\"Tablet przemys\u0142owy Chipol X5N 6\\\/128GB Windows 10\\\/11 IP67 - Mini PC, Komputery, Laptopy, Translatory\",\"isPartOf\":{\"@id\":\"https:\\\/\\\/www.oio.pl\\\/#website\"},\"primaryImageOfPage\":{\"@id\":\"https:\\\/\\\/www.oio.pl\\\/product\\\/tablet-przemyslowy-chipol-x5n-8-128gb-windows-11-ip67\\\/#primaryimage\"},\"image\":{\"@id\":\"https:\\\/\\\/www.oio.pl\\\/product\\\/tablet-przemyslowy-chipol-x5n-8-128gb-windows-11-ip67\\\/#primaryimage\"},\"thumbnailUrl\":\"https:\\\/\\\/www.oio.pl\\\/wp-content\\\/uploads\\\/2024\\\/07\\\/Pipo_X5_03.jpg\",\"datePublished\":\"2024-07-13T11:07:10+00:00\",\"dateModified\":\"2025-07-01T11:33:58+00:00\",\"breadcrumb\":{\"@id\":\"https:\\\/\\\/www.oio.pl\\\/product\\\/tablet-przemyslowy-chipol-x5n-8-128gb-windows-11-ip67\\\/#breadcrumb\"},\"inLanguage\":\"en-US\",\"potentialAction\":[{\"@type\":\"ReadAction\",\"target\":[\"https:\\\/\\\/www.oio.pl\\\/product\\\/tablet-przemyslowy-chipol-x5n-8-128gb-windows-11-ip67\\\/\"]}]},{\"@type\":\"ImageObject\",\"inLanguage\":\"en-US\",\"@id\":\"https:\\\/\\\/www.oio.pl\\\/product\\\/tablet-przemyslowy-chipol-x5n-8-128gb-windows-11-ip67\\\/#primaryimage\",\"url\":\"https:\\\/\\\/www.oio.pl\\\/wp-content\\\/uploads\\\/2024\\\/07\\\/Pipo_X5_03.jpg\",\"contentUrl\":\"https:\\\/\\\/www.oio.pl\\\/wp-content\\\/uploads\\\/2024\\\/07\\\/Pipo_X5_03.jpg\",\"width\":990,\"height\":555},{\"@type\":\"BreadcrumbList\",\"@id\":\"https:\\\/\\\/www.oio.pl\\\/product\\\/tablet-przemyslowy-chipol-x5n-8-128gb-windows-11-ip67\\\/#breadcrumb\",\"itemListElement\":[{\"@type\":\"ListItem\",\"position\":1,\"name\":\"Strona g\u0142\u00f3wna\",\"item\":\"https:\\\/\\\/www.oio.pl\\\/\"},{\"@type\":\"ListItem\",\"position\":2,\"name\":\"Produkty\",\"item\":\"https:\\\/\\\/www.oio.pl\\\/\"},{\"@type\":\"ListItem\",\"position\":3,\"name\":\"Tablet przemys\u0142owy Chipol X5N 6\\\/128GB Windows 10\\\/11 IP67\"}]},{\"@type\":\"WebSite\",\"@id\":\"https:\\\/\\\/www.oio.pl\\\/#website\",\"url\":\"https:\\\/\\\/www.oio.pl\\\/\",\"name\":\"OIO.pl \u2013 Tablety przemys\u0142owe, sprz\u0119t IT dla przemys\u0142u i logistyki\",\"description\":\"tablety przemys\u0142owe, rugged tablet, komputer przemys\u0142owy, tablet wytrzyma\u0142y, sprz\u0119t dla przemys\u0142u, tablet z Windows, tablet IP67, laptop dla magazynu, elektronika przemys\u0142owa, komputery przemys\u0142owe, oio.pl, sprz\u0119t dla logistyki, tablet do pracy w terenie, monitor dotykowy przemys\u0142owy\",\"publisher\":{\"@id\":\"https:\\\/\\\/www.oio.pl\\\/#organization\"},\"alternateName\":\"Sklep internetowy dla przemys\u0142u\",\"potentialAction\":[{\"@type\":\"SearchAction\",\"target\":{\"@type\":\"EntryPoint\",\"urlTemplate\":\"https:\\\/\\\/www.oio.pl\\\/?s={search_term_string}\"},\"query-input\":{\"@type\":\"PropertyValueSpecification\",\"valueRequired\":true,\"valueName\":\"search_term_string\"}}],\"inLanguage\":\"en-US\"},{\"@type\":\"Organization\",\"@id\":\"https:\\\/\\\/www.oio.pl\\\/#organization\",\"name\":\"OIO\",\"alternateName\":\"Sprz\u0119t komputerowy\",\"url\":\"https:\\\/\\\/www.oio.pl\\\/\",\"logo\":{\"@type\":\"ImageObject\",\"inLanguage\":\"en-US\",\"@id\":\"https:\\\/\\\/www.oio.pl\\\/#\\\/schema\\\/logo\\\/image\\\/\",\"url\":\"https:\\\/\\\/www.oio.pl\\\/wp-content\\\/uploads\\\/2023\\\/11\\\/cropped-cropped-oio_120x120.jpg\",\"contentUrl\":\"https:\\\/\\\/www.oio.pl\\\/wp-content\\\/uploads\\\/2023\\\/11\\\/cropped-cropped-oio_120x120.jpg\",\"width\":120,\"height\":48,\"caption\":\"OIO\"},\"image\":{\"@id\":\"https:\\\/\\\/www.oio.pl\\\/#\\\/schema\\\/logo\\\/image\\\/\"},\"sameAs\":[\"https:\\\/\\\/www.facebook.com\\\/oiopl\"]}]}<\/script>\n<!-- \/ Yoast SEO plugin. -->","yoast_head_json":{"title":"Chipol X5N 6\/128GB Industrial Tablet Windows 10\/11 IP67 - Mini PC, Computers, Laptops, Translators","robots":{"index":"index","follow":"follow","max-snippet":"max-snippet:-1","max-image-preview":"max-image-preview:large","max-video-preview":"max-video-preview:-1"},"canonical":"https:\/\/www.oio.pl\/en\/product\/industrial-tablet-pipo-x4-6gb-128gb-windows-10-ip67-3\/","og_locale":"en_US","og_type":"article","og_title":"Tablet przemys\u0142owy Chipol X5N 6\/128GB Windows 10\/11 IP67 - Mini PC, Komputery, Laptopy, Translatory","og_description":"Tablet Chipol X5N jest wersj\u0105 z roku 2023, zosta\u0142 na nowo zaprojektowany tak, aby wytrzyma\u0107 wsz\u0119dzie tam, gdzie inne tablety si\u0119 poddaj\u0105. Obudowa tabletu jest odporna na najci\u0119\u017csze warunki pracy. Wzmocnione rogi, Szczelna konstrukcja spe\u0142nia wymagania stawiane przez certyfikat IP67, dzi\u0119ki czemu tablet nie b\u0119dzie ba\u0142 si\u0119 upadku czy zanurzenia. Jasny wy\u015bwietlacz IPS jest czytelny [&hellip;]","og_url":"https:\/\/www.oio.pl\/en\/product\/industrial-tablet-pipo-x4-6gb-128gb-windows-10-ip67-3\/","og_site_name":"Mini PC, Komputery, Laptopy, Translatory","article_publisher":"https:\/\/www.facebook.com\/oiopl","article_modified_time":"2025-07-01T11:33:58+00:00","og_image":[{"width":990,"height":555,"url":"https:\/\/www.oio.pl\/wp-content\/uploads\/2024\/07\/Pipo_X5_03.jpg","type":"image\/jpeg"}],"twitter_card":"summary_large_image","twitter_misc":{"Est. reading time":"2 minutes"},"schema":{"@context":"https:\/\/schema.org","@graph":[{"@type":"WebPage","@id":"https:\/\/www.oio.pl\/product\/tablet-przemyslowy-chipol-x5n-8-128gb-windows-11-ip67\/","url":"https:\/\/www.oio.pl\/product\/tablet-przemyslowy-chipol-x5n-8-128gb-windows-11-ip67\/","name":"Chipol X5N 6\/128GB Industrial Tablet Windows 10\/11 IP67 - Mini PC, Computers, Laptops, Translators","isPartOf":{"@id":"https:\/\/www.oio.pl\/#website"},"primaryImageOfPage":{"@id":"https:\/\/www.oio.pl\/product\/tablet-przemyslowy-chipol-x5n-8-128gb-windows-11-ip67\/#primaryimage"},"image":{"@id":"https:\/\/www.oio.pl\/product\/tablet-przemyslowy-chipol-x5n-8-128gb-windows-11-ip67\/#primaryimage"},"thumbnailUrl":"https:\/\/www.oio.pl\/wp-content\/uploads\/2024\/07\/Pipo_X5_03.jpg","datePublished":"2024-07-13T11:07:10+00:00","dateModified":"2025-07-01T11:33:58+00:00","breadcrumb":{"@id":"https:\/\/www.oio.pl\/product\/tablet-przemyslowy-chipol-x5n-8-128gb-windows-11-ip67\/#breadcrumb"},"inLanguage":"en-US","potentialAction":[{"@type":"ReadAction","target":["https:\/\/www.oio.pl\/product\/tablet-przemyslowy-chipol-x5n-8-128gb-windows-11-ip67\/"]}]},{"@type":"ImageObject","inLanguage":"en-US","@id":"https:\/\/www.oio.pl\/product\/tablet-przemyslowy-chipol-x5n-8-128gb-windows-11-ip67\/#primaryimage","url":"https:\/\/www.oio.pl\/wp-content\/uploads\/2024\/07\/Pipo_X5_03.jpg","contentUrl":"https:\/\/www.oio.pl\/wp-content\/uploads\/2024\/07\/Pipo_X5_03.jpg","width":990,"height":555},{"@type":"BreadcrumbList","@id":"https:\/\/www.oio.pl\/product\/tablet-przemyslowy-chipol-x5n-8-128gb-windows-11-ip67\/#breadcrumb","itemListElement":[{"@type":"ListItem","position":1,"name":"Strona g\u0142\u00f3wna","item":"https:\/\/www.oio.pl\/"},{"@type":"ListItem","position":2,"name":"Produkty","item":"https:\/\/www.oio.pl\/"},{"@type":"ListItem","position":3,"name":"Tablet przemys\u0142owy Chipol X5N 6\/128GB Windows 10\/11 IP67"}]},{"@type":"WebSite","@id":"https:\/\/www.oio.pl\/#website","url":"https:\/\/www.oio.pl\/","name":"OIO.pl \u2013 Industrial tablets, IT equipment for industry and logistics","description":"industrial tablets, rugged tablet, industrial computer, durable tablet, equipment for industry, Windows tablet, IP67 tablet, warehouse laptop, industrial electronics, industrial computers, oio.pl, logistics equipment, field work tablet, industrial touch monitor","publisher":{"@id":"https:\/\/www.oio.pl\/#organization"},"alternateName":"Sklep internetowy dla przemys\u0142u","potentialAction":[{"@type":"SearchAction","target":{"@type":"EntryPoint","urlTemplate":"https:\/\/www.oio.pl\/?s={search_term_string}"},"query-input":{"@type":"PropertyValueSpecification","valueRequired":true,"valueName":"search_term_string"}}],"inLanguage":"en-US"},{"@type":"Organization","@id":"https:\/\/www.oio.pl\/#organization","name":"OIO","alternateName":"Sprz\u0119t komputerowy","url":"https:\/\/www.oio.pl\/","logo":{"@type":"ImageObject","inLanguage":"en-US","@id":"https:\/\/www.oio.pl\/#\/schema\/logo\/image\/","url":"https:\/\/www.oio.pl\/wp-content\/uploads\/2023\/11\/cropped-cropped-oio_120x120.jpg","contentUrl":"https:\/\/www.oio.pl\/wp-content\/uploads\/2023\/11\/cropped-cropped-oio_120x120.jpg","width":120,"height":48,"caption":"OIO"},"image":{"@id":"https:\/\/www.oio.pl\/#\/schema\/logo\/image\/"},"sameAs":["https:\/\/www.facebook.com\/oiopl"]}]}},"_links":{"self":[{"href":"https:\/\/www.oio.pl\/en\/wp-json\/wp\/v2\/product\/6716","targetHints":{"allow":["GET"]}}],"collection":[{"href":"https:\/\/www.oio.pl\/en\/wp-json\/wp\/v2\/product"}],"about":[{"href":"https:\/\/www.oio.pl\/en\/wp-json\/wp\/v2\/types\/product"}],"replies":[{"embeddable":true,"href":"https:\/\/www.oio.pl\/en\/wp-json\/wp\/v2\/comments?post=6716"}],"wp:featuredmedia":[{"embeddable":true,"href":"https:\/\/www.oio.pl\/en\/wp-json\/wp\/v2\/media\/6721"}],"wp:attachment":[{"href":"https:\/\/www.oio.pl\/en\/wp-json\/wp\/v2\/media?parent=6716"}],"wp:term":[{"taxonomy":"product_brand","embeddable":true,"href":"https:\/\/www.oio.pl\/en\/wp-json\/wp\/v2\/product_brand?post=6716"},{"taxonomy":"product_cat","embeddable":true,"href":"https:\/\/www.oio.pl\/en\/wp-json\/wp\/v2\/product_cat?post=6716"},{"taxonomy":"product_tag","embeddable":true,"href":"https:\/\/www.oio.pl\/en\/wp-json\/wp\/v2\/product_tag?post=6716"}],"curies":[{"name":"wp","href":"https:\/\/api.w.org\/{rel}","templated":true}]}}