{"id":6914,"date":"2024-07-28T13:01:41","date_gmt":"2024-07-28T11:01:41","guid":{"rendered":"https:\/\/www.oio.pl\/?post_type=product&#038;p=6914"},"modified":"2024-08-11T16:28:17","modified_gmt":"2024-08-11T14:28:17","slug":"mini-pc-f2m-intel-ultra-7-155h-16gb-ddr5-512gb-win-11","status":"publish","type":"product","link":"https:\/\/www.oio.pl\/en\/product\/mini-pc-f2m-intel-ultra-7-155h-16gb-ddr5-512gb-win-11\/","title":{"rendered":"Mini PC F2M Intel Ultra 7 155H 16GB DDR5 512GB Windows 11 PRO"},"content":{"rendered":"<p>The F2M Mini PC is a computer that offers small yet powerful performance, suitable for professional use.<br \/>\nIt usually takes up less space and is made in a compact form that is perfect for a desk or small space.<br \/>\nIt supports many of the latest technologies in terms of performance, graphical work, and is suitable for small and medium-sized tasks such as video editing.<br \/>\nIt also has lower power consumption than a typical desktop, making it more energy efficient.<\/p>\n<p><strong>Powerful processing capabilities<\/strong><\/p>\n<p>Mini PC F2M is equipped with a 16-core Intel Core Ultra 7 155H processor, with a maximum speed of 4.8 GHz in accelerated mode.<br \/>\nA faster processor will meet your various needs in work, web browsing, studying, etc.<\/p>\n<p><strong>It will comprehensively meet your needs<\/strong>\u00a0<strong>utility needs<\/strong><\/p>\n<p>Mini PC F2M supports WiFi 6 and Bluetooth 5.2, and can be connected to your multimedia devices, mouse, speakers or headphones.<br \/>\nIt supports connection with various devices and can be used with servers, monitoring equipment, office equipment, monitors, projectors, TVs, etc.<\/p>\n<p><strong>Unparalleled user experience<\/strong><\/p>\n<p>The F2M mini computer is equipped with an Intel Arc Graphics graphics processor that will make your video images more vivid.<br \/>\nIt also supports triple 4K display by combining 2 HDMI 2.0 ports and 1 full Type-C port for improved work efficiency.<\/p>\n<p><strong>Quieter and more powerful<\/strong><\/p>\n<p>Built-in fan for cooling, providing your F2M mini computer with better heat dissipation and quieter operation.<br \/>\nEquipped with 4 USB 3.2 ports, 1 RJ45 port and 1 audio interface, so you can easily connect the device you need.<\/p>","protected":false},"excerpt":{"rendered":"<p>Mini PC F2M to komputer, kt\u00f3ry oferuje niewielk\u0105, ale pot\u0119\u017cn\u0105 wydajno\u015b\u0107, odpowiedni do profesjonalnych zastosowa\u0144. Zwykle zajmuje mniej miejsca, jest wykonany w kompaktowej formie, kt\u00f3ra idealnie nadaje si\u0119 na biurko lub ma\u0142\u0105 przestrze\u0144. Obs\u0142uguje wiele najnowszych technologii pod wzgl\u0119dem wydajno\u015bci, pracy graficznej, nadaje si\u0119 do ma\u0142ych i \u015brednich zada\u0144, takich jak edycja wideo. Ma r\u00f3wnie\u017c [&hellip;]<\/p>\n","protected":false},"featured_media":6919,"comment_status":"closed","ping_status":"closed","template":"","meta":[],"product_brand":[],"product_cat":[24,3220],"product_tag":[],"class_list":{"0":"post-6914","1":"product","2":"type-product","3":"status-publish","4":"has-post-thumbnail","6":"product_cat-mini-pc","7":"product_cat-minipc","9":"first","10":"instock","11":"taxable","12":"shipping-taxable","13":"purchasable","14":"product-type-simple","15":"czr-hentry"},"yoast_head":"<!-- This site is optimized with the Yoast SEO plugin v27.4 - https:\/\/yoast.com\/product\/yoast-seo-wordpress\/ -->\n<title>Mini PC F2M Intel Ultra 7 155H 16GB DDR5 512GB Windows 11 PRO - Mini PC, Komputery, Laptopy, Translatory<\/title>\n<meta name=\"robots\" content=\"index, follow, max-snippet:-1, max-image-preview:large, max-video-preview:-1\" \/>\n<link rel=\"canonical\" href=\"https:\/\/www.oio.pl\/en\/product\/mini-pc-f2m-intel-ultra-7-155h-16gb-ddr5-512gb-win-11\/\" \/>\n<meta property=\"og:locale\" content=\"en_US\" \/>\n<meta property=\"og:type\" content=\"article\" \/>\n<meta property=\"og:title\" content=\"Mini PC F2M Intel Ultra 7 155H 16GB DDR5 512GB Windows 11 PRO - Mini PC, Komputery, Laptopy, Translatory\" \/>\n<meta property=\"og:description\" content=\"Mini PC F2M to komputer, kt\u00f3ry oferuje niewielk\u0105, ale pot\u0119\u017cn\u0105 wydajno\u015b\u0107, odpowiedni do profesjonalnych zastosowa\u0144. Zwykle zajmuje mniej miejsca, jest wykonany w kompaktowej formie, kt\u00f3ra idealnie nadaje si\u0119 na biurko lub ma\u0142\u0105 przestrze\u0144. Obs\u0142uguje wiele najnowszych technologii pod wzgl\u0119dem wydajno\u015bci, pracy graficznej, nadaje si\u0119 do ma\u0142ych i \u015brednich zada\u0144, takich jak edycja wideo. Ma r\u00f3wnie\u017c [&hellip;]\" \/>\n<meta property=\"og:url\" content=\"https:\/\/www.oio.pl\/en\/product\/mini-pc-f2m-intel-ultra-7-155h-16gb-ddr5-512gb-win-11\/\" \/>\n<meta property=\"og:site_name\" content=\"Mini PC, Komputery, Laptopy, Translatory\" \/>\n<meta property=\"article:publisher\" content=\"https:\/\/www.facebook.com\/oiopl\" \/>\n<meta property=\"article:modified_time\" content=\"2024-08-11T14:28:17+00:00\" \/>\n<meta property=\"og:image\" content=\"https:\/\/www.oio.pl\/wp-content\/uploads\/2024\/07\/125H-AI-mini-pc-6.jpg\" \/>\n\t<meta property=\"og:image:width\" content=\"1000\" \/>\n\t<meta property=\"og:image:height\" content=\"1000\" \/>\n\t<meta property=\"og:image:type\" content=\"image\/jpeg\" \/>\n<meta name=\"twitter:card\" content=\"summary_large_image\" \/>\n<meta name=\"twitter:label1\" content=\"Est. reading time\" \/>\n\t<meta name=\"twitter:data1\" content=\"2 minutes\" \/>\n<script type=\"application\/ld+json\" class=\"yoast-schema-graph\">{\"@context\":\"https:\\\/\\\/schema.org\",\"@graph\":[{\"@type\":\"WebPage\",\"@id\":\"https:\\\/\\\/www.oio.pl\\\/product\\\/mini-pc-f2m-intel-ultra-7-155h-16gb-ddr5-512gb-win-11\\\/\",\"url\":\"https:\\\/\\\/www.oio.pl\\\/product\\\/mini-pc-f2m-intel-ultra-7-155h-16gb-ddr5-512gb-win-11\\\/\",\"name\":\"Mini PC F2M Intel Ultra 7 155H 16GB DDR5 512GB Windows 11 PRO - Mini PC, Komputery, Laptopy, Translatory\",\"isPartOf\":{\"@id\":\"https:\\\/\\\/www.oio.pl\\\/#website\"},\"primaryImageOfPage\":{\"@id\":\"https:\\\/\\\/www.oio.pl\\\/product\\\/mini-pc-f2m-intel-ultra-7-155h-16gb-ddr5-512gb-win-11\\\/#primaryimage\"},\"image\":{\"@id\":\"https:\\\/\\\/www.oio.pl\\\/product\\\/mini-pc-f2m-intel-ultra-7-155h-16gb-ddr5-512gb-win-11\\\/#primaryimage\"},\"thumbnailUrl\":\"https:\\\/\\\/www.oio.pl\\\/wp-content\\\/uploads\\\/2024\\\/07\\\/125H-AI-mini-pc-6.jpg\",\"datePublished\":\"2024-07-28T11:01:41+00:00\",\"dateModified\":\"2024-08-11T14:28:17+00:00\",\"breadcrumb\":{\"@id\":\"https:\\\/\\\/www.oio.pl\\\/product\\\/mini-pc-f2m-intel-ultra-7-155h-16gb-ddr5-512gb-win-11\\\/#breadcrumb\"},\"inLanguage\":\"en-US\",\"potentialAction\":[{\"@type\":\"ReadAction\",\"target\":[\"https:\\\/\\\/www.oio.pl\\\/product\\\/mini-pc-f2m-intel-ultra-7-155h-16gb-ddr5-512gb-win-11\\\/\"]}]},{\"@type\":\"ImageObject\",\"inLanguage\":\"en-US\",\"@id\":\"https:\\\/\\\/www.oio.pl\\\/product\\\/mini-pc-f2m-intel-ultra-7-155h-16gb-ddr5-512gb-win-11\\\/#primaryimage\",\"url\":\"https:\\\/\\\/www.oio.pl\\\/wp-content\\\/uploads\\\/2024\\\/07\\\/125H-AI-mini-pc-6.jpg\",\"contentUrl\":\"https:\\\/\\\/www.oio.pl\\\/wp-content\\\/uploads\\\/2024\\\/07\\\/125H-AI-mini-pc-6.jpg\",\"width\":1000,\"height\":1000},{\"@type\":\"BreadcrumbList\",\"@id\":\"https:\\\/\\\/www.oio.pl\\\/product\\\/mini-pc-f2m-intel-ultra-7-155h-16gb-ddr5-512gb-win-11\\\/#breadcrumb\",\"itemListElement\":[{\"@type\":\"ListItem\",\"position\":1,\"name\":\"Strona g\u0142\u00f3wna\",\"item\":\"https:\\\/\\\/www.oio.pl\\\/\"},{\"@type\":\"ListItem\",\"position\":2,\"name\":\"Produkty\",\"item\":\"https:\\\/\\\/www.oio.pl\\\/\"},{\"@type\":\"ListItem\",\"position\":3,\"name\":\"Mini PC F2M Intel Ultra 7 155H 16GB DDR5 512GB Windows 11 PRO\"}]},{\"@type\":\"WebSite\",\"@id\":\"https:\\\/\\\/www.oio.pl\\\/#website\",\"url\":\"https:\\\/\\\/www.oio.pl\\\/\",\"name\":\"OIO.pl \u2013 Tablety przemys\u0142owe, sprz\u0119t IT dla przemys\u0142u i logistyki\",\"description\":\"tablety przemys\u0142owe, rugged tablet, komputer przemys\u0142owy, tablet wytrzyma\u0142y, sprz\u0119t dla przemys\u0142u, tablet z Windows, tablet IP67, laptop dla magazynu, elektronika przemys\u0142owa, komputery przemys\u0142owe, oio.pl, sprz\u0119t dla logistyki, tablet do pracy w terenie, monitor dotykowy przemys\u0142owy\",\"publisher\":{\"@id\":\"https:\\\/\\\/www.oio.pl\\\/#organization\"},\"alternateName\":\"Sklep internetowy dla przemys\u0142u\",\"potentialAction\":[{\"@type\":\"SearchAction\",\"target\":{\"@type\":\"EntryPoint\",\"urlTemplate\":\"https:\\\/\\\/www.oio.pl\\\/?s={search_term_string}\"},\"query-input\":{\"@type\":\"PropertyValueSpecification\",\"valueRequired\":true,\"valueName\":\"search_term_string\"}}],\"inLanguage\":\"en-US\"},{\"@type\":\"Organization\",\"@id\":\"https:\\\/\\\/www.oio.pl\\\/#organization\",\"name\":\"OIO\",\"alternateName\":\"Sprz\u0119t komputerowy\",\"url\":\"https:\\\/\\\/www.oio.pl\\\/\",\"logo\":{\"@type\":\"ImageObject\",\"inLanguage\":\"en-US\",\"@id\":\"https:\\\/\\\/www.oio.pl\\\/#\\\/schema\\\/logo\\\/image\\\/\",\"url\":\"https:\\\/\\\/www.oio.pl\\\/wp-content\\\/uploads\\\/2023\\\/11\\\/cropped-cropped-oio_120x120.jpg\",\"contentUrl\":\"https:\\\/\\\/www.oio.pl\\\/wp-content\\\/uploads\\\/2023\\\/11\\\/cropped-cropped-oio_120x120.jpg\",\"width\":120,\"height\":48,\"caption\":\"OIO\"},\"image\":{\"@id\":\"https:\\\/\\\/www.oio.pl\\\/#\\\/schema\\\/logo\\\/image\\\/\"},\"sameAs\":[\"https:\\\/\\\/www.facebook.com\\\/oiopl\"]}]}<\/script>\n<!-- \/ Yoast SEO plugin. -->","yoast_head_json":{"title":"Mini PC F2M Intel Ultra 7 155H 16GB DDR5 512GB Windows 11 PRO - Mini PC, Computers, Laptops, Translators","robots":{"index":"index","follow":"follow","max-snippet":"max-snippet:-1","max-image-preview":"max-image-preview:large","max-video-preview":"max-video-preview:-1"},"canonical":"https:\/\/www.oio.pl\/en\/product\/mini-pc-f2m-intel-ultra-7-155h-16gb-ddr5-512gb-win-11\/","og_locale":"en_US","og_type":"article","og_title":"Mini PC F2M Intel Ultra 7 155H 16GB DDR5 512GB Windows 11 PRO - Mini PC, Komputery, Laptopy, Translatory","og_description":"Mini PC F2M to komputer, kt\u00f3ry oferuje niewielk\u0105, ale pot\u0119\u017cn\u0105 wydajno\u015b\u0107, odpowiedni do profesjonalnych zastosowa\u0144. Zwykle zajmuje mniej miejsca, jest wykonany w kompaktowej formie, kt\u00f3ra idealnie nadaje si\u0119 na biurko lub ma\u0142\u0105 przestrze\u0144. Obs\u0142uguje wiele najnowszych technologii pod wzgl\u0119dem wydajno\u015bci, pracy graficznej, nadaje si\u0119 do ma\u0142ych i \u015brednich zada\u0144, takich jak edycja wideo. Ma r\u00f3wnie\u017c [&hellip;]","og_url":"https:\/\/www.oio.pl\/en\/product\/mini-pc-f2m-intel-ultra-7-155h-16gb-ddr5-512gb-win-11\/","og_site_name":"Mini PC, Komputery, Laptopy, Translatory","article_publisher":"https:\/\/www.facebook.com\/oiopl","article_modified_time":"2024-08-11T14:28:17+00:00","og_image":[{"width":1000,"height":1000,"url":"https:\/\/www.oio.pl\/wp-content\/uploads\/2024\/07\/125H-AI-mini-pc-6.jpg","type":"image\/jpeg"}],"twitter_card":"summary_large_image","twitter_misc":{"Est. reading time":"2 minutes"},"schema":{"@context":"https:\/\/schema.org","@graph":[{"@type":"WebPage","@id":"https:\/\/www.oio.pl\/product\/mini-pc-f2m-intel-ultra-7-155h-16gb-ddr5-512gb-win-11\/","url":"https:\/\/www.oio.pl\/product\/mini-pc-f2m-intel-ultra-7-155h-16gb-ddr5-512gb-win-11\/","name":"Mini PC F2M Intel Ultra 7 155H 16GB DDR5 512GB Windows 11 PRO - Mini PC, Computers, Laptops, Translators","isPartOf":{"@id":"https:\/\/www.oio.pl\/#website"},"primaryImageOfPage":{"@id":"https:\/\/www.oio.pl\/product\/mini-pc-f2m-intel-ultra-7-155h-16gb-ddr5-512gb-win-11\/#primaryimage"},"image":{"@id":"https:\/\/www.oio.pl\/product\/mini-pc-f2m-intel-ultra-7-155h-16gb-ddr5-512gb-win-11\/#primaryimage"},"thumbnailUrl":"https:\/\/www.oio.pl\/wp-content\/uploads\/2024\/07\/125H-AI-mini-pc-6.jpg","datePublished":"2024-07-28T11:01:41+00:00","dateModified":"2024-08-11T14:28:17+00:00","breadcrumb":{"@id":"https:\/\/www.oio.pl\/product\/mini-pc-f2m-intel-ultra-7-155h-16gb-ddr5-512gb-win-11\/#breadcrumb"},"inLanguage":"en-US","potentialAction":[{"@type":"ReadAction","target":["https:\/\/www.oio.pl\/product\/mini-pc-f2m-intel-ultra-7-155h-16gb-ddr5-512gb-win-11\/"]}]},{"@type":"ImageObject","inLanguage":"en-US","@id":"https:\/\/www.oio.pl\/product\/mini-pc-f2m-intel-ultra-7-155h-16gb-ddr5-512gb-win-11\/#primaryimage","url":"https:\/\/www.oio.pl\/wp-content\/uploads\/2024\/07\/125H-AI-mini-pc-6.jpg","contentUrl":"https:\/\/www.oio.pl\/wp-content\/uploads\/2024\/07\/125H-AI-mini-pc-6.jpg","width":1000,"height":1000},{"@type":"BreadcrumbList","@id":"https:\/\/www.oio.pl\/product\/mini-pc-f2m-intel-ultra-7-155h-16gb-ddr5-512gb-win-11\/#breadcrumb","itemListElement":[{"@type":"ListItem","position":1,"name":"Strona g\u0142\u00f3wna","item":"https:\/\/www.oio.pl\/"},{"@type":"ListItem","position":2,"name":"Produkty","item":"https:\/\/www.oio.pl\/"},{"@type":"ListItem","position":3,"name":"Mini PC F2M Intel Ultra 7 155H 16GB DDR5 512GB Windows 11 PRO"}]},{"@type":"WebSite","@id":"https:\/\/www.oio.pl\/#website","url":"https:\/\/www.oio.pl\/","name":"OIO.pl \u2013 Industrial tablets, IT equipment for industry and logistics","description":"industrial tablets, rugged tablet, industrial computer, durable tablet, equipment for industry, Windows tablet, IP67 tablet, warehouse laptop, industrial electronics, industrial computers, oio.pl, logistics equipment, field work tablet, industrial touch monitor","publisher":{"@id":"https:\/\/www.oio.pl\/#organization"},"alternateName":"Sklep internetowy dla przemys\u0142u","potentialAction":[{"@type":"SearchAction","target":{"@type":"EntryPoint","urlTemplate":"https:\/\/www.oio.pl\/?s={search_term_string}"},"query-input":{"@type":"PropertyValueSpecification","valueRequired":true,"valueName":"search_term_string"}}],"inLanguage":"en-US"},{"@type":"Organization","@id":"https:\/\/www.oio.pl\/#organization","name":"OIO","alternateName":"Sprz\u0119t komputerowy","url":"https:\/\/www.oio.pl\/","logo":{"@type":"ImageObject","inLanguage":"en-US","@id":"https:\/\/www.oio.pl\/#\/schema\/logo\/image\/","url":"https:\/\/www.oio.pl\/wp-content\/uploads\/2023\/11\/cropped-cropped-oio_120x120.jpg","contentUrl":"https:\/\/www.oio.pl\/wp-content\/uploads\/2023\/11\/cropped-cropped-oio_120x120.jpg","width":120,"height":48,"caption":"OIO"},"image":{"@id":"https:\/\/www.oio.pl\/#\/schema\/logo\/image\/"},"sameAs":["https:\/\/www.facebook.com\/oiopl"]}]}},"_links":{"self":[{"href":"https:\/\/www.oio.pl\/en\/wp-json\/wp\/v2\/product\/6914","targetHints":{"allow":["GET"]}}],"collection":[{"href":"https:\/\/www.oio.pl\/en\/wp-json\/wp\/v2\/product"}],"about":[{"href":"https:\/\/www.oio.pl\/en\/wp-json\/wp\/v2\/types\/product"}],"replies":[{"embeddable":true,"href":"https:\/\/www.oio.pl\/en\/wp-json\/wp\/v2\/comments?post=6914"}],"wp:featuredmedia":[{"embeddable":true,"href":"https:\/\/www.oio.pl\/en\/wp-json\/wp\/v2\/media\/6919"}],"wp:attachment":[{"href":"https:\/\/www.oio.pl\/en\/wp-json\/wp\/v2\/media?parent=6914"}],"wp:term":[{"taxonomy":"product_brand","embeddable":true,"href":"https:\/\/www.oio.pl\/en\/wp-json\/wp\/v2\/product_brand?post=6914"},{"taxonomy":"product_cat","embeddable":true,"href":"https:\/\/www.oio.pl\/en\/wp-json\/wp\/v2\/product_cat?post=6914"},{"taxonomy":"product_tag","embeddable":true,"href":"https:\/\/www.oio.pl\/en\/wp-json\/wp\/v2\/product_tag?post=6914"}],"curies":[{"name":"wp","href":"https:\/\/api.w.org\/{rel}","templated":true}]}}