{"id":779,"date":"2019-07-14T14:14:54","date_gmt":"2019-07-14T12:14:54","guid":{"rendered":"https:\/\/www.oio.pl\/?post_type=product&#038;p=779"},"modified":"2020-07-04T19:36:21","modified_gmt":"2020-07-04T17:36:21","slug":"remote-control-mx3-air-led-pro-mouse-keyboard-gyroscopic-mouse-3d-microphone-copy","status":"publish","type":"product","link":"https:\/\/www.oio.pl\/en\/product\/pilot-mx3-air-led-pro-mouse-klawiatura-mysz-zyroskopowa-3d-mikrofon-kopia\/","title":{"rendered":"AT64 remote control keyboard + touchpad + 3D mouse"},"content":{"rendered":"<h1>AT64 is a clever combination of remote control, mouse, keyboard and touchpad<\/h1>\n<h1>!!! PROGRAMMABLE REMOTE!!!<\/h1>\n<p><b>A modern keyboard combining a mouse\/touchpad, keyboard and remote control in one\u00a0<\/b><b>\u2013 the perfect combination for easy operation of your TV, TV box and smart TV.<\/b><\/p>\n<p>You can control the mouse on the TV, monitor or projector screen. A very useful product for everyone who values comfort and speed of use. It has a rechargeable battery, so you don&#039;t need to replace the battery, just connect it to your computer or USB port and the keyboard battery will be charged.<\/p>\n<p><b>Menu navigation becomes child&#039;s play! Perfect control of mini PC and Smart TV Boxes. You can use it to send emails, chat, and play games. It is compatible with Windows, Linux, Android and Windows Mobile.<\/b><\/p>\n<p>An elegant and easy-to-use small wireless keyboard, including: for Smart TV Android Boxes. Keyboard is available\u00a0<b>in black<\/b>. In addition to the standard buttons, it has additional keys that allow you to freely navigate the Internet and control sound. Thanks to the URL function, it is possible to immediately launch a web browser. A mouse is not needed because its functions are fulfilled by the built-in Touchpad, which also allows for intuitive vertical and horizontal scrolling.<\/p>\n<p>The keyboard has a classic QWERTY keyboard layout, including special characters and numbers. The button layout allows you to write comfortably regardless of your position.<\/p>\n<p>The remote control has a standard group of buttons enabling intuitive operation of basic functions such as program selection, volume control, menu operation, etc. Additional keys enable easy multimedia control, Internet operation, as well as the learning function or programming of the remote control, which facilitates TV operation. Function keys are assigned basic functions enabling simple and quick operation of multimedia players.<\/p>\n<p><b>Specification:<\/b><\/p>\n<ul>\n<li><b>Frequency range:<\/b>\u00a02.4GHz<\/li>\n<li><b>Battery type:<\/b>\u00a0Lithium-ion battery<\/li>\n<li><b>Receiver type:<\/b>\u00a0USB 2.0 Plug &amp; Play<\/li>\n<li><b>Types of work:<\/b>\u00a0remote control, keyboard, 3D mouse, touchpad<\/li>\n<li><b>Operating range<\/b>\u00a0up to 10 meters<\/li>\n<li><b>Keyboard Layout:<\/b>\u00a0QUERTY<\/li>\n<li><b>System requirements:<\/b>\u00a0Windows, Mac, Android, Linux<\/li>\n<li><b>Dimensions<\/b>: 175mm x 50mm x 11mm<\/li>\n<\/ul>\n<p>The mouse with the gyroscopic sensor can be switched to the AIRMOUSE mode, i.e. a &quot;spatial mouse&quot;. The cursor moves on the screen by controlling the remote control held in our hand in the air. The gyroscopic mouse is becoming more and more popular because nothing limits us in our movements. Navigating the screen with a hand movement while holding the remote control is much faster and better than using a touchpad.<\/p>\n<p>The keyboard has a classic QWERTY keyboard layout, including special characters and numbers. The button layout allows you to write comfortably regardless of your position.<\/p>\n<p>The remote control has a standard group of buttons enabling intuitive operation of basic functions such as program selection, volume control, menu operation, etc. Additional keys enable easy multimedia control and Internet operation. Function keys are assigned basic functions enabling simple and quick operation of multimedia players.<\/p>","protected":false},"excerpt":{"rendered":"<p>AT64 to sprytne po\u0142\u0105czenie pilota, mysz, klawiatury i touchpadu !!! PROGRAMOWALNY PILOT !!! Nowoczesna klawiatura \u0142\u0105cz\u0105ca w sobie mysz\u0119\/touchpad, klawiatur\u0119 oraz pilota w jednym\u00a0&#8211; idealne po\u0142\u0105czenie do \u0142atwej obs\u0142ugi telewizora, TV boxa i smart TV. Mo\u017cna sterowa\u0107 myszk\u0105 na ekranie telewizora, monitora lub rzutnika. Bardzo przydatny produkt dla wszystkich kt\u00f3rzy ceni\u0105 sobie wygod\u0119 oraz szybko\u015b\u0107 [&hellip;]<\/p>\n","protected":false},"featured_media":790,"comment_status":"closed","ping_status":"closed","template":"","meta":[],"product_brand":[],"product_cat":[26,27],"product_tag":[92,88,89,90,91,87],"class_list":{"0":"post-779","1":"product","2":"type-product","3":"status-publish","4":"has-post-thumbnail","6":"product_cat-keyboard","7":"product_cat-piloty-keyb","8":"product_tag-pilot-3d","9":"product_tag-pilot-smart-box","10":"product_tag-pilot-usb","11":"product_tag-pilot-z-klawiatura","12":"product_tag-pilot-z-mysza","13":"product_tag-pliot-tv-box","15":"first","16":"instock","17":"taxable","18":"shipping-taxable","19":"purchasable","20":"product-type-simple","21":"czr-hentry"},"yoast_head":"<!-- This site is optimized with the Yoast SEO plugin v27.4 - https:\/\/yoast.com\/product\/yoast-seo-wordpress\/ -->\n<title>Pilot AT64 klawiatura + touchpad + 3D mouse - Mini PC, Komputery, Laptopy, Translatory<\/title>\n<meta name=\"robots\" content=\"index, follow, max-snippet:-1, max-image-preview:large, max-video-preview:-1\" \/>\n<link rel=\"canonical\" href=\"https:\/\/www.oio.pl\/en\/product\/remote-control-mx3-air-led-pro-mouse-keyboard-gyroscopic-mouse-3d-microphone-copy\/\" \/>\n<meta property=\"og:locale\" content=\"en_US\" \/>\n<meta property=\"og:type\" content=\"article\" \/>\n<meta property=\"og:title\" content=\"Pilot AT64 klawiatura + touchpad + 3D mouse - Mini PC, Komputery, Laptopy, Translatory\" \/>\n<meta property=\"og:description\" content=\"AT64 to sprytne po\u0142\u0105czenie pilota, mysz, klawiatury i touchpadu !!! PROGRAMOWALNY PILOT !!! Nowoczesna klawiatura \u0142\u0105cz\u0105ca w sobie mysz\u0119\/touchpad, klawiatur\u0119 oraz pilota w jednym\u00a0&#8211; idealne po\u0142\u0105czenie do \u0142atwej obs\u0142ugi telewizora, TV boxa i smart TV. Mo\u017cna sterowa\u0107 myszk\u0105 na ekranie telewizora, monitora lub rzutnika. Bardzo przydatny produkt dla wszystkich kt\u00f3rzy ceni\u0105 sobie wygod\u0119 oraz szybko\u015b\u0107 [&hellip;]\" \/>\n<meta property=\"og:url\" content=\"https:\/\/www.oio.pl\/en\/product\/remote-control-mx3-air-led-pro-mouse-keyboard-gyroscopic-mouse-3d-microphone-copy\/\" \/>\n<meta property=\"og:site_name\" content=\"Mini PC, Komputery, Laptopy, Translatory\" \/>\n<meta property=\"article:publisher\" content=\"https:\/\/www.facebook.com\/oiopl\" \/>\n<meta property=\"article:modified_time\" content=\"2020-07-04T17:36:21+00:00\" \/>\n<meta property=\"og:image\" content=\"https:\/\/www.oio.pl\/wp-content\/uploads\/2019\/07\/HTB105iJSFXXXXXHXXXXq6xXFXXXp.jpg\" \/>\n\t<meta property=\"og:image:width\" content=\"1000\" \/>\n\t<meta property=\"og:image:height\" content=\"1000\" \/>\n\t<meta property=\"og:image:type\" content=\"image\/jpeg\" \/>\n<meta name=\"twitter:card\" content=\"summary_large_image\" \/>\n<meta name=\"twitter:label1\" content=\"Est. reading time\" \/>\n\t<meta name=\"twitter:data1\" content=\"2 minutes\" \/>\n<script type=\"application\/ld+json\" class=\"yoast-schema-graph\">{\"@context\":\"https:\\\/\\\/schema.org\",\"@graph\":[{\"@type\":\"WebPage\",\"@id\":\"https:\\\/\\\/www.oio.pl\\\/product\\\/pilot-mx3-air-led-pro-mouse-klawiatura-mysz-zyroskopowa-3d-mikrofon-kopia\\\/\",\"url\":\"https:\\\/\\\/www.oio.pl\\\/product\\\/pilot-mx3-air-led-pro-mouse-klawiatura-mysz-zyroskopowa-3d-mikrofon-kopia\\\/\",\"name\":\"Pilot AT64 klawiatura + touchpad + 3D mouse - Mini PC, Komputery, Laptopy, Translatory\",\"isPartOf\":{\"@id\":\"https:\\\/\\\/www.oio.pl\\\/#website\"},\"primaryImageOfPage\":{\"@id\":\"https:\\\/\\\/www.oio.pl\\\/product\\\/pilot-mx3-air-led-pro-mouse-klawiatura-mysz-zyroskopowa-3d-mikrofon-kopia\\\/#primaryimage\"},\"image\":{\"@id\":\"https:\\\/\\\/www.oio.pl\\\/product\\\/pilot-mx3-air-led-pro-mouse-klawiatura-mysz-zyroskopowa-3d-mikrofon-kopia\\\/#primaryimage\"},\"thumbnailUrl\":\"https:\\\/\\\/www.oio.pl\\\/wp-content\\\/uploads\\\/2019\\\/07\\\/HTB105iJSFXXXXXHXXXXq6xXFXXXp.jpg\",\"datePublished\":\"2019-07-14T12:14:54+00:00\",\"dateModified\":\"2020-07-04T17:36:21+00:00\",\"breadcrumb\":{\"@id\":\"https:\\\/\\\/www.oio.pl\\\/product\\\/pilot-mx3-air-led-pro-mouse-klawiatura-mysz-zyroskopowa-3d-mikrofon-kopia\\\/#breadcrumb\"},\"inLanguage\":\"en-US\",\"potentialAction\":[{\"@type\":\"ReadAction\",\"target\":[\"https:\\\/\\\/www.oio.pl\\\/product\\\/pilot-mx3-air-led-pro-mouse-klawiatura-mysz-zyroskopowa-3d-mikrofon-kopia\\\/\"]}]},{\"@type\":\"ImageObject\",\"inLanguage\":\"en-US\",\"@id\":\"https:\\\/\\\/www.oio.pl\\\/product\\\/pilot-mx3-air-led-pro-mouse-klawiatura-mysz-zyroskopowa-3d-mikrofon-kopia\\\/#primaryimage\",\"url\":\"https:\\\/\\\/www.oio.pl\\\/wp-content\\\/uploads\\\/2019\\\/07\\\/HTB105iJSFXXXXXHXXXXq6xXFXXXp.jpg\",\"contentUrl\":\"https:\\\/\\\/www.oio.pl\\\/wp-content\\\/uploads\\\/2019\\\/07\\\/HTB105iJSFXXXXXHXXXXq6xXFXXXp.jpg\",\"width\":1000,\"height\":1000},{\"@type\":\"BreadcrumbList\",\"@id\":\"https:\\\/\\\/www.oio.pl\\\/product\\\/pilot-mx3-air-led-pro-mouse-klawiatura-mysz-zyroskopowa-3d-mikrofon-kopia\\\/#breadcrumb\",\"itemListElement\":[{\"@type\":\"ListItem\",\"position\":1,\"name\":\"Strona g\u0142\u00f3wna\",\"item\":\"https:\\\/\\\/www.oio.pl\\\/\"},{\"@type\":\"ListItem\",\"position\":2,\"name\":\"Produkty\",\"item\":\"https:\\\/\\\/www.oio.pl\\\/\"},{\"@type\":\"ListItem\",\"position\":3,\"name\":\"Pilot AT64 klawiatura + touchpad + 3D mouse\"}]},{\"@type\":\"WebSite\",\"@id\":\"https:\\\/\\\/www.oio.pl\\\/#website\",\"url\":\"https:\\\/\\\/www.oio.pl\\\/\",\"name\":\"OIO.pl \u2013 Tablety przemys\u0142owe, sprz\u0119t IT dla przemys\u0142u i logistyki\",\"description\":\"tablety przemys\u0142owe, rugged tablet, komputer przemys\u0142owy, tablet wytrzyma\u0142y, sprz\u0119t dla przemys\u0142u, tablet z Windows, tablet IP67, laptop dla magazynu, elektronika przemys\u0142owa, komputery przemys\u0142owe, oio.pl, sprz\u0119t dla logistyki, tablet do pracy w terenie, monitor dotykowy przemys\u0142owy\",\"publisher\":{\"@id\":\"https:\\\/\\\/www.oio.pl\\\/#organization\"},\"alternateName\":\"Sklep internetowy dla przemys\u0142u\",\"potentialAction\":[{\"@type\":\"SearchAction\",\"target\":{\"@type\":\"EntryPoint\",\"urlTemplate\":\"https:\\\/\\\/www.oio.pl\\\/?s={search_term_string}\"},\"query-input\":{\"@type\":\"PropertyValueSpecification\",\"valueRequired\":true,\"valueName\":\"search_term_string\"}}],\"inLanguage\":\"en-US\"},{\"@type\":\"Organization\",\"@id\":\"https:\\\/\\\/www.oio.pl\\\/#organization\",\"name\":\"OIO\",\"alternateName\":\"Sprz\u0119t komputerowy\",\"url\":\"https:\\\/\\\/www.oio.pl\\\/\",\"logo\":{\"@type\":\"ImageObject\",\"inLanguage\":\"en-US\",\"@id\":\"https:\\\/\\\/www.oio.pl\\\/#\\\/schema\\\/logo\\\/image\\\/\",\"url\":\"https:\\\/\\\/www.oio.pl\\\/wp-content\\\/uploads\\\/2023\\\/11\\\/cropped-cropped-oio_120x120.jpg\",\"contentUrl\":\"https:\\\/\\\/www.oio.pl\\\/wp-content\\\/uploads\\\/2023\\\/11\\\/cropped-cropped-oio_120x120.jpg\",\"width\":120,\"height\":48,\"caption\":\"OIO\"},\"image\":{\"@id\":\"https:\\\/\\\/www.oio.pl\\\/#\\\/schema\\\/logo\\\/image\\\/\"},\"sameAs\":[\"https:\\\/\\\/www.facebook.com\\\/oiopl\"]}]}<\/script>\n<!-- \/ Yoast SEO plugin. -->","yoast_head_json":{"title":"AT64 Remote Control Keyboard + Touchpad + 3D Mouse - Mini PC, Computers, Laptops, Translators","robots":{"index":"index","follow":"follow","max-snippet":"max-snippet:-1","max-image-preview":"max-image-preview:large","max-video-preview":"max-video-preview:-1"},"canonical":"https:\/\/www.oio.pl\/en\/product\/remote-control-mx3-air-led-pro-mouse-keyboard-gyroscopic-mouse-3d-microphone-copy\/","og_locale":"en_US","og_type":"article","og_title":"Pilot AT64 klawiatura + touchpad + 3D mouse - Mini PC, Komputery, Laptopy, Translatory","og_description":"AT64 to sprytne po\u0142\u0105czenie pilota, mysz, klawiatury i touchpadu !!! PROGRAMOWALNY PILOT !!! Nowoczesna klawiatura \u0142\u0105cz\u0105ca w sobie mysz\u0119\/touchpad, klawiatur\u0119 oraz pilota w jednym\u00a0&#8211; idealne po\u0142\u0105czenie do \u0142atwej obs\u0142ugi telewizora, TV boxa i smart TV. Mo\u017cna sterowa\u0107 myszk\u0105 na ekranie telewizora, monitora lub rzutnika. Bardzo przydatny produkt dla wszystkich kt\u00f3rzy ceni\u0105 sobie wygod\u0119 oraz szybko\u015b\u0107 [&hellip;]","og_url":"https:\/\/www.oio.pl\/en\/product\/remote-control-mx3-air-led-pro-mouse-keyboard-gyroscopic-mouse-3d-microphone-copy\/","og_site_name":"Mini PC, Komputery, Laptopy, Translatory","article_publisher":"https:\/\/www.facebook.com\/oiopl","article_modified_time":"2020-07-04T17:36:21+00:00","og_image":[{"width":1000,"height":1000,"url":"https:\/\/www.oio.pl\/wp-content\/uploads\/2019\/07\/HTB105iJSFXXXXXHXXXXq6xXFXXXp.jpg","type":"image\/jpeg"}],"twitter_card":"summary_large_image","twitter_misc":{"Est. reading time":"2 minutes"},"schema":{"@context":"https:\/\/schema.org","@graph":[{"@type":"WebPage","@id":"https:\/\/www.oio.pl\/product\/pilot-mx3-air-led-pro-mouse-klawiatura-mysz-zyroskopowa-3d-mikrofon-kopia\/","url":"https:\/\/www.oio.pl\/product\/pilot-mx3-air-led-pro-mouse-klawiatura-mysz-zyroskopowa-3d-mikrofon-kopia\/","name":"AT64 Remote Control Keyboard + Touchpad + 3D Mouse - Mini PC, Computers, Laptops, Translators","isPartOf":{"@id":"https:\/\/www.oio.pl\/#website"},"primaryImageOfPage":{"@id":"https:\/\/www.oio.pl\/product\/pilot-mx3-air-led-pro-mouse-klawiatura-mysz-zyroskopowa-3d-mikrofon-kopia\/#primaryimage"},"image":{"@id":"https:\/\/www.oio.pl\/product\/pilot-mx3-air-led-pro-mouse-klawiatura-mysz-zyroskopowa-3d-mikrofon-kopia\/#primaryimage"},"thumbnailUrl":"https:\/\/www.oio.pl\/wp-content\/uploads\/2019\/07\/HTB105iJSFXXXXXHXXXXq6xXFXXXp.jpg","datePublished":"2019-07-14T12:14:54+00:00","dateModified":"2020-07-04T17:36:21+00:00","breadcrumb":{"@id":"https:\/\/www.oio.pl\/product\/pilot-mx3-air-led-pro-mouse-klawiatura-mysz-zyroskopowa-3d-mikrofon-kopia\/#breadcrumb"},"inLanguage":"en-US","potentialAction":[{"@type":"ReadAction","target":["https:\/\/www.oio.pl\/product\/pilot-mx3-air-led-pro-mouse-klawiatura-mysz-zyroskopowa-3d-mikrofon-kopia\/"]}]},{"@type":"ImageObject","inLanguage":"en-US","@id":"https:\/\/www.oio.pl\/product\/pilot-mx3-air-led-pro-mouse-klawiatura-mysz-zyroskopowa-3d-mikrofon-kopia\/#primaryimage","url":"https:\/\/www.oio.pl\/wp-content\/uploads\/2019\/07\/HTB105iJSFXXXXXHXXXXq6xXFXXXp.jpg","contentUrl":"https:\/\/www.oio.pl\/wp-content\/uploads\/2019\/07\/HTB105iJSFXXXXXHXXXXq6xXFXXXp.jpg","width":1000,"height":1000},{"@type":"BreadcrumbList","@id":"https:\/\/www.oio.pl\/product\/pilot-mx3-air-led-pro-mouse-klawiatura-mysz-zyroskopowa-3d-mikrofon-kopia\/#breadcrumb","itemListElement":[{"@type":"ListItem","position":1,"name":"Strona g\u0142\u00f3wna","item":"https:\/\/www.oio.pl\/"},{"@type":"ListItem","position":2,"name":"Produkty","item":"https:\/\/www.oio.pl\/"},{"@type":"ListItem","position":3,"name":"Pilot AT64 klawiatura + touchpad + 3D mouse"}]},{"@type":"WebSite","@id":"https:\/\/www.oio.pl\/#website","url":"https:\/\/www.oio.pl\/","name":"OIO.pl \u2013 Industrial tablets, IT equipment for industry and logistics","description":"industrial tablets, rugged tablet, industrial computer, durable tablet, equipment for industry, Windows tablet, IP67 tablet, warehouse laptop, industrial electronics, industrial computers, oio.pl, logistics equipment, field work tablet, industrial touch monitor","publisher":{"@id":"https:\/\/www.oio.pl\/#organization"},"alternateName":"Sklep internetowy dla przemys\u0142u","potentialAction":[{"@type":"SearchAction","target":{"@type":"EntryPoint","urlTemplate":"https:\/\/www.oio.pl\/?s={search_term_string}"},"query-input":{"@type":"PropertyValueSpecification","valueRequired":true,"valueName":"search_term_string"}}],"inLanguage":"en-US"},{"@type":"Organization","@id":"https:\/\/www.oio.pl\/#organization","name":"OIO","alternateName":"Sprz\u0119t komputerowy","url":"https:\/\/www.oio.pl\/","logo":{"@type":"ImageObject","inLanguage":"en-US","@id":"https:\/\/www.oio.pl\/#\/schema\/logo\/image\/","url":"https:\/\/www.oio.pl\/wp-content\/uploads\/2023\/11\/cropped-cropped-oio_120x120.jpg","contentUrl":"https:\/\/www.oio.pl\/wp-content\/uploads\/2023\/11\/cropped-cropped-oio_120x120.jpg","width":120,"height":48,"caption":"OIO"},"image":{"@id":"https:\/\/www.oio.pl\/#\/schema\/logo\/image\/"},"sameAs":["https:\/\/www.facebook.com\/oiopl"]}]}},"_links":{"self":[{"href":"https:\/\/www.oio.pl\/en\/wp-json\/wp\/v2\/product\/779","targetHints":{"allow":["GET"]}}],"collection":[{"href":"https:\/\/www.oio.pl\/en\/wp-json\/wp\/v2\/product"}],"about":[{"href":"https:\/\/www.oio.pl\/en\/wp-json\/wp\/v2\/types\/product"}],"replies":[{"embeddable":true,"href":"https:\/\/www.oio.pl\/en\/wp-json\/wp\/v2\/comments?post=779"}],"wp:featuredmedia":[{"embeddable":true,"href":"https:\/\/www.oio.pl\/en\/wp-json\/wp\/v2\/media\/790"}],"wp:attachment":[{"href":"https:\/\/www.oio.pl\/en\/wp-json\/wp\/v2\/media?parent=779"}],"wp:term":[{"taxonomy":"product_brand","embeddable":true,"href":"https:\/\/www.oio.pl\/en\/wp-json\/wp\/v2\/product_brand?post=779"},{"taxonomy":"product_cat","embeddable":true,"href":"https:\/\/www.oio.pl\/en\/wp-json\/wp\/v2\/product_cat?post=779"},{"taxonomy":"product_tag","embeddable":true,"href":"https:\/\/www.oio.pl\/en\/wp-json\/wp\/v2\/product_tag?post=779"}],"curies":[{"name":"wp","href":"https:\/\/api.w.org\/{rel}","templated":true}]}}