{"id":7890,"date":"2025-11-08T06:33:23","date_gmt":"2025-11-08T05:33:23","guid":{"rendered":"https:\/\/www.oio.pl\/?post_type=product&#038;p=7890"},"modified":"2026-03-17T13:09:22","modified_gmt":"2026-03-17T12:09:22","slug":"tablet-przemyslowy-chipol-hr1068n-10-8gb-256gb-wifi5-4g-lte-ip68-nfc","status":"publish","type":"product","link":"https:\/\/www.oio.pl\/en\/product\/tablet-przemyslowy-chipol-hr1068n-10-8gb-256gb-wifi5-4g-lte-ip68-nfc\/","title":{"rendered":"Tablet przemys\u0142owy Chipol HR1068N 10&#8243; 8GB 256GB Wifi5 4G LTE NFC IP68"},"content":{"rendered":"<p class=\"\" data-start=\"0\" data-end=\"112\"><span class=\"relative -mx-px my-[-0.2rem] rounded px-px py-[0.2rem] transition-colors duration-100 ease-in-out\">Tablet przemys\u0142owy <strong data-start=\"19\" data-end=\"37\">Chipol HR1068N<\/strong>\u00a0to zaawansowane urz\u0105dzenie zaprojektowane z my\u015bl\u0105 o pracy w wymagaj\u0105cych warunkach.<\/span> <span class=\"relative -mx-px my-[-0.2rem] rounded px-px py-[0.2rem] transition-colors duration-100 ease-in-out\">Dzi\u0119ki solidnej konstrukcji i nowoczesnym technologiom, sprawdzi si\u0119 w wielu bran\u017cach, takich jak<a href=\"https:\/\/www.oio.pl\/wp-content\/uploads\/2025\/11\/HR1068N_09n-scaled.png\"><img loading=\"lazy\" decoding=\"async\" class=\" wp-image-7870 alignright\" src=\"https:\/\/www.oio.pl\/wp-content\/uploads\/2025\/11\/HR1068N_09n-300x200.png\" alt=\"\" width=\"450\" height=\"300\" srcset=\"https:\/\/www.oio.pl\/wp-content\/uploads\/2025\/11\/HR1068N_09n-300x200.png 300w, https:\/\/www.oio.pl\/wp-content\/uploads\/2025\/11\/HR1068N_09n-1024x683.png 1024w, https:\/\/www.oio.pl\/wp-content\/uploads\/2025\/11\/HR1068N_09n-768x512.png 768w, https:\/\/www.oio.pl\/wp-content\/uploads\/2025\/11\/HR1068N_09n-1536x1024.png 1536w, https:\/\/www.oio.pl\/wp-content\/uploads\/2025\/11\/HR1068N_09n-2048x1365.png 2048w, https:\/\/www.oio.pl\/wp-content\/uploads\/2025\/11\/HR1068N_09n-18x12.png 18w, https:\/\/www.oio.pl\/wp-content\/uploads\/2025\/11\/HR1068N_09n-600x400.png 600w\" sizes=\"auto, (max-width: 450px) 100vw, 450px\" \/><\/a> logistyka,\u00a0budownictwo czy przemys\u0142. Ten model posiada czytnik NFC w centralnej, tylnej cz\u0119\u015bci.<\/span><\/p>\n<h3 class=\"\" data-start=\"119\" data-end=\"154\">\ud83d\udee1\ufe0f Wytrzyma\u0142o\u015b\u0107 i niezawodno\u015b\u0107<\/h3>\n<ul data-start=\"156\" data-end=\"422\">\n<li class=\"\" data-start=\"156\" data-end=\"311\">\n<p class=\"\" data-start=\"158\" data-end=\"311\"><strong data-start=\"158\" data-end=\"193\">Odporno\u015b\u0107 na warunki zewn\u0119trzne<\/strong>: <span class=\"relative -mx-px my-[-0.2rem] rounded px-px py-[0.2rem] transition-colors duration-100 ease-in-out\">Spe\u0142nia normy <strong data-start=\"14\" data-end=\"22\">IP68<\/strong>, co oznacza pe\u0142n\u0105 ochron\u0119 przed py\u0142em i wod\u0105.<\/span> <span class=\"relative -mx-px my-[-0.2rem] rounded px-px py-[0.2rem] transition-colors duration-100 ease-in-out\">Dodatkowo, certyfikat <strong data-start=\"22\" data-end=\"38\">MIL-STD-810H<\/strong> potwierdza odporno\u015b\u0107 na wstrz\u0105sy, wibracje i upadki z wysoko\u015bci do 1 metra.<\/span><\/p>\n<\/li>\n<li class=\"\" data-start=\"313\" data-end=\"422\">\n<p class=\"\" data-start=\"315\" data-end=\"422\"><strong data-start=\"315\" data-end=\"342\">Zakres temperatur pracy<\/strong>: <span class=\"relative -mx-px my-[-0.2rem] rounded px-px py-[0.2rem] transition-colors duration-100 ease-in-out\">Urz\u0105dzenie dzia\u0142a w temperaturach od <strong data-start=\"37\" data-end=\"55\">-20\u00b0C do +60\u00b0C<\/strong>, co pozwala na u\u017cytkowanie w r\u00f3\u017cnych \u015brodowiskach.<\/span><\/p>\n<\/li>\n<li data-start=\"313\" data-end=\"422\"><strong>Lekki i trwa\u0142y w u\u017cytkowaniu<\/strong>, tylko 680 gram oraz odporno\u015b\u0107 na upadek z 1,5 metra.<span class=\"relative -mx-px my-[-0.2rem] rounded px-px py-[0.2rem] transition-colors duration-100 ease-in-out\"><br \/>\n<\/span><\/li>\n<li class=\"\" style=\"list-style-type: none;\" data-start=\"849\" data-end=\"1087\"><\/li>\n<\/ul>\n<h3 class=\"\" data-start=\"1516\" data-end=\"1540\">\ud83d\udce6 Dodatkowe wyposa\u017cenie<\/h3>\n<ul data-start=\"1542\" data-end=\"1867\">\n<li class=\"\" data-start=\"1542\" data-end=\"1651\">\n<p class=\"\" data-start=\"1544\" data-end=\"1651\"><b>Uchwyt na r\u0119k\u0119<\/b><\/p>\n<\/li>\n<li class=\"\" data-start=\"1653\" data-end=\"1764\"><b>Uchwyt na rami\u0119<\/b><\/li>\n<\/ul>\n<p><a href=\"https:\/\/www.oio.pl\/wp-content\/uploads\/2025\/11\/HR1068_131.png\"><img loading=\"lazy\" decoding=\"async\" class=\"alignnone size-medium wp-image-7838\" src=\"https:\/\/www.oio.pl\/wp-content\/uploads\/2025\/11\/HR1068_131.png\" alt=\"\" width=\"1\" height=\"1\" \/><\/a><a href=\"https:\/\/www.oio.pl\/wp-content\/uploads\/2025\/11\/HR1068N_01n-scaled.png\"><img loading=\"lazy\" decoding=\"async\" class=\" wp-image-7862 alignleft\" src=\"https:\/\/www.oio.pl\/wp-content\/uploads\/2025\/11\/HR1068N_01n-300x225.png\" alt=\"\" width=\"407\" height=\"305\" \/><\/a><\/p>\n<h3 class=\"\" data-start=\"1874\" data-end=\"1893\">\ud83c\udfaf Zastosowania<\/h3>\n<p class=\"\" data-start=\"1895\" data-end=\"1973\"><span class=\"relative -mx-px my-[-0.2rem] rounded px-px py-[0.2rem] transition-colors duration-100 ease-in-out\">Dzi\u0119ki swojej wytrzyma\u0142o\u015bci i wszechstronno\u015bci, tablet Chipol HT1068N idealnie nadaje si\u0119 do:<\/span><\/p>\n<ul data-start=\"1975\" data-end=\"2301\">\n<li class=\"\" data-start=\"1975\" data-end=\"2055\">\n<p class=\"\" data-start=\"1977\" data-end=\"2055\"><span class=\"relative -mx-px my-[-0.2rem] rounded px-px py-[0.2rem] transition-colors duration-100 ease-in-out\">Zarz\u0105dzania magazynem i logistyk\u0105<\/span><\/p>\n<\/li>\n<li class=\"\" data-start=\"2057\" data-end=\"2137\">\n<p class=\"\" data-start=\"2059\" data-end=\"2137\"><span class=\"relative -mx-px my-[-0.2rem] rounded px-px py-[0.2rem] transition-colors duration-100 ease-in-out\">Pracy w terenie, np. w budownictwie czy geodezji<\/span><\/p>\n<\/li>\n<li class=\"\" data-start=\"2139\" data-end=\"2219\">\n<p class=\"\" data-start=\"2141\" data-end=\"2219\"><span class=\"relative -mx-px my-[-0.2rem] rounded px-px py-[0.2rem] transition-colors duration-100 ease-in-out\">Obs\u0142ugi system\u00f3w POS w trudnych warunkach<\/span><\/p>\n<\/li>\n<li class=\"\" data-start=\"2221\" data-end=\"2301\">\n<p class=\"\" data-start=\"2223\" data-end=\"2301\"><span class=\"relative -mx-px my-[-0.2rem] rounded px-px py-[0.2rem] transition-colors duration-100 ease-in-out\">U\u017cytkowania w s\u0142u\u017cbach ratunkowych i wojskowych<\/span><\/p>\n<\/li>\n<\/ul>\n<p>&nbsp;<\/p>\n<p>Tablet przemys\u0142owy Chipol Hr1068N jest now\u0105, przeprojektowan\u0105 konstrukcj\u0105, to niezawodne narz\u0119dzie dla profesjonalist\u00f3w, kt\u00f3rzy potrzebuj\u0105 solidnego i funkcjonalnego urz\u0105dzenia do pracy w wymagaj\u0105cych warunkach.<\/p>\n","protected":false},"excerpt":{"rendered":"<p>Tablet przemys\u0142owy Chipol HR1068N\u00a0to zaawansowane urz\u0105dzenie zaprojektowane z my\u015bl\u0105 o pracy w wymagaj\u0105cych warunkach. Dzi\u0119ki solidnej konstrukcji i nowoczesnym technologiom, sprawdzi si\u0119 w wielu bran\u017cach, takich jak logistyka,\u00a0budownictwo czy przemys\u0142. Ten model posiada czytnik NFC w centralnej, tylnej cz\u0119\u015bci. \ud83d\udee1\ufe0f Wytrzyma\u0142o\u015b\u0107 i niezawodno\u015b\u0107 Odporno\u015b\u0107 na warunki zewn\u0119trzne: Spe\u0142nia normy IP68, co oznacza pe\u0142n\u0105 ochron\u0119 przed [&hellip;]<\/p>\n","protected":false},"featured_media":7874,"comment_status":"closed","ping_status":"closed","template":"","meta":[],"product_brand":[3231],"product_cat":[100,119],"product_tag":[52,3061,3085,3060,3058,3247,3067,101,3074,3082,3059,3080,3083,3063,3070],"class_list":{"0":"post-7890","1":"product","2":"type-product","3":"status-publish","4":"has-post-thumbnail","6":"product_brand-chipol","7":"product_cat-tb-przemyslowe","8":"product_cat-tabletandroid","9":"product_tag-dotykowy","10":"product_tag-przemyslowy","11":"product_tag-retro-tablet","12":"product_tag-rugged-tablet","13":"product_tag-tablet","14":"product_tag-tablet-bezprzewodowy","15":"product_tag-tablet-nowy","16":"product_tag-tablet-przemyslowy","17":"product_tag-tablets","18":"product_tag-tablety-do-sieci-sprzedazy","19":"product_tag-tablety-przemyslowe","20":"product_tag-tani-tablet","21":"product_tag-tough-tablet","22":"product_tag-windows-tablet","23":"product_tag-wytrzymaly-tablet","25":"first","26":"instock","27":"taxable","28":"shipping-taxable","29":"purchasable","30":"product-type-simple","31":"czr-hentry"},"yoast_head":"<!-- This site is optimized with the Yoast SEO plugin v27.4 - https:\/\/yoast.com\/product\/yoast-seo-wordpress\/ -->\n<title>Tablet przemys\u0142owy Chipol HR1068N 10&quot; 8GB 256GB Wifi5 4G LTE NFC IP68 - Mini PC, Komputery, Laptopy, Translatory<\/title>\n<meta name=\"description\" content=\"Wytrzyma\u0142y tablet przemys\u0142owy Chipol HT1068W z Androidem 14, ekranem 10&quot;, \u0142\u0105czno\u015bci\u0105 4G LTE i certyfikatem IP68. Idealny do pracy w trudnych warunkach terenowych i przemys\u0142owych.\" \/>\n<meta name=\"robots\" content=\"index, follow, max-snippet:-1, max-image-preview:large, max-video-preview:-1\" \/>\n<link rel=\"canonical\" href=\"https:\/\/www.oio.pl\/en\/product\/tablet-przemyslowy-chipol-hr1068n-10-8gb-256gb-wifi5-4g-lte-ip68-nfc\/\" \/>\n<meta property=\"og:locale\" content=\"en_US\" \/>\n<meta property=\"og:type\" content=\"article\" \/>\n<meta property=\"og:title\" content=\"Tablet przemys\u0142owy Chipol HR1068N 10&quot; 8GB 256GB Wifi5 4G LTE NFC IP68 - Mini PC, Komputery, Laptopy, Translatory\" \/>\n<meta property=\"og:description\" content=\"Wytrzyma\u0142y tablet przemys\u0142owy Chipol HT1068W z Androidem 14, ekranem 10&quot;, \u0142\u0105czno\u015bci\u0105 4G LTE i certyfikatem IP68. Idealny do pracy w trudnych warunkach terenowych i przemys\u0142owych.\" \/>\n<meta property=\"og:url\" content=\"https:\/\/www.oio.pl\/en\/product\/tablet-przemyslowy-chipol-hr1068n-10-8gb-256gb-wifi5-4g-lte-ip68-nfc\/\" \/>\n<meta property=\"og:site_name\" content=\"Mini PC, Komputery, Laptopy, Translatory\" \/>\n<meta property=\"article:publisher\" content=\"https:\/\/www.facebook.com\/oiopl\" \/>\n<meta property=\"article:modified_time\" content=\"2026-03-17T12:09:22+00:00\" \/>\n<meta property=\"og:image\" content=\"https:\/\/www.oio.pl\/wp-content\/uploads\/2025\/11\/HR1068N_02n-2.png\" \/>\n\t<meta property=\"og:image:width\" content=\"1650\" \/>\n\t<meta property=\"og:image:height\" content=\"1237\" \/>\n\t<meta property=\"og:image:type\" content=\"image\/png\" \/>\n<meta name=\"twitter:card\" content=\"summary_large_image\" \/>\n<meta name=\"twitter:label1\" content=\"Est. reading time\" \/>\n\t<meta name=\"twitter:data1\" content=\"2 minutes\" \/>\n<script type=\"application\/ld+json\" class=\"yoast-schema-graph\">{\"@context\":\"https:\\\/\\\/schema.org\",\"@graph\":[{\"@type\":\"WebPage\",\"@id\":\"https:\\\/\\\/www.oio.pl\\\/product\\\/tablet-przemyslowy-chipol-hr1068n-10-8gb-256gb-wifi5-4g-lte-ip68-nfc\\\/\",\"url\":\"https:\\\/\\\/www.oio.pl\\\/product\\\/tablet-przemyslowy-chipol-hr1068n-10-8gb-256gb-wifi5-4g-lte-ip68-nfc\\\/\",\"name\":\"Tablet przemys\u0142owy Chipol HR1068N 10\\\" 8GB 256GB Wifi5 4G LTE NFC IP68 - Mini PC, Komputery, Laptopy, Translatory\",\"isPartOf\":{\"@id\":\"https:\\\/\\\/www.oio.pl\\\/#website\"},\"primaryImageOfPage\":{\"@id\":\"https:\\\/\\\/www.oio.pl\\\/product\\\/tablet-przemyslowy-chipol-hr1068n-10-8gb-256gb-wifi5-4g-lte-ip68-nfc\\\/#primaryimage\"},\"image\":{\"@id\":\"https:\\\/\\\/www.oio.pl\\\/product\\\/tablet-przemyslowy-chipol-hr1068n-10-8gb-256gb-wifi5-4g-lte-ip68-nfc\\\/#primaryimage\"},\"thumbnailUrl\":\"https:\\\/\\\/www.oio.pl\\\/wp-content\\\/uploads\\\/2025\\\/11\\\/HR1068N_02n-2.png\",\"datePublished\":\"2025-11-08T05:33:23+00:00\",\"dateModified\":\"2026-03-17T12:09:22+00:00\",\"description\":\"Wytrzyma\u0142y tablet przemys\u0142owy Chipol HT1068W z Androidem 14, ekranem 10\\\", \u0142\u0105czno\u015bci\u0105 4G LTE i certyfikatem IP68. Idealny do pracy w trudnych warunkach terenowych i przemys\u0142owych.\",\"breadcrumb\":{\"@id\":\"https:\\\/\\\/www.oio.pl\\\/product\\\/tablet-przemyslowy-chipol-hr1068n-10-8gb-256gb-wifi5-4g-lte-ip68-nfc\\\/#breadcrumb\"},\"inLanguage\":\"en-US\",\"potentialAction\":[{\"@type\":\"ReadAction\",\"target\":[\"https:\\\/\\\/www.oio.pl\\\/product\\\/tablet-przemyslowy-chipol-hr1068n-10-8gb-256gb-wifi5-4g-lte-ip68-nfc\\\/\"]}]},{\"@type\":\"ImageObject\",\"inLanguage\":\"en-US\",\"@id\":\"https:\\\/\\\/www.oio.pl\\\/product\\\/tablet-przemyslowy-chipol-hr1068n-10-8gb-256gb-wifi5-4g-lte-ip68-nfc\\\/#primaryimage\",\"url\":\"https:\\\/\\\/www.oio.pl\\\/wp-content\\\/uploads\\\/2025\\\/11\\\/HR1068N_02n-2.png\",\"contentUrl\":\"https:\\\/\\\/www.oio.pl\\\/wp-content\\\/uploads\\\/2025\\\/11\\\/HR1068N_02n-2.png\",\"width\":1650,\"height\":1237},{\"@type\":\"BreadcrumbList\",\"@id\":\"https:\\\/\\\/www.oio.pl\\\/product\\\/tablet-przemyslowy-chipol-hr1068n-10-8gb-256gb-wifi5-4g-lte-ip68-nfc\\\/#breadcrumb\",\"itemListElement\":[{\"@type\":\"ListItem\",\"position\":1,\"name\":\"Strona g\u0142\u00f3wna\",\"item\":\"https:\\\/\\\/www.oio.pl\\\/\"},{\"@type\":\"ListItem\",\"position\":2,\"name\":\"Produkty\",\"item\":\"https:\\\/\\\/www.oio.pl\\\/\"},{\"@type\":\"ListItem\",\"position\":3,\"name\":\"Tablet przemys\u0142owy Chipol HR1068N 10&#8243; 8GB 256GB Wifi5 4G LTE NFC IP68\"}]},{\"@type\":\"WebSite\",\"@id\":\"https:\\\/\\\/www.oio.pl\\\/#website\",\"url\":\"https:\\\/\\\/www.oio.pl\\\/\",\"name\":\"OIO.pl \u2013 Tablety przemys\u0142owe, sprz\u0119t IT dla przemys\u0142u i logistyki\",\"description\":\"tablety przemys\u0142owe, rugged tablet, komputer przemys\u0142owy, tablet wytrzyma\u0142y, sprz\u0119t dla przemys\u0142u, tablet z Windows, tablet IP67, laptop dla magazynu, elektronika przemys\u0142owa, komputery przemys\u0142owe, oio.pl, sprz\u0119t dla logistyki, tablet do pracy w terenie, monitor dotykowy przemys\u0142owy\",\"publisher\":{\"@id\":\"https:\\\/\\\/www.oio.pl\\\/#organization\"},\"alternateName\":\"Sklep internetowy dla przemys\u0142u\",\"potentialAction\":[{\"@type\":\"SearchAction\",\"target\":{\"@type\":\"EntryPoint\",\"urlTemplate\":\"https:\\\/\\\/www.oio.pl\\\/?s={search_term_string}\"},\"query-input\":{\"@type\":\"PropertyValueSpecification\",\"valueRequired\":true,\"valueName\":\"search_term_string\"}}],\"inLanguage\":\"en-US\"},{\"@type\":\"Organization\",\"@id\":\"https:\\\/\\\/www.oio.pl\\\/#organization\",\"name\":\"OIO\",\"alternateName\":\"Sprz\u0119t komputerowy\",\"url\":\"https:\\\/\\\/www.oio.pl\\\/\",\"logo\":{\"@type\":\"ImageObject\",\"inLanguage\":\"en-US\",\"@id\":\"https:\\\/\\\/www.oio.pl\\\/#\\\/schema\\\/logo\\\/image\\\/\",\"url\":\"https:\\\/\\\/www.oio.pl\\\/wp-content\\\/uploads\\\/2023\\\/11\\\/cropped-cropped-oio_120x120.jpg\",\"contentUrl\":\"https:\\\/\\\/www.oio.pl\\\/wp-content\\\/uploads\\\/2023\\\/11\\\/cropped-cropped-oio_120x120.jpg\",\"width\":120,\"height\":48,\"caption\":\"OIO\"},\"image\":{\"@id\":\"https:\\\/\\\/www.oio.pl\\\/#\\\/schema\\\/logo\\\/image\\\/\"},\"sameAs\":[\"https:\\\/\\\/www.facebook.com\\\/oiopl\"]}]}<\/script>\n<!-- \/ Yoast SEO plugin. -->","yoast_head_json":{"title":"Tablet przemys\u0142owy Chipol HR1068N 10\" 8GB 256GB Wifi5 4G LTE NFC IP68 - Mini PC, Komputery, Laptopy, Translatory","description":"Chipol HT1068W rugged industrial tablet with Android 14, 10&quot; screen, 4G LTE connectivity, and IP68 certification. Ideal for use in harsh field and industrial environments.","robots":{"index":"index","follow":"follow","max-snippet":"max-snippet:-1","max-image-preview":"max-image-preview:large","max-video-preview":"max-video-preview:-1"},"canonical":"https:\/\/www.oio.pl\/en\/product\/tablet-przemyslowy-chipol-hr1068n-10-8gb-256gb-wifi5-4g-lte-ip68-nfc\/","og_locale":"en_US","og_type":"article","og_title":"Tablet przemys\u0142owy Chipol HR1068N 10\" 8GB 256GB Wifi5 4G LTE NFC IP68 - Mini PC, Komputery, Laptopy, Translatory","og_description":"Wytrzyma\u0142y tablet przemys\u0142owy Chipol HT1068W z Androidem 14, ekranem 10\", \u0142\u0105czno\u015bci\u0105 4G LTE i certyfikatem IP68. Idealny do pracy w trudnych warunkach terenowych i przemys\u0142owych.","og_url":"https:\/\/www.oio.pl\/en\/product\/tablet-przemyslowy-chipol-hr1068n-10-8gb-256gb-wifi5-4g-lte-ip68-nfc\/","og_site_name":"Mini PC, Komputery, Laptopy, Translatory","article_publisher":"https:\/\/www.facebook.com\/oiopl","article_modified_time":"2026-03-17T12:09:22+00:00","og_image":[{"width":1650,"height":1237,"url":"https:\/\/www.oio.pl\/wp-content\/uploads\/2025\/11\/HR1068N_02n-2.png","type":"image\/png"}],"twitter_card":"summary_large_image","twitter_misc":{"Est. reading time":"2 minutes"},"schema":{"@context":"https:\/\/schema.org","@graph":[{"@type":"WebPage","@id":"https:\/\/www.oio.pl\/product\/tablet-przemyslowy-chipol-hr1068n-10-8gb-256gb-wifi5-4g-lte-ip68-nfc\/","url":"https:\/\/www.oio.pl\/product\/tablet-przemyslowy-chipol-hr1068n-10-8gb-256gb-wifi5-4g-lte-ip68-nfc\/","name":"Tablet przemys\u0142owy Chipol HR1068N 10\" 8GB 256GB Wifi5 4G LTE NFC IP68 - Mini PC, Komputery, Laptopy, Translatory","isPartOf":{"@id":"https:\/\/www.oio.pl\/#website"},"primaryImageOfPage":{"@id":"https:\/\/www.oio.pl\/product\/tablet-przemyslowy-chipol-hr1068n-10-8gb-256gb-wifi5-4g-lte-ip68-nfc\/#primaryimage"},"image":{"@id":"https:\/\/www.oio.pl\/product\/tablet-przemyslowy-chipol-hr1068n-10-8gb-256gb-wifi5-4g-lte-ip68-nfc\/#primaryimage"},"thumbnailUrl":"https:\/\/www.oio.pl\/wp-content\/uploads\/2025\/11\/HR1068N_02n-2.png","datePublished":"2025-11-08T05:33:23+00:00","dateModified":"2026-03-17T12:09:22+00:00","description":"Chipol HT1068W rugged industrial tablet with Android 14, 10&quot; screen, 4G LTE connectivity, and IP68 certification. Ideal for use in harsh field and industrial environments.","breadcrumb":{"@id":"https:\/\/www.oio.pl\/product\/tablet-przemyslowy-chipol-hr1068n-10-8gb-256gb-wifi5-4g-lte-ip68-nfc\/#breadcrumb"},"inLanguage":"en-US","potentialAction":[{"@type":"ReadAction","target":["https:\/\/www.oio.pl\/product\/tablet-przemyslowy-chipol-hr1068n-10-8gb-256gb-wifi5-4g-lte-ip68-nfc\/"]}]},{"@type":"ImageObject","inLanguage":"en-US","@id":"https:\/\/www.oio.pl\/product\/tablet-przemyslowy-chipol-hr1068n-10-8gb-256gb-wifi5-4g-lte-ip68-nfc\/#primaryimage","url":"https:\/\/www.oio.pl\/wp-content\/uploads\/2025\/11\/HR1068N_02n-2.png","contentUrl":"https:\/\/www.oio.pl\/wp-content\/uploads\/2025\/11\/HR1068N_02n-2.png","width":1650,"height":1237},{"@type":"BreadcrumbList","@id":"https:\/\/www.oio.pl\/product\/tablet-przemyslowy-chipol-hr1068n-10-8gb-256gb-wifi5-4g-lte-ip68-nfc\/#breadcrumb","itemListElement":[{"@type":"ListItem","position":1,"name":"Strona g\u0142\u00f3wna","item":"https:\/\/www.oio.pl\/"},{"@type":"ListItem","position":2,"name":"Produkty","item":"https:\/\/www.oio.pl\/"},{"@type":"ListItem","position":3,"name":"Tablet przemys\u0142owy Chipol HR1068N 10&#8243; 8GB 256GB Wifi5 4G LTE NFC IP68"}]},{"@type":"WebSite","@id":"https:\/\/www.oio.pl\/#website","url":"https:\/\/www.oio.pl\/","name":"OIO.pl \u2013 Industrial tablets, IT equipment for industry and logistics","description":"industrial tablets, rugged tablet, industrial computer, durable tablet, equipment for industry, Windows tablet, IP67 tablet, warehouse laptop, industrial electronics, industrial computers, oio.pl, logistics equipment, field work tablet, industrial touch monitor","publisher":{"@id":"https:\/\/www.oio.pl\/#organization"},"alternateName":"Sklep internetowy dla przemys\u0142u","potentialAction":[{"@type":"SearchAction","target":{"@type":"EntryPoint","urlTemplate":"https:\/\/www.oio.pl\/?s={search_term_string}"},"query-input":{"@type":"PropertyValueSpecification","valueRequired":true,"valueName":"search_term_string"}}],"inLanguage":"en-US"},{"@type":"Organization","@id":"https:\/\/www.oio.pl\/#organization","name":"OIO","alternateName":"Sprz\u0119t komputerowy","url":"https:\/\/www.oio.pl\/","logo":{"@type":"ImageObject","inLanguage":"en-US","@id":"https:\/\/www.oio.pl\/#\/schema\/logo\/image\/","url":"https:\/\/www.oio.pl\/wp-content\/uploads\/2023\/11\/cropped-cropped-oio_120x120.jpg","contentUrl":"https:\/\/www.oio.pl\/wp-content\/uploads\/2023\/11\/cropped-cropped-oio_120x120.jpg","width":120,"height":48,"caption":"OIO"},"image":{"@id":"https:\/\/www.oio.pl\/#\/schema\/logo\/image\/"},"sameAs":["https:\/\/www.facebook.com\/oiopl"]}]}},"_links":{"self":[{"href":"https:\/\/www.oio.pl\/en\/wp-json\/wp\/v2\/product\/7890","targetHints":{"allow":["GET"]}}],"collection":[{"href":"https:\/\/www.oio.pl\/en\/wp-json\/wp\/v2\/product"}],"about":[{"href":"https:\/\/www.oio.pl\/en\/wp-json\/wp\/v2\/types\/product"}],"replies":[{"embeddable":true,"href":"https:\/\/www.oio.pl\/en\/wp-json\/wp\/v2\/comments?post=7890"}],"wp:featuredmedia":[{"embeddable":true,"href":"https:\/\/www.oio.pl\/en\/wp-json\/wp\/v2\/media\/7874"}],"wp:attachment":[{"href":"https:\/\/www.oio.pl\/en\/wp-json\/wp\/v2\/media?parent=7890"}],"wp:term":[{"taxonomy":"product_brand","embeddable":true,"href":"https:\/\/www.oio.pl\/en\/wp-json\/wp\/v2\/product_brand?post=7890"},{"taxonomy":"product_cat","embeddable":true,"href":"https:\/\/www.oio.pl\/en\/wp-json\/wp\/v2\/product_cat?post=7890"},{"taxonomy":"product_tag","embeddable":true,"href":"https:\/\/www.oio.pl\/en\/wp-json\/wp\/v2\/product_tag?post=7890"}],"curies":[{"name":"wp","href":"https:\/\/api.w.org\/{rel}","templated":true}]}}