{"id":8024,"date":"2026-01-22T05:43:08","date_gmt":"2026-01-22T04:43:08","guid":{"rendered":"https:\/\/www.oio.pl\/?post_type=product&#038;p=8024"},"modified":"2026-01-22T15:09:24","modified_gmt":"2026-01-22T14:09:24","slug":"all-in-one-chipol-f12g-n5100-8-128gb-rs232-win-11-kopia","status":"publish","type":"product","link":"https:\/\/www.oio.pl\/en\/product\/all-in-one-chipol-f12g-n5100-8-128gb-rs232-win-11-kopia\/","title":{"rendered":"All-In-One Chipol F12G N5100 8\/128GB RS232 Win 11"},"content":{"rendered":"<p><b>New generation of microcomputers \u2013 Chipol F12G <\/b>has been designed in a new, more efficient and ergonomic way. The bright 11.6-inch IPS display with a resolution of 1920 x 1080 is readable in sunlight and provides wide viewing angles (250ANSI). Thanks to the capacitive touch panel, it can be used both with gloves and with wet hands.<\/p>\n<p>AIO\u00a0<b>Chipol F12G, model 2026\/01, <\/b>nap\u0119dzany jest cztero-rdzeniowym sprawdzonym procesorem Intel Celeron N5100 1,1 &#8211; 2,8 GHz (4\/4) oraz grafik\u0105 Intel UHD Graphics.<\/p>\n<p>The number of I\/O ports is precisely matched to current needs, including: 4*USB 3.0, <b>DB9<\/b>\u00a0<b>RS232, 2*<\/b>HDMI 1.4, Audio\/Mic, TF card reader (up to 512GB), LAN 1000Mb.<\/p>\n<p>Wbudowany g\u0142o\u015bnik 1W pozwala wykorzysta\u0107 ten model w wi\u0119kszym zakresie jako samodzielne urz\u0105dzenie w pe\u0142nym zakresie.<\/p>","protected":false},"excerpt":{"rendered":"<p>Nowa generacja mikrokomputer\u00f3w &#8211; Chipol F12G zosta\u0142 zaprojektowany w nowy, bardzie wydajny i ergonomiczny spos\u00f3b. Jasny wy\u015bwietlacz IPS 11,6&#8243; o rozdzielczo\u015bci 1920 x1080 jest czytelny w s\u0142o\u0144cu oraz zapewnia szerokie k\u0105ty widzenia (250ANSI). Dzi\u0119ki pojemno\u015bciowemu panelowi dotykowemu mo\u017cna go stosowa\u0107 zar\u00f3wno w r\u0119kawiczkach jak i wilgotnymi d\u0142o\u0144mi. AIO\u00a0Chipol F12G, model 2026\/01, nap\u0119dzany jest cztero-rdzeniowym sprawdzonym [&hellip;]<\/p>\n","protected":false},"featured_media":6881,"comment_status":"closed","ping_status":"closed","template":"","meta":[],"product_brand":[3231],"product_cat":[53,3315,3218],"product_tag":[50,47,77,45,46,109,101],"class_list":{"0":"post-8024","1":"product","2":"type-product","3":"status-publish","4":"has-post-thumbnail","6":"product_brand-chipol","7":"product_cat-pc-aio-pos","8":"product_cat-pc-aio","9":"product_cat-pc-panel","10":"product_tag-aio","11":"product_tag-komputer","12":"product_tag-komputer-przemyslowy","13":"product_tag-mikrokomputer","14":"product_tag-mini-pc","15":"product_tag-nascienny","16":"product_tag-tablet-przemyslowy","18":"first","19":"onbackorder","20":"taxable","21":"shipping-taxable","22":"purchasable","23":"product-type-simple","24":"czr-hentry"},"yoast_head":"<!-- This site is optimized with the Yoast SEO plugin v27.4 - https:\/\/yoast.com\/product\/yoast-seo-wordpress\/ -->\n<title>All-In-One Chipol F12G N5100 8\/128GB RS232 Win 11 - Mini PC, Komputery, Laptopy, Translatory<\/title>\n<meta name=\"robots\" content=\"index, follow, max-snippet:-1, max-image-preview:large, max-video-preview:-1\" \/>\n<link rel=\"canonical\" href=\"https:\/\/www.oio.pl\/en\/product\/all-in-one-chipol-f12g-n5100-8-128gb-rs232-win-11-kopia\/\" \/>\n<meta property=\"og:locale\" content=\"en_US\" \/>\n<meta property=\"og:type\" content=\"article\" \/>\n<meta property=\"og:title\" content=\"All-In-One Chipol F12G N5100 8\/128GB RS232 Win 11 - Mini PC, Komputery, Laptopy, Translatory\" \/>\n<meta property=\"og:description\" content=\"Nowa generacja mikrokomputer\u00f3w &#8211; Chipol F12G zosta\u0142 zaprojektowany w nowy, bardzie wydajny i ergonomiczny spos\u00f3b. Jasny wy\u015bwietlacz IPS 11,6&#8243; o rozdzielczo\u015bci 1920 x1080 jest czytelny w s\u0142o\u0144cu oraz zapewnia szerokie k\u0105ty widzenia (250ANSI). Dzi\u0119ki pojemno\u015bciowemu panelowi dotykowemu mo\u017cna go stosowa\u0107 zar\u00f3wno w r\u0119kawiczkach jak i wilgotnymi d\u0142o\u0144mi. AIO\u00a0Chipol F12G, model 2026\/01, nap\u0119dzany jest cztero-rdzeniowym sprawdzonym [&hellip;]\" \/>\n<meta property=\"og:url\" content=\"https:\/\/www.oio.pl\/en\/product\/all-in-one-chipol-f12g-n5100-8-128gb-rs232-win-11-kopia\/\" \/>\n<meta property=\"og:site_name\" content=\"Mini PC, Komputery, Laptopy, Translatory\" \/>\n<meta property=\"article:publisher\" content=\"https:\/\/www.facebook.com\/oiopl\" \/>\n<meta property=\"article:modified_time\" content=\"2026-01-22T14:09:24+00:00\" \/>\n<meta property=\"og:image\" content=\"https:\/\/www.oio.pl\/wp-content\/uploads\/2024\/07\/12GLK_000.jpg\" \/>\n\t<meta property=\"og:image:width\" content=\"1200\" \/>\n\t<meta property=\"og:image:height\" content=\"1200\" \/>\n\t<meta property=\"og:image:type\" content=\"image\/jpeg\" \/>\n<meta name=\"twitter:card\" content=\"summary_large_image\" \/>\n<meta name=\"twitter:label1\" content=\"Est. reading time\" \/>\n\t<meta name=\"twitter:data1\" content=\"1 minute\" \/>\n<script type=\"application\/ld+json\" class=\"yoast-schema-graph\">{\"@context\":\"https:\\\/\\\/schema.org\",\"@graph\":[{\"@type\":\"WebPage\",\"@id\":\"https:\\\/\\\/www.oio.pl\\\/product\\\/all-in-one-chipol-f12g-n5100-8-128gb-rs232-win-11-kopia\\\/\",\"url\":\"https:\\\/\\\/www.oio.pl\\\/product\\\/all-in-one-chipol-f12g-n5100-8-128gb-rs232-win-11-kopia\\\/\",\"name\":\"All-In-One Chipol F12G N5100 8\\\/128GB RS232 Win 11 - Mini PC, Komputery, Laptopy, Translatory\",\"isPartOf\":{\"@id\":\"https:\\\/\\\/www.oio.pl\\\/#website\"},\"primaryImageOfPage\":{\"@id\":\"https:\\\/\\\/www.oio.pl\\\/product\\\/all-in-one-chipol-f12g-n5100-8-128gb-rs232-win-11-kopia\\\/#primaryimage\"},\"image\":{\"@id\":\"https:\\\/\\\/www.oio.pl\\\/product\\\/all-in-one-chipol-f12g-n5100-8-128gb-rs232-win-11-kopia\\\/#primaryimage\"},\"thumbnailUrl\":\"https:\\\/\\\/www.oio.pl\\\/wp-content\\\/uploads\\\/2024\\\/07\\\/12GLK_000.jpg\",\"datePublished\":\"2026-01-22T04:43:08+00:00\",\"dateModified\":\"2026-01-22T14:09:24+00:00\",\"breadcrumb\":{\"@id\":\"https:\\\/\\\/www.oio.pl\\\/product\\\/all-in-one-chipol-f12g-n5100-8-128gb-rs232-win-11-kopia\\\/#breadcrumb\"},\"inLanguage\":\"en-US\",\"potentialAction\":[{\"@type\":\"ReadAction\",\"target\":[\"https:\\\/\\\/www.oio.pl\\\/product\\\/all-in-one-chipol-f12g-n5100-8-128gb-rs232-win-11-kopia\\\/\"]}]},{\"@type\":\"ImageObject\",\"inLanguage\":\"en-US\",\"@id\":\"https:\\\/\\\/www.oio.pl\\\/product\\\/all-in-one-chipol-f12g-n5100-8-128gb-rs232-win-11-kopia\\\/#primaryimage\",\"url\":\"https:\\\/\\\/www.oio.pl\\\/wp-content\\\/uploads\\\/2024\\\/07\\\/12GLK_000.jpg\",\"contentUrl\":\"https:\\\/\\\/www.oio.pl\\\/wp-content\\\/uploads\\\/2024\\\/07\\\/12GLK_000.jpg\",\"width\":1200,\"height\":1200},{\"@type\":\"BreadcrumbList\",\"@id\":\"https:\\\/\\\/www.oio.pl\\\/product\\\/all-in-one-chipol-f12g-n5100-8-128gb-rs232-win-11-kopia\\\/#breadcrumb\",\"itemListElement\":[{\"@type\":\"ListItem\",\"position\":1,\"name\":\"Strona g\u0142\u00f3wna\",\"item\":\"https:\\\/\\\/www.oio.pl\\\/\"},{\"@type\":\"ListItem\",\"position\":2,\"name\":\"Produkty\",\"item\":\"https:\\\/\\\/www.oio.pl\\\/\"},{\"@type\":\"ListItem\",\"position\":3,\"name\":\"All-In-One Chipol F12G N5100 8\\\/128GB RS232 Win 11\"}]},{\"@type\":\"WebSite\",\"@id\":\"https:\\\/\\\/www.oio.pl\\\/#website\",\"url\":\"https:\\\/\\\/www.oio.pl\\\/\",\"name\":\"OIO.pl \u2013 Tablety przemys\u0142owe, sprz\u0119t IT dla przemys\u0142u i logistyki\",\"description\":\"tablety przemys\u0142owe, rugged tablet, komputer przemys\u0142owy, tablet wytrzyma\u0142y, sprz\u0119t dla przemys\u0142u, tablet z Windows, tablet IP67, laptop dla magazynu, elektronika przemys\u0142owa, komputery przemys\u0142owe, oio.pl, sprz\u0119t dla logistyki, tablet do pracy w terenie, monitor dotykowy przemys\u0142owy\",\"publisher\":{\"@id\":\"https:\\\/\\\/www.oio.pl\\\/#organization\"},\"alternateName\":\"Sklep internetowy dla przemys\u0142u\",\"potentialAction\":[{\"@type\":\"SearchAction\",\"target\":{\"@type\":\"EntryPoint\",\"urlTemplate\":\"https:\\\/\\\/www.oio.pl\\\/?s={search_term_string}\"},\"query-input\":{\"@type\":\"PropertyValueSpecification\",\"valueRequired\":true,\"valueName\":\"search_term_string\"}}],\"inLanguage\":\"en-US\"},{\"@type\":\"Organization\",\"@id\":\"https:\\\/\\\/www.oio.pl\\\/#organization\",\"name\":\"OIO\",\"alternateName\":\"Sprz\u0119t komputerowy\",\"url\":\"https:\\\/\\\/www.oio.pl\\\/\",\"logo\":{\"@type\":\"ImageObject\",\"inLanguage\":\"en-US\",\"@id\":\"https:\\\/\\\/www.oio.pl\\\/#\\\/schema\\\/logo\\\/image\\\/\",\"url\":\"https:\\\/\\\/www.oio.pl\\\/wp-content\\\/uploads\\\/2023\\\/11\\\/cropped-cropped-oio_120x120.jpg\",\"contentUrl\":\"https:\\\/\\\/www.oio.pl\\\/wp-content\\\/uploads\\\/2023\\\/11\\\/cropped-cropped-oio_120x120.jpg\",\"width\":120,\"height\":48,\"caption\":\"OIO\"},\"image\":{\"@id\":\"https:\\\/\\\/www.oio.pl\\\/#\\\/schema\\\/logo\\\/image\\\/\"},\"sameAs\":[\"https:\\\/\\\/www.facebook.com\\\/oiopl\"]}]}<\/script>\n<!-- \/ Yoast SEO plugin. -->","yoast_head_json":{"title":"All-In-One Chipol F12G N5100 8\/128GB RS232 Win 11 - Mini PC, Komputery, Laptopy, Translatory","robots":{"index":"index","follow":"follow","max-snippet":"max-snippet:-1","max-image-preview":"max-image-preview:large","max-video-preview":"max-video-preview:-1"},"canonical":"https:\/\/www.oio.pl\/en\/product\/all-in-one-chipol-f12g-n5100-8-128gb-rs232-win-11-kopia\/","og_locale":"en_US","og_type":"article","og_title":"All-In-One Chipol F12G N5100 8\/128GB RS232 Win 11 - Mini PC, Komputery, Laptopy, Translatory","og_description":"Nowa generacja mikrokomputer\u00f3w &#8211; Chipol F12G zosta\u0142 zaprojektowany w nowy, bardzie wydajny i ergonomiczny spos\u00f3b. Jasny wy\u015bwietlacz IPS 11,6&#8243; o rozdzielczo\u015bci 1920 x1080 jest czytelny w s\u0142o\u0144cu oraz zapewnia szerokie k\u0105ty widzenia (250ANSI). Dzi\u0119ki pojemno\u015bciowemu panelowi dotykowemu mo\u017cna go stosowa\u0107 zar\u00f3wno w r\u0119kawiczkach jak i wilgotnymi d\u0142o\u0144mi. AIO\u00a0Chipol F12G, model 2026\/01, nap\u0119dzany jest cztero-rdzeniowym sprawdzonym [&hellip;]","og_url":"https:\/\/www.oio.pl\/en\/product\/all-in-one-chipol-f12g-n5100-8-128gb-rs232-win-11-kopia\/","og_site_name":"Mini PC, Komputery, Laptopy, Translatory","article_publisher":"https:\/\/www.facebook.com\/oiopl","article_modified_time":"2026-01-22T14:09:24+00:00","og_image":[{"width":1200,"height":1200,"url":"https:\/\/www.oio.pl\/wp-content\/uploads\/2024\/07\/12GLK_000.jpg","type":"image\/jpeg"}],"twitter_card":"summary_large_image","twitter_misc":{"Est. reading time":"1 minute"},"schema":{"@context":"https:\/\/schema.org","@graph":[{"@type":"WebPage","@id":"https:\/\/www.oio.pl\/product\/all-in-one-chipol-f12g-n5100-8-128gb-rs232-win-11-kopia\/","url":"https:\/\/www.oio.pl\/product\/all-in-one-chipol-f12g-n5100-8-128gb-rs232-win-11-kopia\/","name":"All-In-One Chipol F12G N5100 8\/128GB RS232 Win 11 - Mini PC, Komputery, Laptopy, Translatory","isPartOf":{"@id":"https:\/\/www.oio.pl\/#website"},"primaryImageOfPage":{"@id":"https:\/\/www.oio.pl\/product\/all-in-one-chipol-f12g-n5100-8-128gb-rs232-win-11-kopia\/#primaryimage"},"image":{"@id":"https:\/\/www.oio.pl\/product\/all-in-one-chipol-f12g-n5100-8-128gb-rs232-win-11-kopia\/#primaryimage"},"thumbnailUrl":"https:\/\/www.oio.pl\/wp-content\/uploads\/2024\/07\/12GLK_000.jpg","datePublished":"2026-01-22T04:43:08+00:00","dateModified":"2026-01-22T14:09:24+00:00","breadcrumb":{"@id":"https:\/\/www.oio.pl\/product\/all-in-one-chipol-f12g-n5100-8-128gb-rs232-win-11-kopia\/#breadcrumb"},"inLanguage":"en-US","potentialAction":[{"@type":"ReadAction","target":["https:\/\/www.oio.pl\/product\/all-in-one-chipol-f12g-n5100-8-128gb-rs232-win-11-kopia\/"]}]},{"@type":"ImageObject","inLanguage":"en-US","@id":"https:\/\/www.oio.pl\/product\/all-in-one-chipol-f12g-n5100-8-128gb-rs232-win-11-kopia\/#primaryimage","url":"https:\/\/www.oio.pl\/wp-content\/uploads\/2024\/07\/12GLK_000.jpg","contentUrl":"https:\/\/www.oio.pl\/wp-content\/uploads\/2024\/07\/12GLK_000.jpg","width":1200,"height":1200},{"@type":"BreadcrumbList","@id":"https:\/\/www.oio.pl\/product\/all-in-one-chipol-f12g-n5100-8-128gb-rs232-win-11-kopia\/#breadcrumb","itemListElement":[{"@type":"ListItem","position":1,"name":"Strona g\u0142\u00f3wna","item":"https:\/\/www.oio.pl\/"},{"@type":"ListItem","position":2,"name":"Produkty","item":"https:\/\/www.oio.pl\/"},{"@type":"ListItem","position":3,"name":"All-In-One Chipol F12G N5100 8\/128GB RS232 Win 11"}]},{"@type":"WebSite","@id":"https:\/\/www.oio.pl\/#website","url":"https:\/\/www.oio.pl\/","name":"OIO.pl \u2013 Industrial tablets, IT equipment for industry and logistics","description":"industrial tablets, rugged tablet, industrial computer, durable tablet, equipment for industry, Windows tablet, IP67 tablet, warehouse laptop, industrial electronics, industrial computers, oio.pl, logistics equipment, field work tablet, industrial touch monitor","publisher":{"@id":"https:\/\/www.oio.pl\/#organization"},"alternateName":"Sklep internetowy dla przemys\u0142u","potentialAction":[{"@type":"SearchAction","target":{"@type":"EntryPoint","urlTemplate":"https:\/\/www.oio.pl\/?s={search_term_string}"},"query-input":{"@type":"PropertyValueSpecification","valueRequired":true,"valueName":"search_term_string"}}],"inLanguage":"en-US"},{"@type":"Organization","@id":"https:\/\/www.oio.pl\/#organization","name":"OIO","alternateName":"Sprz\u0119t komputerowy","url":"https:\/\/www.oio.pl\/","logo":{"@type":"ImageObject","inLanguage":"en-US","@id":"https:\/\/www.oio.pl\/#\/schema\/logo\/image\/","url":"https:\/\/www.oio.pl\/wp-content\/uploads\/2023\/11\/cropped-cropped-oio_120x120.jpg","contentUrl":"https:\/\/www.oio.pl\/wp-content\/uploads\/2023\/11\/cropped-cropped-oio_120x120.jpg","width":120,"height":48,"caption":"OIO"},"image":{"@id":"https:\/\/www.oio.pl\/#\/schema\/logo\/image\/"},"sameAs":["https:\/\/www.facebook.com\/oiopl"]}]}},"_links":{"self":[{"href":"https:\/\/www.oio.pl\/en\/wp-json\/wp\/v2\/product\/8024","targetHints":{"allow":["GET"]}}],"collection":[{"href":"https:\/\/www.oio.pl\/en\/wp-json\/wp\/v2\/product"}],"about":[{"href":"https:\/\/www.oio.pl\/en\/wp-json\/wp\/v2\/types\/product"}],"replies":[{"embeddable":true,"href":"https:\/\/www.oio.pl\/en\/wp-json\/wp\/v2\/comments?post=8024"}],"wp:featuredmedia":[{"embeddable":true,"href":"https:\/\/www.oio.pl\/en\/wp-json\/wp\/v2\/media\/6881"}],"wp:attachment":[{"href":"https:\/\/www.oio.pl\/en\/wp-json\/wp\/v2\/media?parent=8024"}],"wp:term":[{"taxonomy":"product_brand","embeddable":true,"href":"https:\/\/www.oio.pl\/en\/wp-json\/wp\/v2\/product_brand?post=8024"},{"taxonomy":"product_cat","embeddable":true,"href":"https:\/\/www.oio.pl\/en\/wp-json\/wp\/v2\/product_cat?post=8024"},{"taxonomy":"product_tag","embeddable":true,"href":"https:\/\/www.oio.pl\/en\/wp-json\/wp\/v2\/product_tag?post=8024"}],"curies":[{"name":"wp","href":"https:\/\/api.w.org\/{rel}","templated":true}]}}