{"id":948,"date":"2019-07-23T19:39:02","date_gmt":"2019-07-23T17:39:02","guid":{"rendered":"https:\/\/www.oio.pl\/?post_type=product&#038;p=948"},"modified":"2025-07-09T09:37:37","modified_gmt":"2025-07-09T07:37:37","slug":"20w-laser-engraver-plotter","status":"publish","type":"product","link":"https:\/\/www.oio.pl\/en\/product\/ploter-laserowy-grawer-20w\/","title":{"rendered":"NEJE 2 laser engraver"},"content":{"rendered":"<p>The latest generation laser plotter - engraving machine - portable, safe and easy to use.<\/p>\n<p>This engraver is a modern combination of laser technology and a printer. Depending on the laser power, it allows you to engrave and burn various materials: wood, bamboo, paper, cardboard, plastic, rubber, leather, varnish, painted metal, PCBA, bone, mahogany. The 3500 mW model is ideal for gray scale reproduction. Model 7W and higher can carve metal, aluminum oxide, copper. The 20W model can cut materials up to 2 mm, engrave from 0.5 to 5 mm.<\/p>\n<p>You can use NEJE software (Windows and Mac) or GPBL to operate the device. The device can directly use BMP, JPG, PNG and other format files, you can also insert text and edit text directly to achieve full representation. The device supports a maximum of 2000 x 2000px, the point distance is 0.075 mm. The software supports basic G-CODE (.nc) (Inkscape) and basic CAD functions (.dxf). GRBL software is open source and supports almost all G-CODE elements, hardware supports z-axis, simple CNC functions.<\/p>\n<p>Safety: the device has a built-in acceleration sensor - accelerometer. If the device tilts or moves (accidentally touched), the printer will stop automatically. This allows you to secure the fired object, protect the laser and the people operating the device from damage. The device has overvoltage protection and a temperature sensor, which effectively extends the life of the laser. Adjusting the laser beam is very simple and allows you to increase the printer&#039;s engraving efficiency.<\/p>\n<p>Offline service is very simple:<\/p>\n<ul>\n<li>press the button once to reset the device,<\/li>\n<li>press 2 times to make positioning frame,<\/li>\n<li>press 3 times to start engraving,<\/li>\n<li>press 4 times to stop engraving.<\/li>\n<\/ul>\n<p>The device is light, portable and convenient to transport. Software in English version. The device is not intended for serial, industrial operation.<\/p>\n<p><b>Specification:<\/b><\/p>\n<ul>\n<li>material: acrylic + PP + aluminum<\/li>\n<li>wavelength: 405 nm<\/li>\n<li>engraving area: 150 mm x 150 mm<\/li>\n<li>range \u2013 focal length: 10 \u2013 100 mm<\/li>\n<li>power supply: 12V<\/li>\n<li>minimum software requirements: Windows 7, 8, 10 or OS X 10.10<\/li>\n<li>image size: 2000 x 2000 pixels<\/li>\n<li>supported formats: .nc, .dxf, .bmp, .jpg, .png, etc.<\/li>\n<\/ul>\n<h2>ALWAYS USE PROTECTIVE GLASSES!!!<\/h2>","protected":false},"excerpt":{"rendered":"<p>Ploter laserowy najnowszej generacji &#8211; maszyna do grawerowania &#8211; przeno\u015bna, bezpieczna i \u0142atwa w obs\u0142udze. Grawer ten jest nowoczesnym po\u0142\u0105czeniem technologii laserowej oraz drukarki. W zale\u017cno\u015bci od mocy lasera pozwala grawerowa\u0107 i przepala\u0107 r\u00f3\u017cne materia\u0142y: drewno, bambus, papier, karton, plastik, gum\u0119, sk\u00f3r\u0119, lakier, malowany metal, PCBA, ko\u015b\u0107, maho\u0144. Model 3500 mW jest idealny do odtwarzania [&hellip;]<\/p>\n","protected":false},"featured_media":935,"comment_status":"closed","ping_status":"closed","template":"","meta":[],"product_brand":[],"product_cat":[25],"product_tag":[3098,3106,94,41,3095,3088,3091,3105,42,3087,93,3093,3104,3096,3090,3086,3092,3099,3102,3094,3101,3097,3089,3100,3107,3108,3103],"class_list":{"0":"post-948","1":"product","2":"type-product","3":"status-publish","4":"has-post-thumbnail","6":"product_cat-laser-grawer","7":"product_tag-atms-ploter-laserowy-co2","8":"product_tag-cnc-ploter","9":"product_tag-drukarka-laserowa","10":"product_tag-grawer","11":"product_tag-grawer-laserem","12":"product_tag-grawer-laserowy","13":"product_tag-grawer-laserowy-cnc","14":"product_tag-grawer-mdf","15":"product_tag-grawerka","16":"product_tag-grawerka-laserowa","17":"product_tag-laser","18":"product_tag-loter-laserowy","19":"product_tag-najlepsza-grawerka-laserowa","20":"product_tag-ploter","21":"product_tag-ploter-co2","22":"product_tag-ploter-laserowy","23":"product_tag-ploter-laserowy-co2","24":"product_tag-ploter-laserowy-do-pieczatek","25":"product_tag-ploter-laserowy-do-robienia-pieczatek","26":"product_tag-ploter-laserowy-venus","27":"product_tag-ploter-laserowy-z-tuba-szklana","28":"product_tag-ploter-lasrowy","29":"product_tag-plotery-laserowe","30":"product_tag-plotery-laserowe-co2","31":"product_tag-plotter","32":"product_tag-smart-grawer","33":"product_tag-tania-grawerka-laserowa","35":"first","36":"instock","37":"taxable","38":"shipping-taxable","39":"purchasable","40":"product-type-variable","41":"has-default-attributes","42":"czr-hentry"},"yoast_head":"<!-- This site is optimized with the Yoast SEO plugin v27.4 - https:\/\/yoast.com\/product\/yoast-seo-wordpress\/ -->\n<title>Ploter laserowy Grawer NEJE 2 - Mini PC, Komputery, Laptopy, Translatory<\/title>\n<meta name=\"robots\" content=\"index, follow, max-snippet:-1, max-image-preview:large, max-video-preview:-1\" \/>\n<link rel=\"canonical\" href=\"https:\/\/www.oio.pl\/en\/product\/20w-laser-engraver-plotter\/\" \/>\n<meta property=\"og:locale\" content=\"en_US\" \/>\n<meta property=\"og:type\" content=\"article\" \/>\n<meta property=\"og:title\" content=\"Ploter laserowy Grawer NEJE 2 - Mini PC, Komputery, Laptopy, Translatory\" \/>\n<meta property=\"og:description\" content=\"Ploter laserowy najnowszej generacji &#8211; maszyna do grawerowania &#8211; przeno\u015bna, bezpieczna i \u0142atwa w obs\u0142udze. Grawer ten jest nowoczesnym po\u0142\u0105czeniem technologii laserowej oraz drukarki. W zale\u017cno\u015bci od mocy lasera pozwala grawerowa\u0107 i przepala\u0107 r\u00f3\u017cne materia\u0142y: drewno, bambus, papier, karton, plastik, gum\u0119, sk\u00f3r\u0119, lakier, malowany metal, PCBA, ko\u015b\u0107, maho\u0144. Model 3500 mW jest idealny do odtwarzania [&hellip;]\" \/>\n<meta property=\"og:url\" content=\"https:\/\/www.oio.pl\/en\/product\/20w-laser-engraver-plotter\/\" \/>\n<meta property=\"og:site_name\" content=\"Mini PC, Komputery, Laptopy, Translatory\" \/>\n<meta property=\"article:publisher\" content=\"https:\/\/www.facebook.com\/oiopl\" \/>\n<meta property=\"article:modified_time\" content=\"2025-07-09T07:37:37+00:00\" \/>\n<meta property=\"og:image\" content=\"https:\/\/www.oio.pl\/wp-content\/uploads\/2019\/07\/NEJE_00.jpg\" \/>\n\t<meta property=\"og:image:width\" content=\"597\" \/>\n\t<meta property=\"og:image:height\" content=\"460\" \/>\n\t<meta property=\"og:image:type\" content=\"image\/jpeg\" \/>\n<meta name=\"twitter:card\" content=\"summary_large_image\" \/>\n<meta name=\"twitter:label1\" content=\"Est. reading time\" \/>\n\t<meta name=\"twitter:data1\" content=\"3 minutes\" \/>\n<script type=\"application\/ld+json\" class=\"yoast-schema-graph\">{\"@context\":\"https:\\\/\\\/schema.org\",\"@graph\":[{\"@type\":\"WebPage\",\"@id\":\"https:\\\/\\\/www.oio.pl\\\/product\\\/ploter-laserowy-grawer-20w\\\/\",\"url\":\"https:\\\/\\\/www.oio.pl\\\/product\\\/ploter-laserowy-grawer-20w\\\/\",\"name\":\"Ploter laserowy Grawer NEJE 2 - Mini PC, Komputery, Laptopy, Translatory\",\"isPartOf\":{\"@id\":\"https:\\\/\\\/www.oio.pl\\\/#website\"},\"primaryImageOfPage\":{\"@id\":\"https:\\\/\\\/www.oio.pl\\\/product\\\/ploter-laserowy-grawer-20w\\\/#primaryimage\"},\"image\":{\"@id\":\"https:\\\/\\\/www.oio.pl\\\/product\\\/ploter-laserowy-grawer-20w\\\/#primaryimage\"},\"thumbnailUrl\":\"https:\\\/\\\/www.oio.pl\\\/wp-content\\\/uploads\\\/2019\\\/07\\\/NEJE_00.jpg\",\"datePublished\":\"2019-07-23T17:39:02+00:00\",\"dateModified\":\"2025-07-09T07:37:37+00:00\",\"breadcrumb\":{\"@id\":\"https:\\\/\\\/www.oio.pl\\\/product\\\/ploter-laserowy-grawer-20w\\\/#breadcrumb\"},\"inLanguage\":\"en-US\",\"potentialAction\":[{\"@type\":\"ReadAction\",\"target\":[\"https:\\\/\\\/www.oio.pl\\\/product\\\/ploter-laserowy-grawer-20w\\\/\"]}]},{\"@type\":\"ImageObject\",\"inLanguage\":\"en-US\",\"@id\":\"https:\\\/\\\/www.oio.pl\\\/product\\\/ploter-laserowy-grawer-20w\\\/#primaryimage\",\"url\":\"https:\\\/\\\/www.oio.pl\\\/wp-content\\\/uploads\\\/2019\\\/07\\\/NEJE_00.jpg\",\"contentUrl\":\"https:\\\/\\\/www.oio.pl\\\/wp-content\\\/uploads\\\/2019\\\/07\\\/NEJE_00.jpg\",\"width\":597,\"height\":460},{\"@type\":\"BreadcrumbList\",\"@id\":\"https:\\\/\\\/www.oio.pl\\\/product\\\/ploter-laserowy-grawer-20w\\\/#breadcrumb\",\"itemListElement\":[{\"@type\":\"ListItem\",\"position\":1,\"name\":\"Strona g\u0142\u00f3wna\",\"item\":\"https:\\\/\\\/www.oio.pl\\\/\"},{\"@type\":\"ListItem\",\"position\":2,\"name\":\"Produkty\",\"item\":\"https:\\\/\\\/www.oio.pl\\\/\"},{\"@type\":\"ListItem\",\"position\":3,\"name\":\"Ploter laserowy Grawer NEJE 2\"}]},{\"@type\":\"WebSite\",\"@id\":\"https:\\\/\\\/www.oio.pl\\\/#website\",\"url\":\"https:\\\/\\\/www.oio.pl\\\/\",\"name\":\"OIO.pl \u2013 Tablety przemys\u0142owe, sprz\u0119t IT dla przemys\u0142u i logistyki\",\"description\":\"tablety przemys\u0142owe, rugged tablet, komputer przemys\u0142owy, tablet wytrzyma\u0142y, sprz\u0119t dla przemys\u0142u, tablet z Windows, tablet IP67, laptop dla magazynu, elektronika przemys\u0142owa, komputery przemys\u0142owe, oio.pl, sprz\u0119t dla logistyki, tablet do pracy w terenie, monitor dotykowy przemys\u0142owy\",\"publisher\":{\"@id\":\"https:\\\/\\\/www.oio.pl\\\/#organization\"},\"alternateName\":\"Sklep internetowy dla przemys\u0142u\",\"potentialAction\":[{\"@type\":\"SearchAction\",\"target\":{\"@type\":\"EntryPoint\",\"urlTemplate\":\"https:\\\/\\\/www.oio.pl\\\/?s={search_term_string}\"},\"query-input\":{\"@type\":\"PropertyValueSpecification\",\"valueRequired\":true,\"valueName\":\"search_term_string\"}}],\"inLanguage\":\"en-US\"},{\"@type\":\"Organization\",\"@id\":\"https:\\\/\\\/www.oio.pl\\\/#organization\",\"name\":\"OIO\",\"alternateName\":\"Sprz\u0119t komputerowy\",\"url\":\"https:\\\/\\\/www.oio.pl\\\/\",\"logo\":{\"@type\":\"ImageObject\",\"inLanguage\":\"en-US\",\"@id\":\"https:\\\/\\\/www.oio.pl\\\/#\\\/schema\\\/logo\\\/image\\\/\",\"url\":\"https:\\\/\\\/www.oio.pl\\\/wp-content\\\/uploads\\\/2023\\\/11\\\/cropped-cropped-oio_120x120.jpg\",\"contentUrl\":\"https:\\\/\\\/www.oio.pl\\\/wp-content\\\/uploads\\\/2023\\\/11\\\/cropped-cropped-oio_120x120.jpg\",\"width\":120,\"height\":48,\"caption\":\"OIO\"},\"image\":{\"@id\":\"https:\\\/\\\/www.oio.pl\\\/#\\\/schema\\\/logo\\\/image\\\/\"},\"sameAs\":[\"https:\\\/\\\/www.facebook.com\\\/oiopl\"]}]}<\/script>\n<!-- \/ Yoast SEO plugin. -->","yoast_head_json":{"title":"Laser Engraver NEJE 2 - Mini PC, Computers, Laptops, Translators","robots":{"index":"index","follow":"follow","max-snippet":"max-snippet:-1","max-image-preview":"max-image-preview:large","max-video-preview":"max-video-preview:-1"},"canonical":"https:\/\/www.oio.pl\/en\/product\/20w-laser-engraver-plotter\/","og_locale":"en_US","og_type":"article","og_title":"Ploter laserowy Grawer NEJE 2 - Mini PC, Komputery, Laptopy, Translatory","og_description":"Ploter laserowy najnowszej generacji &#8211; maszyna do grawerowania &#8211; przeno\u015bna, bezpieczna i \u0142atwa w obs\u0142udze. Grawer ten jest nowoczesnym po\u0142\u0105czeniem technologii laserowej oraz drukarki. W zale\u017cno\u015bci od mocy lasera pozwala grawerowa\u0107 i przepala\u0107 r\u00f3\u017cne materia\u0142y: drewno, bambus, papier, karton, plastik, gum\u0119, sk\u00f3r\u0119, lakier, malowany metal, PCBA, ko\u015b\u0107, maho\u0144. Model 3500 mW jest idealny do odtwarzania [&hellip;]","og_url":"https:\/\/www.oio.pl\/en\/product\/20w-laser-engraver-plotter\/","og_site_name":"Mini PC, Komputery, Laptopy, Translatory","article_publisher":"https:\/\/www.facebook.com\/oiopl","article_modified_time":"2025-07-09T07:37:37+00:00","og_image":[{"width":597,"height":460,"url":"https:\/\/www.oio.pl\/wp-content\/uploads\/2019\/07\/NEJE_00.jpg","type":"image\/jpeg"}],"twitter_card":"summary_large_image","twitter_misc":{"Est. reading time":"3 minutes"},"schema":{"@context":"https:\/\/schema.org","@graph":[{"@type":"WebPage","@id":"https:\/\/www.oio.pl\/product\/ploter-laserowy-grawer-20w\/","url":"https:\/\/www.oio.pl\/product\/ploter-laserowy-grawer-20w\/","name":"Laser Engraver NEJE 2 - Mini PC, Computers, Laptops, Translators","isPartOf":{"@id":"https:\/\/www.oio.pl\/#website"},"primaryImageOfPage":{"@id":"https:\/\/www.oio.pl\/product\/ploter-laserowy-grawer-20w\/#primaryimage"},"image":{"@id":"https:\/\/www.oio.pl\/product\/ploter-laserowy-grawer-20w\/#primaryimage"},"thumbnailUrl":"https:\/\/www.oio.pl\/wp-content\/uploads\/2019\/07\/NEJE_00.jpg","datePublished":"2019-07-23T17:39:02+00:00","dateModified":"2025-07-09T07:37:37+00:00","breadcrumb":{"@id":"https:\/\/www.oio.pl\/product\/ploter-laserowy-grawer-20w\/#breadcrumb"},"inLanguage":"en-US","potentialAction":[{"@type":"ReadAction","target":["https:\/\/www.oio.pl\/product\/ploter-laserowy-grawer-20w\/"]}]},{"@type":"ImageObject","inLanguage":"en-US","@id":"https:\/\/www.oio.pl\/product\/ploter-laserowy-grawer-20w\/#primaryimage","url":"https:\/\/www.oio.pl\/wp-content\/uploads\/2019\/07\/NEJE_00.jpg","contentUrl":"https:\/\/www.oio.pl\/wp-content\/uploads\/2019\/07\/NEJE_00.jpg","width":597,"height":460},{"@type":"BreadcrumbList","@id":"https:\/\/www.oio.pl\/product\/ploter-laserowy-grawer-20w\/#breadcrumb","itemListElement":[{"@type":"ListItem","position":1,"name":"Strona g\u0142\u00f3wna","item":"https:\/\/www.oio.pl\/"},{"@type":"ListItem","position":2,"name":"Produkty","item":"https:\/\/www.oio.pl\/"},{"@type":"ListItem","position":3,"name":"Ploter laserowy Grawer NEJE 2"}]},{"@type":"WebSite","@id":"https:\/\/www.oio.pl\/#website","url":"https:\/\/www.oio.pl\/","name":"OIO.pl \u2013 Industrial tablets, IT equipment for industry and logistics","description":"industrial tablets, rugged tablet, industrial computer, durable tablet, equipment for industry, Windows tablet, IP67 tablet, warehouse laptop, industrial electronics, industrial computers, oio.pl, logistics equipment, field work tablet, industrial touch monitor","publisher":{"@id":"https:\/\/www.oio.pl\/#organization"},"alternateName":"Sklep internetowy dla przemys\u0142u","potentialAction":[{"@type":"SearchAction","target":{"@type":"EntryPoint","urlTemplate":"https:\/\/www.oio.pl\/?s={search_term_string}"},"query-input":{"@type":"PropertyValueSpecification","valueRequired":true,"valueName":"search_term_string"}}],"inLanguage":"en-US"},{"@type":"Organization","@id":"https:\/\/www.oio.pl\/#organization","name":"OIO","alternateName":"Sprz\u0119t komputerowy","url":"https:\/\/www.oio.pl\/","logo":{"@type":"ImageObject","inLanguage":"en-US","@id":"https:\/\/www.oio.pl\/#\/schema\/logo\/image\/","url":"https:\/\/www.oio.pl\/wp-content\/uploads\/2023\/11\/cropped-cropped-oio_120x120.jpg","contentUrl":"https:\/\/www.oio.pl\/wp-content\/uploads\/2023\/11\/cropped-cropped-oio_120x120.jpg","width":120,"height":48,"caption":"OIO"},"image":{"@id":"https:\/\/www.oio.pl\/#\/schema\/logo\/image\/"},"sameAs":["https:\/\/www.facebook.com\/oiopl"]}]}},"_links":{"self":[{"href":"https:\/\/www.oio.pl\/en\/wp-json\/wp\/v2\/product\/948","targetHints":{"allow":["GET"]}}],"collection":[{"href":"https:\/\/www.oio.pl\/en\/wp-json\/wp\/v2\/product"}],"about":[{"href":"https:\/\/www.oio.pl\/en\/wp-json\/wp\/v2\/types\/product"}],"replies":[{"embeddable":true,"href":"https:\/\/www.oio.pl\/en\/wp-json\/wp\/v2\/comments?post=948"}],"wp:featuredmedia":[{"embeddable":true,"href":"https:\/\/www.oio.pl\/en\/wp-json\/wp\/v2\/media\/935"}],"wp:attachment":[{"href":"https:\/\/www.oio.pl\/en\/wp-json\/wp\/v2\/media?parent=948"}],"wp:term":[{"taxonomy":"product_brand","embeddable":true,"href":"https:\/\/www.oio.pl\/en\/wp-json\/wp\/v2\/product_brand?post=948"},{"taxonomy":"product_cat","embeddable":true,"href":"https:\/\/www.oio.pl\/en\/wp-json\/wp\/v2\/product_cat?post=948"},{"taxonomy":"product_tag","embeddable":true,"href":"https:\/\/www.oio.pl\/en\/wp-json\/wp\/v2\/product_tag?post=948"}],"curies":[{"name":"wp","href":"https:\/\/api.w.org\/{rel}","templated":true}]}}