{"id":1692,"date":"2021-05-12T11:26:26","date_gmt":"2021-05-12T09:26:26","guid":{"rendered":"https:\/\/www.oio.pl\/?post_type=product&#038;p=1692"},"modified":"2024-05-16T06:01:35","modified_gmt":"2024-05-16T04:01:35","slug":"mini-pc-chipol-x26a-i3-40xxu-2gb-32gb-doble-rj45-6x-rs232-8x-usb","status":"publish","type":"product","link":"https:\/\/www.oio.pl\/es\/product\/mini-pc-chipol-x26a-i3-40xxu-2gb-32gb-dual-rj45-6x-rs232-8x-usb\/","title":{"rendered":"Computadora industrial Chipol X26A Intel i3 \u2013 6x RS232 + 2x LAN"},"content":{"rendered":"<p><b>Una computadora dise\u00f1ada para tareas especiales, la carcasa met\u00e1lica le permite trabajar a m\u00e1xima potencia mediante refrigeraci\u00f3n pasiva.<\/b><\/p>\n<p>El mini PC industrial Chipol es la opci\u00f3n perfecta para trabajar a m\u00e1xima velocidad en Linux y Windows. El dise\u00f1o del dispositivo garantiza un uso eficiente y sin fallos incluso las 24 horas del d\u00eda. La falta de elementos de refrigeraci\u00f3n activos le permite disfrutar trabajando en silencio. El microordenador ChiPol le permite trabajar en condiciones dif\u00edciles sin generar ning\u00fan ruido o sonido adicional.<\/p>\n<p>ChiPol tiene todas las entradas\/salidas necesarias, incluyendo: USB 3.0 (y Wifi 2,4 y 5 GHz opcional) y <b>doble LAN RJ45<\/b>.<\/p>\n<p>Aqu\u00ed se utiliza un sistema de refrigeraci\u00f3n probado, basado \u00fanicamente en elementos s\u00f3lidos, principalmente radiadores. La carcasa met\u00e1lica proporciona una protecci\u00f3n duradera y disipa perfectamente el calor. Este sistema utiliza el fen\u00f3meno de los metales que desprenden energ\u00eda t\u00e9rmica al medio ambiente: no hay elementos m\u00f3viles adicionales, como ventiladores. Esta soluci\u00f3n garantiza un funcionamiento silencioso, menores tasas de fallo debido a la falta de circulaci\u00f3n de aire forzada y, al mismo tiempo, reduce la cantidad de energ\u00eda consumida.<\/p>\n<p>La Mini PC se comunica a trav\u00e9s de una red cableada 10\/100\/1000.<\/p>\n<p>WiFi inal\u00e1mbrico opcional de 2,4 GHz i <b>5GHz<\/b> 802.11b\/g\/n. Dos antenas externas aumentan el alcance y la estabilidad de la conexi\u00f3n.<\/p>\n<p>La cantidad de opciones disponibles ampl\u00eda a\u00fan m\u00e1s las posibilidades de ampliar y utilizar el dispositivo.<\/p>\n<p>El dispositivo tiene ocho puertos USB, incluidos cuatro USB 3.0 y cuatro 2.0\u00a0<b>\u00a1\u00a1\u00a16 puertos RS232!!!<\/b><\/p>\n<p><b>Se pueden reconfigurar dos puertos RS232 a RS485.<\/b><\/p>\n<p>Otro elemento importante es la capacidad de trabajar en un amplio rango de temperaturas, desde -20\u00b0C hasta 75\u00b0C.<\/p>\n<p>La fuente de alimentaci\u00f3n de 12 V permite utilizar este modelo en el transporte: autom\u00f3viles, autobuses, camiones, etc.<\/p>\n<p><b>Especificaciones del art\u00edculo<\/b><\/p>\n<ul>\n<li>Tipo: Miniordenador<\/li>\n<li>N\u00famero de modelo: X26A i3<\/li>\n<li>Modelo de procesador: Intel Core i3-40xxU<\/li>\n<li>Frecuencia b\u00e1sica: 1,7 GHz<\/li>\n<li>Memoria de la computadora:\u00a0<b>DDR3L de 2\/4\/8GB<\/b>\u00a0(m\u00e1x. 8 GB)<\/li>\n<li>Disco duro:\u00a0<b>SSD 32\/64\/120\/240\/480GB<\/b><\/li>\n<li><b>Red Wifi:<\/b> Wifi dual opcional a\/b\/n\/ac \u2013 2,4 \/ 5,0 GHz<\/li>\n<li>Uso: industria, servidor, comercio,<\/li>\n<li>Tipo de tarjeta gr\u00e1fica: integrada<\/li>\n<li>Puertos: 4*USB 3.0, 4*USB 2.0, 6*RS232, 2*LAN, VGA, HDMI, Altavoz, Micr\u00f3fono,<\/li>\n<li>Sistema operativo: Windows 7, 8, 10, Linux<\/li>\n<li>Red: 2 x 10\/100\/1000 (+ opci\u00f3n Dual Wifi a\/b\/n)<\/li>\n<li>Enfriamiento pasivo<\/li>\n<li>Peso: 1,35 kilos<\/li>\n<\/ul>","protected":false},"excerpt":{"rendered":"<p>Komputer przeznaczony do zada\u0144 specjalnych, metalowa obudowa pozwala pracowa\u0107 z pe\u0142n\u0105 moc\u0105 z wykorzystaniem pasywnego ch\u0142odzenia. Przemys\u0142owy mini PC Chipol jest idealn\u0105 opcj\u0105 do pracy z pe\u0142n\u0105 pr\u0119dko\u015bci\u0105 w systemie Linux oraz Windows. Konstrukcja urz\u0105dzenia zapewnia sprawne i bezawaryjne u\u017cytkowanie nawet 24 h na dob\u0119. Brak aktywnych element\u00f3w ch\u0142odz\u0105cych pozwala cieszy\u0107 si\u0119 prac\u0105 w ciszy.Mikrokomputer [&hellip;]<\/p>\n","protected":false},"featured_media":1084,"comment_status":"closed","ping_status":"closed","template":"","meta":[],"product_brand":[],"product_cat":[97,115],"product_tag":[2531,3016,3017,3018,3027,1437,3020,3019,3015,3022,3025,3024,3029,3030,1345,3026,47,77,45,46,3028,3021,3033,3031,3032,3023],"class_list":{"0":"post-1692","1":"product","2":"type-product","3":"status-publish","4":"has-post-thumbnail","6":"product_cat-pc-przemyslowe","7":"product_cat-px-6xrs232","8":"product_tag-computer","9":"product_tag-computers","10":"product_tag-industrial","11":"product_tag-industrial-automation","12":"product_tag-industrial-automation-controllers","13":"product_tag-industrial-computer","14":"product_tag-industrial-computer-platform","15":"product_tag-industrial-computer-storage","16":"product_tag-industrial-computers","17":"product_tag-industrial-computing","18":"product_tag-industrial-edge","19":"product_tag-industrial-equipment-manufacturing","20":"product_tag-industrial-hardware","21":"product_tag-industrial-internet-of-things","22":"product_tag-industrial-pc","23":"product_tag-industrialpc","24":"product_tag-komputer","25":"product_tag-komputer-przemyslowy","26":"product_tag-mikrokomputer","27":"product_tag-mini-pc","28":"product_tag-retro-computer","29":"product_tag-retro-computers","30":"product_tag-simatic-industrial-pc","31":"product_tag-specialist-computers","32":"product_tag-vintage-computer","33":"product_tag-vintage-computers","35":"first","36":"instock","37":"taxable","38":"shipping-taxable","39":"purchasable","40":"product-type-simple","41":"czr-hentry"},"yoast_head":"<!-- This site is optimized with the Yoast SEO plugin v27.4 - https:\/\/yoast.com\/product\/yoast-seo-wordpress\/ -->\n<title>Komputer przemys\u0142owy Chipol X26A Intel i3 - 6x RS232 + 2x LAN - Mini PC, Komputery, Laptopy, Translatory<\/title>\n<meta name=\"robots\" content=\"index, follow, max-snippet:-1, max-image-preview:large, max-video-preview:-1\" \/>\n<link rel=\"canonical\" href=\"https:\/\/www.oio.pl\/es\/producto\/mini-pc-chipol-x26a-i3-40xxu-2gb-32gb-doble-rj45-6x-rs232-8x-usb\/\" \/>\n<meta property=\"og:locale\" content=\"es_ES\" \/>\n<meta property=\"og:type\" content=\"article\" \/>\n<meta property=\"og:title\" content=\"Komputer przemys\u0142owy Chipol X26A Intel i3 - 6x RS232 + 2x LAN - Mini PC, Komputery, Laptopy, Translatory\" \/>\n<meta property=\"og:description\" content=\"Komputer przeznaczony do zada\u0144 specjalnych, metalowa obudowa pozwala pracowa\u0107 z pe\u0142n\u0105 moc\u0105 z wykorzystaniem pasywnego ch\u0142odzenia. Przemys\u0142owy mini PC Chipol jest idealn\u0105 opcj\u0105 do pracy z pe\u0142n\u0105 pr\u0119dko\u015bci\u0105 w systemie Linux oraz Windows. Konstrukcja urz\u0105dzenia zapewnia sprawne i bezawaryjne u\u017cytkowanie nawet 24 h na dob\u0119. Brak aktywnych element\u00f3w ch\u0142odz\u0105cych pozwala cieszy\u0107 si\u0119 prac\u0105 w ciszy.Mikrokomputer [&hellip;]\" \/>\n<meta property=\"og:url\" content=\"https:\/\/www.oio.pl\/es\/producto\/mini-pc-chipol-x26a-i3-40xxu-2gb-32gb-doble-rj45-6x-rs232-8x-usb\/\" \/>\n<meta property=\"og:site_name\" content=\"Mini PC, Komputery, Laptopy, Translatory\" \/>\n<meta property=\"article:publisher\" content=\"https:\/\/www.facebook.com\/oiopl\" \/>\n<meta property=\"article:modified_time\" content=\"2024-05-16T04:01:35+00:00\" \/>\n<meta property=\"og:image\" content=\"https:\/\/www.oio.pl\/wp-content\/uploads\/2019\/09\/X26A_14.jpg\" \/>\n\t<meta property=\"og:image:width\" content=\"1000\" \/>\n\t<meta property=\"og:image:height\" content=\"1000\" \/>\n\t<meta property=\"og:image:type\" content=\"image\/jpeg\" \/>\n<meta name=\"twitter:card\" content=\"summary_large_image\" \/>\n<meta name=\"twitter:label1\" content=\"Tiempo de lectura\" \/>\n\t<meta name=\"twitter:data1\" content=\"2 minutos\" \/>\n<script type=\"application\/ld+json\" class=\"yoast-schema-graph\">{\"@context\":\"https:\\\/\\\/schema.org\",\"@graph\":[{\"@type\":\"WebPage\",\"@id\":\"https:\\\/\\\/www.oio.pl\\\/product\\\/mini-pc-chipol-x26a-i3-40xxu-2gb-32gb-dual-rj45-6x-rs232-8x-usb\\\/\",\"url\":\"https:\\\/\\\/www.oio.pl\\\/product\\\/mini-pc-chipol-x26a-i3-40xxu-2gb-32gb-dual-rj45-6x-rs232-8x-usb\\\/\",\"name\":\"Komputer przemys\u0142owy Chipol X26A Intel i3 - 6x RS232 + 2x LAN - Mini PC, Komputery, Laptopy, Translatory\",\"isPartOf\":{\"@id\":\"https:\\\/\\\/www.oio.pl\\\/#website\"},\"primaryImageOfPage\":{\"@id\":\"https:\\\/\\\/www.oio.pl\\\/product\\\/mini-pc-chipol-x26a-i3-40xxu-2gb-32gb-dual-rj45-6x-rs232-8x-usb\\\/#primaryimage\"},\"image\":{\"@id\":\"https:\\\/\\\/www.oio.pl\\\/product\\\/mini-pc-chipol-x26a-i3-40xxu-2gb-32gb-dual-rj45-6x-rs232-8x-usb\\\/#primaryimage\"},\"thumbnailUrl\":\"https:\\\/\\\/www.oio.pl\\\/wp-content\\\/uploads\\\/2019\\\/09\\\/X26A_14.jpg\",\"datePublished\":\"2021-05-12T09:26:26+00:00\",\"dateModified\":\"2024-05-16T04:01:35+00:00\",\"breadcrumb\":{\"@id\":\"https:\\\/\\\/www.oio.pl\\\/product\\\/mini-pc-chipol-x26a-i3-40xxu-2gb-32gb-dual-rj45-6x-rs232-8x-usb\\\/#breadcrumb\"},\"inLanguage\":\"es\",\"potentialAction\":[{\"@type\":\"ReadAction\",\"target\":[\"https:\\\/\\\/www.oio.pl\\\/product\\\/mini-pc-chipol-x26a-i3-40xxu-2gb-32gb-dual-rj45-6x-rs232-8x-usb\\\/\"]}]},{\"@type\":\"ImageObject\",\"inLanguage\":\"es\",\"@id\":\"https:\\\/\\\/www.oio.pl\\\/product\\\/mini-pc-chipol-x26a-i3-40xxu-2gb-32gb-dual-rj45-6x-rs232-8x-usb\\\/#primaryimage\",\"url\":\"https:\\\/\\\/www.oio.pl\\\/wp-content\\\/uploads\\\/2019\\\/09\\\/X26A_14.jpg\",\"contentUrl\":\"https:\\\/\\\/www.oio.pl\\\/wp-content\\\/uploads\\\/2019\\\/09\\\/X26A_14.jpg\",\"width\":1000,\"height\":1000},{\"@type\":\"BreadcrumbList\",\"@id\":\"https:\\\/\\\/www.oio.pl\\\/product\\\/mini-pc-chipol-x26a-i3-40xxu-2gb-32gb-dual-rj45-6x-rs232-8x-usb\\\/#breadcrumb\",\"itemListElement\":[{\"@type\":\"ListItem\",\"position\":1,\"name\":\"Strona g\u0142\u00f3wna\",\"item\":\"https:\\\/\\\/www.oio.pl\\\/\"},{\"@type\":\"ListItem\",\"position\":2,\"name\":\"Produkty\",\"item\":\"https:\\\/\\\/www.oio.pl\\\/\"},{\"@type\":\"ListItem\",\"position\":3,\"name\":\"Komputer przemys\u0142owy Chipol X26A Intel i3 &#8211; 6x RS232 + 2x LAN\"}]},{\"@type\":\"WebSite\",\"@id\":\"https:\\\/\\\/www.oio.pl\\\/#website\",\"url\":\"https:\\\/\\\/www.oio.pl\\\/\",\"name\":\"OIO.pl \u2013 Tablety przemys\u0142owe, sprz\u0119t IT dla przemys\u0142u i logistyki\",\"description\":\"tablety przemys\u0142owe, rugged tablet, komputer przemys\u0142owy, tablet wytrzyma\u0142y, sprz\u0119t dla przemys\u0142u, tablet z Windows, tablet IP67, laptop dla magazynu, elektronika przemys\u0142owa, komputery przemys\u0142owe, oio.pl, sprz\u0119t dla logistyki, tablet do pracy w terenie, monitor dotykowy przemys\u0142owy\",\"publisher\":{\"@id\":\"https:\\\/\\\/www.oio.pl\\\/#organization\"},\"alternateName\":\"Sklep internetowy dla przemys\u0142u\",\"potentialAction\":[{\"@type\":\"SearchAction\",\"target\":{\"@type\":\"EntryPoint\",\"urlTemplate\":\"https:\\\/\\\/www.oio.pl\\\/?s={search_term_string}\"},\"query-input\":{\"@type\":\"PropertyValueSpecification\",\"valueRequired\":true,\"valueName\":\"search_term_string\"}}],\"inLanguage\":\"es\"},{\"@type\":\"Organization\",\"@id\":\"https:\\\/\\\/www.oio.pl\\\/#organization\",\"name\":\"OIO\",\"alternateName\":\"Sprz\u0119t komputerowy\",\"url\":\"https:\\\/\\\/www.oio.pl\\\/\",\"logo\":{\"@type\":\"ImageObject\",\"inLanguage\":\"es\",\"@id\":\"https:\\\/\\\/www.oio.pl\\\/#\\\/schema\\\/logo\\\/image\\\/\",\"url\":\"https:\\\/\\\/www.oio.pl\\\/wp-content\\\/uploads\\\/2023\\\/11\\\/cropped-cropped-oio_120x120.jpg\",\"contentUrl\":\"https:\\\/\\\/www.oio.pl\\\/wp-content\\\/uploads\\\/2023\\\/11\\\/cropped-cropped-oio_120x120.jpg\",\"width\":120,\"height\":48,\"caption\":\"OIO\"},\"image\":{\"@id\":\"https:\\\/\\\/www.oio.pl\\\/#\\\/schema\\\/logo\\\/image\\\/\"},\"sameAs\":[\"https:\\\/\\\/www.facebook.com\\\/oiopl\"]}]}<\/script>\n<!-- \/ Yoast SEO plugin. -->","yoast_head_json":{"title":"Ordenador industrial Chipol X26A Intel i3 - 6 puertos RS232 + 2 puertos LAN - Mini PC, ordenadores, port\u00e1tiles, traductores","robots":{"index":"index","follow":"follow","max-snippet":"max-snippet:-1","max-image-preview":"max-image-preview:large","max-video-preview":"max-video-preview:-1"},"canonical":"https:\/\/www.oio.pl\/es\/producto\/mini-pc-chipol-x26a-i3-40xxu-2gb-32gb-doble-rj45-6x-rs232-8x-usb\/","og_locale":"es_ES","og_type":"article","og_title":"Komputer przemys\u0142owy Chipol X26A Intel i3 - 6x RS232 + 2x LAN - Mini PC, Komputery, Laptopy, Translatory","og_description":"Komputer przeznaczony do zada\u0144 specjalnych, metalowa obudowa pozwala pracowa\u0107 z pe\u0142n\u0105 moc\u0105 z wykorzystaniem pasywnego ch\u0142odzenia. Przemys\u0142owy mini PC Chipol jest idealn\u0105 opcj\u0105 do pracy z pe\u0142n\u0105 pr\u0119dko\u015bci\u0105 w systemie Linux oraz Windows. Konstrukcja urz\u0105dzenia zapewnia sprawne i bezawaryjne u\u017cytkowanie nawet 24 h na dob\u0119. Brak aktywnych element\u00f3w ch\u0142odz\u0105cych pozwala cieszy\u0107 si\u0119 prac\u0105 w ciszy.Mikrokomputer [&hellip;]","og_url":"https:\/\/www.oio.pl\/es\/producto\/mini-pc-chipol-x26a-i3-40xxu-2gb-32gb-doble-rj45-6x-rs232-8x-usb\/","og_site_name":"Mini PC, Komputery, Laptopy, Translatory","article_publisher":"https:\/\/www.facebook.com\/oiopl","article_modified_time":"2024-05-16T04:01:35+00:00","og_image":[{"width":1000,"height":1000,"url":"https:\/\/www.oio.pl\/wp-content\/uploads\/2019\/09\/X26A_14.jpg","type":"image\/jpeg"}],"twitter_card":"summary_large_image","twitter_misc":{"Tiempo de lectura":"2 minutos"},"schema":{"@context":"https:\/\/schema.org","@graph":[{"@type":"WebPage","@id":"https:\/\/www.oio.pl\/product\/mini-pc-chipol-x26a-i3-40xxu-2gb-32gb-dual-rj45-6x-rs232-8x-usb\/","url":"https:\/\/www.oio.pl\/product\/mini-pc-chipol-x26a-i3-40xxu-2gb-32gb-dual-rj45-6x-rs232-8x-usb\/","name":"Ordenador industrial Chipol X26A Intel i3 - 6 puertos RS232 + 2 puertos LAN - Mini PC, ordenadores, port\u00e1tiles, traductores","isPartOf":{"@id":"https:\/\/www.oio.pl\/#website"},"primaryImageOfPage":{"@id":"https:\/\/www.oio.pl\/product\/mini-pc-chipol-x26a-i3-40xxu-2gb-32gb-dual-rj45-6x-rs232-8x-usb\/#primaryimage"},"image":{"@id":"https:\/\/www.oio.pl\/product\/mini-pc-chipol-x26a-i3-40xxu-2gb-32gb-dual-rj45-6x-rs232-8x-usb\/#primaryimage"},"thumbnailUrl":"https:\/\/www.oio.pl\/wp-content\/uploads\/2019\/09\/X26A_14.jpg","datePublished":"2021-05-12T09:26:26+00:00","dateModified":"2024-05-16T04:01:35+00:00","breadcrumb":{"@id":"https:\/\/www.oio.pl\/product\/mini-pc-chipol-x26a-i3-40xxu-2gb-32gb-dual-rj45-6x-rs232-8x-usb\/#breadcrumb"},"inLanguage":"es","potentialAction":[{"@type":"ReadAction","target":["https:\/\/www.oio.pl\/product\/mini-pc-chipol-x26a-i3-40xxu-2gb-32gb-dual-rj45-6x-rs232-8x-usb\/"]}]},{"@type":"ImageObject","inLanguage":"es","@id":"https:\/\/www.oio.pl\/product\/mini-pc-chipol-x26a-i3-40xxu-2gb-32gb-dual-rj45-6x-rs232-8x-usb\/#primaryimage","url":"https:\/\/www.oio.pl\/wp-content\/uploads\/2019\/09\/X26A_14.jpg","contentUrl":"https:\/\/www.oio.pl\/wp-content\/uploads\/2019\/09\/X26A_14.jpg","width":1000,"height":1000},{"@type":"BreadcrumbList","@id":"https:\/\/www.oio.pl\/product\/mini-pc-chipol-x26a-i3-40xxu-2gb-32gb-dual-rj45-6x-rs232-8x-usb\/#breadcrumb","itemListElement":[{"@type":"ListItem","position":1,"name":"Strona g\u0142\u00f3wna","item":"https:\/\/www.oio.pl\/"},{"@type":"ListItem","position":2,"name":"Produkty","item":"https:\/\/www.oio.pl\/"},{"@type":"ListItem","position":3,"name":"Komputer przemys\u0142owy Chipol X26A Intel i3 &#8211; 6x RS232 + 2x LAN"}]},{"@type":"WebSite","@id":"https:\/\/www.oio.pl\/#website","url":"https:\/\/www.oio.pl\/","name":"OIO.pl \u2013 Tabletas industriales, equipos inform\u00e1ticos para la industria y la log\u00edstica","description":"Tabletas industriales, tableta robusta, ordenador industrial, tableta duradera, equipos para la industria, tableta Windows, tableta IP67, port\u00e1til para almac\u00e9n, electr\u00f3nica industrial, ordenadores industriales, oio.pl, equipos log\u00edsticos, tableta para trabajo de campo, monitor t\u00e1ctil industrial","publisher":{"@id":"https:\/\/www.oio.pl\/#organization"},"alternateName":"Sklep internetowy dla przemys\u0142u","potentialAction":[{"@type":"SearchAction","target":{"@type":"EntryPoint","urlTemplate":"https:\/\/www.oio.pl\/?s={search_term_string}"},"query-input":{"@type":"PropertyValueSpecification","valueRequired":true,"valueName":"search_term_string"}}],"inLanguage":"es"},{"@type":"Organization","@id":"https:\/\/www.oio.pl\/#organization","name":"OIO","alternateName":"Sprz\u0119t komputerowy","url":"https:\/\/www.oio.pl\/","logo":{"@type":"ImageObject","inLanguage":"es","@id":"https:\/\/www.oio.pl\/#\/schema\/logo\/image\/","url":"https:\/\/www.oio.pl\/wp-content\/uploads\/2023\/11\/cropped-cropped-oio_120x120.jpg","contentUrl":"https:\/\/www.oio.pl\/wp-content\/uploads\/2023\/11\/cropped-cropped-oio_120x120.jpg","width":120,"height":48,"caption":"OIO"},"image":{"@id":"https:\/\/www.oio.pl\/#\/schema\/logo\/image\/"},"sameAs":["https:\/\/www.facebook.com\/oiopl"]}]}},"_links":{"self":[{"href":"https:\/\/www.oio.pl\/es\/wp-json\/wp\/v2\/product\/1692","targetHints":{"allow":["GET"]}}],"collection":[{"href":"https:\/\/www.oio.pl\/es\/wp-json\/wp\/v2\/product"}],"about":[{"href":"https:\/\/www.oio.pl\/es\/wp-json\/wp\/v2\/types\/product"}],"replies":[{"embeddable":true,"href":"https:\/\/www.oio.pl\/es\/wp-json\/wp\/v2\/comments?post=1692"}],"wp:featuredmedia":[{"embeddable":true,"href":"https:\/\/www.oio.pl\/es\/wp-json\/wp\/v2\/media\/1084"}],"wp:attachment":[{"href":"https:\/\/www.oio.pl\/es\/wp-json\/wp\/v2\/media?parent=1692"}],"wp:term":[{"taxonomy":"product_brand","embeddable":true,"href":"https:\/\/www.oio.pl\/es\/wp-json\/wp\/v2\/product_brand?post=1692"},{"taxonomy":"product_cat","embeddable":true,"href":"https:\/\/www.oio.pl\/es\/wp-json\/wp\/v2\/product_cat?post=1692"},{"taxonomy":"product_tag","embeddable":true,"href":"https:\/\/www.oio.pl\/es\/wp-json\/wp\/v2\/product_tag?post=1692"}],"curies":[{"name":"wp","href":"https:\/\/api.w.org\/{rel}","templated":true}]}}