{"id":7008,"date":"2024-08-19T16:11:36","date_gmt":"2024-08-19T14:11:36","guid":{"rendered":"https:\/\/www.oio.pl\/?post_type=product&#038;p=7008"},"modified":"2025-04-24T14:15:58","modified_gmt":"2025-04-24T12:15:58","slug":"lector-de-codigo-qr-x8-860b","status":"publish","type":"product","link":"https:\/\/www.oio.pl\/es\/product\/czytnik-kodow-qr-x8-860b\/","title":{"rendered":"X8-860B Lector de c\u00f3digos QR 1D y 2D 30-150mm"},"content":{"rendered":"<p><strong>Lector de c\u00f3digos de barras y c\u00f3digos QR con cable X8-860B <\/strong>fue creado pensando en el trabajo remoto.\u00a0<strong>Se caracteriza por una forma compacta.<\/strong>\u00a0lo que le permite ahorrar espacio de trabajo. El dispositivo se destaca de los dem\u00e1s gracias a:\u00a0<strong>apariencia \u00fanica<\/strong>.<br \/>\nTodo el conjunto es de color negro con elementos rojos y encajar\u00e1 en cualquier interior, aumentando el valor est\u00e9tico del entorno.<\/p>\n<p>El dispositivo est\u00e1 equipado con un sistema de escaneo de alta calidad, que permite muy...\u00a0<strong>Lectura r\u00e1pida y precisa de los principales c\u00f3digos 1D y 2D.<\/strong><br \/>\nAdem\u00e1s, el dispositivo ofrece\u00a0<strong>\u00e1ngulo de escaneo de 360 grados<\/strong>, lo que elimina la necesidad de configurar el c\u00f3digo en una posici\u00f3n espec\u00edfica. Esto afecta a la m\u00e1xima eficiencia y libertad de trabajo.<\/p>\n<p><strong>El modelo X8-860B est\u00e1 fabricado con materiales de alta calidad y cuenta con una estructura s\u00f3lida que garantiza durabilidad y larga vida \u00fatil del equipo.<\/strong> El f\u00e1cil manejo del dispositivo es sin duda una gran ventaja de este producto.<\/p>\n<p><strong>El escaneo es autom\u00e1tico, solo toque el c\u00f3digo de barras. Esta soluci\u00f3n elimina la necesidad de utilizar un bot\u00f3n.<\/strong><\/p>","protected":false},"excerpt":{"rendered":"<p>Przewodowy czytnik kod\u00f3w kreskowych i QR X8-860B zosta\u0142 stworzony z my\u015bl\u0105 o pracy zdalnej.\u00a0Charakteryzuje si\u0119 kompaktowym kszta\u0142tem\u00a0pozwalaj\u0105cym zaoszcz\u0119dzi\u0107 przestrze\u0144 robocz\u0105. Urz\u0105dzenie wyr\u00f3\u017cnia si\u0119 na tle innych za spraw\u0105\u00a0nietuzinkowego wygl\u0105du. Ca\u0142o\u015b\u0107 zachowana w czarnej kolorystyce z elementami czerwieni wpasuje si\u0119 w ka\u017cde wn\u0119trze, podnosz\u0105c walory estetyczne otoczenia. Urz\u0105dzenie zosta\u0142o wyposa\u017cone w wykonany z wysokiej jako\u015bci uk\u0142ad [&hellip;]<\/p>\n","protected":false},"featured_media":7013,"comment_status":"closed","ping_status":"closed","template":"","meta":[],"product_brand":[],"product_cat":[3191,3214],"product_tag":[3229,3199,3227,3196,3200,3228,3202],"class_list":{"0":"post-7008","1":"product","2":"type-product","3":"status-publish","4":"has-post-thumbnail","6":"product_cat-skaner-qr","7":"product_cat-scan-table","8":"product_tag-bezprzewodowy-skaner","9":"product_tag-czytnik-kodow-kreskowych","10":"product_tag-kod-qr","11":"product_tag-laserowy-czytnik-kodow","12":"product_tag-skaner-magazynowy","13":"product_tag-skaner-qr","14":"product_tag-skanowanie-kodow","16":"first","17":"instock","18":"taxable","19":"shipping-taxable","20":"purchasable","21":"product-type-simple","22":"czr-hentry"},"yoast_head":"<!-- This site is optimized with the Yoast SEO plugin v27.4 - https:\/\/yoast.com\/product\/yoast-seo-wordpress\/ -->\n<title>Czytnik kod\u00f3w QR X8-860B 1D i 2D 30-150mm - Mini PC, Komputery, Laptopy, Translatory<\/title>\n<meta name=\"robots\" content=\"index, follow, max-snippet:-1, max-image-preview:large, max-video-preview:-1\" \/>\n<link rel=\"canonical\" href=\"https:\/\/www.oio.pl\/es\/producto\/lector-de-codigo-qr-x8-860b\/\" \/>\n<meta property=\"og:locale\" content=\"es_ES\" \/>\n<meta property=\"og:type\" content=\"article\" \/>\n<meta property=\"og:title\" content=\"Czytnik kod\u00f3w QR X8-860B 1D i 2D 30-150mm - Mini PC, Komputery, Laptopy, Translatory\" \/>\n<meta property=\"og:description\" content=\"Przewodowy czytnik kod\u00f3w kreskowych i QR X8-860B zosta\u0142 stworzony z my\u015bl\u0105 o pracy zdalnej.\u00a0Charakteryzuje si\u0119 kompaktowym kszta\u0142tem\u00a0pozwalaj\u0105cym zaoszcz\u0119dzi\u0107 przestrze\u0144 robocz\u0105. Urz\u0105dzenie wyr\u00f3\u017cnia si\u0119 na tle innych za spraw\u0105\u00a0nietuzinkowego wygl\u0105du. Ca\u0142o\u015b\u0107 zachowana w czarnej kolorystyce z elementami czerwieni wpasuje si\u0119 w ka\u017cde wn\u0119trze, podnosz\u0105c walory estetyczne otoczenia. Urz\u0105dzenie zosta\u0142o wyposa\u017cone w wykonany z wysokiej jako\u015bci uk\u0142ad [&hellip;]\" \/>\n<meta property=\"og:url\" content=\"https:\/\/www.oio.pl\/es\/producto\/lector-de-codigo-qr-x8-860b\/\" \/>\n<meta property=\"og:site_name\" content=\"Mini PC, Komputery, Laptopy, Translatory\" \/>\n<meta property=\"article:publisher\" content=\"https:\/\/www.facebook.com\/oiopl\" \/>\n<meta property=\"article:modified_time\" content=\"2025-04-24T12:15:58+00:00\" \/>\n<meta property=\"og:image\" content=\"https:\/\/www.oio.pl\/wp-content\/uploads\/2024\/08\/8608_05.jpg\" \/>\n\t<meta property=\"og:image:width\" content=\"800\" \/>\n\t<meta property=\"og:image:height\" content=\"800\" \/>\n\t<meta property=\"og:image:type\" content=\"image\/jpeg\" \/>\n<meta name=\"twitter:card\" content=\"summary_large_image\" \/>\n<meta name=\"twitter:label1\" content=\"Tiempo de lectura\" \/>\n\t<meta name=\"twitter:data1\" content=\"2 minutos\" \/>\n<script type=\"application\/ld+json\" class=\"yoast-schema-graph\">{\"@context\":\"https:\\\/\\\/schema.org\",\"@graph\":[{\"@type\":\"WebPage\",\"@id\":\"https:\\\/\\\/www.oio.pl\\\/product\\\/czytnik-kodow-qr-x8-860b\\\/\",\"url\":\"https:\\\/\\\/www.oio.pl\\\/product\\\/czytnik-kodow-qr-x8-860b\\\/\",\"name\":\"Czytnik kod\u00f3w QR X8-860B 1D i 2D 30-150mm - Mini PC, Komputery, Laptopy, Translatory\",\"isPartOf\":{\"@id\":\"https:\\\/\\\/www.oio.pl\\\/#website\"},\"primaryImageOfPage\":{\"@id\":\"https:\\\/\\\/www.oio.pl\\\/product\\\/czytnik-kodow-qr-x8-860b\\\/#primaryimage\"},\"image\":{\"@id\":\"https:\\\/\\\/www.oio.pl\\\/product\\\/czytnik-kodow-qr-x8-860b\\\/#primaryimage\"},\"thumbnailUrl\":\"https:\\\/\\\/www.oio.pl\\\/wp-content\\\/uploads\\\/2024\\\/08\\\/8608_05.jpg\",\"datePublished\":\"2024-08-19T14:11:36+00:00\",\"dateModified\":\"2025-04-24T12:15:58+00:00\",\"breadcrumb\":{\"@id\":\"https:\\\/\\\/www.oio.pl\\\/product\\\/czytnik-kodow-qr-x8-860b\\\/#breadcrumb\"},\"inLanguage\":\"es\",\"potentialAction\":[{\"@type\":\"ReadAction\",\"target\":[\"https:\\\/\\\/www.oio.pl\\\/product\\\/czytnik-kodow-qr-x8-860b\\\/\"]}]},{\"@type\":\"ImageObject\",\"inLanguage\":\"es\",\"@id\":\"https:\\\/\\\/www.oio.pl\\\/product\\\/czytnik-kodow-qr-x8-860b\\\/#primaryimage\",\"url\":\"https:\\\/\\\/www.oio.pl\\\/wp-content\\\/uploads\\\/2024\\\/08\\\/8608_05.jpg\",\"contentUrl\":\"https:\\\/\\\/www.oio.pl\\\/wp-content\\\/uploads\\\/2024\\\/08\\\/8608_05.jpg\",\"width\":800,\"height\":800},{\"@type\":\"BreadcrumbList\",\"@id\":\"https:\\\/\\\/www.oio.pl\\\/product\\\/czytnik-kodow-qr-x8-860b\\\/#breadcrumb\",\"itemListElement\":[{\"@type\":\"ListItem\",\"position\":1,\"name\":\"Strona g\u0142\u00f3wna\",\"item\":\"https:\\\/\\\/www.oio.pl\\\/\"},{\"@type\":\"ListItem\",\"position\":2,\"name\":\"Produkty\",\"item\":\"https:\\\/\\\/www.oio.pl\\\/\"},{\"@type\":\"ListItem\",\"position\":3,\"name\":\"Czytnik kod\u00f3w QR X8-860B 1D i 2D 30-150mm\"}]},{\"@type\":\"WebSite\",\"@id\":\"https:\\\/\\\/www.oio.pl\\\/#website\",\"url\":\"https:\\\/\\\/www.oio.pl\\\/\",\"name\":\"OIO.pl \u2013 Tablety przemys\u0142owe, sprz\u0119t IT dla przemys\u0142u i logistyki\",\"description\":\"tablety przemys\u0142owe, rugged tablet, komputer przemys\u0142owy, tablet wytrzyma\u0142y, sprz\u0119t dla przemys\u0142u, tablet z Windows, tablet IP67, laptop dla magazynu, elektronika przemys\u0142owa, komputery przemys\u0142owe, oio.pl, sprz\u0119t dla logistyki, tablet do pracy w terenie, monitor dotykowy przemys\u0142owy\",\"publisher\":{\"@id\":\"https:\\\/\\\/www.oio.pl\\\/#organization\"},\"alternateName\":\"Sklep internetowy dla przemys\u0142u\",\"potentialAction\":[{\"@type\":\"SearchAction\",\"target\":{\"@type\":\"EntryPoint\",\"urlTemplate\":\"https:\\\/\\\/www.oio.pl\\\/?s={search_term_string}\"},\"query-input\":{\"@type\":\"PropertyValueSpecification\",\"valueRequired\":true,\"valueName\":\"search_term_string\"}}],\"inLanguage\":\"es\"},{\"@type\":\"Organization\",\"@id\":\"https:\\\/\\\/www.oio.pl\\\/#organization\",\"name\":\"OIO\",\"alternateName\":\"Sprz\u0119t komputerowy\",\"url\":\"https:\\\/\\\/www.oio.pl\\\/\",\"logo\":{\"@type\":\"ImageObject\",\"inLanguage\":\"es\",\"@id\":\"https:\\\/\\\/www.oio.pl\\\/#\\\/schema\\\/logo\\\/image\\\/\",\"url\":\"https:\\\/\\\/www.oio.pl\\\/wp-content\\\/uploads\\\/2023\\\/11\\\/cropped-cropped-oio_120x120.jpg\",\"contentUrl\":\"https:\\\/\\\/www.oio.pl\\\/wp-content\\\/uploads\\\/2023\\\/11\\\/cropped-cropped-oio_120x120.jpg\",\"width\":120,\"height\":48,\"caption\":\"OIO\"},\"image\":{\"@id\":\"https:\\\/\\\/www.oio.pl\\\/#\\\/schema\\\/logo\\\/image\\\/\"},\"sameAs\":[\"https:\\\/\\\/www.facebook.com\\\/oiopl\"]}]}<\/script>\n<!-- \/ Yoast SEO plugin. -->","yoast_head_json":{"title":"Lector de c\u00f3digos QR X8-860B 1D y 2D 30-150 mm - Mini PC, ordenadores, port\u00e1tiles, traductores","robots":{"index":"index","follow":"follow","max-snippet":"max-snippet:-1","max-image-preview":"max-image-preview:large","max-video-preview":"max-video-preview:-1"},"canonical":"https:\/\/www.oio.pl\/es\/producto\/lector-de-codigo-qr-x8-860b\/","og_locale":"es_ES","og_type":"article","og_title":"Czytnik kod\u00f3w QR X8-860B 1D i 2D 30-150mm - Mini PC, Komputery, Laptopy, Translatory","og_description":"Przewodowy czytnik kod\u00f3w kreskowych i QR X8-860B zosta\u0142 stworzony z my\u015bl\u0105 o pracy zdalnej.\u00a0Charakteryzuje si\u0119 kompaktowym kszta\u0142tem\u00a0pozwalaj\u0105cym zaoszcz\u0119dzi\u0107 przestrze\u0144 robocz\u0105. Urz\u0105dzenie wyr\u00f3\u017cnia si\u0119 na tle innych za spraw\u0105\u00a0nietuzinkowego wygl\u0105du. Ca\u0142o\u015b\u0107 zachowana w czarnej kolorystyce z elementami czerwieni wpasuje si\u0119 w ka\u017cde wn\u0119trze, podnosz\u0105c walory estetyczne otoczenia. Urz\u0105dzenie zosta\u0142o wyposa\u017cone w wykonany z wysokiej jako\u015bci uk\u0142ad [&hellip;]","og_url":"https:\/\/www.oio.pl\/es\/producto\/lector-de-codigo-qr-x8-860b\/","og_site_name":"Mini PC, Komputery, Laptopy, Translatory","article_publisher":"https:\/\/www.facebook.com\/oiopl","article_modified_time":"2025-04-24T12:15:58+00:00","og_image":[{"width":800,"height":800,"url":"https:\/\/www.oio.pl\/wp-content\/uploads\/2024\/08\/8608_05.jpg","type":"image\/jpeg"}],"twitter_card":"summary_large_image","twitter_misc":{"Tiempo de lectura":"2 minutos"},"schema":{"@context":"https:\/\/schema.org","@graph":[{"@type":"WebPage","@id":"https:\/\/www.oio.pl\/product\/czytnik-kodow-qr-x8-860b\/","url":"https:\/\/www.oio.pl\/product\/czytnik-kodow-qr-x8-860b\/","name":"Lector de c\u00f3digos QR X8-860B 1D y 2D 30-150 mm - Mini PC, ordenadores, port\u00e1tiles, traductores","isPartOf":{"@id":"https:\/\/www.oio.pl\/#website"},"primaryImageOfPage":{"@id":"https:\/\/www.oio.pl\/product\/czytnik-kodow-qr-x8-860b\/#primaryimage"},"image":{"@id":"https:\/\/www.oio.pl\/product\/czytnik-kodow-qr-x8-860b\/#primaryimage"},"thumbnailUrl":"https:\/\/www.oio.pl\/wp-content\/uploads\/2024\/08\/8608_05.jpg","datePublished":"2024-08-19T14:11:36+00:00","dateModified":"2025-04-24T12:15:58+00:00","breadcrumb":{"@id":"https:\/\/www.oio.pl\/product\/czytnik-kodow-qr-x8-860b\/#breadcrumb"},"inLanguage":"es","potentialAction":[{"@type":"ReadAction","target":["https:\/\/www.oio.pl\/product\/czytnik-kodow-qr-x8-860b\/"]}]},{"@type":"ImageObject","inLanguage":"es","@id":"https:\/\/www.oio.pl\/product\/czytnik-kodow-qr-x8-860b\/#primaryimage","url":"https:\/\/www.oio.pl\/wp-content\/uploads\/2024\/08\/8608_05.jpg","contentUrl":"https:\/\/www.oio.pl\/wp-content\/uploads\/2024\/08\/8608_05.jpg","width":800,"height":800},{"@type":"BreadcrumbList","@id":"https:\/\/www.oio.pl\/product\/czytnik-kodow-qr-x8-860b\/#breadcrumb","itemListElement":[{"@type":"ListItem","position":1,"name":"Strona g\u0142\u00f3wna","item":"https:\/\/www.oio.pl\/"},{"@type":"ListItem","position":2,"name":"Produkty","item":"https:\/\/www.oio.pl\/"},{"@type":"ListItem","position":3,"name":"Czytnik kod\u00f3w QR X8-860B 1D i 2D 30-150mm"}]},{"@type":"WebSite","@id":"https:\/\/www.oio.pl\/#website","url":"https:\/\/www.oio.pl\/","name":"OIO.pl \u2013 Tabletas industriales, equipos inform\u00e1ticos para la industria y la log\u00edstica","description":"Tabletas industriales, tableta robusta, ordenador industrial, tableta duradera, equipos para la industria, tableta Windows, tableta IP67, port\u00e1til para almac\u00e9n, electr\u00f3nica industrial, ordenadores industriales, oio.pl, equipos log\u00edsticos, tableta para trabajo de campo, monitor t\u00e1ctil industrial","publisher":{"@id":"https:\/\/www.oio.pl\/#organization"},"alternateName":"Sklep internetowy dla przemys\u0142u","potentialAction":[{"@type":"SearchAction","target":{"@type":"EntryPoint","urlTemplate":"https:\/\/www.oio.pl\/?s={search_term_string}"},"query-input":{"@type":"PropertyValueSpecification","valueRequired":true,"valueName":"search_term_string"}}],"inLanguage":"es"},{"@type":"Organization","@id":"https:\/\/www.oio.pl\/#organization","name":"OIO","alternateName":"Sprz\u0119t komputerowy","url":"https:\/\/www.oio.pl\/","logo":{"@type":"ImageObject","inLanguage":"es","@id":"https:\/\/www.oio.pl\/#\/schema\/logo\/image\/","url":"https:\/\/www.oio.pl\/wp-content\/uploads\/2023\/11\/cropped-cropped-oio_120x120.jpg","contentUrl":"https:\/\/www.oio.pl\/wp-content\/uploads\/2023\/11\/cropped-cropped-oio_120x120.jpg","width":120,"height":48,"caption":"OIO"},"image":{"@id":"https:\/\/www.oio.pl\/#\/schema\/logo\/image\/"},"sameAs":["https:\/\/www.facebook.com\/oiopl"]}]}},"_links":{"self":[{"href":"https:\/\/www.oio.pl\/es\/wp-json\/wp\/v2\/product\/7008","targetHints":{"allow":["GET"]}}],"collection":[{"href":"https:\/\/www.oio.pl\/es\/wp-json\/wp\/v2\/product"}],"about":[{"href":"https:\/\/www.oio.pl\/es\/wp-json\/wp\/v2\/types\/product"}],"replies":[{"embeddable":true,"href":"https:\/\/www.oio.pl\/es\/wp-json\/wp\/v2\/comments?post=7008"}],"wp:featuredmedia":[{"embeddable":true,"href":"https:\/\/www.oio.pl\/es\/wp-json\/wp\/v2\/media\/7013"}],"wp:attachment":[{"href":"https:\/\/www.oio.pl\/es\/wp-json\/wp\/v2\/media?parent=7008"}],"wp:term":[{"taxonomy":"product_brand","embeddable":true,"href":"https:\/\/www.oio.pl\/es\/wp-json\/wp\/v2\/product_brand?post=7008"},{"taxonomy":"product_cat","embeddable":true,"href":"https:\/\/www.oio.pl\/es\/wp-json\/wp\/v2\/product_cat?post=7008"},{"taxonomy":"product_tag","embeddable":true,"href":"https:\/\/www.oio.pl\/es\/wp-json\/wp\/v2\/product_tag?post=7008"}],"curies":[{"name":"wp","href":"https:\/\/api.w.org\/{rel}","templated":true}]}}